{"id":3407,"date":"2022-12-06T18:38:20","date_gmt":"2022-12-06T18:38:20","guid":{"rendered":"https:\/\/dtr.ma\/conditions-dutilisation\/"},"modified":"2025-01-22T14:03:25","modified_gmt":"2025-01-22T14:03:25","slug":"conditions-dutilisation","status":"publish","type":"page","link":"https:\/\/dtr.ma\/fr\/conditions-dutilisation\/","title":{"rendered":"Conditions d&#8217;utilisation"},"content":{"rendered":"\t\t<div data-elementor-type=\"wp-page\" data-elementor-id=\"3407\" class=\"elementor elementor-3407 elementor-9\" data-elementor-post-type=\"page\">\n\t\t\t\t\t\t<section class=\"elementor-section elementor-top-section elementor-element elementor-element-e2f53c1 elementor-section-boxed elementor-section-height-default elementor-section-height-default\" data-id=\"e2f53c1\" data-element_type=\"section\">\n\t\t\t\t\t\t<div class=\"elementor-container elementor-column-gap-default\">\n\t\t\t\t\t<div class=\"elementor-column elementor-col-100 elementor-top-column elementor-element elementor-element-39768cd\" data-id=\"39768cd\" data-element_type=\"column\">\n\t\t\t<div class=\"elementor-widget-wrap elementor-element-populated\">\n\t\t\t\t\t\t<div class=\"elementor-element elementor-element-4b38dfa elementor-widget elementor-widget-heading\" data-id=\"4b38dfa\" data-element_type=\"widget\" data-widget_type=\"heading.default\">\n\t\t\t\t<div class=\"elementor-widget-container\">\n\t\t\t\t\t<h1 class=\"elementor-heading-title elementor-size-default\">Conditions g\u00e9n\u00e9rales d'utilisation  <\/h1>\t\t\t\t<\/div>\n\t\t\t\t<\/div>\n\t\t\t\t\t<\/div>\n\t\t<\/div>\n\t\t\t\t\t<\/div>\n\t\t<\/section>\n\t\t\t\t<section class=\"elementor-section elementor-top-section elementor-element elementor-element-431153b elementor-section-boxed elementor-section-height-default elementor-section-height-default\" data-id=\"431153b\" data-element_type=\"section\">\n\t\t\t\t\t\t<div class=\"elementor-container elementor-column-gap-default\">\n\t\t\t\t\t<div class=\"elementor-column elementor-col-100 elementor-top-column elementor-element elementor-element-bc2f7d6\" data-id=\"bc2f7d6\" data-element_type=\"column\">\n\t\t\t<div class=\"elementor-widget-wrap elementor-element-populated\">\n\t\t\t\t\t\t<div class=\"elementor-element elementor-element-25fc97f elementor-widget elementor-widget-heading\" data-id=\"25fc97f\" data-element_type=\"widget\" data-widget_type=\"heading.default\">\n\t\t\t\t<div class=\"elementor-widget-container\">\n\t\t\t\t\t<h2 class=\"elementor-heading-title elementor-size-default\">Conditions<\/h2>\t\t\t\t<\/div>\n\t\t\t\t<\/div>\n\t\t\t\t<div class=\"elementor-element elementor-element-4417f4f elementor-widget elementor-widget-text-editor\" data-id=\"4417f4f\" data-element_type=\"widget\" data-widget_type=\"text-editor.default\">\n\t\t\t\t<div class=\"elementor-widget-container\">\n\t\t\t\t\t\t\t\t\t<p>En acc\u00e9dant \u00e0 ce site web, vous acceptez d&#8217;\u00eatre li\u00e9 par les conditions d&#8217;utilisation de ce site web, par toutes les lois et r\u00e9glementations applicables, et vous acceptez d&#8217;\u00eatre responsable du respect de toutes les lois locales applicables. Si vous n&#8217;acceptez pas l&#8217;une de ces conditions, il vous est interdit d&#8217;utiliser ce site ou d&#8217;y acc\u00e9der. Le mat\u00e9riel contenu dans ce site web est prot\u00e9g\u00e9 par la l\u00e9gislation applicable en mati\u00e8re de droits d&#8217;auteur et de marques commerciales.  <\/p>\n\t\t\t\t\t\t\t\t<\/div>\n\t\t\t\t<\/div>\n\t\t\t\t<div class=\"elementor-element elementor-element-bcc1338 elementor-widget elementor-widget-heading\" data-id=\"bcc1338\" data-element_type=\"widget\" data-widget_type=\"heading.default\">\n\t\t\t\t<div class=\"elementor-widget-container\">\n\t\t\t\t\t<h2 class=\"elementor-heading-title elementor-size-default\">  Licence d'utilisation<\/h2>\t\t\t\t<\/div>\n\t\t\t\t<\/div>\n\t\t\t\t<div class=\"elementor-element elementor-element-5b49a5f elementor-widget elementor-widget-text-editor\" data-id=\"5b49a5f\" data-element_type=\"widget\" data-widget_type=\"text-editor.default\">\n\t\t\t\t<div class=\"elementor-widget-container\">\n\t\t\t\t\t\t\t\t\t<ol type=\"a\">\n<li>L&#8217;autorisation est accord\u00e9e pour t\u00e9l\u00e9charger temporairement une copie du mat\u00e9riel (information ou logiciel) sur le site web de l&#8217;Agence DTR pour une visualisation transitoire personnelle et non commerciale uniquement. Il s&#8217;agit d&#8217;une licence et non d&#8217;un transfert de titre, et dans le cadre de cette licence, vous ne pouvez pas : \n<ul type=\"i\">\n<li>Modifier ou copier le mat\u00e9riel ;<\/li>\n<li>Utiliser le mat\u00e9riel \u00e0 des fins commerciales ou pour une pr\u00e9sentation publique (commerciale ou non) ;<\/li>\n<li>Tenter de d\u00e9compiler ou d&#8217;inverser l&#8217;ing\u00e9nierie de tout logiciel contenu sur le site web de l&#8217;Agence DTR ;<\/li>\n<li>supprimer toute mention de droit d&#8217;auteur ou autre mention de propri\u00e9t\u00e9 du mat\u00e9riel ; ou<\/li>\n<li>Transf\u00e9rer le mat\u00e9riel \u00e0 une autre personne ou le mettre en miroir sur un autre serveur.<\/li>\n<\/ul>\n<\/li>\n<li>Cette licence sera automatiquement r\u00e9sili\u00e9e si vous violez l&#8217;une de ces restrictions et peut \u00eatre r\u00e9sili\u00e9e par l&#8217;Agence DTR \u00e0 tout moment. D\u00e8s que vous cessez de consulter ces mat\u00e9riaux ou d\u00e8s que cette licence prend fin, vous devez d\u00e9truire tous les mat\u00e9riaux t\u00e9l\u00e9charg\u00e9s en votre possession, qu&#8217;ils soient sous forme \u00e9lectronique ou imprim\u00e9e. <\/li>\n<\/ol>\n\t\t\t\t\t\t\t\t<\/div>\n\t\t\t\t<\/div>\n\t\t\t\t<div class=\"elementor-element elementor-element-ec8dc09 elementor-widget elementor-widget-heading\" data-id=\"ec8dc09\" data-element_type=\"widget\" data-widget_type=\"heading.default\">\n\t\t\t\t<div class=\"elementor-widget-container\">\n\t\t\t\t\t<h2 class=\"elementor-heading-title elementor-size-default\">Clause de non-responsabilit\u00e9<\/h2>\t\t\t\t<\/div>\n\t\t\t\t<\/div>\n\t\t\t\t<div class=\"elementor-element elementor-element-ff1f4ec elementor-widget elementor-widget-text-editor\" data-id=\"ff1f4ec\" data-element_type=\"widget\" data-widget_type=\"text-editor.default\">\n\t\t\t\t<div class=\"elementor-widget-container\">\n\t\t\t\t\t\t\t\t\t<p>Les documents pr\u00e9sents sur le site web de l&#8217;Agence DTR sont fournis &#8220;en l&#8217;\u00e9tat&#8221;. L&#8217;Agence DTR ne donne aucune garantie, explicite ou implicite, et rejette par la pr\u00e9sente toutes les autres garanties, y compris, sans limitation, les garanties implicites ou les conditions de qualit\u00e9 marchande, d&#8217;ad\u00e9quation \u00e0 un usage particulier, ou de non-violation de la propri\u00e9t\u00e9 intellectuelle ou d&#8217;autres violations des droits. En outre, l&#8217;Agence DTR ne garantit pas et ne fait aucune d\u00e9claration concernant l&#8217;exactitude, les r\u00e9sultats probables ou la fiabilit\u00e9 de l&#8217;utilisation des documents sur son site Internet ou concernant ces documents ou tout autre site li\u00e9 \u00e0 ce site.  <\/p>\n\t\t\t\t\t\t\t\t<\/div>\n\t\t\t\t<\/div>\n\t\t\t\t<div class=\"elementor-element elementor-element-bc7787c elementor-widget elementor-widget-heading\" data-id=\"bc7787c\" data-element_type=\"widget\" data-widget_type=\"heading.default\">\n\t\t\t\t<div class=\"elementor-widget-container\">\n\t\t\t\t\t<h2 class=\"elementor-heading-title elementor-size-default\">Limites<\/h2>\t\t\t\t<\/div>\n\t\t\t\t<\/div>\n\t\t\t\t<div class=\"elementor-element elementor-element-87d253c elementor-widget elementor-widget-text-editor\" data-id=\"87d253c\" data-element_type=\"widget\" data-widget_type=\"text-editor.default\">\n\t\t\t\t<div class=\"elementor-widget-container\">\n\t\t\t\t\t\t\t\t\t<p>En aucun cas l&#8217;Agence DTR ou ses fournisseurs ne pourront \u00eatre tenus responsables de tout dommage (y compris, sans limitation, les dommages pour perte de donn\u00e9es ou de profit, ou pour interruption d&#8217;activit\u00e9) r\u00e9sultant de l&#8217;utilisation ou de l&#8217;impossibilit\u00e9 d&#8217;utiliser le mat\u00e9riel sur le site Internet de l&#8217;Agence DTR, m\u00eame si l&#8217;Agence DTR ou un repr\u00e9sentant autoris\u00e9 de l&#8217;Agence DTR a \u00e9t\u00e9 inform\u00e9 oralement ou par \u00e9crit de la possibilit\u00e9 de tels dommages. Parce que certaines juridictions n&#8217;autorisent pas les limitations sur les garanties implicites, ou les limitations de responsabilit\u00e9 pour les dommages cons\u00e9cutifs ou accidentels, ces limitations peuvent ne pas s&#8217;appliquer \u00e0 vous. <\/p>\n\t\t\t\t\t\t\t\t<\/div>\n\t\t\t\t<\/div>\n\t\t\t\t<div class=\"elementor-element elementor-element-52d1859 elementor-widget elementor-widget-heading\" data-id=\"52d1859\" data-element_type=\"widget\" data-widget_type=\"heading.default\">\n\t\t\t\t<div class=\"elementor-widget-container\">\n\t\t\t\t\t<h2 class=\"elementor-heading-title elementor-size-default\">  R\u00e9visions et errata<\/h2>\t\t\t\t<\/div>\n\t\t\t\t<\/div>\n\t\t\t\t<div class=\"elementor-element elementor-element-47c1f36 elementor-widget elementor-widget-text-editor\" data-id=\"47c1f36\" data-element_type=\"widget\" data-widget_type=\"text-editor.default\">\n\t\t\t\t<div class=\"elementor-widget-container\">\n\t\t\t\t\t\t\t\t\t<p>Les documents figurant sur le site web de l&#8217;agence de marketing DTR peuvent contenir des erreurs techniques, typographiques ou photographiques. L&#8217;agence DTR&nbsp;ne garantit pas que les \u00e9l\u00e9ments de son site web sont exacts, complets ou \u00e0 jour. L&#8217;agence DTR&nbsp;peut apporter des modifications aux documents contenus sur son site web \u00e0 tout moment et sans pr\u00e9avis. L&#8217;agence DTR&nbsp;ne s&#8217;engage toutefois pas \u00e0 mettre \u00e0 jour les documents.   <\/p>\n\t\t\t\t\t\t\t\t<\/div>\n\t\t\t\t<\/div>\n\t\t\t\t<div class=\"elementor-element elementor-element-ae446ed elementor-widget elementor-widget-heading\" data-id=\"ae446ed\" data-element_type=\"widget\" data-widget_type=\"heading.default\">\n\t\t\t\t<div class=\"elementor-widget-container\">\n\t\t\t\t\t<h2 class=\"elementor-heading-title elementor-size-default\">Liens<\/h2>\t\t\t\t<\/div>\n\t\t\t\t<\/div>\n\t\t\t\t<div class=\"elementor-element elementor-element-0d55ec1 elementor-widget elementor-widget-text-editor\" data-id=\"0d55ec1\" data-element_type=\"widget\" data-widget_type=\"text-editor.default\">\n\t\t\t\t<div class=\"elementor-widget-container\">\n\t\t\t\t\t\t\t\t\t<p>DTR Marketing Agency n&#8217;a pas examin\u00e9 tous les sites li\u00e9s \u00e0 son site Internet et n&#8217;est pas responsable du contenu de ces sites. L&#8217;inclusion d&#8217;un lien n&#8217;implique pas l&#8217;approbation du site par l&#8217;Agence DTR. L&#8217;utilisation d&#8217;un tel site web est aux risques et p\u00e9rils de l&#8217;utilisateur.  <\/p>\n\t\t\t\t\t\t\t\t<\/div>\n\t\t\t\t<\/div>\n\t\t\t\t<div class=\"elementor-element elementor-element-0f028b7 elementor-widget elementor-widget-heading\" data-id=\"0f028b7\" data-element_type=\"widget\" data-widget_type=\"heading.default\">\n\t\t\t\t<div class=\"elementor-widget-container\">\n\t\t\t\t\t<h2 class=\"elementor-heading-title elementor-size-default\">Modifications des conditions d'utilisation du site<\/h2>\t\t\t\t<\/div>\n\t\t\t\t<\/div>\n\t\t\t\t<div class=\"elementor-element elementor-element-7ddfae6 elementor-widget elementor-widget-text-editor\" data-id=\"7ddfae6\" data-element_type=\"widget\" data-widget_type=\"text-editor.default\">\n\t\t\t\t<div class=\"elementor-widget-container\">\n\t\t\t\t\t\t\t\t\t<p>DTR Marketing Agency n&#8217;a pas examin\u00e9 tous les sites li\u00e9s \u00e0 son site Internet et n&#8217;est pas responsable du contenu de ces sites. L&#8217;inclusion d&#8217;un lien n&#8217;implique pas l&#8217;approbation du site par l&#8217;Agence DTR. L&#8217;utilisation d&#8217;un tel site web est aux risques et p\u00e9rils de l&#8217;utilisateur.  <\/p>\n\t\t\t\t\t\t\t\t<\/div>\n\t\t\t\t<\/div>\n\t\t\t\t<div class=\"elementor-element elementor-element-6e01fdf elementor-widget elementor-widget-heading\" data-id=\"6e01fdf\" data-element_type=\"widget\" data-widget_type=\"heading.default\">\n\t\t\t\t<div class=\"elementor-widget-container\">\n\t\t\t\t\t<h2 class=\"elementor-heading-title elementor-size-default\">Droit applicable<\/h2>\t\t\t\t<\/div>\n\t\t\t\t<\/div>\n\t\t\t\t<div class=\"elementor-element elementor-element-a577801 elementor-widget elementor-widget-text-editor\" data-id=\"a577801\" data-element_type=\"widget\" data-widget_type=\"text-editor.default\">\n\t\t\t\t<div class=\"elementor-widget-container\">\n\t\t\t\t\t\t\t\t\t<p>Toute r\u00e9clamation relative au site web de l&#8217;Agence DTR sera r\u00e9gie par les lois du Maroc, sans tenir compte des dispositions relatives aux conflits de lois.<\/p>\n\t\t\t\t\t\t\t\t<\/div>\n\t\t\t\t<\/div>\n\t\t\t\t\t<\/div>\n\t\t<\/div>\n\t\t\t\t\t<\/div>\n\t\t<\/section>\n\t\t\t\t<\/div>\n\t\t","protected":false},"excerpt":{"rendered":"<p>Conditions g\u00e9n\u00e9rales d&#8217;utilisation Conditions En acc\u00e9dant \u00e0 ce site web, vous acceptez d&#8217;\u00eatre li\u00e9 par les conditions d&#8217;utilisation de ce site web, par toutes les&hellip;<\/p>\n","protected":false},"author":1,"featured_media":0,"parent":0,"menu_order":0,"comment_status":"closed","ping_status":"closed","template":"","meta":{"_mo_disable_npp":"","om_disable_all_campaigns":false,"inline_featured_image":false,"_monsterinsights_skip_tracking":false,"_monsterinsights_sitenote_active":false,"_monsterinsights_sitenote_note":"","_monsterinsights_sitenote_category":0,"_uf_show_specific_survey":0,"_uf_disable_surveys":false,"footnotes":""},"class_list":["post-3407","page","type-page","status-publish","hentry"],"yoast_head":"<!-- This site is optimized with the Yoast SEO Premium plugin v20.13 (Yoast SEO v25.9) - https:\/\/yoast.com\/wordpress\/plugins\/seo\/ -->\n<title>Conditions d&#039;utilisation - DTR<\/title>\n<meta name=\"robots\" content=\"index, follow, max-snippet:-1, max-image-preview:large, max-video-preview:-1\" \/>\n<link rel=\"canonical\" href=\"https:\/\/dtr.ma\/fr\/conditions-dutilisation\/\" \/>\n<meta property=\"og:locale\" content=\"fr_FR\" \/>\n<meta property=\"og:type\" content=\"article\" \/>\n<meta property=\"og:title\" content=\"Conditions d&#039;utilisation\" \/>\n<meta property=\"og:description\" content=\"Conditions g\u00e9n\u00e9rales d&#8217;utilisation Conditions En acc\u00e9dant \u00e0 ce site web, vous acceptez d&#8217;\u00eatre li\u00e9 par les conditions d&#8217;utilisation de ce site web, par toutes les&hellip;\" \/>\n<meta property=\"og:url\" content=\"https:\/\/dtr.ma\/fr\/conditions-dutilisation\/\" \/>\n<meta property=\"og:site_name\" content=\"DTR\" \/>\n<meta property=\"article:modified_time\" content=\"2025-01-22T14:03:25+00:00\" \/>\n<meta name=\"twitter:card\" content=\"summary_large_image\" \/>\n<meta name=\"twitter:label1\" content=\"Dur\u00e9e de lecture estim\u00e9e\" \/>\n\t<meta name=\"twitter:data1\" content=\"4 minutes\" \/>\n<script type=\"application\/ld+json\" class=\"yoast-schema-graph\">{\"@context\":\"https:\/\/schema.org\",\"@graph\":[{\"@type\":\"WebPage\",\"@id\":\"https:\/\/dtr.ma\/fr\/conditions-dutilisation\/\",\"url\":\"https:\/\/dtr.ma\/fr\/conditions-dutilisation\/\",\"name\":\"Conditions d'utilisation - DTR\",\"isPartOf\":{\"@id\":\"https:\/\/dtr.ma\/fr\/#website\"},\"datePublished\":\"2022-12-06T18:38:20+00:00\",\"dateModified\":\"2025-01-22T14:03:25+00:00\",\"breadcrumb\":{\"@id\":\"https:\/\/dtr.ma\/fr\/conditions-dutilisation\/#breadcrumb\"},\"inLanguage\":\"fr-FR\",\"potentialAction\":[{\"@type\":\"ReadAction\",\"target\":[\"https:\/\/dtr.ma\/fr\/conditions-dutilisation\/\"]}]},{\"@type\":\"BreadcrumbList\",\"@id\":\"https:\/\/dtr.ma\/fr\/conditions-dutilisation\/#breadcrumb\",\"itemListElement\":[{\"@type\":\"ListItem\",\"position\":1,\"name\":\"Home\",\"item\":\"https:\/\/dtr.ma\/fr\/\"},{\"@type\":\"ListItem\",\"position\":2,\"name\":\"Conditions d&#8217;utilisation\"}]},{\"@type\":\"WebSite\",\"@id\":\"https:\/\/dtr.ma\/fr\/#website\",\"url\":\"https:\/\/dtr.ma\/fr\/\",\"name\":\"DTR\",\"description\":\"Smart Business Solutions\",\"publisher\":{\"@id\":\"https:\/\/dtr.ma\/fr\/#organization\"},\"potentialAction\":[{\"@type\":\"SearchAction\",\"target\":{\"@type\":\"EntryPoint\",\"urlTemplate\":\"https:\/\/dtr.ma\/fr\/?s={search_term_string}\"},\"query-input\":{\"@type\":\"PropertyValueSpecification\",\"valueRequired\":true,\"valueName\":\"search_term_string\"}}],\"inLanguage\":\"fr-FR\"},{\"@type\":\"Organization\",\"@id\":\"https:\/\/dtr.ma\/fr\/#organization\",\"name\":\"DTR\",\"url\":\"https:\/\/dtr.ma\/fr\/\",\"logo\":{\"@type\":\"ImageObject\",\"inLanguage\":\"fr-FR\",\"@id\":\"https:\/\/dtr.ma\/fr\/#\/schema\/logo\/image\/\",\"url\":\"https:\/\/dtr.ma\/wp-content\/uploads\/2024\/11\/DTR-LOGO.svg\",\"contentUrl\":\"https:\/\/dtr.ma\/wp-content\/uploads\/2024\/11\/DTR-LOGO.svg\",\"width\":1528,\"height\":697,\"caption\":\"DTR\"},\"image\":{\"@id\":\"https:\/\/dtr.ma\/fr\/#\/schema\/logo\/image\/\"}}]}<\/script>\n<!-- \/ Yoast SEO Premium plugin. -->","yoast_head_json":{"title":"Conditions d'utilisation - DTR","robots":{"index":"index","follow":"follow","max-snippet":"max-snippet:-1","max-image-preview":"max-image-preview:large","max-video-preview":"max-video-preview:-1"},"canonical":"https:\/\/dtr.ma\/fr\/conditions-dutilisation\/","og_locale":"fr_FR","og_type":"article","og_title":"Conditions d'utilisation","og_description":"Conditions g\u00e9n\u00e9rales d&#8217;utilisation Conditions En acc\u00e9dant \u00e0 ce site web, vous acceptez d&#8217;\u00eatre li\u00e9 par les conditions d&#8217;utilisation de ce site web, par toutes les&hellip;","og_url":"https:\/\/dtr.ma\/fr\/conditions-dutilisation\/","og_site_name":"DTR","article_modified_time":"2025-01-22T14:03:25+00:00","twitter_card":"summary_large_image","twitter_misc":{"Dur\u00e9e de lecture estim\u00e9e":"4 minutes"},"schema":{"@context":"https:\/\/schema.org","@graph":[{"@type":"WebPage","@id":"https:\/\/dtr.ma\/fr\/conditions-dutilisation\/","url":"https:\/\/dtr.ma\/fr\/conditions-dutilisation\/","name":"Conditions d'utilisation - DTR","isPartOf":{"@id":"https:\/\/dtr.ma\/fr\/#website"},"datePublished":"2022-12-06T18:38:20+00:00","dateModified":"2025-01-22T14:03:25+00:00","breadcrumb":{"@id":"https:\/\/dtr.ma\/fr\/conditions-dutilisation\/#breadcrumb"},"inLanguage":"fr-FR","potentialAction":[{"@type":"ReadAction","target":["https:\/\/dtr.ma\/fr\/conditions-dutilisation\/"]}]},{"@type":"BreadcrumbList","@id":"https:\/\/dtr.ma\/fr\/conditions-dutilisation\/#breadcrumb","itemListElement":[{"@type":"ListItem","position":1,"name":"Home","item":"https:\/\/dtr.ma\/fr\/"},{"@type":"ListItem","position":2,"name":"Conditions d&#8217;utilisation"}]},{"@type":"WebSite","@id":"https:\/\/dtr.ma\/fr\/#website","url":"https:\/\/dtr.ma\/fr\/","name":"DTR","description":"Smart Business Solutions","publisher":{"@id":"https:\/\/dtr.ma\/fr\/#organization"},"potentialAction":[{"@type":"SearchAction","target":{"@type":"EntryPoint","urlTemplate":"https:\/\/dtr.ma\/fr\/?s={search_term_string}"},"query-input":{"@type":"PropertyValueSpecification","valueRequired":true,"valueName":"search_term_string"}}],"inLanguage":"fr-FR"},{"@type":"Organization","@id":"https:\/\/dtr.ma\/fr\/#organization","name":"DTR","url":"https:\/\/dtr.ma\/fr\/","logo":{"@type":"ImageObject","inLanguage":"fr-FR","@id":"https:\/\/dtr.ma\/fr\/#\/schema\/logo\/image\/","url":"https:\/\/dtr.ma\/wp-content\/uploads\/2024\/11\/DTR-LOGO.svg","contentUrl":"https:\/\/dtr.ma\/wp-content\/uploads\/2024\/11\/DTR-LOGO.svg","width":1528,"height":697,"caption":"DTR"},"image":{"@id":"https:\/\/dtr.ma\/fr\/#\/schema\/logo\/image\/"}}]}},"jetpack_sharing_enabled":true,"_links":{"self":[{"href":"https:\/\/dtr.ma\/fr\/wp-json\/wp\/v2\/pages\/3407","targetHints":{"allow":["GET"]}}],"collection":[{"href":"https:\/\/dtr.ma\/fr\/wp-json\/wp\/v2\/pages"}],"about":[{"href":"https:\/\/dtr.ma\/fr\/wp-json\/wp\/v2\/types\/page"}],"author":[{"embeddable":true,"href":"https:\/\/dtr.ma\/fr\/wp-json\/wp\/v2\/users\/1"}],"replies":[{"embeddable":true,"href":"https:\/\/dtr.ma\/fr\/wp-json\/wp\/v2\/comments?post=3407"}],"version-history":[{"count":0,"href":"https:\/\/dtr.ma\/fr\/wp-json\/wp\/v2\/pages\/3407\/revisions"}],"wp:attachment":[{"href":"https:\/\/dtr.ma\/fr\/wp-json\/wp\/v2\/media?parent=3407"}],"curies":[{"name":"wp","href":"https:\/\/api.w.org\/{rel}","templated":true}]}}