{"id":3424,"date":"2022-12-07T17:08:09","date_gmt":"2022-12-07T17:08:09","guid":{"rendered":"https:\/\/dtr.ma\/a-propos-de-dtr\/"},"modified":"2025-01-22T14:03:39","modified_gmt":"2025-01-22T14:03:39","slug":"a-propos-de-dtr","status":"publish","type":"page","link":"https:\/\/dtr.ma\/fr\/a-propos-de-dtr\/","title":{"rendered":"\u00c0 propos de DTR"},"content":{"rendered":"\t\t<div data-elementor-type=\"wp-page\" data-elementor-id=\"3424\" class=\"elementor elementor-3424 elementor-181\" data-elementor-post-type=\"page\">\n\t\t\t\t\t\t<section class=\"elementor-section elementor-top-section elementor-element elementor-element-ac88341 elementor-section-full_width elementor-section-height-default elementor-section-height-default\" data-id=\"ac88341\" data-element_type=\"section\">\n\t\t\t\t\t\t<div class=\"elementor-container elementor-column-gap-default\">\n\t\t\t\t\t<div class=\"elementor-column elementor-col-100 elementor-top-column elementor-element elementor-element-70ef5e8\" data-id=\"70ef5e8\" data-element_type=\"column\">\n\t\t\t<div class=\"elementor-widget-wrap elementor-element-populated\">\n\t\t\t\t\t\t<div class=\"elementor-element elementor-element-5d3e36b elementor-widget elementor-widget-heading\" data-id=\"5d3e36b\" data-element_type=\"widget\" data-widget_type=\"heading.default\">\n\t\t\t\t<div class=\"elementor-widget-container\">\n\t\t\t\t\t<h1 class=\"elementor-heading-title elementor-size-default\">\u00c0 propos de DTR<\/h1>\t\t\t\t<\/div>\n\t\t\t\t<\/div>\n\t\t\t\t\t<\/div>\n\t\t<\/div>\n\t\t\t\t\t<\/div>\n\t\t<\/section>\n\t\t\t\t<section class=\"elementor-section elementor-top-section elementor-element elementor-element-b6ddc80 elementor-section-boxed elementor-section-height-default elementor-section-height-default\" data-id=\"b6ddc80\" data-element_type=\"section\">\n\t\t\t\t\t\t<div class=\"elementor-container elementor-column-gap-default\">\n\t\t\t\t\t<div class=\"elementor-column elementor-col-50 elementor-top-column elementor-element elementor-element-98d2688\" data-id=\"98d2688\" data-element_type=\"column\">\n\t\t\t<div class=\"elementor-widget-wrap elementor-element-populated\">\n\t\t\t\t\t\t<div class=\"elementor-element elementor-element-52c66a8 elementor-widget elementor-widget-image\" data-id=\"52c66a8\" data-element_type=\"widget\" data-widget_type=\"image.default\">\n\t\t\t\t<div class=\"elementor-widget-container\">\n\t\t\t\t\t\t\t\t\t\t\t\t\t\t\t<img fetchpriority=\"high\" decoding=\"async\" width=\"640\" height=\"292\" src=\"https:\/\/dtr.ma\/wp-content\/uploads\/2024\/12\/DTR-LOGO.svg\" class=\"attachment-large size-large wp-image-3124\" alt=\"\" \/>\t\t\t\t\t\t\t\t\t\t\t\t\t\t\t<\/div>\n\t\t\t\t<\/div>\n\t\t\t\t\t<\/div>\n\t\t<\/div>\n\t\t\t\t<div class=\"elementor-column elementor-col-50 elementor-top-column elementor-element elementor-element-1eba1bd\" data-id=\"1eba1bd\" data-element_type=\"column\">\n\t\t\t<div class=\"elementor-widget-wrap elementor-element-populated\">\n\t\t\t\t\t\t<div class=\"elementor-element elementor-element-192b550 elementor-widget elementor-widget-heading\" data-id=\"192b550\" data-element_type=\"widget\" data-widget_type=\"heading.default\">\n\t\t\t\t<div class=\"elementor-widget-container\">\n\t\t\t\t\t<h2 class=\"elementor-heading-title elementor-size-default\">Transformer les id\u00e9es en r\u00e9alit\u00e9s percutantes<\/h2>\t\t\t\t<\/div>\n\t\t\t\t<\/div>\n\t\t\t\t<div class=\"elementor-element elementor-element-120b7bb elementor-widget elementor-widget-text-editor\" data-id=\"120b7bb\" data-element_type=\"widget\" data-widget_type=\"text-editor.default\">\n\t\t\t\t<div class=\"elementor-widget-container\">\n\t\t\t\t\t\t\t\t\t<p><span style=\"font-weight: 400;\">DTR a commenc\u00e9 avec un objectif simple : aider les petites entreprises \u00e0 se d\u00e9velopper en utilisant des strat\u00e9gies de marketing abordables et efficaces. Au fil des ans, nous avons \u00e9tendu notre expertise aux solutions informatiques et aux technologies innovantes, ce qui nous permet de servir des clients dans tous les secteurs. <\/span><\/p>\n\t\t\t\t\t\t\t\t<\/div>\n\t\t\t\t<\/div>\n\t\t\t\t\t<\/div>\n\t\t<\/div>\n\t\t\t\t\t<\/div>\n\t\t<\/section>\n\t\t\t\t<section class=\"elementor-section elementor-top-section elementor-element elementor-element-841a33a elementor-section-boxed elementor-section-height-default elementor-section-height-default\" data-id=\"841a33a\" data-element_type=\"section\">\n\t\t\t\t\t\t<div class=\"elementor-container elementor-column-gap-default\">\n\t\t\t\t\t<div class=\"elementor-column elementor-col-100 elementor-top-column elementor-element elementor-element-393843f\" data-id=\"393843f\" data-element_type=\"column\" data-settings=\"{&quot;background_background&quot;:&quot;classic&quot;}\">\n\t\t\t<div class=\"elementor-widget-wrap elementor-element-populated\">\n\t\t\t\t\t\t<div class=\"elementor-element elementor-element-66cd6b0 elementor-widget elementor-widget-heading\" data-id=\"66cd6b0\" data-element_type=\"widget\" data-widget_type=\"heading.default\">\n\t\t\t\t<div class=\"elementor-widget-container\">\n\t\t\t\t\t<h2 class=\"elementor-heading-title elementor-size-default\">Notre mission<\/h2>\t\t\t\t<\/div>\n\t\t\t\t<\/div>\n\t\t\t\t<div class=\"elementor-element elementor-element-9772d04 elementor-widget elementor-widget-text-editor\" data-id=\"9772d04\" data-element_type=\"widget\" data-widget_type=\"text-editor.default\">\n\t\t\t\t<div class=\"elementor-widget-container\">\n\t\t\t\t\t\t\t\t\t<p>Combler le foss\u00e9 entre l&#8217;ambition et la r\u00e9alisation en fournissant des outils, des services et une expertise de pointe qui permettent aux entreprises de prosp\u00e9rer dans un paysage num\u00e9rique en constante \u00e9volution.<\/p>\n\t\t\t\t\t\t\t\t<\/div>\n\t\t\t\t<\/div>\n\t\t\t\t\t<\/div>\n\t\t<\/div>\n\t\t\t\t\t<\/div>\n\t\t<\/section>\n\t\t\t\t<section class=\"elementor-section elementor-top-section elementor-element elementor-element-9353f49 elementor-section-boxed elementor-section-height-default elementor-section-height-default\" data-id=\"9353f49\" data-element_type=\"section\">\n\t\t\t\t\t\t<div class=\"elementor-container elementor-column-gap-default\">\n\t\t\t\t\t<div class=\"elementor-column elementor-col-100 elementor-top-column elementor-element elementor-element-a3326be\" data-id=\"a3326be\" data-element_type=\"column\" data-settings=\"{&quot;background_background&quot;:&quot;classic&quot;}\">\n\t\t\t<div class=\"elementor-widget-wrap elementor-element-populated\">\n\t\t\t\t\t\t<div class=\"elementor-element elementor-element-5b016ad elementor-widget elementor-widget-heading\" data-id=\"5b016ad\" data-element_type=\"widget\" data-widget_type=\"heading.default\">\n\t\t\t\t<div class=\"elementor-widget-container\">\n\t\t\t\t\t<h2 class=\"elementor-heading-title elementor-size-default\">Notre mission<\/h2>\t\t\t\t<\/div>\n\t\t\t\t<\/div>\n\t\t\t\t<div class=\"elementor-element elementor-element-6b6abb2 elementor-widget elementor-widget-text-editor\" data-id=\"6b6abb2\" data-element_type=\"widget\" data-widget_type=\"text-editor.default\">\n\t\t\t\t<div class=\"elementor-widget-container\">\n\t\t\t\t\t\t\t\t\t<p>\u00catre un partenaire de confiance pour les entreprises du monde entier, en proposant des solutions sur mesure qui inspirent l&#8217;innovation et favorisent une r\u00e9ussite durable.<\/p>\n\t\t\t\t\t\t\t\t<\/div>\n\t\t\t\t<\/div>\n\t\t\t\t\t<\/div>\n\t\t<\/div>\n\t\t\t\t\t<\/div>\n\t\t<\/section>\n\t\t\t\t<section class=\"elementor-section elementor-top-section elementor-element elementor-element-de5ae3c elementor-section-boxed elementor-section-height-default elementor-section-height-default\" data-id=\"de5ae3c\" data-element_type=\"section\">\n\t\t\t\t\t\t<div class=\"elementor-container elementor-column-gap-default\">\n\t\t\t\t\t<div class=\"elementor-column elementor-col-100 elementor-top-column elementor-element elementor-element-55d439b\" data-id=\"55d439b\" data-element_type=\"column\" data-settings=\"{&quot;background_background&quot;:&quot;classic&quot;}\">\n\t\t\t<div class=\"elementor-widget-wrap elementor-element-populated\">\n\t\t\t\t\t\t<div class=\"elementor-element elementor-element-3ef7eb6 elementor-widget elementor-widget-heading\" data-id=\"3ef7eb6\" data-element_type=\"widget\" data-widget_type=\"heading.default\">\n\t\t\t\t<div class=\"elementor-widget-container\">\n\t\t\t\t\t<h2 class=\"elementor-heading-title elementor-size-default\">Ce qui nous distingue<\/h2>\t\t\t\t<\/div>\n\t\t\t\t<\/div>\n\t\t\t\t<div class=\"elementor-element elementor-element-b90021a elementor-widget elementor-widget-text-editor\" data-id=\"b90021a\" data-element_type=\"widget\" data-widget_type=\"text-editor.default\">\n\t\t\t\t<div class=\"elementor-widget-container\">\n\t\t\t\t\t\t\t\t\t<ol>\n<li>\n<p><strong>Approche centr\u00e9e sur le client<\/strong><br>Chez DTR, nous donnons la priorit\u00e9 aux besoins uniques de votre entreprise, en fournissant des solutions personnalis\u00e9es con\u00e7ues pour atteindre vos objectifs.<\/p>\n<\/li>\n<li>\n<p><strong>Solutions compl\u00e8tes<\/strong><br>De la strat\u00e9gie de marque et du marketing num\u00e9rique aux outils aliment\u00e9s par l&#8217;IA et \u00e0 l&#8217;infrastructure informatique, nous offrons un \u00e9cosyst\u00e8me tout-en-un pour la croissance des entreprises.<\/p>\n<\/li>\n<li>\n<p>Des <strong>r\u00e9sultats \u00e9prouv\u00e9s<\/strong><br>Avec un solide portefeuille de projets r\u00e9ussis dans tous les secteurs, nous avons l&#8217;habitude de produire des r\u00e9sultats mesurables qui comptent.<\/p><\/li><\/ol>\t\t\t\t\t\t\t\t<\/div>\n\t\t\t\t<\/div>\n\t\t\t\t\t<\/div>\n\t\t<\/div>\n\t\t\t\t\t<\/div>\n\t\t<\/section>\n\t\t\t\t<section class=\"elementor-section elementor-top-section elementor-element elementor-element-980009a elementor-section-boxed elementor-section-height-default elementor-section-height-default\" data-id=\"980009a\" data-element_type=\"section\">\n\t\t\t\t\t\t<div class=\"elementor-container elementor-column-gap-default\">\n\t\t\t\t\t<div class=\"elementor-column elementor-col-100 elementor-top-column elementor-element elementor-element-eb3efc4\" data-id=\"eb3efc4\" data-element_type=\"column\" data-settings=\"{&quot;background_background&quot;:&quot;classic&quot;}\">\n\t\t\t<div class=\"elementor-widget-wrap elementor-element-populated\">\n\t\t\t\t\t\t<div class=\"elementor-element elementor-element-8c2555f elementor-widget elementor-widget-heading\" data-id=\"8c2555f\" data-element_type=\"widget\" data-widget_type=\"heading.default\">\n\t\t\t\t<div class=\"elementor-widget-container\">\n\t\t\t\t\t<h2 class=\"elementor-heading-title elementor-size-default\">Notre expertise<\/h2>\t\t\t\t<\/div>\n\t\t\t\t<\/div>\n\t\t\t\t<div class=\"elementor-element elementor-element-047048c elementor-widget elementor-widget-text-editor\" data-id=\"047048c\" data-element_type=\"widget\" data-widget_type=\"text-editor.default\">\n\t\t\t\t<div class=\"elementor-widget-container\">\n\t\t\t\t\t\t\t\t\t<p>Nous sommes sp\u00e9cialis\u00e9s dans la fourniture de services sur mesure dans divers secteurs, notamment :<\/p>\n\t\t\t\t\t\t\t\t<\/div>\n\t\t\t\t<\/div>\n\t\t\t\t<div class=\"elementor-element elementor-element-ceb1fd2 elementor-widget elementor-widget-text-editor\" data-id=\"ceb1fd2\" data-element_type=\"widget\" data-widget_type=\"text-editor.default\">\n\t\t\t\t<div class=\"elementor-widget-container\">\n\t\t\t\t\t\t\t\t\t<ul>\n<li><strong>Commerce de d\u00e9tail<\/strong>: Am\u00e9liorer l&#8217;engagement des clients gr\u00e2ce aux technologies intelligentes.<\/li>\n<li><strong>Commerce \u00e9lectronique<\/strong>: Stimuler la croissance gr\u00e2ce \u00e0 des solutions web et marketing optimis\u00e9es.<\/li>\n<li><strong>\u00c9ducation<\/strong>: Donner aux \u00e9coles et aux institutions les moyens d&#8217;agir gr\u00e2ce aux technologies interactives.<\/li>\n<li><strong>Startups<\/strong>: D\u00e9velopper les marques \u00e9mergentes gr\u00e2ce \u00e0 des strat\u00e9gies percutantes.<\/li>\n<li><strong>Entreprises<\/strong>: Rationalisation des op\u00e9rations gr\u00e2ce \u00e0 des solutions informatiques au niveau de l&#8217;entreprise.<\/li>\n<li><strong>Organisations \u00e0 but non lucratif<\/strong>: Soutenir les missions gr\u00e2ce \u00e0 des strat\u00e9gies num\u00e9riques efficaces.<\/li>\n<\/ul>\n\t\t\t\t\t\t\t\t<\/div>\n\t\t\t\t<\/div>\n\t\t\t\t\t<\/div>\n\t\t<\/div>\n\t\t\t\t\t<\/div>\n\t\t<\/section>\n\t\t\t\t<section class=\"elementor-section elementor-top-section elementor-element elementor-element-aed9655 elementor-section-boxed elementor-section-height-default elementor-section-height-default\" data-id=\"aed9655\" data-element_type=\"section\">\n\t\t\t\t\t\t<div class=\"elementor-container elementor-column-gap-default\">\n\t\t\t\t\t<div class=\"elementor-column elementor-col-100 elementor-top-column elementor-element elementor-element-e516230\" data-id=\"e516230\" data-element_type=\"column\" data-settings=\"{&quot;background_background&quot;:&quot;classic&quot;}\">\n\t\t\t<div class=\"elementor-widget-wrap elementor-element-populated\">\n\t\t\t\t\t\t<div class=\"elementor-element elementor-element-8c6deb8 elementor-widget elementor-widget-heading\" data-id=\"8c6deb8\" data-element_type=\"widget\" data-widget_type=\"heading.default\">\n\t\t\t\t<div class=\"elementor-widget-container\">\n\t\t\t\t\t<h2 class=\"elementor-heading-title elementor-size-default\">Pourquoi choisir DTR ?<\/h2>\t\t\t\t<\/div>\n\t\t\t\t<\/div>\n\t\t\t\t<div class=\"elementor-element elementor-element-c635f7a elementor-widget elementor-widget-text-editor\" data-id=\"c635f7a\" data-element_type=\"widget\" data-widget_type=\"text-editor.default\">\n\t\t\t\t<div class=\"elementor-widget-container\">\n\t\t\t\t\t\t\t\t\t<ul>\n<li>Plus de <strong>10 ans d&#8217;exp\u00e9rience<\/strong> dans la fourniture de solutions \u00e9volutives et innovantes.<\/li>\n<li>Des <strong>entreprises de premier plan<\/strong> dans tous les secteurs d&#8217;activit\u00e9 lui font confiance.<\/li>\n<li>Une \u00e9quipe d&#8217;experts passionn\u00e9s qui se consacrent \u00e0 la r\u00e9ussite de votre entreprise.<\/li>\n<\/ul>\n\t\t\t\t\t\t\t\t<\/div>\n\t\t\t\t<\/div>\n\t\t\t\t\t<\/div>\n\t\t<\/div>\n\t\t\t\t\t<\/div>\n\t\t<\/section>\n\t\t\t\t<section class=\"elementor-section elementor-top-section elementor-element elementor-element-a0a5a96 elementor-section-boxed elementor-section-height-default elementor-section-height-default\" data-id=\"a0a5a96\" data-element_type=\"section\">\n\t\t\t\t\t\t<div class=\"elementor-container elementor-column-gap-default\">\n\t\t\t\t\t<div class=\"elementor-column elementor-col-100 elementor-top-column elementor-element elementor-element-caaba77\" data-id=\"caaba77\" data-element_type=\"column\" data-settings=\"{&quot;background_background&quot;:&quot;classic&quot;}\">\n\t\t\t<div class=\"elementor-widget-wrap elementor-element-populated\">\n\t\t\t\t\t\t<div class=\"elementor-element elementor-element-defa276 elementor-widget elementor-widget-heading\" data-id=\"defa276\" data-element_type=\"widget\" data-widget_type=\"heading.default\">\n\t\t\t\t<div class=\"elementor-widget-container\">\n\t\t\t\t\t<h2 class=\"elementor-heading-title elementor-size-default\">Nos services en un coup d'\u0153il<\/h2>\t\t\t\t<\/div>\n\t\t\t\t<\/div>\n\t\t\t\t<div class=\"elementor-element elementor-element-a9a6b37 elementor-widget elementor-widget-text-editor\" data-id=\"a9a6b37\" data-element_type=\"widget\" data-widget_type=\"text-editor.default\">\n\t\t\t\t<div class=\"elementor-widget-container\">\n\t\t\t\t\t\t\t\t\t<ul>\n<li><strong>Services d&#8217;image de marque<\/strong>: Construire votre identit\u00e9 unique.<\/li>\n<li>Des <strong>marques pr\u00eates \u00e0 l&#8217;emploi<\/strong>: Des marques pr\u00e9con\u00e7ues pour d\u00e9marrer votre parcours.<\/li>\n<li><strong>Marketing num\u00e9rique<\/strong>: Augmenter la visibilit\u00e9 gr\u00e2ce \u00e0 des strat\u00e9gies bas\u00e9es sur les donn\u00e9es.<\/li>\n<li><strong>Conception et d\u00e9veloppement de sites web<\/strong>: Cr\u00e9er des exp\u00e9riences num\u00e9riques percutantes.<\/li>\n<li><strong>Solutions aliment\u00e9es par l&#8217;IA<\/strong>: Exploiter l&#8217;IA pour des op\u00e9rations commerciales plus intelligentes.<\/li>\n<li><strong>Infrastructure informatique<\/strong>: Des solutions robustes pour des op\u00e9rations sans faille.<\/li>\n<\/ul>\n\t\t\t\t\t\t\t\t<\/div>\n\t\t\t\t<\/div>\n\t\t\t\t\t<\/div>\n\t\t<\/div>\n\t\t\t\t\t<\/div>\n\t\t<\/section>\n\t\t\t\t<section class=\"elementor-section elementor-top-section elementor-element elementor-element-f1d5d2b elementor-section-boxed elementor-section-height-default elementor-section-height-default\" data-id=\"f1d5d2b\" data-element_type=\"section\">\n\t\t\t\t\t\t<div class=\"elementor-container elementor-column-gap-default\">\n\t\t\t\t\t<div class=\"elementor-column elementor-col-100 elementor-top-column elementor-element elementor-element-8e8ddfc\" data-id=\"8e8ddfc\" data-element_type=\"column\">\n\t\t\t<div class=\"elementor-widget-wrap elementor-element-populated\">\n\t\t\t\t\t\t<div class=\"elementor-element elementor-element-9db2aa5 elementor-widget elementor-widget-text-editor\" data-id=\"9db2aa5\" data-element_type=\"widget\" data-widget_type=\"text-editor.default\">\n\t\t\t\t<div class=\"elementor-widget-container\">\n\t\t\t\t\t\t\t\t\t<p>Ensemble, transformons vos r\u00eaves en r\u00e9alit\u00e9.<br \/>Explorez nos services et d\u00e9couvrez comment DTR peut favoriser votre croissance d\u00e8s aujourd&#8217;hui.<\/p>\n\t\t\t\t\t\t\t\t<\/div>\n\t\t\t\t<\/div>\n\t\t\t\t\t<\/div>\n\t\t<\/div>\n\t\t\t\t\t<\/div>\n\t\t<\/section>\n\t\t\t\t<section class=\"elementor-section elementor-top-section elementor-element elementor-element-636479c elementor-section-boxed elementor-section-height-default elementor-section-height-default\" data-id=\"636479c\" data-element_type=\"section\">\n\t\t\t\t\t\t<div class=\"elementor-container elementor-column-gap-default\">\n\t\t\t\t\t<div class=\"elementor-column elementor-col-100 elementor-top-column elementor-element elementor-element-34e6781\" data-id=\"34e6781\" data-element_type=\"column\">\n\t\t\t<div class=\"elementor-widget-wrap\">\n\t\t\t\t\t\t\t<\/div>\n\t\t<\/div>\n\t\t\t\t\t<\/div>\n\t\t<\/section>\n\t\t\t\t<\/div>\n\t\t","protected":false},"excerpt":{"rendered":"<p>\u00c0 propos de DTR Transformer les id\u00e9es en r\u00e9alit\u00e9s percutantes DTR a commenc\u00e9 avec un objectif simple : aider les petites entreprises \u00e0 se d\u00e9velopper&hellip;<\/p>\n","protected":false},"author":1,"featured_media":0,"parent":0,"menu_order":0,"comment_status":"closed","ping_status":"closed","template":"","meta":{"_mo_disable_npp":"","om_disable_all_campaigns":false,"inline_featured_image":false,"_monsterinsights_skip_tracking":false,"_monsterinsights_sitenote_active":false,"_monsterinsights_sitenote_note":"","_monsterinsights_sitenote_category":0,"_uf_show_specific_survey":0,"_uf_disable_surveys":false,"footnotes":""},"class_list":["post-3424","page","type-page","status-publish","hentry"],"yoast_head":"<!-- This site is optimized with the Yoast SEO Premium plugin v20.13 (Yoast SEO v25.9) - https:\/\/yoast.com\/wordpress\/plugins\/seo\/ -->\n<title>\u00c0 propos de DTR - DTR<\/title>\n<meta name=\"robots\" content=\"index, follow, max-snippet:-1, max-image-preview:large, max-video-preview:-1\" \/>\n<link rel=\"canonical\" href=\"https:\/\/dtr.ma\/fr\/a-propos-de-dtr\/\" \/>\n<meta property=\"og:locale\" content=\"fr_FR\" \/>\n<meta property=\"og:type\" content=\"article\" \/>\n<meta property=\"og:title\" content=\"\u00c0 propos de DTR\" \/>\n<meta property=\"og:description\" content=\"\u00c0 propos de DTR Transformer les id\u00e9es en r\u00e9alit\u00e9s percutantes DTR a commenc\u00e9 avec un objectif simple : aider les petites entreprises \u00e0 se d\u00e9velopper&hellip;\" \/>\n<meta property=\"og:url\" content=\"https:\/\/dtr.ma\/fr\/a-propos-de-dtr\/\" \/>\n<meta property=\"og:site_name\" content=\"DTR\" \/>\n<meta property=\"article:modified_time\" content=\"2025-01-22T14:03:39+00:00\" \/>\n<meta name=\"twitter:card\" content=\"summary_large_image\" \/>\n<meta name=\"twitter:label1\" content=\"Dur\u00e9e de lecture estim\u00e9e\" \/>\n\t<meta name=\"twitter:data1\" content=\"2 minutes\" \/>\n<script type=\"application\/ld+json\" class=\"yoast-schema-graph\">{\"@context\":\"https:\/\/schema.org\",\"@graph\":[{\"@type\":\"WebPage\",\"@id\":\"https:\/\/dtr.ma\/fr\/a-propos-de-dtr\/\",\"url\":\"https:\/\/dtr.ma\/fr\/a-propos-de-dtr\/\",\"name\":\"\u00c0 propos de DTR - DTR\",\"isPartOf\":{\"@id\":\"https:\/\/dtr.ma\/fr\/#website\"},\"primaryImageOfPage\":{\"@id\":\"https:\/\/dtr.ma\/fr\/a-propos-de-dtr\/#primaryimage\"},\"image\":{\"@id\":\"https:\/\/dtr.ma\/fr\/a-propos-de-dtr\/#primaryimage\"},\"thumbnailUrl\":\"https:\/\/dtr.ma\/wp-content\/uploads\/2024\/12\/DTR-LOGO.svg\",\"datePublished\":\"2022-12-07T17:08:09+00:00\",\"dateModified\":\"2025-01-22T14:03:39+00:00\",\"breadcrumb\":{\"@id\":\"https:\/\/dtr.ma\/fr\/a-propos-de-dtr\/#breadcrumb\"},\"inLanguage\":\"fr-FR\",\"potentialAction\":[{\"@type\":\"ReadAction\",\"target\":[\"https:\/\/dtr.ma\/fr\/a-propos-de-dtr\/\"]}]},{\"@type\":\"ImageObject\",\"inLanguage\":\"fr-FR\",\"@id\":\"https:\/\/dtr.ma\/fr\/a-propos-de-dtr\/#primaryimage\",\"url\":\"https:\/\/dtr.ma\/wp-content\/uploads\/2024\/12\/DTR-LOGO.svg\",\"contentUrl\":\"https:\/\/dtr.ma\/wp-content\/uploads\/2024\/12\/DTR-LOGO.svg\"},{\"@type\":\"BreadcrumbList\",\"@id\":\"https:\/\/dtr.ma\/fr\/a-propos-de-dtr\/#breadcrumb\",\"itemListElement\":[{\"@type\":\"ListItem\",\"position\":1,\"name\":\"Home\",\"item\":\"https:\/\/dtr.ma\/fr\/\"},{\"@type\":\"ListItem\",\"position\":2,\"name\":\"\u00c0 propos de DTR\"}]},{\"@type\":\"WebSite\",\"@id\":\"https:\/\/dtr.ma\/fr\/#website\",\"url\":\"https:\/\/dtr.ma\/fr\/\",\"name\":\"DTR\",\"description\":\"Smart Business Solutions\",\"publisher\":{\"@id\":\"https:\/\/dtr.ma\/fr\/#organization\"},\"potentialAction\":[{\"@type\":\"SearchAction\",\"target\":{\"@type\":\"EntryPoint\",\"urlTemplate\":\"https:\/\/dtr.ma\/fr\/?s={search_term_string}\"},\"query-input\":{\"@type\":\"PropertyValueSpecification\",\"valueRequired\":true,\"valueName\":\"search_term_string\"}}],\"inLanguage\":\"fr-FR\"},{\"@type\":\"Organization\",\"@id\":\"https:\/\/dtr.ma\/fr\/#organization\",\"name\":\"DTR\",\"url\":\"https:\/\/dtr.ma\/fr\/\",\"logo\":{\"@type\":\"ImageObject\",\"inLanguage\":\"fr-FR\",\"@id\":\"https:\/\/dtr.ma\/fr\/#\/schema\/logo\/image\/\",\"url\":\"https:\/\/dtr.ma\/wp-content\/uploads\/2024\/11\/DTR-LOGO.svg\",\"contentUrl\":\"https:\/\/dtr.ma\/wp-content\/uploads\/2024\/11\/DTR-LOGO.svg\",\"width\":1528,\"height\":697,\"caption\":\"DTR\"},\"image\":{\"@id\":\"https:\/\/dtr.ma\/fr\/#\/schema\/logo\/image\/\"}}]}<\/script>\n<!-- \/ Yoast SEO Premium plugin. -->","yoast_head_json":{"title":"\u00c0 propos de DTR - DTR","robots":{"index":"index","follow":"follow","max-snippet":"max-snippet:-1","max-image-preview":"max-image-preview:large","max-video-preview":"max-video-preview:-1"},"canonical":"https:\/\/dtr.ma\/fr\/a-propos-de-dtr\/","og_locale":"fr_FR","og_type":"article","og_title":"\u00c0 propos de DTR","og_description":"\u00c0 propos de DTR Transformer les id\u00e9es en r\u00e9alit\u00e9s percutantes DTR a commenc\u00e9 avec un objectif simple : aider les petites entreprises \u00e0 se d\u00e9velopper&hellip;","og_url":"https:\/\/dtr.ma\/fr\/a-propos-de-dtr\/","og_site_name":"DTR","article_modified_time":"2025-01-22T14:03:39+00:00","twitter_card":"summary_large_image","twitter_misc":{"Dur\u00e9e de lecture estim\u00e9e":"2 minutes"},"schema":{"@context":"https:\/\/schema.org","@graph":[{"@type":"WebPage","@id":"https:\/\/dtr.ma\/fr\/a-propos-de-dtr\/","url":"https:\/\/dtr.ma\/fr\/a-propos-de-dtr\/","name":"\u00c0 propos de DTR - DTR","isPartOf":{"@id":"https:\/\/dtr.ma\/fr\/#website"},"primaryImageOfPage":{"@id":"https:\/\/dtr.ma\/fr\/a-propos-de-dtr\/#primaryimage"},"image":{"@id":"https:\/\/dtr.ma\/fr\/a-propos-de-dtr\/#primaryimage"},"thumbnailUrl":"https:\/\/dtr.ma\/wp-content\/uploads\/2024\/12\/DTR-LOGO.svg","datePublished":"2022-12-07T17:08:09+00:00","dateModified":"2025-01-22T14:03:39+00:00","breadcrumb":{"@id":"https:\/\/dtr.ma\/fr\/a-propos-de-dtr\/#breadcrumb"},"inLanguage":"fr-FR","potentialAction":[{"@type":"ReadAction","target":["https:\/\/dtr.ma\/fr\/a-propos-de-dtr\/"]}]},{"@type":"ImageObject","inLanguage":"fr-FR","@id":"https:\/\/dtr.ma\/fr\/a-propos-de-dtr\/#primaryimage","url":"https:\/\/dtr.ma\/wp-content\/uploads\/2024\/12\/DTR-LOGO.svg","contentUrl":"https:\/\/dtr.ma\/wp-content\/uploads\/2024\/12\/DTR-LOGO.svg"},{"@type":"BreadcrumbList","@id":"https:\/\/dtr.ma\/fr\/a-propos-de-dtr\/#breadcrumb","itemListElement":[{"@type":"ListItem","position":1,"name":"Home","item":"https:\/\/dtr.ma\/fr\/"},{"@type":"ListItem","position":2,"name":"\u00c0 propos de DTR"}]},{"@type":"WebSite","@id":"https:\/\/dtr.ma\/fr\/#website","url":"https:\/\/dtr.ma\/fr\/","name":"DTR","description":"Smart Business Solutions","publisher":{"@id":"https:\/\/dtr.ma\/fr\/#organization"},"potentialAction":[{"@type":"SearchAction","target":{"@type":"EntryPoint","urlTemplate":"https:\/\/dtr.ma\/fr\/?s={search_term_string}"},"query-input":{"@type":"PropertyValueSpecification","valueRequired":true,"valueName":"search_term_string"}}],"inLanguage":"fr-FR"},{"@type":"Organization","@id":"https:\/\/dtr.ma\/fr\/#organization","name":"DTR","url":"https:\/\/dtr.ma\/fr\/","logo":{"@type":"ImageObject","inLanguage":"fr-FR","@id":"https:\/\/dtr.ma\/fr\/#\/schema\/logo\/image\/","url":"https:\/\/dtr.ma\/wp-content\/uploads\/2024\/11\/DTR-LOGO.svg","contentUrl":"https:\/\/dtr.ma\/wp-content\/uploads\/2024\/11\/DTR-LOGO.svg","width":1528,"height":697,"caption":"DTR"},"image":{"@id":"https:\/\/dtr.ma\/fr\/#\/schema\/logo\/image\/"}}]}},"jetpack_sharing_enabled":true,"_links":{"self":[{"href":"https:\/\/dtr.ma\/fr\/wp-json\/wp\/v2\/pages\/3424","targetHints":{"allow":["GET"]}}],"collection":[{"href":"https:\/\/dtr.ma\/fr\/wp-json\/wp\/v2\/pages"}],"about":[{"href":"https:\/\/dtr.ma\/fr\/wp-json\/wp\/v2\/types\/page"}],"author":[{"embeddable":true,"href":"https:\/\/dtr.ma\/fr\/wp-json\/wp\/v2\/users\/1"}],"replies":[{"embeddable":true,"href":"https:\/\/dtr.ma\/fr\/wp-json\/wp\/v2\/comments?post=3424"}],"version-history":[{"count":0,"href":"https:\/\/dtr.ma\/fr\/wp-json\/wp\/v2\/pages\/3424\/revisions"}],"wp:attachment":[{"href":"https:\/\/dtr.ma\/fr\/wp-json\/wp\/v2\/media?parent=3424"}],"curies":[{"name":"wp","href":"https:\/\/api.w.org\/{rel}","templated":true}]}}