{"id":3427,"date":"2022-12-07T17:08:57","date_gmt":"2022-12-07T17:08:57","guid":{"rendered":"https:\/\/dtr.ma\/comment-nous-travaillons\/"},"modified":"2025-01-22T14:03:39","modified_gmt":"2025-01-22T14:03:39","slug":"comment-nous-travaillons","status":"publish","type":"page","link":"https:\/\/dtr.ma\/fr\/comment-nous-travaillons\/","title":{"rendered":"Comment nous travaillons"},"content":{"rendered":"\t\t<div data-elementor-type=\"wp-page\" data-elementor-id=\"3427\" class=\"elementor elementor-3427 elementor-183\" data-elementor-post-type=\"page\">\n\t\t\t\t\t\t<section class=\"elementor-section elementor-top-section elementor-element elementor-element-78e5091 elementor-section-content-middle elementor-section-boxed elementor-section-height-default elementor-section-height-default\" data-id=\"78e5091\" data-element_type=\"section\">\n\t\t\t\t\t\t<div class=\"elementor-container elementor-column-gap-wider\">\n\t\t\t\t\t<div class=\"elementor-column elementor-col-100 elementor-top-column elementor-element elementor-element-34a42be9\" data-id=\"34a42be9\" data-element_type=\"column\">\n\t\t\t<div class=\"elementor-widget-wrap elementor-element-populated\">\n\t\t\t\t\t\t<div class=\"elementor-element elementor-element-194f2bbc elementor-widget elementor-widget-heading\" data-id=\"194f2bbc\" data-element_type=\"widget\" data-widget_type=\"heading.default\">\n\t\t\t\t<div class=\"elementor-widget-container\">\n\t\t\t\t\t<h1 class=\"elementor-heading-title elementor-size-default\"><b>DU R\u00caVE \u00c0 LA R\u00c9ALIT\u00c9<\/b> <b>AGENCE DE MARKETING<\/b><\/h1>\t\t\t\t<\/div>\n\t\t\t\t<\/div>\n\t\t\t\t<div class=\"elementor-element elementor-element-f0f5067 elementor-widget elementor-widget-heading\" data-id=\"f0f5067\" data-element_type=\"widget\" data-widget_type=\"heading.default\">\n\t\t\t\t<div class=\"elementor-widget-container\">\n\t\t\t\t\t<h2 class=\"elementor-heading-title elementor-size-default\">COMMENT NOUS TRAVAILLONS<\/h2>\t\t\t\t<\/div>\n\t\t\t\t<\/div>\n\t\t\t\t<div class=\"elementor-element elementor-element-521809fb elementor-widget elementor-widget-heading\" data-id=\"521809fb\" data-element_type=\"widget\" data-widget_type=\"heading.default\">\n\t\t\t\t<div class=\"elementor-widget-container\">\n\t\t\t\t\t<h2 class=\"elementor-heading-title elementor-size-default\">PROCESSUS SIMPLE + EFFICACIT\u00c9 MAXIMALE<\/h2>\t\t\t\t<\/div>\n\t\t\t\t<\/div>\n\t\t\t\t<div class=\"elementor-element elementor-element-fa5c202 elementor-widget elementor-widget-text-editor\" data-id=\"fa5c202\" data-element_type=\"widget\" data-widget_type=\"text-editor.default\">\n\t\t\t\t<div class=\"elementor-widget-container\">\n\t\t\t\t\t\t\t\t\tChez DTR, nous pensons qu&#8217;une communication et une collaboration efficaces sont essentielles pour obtenir les meilleurs r\u00e9sultats pour nos clients.<br>  C&#8217;est pourquoi nous avons mis au point une proc\u00e9dure qui se veut transparente, efficace et r\u00e9active.\t\t\t\t\t\t\t\t<\/div>\n\t\t\t\t<\/div>\n\t\t\t\t<section class=\"elementor-section elementor-inner-section elementor-element elementor-element-2846140 elementor-section-boxed elementor-section-height-default elementor-section-height-default\" data-id=\"2846140\" data-element_type=\"section\">\n\t\t\t\t\t\t<div class=\"elementor-container elementor-column-gap-default\">\n\t\t\t\t\t<div class=\"elementor-column elementor-col-50 elementor-inner-column elementor-element elementor-element-c07f6e7\" data-id=\"c07f6e7\" data-element_type=\"column\">\n\t\t\t<div class=\"elementor-widget-wrap elementor-element-populated\">\n\t\t\t\t\t\t<div class=\"elementor-element elementor-element-d7fc5b6 elementor-widget elementor-widget-image\" data-id=\"d7fc5b6\" data-element_type=\"widget\" data-widget_type=\"image.default\">\n\t\t\t\t<div class=\"elementor-widget-container\">\n\t\t\t\t\t\t\t\t\t\t\t\t\t\t\t<img fetchpriority=\"high\" decoding=\"async\" width=\"640\" height=\"640\" src=\"https:\/\/dtr.ma\/wp-content\/uploads\/2022\/12\/DTR-fave-icon-04.svg\" class=\"attachment-large size-large wp-image-2693\" alt=\"\" \/>\t\t\t\t\t\t\t\t\t\t\t\t\t\t\t<\/div>\n\t\t\t\t<\/div>\n\t\t\t\t\t<\/div>\n\t\t<\/div>\n\t\t\t\t<div class=\"elementor-column elementor-col-50 elementor-inner-column elementor-element elementor-element-7981234\" data-id=\"7981234\" data-element_type=\"column\">\n\t\t\t<div class=\"elementor-widget-wrap elementor-element-populated\">\n\t\t\t\t\t\t<div class=\"elementor-element elementor-element-5a173ed elementor-widget elementor-widget-text-editor\" data-id=\"5a173ed\" data-element_type=\"widget\" data-widget_type=\"text-editor.default\">\n\t\t\t\t<div class=\"elementor-widget-container\">\n\t\t\t\t\t\t\t\t\t<p><span style=\"color: var( --e-global-color-text ); font-family: var( --e-global-typography-text-font-family ), Sans-serif; font-weight: var( --e-global-typography-text-font-weight ); background-color: var(--bb-body-background-color);\">Notre processus simple et efficace commence par une consultation initiale, au cours de laquelle nous apprenons \u00e0 conna\u00eetre votre entreprise et \u00e0 comprendre vos besoins et objectifs sp\u00e9cifiques. Ensuite, nous travaillons avec vous pour cr\u00e9er un plan et un calendrier personnalis\u00e9s pour votre projet. <\/span><\/p>\n<p>Tout au long du processus, nous vous tenons pleinement inform\u00e9 et impliqu\u00e9, afin que vous puissiez avoir confiance dans les services que nous fournissons. Et lorsqu&#8217;il s&#8217;agit de la r\u00e9alisation d&#8217;un projet, nous visons l&#8217;excellence et nous nous effor\u00e7ons de d\u00e9passer vos attentes. <\/p>\n<p>Nous savons que chaque projet est unique, c&#8217;est pourquoi nous adaptons notre approche aux besoins et aux objectifs sp\u00e9cifiques de chaque client. Notre \u00e9quipe de professionnels exp\u00e9riment\u00e9s est passionn\u00e9e par ce qu&#8217;elle fait et s&#8217;engage \u00e0 fournir les meilleurs r\u00e9sultats possibles. <\/p>\n\t\t\t\t\t\t\t\t<\/div>\n\t\t\t\t<\/div>\n\t\t\t\t\t<\/div>\n\t\t<\/div>\n\t\t\t\t\t<\/div>\n\t\t<\/section>\n\t\t\t\t<div class=\"elementor-element elementor-element-3238443 elementor-widget-divider--view-line elementor-widget elementor-widget-divider\" data-id=\"3238443\" data-element_type=\"widget\" data-widget_type=\"divider.default\">\n\t\t\t\t<div class=\"elementor-widget-container\">\n\t\t\t\t\t\t\t<div class=\"elementor-divider\">\n\t\t\t<span class=\"elementor-divider-separator\">\n\t\t\t\t\t\t<\/span>\n\t\t<\/div>\n\t\t\t\t\t\t<\/div>\n\t\t\t\t<\/div>\n\t\t\t\t<div class=\"elementor-element elementor-element-40f66470 elementor-cta--mobile-meadia-align-left elementor-cta--mobile-row-align-right elementor-cta--meadia-align-left elementor-cta--content-v-align-center elementor-cta--row-align-right elementor-cta--talign-center elementor-widget elementor-widget-bb-tabs\" data-id=\"40f66470\" data-element_type=\"widget\" data-widget_type=\"bb-tabs.default\">\n\t\t\t\t<div class=\"elementor-widget-container\">\n\t\t\t\t\t\n\t\t<div class=\"bb-tabs\">\n\t\t\t\n\t\t\t<div dir=\"ltr\" class=\"tabs-wrapper flex tabs-wrapper--style2 bb-not-dotted\">\n\n\t\t\t\t<div class=\"bb-tabs__nav flex bb-tabs__active-\" data-num=\"3\">\n\t\t\t\t\t\t\t\t\t\t\t<div class=\"bb-tabs__nav-item\">\n\t\t\t\t\t\t\t<span class=\"bb-tabs__nav-index\">1<\/span>\n\t\t\t\t\t\t\t<span class=\"bb-tabs__nav-title\">1 - DISCUSSION<\/span>\n\t\t\t\t\t\t<\/div>\n\t\t\t\t\t\t\t\t\t\t\t<div class=\"bb-tabs__nav-item\">\n\t\t\t\t\t\t\t<span class=\"bb-tabs__nav-index\">2<\/span>\n\t\t\t\t\t\t\t<span class=\"bb-tabs__nav-title\">2 - WORKING<\/span>\n\t\t\t\t\t\t<\/div>\n\t\t\t\t\t\t\t\t\t\t\t<div class=\"bb-tabs__nav-item\">\n\t\t\t\t\t\t\t<span class=\"bb-tabs__nav-index\">3<\/span>\n\t\t\t\t\t\t\t<span class=\"bb-tabs__nav-title\">3 - PRODUCTION AND LAUNCHING<\/span>\n\t\t\t\t\t\t<\/div>\n\t\t\t\t\t\t\t\t\t<\/div>\n\n\t\t\t\t<div class=\"bb-tabs__run\" data-nav=\"false\" data-dots=\"false\">\n\t\t\t\t\t\t\t\t\t\t\t\n\t\t\t\t\t\t\t\n\t\t\t\t\t\t\t<div class=\"bb-tabs__slide bb-tabs__nomedia\">\n\t\t\t\t\t\t\t\t<div class=\"bb-tabs__block flex\">\n\t\t\t\t\t\t\t\t\t\n\t\t\t\t\t\t\t\t\t<div class=\"bb-tabs__body\">\n\t\t\t\t\t\t\t\t\t\t<div class=\"bb-tabs__subtitle\"><h6>1 - DISCUSSION<\/h6><\/div>\n\t\t\t\t\t\t\t\t\t\t<div class=\"bb-tabs__title\"><h3>BRIEFING \/ STRATEGY<\/h3><\/div>\n\t\t\t\t\t\t\t\t\t\t<div class=\"bb-tabs__excerpt\"><p>The briefing is about gathering much more detailed information from you about your company\/project needs, then we build a work strategy that starts with learning more about you, the uniqueness of the business you run. Every detail relating to your brand is given special consideration to ensure provides the best work for you.<\/p><\/div>\n\t\t\t\t\t\t\t\t\t\t\t\t\t\t\t\t\t\t\t<\/div>\n\n\t\t\t\t\t\t\t\t\t\n\t\t\t\t\t\t\t\t<\/div>\n\t\t\t\t\t\t\t<\/div>\n\n\t\t\t\t\t\t\t\t\t\t\t\t\t\t\t\t\t\n\t\t\t\t\t\t\t\n\t\t\t\t\t\t\t<div class=\"bb-tabs__slide bb-tabs__nomedia\">\n\t\t\t\t\t\t\t\t<div class=\"bb-tabs__block flex\">\n\t\t\t\t\t\t\t\t\t\n\t\t\t\t\t\t\t\t\t<div class=\"bb-tabs__body\">\n\t\t\t\t\t\t\t\t\t\t<div class=\"bb-tabs__subtitle\"><h6>2 - WORKING<\/h6><\/div>\n\t\t\t\t\t\t\t\t\t\t<div class=\"bb-tabs__title\"><h3>PRE-PRODUCTION CHECK<\/h3><\/div>\n\t\t\t\t\t\t\t\t\t\t<div class=\"bb-tabs__excerpt\"><p>After conducting arduous research, our creative team develops an idea that forms a core philosophy of your market. Then we\u00a0 Start Working Hard to give the best results. In every step of pre-production, we share with you the visual assets to get your confirmation.\u00a0<\/p><\/div>\n\t\t\t\t\t\t\t\t\t\t\t\t\t\t\t\t\t\t\t<\/div>\n\n\t\t\t\t\t\t\t\t\t\n\t\t\t\t\t\t\t\t<\/div>\n\t\t\t\t\t\t\t<\/div>\n\n\t\t\t\t\t\t\t\t\t\t\t\t\t\t\t\t\t\n\t\t\t\t\t\t\t\n\t\t\t\t\t\t\t<div class=\"bb-tabs__slide bb-tabs__nomedia\">\n\t\t\t\t\t\t\t\t<div class=\"bb-tabs__block flex\">\n\t\t\t\t\t\t\t\t\t\n\t\t\t\t\t\t\t\t\t<div class=\"bb-tabs__body\">\n\t\t\t\t\t\t\t\t\t\t<div class=\"bb-tabs__subtitle\"><h6>3 - PRODUCTION AND LAUNCHING<\/h6><\/div>\n\t\t\t\t\t\t\t\t\t\t<div class=\"bb-tabs__title\"><h3>DELIVERING \/ FOLLOW UP<\/h3><\/div>\n\t\t\t\t\t\t\t\t\t\t<div class=\"bb-tabs__excerpt\"><p>Whatever type of work we offer you, we are keen to reach the best results and your complete satisfaction. If it is a simple task or a long-term project, we will follow up with you on the results after completing the work to ensure that we achieve the desired goal.<\/p><\/div>\n\t\t\t\t\t\t\t\t\t\t\t\t\t\t\t\t\t\t\t<\/div>\n\n\t\t\t\t\t\t\t\t\t\n\t\t\t\t\t\t\t\t<\/div>\n\t\t\t\t\t\t\t<\/div>\n\n\t\t\t\t\t\t\t\t\t\t\t\t\t\t\t<\/div>\n\n\t\t\t<\/div>\n\n\t\t<\/div>\n\n\t\t\t\t\t\t<\/div>\n\t\t\t\t<\/div>\n\t\t\t\t<div class=\"elementor-element elementor-element-6378b69 elementor-widget-divider--view-line elementor-widget elementor-widget-divider\" data-id=\"6378b69\" data-element_type=\"widget\" data-widget_type=\"divider.default\">\n\t\t\t\t<div class=\"elementor-widget-container\">\n\t\t\t\t\t\t\t<div class=\"elementor-divider\">\n\t\t\t<span class=\"elementor-divider-separator\">\n\t\t\t\t\t\t<\/span>\n\t\t<\/div>\n\t\t\t\t\t\t<\/div>\n\t\t\t\t<\/div>\n\t\t\t\t\t<\/div>\n\t\t<\/div>\n\t\t\t\t\t<\/div>\n\t\t<\/section>\n\t\t\t\t<section class=\"elementor-section elementor-top-section elementor-element elementor-element-fc064c5 elementor-section-boxed elementor-section-height-default elementor-section-height-default\" data-id=\"fc064c5\" data-element_type=\"section\">\n\t\t\t\t\t\t<div class=\"elementor-container elementor-column-gap-default\">\n\t\t\t\t\t<div class=\"elementor-column elementor-col-100 elementor-top-column elementor-element elementor-element-f1f9bd5\" data-id=\"f1f9bd5\" data-element_type=\"column\">\n\t\t\t<div class=\"elementor-widget-wrap elementor-element-populated\">\n\t\t\t\t\t\t<div class=\"elementor-element elementor-element-f581e8d elementor-widget elementor-widget-heading\" data-id=\"f581e8d\" data-element_type=\"widget\" data-widget_type=\"heading.default\">\n\t\t\t\t<div class=\"elementor-widget-container\">\n\t\t\t\t\t<h2 class=\"elementor-heading-title elementor-size-default\">NOUS COLLABORONS AVEC <br>PAR LE BIAIS DE CANAUX MULTIPLES.<\/h2>\t\t\t\t<\/div>\n\t\t\t\t<\/div>\n\t\t\t\t<div class=\"elementor-element elementor-element-74e1f51 elementor-widget elementor-widget-text-editor\" data-id=\"74e1f51\" data-element_type=\"widget\" data-widget_type=\"text-editor.default\">\n\t\t\t\t<div class=\"elementor-widget-container\">\n\t\t\t\t\t\t\t\t\t<p>Pour garantir une communication et une collaboration sans faille, nous proposons \u00e0 nos clients un \u00e9ventail de canaux.<\/p>\n\t\t\t\t\t\t\t\t<\/div>\n\t\t\t\t<\/div>\n\t\t\t\t<div class=\"elementor-element elementor-element-27ea5fd3 elementor-icon-list--layout-inline elementor-align-center elementor-mobile-align-center elementor-list-item-link-full_width elementor-widget elementor-widget-icon-list\" data-id=\"27ea5fd3\" data-element_type=\"widget\" data-widget_type=\"icon-list.default\">\n\t\t\t\t<div class=\"elementor-widget-container\">\n\t\t\t\t\t\t\t<ul class=\"elementor-icon-list-items elementor-inline-items\">\n\t\t\t\t\t\t\t<li class=\"elementor-icon-list-item elementor-inline-item\">\n\t\t\t\t\t\t\t\t\t\t\t<span class=\"elementor-icon-list-icon\">\n\t\t\t\t\t\t\t<i aria-hidden=\"true\" class=\"far fa-envelope-open\"><\/i>\t\t\t\t\t\t<\/span>\n\t\t\t\t\t\t\t\t\t\t<span class=\"elementor-icon-list-text\">E-MAIL<\/span>\n\t\t\t\t\t\t\t\t\t<\/li>\n\t\t\t\t\t\t\t\t<li class=\"elementor-icon-list-item elementor-inline-item\">\n\t\t\t\t\t\t\t\t\t\t\t<span class=\"elementor-icon-list-icon\">\n\t\t\t\t\t\t\t<i aria-hidden=\"true\" class=\"fab fa-whatsapp\"><\/i>\t\t\t\t\t\t<\/span>\n\t\t\t\t\t\t\t\t\t\t<span class=\"elementor-icon-list-text\">WHATSAPP<\/span>\n\t\t\t\t\t\t\t\t\t<\/li>\n\t\t\t\t\t\t\t\t<li class=\"elementor-icon-list-item elementor-inline-item\">\n\t\t\t\t\t\t\t\t\t\t\t<span class=\"elementor-icon-list-icon\">\n\t\t\t\t\t\t\t<i aria-hidden=\"true\" class=\"fas fa-desktop\"><\/i>\t\t\t\t\t\t<\/span>\n\t\t\t\t\t\t\t\t\t\t<span class=\"elementor-icon-list-text\">APPLICATION DE BUREAU \u00c0 DISTANCE<\/span>\n\t\t\t\t\t\t\t\t\t<\/li>\n\t\t\t\t\t\t\t\t<li class=\"elementor-icon-list-item elementor-inline-item\">\n\t\t\t\t\t\t\t\t\t\t\t<span class=\"elementor-icon-list-icon\">\n\t\t\t\t\t\t\t<i aria-hidden=\"true\" class=\"far fa-comments\"><\/i>\t\t\t\t\t\t<\/span>\n\t\t\t\t\t\t\t\t\t\t<span class=\"elementor-icon-list-text\">LIVECHAT<\/span>\n\t\t\t\t\t\t\t\t\t<\/li>\n\t\t\t\t\t\t\t\t<li class=\"elementor-icon-list-item elementor-inline-item\">\n\t\t\t\t\t\t\t\t\t\t\t<span class=\"elementor-icon-list-icon\">\n\t\t\t\t\t\t\t<i aria-hidden=\"true\" class=\"far fa-handshake\"><\/i>\t\t\t\t\t\t<\/span>\n\t\t\t\t\t\t\t\t\t\t<span class=\"elementor-icon-list-text\">Sites web sur la m\u00e9diation<\/span>\n\t\t\t\t\t\t\t\t\t<\/li>\n\t\t\t\t\t\t<\/ul>\n\t\t\t\t\t\t<\/div>\n\t\t\t\t<\/div>\n\t\t\t\t<div class=\"elementor-element elementor-element-77f506f elementor-widget-divider--view-line elementor-widget elementor-widget-divider\" data-id=\"77f506f\" data-element_type=\"widget\" data-widget_type=\"divider.default\">\n\t\t\t\t<div class=\"elementor-widget-container\">\n\t\t\t\t\t\t\t<div class=\"elementor-divider\">\n\t\t\t<span class=\"elementor-divider-separator\">\n\t\t\t\t\t\t<\/span>\n\t\t<\/div>\n\t\t\t\t\t\t<\/div>\n\t\t\t\t<\/div>\n\t\t\t\t<div class=\"elementor-element elementor-element-3f43a17 elementor-widget elementor-widget-text-editor\" data-id=\"3f43a17\" data-element_type=\"widget\" data-widget_type=\"text-editor.default\">\n\t\t\t\t<div class=\"elementor-widget-container\">\n\t\t\t\t\t\t\t\t\t<p>Nous nous r\u00e9jouissons de travailler avec vous et de vous aider \u00e0 atteindre vos objectifs commerciaux.  <br \/>Contactez-nous d\u00e8s aujourd&#8217;hui pour commencer \u00e0 travailler avec DTR Marketing Agency !<\/p>\n\t\t\t\t\t\t\t\t<\/div>\n\t\t\t\t<\/div>\n\t\t\t\t<div class=\"elementor-element elementor-element-b60f833 elementor-widget-divider--view-line elementor-widget elementor-widget-divider\" data-id=\"b60f833\" data-element_type=\"widget\" data-widget_type=\"divider.default\">\n\t\t\t\t<div class=\"elementor-widget-container\">\n\t\t\t\t\t\t\t<div class=\"elementor-divider\">\n\t\t\t<span class=\"elementor-divider-separator\">\n\t\t\t\t\t\t<\/span>\n\t\t<\/div>\n\t\t\t\t\t\t<\/div>\n\t\t\t\t<\/div>\n\t\t\t\t\t<\/div>\n\t\t<\/div>\n\t\t\t\t\t<\/div>\n\t\t<\/section>\n\t\t\t\t<\/div>\n\t\t","protected":false},"excerpt":{"rendered":"<p>DU R\u00caVE \u00c0 LA R\u00c9ALIT\u00c9 AGENCE DE MARKETING COMMENT NOUS TRAVAILLONS PROCESSUS SIMPLE + EFFICACIT\u00c9 MAXIMALE Chez DTR, nous pensons qu&#8217;une communication et une collaboration&hellip;<\/p>\n","protected":false},"author":1,"featured_media":0,"parent":0,"menu_order":0,"comment_status":"closed","ping_status":"closed","template":"elementor_theme","meta":{"_mo_disable_npp":"","om_disable_all_campaigns":false,"inline_featured_image":false,"_monsterinsights_skip_tracking":false,"_monsterinsights_sitenote_active":false,"_monsterinsights_sitenote_note":"","_monsterinsights_sitenote_category":0,"_uf_show_specific_survey":0,"_uf_disable_surveys":false,"footnotes":""},"class_list":["post-3427","page","type-page","status-publish","hentry"],"yoast_head":"<!-- This site is optimized with the Yoast SEO Premium plugin v20.13 (Yoast SEO v25.9) - https:\/\/yoast.com\/wordpress\/plugins\/seo\/ -->\n<title>Comment nous travaillons - DTR<\/title>\n<meta name=\"robots\" content=\"index, follow, max-snippet:-1, max-image-preview:large, max-video-preview:-1\" \/>\n<link rel=\"canonical\" href=\"https:\/\/dtr.ma\/fr\/comment-nous-travaillons\/\" \/>\n<meta property=\"og:locale\" content=\"fr_FR\" \/>\n<meta property=\"og:type\" content=\"article\" \/>\n<meta property=\"og:title\" content=\"Comment nous travaillons\" \/>\n<meta property=\"og:description\" content=\"DU R\u00caVE \u00c0 LA R\u00c9ALIT\u00c9 AGENCE DE MARKETING COMMENT NOUS TRAVAILLONS PROCESSUS SIMPLE + EFFICACIT\u00c9 MAXIMALE Chez DTR, nous pensons qu&#8217;une communication et une collaboration&hellip;\" \/>\n<meta property=\"og:url\" content=\"https:\/\/dtr.ma\/fr\/comment-nous-travaillons\/\" \/>\n<meta property=\"og:site_name\" content=\"DTR\" \/>\n<meta property=\"article:modified_time\" content=\"2025-01-22T14:03:39+00:00\" \/>\n<meta name=\"twitter:card\" content=\"summary_large_image\" \/>\n<meta name=\"twitter:label1\" content=\"Dur\u00e9e de lecture estim\u00e9e\" \/>\n\t<meta name=\"twitter:data1\" content=\"2 minutes\" \/>\n<script type=\"application\/ld+json\" class=\"yoast-schema-graph\">{\"@context\":\"https:\/\/schema.org\",\"@graph\":[{\"@type\":\"WebPage\",\"@id\":\"https:\/\/dtr.ma\/fr\/comment-nous-travaillons\/\",\"url\":\"https:\/\/dtr.ma\/fr\/comment-nous-travaillons\/\",\"name\":\"Comment nous travaillons - DTR\",\"isPartOf\":{\"@id\":\"https:\/\/dtr.ma\/fr\/#website\"},\"primaryImageOfPage\":{\"@id\":\"https:\/\/dtr.ma\/fr\/comment-nous-travaillons\/#primaryimage\"},\"image\":{\"@id\":\"https:\/\/dtr.ma\/fr\/comment-nous-travaillons\/#primaryimage\"},\"thumbnailUrl\":\"https:\/\/dtr.ma\/wp-content\/uploads\/2022\/12\/DTR-fave-icon-04.svg\",\"datePublished\":\"2022-12-07T17:08:57+00:00\",\"dateModified\":\"2025-01-22T14:03:39+00:00\",\"breadcrumb\":{\"@id\":\"https:\/\/dtr.ma\/fr\/comment-nous-travaillons\/#breadcrumb\"},\"inLanguage\":\"fr-FR\",\"potentialAction\":[{\"@type\":\"ReadAction\",\"target\":[\"https:\/\/dtr.ma\/fr\/comment-nous-travaillons\/\"]}]},{\"@type\":\"ImageObject\",\"inLanguage\":\"fr-FR\",\"@id\":\"https:\/\/dtr.ma\/fr\/comment-nous-travaillons\/#primaryimage\",\"url\":\"https:\/\/dtr.ma\/wp-content\/uploads\/2022\/12\/DTR-fave-icon-04.svg\",\"contentUrl\":\"https:\/\/dtr.ma\/wp-content\/uploads\/2022\/12\/DTR-fave-icon-04.svg\"},{\"@type\":\"BreadcrumbList\",\"@id\":\"https:\/\/dtr.ma\/fr\/comment-nous-travaillons\/#breadcrumb\",\"itemListElement\":[{\"@type\":\"ListItem\",\"position\":1,\"name\":\"Home\",\"item\":\"https:\/\/dtr.ma\/fr\/\"},{\"@type\":\"ListItem\",\"position\":2,\"name\":\"Comment nous travaillons\"}]},{\"@type\":\"WebSite\",\"@id\":\"https:\/\/dtr.ma\/fr\/#website\",\"url\":\"https:\/\/dtr.ma\/fr\/\",\"name\":\"DTR\",\"description\":\"Smart Business Solutions\",\"publisher\":{\"@id\":\"https:\/\/dtr.ma\/fr\/#organization\"},\"potentialAction\":[{\"@type\":\"SearchAction\",\"target\":{\"@type\":\"EntryPoint\",\"urlTemplate\":\"https:\/\/dtr.ma\/fr\/?s={search_term_string}\"},\"query-input\":{\"@type\":\"PropertyValueSpecification\",\"valueRequired\":true,\"valueName\":\"search_term_string\"}}],\"inLanguage\":\"fr-FR\"},{\"@type\":\"Organization\",\"@id\":\"https:\/\/dtr.ma\/fr\/#organization\",\"name\":\"DTR\",\"url\":\"https:\/\/dtr.ma\/fr\/\",\"logo\":{\"@type\":\"ImageObject\",\"inLanguage\":\"fr-FR\",\"@id\":\"https:\/\/dtr.ma\/fr\/#\/schema\/logo\/image\/\",\"url\":\"https:\/\/dtr.ma\/wp-content\/uploads\/2024\/11\/DTR-LOGO.svg\",\"contentUrl\":\"https:\/\/dtr.ma\/wp-content\/uploads\/2024\/11\/DTR-LOGO.svg\",\"width\":1528,\"height\":697,\"caption\":\"DTR\"},\"image\":{\"@id\":\"https:\/\/dtr.ma\/fr\/#\/schema\/logo\/image\/\"}}]}<\/script>\n<!-- \/ Yoast SEO Premium plugin. -->","yoast_head_json":{"title":"Comment nous travaillons - DTR","robots":{"index":"index","follow":"follow","max-snippet":"max-snippet:-1","max-image-preview":"max-image-preview:large","max-video-preview":"max-video-preview:-1"},"canonical":"https:\/\/dtr.ma\/fr\/comment-nous-travaillons\/","og_locale":"fr_FR","og_type":"article","og_title":"Comment nous travaillons","og_description":"DU R\u00caVE \u00c0 LA R\u00c9ALIT\u00c9 AGENCE DE MARKETING COMMENT NOUS TRAVAILLONS PROCESSUS SIMPLE + EFFICACIT\u00c9 MAXIMALE Chez DTR, nous pensons qu&#8217;une communication et une collaboration&hellip;","og_url":"https:\/\/dtr.ma\/fr\/comment-nous-travaillons\/","og_site_name":"DTR","article_modified_time":"2025-01-22T14:03:39+00:00","twitter_card":"summary_large_image","twitter_misc":{"Dur\u00e9e de lecture estim\u00e9e":"2 minutes"},"schema":{"@context":"https:\/\/schema.org","@graph":[{"@type":"WebPage","@id":"https:\/\/dtr.ma\/fr\/comment-nous-travaillons\/","url":"https:\/\/dtr.ma\/fr\/comment-nous-travaillons\/","name":"Comment nous travaillons - DTR","isPartOf":{"@id":"https:\/\/dtr.ma\/fr\/#website"},"primaryImageOfPage":{"@id":"https:\/\/dtr.ma\/fr\/comment-nous-travaillons\/#primaryimage"},"image":{"@id":"https:\/\/dtr.ma\/fr\/comment-nous-travaillons\/#primaryimage"},"thumbnailUrl":"https:\/\/dtr.ma\/wp-content\/uploads\/2022\/12\/DTR-fave-icon-04.svg","datePublished":"2022-12-07T17:08:57+00:00","dateModified":"2025-01-22T14:03:39+00:00","breadcrumb":{"@id":"https:\/\/dtr.ma\/fr\/comment-nous-travaillons\/#breadcrumb"},"inLanguage":"fr-FR","potentialAction":[{"@type":"ReadAction","target":["https:\/\/dtr.ma\/fr\/comment-nous-travaillons\/"]}]},{"@type":"ImageObject","inLanguage":"fr-FR","@id":"https:\/\/dtr.ma\/fr\/comment-nous-travaillons\/#primaryimage","url":"https:\/\/dtr.ma\/wp-content\/uploads\/2022\/12\/DTR-fave-icon-04.svg","contentUrl":"https:\/\/dtr.ma\/wp-content\/uploads\/2022\/12\/DTR-fave-icon-04.svg"},{"@type":"BreadcrumbList","@id":"https:\/\/dtr.ma\/fr\/comment-nous-travaillons\/#breadcrumb","itemListElement":[{"@type":"ListItem","position":1,"name":"Home","item":"https:\/\/dtr.ma\/fr\/"},{"@type":"ListItem","position":2,"name":"Comment nous travaillons"}]},{"@type":"WebSite","@id":"https:\/\/dtr.ma\/fr\/#website","url":"https:\/\/dtr.ma\/fr\/","name":"DTR","description":"Smart Business Solutions","publisher":{"@id":"https:\/\/dtr.ma\/fr\/#organization"},"potentialAction":[{"@type":"SearchAction","target":{"@type":"EntryPoint","urlTemplate":"https:\/\/dtr.ma\/fr\/?s={search_term_string}"},"query-input":{"@type":"PropertyValueSpecification","valueRequired":true,"valueName":"search_term_string"}}],"inLanguage":"fr-FR"},{"@type":"Organization","@id":"https:\/\/dtr.ma\/fr\/#organization","name":"DTR","url":"https:\/\/dtr.ma\/fr\/","logo":{"@type":"ImageObject","inLanguage":"fr-FR","@id":"https:\/\/dtr.ma\/fr\/#\/schema\/logo\/image\/","url":"https:\/\/dtr.ma\/wp-content\/uploads\/2024\/11\/DTR-LOGO.svg","contentUrl":"https:\/\/dtr.ma\/wp-content\/uploads\/2024\/11\/DTR-LOGO.svg","width":1528,"height":697,"caption":"DTR"},"image":{"@id":"https:\/\/dtr.ma\/fr\/#\/schema\/logo\/image\/"}}]}},"jetpack_sharing_enabled":true,"_links":{"self":[{"href":"https:\/\/dtr.ma\/fr\/wp-json\/wp\/v2\/pages\/3427","targetHints":{"allow":["GET"]}}],"collection":[{"href":"https:\/\/dtr.ma\/fr\/wp-json\/wp\/v2\/pages"}],"about":[{"href":"https:\/\/dtr.ma\/fr\/wp-json\/wp\/v2\/types\/page"}],"author":[{"embeddable":true,"href":"https:\/\/dtr.ma\/fr\/wp-json\/wp\/v2\/users\/1"}],"replies":[{"embeddable":true,"href":"https:\/\/dtr.ma\/fr\/wp-json\/wp\/v2\/comments?post=3427"}],"version-history":[{"count":0,"href":"https:\/\/dtr.ma\/fr\/wp-json\/wp\/v2\/pages\/3427\/revisions"}],"wp:attachment":[{"href":"https:\/\/dtr.ma\/fr\/wp-json\/wp\/v2\/media?parent=3427"}],"curies":[{"name":"wp","href":"https:\/\/api.w.org\/{rel}","templated":true}]}}