{"id":3429,"date":"2022-12-07T17:10:40","date_gmt":"2022-12-07T17:10:40","guid":{"rendered":"https:\/\/dtr.ma\/outils-et-ressources\/"},"modified":"2025-01-22T14:03:39","modified_gmt":"2025-01-22T14:03:39","slug":"outils-et-ressources","status":"publish","type":"page","link":"https:\/\/dtr.ma\/fr\/outils-et-ressources\/","title":{"rendered":"Outils et ressources"},"content":{"rendered":"\t\t<div data-elementor-type=\"wp-page\" data-elementor-id=\"3429\" class=\"elementor elementor-3429 elementor-185\" data-elementor-post-type=\"page\">\n\t\t\t\t\t\t<section class=\"elementor-section elementor-top-section elementor-element elementor-element-08a5faf elementor-section-boxed elementor-section-height-default elementor-section-height-default\" data-id=\"08a5faf\" data-element_type=\"section\">\n\t\t\t\t\t\t<div class=\"elementor-container elementor-column-gap-default\">\n\t\t\t\t\t<div class=\"elementor-column elementor-col-100 elementor-top-column elementor-element elementor-element-389de85\" data-id=\"389de85\" data-element_type=\"column\">\n\t\t\t<div class=\"elementor-widget-wrap elementor-element-populated\">\n\t\t\t\t\t\t<div class=\"elementor-element elementor-element-583eaaeb elementor-widget elementor-widget-heading\" data-id=\"583eaaeb\" data-element_type=\"widget\" data-widget_type=\"heading.default\">\n\t\t\t\t<div class=\"elementor-widget-container\">\n\t\t\t\t\t<h1 class=\"elementor-heading-title elementor-size-default\">D\u00e9couvrez. Responsabiliser. R\u00e9ussir.<\/h1>\t\t\t\t<\/div>\n\t\t\t\t<\/div>\n\t\t\t\t<div class=\"elementor-element elementor-element-506e474f elementor-widget elementor-widget-heading\" data-id=\"506e474f\" data-element_type=\"widget\" data-widget_type=\"heading.default\">\n\t\t\t\t<div class=\"elementor-widget-container\">\n\t\t\t\t\t<h2 class=\"elementor-heading-title elementor-size-default\">\nOutils et ressources<\/h2>\t\t\t\t<\/div>\n\t\t\t\t<\/div>\n\t\t\t\t<div class=\"elementor-element elementor-element-27e4284 elementor-widget elementor-widget-text-editor\" data-id=\"27e4284\" data-element_type=\"widget\" data-widget_type=\"text-editor.default\">\n\t\t\t\t<div class=\"elementor-widget-container\">\n\t\t\t\t\t\t\t\t\t<p>Bienvenue dans notre collection d&#8217;outils et de sites web que nous utilisons chaque jour pour rendre notre travail plus intelligent, plus rapide et plus efficace. Le plus beau ? Nous les partageons avec vous gratuitement !<\/p>\n\t\t\t\t\t\t\t\t<\/div>\n\t\t\t\t<\/div>\n\t\t\t\t\t<\/div>\n\t\t<\/div>\n\t\t\t\t\t<\/div>\n\t\t<\/section>\n\t\t\t\t<section class=\"elementor-section elementor-top-section elementor-element elementor-element-3f8d918 elementor-section-boxed elementor-section-height-default elementor-section-height-default\" data-id=\"3f8d918\" data-element_type=\"section\">\n\t\t\t\t\t\t<div class=\"elementor-container elementor-column-gap-default\">\n\t\t\t\t\t<div class=\"elementor-column elementor-col-100 elementor-top-column elementor-element elementor-element-0b2adb1\" data-id=\"0b2adb1\" data-element_type=\"column\">\n\t\t\t<div class=\"elementor-widget-wrap elementor-element-populated\">\n\t\t\t\t\t\t<div class=\"elementor-element elementor-element-6bddb9b elementor-grid-3 elementor-grid-tablet-2 elementor-grid-mobile-1 elementor-posts--thumbnail-top elementor-card-shadow-yes elementor-posts__hover-gradient elementor-widget elementor-widget-posts\" data-id=\"6bddb9b\" data-element_type=\"widget\" data-settings=\"{&quot;cards_columns&quot;:&quot;3&quot;,&quot;cards_columns_tablet&quot;:&quot;2&quot;,&quot;cards_columns_mobile&quot;:&quot;1&quot;,&quot;cards_row_gap&quot;:{&quot;unit&quot;:&quot;px&quot;,&quot;size&quot;:35,&quot;sizes&quot;:[]},&quot;cards_row_gap_tablet&quot;:{&quot;unit&quot;:&quot;px&quot;,&quot;size&quot;:&quot;&quot;,&quot;sizes&quot;:[]},&quot;cards_row_gap_mobile&quot;:{&quot;unit&quot;:&quot;px&quot;,&quot;size&quot;:&quot;&quot;,&quot;sizes&quot;:[]}}\" data-widget_type=\"posts.cards\">\n\t\t\t\t<div class=\"elementor-widget-container\">\n\t\t\t\t\t\t\t<div class=\"elementor-posts-container elementor-posts elementor-posts--skin-cards elementor-grid\" role=\"list\">\n\t\t\t\t<article class=\"elementor-post elementor-grid-item post-3830 post type-post status-publish format-standard has-post-thumbnail hentry category-interactive-tech category-non-classifiee\" role=\"listitem\">\n\t\t\t<div class=\"elementor-post__card\">\n\t\t\t\t<a class=\"elementor-post__thumbnail__link\" href=\"https:\/\/dtr.ma\/fr\/ecrans-interactifs-une-mise-a-niveau-simple-et-intelligente-pour-les-lieux-de-travail-et-les-ecoles-au-maroc\/\" tabindex=\"-1\" ><div class=\"elementor-post__thumbnail\"><img fetchpriority=\"high\" decoding=\"async\" width=\"300\" height=\"202\" src=\"https:\/\/i0.wp.com\/dtr.ma\/wp-content\/uploads\/2024\/12\/Product-DTR-17.jpg?fit=300%2C202&amp;ssl=1\" class=\"attachment-medium size-medium wp-image-3676\" alt=\"\" srcset=\"https:\/\/i0.wp.com\/dtr.ma\/wp-content\/uploads\/2024\/12\/Product-DTR-17.jpg?w=1668&amp;ssl=1 1668w, https:\/\/i0.wp.com\/dtr.ma\/wp-content\/uploads\/2024\/12\/Product-DTR-17.jpg?resize=300%2C202&amp;ssl=1 300w, https:\/\/i0.wp.com\/dtr.ma\/wp-content\/uploads\/2024\/12\/Product-DTR-17.jpg?resize=1024%2C689&amp;ssl=1 1024w, https:\/\/i0.wp.com\/dtr.ma\/wp-content\/uploads\/2024\/12\/Product-DTR-17.jpg?resize=768%2C517&amp;ssl=1 768w, https:\/\/i0.wp.com\/dtr.ma\/wp-content\/uploads\/2024\/12\/Product-DTR-17.jpg?resize=1536%2C1034&amp;ssl=1 1536w, https:\/\/i0.wp.com\/dtr.ma\/wp-content\/uploads\/2024\/12\/Product-DTR-17.jpg?resize=624%2C420&amp;ssl=1 624w, https:\/\/i0.wp.com\/dtr.ma\/wp-content\/uploads\/2024\/12\/Product-DTR-17.jpg?resize=800%2C539&amp;ssl=1 800w, https:\/\/i0.wp.com\/dtr.ma\/wp-content\/uploads\/2024\/12\/Product-DTR-17.jpg?w=1280&amp;ssl=1 1280w\" sizes=\"(max-width: 300px) 100vw, 300px\" \/><\/div><\/a>\n\t\t\t\t<div class=\"elementor-post__text\">\n\t\t\t\t<h3 class=\"elementor-post__title\">\n\t\t\t<a href=\"https:\/\/dtr.ma\/fr\/ecrans-interactifs-une-mise-a-niveau-simple-et-intelligente-pour-les-lieux-de-travail-et-les-ecoles-au-maroc\/\" >\n\t\t\t\t\u00c9crans interactifs : Une mise \u00e0 niveau simple et intelligente pour les lieux de travail et les \u00e9coles au Maroc\t\t\t<\/a>\n\t\t<\/h3>\n\t\t\t\t<\/div>\n\t\t\t\t\t<\/div>\n\t\t<\/article>\n\t\t\t\t<article class=\"elementor-post elementor-grid-item post-3568 post type-post status-publish format-standard has-post-thumbnail hentry category-non-classifiee\" role=\"listitem\">\n\t\t\t<div class=\"elementor-post__card\">\n\t\t\t\t<a class=\"elementor-post__thumbnail__link\" href=\"https:\/\/dtr.ma\/fr\/pourquoi-votre-entreprise-au-maroc-a-t-elle-absolument-besoin-dun-ecran-interactif\/\" tabindex=\"-1\" ><div class=\"elementor-post__thumbnail\"><img decoding=\"async\" width=\"300\" height=\"200\" src=\"https:\/\/i0.wp.com\/dtr.ma\/wp-content\/uploads\/2024\/12\/asian-entrepreneur-holding-remote-control-presenti-2023-11-27-05-19-13-utc-scaled.jpg?fit=300%2C200&amp;ssl=1\" class=\"attachment-medium size-medium wp-image-3206\" alt=\"\" srcset=\"https:\/\/i0.wp.com\/dtr.ma\/wp-content\/uploads\/2024\/12\/asian-entrepreneur-holding-remote-control-presenti-2023-11-27-05-19-13-utc-scaled.jpg?w=2560&amp;ssl=1 2560w, https:\/\/i0.wp.com\/dtr.ma\/wp-content\/uploads\/2024\/12\/asian-entrepreneur-holding-remote-control-presenti-2023-11-27-05-19-13-utc-scaled.jpg?resize=300%2C200&amp;ssl=1 300w, https:\/\/i0.wp.com\/dtr.ma\/wp-content\/uploads\/2024\/12\/asian-entrepreneur-holding-remote-control-presenti-2023-11-27-05-19-13-utc-scaled.jpg?resize=1024%2C683&amp;ssl=1 1024w, https:\/\/i0.wp.com\/dtr.ma\/wp-content\/uploads\/2024\/12\/asian-entrepreneur-holding-remote-control-presenti-2023-11-27-05-19-13-utc-scaled.jpg?resize=768%2C512&amp;ssl=1 768w, https:\/\/i0.wp.com\/dtr.ma\/wp-content\/uploads\/2024\/12\/asian-entrepreneur-holding-remote-control-presenti-2023-11-27-05-19-13-utc-scaled.jpg?resize=1536%2C1024&amp;ssl=1 1536w, https:\/\/i0.wp.com\/dtr.ma\/wp-content\/uploads\/2024\/12\/asian-entrepreneur-holding-remote-control-presenti-2023-11-27-05-19-13-utc-scaled.jpg?resize=2048%2C1365&amp;ssl=1 2048w, https:\/\/i0.wp.com\/dtr.ma\/wp-content\/uploads\/2024\/12\/asian-entrepreneur-holding-remote-control-presenti-2023-11-27-05-19-13-utc-scaled.jpg?resize=624%2C416&amp;ssl=1 624w, https:\/\/i0.wp.com\/dtr.ma\/wp-content\/uploads\/2024\/12\/asian-entrepreneur-holding-remote-control-presenti-2023-11-27-05-19-13-utc-scaled.jpg?resize=800%2C533&amp;ssl=1 800w, https:\/\/i0.wp.com\/dtr.ma\/wp-content\/uploads\/2024\/12\/asian-entrepreneur-holding-remote-control-presenti-2023-11-27-05-19-13-utc-scaled.jpg?w=1280&amp;ssl=1 1280w, https:\/\/i0.wp.com\/dtr.ma\/wp-content\/uploads\/2024\/12\/asian-entrepreneur-holding-remote-control-presenti-2023-11-27-05-19-13-utc-scaled.jpg?w=1920&amp;ssl=1 1920w\" sizes=\"(max-width: 300px) 100vw, 300px\" \/><\/div><\/a>\n\t\t\t\t<div class=\"elementor-post__text\">\n\t\t\t\t<h3 class=\"elementor-post__title\">\n\t\t\t<a href=\"https:\/\/dtr.ma\/fr\/pourquoi-votre-entreprise-au-maroc-a-t-elle-absolument-besoin-dun-ecran-interactif\/\" >\n\t\t\t\tPourquoi Votre Entreprise au Maroc A-t-elle Absolument Besoin d\u2019un \u00c9cran Interactif\t\t\t<\/a>\n\t\t<\/h3>\n\t\t\t\t<\/div>\n\t\t\t\t\t<\/div>\n\t\t<\/article>\n\t\t\t\t<article class=\"elementor-post elementor-grid-item post-3394 post type-post status-publish format-standard has-post-thumbnail hentry category-non-classifiee\" role=\"listitem\">\n\t\t\t<div class=\"elementor-post__card\">\n\t\t\t\t<a class=\"elementor-post__thumbnail__link\" href=\"https:\/\/dtr.ma\/fr\/pourquoi-linfrastructure-informatique-est-essentielle-a-la-croissance-des-entreprises\/\" tabindex=\"-1\" ><div class=\"elementor-post__thumbnail\"><img decoding=\"async\" width=\"300\" height=\"200\" src=\"https:\/\/i0.wp.com\/dtr.ma\/wp-content\/uploads\/2024\/12\/business-supervisor-sharing-opinions-about-a-new-p-2024-06-18-23-46-43-utc-scaled.jpg?fit=300%2C200&amp;ssl=1\" class=\"attachment-medium size-medium wp-image-3199\" alt=\"\" srcset=\"https:\/\/i0.wp.com\/dtr.ma\/wp-content\/uploads\/2024\/12\/business-supervisor-sharing-opinions-about-a-new-p-2024-06-18-23-46-43-utc-scaled.jpg?w=2560&amp;ssl=1 2560w, https:\/\/i0.wp.com\/dtr.ma\/wp-content\/uploads\/2024\/12\/business-supervisor-sharing-opinions-about-a-new-p-2024-06-18-23-46-43-utc-scaled.jpg?resize=300%2C200&amp;ssl=1 300w, https:\/\/i0.wp.com\/dtr.ma\/wp-content\/uploads\/2024\/12\/business-supervisor-sharing-opinions-about-a-new-p-2024-06-18-23-46-43-utc-scaled.jpg?resize=1024%2C683&amp;ssl=1 1024w, https:\/\/i0.wp.com\/dtr.ma\/wp-content\/uploads\/2024\/12\/business-supervisor-sharing-opinions-about-a-new-p-2024-06-18-23-46-43-utc-scaled.jpg?resize=768%2C512&amp;ssl=1 768w, https:\/\/i0.wp.com\/dtr.ma\/wp-content\/uploads\/2024\/12\/business-supervisor-sharing-opinions-about-a-new-p-2024-06-18-23-46-43-utc-scaled.jpg?resize=1536%2C1024&amp;ssl=1 1536w, https:\/\/i0.wp.com\/dtr.ma\/wp-content\/uploads\/2024\/12\/business-supervisor-sharing-opinions-about-a-new-p-2024-06-18-23-46-43-utc-scaled.jpg?resize=2048%2C1365&amp;ssl=1 2048w, https:\/\/i0.wp.com\/dtr.ma\/wp-content\/uploads\/2024\/12\/business-supervisor-sharing-opinions-about-a-new-p-2024-06-18-23-46-43-utc-scaled.jpg?resize=624%2C416&amp;ssl=1 624w, https:\/\/i0.wp.com\/dtr.ma\/wp-content\/uploads\/2024\/12\/business-supervisor-sharing-opinions-about-a-new-p-2024-06-18-23-46-43-utc-scaled.jpg?resize=800%2C533&amp;ssl=1 800w, https:\/\/i0.wp.com\/dtr.ma\/wp-content\/uploads\/2024\/12\/business-supervisor-sharing-opinions-about-a-new-p-2024-06-18-23-46-43-utc-scaled.jpg?w=1280&amp;ssl=1 1280w, https:\/\/i0.wp.com\/dtr.ma\/wp-content\/uploads\/2024\/12\/business-supervisor-sharing-opinions-about-a-new-p-2024-06-18-23-46-43-utc-scaled.jpg?w=1920&amp;ssl=1 1920w\" sizes=\"(max-width: 300px) 100vw, 300px\" \/><\/div><\/a>\n\t\t\t\t<div class=\"elementor-post__text\">\n\t\t\t\t<h3 class=\"elementor-post__title\">\n\t\t\t<a href=\"https:\/\/dtr.ma\/fr\/pourquoi-linfrastructure-informatique-est-essentielle-a-la-croissance-des-entreprises\/\" >\n\t\t\t\tPourquoi l&#8217;infrastructure informatique est essentielle \u00e0 la croissance des entreprises\t\t\t<\/a>\n\t\t<\/h3>\n\t\t\t\t<\/div>\n\t\t\t\t\t<\/div>\n\t\t<\/article>\n\t\t\t\t<article class=\"elementor-post elementor-grid-item post-3351 post type-post status-publish format-standard has-post-thumbnail hentry category-non-classifiee\" role=\"listitem\">\n\t\t\t<div class=\"elementor-post__card\">\n\t\t\t\t<a class=\"elementor-post__thumbnail__link\" href=\"https:\/\/dtr.ma\/fr\/5-avantages-des-ecrans-interactifs-pour-leducation-au-maroc\/\" tabindex=\"-1\" ><div class=\"elementor-post__thumbnail\"><img loading=\"lazy\" decoding=\"async\" width=\"300\" height=\"200\" src=\"https:\/\/i0.wp.com\/dtr.ma\/wp-content\/uploads\/2024\/12\/male-teacher-and-his-students-using-interactive-wh-2023-11-27-04-52-28-utc-scaled.jpg?fit=300%2C200&amp;ssl=1\" class=\"attachment-medium size-medium wp-image-3215\" alt=\"\" srcset=\"https:\/\/i0.wp.com\/dtr.ma\/wp-content\/uploads\/2024\/12\/male-teacher-and-his-students-using-interactive-wh-2023-11-27-04-52-28-utc-scaled.jpg?w=2560&amp;ssl=1 2560w, https:\/\/i0.wp.com\/dtr.ma\/wp-content\/uploads\/2024\/12\/male-teacher-and-his-students-using-interactive-wh-2023-11-27-04-52-28-utc-scaled.jpg?resize=300%2C200&amp;ssl=1 300w, https:\/\/i0.wp.com\/dtr.ma\/wp-content\/uploads\/2024\/12\/male-teacher-and-his-students-using-interactive-wh-2023-11-27-04-52-28-utc-scaled.jpg?resize=1024%2C683&amp;ssl=1 1024w, https:\/\/i0.wp.com\/dtr.ma\/wp-content\/uploads\/2024\/12\/male-teacher-and-his-students-using-interactive-wh-2023-11-27-04-52-28-utc-scaled.jpg?resize=768%2C512&amp;ssl=1 768w, https:\/\/i0.wp.com\/dtr.ma\/wp-content\/uploads\/2024\/12\/male-teacher-and-his-students-using-interactive-wh-2023-11-27-04-52-28-utc-scaled.jpg?resize=1536%2C1024&amp;ssl=1 1536w, https:\/\/i0.wp.com\/dtr.ma\/wp-content\/uploads\/2024\/12\/male-teacher-and-his-students-using-interactive-wh-2023-11-27-04-52-28-utc-scaled.jpg?resize=2048%2C1365&amp;ssl=1 2048w, https:\/\/i0.wp.com\/dtr.ma\/wp-content\/uploads\/2024\/12\/male-teacher-and-his-students-using-interactive-wh-2023-11-27-04-52-28-utc-scaled.jpg?resize=624%2C416&amp;ssl=1 624w, https:\/\/i0.wp.com\/dtr.ma\/wp-content\/uploads\/2024\/12\/male-teacher-and-his-students-using-interactive-wh-2023-11-27-04-52-28-utc-scaled.jpg?resize=800%2C533&amp;ssl=1 800w, https:\/\/i0.wp.com\/dtr.ma\/wp-content\/uploads\/2024\/12\/male-teacher-and-his-students-using-interactive-wh-2023-11-27-04-52-28-utc-scaled.jpg?w=1280&amp;ssl=1 1280w, https:\/\/i0.wp.com\/dtr.ma\/wp-content\/uploads\/2024\/12\/male-teacher-and-his-students-using-interactive-wh-2023-11-27-04-52-28-utc-scaled.jpg?w=1920&amp;ssl=1 1920w\" sizes=\"(max-width: 300px) 100vw, 300px\" \/><\/div><\/a>\n\t\t\t\t<div class=\"elementor-post__text\">\n\t\t\t\t<h3 class=\"elementor-post__title\">\n\t\t\t<a href=\"https:\/\/dtr.ma\/fr\/5-avantages-des-ecrans-interactifs-pour-leducation-au-maroc\/\" >\n\t\t\t\t5 Avantages des \u00c9crans Interactifs pour l&#8217;\u00c9ducation au Maroc\t\t\t<\/a>\n\t\t<\/h3>\n\t\t\t\t<\/div>\n\t\t\t\t\t<\/div>\n\t\t<\/article>\n\t\t\t\t<article class=\"elementor-post elementor-grid-item post-3566 post type-post status-publish format-standard has-post-thumbnail hentry category-non-classifiee\" role=\"listitem\">\n\t\t\t<div class=\"elementor-post__card\">\n\t\t\t\t<a class=\"elementor-post__thumbnail__link\" href=\"https:\/\/dtr.ma\/fr\/solutions-de-rv-pour-les-entreprises-et-lenseignement-vue-densemble\/\" tabindex=\"-1\" ><div class=\"elementor-post__thumbnail\"><img loading=\"lazy\" decoding=\"async\" width=\"300\" height=\"169\" src=\"https:\/\/i0.wp.com\/dtr.ma\/wp-content\/uploads\/2025\/01\/shutterstock_1031105449-scaled.jpg?fit=300%2C169&amp;ssl=1\" class=\"attachment-medium size-medium wp-image-3198\" alt=\"\" srcset=\"https:\/\/i0.wp.com\/dtr.ma\/wp-content\/uploads\/2025\/01\/shutterstock_1031105449-scaled.jpg?w=2560&amp;ssl=1 2560w, https:\/\/i0.wp.com\/dtr.ma\/wp-content\/uploads\/2025\/01\/shutterstock_1031105449-scaled.jpg?resize=300%2C169&amp;ssl=1 300w, https:\/\/i0.wp.com\/dtr.ma\/wp-content\/uploads\/2025\/01\/shutterstock_1031105449-scaled.jpg?resize=1024%2C576&amp;ssl=1 1024w, https:\/\/i0.wp.com\/dtr.ma\/wp-content\/uploads\/2025\/01\/shutterstock_1031105449-scaled.jpg?resize=768%2C432&amp;ssl=1 768w, https:\/\/i0.wp.com\/dtr.ma\/wp-content\/uploads\/2025\/01\/shutterstock_1031105449-scaled.jpg?resize=1536%2C864&amp;ssl=1 1536w, https:\/\/i0.wp.com\/dtr.ma\/wp-content\/uploads\/2025\/01\/shutterstock_1031105449-scaled.jpg?resize=2048%2C1152&amp;ssl=1 2048w, https:\/\/i0.wp.com\/dtr.ma\/wp-content\/uploads\/2025\/01\/shutterstock_1031105449-scaled.jpg?resize=624%2C351&amp;ssl=1 624w, https:\/\/i0.wp.com\/dtr.ma\/wp-content\/uploads\/2025\/01\/shutterstock_1031105449-scaled.jpg?resize=800%2C450&amp;ssl=1 800w, https:\/\/i0.wp.com\/dtr.ma\/wp-content\/uploads\/2025\/01\/shutterstock_1031105449-scaled.jpg?w=1280&amp;ssl=1 1280w, https:\/\/i0.wp.com\/dtr.ma\/wp-content\/uploads\/2025\/01\/shutterstock_1031105449-scaled.jpg?w=1920&amp;ssl=1 1920w\" sizes=\"(max-width: 300px) 100vw, 300px\" \/><\/div><\/a>\n\t\t\t\t<div class=\"elementor-post__text\">\n\t\t\t\t<h3 class=\"elementor-post__title\">\n\t\t\t<a href=\"https:\/\/dtr.ma\/fr\/solutions-de-rv-pour-les-entreprises-et-lenseignement-vue-densemble\/\" >\n\t\t\t\tSolutions de RV pour les entreprises et l&#8217;enseignement &#8211; Vue d&#8217;ensemble\t\t\t<\/a>\n\t\t<\/h3>\n\t\t\t\t<\/div>\n\t\t\t\t\t<\/div>\n\t\t<\/article>\n\t\t\t\t<article class=\"elementor-post elementor-grid-item post-3564 post type-post status-publish format-standard has-post-thumbnail hentry category-non-classifiee\" role=\"listitem\">\n\t\t\t<div class=\"elementor-post__card\">\n\t\t\t\t<a class=\"elementor-post__thumbnail__link\" href=\"https:\/\/dtr.ma\/fr\/ecran-interactif-lumera-view-informations-detaillees\/\" tabindex=\"-1\" ><div class=\"elementor-post__thumbnail\"><img loading=\"lazy\" decoding=\"async\" width=\"300\" height=\"202\" src=\"https:\/\/i0.wp.com\/dtr.ma\/wp-content\/uploads\/2024\/12\/DTR-LUMERAVIEW-SCREEN.jpg?fit=300%2C202&amp;ssl=1\" class=\"attachment-medium size-medium wp-image-3194\" alt=\"\" srcset=\"https:\/\/i0.wp.com\/dtr.ma\/wp-content\/uploads\/2024\/12\/DTR-LUMERAVIEW-SCREEN.jpg?w=1668&amp;ssl=1 1668w, https:\/\/i0.wp.com\/dtr.ma\/wp-content\/uploads\/2024\/12\/DTR-LUMERAVIEW-SCREEN.jpg?resize=300%2C202&amp;ssl=1 300w, https:\/\/i0.wp.com\/dtr.ma\/wp-content\/uploads\/2024\/12\/DTR-LUMERAVIEW-SCREEN.jpg?resize=1024%2C689&amp;ssl=1 1024w, https:\/\/i0.wp.com\/dtr.ma\/wp-content\/uploads\/2024\/12\/DTR-LUMERAVIEW-SCREEN.jpg?resize=768%2C517&amp;ssl=1 768w, https:\/\/i0.wp.com\/dtr.ma\/wp-content\/uploads\/2024\/12\/DTR-LUMERAVIEW-SCREEN.jpg?resize=1536%2C1034&amp;ssl=1 1536w, https:\/\/i0.wp.com\/dtr.ma\/wp-content\/uploads\/2024\/12\/DTR-LUMERAVIEW-SCREEN.jpg?resize=624%2C420&amp;ssl=1 624w, https:\/\/i0.wp.com\/dtr.ma\/wp-content\/uploads\/2024\/12\/DTR-LUMERAVIEW-SCREEN.jpg?resize=800%2C539&amp;ssl=1 800w, https:\/\/i0.wp.com\/dtr.ma\/wp-content\/uploads\/2024\/12\/DTR-LUMERAVIEW-SCREEN.jpg?w=1280&amp;ssl=1 1280w\" sizes=\"(max-width: 300px) 100vw, 300px\" \/><\/div><\/a>\n\t\t\t\t<div class=\"elementor-post__text\">\n\t\t\t\t<h3 class=\"elementor-post__title\">\n\t\t\t<a href=\"https:\/\/dtr.ma\/fr\/ecran-interactif-lumera-view-informations-detaillees\/\" >\n\t\t\t\t\u00c9cran interactif LUMERA VIEW &#8211; Informations d\u00e9taill\u00e9es\t\t\t<\/a>\n\t\t<\/h3>\n\t\t\t\t<\/div>\n\t\t\t\t\t<\/div>\n\t\t<\/article>\n\t\t\t\t<\/div>\n\t\t\n\t\t\t\t\t\t<\/div>\n\t\t\t\t<\/div>\n\t\t\t\t\t<\/div>\n\t\t<\/div>\n\t\t\t\t\t<\/div>\n\t\t<\/section>\n\t\t\t\t<\/div>\n\t\t","protected":false},"excerpt":{"rendered":"<p>D\u00e9couvrez. Responsabiliser. R\u00e9ussir. Outils et ressources Bienvenue dans notre collection d&#8217;outils et de sites web que nous utilisons chaque jour pour rendre notre travail plus<\/p>\n","protected":false},"author":1,"featured_media":0,"parent":0,"menu_order":0,"comment_status":"closed","ping_status":"closed","template":"","meta":{"_mo_disable_npp":"","om_disable_all_campaigns":false,"inline_featured_image":false,"_monsterinsights_skip_tracking":false,"_monsterinsights_sitenote_active":false,"_monsterinsights_sitenote_note":"","_monsterinsights_sitenote_category":0,"_uf_show_specific_survey":0,"_uf_disable_surveys":false,"footnotes":""},"class_list":["post-3429","page","type-page","status-publish","hentry",""],"yoast_head":"<!-- This site is optimized with the Yoast SEO Premium plugin v20.13 (Yoast SEO v25.9) - https:\/\/yoast.com\/wordpress\/plugins\/seo\/ -->\n<title>Outils et ressources - DTR<\/title>\n<meta name=\"robots\" content=\"index, follow, max-snippet:-1, max-image-preview:large, max-video-preview:-1\" \/>\n<link rel=\"canonical\" href=\"https:\/\/dtr.ma\/fr\/outils-et-ressources\/\" \/>\n<meta property=\"og:locale\" content=\"fr_FR\" \/>\n<meta property=\"og:type\" content=\"article\" \/>\n<meta property=\"og:title\" content=\"Outils et ressources\" \/>\n<meta property=\"og:description\" content=\"D\u00e9couvrez. Responsabiliser. R\u00e9ussir. Outils et ressources Bienvenue dans notre collection d&#8217;outils et de sites web que nous utilisons chaque jour pour rendre notre travail plus\" \/>\n<meta property=\"og:url\" content=\"https:\/\/dtr.ma\/fr\/outils-et-ressources\/\" \/>\n<meta property=\"og:site_name\" content=\"DTR\" \/>\n<meta property=\"article:modified_time\" content=\"2025-01-22T14:03:39+00:00\" \/>\n<meta name=\"twitter:card\" content=\"summary_large_image\" \/>\n<script type=\"application\/ld+json\" class=\"yoast-schema-graph\">{\"@context\":\"https:\/\/schema.org\",\"@graph\":[{\"@type\":\"WebPage\",\"@id\":\"https:\/\/dtr.ma\/fr\/outils-et-ressources\/\",\"url\":\"https:\/\/dtr.ma\/fr\/outils-et-ressources\/\",\"name\":\"Outils et ressources - DTR\",\"isPartOf\":{\"@id\":\"https:\/\/dtr.ma\/fr\/#website\"},\"datePublished\":\"2022-12-07T17:10:40+00:00\",\"dateModified\":\"2025-01-22T14:03:39+00:00\",\"breadcrumb\":{\"@id\":\"https:\/\/dtr.ma\/fr\/outils-et-ressources\/#breadcrumb\"},\"inLanguage\":\"fr-FR\",\"potentialAction\":[{\"@type\":\"ReadAction\",\"target\":[\"https:\/\/dtr.ma\/fr\/outils-et-ressources\/\"]}]},{\"@type\":\"BreadcrumbList\",\"@id\":\"https:\/\/dtr.ma\/fr\/outils-et-ressources\/#breadcrumb\",\"itemListElement\":[{\"@type\":\"ListItem\",\"position\":1,\"name\":\"Home\",\"item\":\"https:\/\/dtr.ma\/fr\/\"},{\"@type\":\"ListItem\",\"position\":2,\"name\":\"Outils et ressources\"}]},{\"@type\":\"WebSite\",\"@id\":\"https:\/\/dtr.ma\/fr\/#website\",\"url\":\"https:\/\/dtr.ma\/fr\/\",\"name\":\"DTR\",\"description\":\"Smart Business Solutions\",\"publisher\":{\"@id\":\"https:\/\/dtr.ma\/fr\/#organization\"},\"potentialAction\":[{\"@type\":\"SearchAction\",\"target\":{\"@type\":\"EntryPoint\",\"urlTemplate\":\"https:\/\/dtr.ma\/fr\/?s={search_term_string}\"},\"query-input\":{\"@type\":\"PropertyValueSpecification\",\"valueRequired\":true,\"valueName\":\"search_term_string\"}}],\"inLanguage\":\"fr-FR\"},{\"@type\":\"Organization\",\"@id\":\"https:\/\/dtr.ma\/fr\/#organization\",\"name\":\"DTR\",\"url\":\"https:\/\/dtr.ma\/fr\/\",\"logo\":{\"@type\":\"ImageObject\",\"inLanguage\":\"fr-FR\",\"@id\":\"https:\/\/dtr.ma\/fr\/#\/schema\/logo\/image\/\",\"url\":\"https:\/\/dtr.ma\/wp-content\/uploads\/2024\/11\/DTR-LOGO.svg\",\"contentUrl\":\"https:\/\/dtr.ma\/wp-content\/uploads\/2024\/11\/DTR-LOGO.svg\",\"width\":1528,\"height\":697,\"caption\":\"DTR\"},\"image\":{\"@id\":\"https:\/\/dtr.ma\/fr\/#\/schema\/logo\/image\/\"}}]}<\/script>\n<!-- \/ Yoast SEO Premium plugin. -->","yoast_head_json":{"title":"Outils et ressources - DTR","robots":{"index":"index","follow":"follow","max-snippet":"max-snippet:-1","max-image-preview":"max-image-preview:large","max-video-preview":"max-video-preview:-1"},"canonical":"https:\/\/dtr.ma\/fr\/outils-et-ressources\/","og_locale":"fr_FR","og_type":"article","og_title":"Outils et ressources","og_description":"D\u00e9couvrez. Responsabiliser. R\u00e9ussir. Outils et ressources Bienvenue dans notre collection d&#8217;outils et de sites web que nous utilisons chaque jour pour rendre notre travail plus","og_url":"https:\/\/dtr.ma\/fr\/outils-et-ressources\/","og_site_name":"DTR","article_modified_time":"2025-01-22T14:03:39+00:00","twitter_card":"summary_large_image","schema":{"@context":"https:\/\/schema.org","@graph":[{"@type":"WebPage","@id":"https:\/\/dtr.ma\/fr\/outils-et-ressources\/","url":"https:\/\/dtr.ma\/fr\/outils-et-ressources\/","name":"Outils et ressources - DTR","isPartOf":{"@id":"https:\/\/dtr.ma\/fr\/#website"},"datePublished":"2022-12-07T17:10:40+00:00","dateModified":"2025-01-22T14:03:39+00:00","breadcrumb":{"@id":"https:\/\/dtr.ma\/fr\/outils-et-ressources\/#breadcrumb"},"inLanguage":"fr-FR","potentialAction":[{"@type":"ReadAction","target":["https:\/\/dtr.ma\/fr\/outils-et-ressources\/"]}]},{"@type":"BreadcrumbList","@id":"https:\/\/dtr.ma\/fr\/outils-et-ressources\/#breadcrumb","itemListElement":[{"@type":"ListItem","position":1,"name":"Home","item":"https:\/\/dtr.ma\/fr\/"},{"@type":"ListItem","position":2,"name":"Outils et ressources"}]},{"@type":"WebSite","@id":"https:\/\/dtr.ma\/fr\/#website","url":"https:\/\/dtr.ma\/fr\/","name":"DTR","description":"Smart Business Solutions","publisher":{"@id":"https:\/\/dtr.ma\/fr\/#organization"},"potentialAction":[{"@type":"SearchAction","target":{"@type":"EntryPoint","urlTemplate":"https:\/\/dtr.ma\/fr\/?s={search_term_string}"},"query-input":{"@type":"PropertyValueSpecification","valueRequired":true,"valueName":"search_term_string"}}],"inLanguage":"fr-FR"},{"@type":"Organization","@id":"https:\/\/dtr.ma\/fr\/#organization","name":"DTR","url":"https:\/\/dtr.ma\/fr\/","logo":{"@type":"ImageObject","inLanguage":"fr-FR","@id":"https:\/\/dtr.ma\/fr\/#\/schema\/logo\/image\/","url":"https:\/\/dtr.ma\/wp-content\/uploads\/2024\/11\/DTR-LOGO.svg","contentUrl":"https:\/\/dtr.ma\/wp-content\/uploads\/2024\/11\/DTR-LOGO.svg","width":1528,"height":697,"caption":"DTR"},"image":{"@id":"https:\/\/dtr.ma\/fr\/#\/schema\/logo\/image\/"}}]}},"jetpack_sharing_enabled":true,"_links":{"self":[{"href":"https:\/\/dtr.ma\/fr\/wp-json\/wp\/v2\/pages\/3429","targetHints":{"allow":["GET"]}}],"collection":[{"href":"https:\/\/dtr.ma\/fr\/wp-json\/wp\/v2\/pages"}],"about":[{"href":"https:\/\/dtr.ma\/fr\/wp-json\/wp\/v2\/types\/page"}],"author":[{"embeddable":true,"href":"https:\/\/dtr.ma\/fr\/wp-json\/wp\/v2\/users\/1"}],"replies":[{"embeddable":true,"href":"https:\/\/dtr.ma\/fr\/wp-json\/wp\/v2\/comments?post=3429"}],"version-history":[{"count":0,"href":"https:\/\/dtr.ma\/fr\/wp-json\/wp\/v2\/pages\/3429\/revisions"}],"wp:attachment":[{"href":"https:\/\/dtr.ma\/fr\/wp-json\/wp\/v2\/media?parent=3429"}],"curies":[{"name":"wp","href":"https:\/\/api.w.org\/{rel}","templated":true}]}}