{"id":3450,"date":"2025-01-14T01:58:50","date_gmt":"2025-01-14T01:58:50","guid":{"rendered":"https:\/\/dtr.ma\/services-alimentes-par-lia\/"},"modified":"2025-01-22T14:03:51","modified_gmt":"2025-01-22T14:03:51","slug":"services-alimentes-par-lia","status":"publish","type":"page","link":"https:\/\/dtr.ma\/fr\/services-alimentes-par-lia\/","title":{"rendered":"Services aliment\u00e9s par l&#8217;IA"},"content":{"rendered":"\t\t<div data-elementor-type=\"wp-page\" data-elementor-id=\"3450\" class=\"elementor elementor-3450 elementor-2104\" data-elementor-post-type=\"page\">\n\t\t\t\t\t\t<section class=\"elementor-section elementor-top-section elementor-element elementor-element-51b377a elementor-section-boxed elementor-section-height-default elementor-section-height-default\" data-id=\"51b377a\" data-element_type=\"section\">\n\t\t\t\t\t\t<div class=\"elementor-container elementor-column-gap-default\">\n\t\t\t\t\t<div class=\"elementor-column elementor-col-100 elementor-top-column elementor-element elementor-element-4d4e48f\" data-id=\"4d4e48f\" data-element_type=\"column\">\n\t\t\t<div class=\"elementor-widget-wrap elementor-element-populated\">\n\t\t\t\t\t\t\t<\/div>\n\t\t<\/div>\n\t\t\t\t\t<\/div>\n\t\t<\/section>\n\t\t\t\t<section class=\"elementor-section elementor-top-section elementor-element elementor-element-7772058 elementor-section-boxed elementor-section-height-default elementor-section-height-default\" data-id=\"7772058\" data-element_type=\"section\">\n\t\t\t\t\t\t<div class=\"elementor-container elementor-column-gap-default\">\n\t\t\t\t\t<div class=\"elementor-column elementor-col-100 elementor-top-column elementor-element elementor-element-37669b1\" data-id=\"37669b1\" data-element_type=\"column\">\n\t\t\t<div class=\"elementor-widget-wrap elementor-element-populated\">\n\t\t\t\t\t\t<div class=\"elementor-element elementor-element-59f60d80 elementor-widget elementor-widget-text-editor\" data-id=\"59f60d80\" data-element_type=\"widget\" data-widget_type=\"text-editor.default\">\n\t\t\t\t<div class=\"elementor-widget-container\">\n\t\t\t\t\t\t\t\t\t\n<h4 class=\"wp-block-heading\"><strong>Chatbots d&#8217;IA pour les sites web<\/strong><\/h4>\n\n<p>Nous mettons en \u0153uvre et personnalisons des chatbots IA qui interagissent avec les visiteurs de votre site web, offrant une assistance transparente et am\u00e9liorant l&#8217;engagement des clients.<\/p>\n\n<p><strong>Ce que nous offrons :<\/strong><\/p>\n\n<ul class=\"wp-block-list\">\n<li>Mise en place d&#8217;un chatbot sur mesure pour les FAQ, la g\u00e9n\u00e9ration de leads et la navigation guid\u00e9e.<\/li>\n\n<li>Assistance en temps r\u00e9el 24\/7 pour r\u00e9duire les temps d&#8217;attente des clients.<\/li>\n\n<li>Int\u00e9gration avec les syst\u00e8mes de gestion de la relation client (CRM) pour des informations fond\u00e9es sur des donn\u00e9es.<\/li>\n<\/ul>\n\n<p><strong>Principaux avantages :<\/strong><\/p>\n\n<ul class=\"wp-block-list\">\n<li>\u00c9conomisez sur les co\u00fbts d&#8217;assistance \u00e0 la client\u00e8le.<\/li>\n\n<li>Augmentez les taux de conversion gr\u00e2ce \u00e0 un engagement proactif.<\/li>\n\n<li>Am\u00e9liorer l&#8217;exp\u00e9rience globale de l&#8217;utilisateur.<\/li>\n<\/ul>\n<hr class=\"wp-block-separator has-alpha-channel-opacity\">\n<h4 class=\"wp-block-heading\"><strong>\u00c9dition d&#8217;images et de vid\u00e9os \u00e0 l&#8217;aide de l&#8217;IA<\/strong><\/h4>\n\n<p>Faites passer vos visuels au niveau sup\u00e9rieur gr\u00e2ce \u00e0 nos services d&#8217;\u00e9dition professionnels am\u00e9lior\u00e9s par l&#8217;IA. Parfait pour le commerce \u00e9lectronique, le marketing et les entreprises ax\u00e9es sur le contenu. <\/p>\n\n<p><strong>Ce que nous offrons :<\/strong><\/p>\n\n<ul class=\"wp-block-list\">\n<li><strong>\u00c9dition d&#8217;images<\/strong>: Am\u00e9lioration de la qualit\u00e9, suppression de l&#8217;arri\u00e8re-plan, retouche et optimisation pour le web.<\/li>\n\n<li><strong>Montage vid\u00e9o<\/strong>: Coupes pr\u00e9cises, transitions automatis\u00e9es, g\u00e9n\u00e9ration de sous-titres et affinage des sc\u00e8nes.<\/li>\n<\/ul>\n\n<p><strong>Principaux avantages :<\/strong><\/p>\n\n<ul class=\"wp-block-list\">\n<li>\u00c9conomisez des heures d&#8217;\u00e9dition manuelle.<\/li>\n\n<li>Obtenez des r\u00e9sultats coh\u00e9rents, de qualit\u00e9 professionnelle, adapt\u00e9s \u00e0 votre image de marque.<\/li>\n\n<li>Id\u00e9al pour les catalogues de produits, les campagnes de m\u00e9dias sociaux et le contenu publicitaire.<\/li>\n<\/ul>\n<hr class=\"wp-block-separator has-alpha-channel-opacity\">\n<h4 class=\"wp-block-heading\"><strong>Solutions vocales : Transcription et clonage<\/strong><\/h4>\n\n<p>Nos services vocaux aliment\u00e9s par l&#8217;IA sont con\u00e7us pour rendre le traitement audio transparent et percutant.<\/p>\n\n<p><strong>Ce que nous offrons :<\/strong><\/p>\n\n<ul class=\"wp-block-list\">\n<li><strong>Services de transcription<\/strong>: Convertissez des fichiers audio en texte sans erreur pour des r\u00e9unions, des entretiens ou des podcasts.<\/li>\n\n<li><strong>Clonage de voix<\/strong>: Cr\u00e9ez des r\u00e9pliques vocales personnalis\u00e9es pour votre image de marque, votre contenu audio et vos campagnes de marketing.<\/li>\n<\/ul>\n\n<p><strong>Principaux avantages :<\/strong><\/p>\n\n<ul class=\"wp-block-list\">\n<li>R\u00e9duire les d\u00e9lais d&#8217;ex\u00e9cution des t\u00e2ches de transcription.<\/li>\n\n<li>Ajoutez une voix unique \u00e0 votre marque pour les podcasts, les publicit\u00e9s ou les interactions avec les clients.<\/li>\n<\/ul>\n<hr class=\"wp-block-separator has-alpha-channel-opacity\">\n<h4 class=\"wp-block-heading\"><strong>Enqu\u00eates et formulaires aliment\u00e9s par l&#8217;IA<\/strong><\/h4>\n\n<p>Suscitez l&#8217;int\u00e9r\u00eat de votre public et recueillez des informations utiles gr\u00e2ce \u00e0 des enqu\u00eates intelligentes et adaptatives. Nous concevons et d\u00e9ployons des formulaires pilot\u00e9s par l&#8217;IA qui s&#8217;adaptent dynamiquement aux r\u00e9ponses des utilisateurs. <\/p>\n\n<p><strong>Ce que nous offrons :<\/strong><\/p>\n\n<ul class=\"wp-block-list\">\n<li>Cr\u00e9ation d&#8217;enqu\u00eates personnalis\u00e9es pour recueillir des informations pr\u00e9cieuses sur le public.<\/li>\n\n<li>Adaptabilit\u00e9 en temps r\u00e9el pour une meilleure pr\u00e9cision des r\u00e9ponses.<\/li>\n\n<li>Int\u00e9gration avec des outils d&#8217;analyse pour une visualisation approfondie des donn\u00e9es.<\/li>\n<\/ul>\n\n<p><strong>Principaux avantages :<\/strong><\/p>\n\n<ul class=\"wp-block-list\">\n<li>Augmentez les taux de participation gr\u00e2ce \u00e0 des conceptions intuitives.<\/li>\n\n<li>G\u00e9n\u00e9rer des informations exploitables pour affiner votre strat\u00e9gie.<\/li>\n<\/ul>\n<hr class=\"wp-block-separator has-alpha-channel-opacity\">\n<h4 class=\"wp-block-heading\"><strong>L&#8217;analyse pr\u00e9dictive en tant que service<\/strong><\/h4>\n\n<p>Transformez vos donn\u00e9es en pr\u00e9visions gr\u00e2ce \u00e0 nos services d&#8217;analyse pr\u00e9dictive. Nous utilisons l&#8217;IA pour analyser les donn\u00e9es historiques et fournir des informations exploitables pour la planification future. <\/p>\n\n<p><strong>Ce que nous offrons :<\/strong><\/p>\n\n<ul class=\"wp-block-list\">\n<li>Collecte et nettoyage des donn\u00e9es pour des pr\u00e9visions pr\u00e9cises.<\/li>\n\n<li>Des informations sur les tendances du march\u00e9, les comportements des clients et les pr\u00e9visions de ventes.<\/li>\n\n<li>Des rapports r\u00e9guliers pour \u00e9clairer les d\u00e9cisions strat\u00e9giques.<\/li>\n<\/ul>\n\n<p><strong>Principaux avantages :<\/strong><\/p>\n\n<ul class=\"wp-block-list\">\n<li>Prenez des d\u00e9cisions \u00e9clair\u00e9es, fond\u00e9es sur des donn\u00e9es.<\/li>\n\n<li>Restez \u00e0 l&#8217;aff\u00fbt des tendances du secteur et de l&#8217;\u00e9volution du march\u00e9.<\/li>\n<\/ul>\n<hr class=\"wp-block-separator has-alpha-channel-opacity\">\n<h4 class=\"wp-block-heading\"><strong>Moteurs de personnalisation de l&#8217;IA<\/strong><\/h4>\n\n<p>Nous d\u00e9ployons des moteurs d&#8217;IA avanc\u00e9s pour offrir \u00e0 vos clients des exp\u00e9riences personnalis\u00e9es sur les sites web et les applis.<\/p>\n\n<p><strong>Ce que nous offrons :<\/strong><\/p>\n\n<ul class=\"wp-block-list\">\n<li>Moteurs de recommandation pour des suggestions personnalis\u00e9es de produits ou de contenus.<\/li>\n\n<li>Analyse du comportement des utilisateurs pour cr\u00e9er des parcours sur mesure.<\/li>\n\n<li>Int\u00e9gration avec les plates-formes de commerce \u00e9lectronique pour des ventes cibl\u00e9es et crois\u00e9es.<\/li>\n<\/ul>\n\n<p><strong>Principaux avantages :<\/strong><\/p>\n\n<ul class=\"wp-block-list\">\n<li>Renforcez la fid\u00e9lit\u00e9 de vos clients gr\u00e2ce \u00e0 des interactions personnalis\u00e9es.<\/li>\n\n<li>Augmentez les ventes et l&#8217;engagement en offrant aux clients ce qu&#8217;ils veulent.<\/li>\n<\/ul>\n<hr class=\"wp-block-separator has-alpha-channel-opacity\">\n<h4 class=\"wp-block-heading\"><strong>Pourquoi nous choisir ?<\/strong><\/h4>\n\n<ul class=\"wp-block-list\">\n<li><strong>Ex\u00e9cution experte<\/strong>: Nous combinons les derniers outils d&#8217;intelligence artificielle avec des ann\u00e9es d&#8217;exp\u00e9rience pour obtenir des r\u00e9sultats impeccables.<\/li>\n\n<li><strong>Des solutions sur mesure<\/strong>: Chaque service est adapt\u00e9 \u00e0 vos besoins et objectifs uniques.<\/li>\n\n<li><strong>D\u00e9lai d&#8217;ex\u00e9cution rapide<\/strong>: Nos outils d&#8217;IA nous permettent de fournir des services de haute qualit\u00e9 rapidement et efficacement.<\/li>\n\n<li><strong>Un soutien de bout en bout<\/strong>: De la consultation \u00e0 la mise en \u0153uvre, nous prenons en charge chaque \u00e9tape du processus.<\/li>\n<\/ul>\n<hr class=\"wp-block-separator has-alpha-channel-opacity\">\n<p><strong>Pr\u00eat \u00e0 faire passer votre pr\u00e9sence num\u00e9rique au niveau sup\u00e9rieur ? Laissez nos services aliment\u00e9s par l&#8217;IA red\u00e9finir la fa\u00e7on dont votre entreprise s&#8217;engage avec le monde. Contactez-nous d\u00e8s aujourd&#8217;hui !  <\/strong><\/p>\n\t\t\t\t\t\t\t\t<\/div>\n\t\t\t\t<\/div>\n\t\t\t\t\t<\/div>\n\t\t<\/div>\n\t\t\t\t\t<\/div>\n\t\t<\/section>\n\t\t\t\t<\/div>\n\t\t","protected":false},"excerpt":{"rendered":"<p>Chatbots d&#8217;IA pour les sites web Nous mettons en \u0153uvre et personnalisons des chatbots IA qui interagissent avec les visiteurs de votre site web, offrant&hellip;<\/p>\n","protected":false},"author":1,"featured_media":0,"parent":0,"menu_order":0,"comment_status":"closed","ping_status":"closed","template":"","meta":{"_mo_disable_npp":"","om_disable_all_campaigns":false,"inline_featured_image":false,"_monsterinsights_skip_tracking":false,"_monsterinsights_sitenote_active":false,"_monsterinsights_sitenote_note":"","_monsterinsights_sitenote_category":0,"_uf_show_specific_survey":0,"_uf_disable_surveys":false,"footnotes":""},"class_list":["post-3450","page","type-page","status-publish","hentry"],"yoast_head":"<!-- This site is optimized with the Yoast SEO Premium plugin v20.13 (Yoast SEO v25.9) - https:\/\/yoast.com\/wordpress\/plugins\/seo\/ -->\n<title>Services aliment\u00e9s par l&#039;IA - DTR<\/title>\n<meta name=\"robots\" content=\"index, follow, max-snippet:-1, max-image-preview:large, max-video-preview:-1\" \/>\n<link rel=\"canonical\" href=\"https:\/\/dtr.ma\/fr\/services-alimentes-par-lia\/\" \/>\n<meta property=\"og:locale\" content=\"fr_FR\" \/>\n<meta property=\"og:type\" content=\"article\" \/>\n<meta property=\"og:title\" content=\"Services aliment\u00e9s par l&#039;IA\" \/>\n<meta property=\"og:description\" content=\"Chatbots d&#8217;IA pour les sites web Nous mettons en \u0153uvre et personnalisons des chatbots IA qui interagissent avec les visiteurs de votre site web, offrant&hellip;\" \/>\n<meta property=\"og:url\" content=\"https:\/\/dtr.ma\/fr\/services-alimentes-par-lia\/\" \/>\n<meta property=\"og:site_name\" content=\"DTR\" \/>\n<meta property=\"article:modified_time\" content=\"2025-01-22T14:03:51+00:00\" \/>\n<meta name=\"twitter:card\" content=\"summary_large_image\" \/>\n<meta name=\"twitter:label1\" content=\"Dur\u00e9e de lecture estim\u00e9e\" \/>\n\t<meta name=\"twitter:data1\" content=\"4 minutes\" \/>\n<script type=\"application\/ld+json\" class=\"yoast-schema-graph\">{\"@context\":\"https:\/\/schema.org\",\"@graph\":[{\"@type\":\"WebPage\",\"@id\":\"https:\/\/dtr.ma\/fr\/services-alimentes-par-lia\/\",\"url\":\"https:\/\/dtr.ma\/fr\/services-alimentes-par-lia\/\",\"name\":\"Services aliment\u00e9s par l'IA - DTR\",\"isPartOf\":{\"@id\":\"https:\/\/dtr.ma\/fr\/#website\"},\"datePublished\":\"2025-01-14T01:58:50+00:00\",\"dateModified\":\"2025-01-22T14:03:51+00:00\",\"breadcrumb\":{\"@id\":\"https:\/\/dtr.ma\/fr\/services-alimentes-par-lia\/#breadcrumb\"},\"inLanguage\":\"fr-FR\",\"potentialAction\":[{\"@type\":\"ReadAction\",\"target\":[\"https:\/\/dtr.ma\/fr\/services-alimentes-par-lia\/\"]}]},{\"@type\":\"BreadcrumbList\",\"@id\":\"https:\/\/dtr.ma\/fr\/services-alimentes-par-lia\/#breadcrumb\",\"itemListElement\":[{\"@type\":\"ListItem\",\"position\":1,\"name\":\"Home\",\"item\":\"https:\/\/dtr.ma\/fr\/\"},{\"@type\":\"ListItem\",\"position\":2,\"name\":\"Services aliment\u00e9s par l&#8217;IA\"}]},{\"@type\":\"WebSite\",\"@id\":\"https:\/\/dtr.ma\/fr\/#website\",\"url\":\"https:\/\/dtr.ma\/fr\/\",\"name\":\"DTR\",\"description\":\"Smart Business Solutions\",\"publisher\":{\"@id\":\"https:\/\/dtr.ma\/fr\/#organization\"},\"potentialAction\":[{\"@type\":\"SearchAction\",\"target\":{\"@type\":\"EntryPoint\",\"urlTemplate\":\"https:\/\/dtr.ma\/fr\/?s={search_term_string}\"},\"query-input\":{\"@type\":\"PropertyValueSpecification\",\"valueRequired\":true,\"valueName\":\"search_term_string\"}}],\"inLanguage\":\"fr-FR\"},{\"@type\":\"Organization\",\"@id\":\"https:\/\/dtr.ma\/fr\/#organization\",\"name\":\"DTR\",\"url\":\"https:\/\/dtr.ma\/fr\/\",\"logo\":{\"@type\":\"ImageObject\",\"inLanguage\":\"fr-FR\",\"@id\":\"https:\/\/dtr.ma\/fr\/#\/schema\/logo\/image\/\",\"url\":\"https:\/\/dtr.ma\/wp-content\/uploads\/2024\/11\/DTR-LOGO.svg\",\"contentUrl\":\"https:\/\/dtr.ma\/wp-content\/uploads\/2024\/11\/DTR-LOGO.svg\",\"width\":1528,\"height\":697,\"caption\":\"DTR\"},\"image\":{\"@id\":\"https:\/\/dtr.ma\/fr\/#\/schema\/logo\/image\/\"}}]}<\/script>\n<!-- \/ Yoast SEO Premium plugin. -->","yoast_head_json":{"title":"Services aliment\u00e9s par l'IA - DTR","robots":{"index":"index","follow":"follow","max-snippet":"max-snippet:-1","max-image-preview":"max-image-preview:large","max-video-preview":"max-video-preview:-1"},"canonical":"https:\/\/dtr.ma\/fr\/services-alimentes-par-lia\/","og_locale":"fr_FR","og_type":"article","og_title":"Services aliment\u00e9s par l'IA","og_description":"Chatbots d&#8217;IA pour les sites web Nous mettons en \u0153uvre et personnalisons des chatbots IA qui interagissent avec les visiteurs de votre site web, offrant&hellip;","og_url":"https:\/\/dtr.ma\/fr\/services-alimentes-par-lia\/","og_site_name":"DTR","article_modified_time":"2025-01-22T14:03:51+00:00","twitter_card":"summary_large_image","twitter_misc":{"Dur\u00e9e de lecture estim\u00e9e":"4 minutes"},"schema":{"@context":"https:\/\/schema.org","@graph":[{"@type":"WebPage","@id":"https:\/\/dtr.ma\/fr\/services-alimentes-par-lia\/","url":"https:\/\/dtr.ma\/fr\/services-alimentes-par-lia\/","name":"Services aliment\u00e9s par l'IA - DTR","isPartOf":{"@id":"https:\/\/dtr.ma\/fr\/#website"},"datePublished":"2025-01-14T01:58:50+00:00","dateModified":"2025-01-22T14:03:51+00:00","breadcrumb":{"@id":"https:\/\/dtr.ma\/fr\/services-alimentes-par-lia\/#breadcrumb"},"inLanguage":"fr-FR","potentialAction":[{"@type":"ReadAction","target":["https:\/\/dtr.ma\/fr\/services-alimentes-par-lia\/"]}]},{"@type":"BreadcrumbList","@id":"https:\/\/dtr.ma\/fr\/services-alimentes-par-lia\/#breadcrumb","itemListElement":[{"@type":"ListItem","position":1,"name":"Home","item":"https:\/\/dtr.ma\/fr\/"},{"@type":"ListItem","position":2,"name":"Services aliment\u00e9s par l&#8217;IA"}]},{"@type":"WebSite","@id":"https:\/\/dtr.ma\/fr\/#website","url":"https:\/\/dtr.ma\/fr\/","name":"DTR","description":"Smart Business Solutions","publisher":{"@id":"https:\/\/dtr.ma\/fr\/#organization"},"potentialAction":[{"@type":"SearchAction","target":{"@type":"EntryPoint","urlTemplate":"https:\/\/dtr.ma\/fr\/?s={search_term_string}"},"query-input":{"@type":"PropertyValueSpecification","valueRequired":true,"valueName":"search_term_string"}}],"inLanguage":"fr-FR"},{"@type":"Organization","@id":"https:\/\/dtr.ma\/fr\/#organization","name":"DTR","url":"https:\/\/dtr.ma\/fr\/","logo":{"@type":"ImageObject","inLanguage":"fr-FR","@id":"https:\/\/dtr.ma\/fr\/#\/schema\/logo\/image\/","url":"https:\/\/dtr.ma\/wp-content\/uploads\/2024\/11\/DTR-LOGO.svg","contentUrl":"https:\/\/dtr.ma\/wp-content\/uploads\/2024\/11\/DTR-LOGO.svg","width":1528,"height":697,"caption":"DTR"},"image":{"@id":"https:\/\/dtr.ma\/fr\/#\/schema\/logo\/image\/"}}]}},"jetpack_sharing_enabled":true,"_links":{"self":[{"href":"https:\/\/dtr.ma\/fr\/wp-json\/wp\/v2\/pages\/3450","targetHints":{"allow":["GET"]}}],"collection":[{"href":"https:\/\/dtr.ma\/fr\/wp-json\/wp\/v2\/pages"}],"about":[{"href":"https:\/\/dtr.ma\/fr\/wp-json\/wp\/v2\/types\/page"}],"author":[{"embeddable":true,"href":"https:\/\/dtr.ma\/fr\/wp-json\/wp\/v2\/users\/1"}],"replies":[{"embeddable":true,"href":"https:\/\/dtr.ma\/fr\/wp-json\/wp\/v2\/comments?post=3450"}],"version-history":[{"count":0,"href":"https:\/\/dtr.ma\/fr\/wp-json\/wp\/v2\/pages\/3450\/revisions"}],"wp:attachment":[{"href":"https:\/\/dtr.ma\/fr\/wp-json\/wp\/v2\/media?parent=3450"}],"curies":[{"name":"wp","href":"https:\/\/api.w.org\/{rel}","templated":true}]}}