{"id":3459,"date":"2025-01-14T03:57:34","date_gmt":"2025-01-14T03:57:34","guid":{"rendered":"https:\/\/dtr.ma\/services-dimage-de-marque\/"},"modified":"2025-01-22T14:03:50","modified_gmt":"2025-01-22T14:03:50","slug":"services-dimage-de-marque","status":"publish","type":"page","link":"https:\/\/dtr.ma\/fr\/services-dimage-de-marque\/","title":{"rendered":"Services d&#8217;image de marque"},"content":{"rendered":"\t\t<div data-elementor-type=\"wp-page\" data-elementor-id=\"3459\" class=\"elementor elementor-3459 elementor-2149\" data-elementor-post-type=\"page\">\n\t\t\t\t\t\t<section class=\"elementor-section elementor-top-section elementor-element elementor-element-8dcfa0a elementor-section-boxed elementor-section-height-default elementor-section-height-default\" data-id=\"8dcfa0a\" data-element_type=\"section\">\n\t\t\t\t\t\t<div class=\"elementor-container elementor-column-gap-default\">\n\t\t\t\t\t<div class=\"elementor-column elementor-col-100 elementor-top-column elementor-element elementor-element-e1e5c24\" data-id=\"e1e5c24\" data-element_type=\"column\">\n\t\t\t<div class=\"elementor-widget-wrap elementor-element-populated\">\n\t\t\t\t\t\t<div class=\"elementor-element elementor-element-2732846 elementor-widget elementor-widget-text-editor\" data-id=\"2732846\" data-element_type=\"widget\" data-widget_type=\"text-editor.default\">\n\t\t\t\t<div class=\"elementor-widget-container\">\n\t\t\t\t\t\t\t\t\t<p>Dans le monde num\u00e9rique d&#8217;aujourd&#8217;hui, la pr\u00e9sence en ligne de votre marque est le visage de votre entreprise. Nous proposons des services de branding sur mesure qui permettent \u00e0 votre entreprise de se d\u00e9marquer, d&#8217;attirer le bon public et d&#8217;obtenir des r\u00e9sultats mesurables. <\/p>\n<p><\/p>\t\t\t\t\t\t\t\t<\/div>\n\t\t\t\t<\/div>\n\t\t\t\t\t<\/div>\n\t\t<\/div>\n\t\t\t\t\t<\/div>\n\t\t<\/section>\n\t\t\t\t<section class=\"elementor-section elementor-top-section elementor-element elementor-element-326e1ba elementor-section-boxed elementor-section-height-default elementor-section-height-default\" data-id=\"326e1ba\" data-element_type=\"section\">\n\t\t\t\t\t\t<div class=\"elementor-container elementor-column-gap-default\">\n\t\t\t\t\t<div class=\"elementor-column elementor-col-100 elementor-top-column elementor-element elementor-element-6b17b35\" data-id=\"6b17b35\" data-element_type=\"column\">\n\t\t\t<div class=\"elementor-widget-wrap elementor-element-populated\">\n\t\t\t\t\t\t\t<\/div>\n\t\t<\/div>\n\t\t\t\t\t<\/div>\n\t\t<\/section>\n\t\t\t\t<section class=\"elementor-section elementor-top-section elementor-element elementor-element-7c74ba9f elementor-section-boxed elementor-section-height-default elementor-section-height-default\" data-id=\"7c74ba9f\" data-element_type=\"section\">\n\t\t\t\t\t\t<div class=\"elementor-container elementor-column-gap-default\">\n\t\t\t\t\t<div class=\"elementor-column elementor-col-100 elementor-top-column elementor-element elementor-element-4c97c9da\" data-id=\"4c97c9da\" data-element_type=\"column\">\n\t\t\t<div class=\"elementor-widget-wrap elementor-element-populated\">\n\t\t\t\t\t\t<div class=\"elementor-element elementor-element-11dbf594 elementor-widget elementor-widget-text-editor\" data-id=\"11dbf594\" data-element_type=\"widget\" data-widget_type=\"text-editor.default\">\n\t\t\t\t<div class=\"elementor-widget-container\">\n\t\t\t\t\t\t\t\t\t\n<h4 class=\"wp-block-heading\"><strong>Services d&#8217;audit de la marque en ligne<\/strong><\/h4>\n\n<p><strong>Audit de la marque num\u00e9rique<\/strong><br>\u00c9valuer votre pr\u00e9sence globale en ligne, y compris le site Web, les m\u00e9dias sociaux et les classements de recherche, afin de vous assurer que vous \u00eates comp\u00e9titif et percutant.<\/p>\n\n<p><strong>Audit des m\u00e9dias sociaux<\/strong><br>\u00c9valuez la coh\u00e9rence et la performance de votre marque sur les diff\u00e9rentes plateformes afin d&#8217;optimiser l&#8217;engagement et de d\u00e9velopper votre audience.<\/p>\n\n<p><strong>Audit de site web<\/strong><br>Am\u00e9liorez l&#8217;exp\u00e9rience utilisateur, le classement SEO et la r\u00e9activit\u00e9 mobile gr\u00e2ce \u00e0 un examen approfondi de la conception et des fonctionnalit\u00e9s de votre site web.<\/p>\n\n<p><strong>SEO &amp; Content Audit<\/strong><br>D\u00e9couvrez comment votre contenu se positionne sur les moteurs de recherche et d\u00e9couvrez des opportunit\u00e9s gr\u00e2ce \u00e0 des strat\u00e9gies d&#8217;optimisation des mots-cl\u00e9s.<\/p>\n\n<p><strong>Audit d&#8217;analyse de la concurrence<\/strong><br>Obtenez des informations sur la fa\u00e7on dont votre marque se compare aux leaders du secteur et d\u00e9couvrez les possibilit\u00e9s de les surpasser.<\/p>\n\n<p><strong>Audit de r\u00e9putation<\/strong><br>\u00c9tablissez la confiance en \u00e9valuant les avis en ligne, les commentaires des clients et le sentiment g\u00e9n\u00e9ral \u00e0 l&#8217;\u00e9gard de la marque.<\/p>\n\n<p><strong>Audit de marketing par courriel<\/strong><br>Augmentez l&#8217;engagement par courriel en examinant et en affinant la coh\u00e9rence de la campagne et les strat\u00e9gies de messagerie.<\/p>\n\n<p><strong>Audit du message de la marque<\/strong><br>Cr\u00e9ez un message unifi\u00e9 et puissant en \u00e9valuant votre ton, votre voix et votre message sur toutes les plateformes.<\/p>\n\n<p><strong>E-Commerce Branding Audit<\/strong><br>Optimisez votre boutique en ligne gr\u00e2ce \u00e0 des strat\u00e9gies qui am\u00e9liorent la pr\u00e9sentation des produits, l&#8217;emballage et l&#8217;exp\u00e9rience de paiement.<\/p>\n\n<p><strong>Examen de l&#8217;analyse num\u00e9rique<\/strong><br>Utilisez des donn\u00e9es issues d&#8217;outils tels que Google Analytics pour affiner vos strat\u00e9gies afin d&#8217;augmenter le trafic et les conversions.<\/p>\n<hr class=\"wp-block-separator has-alpha-channel-opacity\">\n<h4 class=\"wp-block-heading\"><strong>Services de strat\u00e9gie de marque en ligne<\/strong><\/h4>\n\n<p><strong>Positionnement de la marque num\u00e9rique<\/strong><br>D\u00e9finissez votre espace unique sur le march\u00e9 en ligne avec une strat\u00e9gie qui rend votre marque indispensable.<\/p>\n\n<p><strong>Strat\u00e9gie de marketing de contenu<\/strong><br>D\u00e9veloppez des plans de blog, de vid\u00e9o et de m\u00e9dias sociaux qui s&#8217;alignent parfaitement sur l&#8217;identit\u00e9 de votre marque.<\/p>\n\n<p><strong>Social Media Branding<\/strong><br>Cr\u00e9ez des profils attrayants et visuellement coh\u00e9rents qui captivent votre public et amplifient votre message.<\/p>\n\n<p><strong>Strat\u00e9gie de marque SEO<\/strong><br>Obtenez un meilleur classement et une meilleure visibilit\u00e9 gr\u00e2ce \u00e0 une strat\u00e9gie construite autour de mots-cl\u00e9s de marque et d&#8217;une analyse concurrentielle.<\/p>\n\n<p><strong>Personal Branding<\/strong><br>\u00c9levez les chefs d&#8217;entreprise ou les entrepreneurs en cr\u00e9ant une marque personnelle qui laisse une impression durable.<\/p>\n<hr class=\"wp-block-separator has-alpha-channel-opacity\">\n<h4 class=\"wp-block-heading\"><strong>Services de conception de marques num\u00e9riques<\/strong><\/h4>\n\n<p><strong>Conception de logo<\/strong><br>Cr\u00e9ation d&#8217;un logo unique qui d\u00e9finit votre marque.<\/p>\n\n<p><strong>Conception et cr\u00e9ation de sites web<\/strong><br>Transformez votre site web en un reflet dynamique de la vision et des valeurs de votre marque.<\/p>\n\n<p><strong>Packages de conception pour les m\u00e9dias sociaux<\/strong><br>Cr\u00e9ez de superbes mod\u00e8les pr\u00eats \u00e0 l&#8217;emploi pour les posts, les histoires et les banni\u00e8res qui renforcent l&#8217;identit\u00e9 de votre marque.<\/p>\n\n<p><strong>Conception de publicit\u00e9s num\u00e9riques<\/strong><br>Captez l&#8217;attention avec des cr\u00e9ations publicitaires visuellement convaincantes, optimis\u00e9es pour Facebook, Instagram et Google.<\/p>\n\n<p><strong>E-Commerce Branding<\/strong><br>Concevoir des pages de produits, des banni\u00e8res et des visuels d&#8217;ensemble pour am\u00e9liorer l&#8217;exp\u00e9rience utilisateur et la coh\u00e9rence de la marque de votre boutique en ligne.<\/p>\n\n<p><strong>Conception d&#8217;infographies<\/strong><br>Transformez des informations complexes en visuels percutants qui stimulent l&#8217;engagement sur les sites web et les m\u00e9dias sociaux.<\/p>\n<hr class=\"wp-block-separator has-alpha-channel-opacity\">\n<h4 class=\"wp-block-heading\"><strong>Solutions uniques d&#8217;image de marque en ligne<\/strong><\/h4>\n\n<p><strong>Ateliers de narration de marque (en ligne)<\/strong><br>Cr\u00e9ez des r\u00e9cits authentiques et attrayants qui trouvent un \u00e9cho aupr\u00e8s de votre public cible.<\/p>\n\n<p><strong>Consultation virtuelle sur la marque<\/strong><br>Acc\u00e9dez \u00e0 des conseils d&#8217;experts pour affiner votre strat\u00e9gie de marque num\u00e9rique gr\u00e2ce \u00e0 des sessions individuelles.<\/p>\n\n<p><strong>Campagnes d&#8217;activation de la marque (num\u00e9rique)<\/strong><br>Suscitez l&#8217;enthousiasme gr\u00e2ce \u00e0 des campagnes de lancement en ligne percutantes.<\/p>\n\n<p><strong>Gestion de crise dans les m\u00e9dias sociaux<\/strong><br>Prot\u00e9gez votre marque en g\u00e9rant de mani\u00e8re experte la publicit\u00e9 n\u00e9gative et en pr\u00e9servant votre r\u00e9putation en ligne.<\/p>\n<hr class=\"wp-block-separator has-alpha-channel-opacity\">\n<p>Laissez-nous transformer votre marque en un moteur de r\u00e9sultats. Contactez-nous d\u00e8s aujourd&#8217;hui pour am\u00e9liorer votre pr\u00e9sence num\u00e9rique ! <\/p>\n\n<p> <\/p>\n\t\t\t\t\t\t\t\t<\/div>\n\t\t\t\t<\/div>\n\t\t\t\t\t<\/div>\n\t\t<\/div>\n\t\t\t\t\t<\/div>\n\t\t<\/section>\n\t\t\t\t<\/div>\n\t\t","protected":false},"excerpt":{"rendered":"<p>Dans le monde num\u00e9rique d&#8217;aujourd&#8217;hui, la pr\u00e9sence en ligne de votre marque est le visage de votre entreprise. Nous proposons des services de branding sur&hellip;<\/p>\n","protected":false},"author":1,"featured_media":0,"parent":0,"menu_order":0,"comment_status":"closed","ping_status":"closed","template":"","meta":{"_mo_disable_npp":"","om_disable_all_campaigns":false,"inline_featured_image":false,"_monsterinsights_skip_tracking":false,"_monsterinsights_sitenote_active":false,"_monsterinsights_sitenote_note":"","_monsterinsights_sitenote_category":0,"_uf_show_specific_survey":0,"_uf_disable_surveys":false,"footnotes":""},"class_list":["post-3459","page","type-page","status-publish","hentry"],"yoast_head":"<!-- This site is optimized with the Yoast SEO Premium plugin v20.13 (Yoast SEO v25.9) - https:\/\/yoast.com\/wordpress\/plugins\/seo\/ -->\n<title>Services d&#039;image de marque - DTR<\/title>\n<meta name=\"robots\" content=\"index, follow, max-snippet:-1, max-image-preview:large, max-video-preview:-1\" \/>\n<link rel=\"canonical\" href=\"https:\/\/dtr.ma\/fr\/services-dimage-de-marque\/\" \/>\n<meta property=\"og:locale\" content=\"fr_FR\" \/>\n<meta property=\"og:type\" content=\"article\" \/>\n<meta property=\"og:title\" content=\"Services d&#039;image de marque\" \/>\n<meta property=\"og:description\" content=\"Dans le monde num\u00e9rique d&#8217;aujourd&#8217;hui, la pr\u00e9sence en ligne de votre marque est le visage de votre entreprise. Nous proposons des services de branding sur&hellip;\" \/>\n<meta property=\"og:url\" content=\"https:\/\/dtr.ma\/fr\/services-dimage-de-marque\/\" \/>\n<meta property=\"og:site_name\" content=\"DTR\" \/>\n<meta property=\"article:modified_time\" content=\"2025-01-22T14:03:50+00:00\" \/>\n<meta name=\"twitter:card\" content=\"summary_large_image\" \/>\n<meta name=\"twitter:label1\" content=\"Dur\u00e9e de lecture estim\u00e9e\" \/>\n\t<meta name=\"twitter:data1\" content=\"4 minutes\" \/>\n<script type=\"application\/ld+json\" class=\"yoast-schema-graph\">{\"@context\":\"https:\/\/schema.org\",\"@graph\":[{\"@type\":\"WebPage\",\"@id\":\"https:\/\/dtr.ma\/fr\/services-dimage-de-marque\/\",\"url\":\"https:\/\/dtr.ma\/fr\/services-dimage-de-marque\/\",\"name\":\"Services d'image de marque - DTR\",\"isPartOf\":{\"@id\":\"https:\/\/dtr.ma\/fr\/#website\"},\"datePublished\":\"2025-01-14T03:57:34+00:00\",\"dateModified\":\"2025-01-22T14:03:50+00:00\",\"breadcrumb\":{\"@id\":\"https:\/\/dtr.ma\/fr\/services-dimage-de-marque\/#breadcrumb\"},\"inLanguage\":\"fr-FR\",\"potentialAction\":[{\"@type\":\"ReadAction\",\"target\":[\"https:\/\/dtr.ma\/fr\/services-dimage-de-marque\/\"]}]},{\"@type\":\"BreadcrumbList\",\"@id\":\"https:\/\/dtr.ma\/fr\/services-dimage-de-marque\/#breadcrumb\",\"itemListElement\":[{\"@type\":\"ListItem\",\"position\":1,\"name\":\"Home\",\"item\":\"https:\/\/dtr.ma\/fr\/\"},{\"@type\":\"ListItem\",\"position\":2,\"name\":\"Services d&#8217;image de marque\"}]},{\"@type\":\"WebSite\",\"@id\":\"https:\/\/dtr.ma\/fr\/#website\",\"url\":\"https:\/\/dtr.ma\/fr\/\",\"name\":\"DTR\",\"description\":\"Smart Business Solutions\",\"publisher\":{\"@id\":\"https:\/\/dtr.ma\/fr\/#organization\"},\"potentialAction\":[{\"@type\":\"SearchAction\",\"target\":{\"@type\":\"EntryPoint\",\"urlTemplate\":\"https:\/\/dtr.ma\/fr\/?s={search_term_string}\"},\"query-input\":{\"@type\":\"PropertyValueSpecification\",\"valueRequired\":true,\"valueName\":\"search_term_string\"}}],\"inLanguage\":\"fr-FR\"},{\"@type\":\"Organization\",\"@id\":\"https:\/\/dtr.ma\/fr\/#organization\",\"name\":\"DTR\",\"url\":\"https:\/\/dtr.ma\/fr\/\",\"logo\":{\"@type\":\"ImageObject\",\"inLanguage\":\"fr-FR\",\"@id\":\"https:\/\/dtr.ma\/fr\/#\/schema\/logo\/image\/\",\"url\":\"https:\/\/dtr.ma\/wp-content\/uploads\/2024\/11\/DTR-LOGO.svg\",\"contentUrl\":\"https:\/\/dtr.ma\/wp-content\/uploads\/2024\/11\/DTR-LOGO.svg\",\"width\":1528,\"height\":697,\"caption\":\"DTR\"},\"image\":{\"@id\":\"https:\/\/dtr.ma\/fr\/#\/schema\/logo\/image\/\"}}]}<\/script>\n<!-- \/ Yoast SEO Premium plugin. -->","yoast_head_json":{"title":"Services d'image de marque - DTR","robots":{"index":"index","follow":"follow","max-snippet":"max-snippet:-1","max-image-preview":"max-image-preview:large","max-video-preview":"max-video-preview:-1"},"canonical":"https:\/\/dtr.ma\/fr\/services-dimage-de-marque\/","og_locale":"fr_FR","og_type":"article","og_title":"Services d'image de marque","og_description":"Dans le monde num\u00e9rique d&#8217;aujourd&#8217;hui, la pr\u00e9sence en ligne de votre marque est le visage de votre entreprise. Nous proposons des services de branding sur&hellip;","og_url":"https:\/\/dtr.ma\/fr\/services-dimage-de-marque\/","og_site_name":"DTR","article_modified_time":"2025-01-22T14:03:50+00:00","twitter_card":"summary_large_image","twitter_misc":{"Dur\u00e9e de lecture estim\u00e9e":"4 minutes"},"schema":{"@context":"https:\/\/schema.org","@graph":[{"@type":"WebPage","@id":"https:\/\/dtr.ma\/fr\/services-dimage-de-marque\/","url":"https:\/\/dtr.ma\/fr\/services-dimage-de-marque\/","name":"Services d'image de marque - DTR","isPartOf":{"@id":"https:\/\/dtr.ma\/fr\/#website"},"datePublished":"2025-01-14T03:57:34+00:00","dateModified":"2025-01-22T14:03:50+00:00","breadcrumb":{"@id":"https:\/\/dtr.ma\/fr\/services-dimage-de-marque\/#breadcrumb"},"inLanguage":"fr-FR","potentialAction":[{"@type":"ReadAction","target":["https:\/\/dtr.ma\/fr\/services-dimage-de-marque\/"]}]},{"@type":"BreadcrumbList","@id":"https:\/\/dtr.ma\/fr\/services-dimage-de-marque\/#breadcrumb","itemListElement":[{"@type":"ListItem","position":1,"name":"Home","item":"https:\/\/dtr.ma\/fr\/"},{"@type":"ListItem","position":2,"name":"Services d&#8217;image de marque"}]},{"@type":"WebSite","@id":"https:\/\/dtr.ma\/fr\/#website","url":"https:\/\/dtr.ma\/fr\/","name":"DTR","description":"Smart Business Solutions","publisher":{"@id":"https:\/\/dtr.ma\/fr\/#organization"},"potentialAction":[{"@type":"SearchAction","target":{"@type":"EntryPoint","urlTemplate":"https:\/\/dtr.ma\/fr\/?s={search_term_string}"},"query-input":{"@type":"PropertyValueSpecification","valueRequired":true,"valueName":"search_term_string"}}],"inLanguage":"fr-FR"},{"@type":"Organization","@id":"https:\/\/dtr.ma\/fr\/#organization","name":"DTR","url":"https:\/\/dtr.ma\/fr\/","logo":{"@type":"ImageObject","inLanguage":"fr-FR","@id":"https:\/\/dtr.ma\/fr\/#\/schema\/logo\/image\/","url":"https:\/\/dtr.ma\/wp-content\/uploads\/2024\/11\/DTR-LOGO.svg","contentUrl":"https:\/\/dtr.ma\/wp-content\/uploads\/2024\/11\/DTR-LOGO.svg","width":1528,"height":697,"caption":"DTR"},"image":{"@id":"https:\/\/dtr.ma\/fr\/#\/schema\/logo\/image\/"}}]}},"jetpack_sharing_enabled":true,"_links":{"self":[{"href":"https:\/\/dtr.ma\/fr\/wp-json\/wp\/v2\/pages\/3459","targetHints":{"allow":["GET"]}}],"collection":[{"href":"https:\/\/dtr.ma\/fr\/wp-json\/wp\/v2\/pages"}],"about":[{"href":"https:\/\/dtr.ma\/fr\/wp-json\/wp\/v2\/types\/page"}],"author":[{"embeddable":true,"href":"https:\/\/dtr.ma\/fr\/wp-json\/wp\/v2\/users\/1"}],"replies":[{"embeddable":true,"href":"https:\/\/dtr.ma\/fr\/wp-json\/wp\/v2\/comments?post=3459"}],"version-history":[{"count":0,"href":"https:\/\/dtr.ma\/fr\/wp-json\/wp\/v2\/pages\/3459\/revisions"}],"wp:attachment":[{"href":"https:\/\/dtr.ma\/fr\/wp-json\/wp\/v2\/media?parent=3459"}],"curies":[{"name":"wp","href":"https:\/\/api.w.org\/{rel}","templated":true}]}}