{"id":3470,"date":"2025-01-14T03:10:03","date_gmt":"2025-01-14T03:10:03","guid":{"rendered":"https:\/\/dtr.ma\/services-web\/"},"modified":"2025-01-22T14:03:52","modified_gmt":"2025-01-22T14:03:52","slug":"services-web","status":"publish","type":"page","link":"https:\/\/dtr.ma\/fr\/services-web\/","title":{"rendered":"Services Web"},"content":{"rendered":"\t\t<div data-elementor-type=\"wp-page\" data-elementor-id=\"3470\" class=\"elementor elementor-3470 elementor-2126\" data-elementor-post-type=\"page\">\n\t\t\t\t\t\t<section class=\"elementor-section elementor-top-section elementor-element elementor-element-4c551a9 elementor-section-boxed elementor-section-height-default elementor-section-height-default\" data-id=\"4c551a9\" data-element_type=\"section\">\n\t\t\t\t\t\t<div class=\"elementor-container elementor-column-gap-default\">\n\t\t\t\t\t<div class=\"elementor-column elementor-col-100 elementor-top-column elementor-element elementor-element-5bb5ec8\" data-id=\"5bb5ec8\" data-element_type=\"column\">\n\t\t\t<div class=\"elementor-widget-wrap elementor-element-populated\">\n\t\t\t\t\t\t<div class=\"elementor-element elementor-element-40e6201 elementor-widget elementor-widget-text-editor\" data-id=\"40e6201\" data-element_type=\"widget\" data-widget_type=\"text-editor.default\">\n\t\t\t\t<div class=\"elementor-widget-container\">\n\t\t\t\t\t\t\t\t\t<p>Dans un monde de plus en plus num\u00e9rique, votre site web est plus qu&#8217;une simple plateforme, c&#8217;est la pierre angulaire de votre succ\u00e8s en ligne. Nos services web de pointe sont con\u00e7us pour assurer la prosp\u00e9rit\u00e9 de votre entreprise gr\u00e2ce \u00e0 des fonctionnalit\u00e9s, des performances et un design adapt\u00e9s \u00e0 vos besoins uniques. <\/p>\n\t\t\t\t\t\t\t\t<\/div>\n\t\t\t\t<\/div>\n\t\t\t\t\t<\/div>\n\t\t<\/div>\n\t\t\t\t\t<\/div>\n\t\t<\/section>\n\t\t\t\t<section class=\"elementor-section elementor-top-section elementor-element elementor-element-f5bc227 elementor-section-boxed elementor-section-height-default elementor-section-height-default\" data-id=\"f5bc227\" data-element_type=\"section\">\n\t\t\t\t\t\t<div class=\"elementor-container elementor-column-gap-default\">\n\t\t\t\t\t<div class=\"elementor-column elementor-col-100 elementor-top-column elementor-element elementor-element-befd896\" data-id=\"befd896\" data-element_type=\"column\">\n\t\t\t<div class=\"elementor-widget-wrap elementor-element-populated\">\n\t\t\t\t\t\t\t<\/div>\n\t\t<\/div>\n\t\t\t\t\t<\/div>\n\t\t<\/section>\n\t\t\t\t<section class=\"elementor-section elementor-top-section elementor-element elementor-element-54f68c2f elementor-section-boxed elementor-section-height-default elementor-section-height-default\" data-id=\"54f68c2f\" data-element_type=\"section\">\n\t\t\t\t\t\t<div class=\"elementor-container elementor-column-gap-default\">\n\t\t\t\t\t<div class=\"elementor-column elementor-col-100 elementor-top-column elementor-element elementor-element-215d1e55\" data-id=\"215d1e55\" data-element_type=\"column\">\n\t\t\t<div class=\"elementor-widget-wrap elementor-element-populated\">\n\t\t\t\t\t\t<div class=\"elementor-element elementor-element-1bc4dc54 elementor-widget elementor-widget-text-editor\" data-id=\"1bc4dc54\" data-element_type=\"widget\" data-widget_type=\"text-editor.default\">\n\t\t\t\t<div class=\"elementor-widget-container\">\n\t\t\t\t\t\t\t\t\t<p><\/p>\n<p> <\/p>\n<p><\/p>\n<h4 class=\"wp-block-heading\"><strong>Services de d\u00e9veloppement web<\/strong><\/h4>\n<p><\/p>\n<p><strong>D\u00e9veloppement de sites web personnalis\u00e9s<\/strong><br>Cr\u00e9ez des sites web uniques et r\u00e9actifs, adapt\u00e9s \u00e0 votre marque et \u00e0 vos objectifs commerciaux.<\/p>\n<p><\/p>\n<p><strong>D\u00e9veloppement de sites web de commerce \u00e9lectronique<\/strong><br>Lancez des boutiques en ligne puissantes avec des exp\u00e9riences utilisateur transparentes sur des plateformes telles que Shopify, WooCommerce, ou des solutions personnalis\u00e9es.<\/p>\n<p><\/p>\n<p><strong>D\u00e9veloppement CMS<\/strong><br>Cr\u00e9ez des sites web flexibles et \u00e9volutifs en utilisant des syst\u00e8mes de gestion de contenu populaires comme WordPress ou Drupal.<\/p>\n<p><\/p>\n<p><strong>D\u00e9veloppement de portails web<\/strong><br>D\u00e9veloppez des portails web personnalis\u00e9s pour les processus d&#8217;entreprise, la gestion des employ\u00e9s ou les interactions avec les clients.<\/p>\n<p><\/p>\n<p><strong>D\u00e9veloppement d&#8217;applications web<\/strong><br>Concevoir et r\u00e9aliser des applications web dynamiques pour un engagement et une interaction en temps r\u00e9el.<\/p>\n<p><\/p>\n<hr class=\"wp-block-separator has-alpha-channel-opacity\">\n<p><\/p>\n<h4 class=\"wp-block-heading\"><strong>Services de conception de sites web<\/strong><\/h4>\n<p><\/p>\n<p><strong>Responsive Website Design<\/strong><br>Assurez-vous que votre site web offre une exp\u00e9rience utilisateur exceptionnelle sur tous les appareils.<\/p>\n<p><\/p>\n<p><strong>UI\/UX Design<\/strong><br>Cr\u00e9ez des interfaces utilisateur et des parcours intuitifs qui maximisent l&#8217;engagement et les conversions.<\/p>\n<p><\/p>\n<p><strong>Conception de pages d&#8217;atterrissage<\/strong><br>Cr\u00e9ez des pages d&#8217;atterrissage \u00e0 fort taux de conversion pour les campagnes, la g\u00e9n\u00e9ration de leads ou les ventes.<\/p>\n<p><\/p>\n<p><strong>Conception mobile d&#8217;abord<\/strong><br>Privil\u00e9giez les exp\u00e9riences adapt\u00e9es aux mobiles pour un public de plus en plus mobile.<\/p>\n<p><\/p>\n<p><strong>Conception graphique et visuelle<\/strong><br>Am\u00e9liorez l&#8217;identit\u00e9 visuelle de votre marque gr\u00e2ce \u00e0 des graphiques et des animations personnalis\u00e9s.<\/p>\n<p><\/p>\n<hr class=\"wp-block-separator has-alpha-channel-opacity\">\n<p><\/p>\n<h4 class=\"wp-block-heading\"><strong>Maintenance et optimisation du site web<\/strong><\/h4>\n<p><\/p>\n<p><strong>Plans de maintenance de sites web<\/strong><br>Maintenez votre site web \u00e0 jour, s\u00e9curis\u00e9 et en bon \u00e9tat de marche gr\u00e2ce \u00e0 une surveillance et une assistance proactives.<\/p>\n<p><\/p>\n<p><strong>Optimisation des performances<\/strong><br>Am\u00e9liorez la vitesse de votre site web, r\u00e9duisez les temps de chargement et am\u00e9liorez les performances globales.<\/p>\n<p><\/p>\n<p><strong>Gestion de la s\u00e9curit\u00e9<\/strong><br>Prot\u00e9gez votre site gr\u00e2ce \u00e0 des fonctions de s\u00e9curit\u00e9 avanc\u00e9es, des mises \u00e0 jour r\u00e9guli\u00e8res et des \u00e9valuations de vuln\u00e9rabilit\u00e9.<\/p>\n<p><\/p>\n<p><strong>Sauvegarde et r\u00e9cup\u00e9ration<\/strong><br>Assurez-vous que vos donn\u00e9es sont en s\u00e9curit\u00e9 gr\u00e2ce \u00e0 des sauvegardes programm\u00e9es et \u00e0 des solutions de r\u00e9cup\u00e9ration rapide.<\/p>\n<p><\/p>\n<p><strong>Corrections de bugs et mises \u00e0 jour<\/strong><br>R\u00e9soudre rapidement les probl\u00e8mes afin de garantir un fonctionnement ininterrompu.<\/p>\n<p><\/p>\n<hr class=\"wp-block-separator has-alpha-channel-opacity\">\n<p><\/p>\n<h4 class=\"wp-block-heading\"><strong>R\u00e9f\u00e9rencement et visibilit\u00e9 sur le web<\/strong><\/h4>\n<p><\/p>\n<p><strong>Optimisation SEO du site<\/strong><br>Optimisez la structure, les m\u00e9tadonn\u00e9es et le contenu de votre site web pour qu&#8217;il soit mieux class\u00e9 dans les moteurs de recherche.<\/p>\n<p><\/p>\n<p><strong>R\u00e9f\u00e9rencement technique<\/strong><br>Traiter les probl\u00e8mes de fond tels que les erreurs d&#8217;exploration, les liens bris\u00e9s et la vitesse du site afin d&#8217;am\u00e9liorer le classement.<\/p>\n<p><\/p>\n<p><strong>R\u00e9f\u00e9rencement local<\/strong><br>Am\u00e9liorez votre visibilit\u00e9 dans les recherches locales gr\u00e2ce \u00e0 des strat\u00e9gies telles que l&#8217;optimisation de Google My Business.<\/p>\n<p><\/p>\n<p><strong>Contenu SEO<\/strong><br>Cr\u00e9ez un contenu optimis\u00e9 par mot-cl\u00e9 qui g\u00e9n\u00e8re du trafic organique et se classe mieux dans les r\u00e9sultats de recherche.<\/p>\n<p><\/p>\n<hr class=\"wp-block-separator has-alpha-channel-opacity\">\n<p><\/p>\n<h4 class=\"wp-block-heading\"><strong>Solutions de commerce \u00e9lectronique<\/strong><\/h4>\n<p><\/p>\n<p><strong>D\u00e9veloppement personnalis\u00e9 du commerce \u00e9lectronique<\/strong><br>Cr\u00e9ez des boutiques en ligne personnalis\u00e9es avec des exp\u00e9riences d&#8217;achat transparentes et des fonctionnalit\u00e9s robustes.<\/p>\n<p><\/p>\n<p><strong>Int\u00e9gration des plateformes de commerce \u00e9lectronique<\/strong><br>Int\u00e9grez votre boutique aux principales plateformes telles que Shopify, WooCommerce et Magento.<\/p>\n<p><\/p>\n<p><strong>Optimisation des pages produits<\/strong><br>Concevez des pages produits visuellement attrayantes et \u00e0 fort taux de conversion.<\/p>\n<p><\/p>\n<p><strong>Int\u00e9gration des passerelles de paiement<\/strong><br>Mettez en place des m\u00e9thodes de paiement s\u00e9curis\u00e9es et vari\u00e9es pour r\u00e9pondre aux besoins de votre public.<\/p>\n<p><\/p>\n<p><strong>Syst\u00e8mes de r\u00e9cup\u00e9ration des paniers abandonn\u00e9s<\/strong><br>R\u00e9cup\u00e9rez les ventes perdues gr\u00e2ce \u00e0 des rappels et des incitations par e-mail automatis\u00e9s.<\/p>\n<p><\/p>\n<hr class=\"wp-block-separator has-alpha-channel-opacity\">\n<p><\/p>\n<h4 class=\"wp-block-heading\"><strong>Services d&#8217;h\u00e9bergement web<\/strong><\/h4>\n<p><\/p>\n<p><strong>H\u00e9bergement Web fiable<\/strong><br>Obtenez des solutions d&#8217;h\u00e9bergement s\u00e9curis\u00e9es, \u00e9volutives et rapides adapt\u00e9es aux besoins de votre site Web.<\/p>\n<p><\/p>\n<p><strong>Solutions d&#8217;h\u00e9bergement infog\u00e9r\u00e9es<\/strong><br>Profitez d&#8217;un h\u00e9bergement sans souci avec des mises \u00e0 jour, des sauvegardes et une gestion des performances prises en charge par notre \u00e9quipe.<\/p>\n<p><\/p>\n<p><strong>Solutions d&#8217;h\u00e9bergement en nuage<\/strong><br>Tirez parti de la puissance de l&#8217;h\u00e9bergement en nuage pour am\u00e9liorer l&#8217;\u00e9volutivit\u00e9 et la rapidit\u00e9.<\/p>\n<p><\/p>\n<p><strong>Enregistrement et gestion de domaine<\/strong><br>Obtenez le nom de domaine id\u00e9al et g\u00e9rez-le sans effort gr\u00e2ce \u00e0 notre assistance.<\/p>\n<p><\/p>\n<p><strong>Installation du certificat SSL<\/strong><br>Prot\u00e9gez votre site et vos clients avec un cryptage robuste et des connexions HTTPS s\u00e9curis\u00e9es.<\/p>\n<p><\/p>\n<hr class=\"wp-block-separator has-alpha-channel-opacity\">\n<p><\/p>\n<h4 class=\"wp-block-heading\"><strong>Solutions Web sp\u00e9cialis\u00e9es<\/strong><\/h4>\n<p><\/p>\n<p><strong>Progressive Web Apps (PWA)<\/strong><br>Offrez des exp\u00e9riences semblables \u00e0 des applications directement dans les navigateurs gr\u00e2ce \u00e0 des PWA \u00e0 chargement rapide.<\/p>\n<p><\/p>\n<p><strong>Int\u00e9gration API<\/strong><br>Connectez votre site web \u00e0 des services tiers pour am\u00e9liorer les fonctionnalit\u00e9s et l&#8217;automatisation.<\/p>\n<p><\/p>\n<p><strong>Sites d&#8217;adh\u00e9sion et d&#8217;abonnement<\/strong><br>Cr\u00e9ez des plateformes exclusives pour les membres avec des syst\u00e8mes de gestion d&#8217;abonnement transparents.<\/p>\n<p><\/p>\n<p><strong>Sites web multilingues<\/strong><br>Cr\u00e9ez des sites web qui s&#8217;adressent \u00e0 des publics internationaux gr\u00e2ce \u00e0 la prise en charge int\u00e9gr\u00e9e des langues.<\/p>\n<p><\/p>\n<p><strong>Solutions pour l&#8217;accessibilit\u00e9 du Web<\/strong><br>Assurez-vous que votre site Web est inclusif et conforme aux normes d&#8217;accessibilit\u00e9 telles que WCAG.<\/p>\n<p><\/p>\n<hr class=\"wp-block-separator has-alpha-channel-opacity\">\n<p><\/p>\n<h4 class=\"wp-block-heading\"><strong>Analyse et optimisation<\/strong><\/h4>\n<p><\/p>\n<p><strong>Configuration de Web Analytics<\/strong><br>Int\u00e9grez des outils tels que Google Analytics pour surveiller le trafic, les conversions et le comportement des utilisateurs.<\/p>\n<p><\/p>\n<p><strong>Optimisation du taux de conversion (CRO)<\/strong><br>Am\u00e9liorez la conception et la fonctionnalit\u00e9 de votre site web pour stimuler l&#8217;engagement des utilisateurs et les conversions.<\/p>\n<p><\/p>\n<p><strong>Analyse des cartes thermiques<\/strong><br>Comprenez le comportement des utilisateurs \u00e0 l&#8217;aide d&#8217;outils tels que les cartes thermiques afin d&#8217;affiner et d&#8217;optimiser les mises en page.<\/p>\n<p><\/p>\n<p><strong>Test A\/B<\/strong><br>Testez diff\u00e9rentes versions des \u00e9l\u00e9ments de votre site pour d\u00e9terminer ce qui pla\u00eet le plus aux utilisateurs.<\/p>\n<p><\/p>\n<hr class=\"wp-block-separator has-alpha-channel-opacity\">\n<p><\/p>\n<h4 class=\"wp-block-heading\"><strong>Services Web uniques<\/strong><\/h4>\n<p><\/p>\n<p><strong>Int\u00e9gration de chatbot personnalis\u00e9<\/strong><br>Am\u00e9liorez le service client avec des chatbots aliment\u00e9s par l&#8217;IA qui offrent une assistance en temps r\u00e9el.<\/p>\n<p><\/p>\n<p><strong>Sites web de visites virtuelles<\/strong><br>Pr\u00e9sentez votre entreprise gr\u00e2ce \u00e0 des visites virtuelles immersives \u00e0 360 degr\u00e9s.<\/p>\n<p><\/p>\n<p><strong>Entonnoirs de page d&#8217;atterrissage<\/strong><br>Cr\u00e9ez des entonnoirs qui guident les visiteurs vers des actions sp\u00e9cifiques, comme l&#8217;inscription ou l&#8217;achat.<\/p>\n<p><\/p>\n<p><strong>Sites web d&#8217;\u00e9v\u00e9nements<\/strong><br>Cr\u00e9ez des sites web dynamiques pour promouvoir et g\u00e9rer les \u00e9v\u00e9nements, les inscriptions et la billetterie.<\/p>\n<p><\/p>\n<p><strong>\u00c9l\u00e9ments interactifs du site web<\/strong><br>Incorporez des fonctions telles que des calculatrices, des questionnaires ou des configurateurs pour stimuler l&#8217;engagement.<\/p>\n<p><\/p>\n<hr class=\"wp-block-separator has-alpha-channel-opacity\">\n<p><\/p>\n<p>Pr\u00eat \u00e0 r\u00e9volutionner votre pr\u00e9sence sur le web ? Construisons ensemble quelque chose d&#8217;extraordinaire &#8211; contactez-nous d\u00e8s aujourd&#8217;hui pour commencer ! <\/p>\n<p><\/p>\t\t\t\t\t\t\t\t<\/div>\n\t\t\t\t<\/div>\n\t\t\t\t\t<\/div>\n\t\t<\/div>\n\t\t\t\t\t<\/div>\n\t\t<\/section>\n\t\t\t\t<\/div>\n\t\t","protected":false},"excerpt":{"rendered":"<p>Dans un monde de plus en plus num\u00e9rique, votre site web est plus qu&#8217;une simple plateforme, c&#8217;est la pierre angulaire de votre succ\u00e8s en ligne.&hellip;<\/p>\n","protected":false},"author":1,"featured_media":0,"parent":0,"menu_order":0,"comment_status":"closed","ping_status":"closed","template":"","meta":{"_mo_disable_npp":"","om_disable_all_campaigns":false,"inline_featured_image":false,"_monsterinsights_skip_tracking":false,"_monsterinsights_sitenote_active":false,"_monsterinsights_sitenote_note":"","_monsterinsights_sitenote_category":0,"_uf_show_specific_survey":0,"_uf_disable_surveys":false,"footnotes":""},"class_list":["post-3470","page","type-page","status-publish","hentry"],"yoast_head":"<!-- This site is optimized with the Yoast SEO Premium plugin v20.13 (Yoast SEO v25.9) - https:\/\/yoast.com\/wordpress\/plugins\/seo\/ -->\n<title>Services Web - DTR<\/title>\n<meta name=\"robots\" content=\"index, follow, max-snippet:-1, max-image-preview:large, max-video-preview:-1\" \/>\n<link rel=\"canonical\" href=\"https:\/\/dtr.ma\/fr\/services-web\/\" \/>\n<meta property=\"og:locale\" content=\"fr_FR\" \/>\n<meta property=\"og:type\" content=\"article\" \/>\n<meta property=\"og:title\" content=\"Services Web\" \/>\n<meta property=\"og:description\" content=\"Dans un monde de plus en plus num\u00e9rique, votre site web est plus qu&#8217;une simple plateforme, c&#8217;est la pierre angulaire de votre succ\u00e8s en ligne.&hellip;\" \/>\n<meta property=\"og:url\" content=\"https:\/\/dtr.ma\/fr\/services-web\/\" \/>\n<meta property=\"og:site_name\" content=\"DTR\" \/>\n<meta property=\"article:modified_time\" content=\"2025-01-22T14:03:52+00:00\" \/>\n<meta name=\"twitter:card\" content=\"summary_large_image\" \/>\n<meta name=\"twitter:label1\" content=\"Dur\u00e9e de lecture estim\u00e9e\" \/>\n\t<meta name=\"twitter:data1\" content=\"5 minutes\" \/>\n<script type=\"application\/ld+json\" class=\"yoast-schema-graph\">{\"@context\":\"https:\/\/schema.org\",\"@graph\":[{\"@type\":\"WebPage\",\"@id\":\"https:\/\/dtr.ma\/fr\/services-web\/\",\"url\":\"https:\/\/dtr.ma\/fr\/services-web\/\",\"name\":\"Services Web - DTR\",\"isPartOf\":{\"@id\":\"https:\/\/dtr.ma\/fr\/#website\"},\"datePublished\":\"2025-01-14T03:10:03+00:00\",\"dateModified\":\"2025-01-22T14:03:52+00:00\",\"breadcrumb\":{\"@id\":\"https:\/\/dtr.ma\/fr\/services-web\/#breadcrumb\"},\"inLanguage\":\"fr-FR\",\"potentialAction\":[{\"@type\":\"ReadAction\",\"target\":[\"https:\/\/dtr.ma\/fr\/services-web\/\"]}]},{\"@type\":\"BreadcrumbList\",\"@id\":\"https:\/\/dtr.ma\/fr\/services-web\/#breadcrumb\",\"itemListElement\":[{\"@type\":\"ListItem\",\"position\":1,\"name\":\"Home\",\"item\":\"https:\/\/dtr.ma\/fr\/\"},{\"@type\":\"ListItem\",\"position\":2,\"name\":\"Services Web\"}]},{\"@type\":\"WebSite\",\"@id\":\"https:\/\/dtr.ma\/fr\/#website\",\"url\":\"https:\/\/dtr.ma\/fr\/\",\"name\":\"DTR\",\"description\":\"Smart Business Solutions\",\"publisher\":{\"@id\":\"https:\/\/dtr.ma\/fr\/#organization\"},\"potentialAction\":[{\"@type\":\"SearchAction\",\"target\":{\"@type\":\"EntryPoint\",\"urlTemplate\":\"https:\/\/dtr.ma\/fr\/?s={search_term_string}\"},\"query-input\":{\"@type\":\"PropertyValueSpecification\",\"valueRequired\":true,\"valueName\":\"search_term_string\"}}],\"inLanguage\":\"fr-FR\"},{\"@type\":\"Organization\",\"@id\":\"https:\/\/dtr.ma\/fr\/#organization\",\"name\":\"DTR\",\"url\":\"https:\/\/dtr.ma\/fr\/\",\"logo\":{\"@type\":\"ImageObject\",\"inLanguage\":\"fr-FR\",\"@id\":\"https:\/\/dtr.ma\/fr\/#\/schema\/logo\/image\/\",\"url\":\"https:\/\/dtr.ma\/wp-content\/uploads\/2024\/11\/DTR-LOGO.svg\",\"contentUrl\":\"https:\/\/dtr.ma\/wp-content\/uploads\/2024\/11\/DTR-LOGO.svg\",\"width\":1528,\"height\":697,\"caption\":\"DTR\"},\"image\":{\"@id\":\"https:\/\/dtr.ma\/fr\/#\/schema\/logo\/image\/\"}}]}<\/script>\n<!-- \/ Yoast SEO Premium plugin. -->","yoast_head_json":{"title":"Services Web - DTR","robots":{"index":"index","follow":"follow","max-snippet":"max-snippet:-1","max-image-preview":"max-image-preview:large","max-video-preview":"max-video-preview:-1"},"canonical":"https:\/\/dtr.ma\/fr\/services-web\/","og_locale":"fr_FR","og_type":"article","og_title":"Services Web","og_description":"Dans un monde de plus en plus num\u00e9rique, votre site web est plus qu&#8217;une simple plateforme, c&#8217;est la pierre angulaire de votre succ\u00e8s en ligne.&hellip;","og_url":"https:\/\/dtr.ma\/fr\/services-web\/","og_site_name":"DTR","article_modified_time":"2025-01-22T14:03:52+00:00","twitter_card":"summary_large_image","twitter_misc":{"Dur\u00e9e de lecture estim\u00e9e":"5 minutes"},"schema":{"@context":"https:\/\/schema.org","@graph":[{"@type":"WebPage","@id":"https:\/\/dtr.ma\/fr\/services-web\/","url":"https:\/\/dtr.ma\/fr\/services-web\/","name":"Services Web - DTR","isPartOf":{"@id":"https:\/\/dtr.ma\/fr\/#website"},"datePublished":"2025-01-14T03:10:03+00:00","dateModified":"2025-01-22T14:03:52+00:00","breadcrumb":{"@id":"https:\/\/dtr.ma\/fr\/services-web\/#breadcrumb"},"inLanguage":"fr-FR","potentialAction":[{"@type":"ReadAction","target":["https:\/\/dtr.ma\/fr\/services-web\/"]}]},{"@type":"BreadcrumbList","@id":"https:\/\/dtr.ma\/fr\/services-web\/#breadcrumb","itemListElement":[{"@type":"ListItem","position":1,"name":"Home","item":"https:\/\/dtr.ma\/fr\/"},{"@type":"ListItem","position":2,"name":"Services Web"}]},{"@type":"WebSite","@id":"https:\/\/dtr.ma\/fr\/#website","url":"https:\/\/dtr.ma\/fr\/","name":"DTR","description":"Smart Business Solutions","publisher":{"@id":"https:\/\/dtr.ma\/fr\/#organization"},"potentialAction":[{"@type":"SearchAction","target":{"@type":"EntryPoint","urlTemplate":"https:\/\/dtr.ma\/fr\/?s={search_term_string}"},"query-input":{"@type":"PropertyValueSpecification","valueRequired":true,"valueName":"search_term_string"}}],"inLanguage":"fr-FR"},{"@type":"Organization","@id":"https:\/\/dtr.ma\/fr\/#organization","name":"DTR","url":"https:\/\/dtr.ma\/fr\/","logo":{"@type":"ImageObject","inLanguage":"fr-FR","@id":"https:\/\/dtr.ma\/fr\/#\/schema\/logo\/image\/","url":"https:\/\/dtr.ma\/wp-content\/uploads\/2024\/11\/DTR-LOGO.svg","contentUrl":"https:\/\/dtr.ma\/wp-content\/uploads\/2024\/11\/DTR-LOGO.svg","width":1528,"height":697,"caption":"DTR"},"image":{"@id":"https:\/\/dtr.ma\/fr\/#\/schema\/logo\/image\/"}}]}},"jetpack_sharing_enabled":true,"_links":{"self":[{"href":"https:\/\/dtr.ma\/fr\/wp-json\/wp\/v2\/pages\/3470","targetHints":{"allow":["GET"]}}],"collection":[{"href":"https:\/\/dtr.ma\/fr\/wp-json\/wp\/v2\/pages"}],"about":[{"href":"https:\/\/dtr.ma\/fr\/wp-json\/wp\/v2\/types\/page"}],"author":[{"embeddable":true,"href":"https:\/\/dtr.ma\/fr\/wp-json\/wp\/v2\/users\/1"}],"replies":[{"embeddable":true,"href":"https:\/\/dtr.ma\/fr\/wp-json\/wp\/v2\/comments?post=3470"}],"version-history":[{"count":0,"href":"https:\/\/dtr.ma\/fr\/wp-json\/wp\/v2\/pages\/3470\/revisions"}],"wp:attachment":[{"href":"https:\/\/dtr.ma\/fr\/wp-json\/wp\/v2\/media?parent=3470"}],"curies":[{"name":"wp","href":"https:\/\/api.w.org\/{rel}","templated":true}]}}