{"id":3480,"date":"2022-12-10T19:18:31","date_gmt":"2022-12-10T19:18:31","guid":{"rendered":"https:\/\/dtr.ma\/product\/creation-dune-page-de-medias-sociaux\/"},"modified":"2022-12-10T19:18:31","modified_gmt":"2022-12-10T19:18:31","slug":"creation-dune-page-de-medias-sociaux","status":"publish","type":"product","link":"https:\/\/dtr.ma\/fr\/produit\/creation-dune-page-de-medias-sociaux\/","title":{"rendered":"Cr\u00e9ation d&#8217;une page de m\u00e9dias sociaux"},"content":{"rendered":"<p>Le service de mise en place de pages sur les m\u00e9dias sociaux de DTR Marketing Agency fournit des solutions compl\u00e8tes pour les entreprises qui souhaitent \u00e9tablir ou r\u00e9organiser leur pr\u00e9sence sur les m\u00e9dias sociaux. Nous offrons des services sur mesure qui comprennent la cr\u00e9ation d&#8217;un compte, la conception de banni\u00e8res premium, la mise en place d&#8217;un auto-r\u00e9pondeur, la cr\u00e9ation de boutons CTA et l&#8217;int\u00e9gration du site web. <\/p>\n<h3>Notre processus<\/h3>\n<p>Nous commen\u00e7ons par comprendre votre activit\u00e9, votre public cible et votre strat\u00e9gie de marque. Notre \u00e9quipe proc\u00e8de ensuite \u00e0 la mise en place de vos comptes de m\u00e9dias sociaux en fonction de ces informations, en veillant \u00e0 ce que chaque aspect &#8211; de la conception de la banni\u00e8re \u00e0 l&#8217;esth\u00e9tique g\u00e9n\u00e9rale du compte &#8211; s&#8217;aligne sur l&#8217;identit\u00e9 de votre marque. <\/p>\n<h3>Produits \u00e0 livrer<\/h3>\n<p>Notre service de mise en place de pages de m\u00e9dias sociaux est \u00e0 la hauteur :<\/p>\n<ol>\n<li>Mise en place d&#8217;un compte professionnel sur les m\u00e9dias sociaux<\/li>\n<li>Conception de banni\u00e8res personnalis\u00e9es et de qualit\u00e9 sup\u00e9rieure<\/li>\n<li>Configuration du r\u00e9pondeur automatique<\/li>\n<li>Cr\u00e9ation de boutons CTA<\/li>\n<li>Int\u00e9gration du site web \u00e0 vos comptes de m\u00e9dias sociaux<\/li>\n<\/ol>\n<h3>Tarification<\/h3>\n<p>Notre service de mise en place de pages sur les m\u00e9dias sociaux commence \u00e0 $100 USD (environ 900 MAD). Le co\u00fbt final peut varier en fonction des besoins sp\u00e9cifiques et de la complexit\u00e9 de la t\u00e2che. <\/p>\n<h3>Commencez<\/h3>\n<p>Pour commencer le processus de cr\u00e9ation de votre page de m\u00e9dias sociaux, visitez notre site web, s\u00e9lectionnez le service de cr\u00e9ation de page de m\u00e9dias sociaux et proc\u00e9dez au paiement. Une fois le paiement effectu\u00e9, notre \u00e9quipe vous contactera pour mieux comprendre vos besoins et d\u00e9marrer votre projet. <\/p>\n","protected":false},"excerpt":{"rendered":"<p>DTR Marketing Agency offre un service complet de mise en place de pages de m\u00e9dias sociaux. Nous nous occupons de tout, de la mise en place de vos profils de m\u00e9dias sociaux \u00e0 la conception de banni\u00e8res de qualit\u00e9 sup\u00e9rieure qui refl\u00e8tent votre marque, en passant par la configuration de r\u00e9pondeurs automatiques et l&#8217;int\u00e9gration des CTA et de votre site Web. Notre \u00e9quipe s&#8217;assure que votre pr\u00e9sence sur les m\u00e9dias sociaux est professionnelle, fonctionnelle, et s&#8217;aligne parfaitement avec votre marque, vous aidant \u00e0 vous engager avec votre public de mani\u00e8re efficace.  <\/p>\n","protected":false},"featured_media":2793,"template":"","meta":{"_mo_disable_npp":"","om_disable_all_campaigns":false,"inline_featured_image":false,"_monsterinsights_skip_tracking":false,"_monsterinsights_sitenote_active":false,"_monsterinsights_sitenote_note":"","_monsterinsights_sitenote_category":0,"_uf_show_specific_survey":0,"_uf_disable_surveys":false},"product_brand":[],"product_cat":[99,104,103,102],"product_tag":[],"class_list":{"0":"post-3480","1":"product","2":"type-product","3":"status-publish","4":"has-post-thumbnail","6":"product_cat-services-fr","7":"product_cat-services-web","8":"product_cat-taches","9":"product_cat-tous","11":"first","12":"instock","13":"virtual","14":"sold-individually","15":"purchasable","16":"product-type-simple"},"yoast_head":"<!-- This site is optimized with the Yoast SEO Premium plugin v20.13 (Yoast SEO v25.9) - https:\/\/yoast.com\/wordpress\/plugins\/seo\/ -->\n<title>Cr\u00e9ation d&#039;une page de m\u00e9dias sociaux - DTR<\/title>\n<meta name=\"robots\" content=\"index, follow, max-snippet:-1, max-image-preview:large, max-video-preview:-1\" \/>\n<link rel=\"canonical\" href=\"https:\/\/dtr.ma\/fr\/produit\/creation-dune-page-de-medias-sociaux\/\" \/>\n<meta property=\"og:locale\" content=\"fr_FR\" \/>\n<meta property=\"og:type\" content=\"article\" \/>\n<meta property=\"og:title\" content=\"Cr\u00e9ation d&#039;une page de m\u00e9dias sociaux\" \/>\n<meta property=\"og:description\" content=\"DTR Marketing Agency offre un service complet de mise en place de pages de m\u00e9dias sociaux. Nous nous occupons de tout, de la mise en place de vos profils de m\u00e9dias sociaux \u00e0 la conception de banni\u00e8res de qualit\u00e9 sup\u00e9rieure qui refl\u00e8tent votre marque, en passant par la configuration de r\u00e9pondeurs automatiques et l&#039;int\u00e9gration des CTA et de votre site Web. Notre \u00e9quipe s&#039;assure que votre pr\u00e9sence sur les m\u00e9dias sociaux est professionnelle, fonctionnelle, et s&#039;aligne parfaitement avec votre marque, vous aidant \u00e0 vous engager avec votre public de mani\u00e8re efficace.\" \/>\n<meta property=\"og:url\" content=\"https:\/\/dtr.ma\/fr\/produit\/creation-dune-page-de-medias-sociaux\/\" \/>\n<meta property=\"og:site_name\" content=\"DTR\" \/>\n<meta property=\"og:image\" content=\"https:\/\/i0.wp.com\/dtr.ma\/wp-content\/uploads\/2022\/12\/DTR-SERVICES-ICONES-WEBSITE-ECOMMERCE-19.jpg?fit=1669%2C1123&ssl=1\" \/>\n\t<meta property=\"og:image:width\" content=\"1669\" \/>\n\t<meta property=\"og:image:height\" content=\"1123\" \/>\n\t<meta property=\"og:image:type\" content=\"image\/jpeg\" \/>\n<meta name=\"twitter:card\" content=\"summary_large_image\" \/>\n<meta name=\"twitter:label1\" content=\"Dur\u00e9e de lecture estim\u00e9e\" \/>\n\t<meta name=\"twitter:data1\" content=\"1 minute\" \/>\n<script type=\"application\/ld+json\" class=\"yoast-schema-graph\">{\"@context\":\"https:\/\/schema.org\",\"@graph\":[{\"@type\":\"WebPage\",\"@id\":\"https:\/\/dtr.ma\/fr\/produit\/creation-dune-page-de-medias-sociaux\/\",\"url\":\"https:\/\/dtr.ma\/fr\/produit\/creation-dune-page-de-medias-sociaux\/\",\"name\":\"Cr\u00e9ation d'une page de m\u00e9dias sociaux - DTR\",\"isPartOf\":{\"@id\":\"https:\/\/dtr.ma\/fr\/#website\"},\"primaryImageOfPage\":{\"@id\":\"https:\/\/dtr.ma\/fr\/produit\/creation-dune-page-de-medias-sociaux\/#primaryimage\"},\"image\":{\"@id\":\"https:\/\/dtr.ma\/fr\/produit\/creation-dune-page-de-medias-sociaux\/#primaryimage\"},\"thumbnailUrl\":\"https:\/\/i0.wp.com\/dtr.ma\/wp-content\/uploads\/2022\/12\/DTR-SERVICES-ICONES-WEBSITE-ECOMMERCE-19.jpg?fit=1669%2C1123&ssl=1\",\"datePublished\":\"2022-12-10T19:18:31+00:00\",\"breadcrumb\":{\"@id\":\"https:\/\/dtr.ma\/fr\/produit\/creation-dune-page-de-medias-sociaux\/#breadcrumb\"},\"inLanguage\":\"fr-FR\",\"potentialAction\":[{\"@type\":\"ReadAction\",\"target\":[\"https:\/\/dtr.ma\/fr\/produit\/creation-dune-page-de-medias-sociaux\/\"]}]},{\"@type\":\"ImageObject\",\"inLanguage\":\"fr-FR\",\"@id\":\"https:\/\/dtr.ma\/fr\/produit\/creation-dune-page-de-medias-sociaux\/#primaryimage\",\"url\":\"https:\/\/i0.wp.com\/dtr.ma\/wp-content\/uploads\/2022\/12\/DTR-SERVICES-ICONES-WEBSITE-ECOMMERCE-19.jpg?fit=1669%2C1123&ssl=1\",\"contentUrl\":\"https:\/\/i0.wp.com\/dtr.ma\/wp-content\/uploads\/2022\/12\/DTR-SERVICES-ICONES-WEBSITE-ECOMMERCE-19.jpg?fit=1669%2C1123&ssl=1\",\"width\":1669,\"height\":1123},{\"@type\":\"BreadcrumbList\",\"@id\":\"https:\/\/dtr.ma\/fr\/produit\/creation-dune-page-de-medias-sociaux\/#breadcrumb\",\"itemListElement\":[{\"@type\":\"ListItem\",\"position\":1,\"name\":\"Home\",\"item\":\"https:\/\/dtr.ma\/fr\/\"},{\"@type\":\"ListItem\",\"position\":2,\"name\":\"Boutique\",\"item\":\"https:\/\/dtr.ma\/fr\/boutique\/\"},{\"@type\":\"ListItem\",\"position\":3,\"name\":\"Cr\u00e9ation d&#8217;une page de m\u00e9dias sociaux\"}]},{\"@type\":\"WebSite\",\"@id\":\"https:\/\/dtr.ma\/fr\/#website\",\"url\":\"https:\/\/dtr.ma\/fr\/\",\"name\":\"DTR\",\"description\":\"Smart Business Solutions\",\"publisher\":{\"@id\":\"https:\/\/dtr.ma\/fr\/#organization\"},\"potentialAction\":[{\"@type\":\"SearchAction\",\"target\":{\"@type\":\"EntryPoint\",\"urlTemplate\":\"https:\/\/dtr.ma\/fr\/?s={search_term_string}\"},\"query-input\":{\"@type\":\"PropertyValueSpecification\",\"valueRequired\":true,\"valueName\":\"search_term_string\"}}],\"inLanguage\":\"fr-FR\"},{\"@type\":\"Organization\",\"@id\":\"https:\/\/dtr.ma\/fr\/#organization\",\"name\":\"DTR\",\"url\":\"https:\/\/dtr.ma\/fr\/\",\"logo\":{\"@type\":\"ImageObject\",\"inLanguage\":\"fr-FR\",\"@id\":\"https:\/\/dtr.ma\/fr\/#\/schema\/logo\/image\/\",\"url\":\"https:\/\/dtr.ma\/wp-content\/uploads\/2024\/11\/DTR-LOGO.svg\",\"contentUrl\":\"https:\/\/dtr.ma\/wp-content\/uploads\/2024\/11\/DTR-LOGO.svg\",\"width\":1528,\"height\":697,\"caption\":\"DTR\"},\"image\":{\"@id\":\"https:\/\/dtr.ma\/fr\/#\/schema\/logo\/image\/\"}}]}<\/script>\n<!-- \/ Yoast SEO Premium plugin. -->","yoast_head_json":{"title":"Cr\u00e9ation d'une page de m\u00e9dias sociaux - DTR","robots":{"index":"index","follow":"follow","max-snippet":"max-snippet:-1","max-image-preview":"max-image-preview:large","max-video-preview":"max-video-preview:-1"},"canonical":"https:\/\/dtr.ma\/fr\/produit\/creation-dune-page-de-medias-sociaux\/","og_locale":"fr_FR","og_type":"article","og_title":"Cr\u00e9ation d'une page de m\u00e9dias sociaux","og_description":"DTR Marketing Agency offre un service complet de mise en place de pages de m\u00e9dias sociaux. Nous nous occupons de tout, de la mise en place de vos profils de m\u00e9dias sociaux \u00e0 la conception de banni\u00e8res de qualit\u00e9 sup\u00e9rieure qui refl\u00e8tent votre marque, en passant par la configuration de r\u00e9pondeurs automatiques et l'int\u00e9gration des CTA et de votre site Web. Notre \u00e9quipe s'assure que votre pr\u00e9sence sur les m\u00e9dias sociaux est professionnelle, fonctionnelle, et s'aligne parfaitement avec votre marque, vous aidant \u00e0 vous engager avec votre public de mani\u00e8re efficace.","og_url":"https:\/\/dtr.ma\/fr\/produit\/creation-dune-page-de-medias-sociaux\/","og_site_name":"DTR","og_image":[{"width":1669,"height":1123,"url":"https:\/\/i0.wp.com\/dtr.ma\/wp-content\/uploads\/2022\/12\/DTR-SERVICES-ICONES-WEBSITE-ECOMMERCE-19.jpg?fit=1669%2C1123&ssl=1","type":"image\/jpeg"}],"twitter_card":"summary_large_image","twitter_misc":{"Dur\u00e9e de lecture estim\u00e9e":"1 minute"},"schema":{"@context":"https:\/\/schema.org","@graph":[{"@type":"WebPage","@id":"https:\/\/dtr.ma\/fr\/produit\/creation-dune-page-de-medias-sociaux\/","url":"https:\/\/dtr.ma\/fr\/produit\/creation-dune-page-de-medias-sociaux\/","name":"Cr\u00e9ation d'une page de m\u00e9dias sociaux - DTR","isPartOf":{"@id":"https:\/\/dtr.ma\/fr\/#website"},"primaryImageOfPage":{"@id":"https:\/\/dtr.ma\/fr\/produit\/creation-dune-page-de-medias-sociaux\/#primaryimage"},"image":{"@id":"https:\/\/dtr.ma\/fr\/produit\/creation-dune-page-de-medias-sociaux\/#primaryimage"},"thumbnailUrl":"https:\/\/i0.wp.com\/dtr.ma\/wp-content\/uploads\/2022\/12\/DTR-SERVICES-ICONES-WEBSITE-ECOMMERCE-19.jpg?fit=1669%2C1123&ssl=1","datePublished":"2022-12-10T19:18:31+00:00","breadcrumb":{"@id":"https:\/\/dtr.ma\/fr\/produit\/creation-dune-page-de-medias-sociaux\/#breadcrumb"},"inLanguage":"fr-FR","potentialAction":[{"@type":"ReadAction","target":["https:\/\/dtr.ma\/fr\/produit\/creation-dune-page-de-medias-sociaux\/"]}]},{"@type":"ImageObject","inLanguage":"fr-FR","@id":"https:\/\/dtr.ma\/fr\/produit\/creation-dune-page-de-medias-sociaux\/#primaryimage","url":"https:\/\/i0.wp.com\/dtr.ma\/wp-content\/uploads\/2022\/12\/DTR-SERVICES-ICONES-WEBSITE-ECOMMERCE-19.jpg?fit=1669%2C1123&ssl=1","contentUrl":"https:\/\/i0.wp.com\/dtr.ma\/wp-content\/uploads\/2022\/12\/DTR-SERVICES-ICONES-WEBSITE-ECOMMERCE-19.jpg?fit=1669%2C1123&ssl=1","width":1669,"height":1123},{"@type":"BreadcrumbList","@id":"https:\/\/dtr.ma\/fr\/produit\/creation-dune-page-de-medias-sociaux\/#breadcrumb","itemListElement":[{"@type":"ListItem","position":1,"name":"Home","item":"https:\/\/dtr.ma\/fr\/"},{"@type":"ListItem","position":2,"name":"Boutique","item":"https:\/\/dtr.ma\/fr\/boutique\/"},{"@type":"ListItem","position":3,"name":"Cr\u00e9ation d&#8217;une page de m\u00e9dias sociaux"}]},{"@type":"WebSite","@id":"https:\/\/dtr.ma\/fr\/#website","url":"https:\/\/dtr.ma\/fr\/","name":"DTR","description":"Smart Business Solutions","publisher":{"@id":"https:\/\/dtr.ma\/fr\/#organization"},"potentialAction":[{"@type":"SearchAction","target":{"@type":"EntryPoint","urlTemplate":"https:\/\/dtr.ma\/fr\/?s={search_term_string}"},"query-input":{"@type":"PropertyValueSpecification","valueRequired":true,"valueName":"search_term_string"}}],"inLanguage":"fr-FR"},{"@type":"Organization","@id":"https:\/\/dtr.ma\/fr\/#organization","name":"DTR","url":"https:\/\/dtr.ma\/fr\/","logo":{"@type":"ImageObject","inLanguage":"fr-FR","@id":"https:\/\/dtr.ma\/fr\/#\/schema\/logo\/image\/","url":"https:\/\/dtr.ma\/wp-content\/uploads\/2024\/11\/DTR-LOGO.svg","contentUrl":"https:\/\/dtr.ma\/wp-content\/uploads\/2024\/11\/DTR-LOGO.svg","width":1528,"height":697,"caption":"DTR"},"image":{"@id":"https:\/\/dtr.ma\/fr\/#\/schema\/logo\/image\/"}}]}},"jetpack_sharing_enabled":true,"_links":{"self":[{"href":"https:\/\/dtr.ma\/fr\/wp-json\/wp\/v2\/product\/3480","targetHints":{"allow":["GET"]}}],"collection":[{"href":"https:\/\/dtr.ma\/fr\/wp-json\/wp\/v2\/product"}],"about":[{"href":"https:\/\/dtr.ma\/fr\/wp-json\/wp\/v2\/types\/product"}],"version-history":[{"count":0,"href":"https:\/\/dtr.ma\/fr\/wp-json\/wp\/v2\/product\/3480\/revisions"}],"wp:featuredmedia":[{"embeddable":true,"href":"https:\/\/dtr.ma\/fr\/wp-json\/wp\/v2\/media\/2793"}],"wp:attachment":[{"href":"https:\/\/dtr.ma\/fr\/wp-json\/wp\/v2\/media?parent=3480"}],"wp:term":[{"taxonomy":"product_brand","embeddable":true,"href":"https:\/\/dtr.ma\/fr\/wp-json\/wp\/v2\/product_brand?post=3480"},{"taxonomy":"product_cat","embeddable":true,"href":"https:\/\/dtr.ma\/fr\/wp-json\/wp\/v2\/product_cat?post=3480"},{"taxonomy":"product_tag","embeddable":true,"href":"https:\/\/dtr.ma\/fr\/wp-json\/wp\/v2\/product_tag?post=3480"}],"curies":[{"name":"wp","href":"https:\/\/api.w.org\/{rel}","templated":true}]}}