{"id":3482,"date":"2022-12-12T16:32:58","date_gmt":"2022-12-12T16:32:58","guid":{"rendered":"https:\/\/dtr.ma\/product\/campagnes-publicitaires-sur-les-medias-sociaux\/"},"modified":"2022-12-12T16:32:58","modified_gmt":"2022-12-12T16:32:58","slug":"campagnes-publicitaires-sur-les-medias-sociaux","status":"publish","type":"product","link":"https:\/\/dtr.ma\/fr\/produit\/campagnes-publicitaires-sur-les-medias-sociaux\/","title":{"rendered":"Campagnes publicitaires sur les m\u00e9dias sociaux"},"content":{"rendered":"<p>D\u00e9marquez-vous dans le vaste paysage des m\u00e9dias sociaux avec le service de campagnes publicitaires sur les m\u00e9dias sociaux de DTR Marketing Agency. Nous cr\u00e9ons et g\u00e9rons des campagnes publicitaires percutantes sur diverses plateformes de m\u00e9dias sociaux afin de renforcer votre pr\u00e9sence en ligne, d&#8217;engager votre audience et de g\u00e9n\u00e9rer des conversions. Notre \u00e9quipe d&#8217;experts en m\u00e9dias sociaux s&#8217;appuie sur les meilleures pratiques de l&#8217;industrie et sur des outils de pointe pour d\u00e9velopper des campagnes sur mesure qui trouvent un \u00e9cho aupr\u00e8s de votre public cible et s&#8217;alignent sur vos objectifs commerciaux. <\/p>\n<h3>Notre processus<\/h3>\n<p>Nous commen\u00e7ons par comprendre votre marque, votre public cible et vos objectifs marketing. Nous concevons ensuite une strat\u00e9gie de publicit\u00e9 sur les m\u00e9dias sociaux sur mesure qui utilise les plateformes les plus efficaces pour votre entreprise. De l&#8217;\u00e9laboration de textes publicitaires convaincants et de graphiques visuellement attrayants au suivi des performances et \u00e0 l&#8217;optimisation des campagnes, nous g\u00e9rons l&#8217;ensemble du processus, en veillant \u00e0 ce que vos publicit\u00e9s sur les m\u00e9dias sociaux atteignent le bon public et produisent les r\u00e9sultats escompt\u00e9s. <\/p>\n<h3>Produits \u00e0 livrer<\/h3>\n<p>Notre service de campagnes publicitaires sur les m\u00e9dias sociaux propose des publicit\u00e9s attrayantes et performantes qui renforcent la notori\u00e9t\u00e9 de votre marque, augmentent l&#8217;engagement, g\u00e9n\u00e8rent du trafic vers votre site et stimulent les conversions. Des rapports r\u00e9guliers vous seront fournis, vous donnant un aper\u00e7u des performances et du retour sur investissement de votre campagne. <\/p>\n<h3>Tarification<\/h3>\n<p>Notre service de campagnes publicitaires sur les m\u00e9dias sociaux commence \u00e0 550 USD (environ 5 000 MAD). Le co\u00fbt final d\u00e9pendra de l&#8217;ampleur de la campagne, du nombre de plateformes de m\u00e9dias sociaux utilis\u00e9es et de la complexit\u00e9 du travail \u00e0 effectuer. Le paiement int\u00e9gral est exig\u00e9 au d\u00e9but du projet par le biais de notre plateforme en ligne s\u00e9curis\u00e9e.  <\/p>\n<table>\n<thead>\n<tr>\n<th>Paquet<\/th>\n<th>Description de l&#8217;offre<\/th>\n<th>Prix (USD)<\/th>\n<th>Prix (MAD)<\/th>\n<\/tr>\n<\/thead>\n<tbody>\n<tr>\n<td>De base<\/td>\n<td>Mise en place d&#8217;une strat\u00e9gie initiale, 1 plateforme de m\u00e9dias sociaux, conception d&#8217;annonces, r\u00e9daction d&#8217;annonces et rapports mensuels (Facebook et Instagram) consid\u00e9r\u00e9s comme une seule plateforme.<\/td>\n<td>$550<\/td>\n<td>5 000 DIRHAMS<\/td>\n<\/tr>\n<tr>\n<td>Standard<\/td>\n<td>Mise en place d&#8217;une strat\u00e9gie initiale, 2 plateformes de m\u00e9dias sociaux, conception d&#8217;annonces, r\u00e9daction d&#8217;annonces, tests A\/B, rapports mensuels.<\/td>\n<td>$935<\/td>\n<td>8 500 DIRHAMS<\/td>\n<\/tr>\n<tr>\n<td>Premium<\/td>\n<td>Mise en place d&#8217;une strat\u00e9gie initiale, 3+ plateformes de m\u00e9dias sociaux, conception d&#8217;annonces, r\u00e9daction d&#8217;annonces, A\/B Testing, segmentation de l&#8217;audience, rapports mensuels, optimisation de la campagne.<\/td>\n<td>$1,650<\/td>\n<td>15 000 DIRHAMS<\/td>\n<\/tr>\n<\/tbody>\n<\/table>\n<h3>Commencez<\/h3>\n<p>Pour commencer \u00e0 am\u00e9liorer la pr\u00e9sence de votre marque sur les m\u00e9dias sociaux, visitez notre site web, s\u00e9lectionnez le service de campagnes publicitaires sur les m\u00e9dias sociaux, ajoutez-le \u00e0 votre panier et proc\u00e9dez au paiement. Nous vous contacterons ensuite pour discuter de vos besoins sp\u00e9cifiques et planifier les prochaines \u00e9tapes. <\/p>\n<p><em>Terminez votre parcours d&#8217;achat de services par une promesse de transformation.<\/em>  &#8220;Am\u00e9liorez la pr\u00e9sence de votre marque sur les m\u00e9dias sociaux gr\u00e2ce \u00e0 nos campagnes publicitaires cibl\u00e9es. Avec DTR Marketing Agency, attendez-vous \u00e0 une augmentation de la reconnaissance de la marque, de l&#8217;engagement, du trafic sur le site web et des conversions. Commencez votre voyage vers le succ\u00e8s sur les m\u00e9dias sociaux avec nous d\u00e8s aujourd&#8217;hui !  <\/p>\n","protected":false},"excerpt":{"rendered":"<p>Renforcez la pr\u00e9sence de votre marque sur les m\u00e9dias sociaux gr\u00e2ce aux services de campagnes publicitaires sur les m\u00e9dias sociaux de DTR Marketing Agency. Nos campagnes sur mesure sont con\u00e7ues pour accro\u00eetre la reconnaissance de la marque, stimuler l&#8217;engagement, g\u00e9n\u00e9rer du trafic sur le site web et am\u00e9liorer les conversions. Embarquez avec nous d\u00e8s aujourd&#8217;hui pour une publicit\u00e9 impactante sur les m\u00e9dias sociaux !  <\/p>\n","protected":false},"featured_media":2794,"template":"","meta":{"_mo_disable_npp":"","om_disable_all_campaigns":false,"inline_featured_image":false,"_monsterinsights_skip_tracking":false,"_monsterinsights_sitenote_active":false,"_monsterinsights_sitenote_note":"","_monsterinsights_sitenote_category":0,"_uf_show_specific_survey":0,"_uf_disable_surveys":false},"product_brand":[],"product_cat":[105,101,100,99,102],"product_tag":[],"class_list":{"0":"post-3482","1":"product","2":"type-product","3":"status-publish","4":"has-post-thumbnail","6":"product_cat-abonnements","7":"product_cat-marketing-numerique","8":"product_cat-projets","9":"product_cat-services-fr","10":"product_cat-tous","12":"first","13":"instock","14":"virtual","15":"sold-individually","16":"purchasable","17":"product-type-simple"},"yoast_head":"<!-- This site is optimized with the Yoast SEO Premium plugin v20.13 (Yoast SEO v25.9) - https:\/\/yoast.com\/wordpress\/plugins\/seo\/ -->\n<title>Campagnes publicitaires sur les m\u00e9dias sociaux - DTR<\/title>\n<meta name=\"robots\" content=\"index, follow, max-snippet:-1, max-image-preview:large, max-video-preview:-1\" \/>\n<link rel=\"canonical\" href=\"https:\/\/dtr.ma\/fr\/produit\/campagnes-publicitaires-sur-les-medias-sociaux\/\" \/>\n<meta property=\"og:locale\" content=\"fr_FR\" \/>\n<meta property=\"og:type\" content=\"article\" \/>\n<meta property=\"og:title\" content=\"Campagnes publicitaires sur les m\u00e9dias sociaux\" \/>\n<meta property=\"og:description\" content=\"Renforcez la pr\u00e9sence de votre marque sur les m\u00e9dias sociaux gr\u00e2ce aux services de campagnes publicitaires sur les m\u00e9dias sociaux de DTR Marketing Agency. Nos campagnes sur mesure sont con\u00e7ues pour accro\u00eetre la reconnaissance de la marque, stimuler l&#039;engagement, g\u00e9n\u00e9rer du trafic sur le site web et am\u00e9liorer les conversions. Embarquez avec nous d\u00e8s aujourd&#039;hui pour une publicit\u00e9 impactante sur les m\u00e9dias sociaux !\" \/>\n<meta property=\"og:url\" content=\"https:\/\/dtr.ma\/fr\/produit\/campagnes-publicitaires-sur-les-medias-sociaux\/\" \/>\n<meta property=\"og:site_name\" content=\"DTR\" \/>\n<meta property=\"og:image\" content=\"https:\/\/i0.wp.com\/dtr.ma\/wp-content\/uploads\/2022\/12\/DTR-SERVICES-ICONES-WEBSITE-ECOMMERCE-18.jpg?fit=1669%2C1123&ssl=1\" \/>\n\t<meta property=\"og:image:width\" content=\"1669\" \/>\n\t<meta property=\"og:image:height\" content=\"1123\" \/>\n\t<meta property=\"og:image:type\" content=\"image\/jpeg\" \/>\n<meta name=\"twitter:card\" content=\"summary_large_image\" \/>\n<meta name=\"twitter:label1\" content=\"Dur\u00e9e de lecture estim\u00e9e\" \/>\n\t<meta name=\"twitter:data1\" content=\"3 minutes\" \/>\n<script type=\"application\/ld+json\" class=\"yoast-schema-graph\">{\"@context\":\"https:\/\/schema.org\",\"@graph\":[{\"@type\":\"WebPage\",\"@id\":\"https:\/\/dtr.ma\/fr\/produit\/campagnes-publicitaires-sur-les-medias-sociaux\/\",\"url\":\"https:\/\/dtr.ma\/fr\/produit\/campagnes-publicitaires-sur-les-medias-sociaux\/\",\"name\":\"Campagnes publicitaires sur les m\u00e9dias sociaux - DTR\",\"isPartOf\":{\"@id\":\"https:\/\/dtr.ma\/fr\/#website\"},\"primaryImageOfPage\":{\"@id\":\"https:\/\/dtr.ma\/fr\/produit\/campagnes-publicitaires-sur-les-medias-sociaux\/#primaryimage\"},\"image\":{\"@id\":\"https:\/\/dtr.ma\/fr\/produit\/campagnes-publicitaires-sur-les-medias-sociaux\/#primaryimage\"},\"thumbnailUrl\":\"https:\/\/i0.wp.com\/dtr.ma\/wp-content\/uploads\/2022\/12\/DTR-SERVICES-ICONES-WEBSITE-ECOMMERCE-18.jpg?fit=1669%2C1123&ssl=1\",\"datePublished\":\"2022-12-12T16:32:58+00:00\",\"breadcrumb\":{\"@id\":\"https:\/\/dtr.ma\/fr\/produit\/campagnes-publicitaires-sur-les-medias-sociaux\/#breadcrumb\"},\"inLanguage\":\"fr-FR\",\"potentialAction\":[{\"@type\":\"ReadAction\",\"target\":[\"https:\/\/dtr.ma\/fr\/produit\/campagnes-publicitaires-sur-les-medias-sociaux\/\"]}]},{\"@type\":\"ImageObject\",\"inLanguage\":\"fr-FR\",\"@id\":\"https:\/\/dtr.ma\/fr\/produit\/campagnes-publicitaires-sur-les-medias-sociaux\/#primaryimage\",\"url\":\"https:\/\/i0.wp.com\/dtr.ma\/wp-content\/uploads\/2022\/12\/DTR-SERVICES-ICONES-WEBSITE-ECOMMERCE-18.jpg?fit=1669%2C1123&ssl=1\",\"contentUrl\":\"https:\/\/i0.wp.com\/dtr.ma\/wp-content\/uploads\/2022\/12\/DTR-SERVICES-ICONES-WEBSITE-ECOMMERCE-18.jpg?fit=1669%2C1123&ssl=1\",\"width\":1669,\"height\":1123},{\"@type\":\"BreadcrumbList\",\"@id\":\"https:\/\/dtr.ma\/fr\/produit\/campagnes-publicitaires-sur-les-medias-sociaux\/#breadcrumb\",\"itemListElement\":[{\"@type\":\"ListItem\",\"position\":1,\"name\":\"Home\",\"item\":\"https:\/\/dtr.ma\/fr\/\"},{\"@type\":\"ListItem\",\"position\":2,\"name\":\"Boutique\",\"item\":\"https:\/\/dtr.ma\/fr\/boutique\/\"},{\"@type\":\"ListItem\",\"position\":3,\"name\":\"Campagnes publicitaires sur les m\u00e9dias sociaux\"}]},{\"@type\":\"WebSite\",\"@id\":\"https:\/\/dtr.ma\/fr\/#website\",\"url\":\"https:\/\/dtr.ma\/fr\/\",\"name\":\"DTR\",\"description\":\"Smart Business Solutions\",\"publisher\":{\"@id\":\"https:\/\/dtr.ma\/fr\/#organization\"},\"potentialAction\":[{\"@type\":\"SearchAction\",\"target\":{\"@type\":\"EntryPoint\",\"urlTemplate\":\"https:\/\/dtr.ma\/fr\/?s={search_term_string}\"},\"query-input\":{\"@type\":\"PropertyValueSpecification\",\"valueRequired\":true,\"valueName\":\"search_term_string\"}}],\"inLanguage\":\"fr-FR\"},{\"@type\":\"Organization\",\"@id\":\"https:\/\/dtr.ma\/fr\/#organization\",\"name\":\"DTR\",\"url\":\"https:\/\/dtr.ma\/fr\/\",\"logo\":{\"@type\":\"ImageObject\",\"inLanguage\":\"fr-FR\",\"@id\":\"https:\/\/dtr.ma\/fr\/#\/schema\/logo\/image\/\",\"url\":\"https:\/\/dtr.ma\/wp-content\/uploads\/2024\/11\/DTR-LOGO.svg\",\"contentUrl\":\"https:\/\/dtr.ma\/wp-content\/uploads\/2024\/11\/DTR-LOGO.svg\",\"width\":1528,\"height\":697,\"caption\":\"DTR\"},\"image\":{\"@id\":\"https:\/\/dtr.ma\/fr\/#\/schema\/logo\/image\/\"}}]}<\/script>\n<!-- \/ Yoast SEO Premium plugin. -->","yoast_head_json":{"title":"Campagnes publicitaires sur les m\u00e9dias sociaux - DTR","robots":{"index":"index","follow":"follow","max-snippet":"max-snippet:-1","max-image-preview":"max-image-preview:large","max-video-preview":"max-video-preview:-1"},"canonical":"https:\/\/dtr.ma\/fr\/produit\/campagnes-publicitaires-sur-les-medias-sociaux\/","og_locale":"fr_FR","og_type":"article","og_title":"Campagnes publicitaires sur les m\u00e9dias sociaux","og_description":"Renforcez la pr\u00e9sence de votre marque sur les m\u00e9dias sociaux gr\u00e2ce aux services de campagnes publicitaires sur les m\u00e9dias sociaux de DTR Marketing Agency. Nos campagnes sur mesure sont con\u00e7ues pour accro\u00eetre la reconnaissance de la marque, stimuler l'engagement, g\u00e9n\u00e9rer du trafic sur le site web et am\u00e9liorer les conversions. Embarquez avec nous d\u00e8s aujourd'hui pour une publicit\u00e9 impactante sur les m\u00e9dias sociaux !","og_url":"https:\/\/dtr.ma\/fr\/produit\/campagnes-publicitaires-sur-les-medias-sociaux\/","og_site_name":"DTR","og_image":[{"width":1669,"height":1123,"url":"https:\/\/i0.wp.com\/dtr.ma\/wp-content\/uploads\/2022\/12\/DTR-SERVICES-ICONES-WEBSITE-ECOMMERCE-18.jpg?fit=1669%2C1123&ssl=1","type":"image\/jpeg"}],"twitter_card":"summary_large_image","twitter_misc":{"Dur\u00e9e de lecture estim\u00e9e":"3 minutes"},"schema":{"@context":"https:\/\/schema.org","@graph":[{"@type":"WebPage","@id":"https:\/\/dtr.ma\/fr\/produit\/campagnes-publicitaires-sur-les-medias-sociaux\/","url":"https:\/\/dtr.ma\/fr\/produit\/campagnes-publicitaires-sur-les-medias-sociaux\/","name":"Campagnes publicitaires sur les m\u00e9dias sociaux - DTR","isPartOf":{"@id":"https:\/\/dtr.ma\/fr\/#website"},"primaryImageOfPage":{"@id":"https:\/\/dtr.ma\/fr\/produit\/campagnes-publicitaires-sur-les-medias-sociaux\/#primaryimage"},"image":{"@id":"https:\/\/dtr.ma\/fr\/produit\/campagnes-publicitaires-sur-les-medias-sociaux\/#primaryimage"},"thumbnailUrl":"https:\/\/i0.wp.com\/dtr.ma\/wp-content\/uploads\/2022\/12\/DTR-SERVICES-ICONES-WEBSITE-ECOMMERCE-18.jpg?fit=1669%2C1123&ssl=1","datePublished":"2022-12-12T16:32:58+00:00","breadcrumb":{"@id":"https:\/\/dtr.ma\/fr\/produit\/campagnes-publicitaires-sur-les-medias-sociaux\/#breadcrumb"},"inLanguage":"fr-FR","potentialAction":[{"@type":"ReadAction","target":["https:\/\/dtr.ma\/fr\/produit\/campagnes-publicitaires-sur-les-medias-sociaux\/"]}]},{"@type":"ImageObject","inLanguage":"fr-FR","@id":"https:\/\/dtr.ma\/fr\/produit\/campagnes-publicitaires-sur-les-medias-sociaux\/#primaryimage","url":"https:\/\/i0.wp.com\/dtr.ma\/wp-content\/uploads\/2022\/12\/DTR-SERVICES-ICONES-WEBSITE-ECOMMERCE-18.jpg?fit=1669%2C1123&ssl=1","contentUrl":"https:\/\/i0.wp.com\/dtr.ma\/wp-content\/uploads\/2022\/12\/DTR-SERVICES-ICONES-WEBSITE-ECOMMERCE-18.jpg?fit=1669%2C1123&ssl=1","width":1669,"height":1123},{"@type":"BreadcrumbList","@id":"https:\/\/dtr.ma\/fr\/produit\/campagnes-publicitaires-sur-les-medias-sociaux\/#breadcrumb","itemListElement":[{"@type":"ListItem","position":1,"name":"Home","item":"https:\/\/dtr.ma\/fr\/"},{"@type":"ListItem","position":2,"name":"Boutique","item":"https:\/\/dtr.ma\/fr\/boutique\/"},{"@type":"ListItem","position":3,"name":"Campagnes publicitaires sur les m\u00e9dias sociaux"}]},{"@type":"WebSite","@id":"https:\/\/dtr.ma\/fr\/#website","url":"https:\/\/dtr.ma\/fr\/","name":"DTR","description":"Smart Business Solutions","publisher":{"@id":"https:\/\/dtr.ma\/fr\/#organization"},"potentialAction":[{"@type":"SearchAction","target":{"@type":"EntryPoint","urlTemplate":"https:\/\/dtr.ma\/fr\/?s={search_term_string}"},"query-input":{"@type":"PropertyValueSpecification","valueRequired":true,"valueName":"search_term_string"}}],"inLanguage":"fr-FR"},{"@type":"Organization","@id":"https:\/\/dtr.ma\/fr\/#organization","name":"DTR","url":"https:\/\/dtr.ma\/fr\/","logo":{"@type":"ImageObject","inLanguage":"fr-FR","@id":"https:\/\/dtr.ma\/fr\/#\/schema\/logo\/image\/","url":"https:\/\/dtr.ma\/wp-content\/uploads\/2024\/11\/DTR-LOGO.svg","contentUrl":"https:\/\/dtr.ma\/wp-content\/uploads\/2024\/11\/DTR-LOGO.svg","width":1528,"height":697,"caption":"DTR"},"image":{"@id":"https:\/\/dtr.ma\/fr\/#\/schema\/logo\/image\/"}}]}},"jetpack_sharing_enabled":true,"_links":{"self":[{"href":"https:\/\/dtr.ma\/fr\/wp-json\/wp\/v2\/product\/3482","targetHints":{"allow":["GET"]}}],"collection":[{"href":"https:\/\/dtr.ma\/fr\/wp-json\/wp\/v2\/product"}],"about":[{"href":"https:\/\/dtr.ma\/fr\/wp-json\/wp\/v2\/types\/product"}],"version-history":[{"count":0,"href":"https:\/\/dtr.ma\/fr\/wp-json\/wp\/v2\/product\/3482\/revisions"}],"wp:featuredmedia":[{"embeddable":true,"href":"https:\/\/dtr.ma\/fr\/wp-json\/wp\/v2\/media\/2794"}],"wp:attachment":[{"href":"https:\/\/dtr.ma\/fr\/wp-json\/wp\/v2\/media?parent=3482"}],"wp:term":[{"taxonomy":"product_brand","embeddable":true,"href":"https:\/\/dtr.ma\/fr\/wp-json\/wp\/v2\/product_brand?post=3482"},{"taxonomy":"product_cat","embeddable":true,"href":"https:\/\/dtr.ma\/fr\/wp-json\/wp\/v2\/product_cat?post=3482"},{"taxonomy":"product_tag","embeddable":true,"href":"https:\/\/dtr.ma\/fr\/wp-json\/wp\/v2\/product_tag?post=3482"}],"curies":[{"name":"wp","href":"https:\/\/api.w.org\/{rel}","templated":true}]}}