{"id":3484,"date":"2022-12-12T16:41:48","date_gmt":"2022-12-12T16:41:48","guid":{"rendered":"https:\/\/dtr.ma\/product\/campagnes-de-marketing-google\/"},"modified":"2022-12-12T16:41:48","modified_gmt":"2022-12-12T16:41:48","slug":"campagnes-de-marketing-google","status":"publish","type":"product","link":"https:\/\/dtr.ma\/fr\/produit\/campagnes-de-marketing-google\/","title":{"rendered":"Campagnes de marketing Google"},"content":{"rendered":"<p>Sur le march\u00e9 num\u00e9rique en constante \u00e9volution, se d\u00e9marquer peut \u00eatre un d\u00e9fi. DTR Marketing Agency est l\u00e0 pour aider votre entreprise \u00e0 s&#8217;\u00e9lever au-dessus du bruit gr\u00e2ce \u00e0 notre service expert de campagnes marketing Google. En utilisant les puissantes plateformes publicitaires de Google, nous pouvons aider votre entreprise \u00e0 augmenter sa visibilit\u00e9 en ligne, \u00e0 g\u00e9n\u00e9rer plus de trafic cibl\u00e9 vers votre site web, et finalement, \u00e0 augmenter les conversions et les ventes. Qu&#8217;il s&#8217;agisse de Google Ads, de Google Shopping ou de publicit\u00e9 sur YouTube, notre \u00e9quipe exp\u00e9riment\u00e9e peut cr\u00e9er et g\u00e9rer des campagnes efficaces adapt\u00e9es \u00e0 vos objectifs commerciaux. <\/p>\n<h3>Notre processus<\/h3>\n<p>Notre processus commence par la compr\u00e9hension de votre entreprise, de vos objectifs et de votre public cible. Nous d\u00e9veloppons ensuite une strat\u00e9gie sur mesure qui s&#8217;aligne sur ces objectifs, en cr\u00e9ant des annonces convaincantes qui attireront votre march\u00e9 cible. Notre \u00e9quipe est exp\u00e9riment\u00e9e dans la recherche de mots-cl\u00e9s, la cr\u00e9ation d&#8217;annonces, la gestion du budget et l&#8217;analyse de la campagne. Tout au long de la campagne, nous surveillons constamment les performances et proc\u00e9dons aux ajustements n\u00e9cessaires pour garantir des r\u00e9sultats optimaux. Nous fournissons des rapports r\u00e9guliers afin que vous puissiez voir les performances de vos campagnes et le retour sur investissement.  <\/p>\n<h3>Produits \u00e0 livrer<\/h3>\n<p>Vous b\u00e9n\u00e9ficierez d&#8217;une campagne de marketing Google enti\u00e8rement g\u00e9r\u00e9e, comprenant la recherche de mots cl\u00e9s, la cr\u00e9ation d&#8217;annonces, la mise en place de la campagne, ainsi que la gestion et l&#8217;optimisation continues. Nos rapports r\u00e9guliers vous tiendront au courant des performances de vos campagnes et des r\u00e9sultats qu&#8217;elles g\u00e9n\u00e8rent pour votre entreprise. <\/p>\n<h3>Tarification<\/h3>\n<p>Notre service de campagnes marketing Google commence \u00e0 $300 USD (environ 3,000 MAD). Il s&#8217;agit du co\u00fbt de d\u00e9part, qui peut varier en fonction de la complexit\u00e9 des campagnes et de votre budget publicitaire. Le paiement int\u00e9gral est requis pour commencer le projet, et il peut \u00eatre effectu\u00e9 par le biais de notre plateforme en ligne s\u00e9curis\u00e9e.  <\/p>\n<p><strong>Paquets de services \u00e0 usage unique :<\/strong><\/p>\n<ol>\n<li><strong>Pack de d\u00e9marrage &#8211; 300 USD \/ 3 000 MAD :<\/strong> Id\u00e9al pour les petites entreprises qui cherchent \u00e0 accro\u00eetre leur pr\u00e9sence en ligne. Ce forfait comprend une recherche d\u00e9taill\u00e9e de mots-cl\u00e9s pour comprendre ce que les clients potentiels recherchent, la cr\u00e9ation d&#8217;annonces adapt\u00e9es \u00e0 votre entreprise et la configuration initiale d&#8217;une campagne. <\/li>\n<li><strong>Formule standard &#8211; 500 USD \/ 5 000 MAD :<\/strong> Cette <strong>formule<\/strong> est id\u00e9ale pour les entreprises en pleine croissance qui cherchent \u00e0 augmenter leur trafic et leurs conversions. Ce forfait comprend tout ce qui est inclus dans le forfait de d\u00e9marrage, plus la gestion continue, le suivi des performances et les strat\u00e9gies d&#8217;optimisation pour un maximum de 3 campagnes. <\/li>\n<li><strong>Formule Premium &#8211; 800 USD \/ 8 000 MAD :<\/strong> Parfaite pour les entreprises \u00e9tablies qui souhaitent avoir une pr\u00e9sence dominante en ligne. Cette formule comprend tous les \u00e9l\u00e9ments de la formule standard, ainsi que des strat\u00e9gies marketing avanc\u00e9es, une analyse approfondie de la concurrence et une gestion illimit\u00e9e des campagnes. <\/li>\n<\/ol>\n<p><strong>Formules d&#8217;abonnement :<\/strong><\/p>\n<ol>\n<li><strong>Abonnement de base &#8211; 200 USD\/mois \/ 2 000 MAD\/mois :<\/strong> Ce plan est parfait pour les entreprises qui cherchent \u00e0 maintenir leur pr\u00e9sence en ligne. L&#8217;abonnement comprend des mises \u00e0 jour mensuelles des listes de mots-cl\u00e9s en fonction de l&#8217;\u00e9volution des tendances, des rapports de base pour suivre les performances et des ajustements \u00e0 votre campagne pour s&#8217;assurer qu&#8217;elle est toujours optimis\u00e9e. <\/li>\n<li><strong>Abonnement avanc\u00e9 &#8211; 350 USD\/mois \/ 3 500 MAD\/mois :<\/strong> Cet abonnement convient mieux aux entreprises qui recherchent une croissance r\u00e9guli\u00e8re. En plus de tout ce qui est inclus dans le plan de base, il fournit une analyse plus approfondie des performances, des tests A\/B pour s&#8217;assurer que les annonces les plus efficaces sont diffus\u00e9es, et la gestion et les ajustements pour jusqu&#8217;\u00e0 3 campagnes diff\u00e9rentes. <\/li>\n<li><strong>Abonnement Pro &#8211; 500 USD\/mois \/ 5 000 MAD\/mois :<\/strong> Ce plan est con\u00e7u pour les entreprises qui souhaitent dominer le march\u00e9 en ligne de fa\u00e7on continue. Il comprend tout ce qui est inclus dans le plan avanc\u00e9, plus une analyse compl\u00e8te des concurrents, un suivi d\u00e9taill\u00e9 des conversions et des calculs de retour sur investissement pour un nombre illimit\u00e9 de campagnes. <\/li>\n<\/ol>\n<h3>Commencez<\/h3>\n<p>Pour d\u00e9marrer votre service de campagnes marketing Google, visitez notre site web, s\u00e9lectionnez le service, ajoutez-le \u00e0 votre panier et proc\u00e9dez au paiement. Notre \u00e9quipe vous contactera rapidement pour lancer la campagne. Avec DTR Marketing Agency, exploitez la puissance des plateformes publicitaires de Google et voyez votre entreprise atteindre de nouveaux sommets. Pour toute question ou assistance, n&#8217;h\u00e9sitez pas \u00e0 nous contacter. <\/p>\n","protected":false},"excerpt":{"rendered":"<p>Augmentez votre visibilit\u00e9 en ligne et g\u00e9n\u00e9rez du trafic cibl\u00e9 vers votre site web gr\u00e2ce au service de campagnes marketing Google de DTR Marketing Agency. Notre \u00e9quipe d&#8217;experts cr\u00e9e et g\u00e8re des campagnes efficaces sur les plateformes publicitaires de Google, adapt\u00e9es \u00e0 vos objectifs commerciaux. Commencez votre voyage vers l&#8217;augmentation des conversions et des ventes d\u00e8s aujourd&#8217;hui !  <\/p>\n","protected":false},"featured_media":2790,"template":"","meta":{"_mo_disable_npp":"","om_disable_all_campaigns":false,"inline_featured_image":false,"_monsterinsights_skip_tracking":false,"_monsterinsights_sitenote_active":false,"_monsterinsights_sitenote_note":"","_monsterinsights_sitenote_category":0,"_uf_show_specific_survey":0,"_uf_disable_surveys":false},"product_brand":[],"product_cat":[105,101,100,99],"product_tag":[],"class_list":{"0":"post-3484","1":"product","2":"type-product","3":"status-publish","4":"has-post-thumbnail","6":"product_cat-abonnements","7":"product_cat-marketing-numerique","8":"product_cat-projets","9":"product_cat-services-fr","11":"first","12":"instock","13":"virtual","14":"sold-individually","15":"purchasable","16":"product-type-simple"},"yoast_head":"<!-- This site is optimized with the Yoast SEO Premium plugin v20.13 (Yoast SEO v25.9) - https:\/\/yoast.com\/wordpress\/plugins\/seo\/ -->\n<title>Campagnes de marketing Google - DTR<\/title>\n<meta name=\"robots\" content=\"index, follow, max-snippet:-1, max-image-preview:large, max-video-preview:-1\" \/>\n<link rel=\"canonical\" href=\"https:\/\/dtr.ma\/fr\/produit\/campagnes-de-marketing-google\/\" \/>\n<meta property=\"og:locale\" content=\"fr_FR\" \/>\n<meta property=\"og:type\" content=\"article\" \/>\n<meta property=\"og:title\" content=\"Campagnes de marketing Google\" \/>\n<meta property=\"og:description\" content=\"Augmentez votre visibilit\u00e9 en ligne et g\u00e9n\u00e9rez du trafic cibl\u00e9 vers votre site web gr\u00e2ce au service de campagnes marketing Google de DTR Marketing Agency. Notre \u00e9quipe d&#039;experts cr\u00e9e et g\u00e8re des campagnes efficaces sur les plateformes publicitaires de Google, adapt\u00e9es \u00e0 vos objectifs commerciaux. Commencez votre voyage vers l&#039;augmentation des conversions et des ventes d\u00e8s aujourd&#039;hui !\" \/>\n<meta property=\"og:url\" content=\"https:\/\/dtr.ma\/fr\/produit\/campagnes-de-marketing-google\/\" \/>\n<meta property=\"og:site_name\" content=\"DTR\" \/>\n<meta property=\"og:image\" content=\"https:\/\/i0.wp.com\/dtr.ma\/wp-content\/uploads\/2022\/12\/DTR-SERVICES-ICONES-WEBSITE-ECOMMERCE-22.jpg?fit=1669%2C1123&ssl=1\" \/>\n\t<meta property=\"og:image:width\" content=\"1669\" \/>\n\t<meta property=\"og:image:height\" content=\"1123\" \/>\n\t<meta property=\"og:image:type\" content=\"image\/jpeg\" \/>\n<meta name=\"twitter:card\" content=\"summary_large_image\" \/>\n<meta name=\"twitter:label1\" content=\"Dur\u00e9e de lecture estim\u00e9e\" \/>\n\t<meta name=\"twitter:data1\" content=\"4 minutes\" \/>\n<script type=\"application\/ld+json\" class=\"yoast-schema-graph\">{\"@context\":\"https:\/\/schema.org\",\"@graph\":[{\"@type\":\"WebPage\",\"@id\":\"https:\/\/dtr.ma\/fr\/produit\/campagnes-de-marketing-google\/\",\"url\":\"https:\/\/dtr.ma\/fr\/produit\/campagnes-de-marketing-google\/\",\"name\":\"Campagnes de marketing Google - DTR\",\"isPartOf\":{\"@id\":\"https:\/\/dtr.ma\/fr\/#website\"},\"primaryImageOfPage\":{\"@id\":\"https:\/\/dtr.ma\/fr\/produit\/campagnes-de-marketing-google\/#primaryimage\"},\"image\":{\"@id\":\"https:\/\/dtr.ma\/fr\/produit\/campagnes-de-marketing-google\/#primaryimage\"},\"thumbnailUrl\":\"https:\/\/i0.wp.com\/dtr.ma\/wp-content\/uploads\/2022\/12\/DTR-SERVICES-ICONES-WEBSITE-ECOMMERCE-22.jpg?fit=1669%2C1123&ssl=1\",\"datePublished\":\"2022-12-12T16:41:48+00:00\",\"breadcrumb\":{\"@id\":\"https:\/\/dtr.ma\/fr\/produit\/campagnes-de-marketing-google\/#breadcrumb\"},\"inLanguage\":\"fr-FR\",\"potentialAction\":[{\"@type\":\"ReadAction\",\"target\":[\"https:\/\/dtr.ma\/fr\/produit\/campagnes-de-marketing-google\/\"]}]},{\"@type\":\"ImageObject\",\"inLanguage\":\"fr-FR\",\"@id\":\"https:\/\/dtr.ma\/fr\/produit\/campagnes-de-marketing-google\/#primaryimage\",\"url\":\"https:\/\/i0.wp.com\/dtr.ma\/wp-content\/uploads\/2022\/12\/DTR-SERVICES-ICONES-WEBSITE-ECOMMERCE-22.jpg?fit=1669%2C1123&ssl=1\",\"contentUrl\":\"https:\/\/i0.wp.com\/dtr.ma\/wp-content\/uploads\/2022\/12\/DTR-SERVICES-ICONES-WEBSITE-ECOMMERCE-22.jpg?fit=1669%2C1123&ssl=1\",\"width\":1669,\"height\":1123},{\"@type\":\"BreadcrumbList\",\"@id\":\"https:\/\/dtr.ma\/fr\/produit\/campagnes-de-marketing-google\/#breadcrumb\",\"itemListElement\":[{\"@type\":\"ListItem\",\"position\":1,\"name\":\"Home\",\"item\":\"https:\/\/dtr.ma\/fr\/\"},{\"@type\":\"ListItem\",\"position\":2,\"name\":\"Boutique\",\"item\":\"https:\/\/dtr.ma\/fr\/boutique\/\"},{\"@type\":\"ListItem\",\"position\":3,\"name\":\"Campagnes de marketing Google\"}]},{\"@type\":\"WebSite\",\"@id\":\"https:\/\/dtr.ma\/fr\/#website\",\"url\":\"https:\/\/dtr.ma\/fr\/\",\"name\":\"DTR\",\"description\":\"Smart Business Solutions\",\"publisher\":{\"@id\":\"https:\/\/dtr.ma\/fr\/#organization\"},\"potentialAction\":[{\"@type\":\"SearchAction\",\"target\":{\"@type\":\"EntryPoint\",\"urlTemplate\":\"https:\/\/dtr.ma\/fr\/?s={search_term_string}\"},\"query-input\":{\"@type\":\"PropertyValueSpecification\",\"valueRequired\":true,\"valueName\":\"search_term_string\"}}],\"inLanguage\":\"fr-FR\"},{\"@type\":\"Organization\",\"@id\":\"https:\/\/dtr.ma\/fr\/#organization\",\"name\":\"DTR\",\"url\":\"https:\/\/dtr.ma\/fr\/\",\"logo\":{\"@type\":\"ImageObject\",\"inLanguage\":\"fr-FR\",\"@id\":\"https:\/\/dtr.ma\/fr\/#\/schema\/logo\/image\/\",\"url\":\"https:\/\/dtr.ma\/wp-content\/uploads\/2024\/11\/DTR-LOGO.svg\",\"contentUrl\":\"https:\/\/dtr.ma\/wp-content\/uploads\/2024\/11\/DTR-LOGO.svg\",\"width\":1528,\"height\":697,\"caption\":\"DTR\"},\"image\":{\"@id\":\"https:\/\/dtr.ma\/fr\/#\/schema\/logo\/image\/\"}}]}<\/script>\n<!-- \/ Yoast SEO Premium plugin. -->","yoast_head_json":{"title":"Campagnes de marketing Google - DTR","robots":{"index":"index","follow":"follow","max-snippet":"max-snippet:-1","max-image-preview":"max-image-preview:large","max-video-preview":"max-video-preview:-1"},"canonical":"https:\/\/dtr.ma\/fr\/produit\/campagnes-de-marketing-google\/","og_locale":"fr_FR","og_type":"article","og_title":"Campagnes de marketing Google","og_description":"Augmentez votre visibilit\u00e9 en ligne et g\u00e9n\u00e9rez du trafic cibl\u00e9 vers votre site web gr\u00e2ce au service de campagnes marketing Google de DTR Marketing Agency. Notre \u00e9quipe d'experts cr\u00e9e et g\u00e8re des campagnes efficaces sur les plateformes publicitaires de Google, adapt\u00e9es \u00e0 vos objectifs commerciaux. Commencez votre voyage vers l'augmentation des conversions et des ventes d\u00e8s aujourd'hui !","og_url":"https:\/\/dtr.ma\/fr\/produit\/campagnes-de-marketing-google\/","og_site_name":"DTR","og_image":[{"width":1669,"height":1123,"url":"https:\/\/i0.wp.com\/dtr.ma\/wp-content\/uploads\/2022\/12\/DTR-SERVICES-ICONES-WEBSITE-ECOMMERCE-22.jpg?fit=1669%2C1123&ssl=1","type":"image\/jpeg"}],"twitter_card":"summary_large_image","twitter_misc":{"Dur\u00e9e de lecture estim\u00e9e":"4 minutes"},"schema":{"@context":"https:\/\/schema.org","@graph":[{"@type":"WebPage","@id":"https:\/\/dtr.ma\/fr\/produit\/campagnes-de-marketing-google\/","url":"https:\/\/dtr.ma\/fr\/produit\/campagnes-de-marketing-google\/","name":"Campagnes de marketing Google - DTR","isPartOf":{"@id":"https:\/\/dtr.ma\/fr\/#website"},"primaryImageOfPage":{"@id":"https:\/\/dtr.ma\/fr\/produit\/campagnes-de-marketing-google\/#primaryimage"},"image":{"@id":"https:\/\/dtr.ma\/fr\/produit\/campagnes-de-marketing-google\/#primaryimage"},"thumbnailUrl":"https:\/\/i0.wp.com\/dtr.ma\/wp-content\/uploads\/2022\/12\/DTR-SERVICES-ICONES-WEBSITE-ECOMMERCE-22.jpg?fit=1669%2C1123&ssl=1","datePublished":"2022-12-12T16:41:48+00:00","breadcrumb":{"@id":"https:\/\/dtr.ma\/fr\/produit\/campagnes-de-marketing-google\/#breadcrumb"},"inLanguage":"fr-FR","potentialAction":[{"@type":"ReadAction","target":["https:\/\/dtr.ma\/fr\/produit\/campagnes-de-marketing-google\/"]}]},{"@type":"ImageObject","inLanguage":"fr-FR","@id":"https:\/\/dtr.ma\/fr\/produit\/campagnes-de-marketing-google\/#primaryimage","url":"https:\/\/i0.wp.com\/dtr.ma\/wp-content\/uploads\/2022\/12\/DTR-SERVICES-ICONES-WEBSITE-ECOMMERCE-22.jpg?fit=1669%2C1123&ssl=1","contentUrl":"https:\/\/i0.wp.com\/dtr.ma\/wp-content\/uploads\/2022\/12\/DTR-SERVICES-ICONES-WEBSITE-ECOMMERCE-22.jpg?fit=1669%2C1123&ssl=1","width":1669,"height":1123},{"@type":"BreadcrumbList","@id":"https:\/\/dtr.ma\/fr\/produit\/campagnes-de-marketing-google\/#breadcrumb","itemListElement":[{"@type":"ListItem","position":1,"name":"Home","item":"https:\/\/dtr.ma\/fr\/"},{"@type":"ListItem","position":2,"name":"Boutique","item":"https:\/\/dtr.ma\/fr\/boutique\/"},{"@type":"ListItem","position":3,"name":"Campagnes de marketing Google"}]},{"@type":"WebSite","@id":"https:\/\/dtr.ma\/fr\/#website","url":"https:\/\/dtr.ma\/fr\/","name":"DTR","description":"Smart Business Solutions","publisher":{"@id":"https:\/\/dtr.ma\/fr\/#organization"},"potentialAction":[{"@type":"SearchAction","target":{"@type":"EntryPoint","urlTemplate":"https:\/\/dtr.ma\/fr\/?s={search_term_string}"},"query-input":{"@type":"PropertyValueSpecification","valueRequired":true,"valueName":"search_term_string"}}],"inLanguage":"fr-FR"},{"@type":"Organization","@id":"https:\/\/dtr.ma\/fr\/#organization","name":"DTR","url":"https:\/\/dtr.ma\/fr\/","logo":{"@type":"ImageObject","inLanguage":"fr-FR","@id":"https:\/\/dtr.ma\/fr\/#\/schema\/logo\/image\/","url":"https:\/\/dtr.ma\/wp-content\/uploads\/2024\/11\/DTR-LOGO.svg","contentUrl":"https:\/\/dtr.ma\/wp-content\/uploads\/2024\/11\/DTR-LOGO.svg","width":1528,"height":697,"caption":"DTR"},"image":{"@id":"https:\/\/dtr.ma\/fr\/#\/schema\/logo\/image\/"}}]}},"jetpack_sharing_enabled":true,"_links":{"self":[{"href":"https:\/\/dtr.ma\/fr\/wp-json\/wp\/v2\/product\/3484","targetHints":{"allow":["GET"]}}],"collection":[{"href":"https:\/\/dtr.ma\/fr\/wp-json\/wp\/v2\/product"}],"about":[{"href":"https:\/\/dtr.ma\/fr\/wp-json\/wp\/v2\/types\/product"}],"version-history":[{"count":0,"href":"https:\/\/dtr.ma\/fr\/wp-json\/wp\/v2\/product\/3484\/revisions"}],"wp:featuredmedia":[{"embeddable":true,"href":"https:\/\/dtr.ma\/fr\/wp-json\/wp\/v2\/media\/2790"}],"wp:attachment":[{"href":"https:\/\/dtr.ma\/fr\/wp-json\/wp\/v2\/media?parent=3484"}],"wp:term":[{"taxonomy":"product_brand","embeddable":true,"href":"https:\/\/dtr.ma\/fr\/wp-json\/wp\/v2\/product_brand?post=3484"},{"taxonomy":"product_cat","embeddable":true,"href":"https:\/\/dtr.ma\/fr\/wp-json\/wp\/v2\/product_cat?post=3484"},{"taxonomy":"product_tag","embeddable":true,"href":"https:\/\/dtr.ma\/fr\/wp-json\/wp\/v2\/product_tag?post=3484"}],"curies":[{"name":"wp","href":"https:\/\/api.w.org\/{rel}","templated":true}]}}