{"id":3485,"date":"2022-12-12T15:40:30","date_gmt":"2022-12-12T15:40:30","guid":{"rendered":"https:\/\/dtr.ma\/product\/optimisation-des-moteurs-de-recherche-seo\/"},"modified":"2022-12-12T15:40:30","modified_gmt":"2022-12-12T15:40:30","slug":"optimisation-des-moteurs-de-recherche-seo","status":"publish","type":"product","link":"https:\/\/dtr.ma\/fr\/produit\/optimisation-des-moteurs-de-recherche-seo\/","title":{"rendered":"Optimisation des moteurs de recherche (SEO)"},"content":{"rendered":"<p>Gagnez en visibilit\u00e9 sur le march\u00e9 num\u00e9rique encombr\u00e9 gr\u00e2ce au service d&#8217;optimisation des moteurs de recherche (SEO) de DTR Marketing Agency. Nous sommes sp\u00e9cialis\u00e9s dans l&#8217;am\u00e9lioration du classement de votre site web dans les moteurs de recherche, dans l&#8217;augmentation du trafic organique et dans le renforcement de votre pr\u00e9sence en ligne. Notre \u00e9quipe d&#8217;experts en r\u00e9f\u00e9rencement utilise des techniques et des strat\u00e9gies de pointe pour optimiser votre site, de la recherche de mots cl\u00e9s au r\u00e9f\u00e9rencement technique en passant par le r\u00e9f\u00e9rencement sur la page et la cr\u00e9ation de liens. Notre objectif est d&#8217;attirer un trafic de qualit\u00e9, d&#8217;am\u00e9liorer les taux de clics et d&#8217;augmenter les conversions. <\/p>\n<h3>Notre processus<\/h3>\n<p>Notre processus de r\u00e9f\u00e9rencement commence par un audit complet de votre site web afin de comprendre ses performances actuelles en mati\u00e8re de r\u00e9f\u00e9rencement. Nous identifions les points \u00e0 am\u00e9liorer et \u00e9laborons une strat\u00e9gie de r\u00e9f\u00e9rencement personnalis\u00e9e, adapt\u00e9e \u00e0 vos objectifs commerciaux. Nous effectuons une recherche approfondie des mots-cl\u00e9s pour comprendre ce que votre public cible recherche et optimiser votre contenu en cons\u00e9quence. Nos techniques de r\u00e9f\u00e9rencement &#8220;on-page&#8221; et &#8220;off-page&#8221; travaillent en tandem pour am\u00e9liorer la visibilit\u00e9 de votre site dans les r\u00e9sultats des moteurs de recherche. <\/p>\n<h3>Produits \u00e0 livrer<\/h3>\n<p>Notre service de r\u00e9f\u00e9rencement se traduira par un site web tr\u00e8s visible sur les moteurs de recherche, qui attirera plus de trafic organique et convertira les visiteurs en clients. Nous fournissons des rapports mensuels pour vous tenir au courant des progr\u00e8s et des r\u00e9sultats de votre campagne de r\u00e9f\u00e9rencement. <\/p>\n<h3>Tarification<\/h3>\n<p>Nos services d&#8217;optimisation pour les moteurs de recherche commencent \u00e0 $200 USD (environ 2000 MAD). Il s&#8217;agit d&#8217;un prix de base et le prix final peut varier en fonction de la complexit\u00e9 de votre site web et de l&#8217;\u00e9tendue du travail de r\u00e9f\u00e9rencement requis. Le paiement int\u00e9gral est exig\u00e9 au d\u00e9but du projet via notre plateforme en ligne s\u00e9curis\u00e9e.  <\/p>\n<p>&nbsp;<\/p>\n<p><strong>Paiement unique Services de r\u00e9f\u00e9rencement :<\/strong><\/p>\n<table>\n<thead>\n<tr>\n<th>Service de r\u00e9f\u00e9rencement offert<\/th>\n<th>Description de l&#8217;offre<\/th>\n<th>Mots cl\u00e9s ou pages inclus<\/th>\n<th>Prix (USD)<\/th>\n<\/tr>\n<\/thead>\n<tbody>\n<tr>\n<td>Audit SEO<\/td>\n<td>Examen complet du r\u00e9f\u00e9rencement de votre site, identifiant les forces, les faiblesses et les points d&#8217;am\u00e9lioration.<\/td>\n<td>Toutes les pages<\/td>\n<td>$100<\/td>\n<\/tr>\n<tr>\n<td>Recherche de mots-cl\u00e9s<\/td>\n<td>Identification et analyse de mots-cl\u00e9s performants et pertinents pour votre activit\u00e9.<\/td>\n<td>10 mots cl\u00e9s<\/td>\n<td>$100<\/td>\n<\/tr>\n<tr>\n<td>Optimisation SEO On-Page<\/p>\n<p>Optimisation SEO technique<\/td>\n<td>Optimisation des pages web individuelles, y compris les balises m\u00e9ta, la structure de l&#8217;URL, l&#8217;optimisation du contenu, la densit\u00e9 des mots-cl\u00e9s, etc.<\/p>\n<p>Optimisation du backend de votre site web, telle que la vitesse du site, l&#8217;optimisation mobile, le sitemap, robots.txt, la s\u00e9curit\u00e9 SSL, etc.<\/td>\n<td>20 Pages<\/td>\n<td>$300<\/td>\n<\/tr>\n<tr>\n<td>Renforcement des liens et de l&#8217;autorit\u00e9 du domaine<\/td>\n<td>Construire des backlinks de qualit\u00e9 vers votre site web pour augmenter l&#8217;autorit\u00e9 de domaine de votre site. Strat\u00e9gies et actions pour am\u00e9liorer le score d&#8217;autorit\u00e9 de domaine de votre site web. <\/td>\n<td>50 Backlinks<\/p>\n<p>DR 30+<\/td>\n<td>$500<\/td>\n<\/tr>\n<\/tbody>\n<\/table>\n<p><strong>Services de r\u00e9f\u00e9rencement par abonnement : 350 $ \/ mois<\/strong><\/p>\n<table>\n<thead>\n<tr>\n<th>Service de r\u00e9f\u00e9rencement offert<\/th>\n<th>Description de l&#8217;offre<\/th>\n<th>Mots cl\u00e9s ou pages inclus<\/th>\n<th>Prix par mois (USD)<\/th>\n<\/tr>\n<\/thead>\n<tbody>\n<tr>\n<td>Maintenance SEO<\/td>\n<td>Un travail de r\u00e9f\u00e9rencement continu pour maintenir votre site optimis\u00e9 et \u00e0 jour.<\/td>\n<td>10 pages et 50 mots-cl\u00e9s<\/td>\n<td>$250<\/td>\n<\/tr>\n<tr>\n<td>Rapports mensuels<\/td>\n<td>Des rapports r\u00e9guliers pour vous tenir inform\u00e9 des performances SEO de votre site.<\/td>\n<td>Toutes les pages et tous les mots-cl\u00e9s<\/td>\n<td>Inclus dans la maintenance<\/td>\n<\/tr>\n<\/tbody>\n<\/table>\n<h3>Commencez<\/h3>\n<p>Pour commencer \u00e0 am\u00e9liorer la visibilit\u00e9 de votre site web gr\u00e2ce \u00e0 nos services de r\u00e9f\u00e9rencement, visitez notre site web, s\u00e9lectionnez le service d&#8217;optimisation pour les moteurs de recherche, ajoutez-le \u00e0 votre panier et proc\u00e9dez au paiement. Nous vous contacterons ensuite pour discuter de vos besoins sp\u00e9cifiques et des prochaines \u00e9tapes. <\/p>\n<p><em>Terminez votre parcours d&#8217;achat de services par une promesse de transformation.<\/em>  &#8220;Maximisez votre pr\u00e9sence en ligne et faites-vous rep\u00e9rer par votre public cible gr\u00e2ce \u00e0 notre service d&#8217;optimisation des moteurs de recherche. Nous vous promettons une meilleure visibilit\u00e9, un trafic organique accru et de meilleurs taux de conversion. Commencez d\u00e8s aujourd&#8217;hui avec DTR Marketing Agency, et laissez votre site web fonctionner \u00e0 son plein potentiel !  <\/p>\n","protected":false},"excerpt":{"rendered":"<p>Am\u00e9liorez la visibilit\u00e9 de votre site web avec le service d&#8217;optimisation des moteurs de recherche (SEO) de DTR Marketing Agency. Nos strat\u00e9gies de r\u00e9f\u00e9rencement sont con\u00e7ues pour am\u00e9liorer votre classement dans les moteurs de recherche, attirer le trafic organique et accro\u00eetre votre pr\u00e9sence en ligne. B\u00e9n\u00e9ficiez d&#8217;une meilleure visibilit\u00e9, d&#8217;un trafic plus important et de conversions plus nombreuses. Commencez votre voyage vers un meilleur classement dans les moteurs de recherche avec nous d\u00e8s aujourd&#8217;hui !   <\/p>\n","protected":false},"featured_media":2803,"template":"","meta":{"_mo_disable_npp":"","om_disable_all_campaigns":false,"inline_featured_image":false,"_monsterinsights_skip_tracking":false,"_monsterinsights_sitenote_active":false,"_monsterinsights_sitenote_note":"","_monsterinsights_sitenote_category":0,"_uf_show_specific_survey":0,"_uf_disable_surveys":false},"product_brand":[],"product_cat":[105,101,100,99],"product_tag":[],"class_list":{"0":"post-3485","1":"product","2":"type-product","3":"status-publish","4":"has-post-thumbnail","6":"product_cat-abonnements","7":"product_cat-marketing-numerique","8":"product_cat-projets","9":"product_cat-services-fr","11":"first","12":"instock","13":"virtual","14":"sold-individually","15":"purchasable","16":"product-type-simple"},"yoast_head":"<!-- This site is optimized with the Yoast SEO Premium plugin v20.13 (Yoast SEO v25.9) - https:\/\/yoast.com\/wordpress\/plugins\/seo\/ -->\n<title>Optimisation des moteurs de recherche (SEO) - DTR<\/title>\n<meta name=\"robots\" content=\"index, follow, max-snippet:-1, max-image-preview:large, max-video-preview:-1\" \/>\n<link rel=\"canonical\" href=\"https:\/\/dtr.ma\/fr\/produit\/optimisation-des-moteurs-de-recherche-seo\/\" \/>\n<meta property=\"og:locale\" content=\"fr_FR\" \/>\n<meta property=\"og:type\" content=\"article\" \/>\n<meta property=\"og:title\" content=\"Optimisation des moteurs de recherche (SEO)\" \/>\n<meta property=\"og:description\" content=\"Am\u00e9liorez la visibilit\u00e9 de votre site web avec le service d&#039;optimisation des moteurs de recherche (SEO) de DTR Marketing Agency. Nos strat\u00e9gies de r\u00e9f\u00e9rencement sont con\u00e7ues pour am\u00e9liorer votre classement dans les moteurs de recherche, attirer le trafic organique et accro\u00eetre votre pr\u00e9sence en ligne. B\u00e9n\u00e9ficiez d&#039;une meilleure visibilit\u00e9, d&#039;un trafic plus important et de conversions plus nombreuses. Commencez votre voyage vers un meilleur classement dans les moteurs de recherche avec nous d\u00e8s aujourd&#039;hui !\" \/>\n<meta property=\"og:url\" content=\"https:\/\/dtr.ma\/fr\/produit\/optimisation-des-moteurs-de-recherche-seo\/\" \/>\n<meta property=\"og:site_name\" content=\"DTR\" \/>\n<meta property=\"og:image\" content=\"https:\/\/i0.wp.com\/dtr.ma\/wp-content\/uploads\/2022\/12\/DTR-SERVICES-ICONES-WEBSITE-ECOMMERCE-09.jpg?fit=1668%2C1123&ssl=1\" \/>\n\t<meta property=\"og:image:width\" content=\"1668\" \/>\n\t<meta property=\"og:image:height\" content=\"1123\" \/>\n\t<meta property=\"og:image:type\" content=\"image\/jpeg\" \/>\n<meta name=\"twitter:card\" content=\"summary_large_image\" \/>\n<meta name=\"twitter:label1\" content=\"Dur\u00e9e de lecture estim\u00e9e\" \/>\n\t<meta name=\"twitter:data1\" content=\"4 minutes\" \/>\n<script type=\"application\/ld+json\" class=\"yoast-schema-graph\">{\"@context\":\"https:\/\/schema.org\",\"@graph\":[{\"@type\":\"WebPage\",\"@id\":\"https:\/\/dtr.ma\/fr\/produit\/optimisation-des-moteurs-de-recherche-seo\/\",\"url\":\"https:\/\/dtr.ma\/fr\/produit\/optimisation-des-moteurs-de-recherche-seo\/\",\"name\":\"Optimisation des moteurs de recherche (SEO) - DTR\",\"isPartOf\":{\"@id\":\"https:\/\/dtr.ma\/fr\/#website\"},\"primaryImageOfPage\":{\"@id\":\"https:\/\/dtr.ma\/fr\/produit\/optimisation-des-moteurs-de-recherche-seo\/#primaryimage\"},\"image\":{\"@id\":\"https:\/\/dtr.ma\/fr\/produit\/optimisation-des-moteurs-de-recherche-seo\/#primaryimage\"},\"thumbnailUrl\":\"https:\/\/i0.wp.com\/dtr.ma\/wp-content\/uploads\/2022\/12\/DTR-SERVICES-ICONES-WEBSITE-ECOMMERCE-09.jpg?fit=1668%2C1123&ssl=1\",\"datePublished\":\"2022-12-12T15:40:30+00:00\",\"breadcrumb\":{\"@id\":\"https:\/\/dtr.ma\/fr\/produit\/optimisation-des-moteurs-de-recherche-seo\/#breadcrumb\"},\"inLanguage\":\"fr-FR\",\"potentialAction\":[{\"@type\":\"ReadAction\",\"target\":[\"https:\/\/dtr.ma\/fr\/produit\/optimisation-des-moteurs-de-recherche-seo\/\"]}]},{\"@type\":\"ImageObject\",\"inLanguage\":\"fr-FR\",\"@id\":\"https:\/\/dtr.ma\/fr\/produit\/optimisation-des-moteurs-de-recherche-seo\/#primaryimage\",\"url\":\"https:\/\/i0.wp.com\/dtr.ma\/wp-content\/uploads\/2022\/12\/DTR-SERVICES-ICONES-WEBSITE-ECOMMERCE-09.jpg?fit=1668%2C1123&ssl=1\",\"contentUrl\":\"https:\/\/i0.wp.com\/dtr.ma\/wp-content\/uploads\/2022\/12\/DTR-SERVICES-ICONES-WEBSITE-ECOMMERCE-09.jpg?fit=1668%2C1123&ssl=1\",\"width\":1668,\"height\":1123},{\"@type\":\"BreadcrumbList\",\"@id\":\"https:\/\/dtr.ma\/fr\/produit\/optimisation-des-moteurs-de-recherche-seo\/#breadcrumb\",\"itemListElement\":[{\"@type\":\"ListItem\",\"position\":1,\"name\":\"Home\",\"item\":\"https:\/\/dtr.ma\/fr\/\"},{\"@type\":\"ListItem\",\"position\":2,\"name\":\"Boutique\",\"item\":\"https:\/\/dtr.ma\/fr\/boutique\/\"},{\"@type\":\"ListItem\",\"position\":3,\"name\":\"Optimisation des moteurs de recherche (SEO)\"}]},{\"@type\":\"WebSite\",\"@id\":\"https:\/\/dtr.ma\/fr\/#website\",\"url\":\"https:\/\/dtr.ma\/fr\/\",\"name\":\"DTR\",\"description\":\"Smart Business Solutions\",\"publisher\":{\"@id\":\"https:\/\/dtr.ma\/fr\/#organization\"},\"potentialAction\":[{\"@type\":\"SearchAction\",\"target\":{\"@type\":\"EntryPoint\",\"urlTemplate\":\"https:\/\/dtr.ma\/fr\/?s={search_term_string}\"},\"query-input\":{\"@type\":\"PropertyValueSpecification\",\"valueRequired\":true,\"valueName\":\"search_term_string\"}}],\"inLanguage\":\"fr-FR\"},{\"@type\":\"Organization\",\"@id\":\"https:\/\/dtr.ma\/fr\/#organization\",\"name\":\"DTR\",\"url\":\"https:\/\/dtr.ma\/fr\/\",\"logo\":{\"@type\":\"ImageObject\",\"inLanguage\":\"fr-FR\",\"@id\":\"https:\/\/dtr.ma\/fr\/#\/schema\/logo\/image\/\",\"url\":\"https:\/\/dtr.ma\/wp-content\/uploads\/2024\/11\/DTR-LOGO.svg\",\"contentUrl\":\"https:\/\/dtr.ma\/wp-content\/uploads\/2024\/11\/DTR-LOGO.svg\",\"width\":1528,\"height\":697,\"caption\":\"DTR\"},\"image\":{\"@id\":\"https:\/\/dtr.ma\/fr\/#\/schema\/logo\/image\/\"}}]}<\/script>\n<!-- \/ Yoast SEO Premium plugin. -->","yoast_head_json":{"title":"Optimisation des moteurs de recherche (SEO) - DTR","robots":{"index":"index","follow":"follow","max-snippet":"max-snippet:-1","max-image-preview":"max-image-preview:large","max-video-preview":"max-video-preview:-1"},"canonical":"https:\/\/dtr.ma\/fr\/produit\/optimisation-des-moteurs-de-recherche-seo\/","og_locale":"fr_FR","og_type":"article","og_title":"Optimisation des moteurs de recherche (SEO)","og_description":"Am\u00e9liorez la visibilit\u00e9 de votre site web avec le service d'optimisation des moteurs de recherche (SEO) de DTR Marketing Agency. Nos strat\u00e9gies de r\u00e9f\u00e9rencement sont con\u00e7ues pour am\u00e9liorer votre classement dans les moteurs de recherche, attirer le trafic organique et accro\u00eetre votre pr\u00e9sence en ligne. B\u00e9n\u00e9ficiez d'une meilleure visibilit\u00e9, d'un trafic plus important et de conversions plus nombreuses. Commencez votre voyage vers un meilleur classement dans les moteurs de recherche avec nous d\u00e8s aujourd'hui !","og_url":"https:\/\/dtr.ma\/fr\/produit\/optimisation-des-moteurs-de-recherche-seo\/","og_site_name":"DTR","og_image":[{"width":1668,"height":1123,"url":"https:\/\/i0.wp.com\/dtr.ma\/wp-content\/uploads\/2022\/12\/DTR-SERVICES-ICONES-WEBSITE-ECOMMERCE-09.jpg?fit=1668%2C1123&ssl=1","type":"image\/jpeg"}],"twitter_card":"summary_large_image","twitter_misc":{"Dur\u00e9e de lecture estim\u00e9e":"4 minutes"},"schema":{"@context":"https:\/\/schema.org","@graph":[{"@type":"WebPage","@id":"https:\/\/dtr.ma\/fr\/produit\/optimisation-des-moteurs-de-recherche-seo\/","url":"https:\/\/dtr.ma\/fr\/produit\/optimisation-des-moteurs-de-recherche-seo\/","name":"Optimisation des moteurs de recherche (SEO) - DTR","isPartOf":{"@id":"https:\/\/dtr.ma\/fr\/#website"},"primaryImageOfPage":{"@id":"https:\/\/dtr.ma\/fr\/produit\/optimisation-des-moteurs-de-recherche-seo\/#primaryimage"},"image":{"@id":"https:\/\/dtr.ma\/fr\/produit\/optimisation-des-moteurs-de-recherche-seo\/#primaryimage"},"thumbnailUrl":"https:\/\/i0.wp.com\/dtr.ma\/wp-content\/uploads\/2022\/12\/DTR-SERVICES-ICONES-WEBSITE-ECOMMERCE-09.jpg?fit=1668%2C1123&ssl=1","datePublished":"2022-12-12T15:40:30+00:00","breadcrumb":{"@id":"https:\/\/dtr.ma\/fr\/produit\/optimisation-des-moteurs-de-recherche-seo\/#breadcrumb"},"inLanguage":"fr-FR","potentialAction":[{"@type":"ReadAction","target":["https:\/\/dtr.ma\/fr\/produit\/optimisation-des-moteurs-de-recherche-seo\/"]}]},{"@type":"ImageObject","inLanguage":"fr-FR","@id":"https:\/\/dtr.ma\/fr\/produit\/optimisation-des-moteurs-de-recherche-seo\/#primaryimage","url":"https:\/\/i0.wp.com\/dtr.ma\/wp-content\/uploads\/2022\/12\/DTR-SERVICES-ICONES-WEBSITE-ECOMMERCE-09.jpg?fit=1668%2C1123&ssl=1","contentUrl":"https:\/\/i0.wp.com\/dtr.ma\/wp-content\/uploads\/2022\/12\/DTR-SERVICES-ICONES-WEBSITE-ECOMMERCE-09.jpg?fit=1668%2C1123&ssl=1","width":1668,"height":1123},{"@type":"BreadcrumbList","@id":"https:\/\/dtr.ma\/fr\/produit\/optimisation-des-moteurs-de-recherche-seo\/#breadcrumb","itemListElement":[{"@type":"ListItem","position":1,"name":"Home","item":"https:\/\/dtr.ma\/fr\/"},{"@type":"ListItem","position":2,"name":"Boutique","item":"https:\/\/dtr.ma\/fr\/boutique\/"},{"@type":"ListItem","position":3,"name":"Optimisation des moteurs de recherche (SEO)"}]},{"@type":"WebSite","@id":"https:\/\/dtr.ma\/fr\/#website","url":"https:\/\/dtr.ma\/fr\/","name":"DTR","description":"Smart Business Solutions","publisher":{"@id":"https:\/\/dtr.ma\/fr\/#organization"},"potentialAction":[{"@type":"SearchAction","target":{"@type":"EntryPoint","urlTemplate":"https:\/\/dtr.ma\/fr\/?s={search_term_string}"},"query-input":{"@type":"PropertyValueSpecification","valueRequired":true,"valueName":"search_term_string"}}],"inLanguage":"fr-FR"},{"@type":"Organization","@id":"https:\/\/dtr.ma\/fr\/#organization","name":"DTR","url":"https:\/\/dtr.ma\/fr\/","logo":{"@type":"ImageObject","inLanguage":"fr-FR","@id":"https:\/\/dtr.ma\/fr\/#\/schema\/logo\/image\/","url":"https:\/\/dtr.ma\/wp-content\/uploads\/2024\/11\/DTR-LOGO.svg","contentUrl":"https:\/\/dtr.ma\/wp-content\/uploads\/2024\/11\/DTR-LOGO.svg","width":1528,"height":697,"caption":"DTR"},"image":{"@id":"https:\/\/dtr.ma\/fr\/#\/schema\/logo\/image\/"}}]}},"jetpack_sharing_enabled":true,"_links":{"self":[{"href":"https:\/\/dtr.ma\/fr\/wp-json\/wp\/v2\/product\/3485","targetHints":{"allow":["GET"]}}],"collection":[{"href":"https:\/\/dtr.ma\/fr\/wp-json\/wp\/v2\/product"}],"about":[{"href":"https:\/\/dtr.ma\/fr\/wp-json\/wp\/v2\/types\/product"}],"version-history":[{"count":0,"href":"https:\/\/dtr.ma\/fr\/wp-json\/wp\/v2\/product\/3485\/revisions"}],"wp:featuredmedia":[{"embeddable":true,"href":"https:\/\/dtr.ma\/fr\/wp-json\/wp\/v2\/media\/2803"}],"wp:attachment":[{"href":"https:\/\/dtr.ma\/fr\/wp-json\/wp\/v2\/media?parent=3485"}],"wp:term":[{"taxonomy":"product_brand","embeddable":true,"href":"https:\/\/dtr.ma\/fr\/wp-json\/wp\/v2\/product_brand?post=3485"},{"taxonomy":"product_cat","embeddable":true,"href":"https:\/\/dtr.ma\/fr\/wp-json\/wp\/v2\/product_cat?post=3485"},{"taxonomy":"product_tag","embeddable":true,"href":"https:\/\/dtr.ma\/fr\/wp-json\/wp\/v2\/product_tag?post=3485"}],"curies":[{"name":"wp","href":"https:\/\/api.w.org\/{rel}","templated":true}]}}