{"id":3486,"date":"2022-12-12T15:48:20","date_gmt":"2022-12-12T15:48:20","guid":{"rendered":"https:\/\/dtr.ma\/product\/optimisation-des-moteurs-de-recherche-locaux-l-seo\/"},"modified":"2022-12-12T15:48:20","modified_gmt":"2022-12-12T15:48:20","slug":"optimisation-des-moteurs-de-recherche-locaux-l-seo","status":"publish","type":"product","link":"https:\/\/dtr.ma\/fr\/produit\/optimisation-des-moteurs-de-recherche-locaux-l-seo\/","title":{"rendered":"Optimisation des moteurs de recherche locaux (L-SEO)"},"content":{"rendered":"<p>Le r\u00e9f\u00e9rencement local est essentiel pour les entreprises qui cherchent \u00e0 attirer des clients dans leur zone g\u00e9ographique imm\u00e9diate. DTR Marketing Agency se sp\u00e9cialise dans les services de r\u00e9f\u00e9rencement local, optimisant votre pr\u00e9sence en ligne pour attirer plus de clients locaux et aider votre entreprise \u00e0 prosp\u00e9rer. Gr\u00e2ce au ciblage des mots-cl\u00e9s locaux, \u00e0 l&#8217;optimisation de Google My Business et \u00e0 l&#8217;inscription dans les annuaires locaux, nous pouvons am\u00e9liorer de mani\u00e8re significative votre visibilit\u00e9 dans les r\u00e9sultats de recherche locaux, ce qui vous permettra de vous d\u00e9marquer de vos concurrents locaux. <\/p>\n<h3>Notre processus<\/h3>\n<p>Nous commen\u00e7ons par analyser votre situation actuelle en mati\u00e8re de r\u00e9f\u00e9rencement local, par comprendre votre activit\u00e9 et par \u00e9tudier vos concurrents locaux. Notre \u00e9quipe d\u00e9veloppe ensuite une strat\u00e9gie compl\u00e8te de r\u00e9f\u00e9rencement local, en se concentrant sur l&#8217;optimisation des mots-cl\u00e9s locaux, l&#8217;optimisation de votre profil Google My Business, et en s&#8217;assurant que votre entreprise est correctement r\u00e9pertori\u00e9e dans tous les annuaires locaux pertinents. <\/p>\n<h3>Produits \u00e0 livrer<\/h3>\n<p>Notre service de r\u00e9f\u00e9rencement local se traduira par une meilleure visibilit\u00e9 dans les r\u00e9sultats de recherche locaux, un profil Google My Business optimis\u00e9, des listes d&#8217;annuaires locaux pr\u00e9cises et, en fin de compte, une augmentation du trafic pi\u00e9tonnier et des affaires locales. Nous vous fournirons des rapports r\u00e9guliers pour mettre en \u00e9vidence les am\u00e9liorations de votre pr\u00e9sence locale en ligne. <\/p>\n<h3>Tarification<\/h3>\n<p>Nos services de r\u00e9f\u00e9rencement local commencent \u00e0 275 USD (environ 2 500 MAD). Il s&#8217;agit du co\u00fbt de base, qui peut varier en fonction de vos besoins sp\u00e9cifiques. Le paiement int\u00e9gral est requis pour commencer le projet, et il peut \u00eatre effectu\u00e9 par le biais de notre plateforme en ligne s\u00e9curis\u00e9e.  <\/p>\n<h3>Commencez<\/h3>\n<p>Pour commencer \u00e0 utiliser notre service de r\u00e9f\u00e9rencement local, veuillez visiter notre site web, s\u00e9lectionner le service de r\u00e9f\u00e9rencement local, l&#8217;ajouter \u00e0 votre panier et proc\u00e9der au paiement. Nous vous contacterons rapidement pour discuter de votre projet plus en d\u00e9tail. <\/p>\n","protected":false},"excerpt":{"rendered":"<div class=\"group w-full text-gray-800 dark:text-gray-100 border-b border-black\/10 dark:border-gray-900\/50 bg-gray-50 dark:bg-[#444654]\">\n<div class=\"flex p-4 gap-4 text-base md:gap-6 md:max-w-2xl lg:max-w-[38rem] xl:max-w-3xl md:py-6 lg:px-0 m-auto\">\n<div class=\"relative flex w-[calc(100%-50px)] flex-col gap-1 md:gap-3 lg:w-[calc(100%-115px)]\">\n<div class=\"flex flex-grow flex-col gap-3\">\n<div class=\"min-h-[20px] flex items-start overflow-x-auto whitespace-pre-wrap break-words flex-col gap-4\">\n<div class=\"markdown prose w-full break-words dark:prose-invert dark\">\n<p>Vous cherchez \u00e0 am\u00e9liorer votre visibilit\u00e9 locale et \u00e0 attirer plus de clients locaux vers votre entreprise ? Optez pour le service de r\u00e9f\u00e9rencement local de DTR Marketing Agency. Nos techniques \u00e9prouv\u00e9es permettent non seulement d&#8217;am\u00e9liorer votre pr\u00e9sence en ligne dans les moteurs de recherche locaux, mais aussi de donner un coup de pouce significatif \u00e0 votre client\u00e8le locale. Embarquez d\u00e8s aujourd&#8217;hui pour votre voyage SEO local !   <\/p>\n<\/div>\n<\/div>\n<\/div>\n<\/div>\n<\/div>\n<\/div>\n","protected":false},"featured_media":2801,"template":"","meta":{"_mo_disable_npp":"","om_disable_all_campaigns":false,"inline_featured_image":false,"_monsterinsights_skip_tracking":false,"_monsterinsights_sitenote_active":false,"_monsterinsights_sitenote_note":"","_monsterinsights_sitenote_category":0,"_uf_show_specific_survey":0,"_uf_disable_surveys":false},"product_brand":[],"product_cat":[105,101,100,99],"product_tag":[],"class_list":{"0":"post-3486","1":"product","2":"type-product","3":"status-publish","4":"has-post-thumbnail","6":"product_cat-abonnements","7":"product_cat-marketing-numerique","8":"product_cat-projets","9":"product_cat-services-fr","11":"first","12":"instock","13":"virtual","14":"sold-individually","15":"purchasable","16":"product-type-simple"},"yoast_head":"<!-- This site is optimized with the Yoast SEO Premium plugin v20.13 (Yoast SEO v25.9) - https:\/\/yoast.com\/wordpress\/plugins\/seo\/ -->\n<title>Optimisation des moteurs de recherche locaux (L-SEO) - DTR<\/title>\n<meta name=\"robots\" content=\"index, follow, max-snippet:-1, max-image-preview:large, max-video-preview:-1\" \/>\n<link rel=\"canonical\" href=\"https:\/\/dtr.ma\/fr\/produit\/optimisation-des-moteurs-de-recherche-locaux-l-seo\/\" \/>\n<meta property=\"og:locale\" content=\"fr_FR\" \/>\n<meta property=\"og:type\" content=\"article\" \/>\n<meta property=\"og:title\" content=\"Optimisation des moteurs de recherche locaux (L-SEO)\" \/>\n<meta property=\"og:description\" content=\"Vous cherchez \u00e0 am\u00e9liorer votre visibilit\u00e9 locale et \u00e0 attirer plus de clients locaux vers votre entreprise ? Optez pour le service de r\u00e9f\u00e9rencement local de DTR Marketing Agency. Nos techniques \u00e9prouv\u00e9es permettent non seulement d&#039;am\u00e9liorer votre pr\u00e9sence en ligne dans les moteurs de recherche locaux, mais aussi de donner un coup de pouce significatif \u00e0 votre client\u00e8le locale. Embarquez d\u00e8s aujourd&#039;hui pour votre voyage SEO local !\" \/>\n<meta property=\"og:url\" content=\"https:\/\/dtr.ma\/fr\/produit\/optimisation-des-moteurs-de-recherche-locaux-l-seo\/\" \/>\n<meta property=\"og:site_name\" content=\"DTR\" \/>\n<meta property=\"og:image\" content=\"https:\/\/i0.wp.com\/dtr.ma\/wp-content\/uploads\/2022\/12\/DTR-SERVICES-ICONES-WEBSITE-ECOMMERCE-11.jpg?fit=1669%2C1123&ssl=1\" \/>\n\t<meta property=\"og:image:width\" content=\"1669\" \/>\n\t<meta property=\"og:image:height\" content=\"1123\" \/>\n\t<meta property=\"og:image:type\" content=\"image\/jpeg\" \/>\n<meta name=\"twitter:card\" content=\"summary_large_image\" \/>\n<meta name=\"twitter:label1\" content=\"Dur\u00e9e de lecture estim\u00e9e\" \/>\n\t<meta name=\"twitter:data1\" content=\"2 minutes\" \/>\n<script type=\"application\/ld+json\" class=\"yoast-schema-graph\">{\"@context\":\"https:\/\/schema.org\",\"@graph\":[{\"@type\":\"WebPage\",\"@id\":\"https:\/\/dtr.ma\/fr\/produit\/optimisation-des-moteurs-de-recherche-locaux-l-seo\/\",\"url\":\"https:\/\/dtr.ma\/fr\/produit\/optimisation-des-moteurs-de-recherche-locaux-l-seo\/\",\"name\":\"Optimisation des moteurs de recherche locaux (L-SEO) - DTR\",\"isPartOf\":{\"@id\":\"https:\/\/dtr.ma\/fr\/#website\"},\"primaryImageOfPage\":{\"@id\":\"https:\/\/dtr.ma\/fr\/produit\/optimisation-des-moteurs-de-recherche-locaux-l-seo\/#primaryimage\"},\"image\":{\"@id\":\"https:\/\/dtr.ma\/fr\/produit\/optimisation-des-moteurs-de-recherche-locaux-l-seo\/#primaryimage\"},\"thumbnailUrl\":\"https:\/\/i0.wp.com\/dtr.ma\/wp-content\/uploads\/2022\/12\/DTR-SERVICES-ICONES-WEBSITE-ECOMMERCE-11.jpg?fit=1669%2C1123&ssl=1\",\"datePublished\":\"2022-12-12T15:48:20+00:00\",\"breadcrumb\":{\"@id\":\"https:\/\/dtr.ma\/fr\/produit\/optimisation-des-moteurs-de-recherche-locaux-l-seo\/#breadcrumb\"},\"inLanguage\":\"fr-FR\",\"potentialAction\":[{\"@type\":\"ReadAction\",\"target\":[\"https:\/\/dtr.ma\/fr\/produit\/optimisation-des-moteurs-de-recherche-locaux-l-seo\/\"]}]},{\"@type\":\"ImageObject\",\"inLanguage\":\"fr-FR\",\"@id\":\"https:\/\/dtr.ma\/fr\/produit\/optimisation-des-moteurs-de-recherche-locaux-l-seo\/#primaryimage\",\"url\":\"https:\/\/i0.wp.com\/dtr.ma\/wp-content\/uploads\/2022\/12\/DTR-SERVICES-ICONES-WEBSITE-ECOMMERCE-11.jpg?fit=1669%2C1123&ssl=1\",\"contentUrl\":\"https:\/\/i0.wp.com\/dtr.ma\/wp-content\/uploads\/2022\/12\/DTR-SERVICES-ICONES-WEBSITE-ECOMMERCE-11.jpg?fit=1669%2C1123&ssl=1\",\"width\":1669,\"height\":1123},{\"@type\":\"BreadcrumbList\",\"@id\":\"https:\/\/dtr.ma\/fr\/produit\/optimisation-des-moteurs-de-recherche-locaux-l-seo\/#breadcrumb\",\"itemListElement\":[{\"@type\":\"ListItem\",\"position\":1,\"name\":\"Home\",\"item\":\"https:\/\/dtr.ma\/fr\/\"},{\"@type\":\"ListItem\",\"position\":2,\"name\":\"Boutique\",\"item\":\"https:\/\/dtr.ma\/fr\/boutique\/\"},{\"@type\":\"ListItem\",\"position\":3,\"name\":\"Optimisation des moteurs de recherche locaux (L-SEO)\"}]},{\"@type\":\"WebSite\",\"@id\":\"https:\/\/dtr.ma\/fr\/#website\",\"url\":\"https:\/\/dtr.ma\/fr\/\",\"name\":\"DTR\",\"description\":\"Smart Business Solutions\",\"publisher\":{\"@id\":\"https:\/\/dtr.ma\/fr\/#organization\"},\"potentialAction\":[{\"@type\":\"SearchAction\",\"target\":{\"@type\":\"EntryPoint\",\"urlTemplate\":\"https:\/\/dtr.ma\/fr\/?s={search_term_string}\"},\"query-input\":{\"@type\":\"PropertyValueSpecification\",\"valueRequired\":true,\"valueName\":\"search_term_string\"}}],\"inLanguage\":\"fr-FR\"},{\"@type\":\"Organization\",\"@id\":\"https:\/\/dtr.ma\/fr\/#organization\",\"name\":\"DTR\",\"url\":\"https:\/\/dtr.ma\/fr\/\",\"logo\":{\"@type\":\"ImageObject\",\"inLanguage\":\"fr-FR\",\"@id\":\"https:\/\/dtr.ma\/fr\/#\/schema\/logo\/image\/\",\"url\":\"https:\/\/dtr.ma\/wp-content\/uploads\/2024\/11\/DTR-LOGO.svg\",\"contentUrl\":\"https:\/\/dtr.ma\/wp-content\/uploads\/2024\/11\/DTR-LOGO.svg\",\"width\":1528,\"height\":697,\"caption\":\"DTR\"},\"image\":{\"@id\":\"https:\/\/dtr.ma\/fr\/#\/schema\/logo\/image\/\"}}]}<\/script>\n<!-- \/ Yoast SEO Premium plugin. -->","yoast_head_json":{"title":"Optimisation des moteurs de recherche locaux (L-SEO) - DTR","robots":{"index":"index","follow":"follow","max-snippet":"max-snippet:-1","max-image-preview":"max-image-preview:large","max-video-preview":"max-video-preview:-1"},"canonical":"https:\/\/dtr.ma\/fr\/produit\/optimisation-des-moteurs-de-recherche-locaux-l-seo\/","og_locale":"fr_FR","og_type":"article","og_title":"Optimisation des moteurs de recherche locaux (L-SEO)","og_description":"Vous cherchez \u00e0 am\u00e9liorer votre visibilit\u00e9 locale et \u00e0 attirer plus de clients locaux vers votre entreprise ? Optez pour le service de r\u00e9f\u00e9rencement local de DTR Marketing Agency. Nos techniques \u00e9prouv\u00e9es permettent non seulement d'am\u00e9liorer votre pr\u00e9sence en ligne dans les moteurs de recherche locaux, mais aussi de donner un coup de pouce significatif \u00e0 votre client\u00e8le locale. Embarquez d\u00e8s aujourd'hui pour votre voyage SEO local !","og_url":"https:\/\/dtr.ma\/fr\/produit\/optimisation-des-moteurs-de-recherche-locaux-l-seo\/","og_site_name":"DTR","og_image":[{"width":1669,"height":1123,"url":"https:\/\/i0.wp.com\/dtr.ma\/wp-content\/uploads\/2022\/12\/DTR-SERVICES-ICONES-WEBSITE-ECOMMERCE-11.jpg?fit=1669%2C1123&ssl=1","type":"image\/jpeg"}],"twitter_card":"summary_large_image","twitter_misc":{"Dur\u00e9e de lecture estim\u00e9e":"2 minutes"},"schema":{"@context":"https:\/\/schema.org","@graph":[{"@type":"WebPage","@id":"https:\/\/dtr.ma\/fr\/produit\/optimisation-des-moteurs-de-recherche-locaux-l-seo\/","url":"https:\/\/dtr.ma\/fr\/produit\/optimisation-des-moteurs-de-recherche-locaux-l-seo\/","name":"Optimisation des moteurs de recherche locaux (L-SEO) - DTR","isPartOf":{"@id":"https:\/\/dtr.ma\/fr\/#website"},"primaryImageOfPage":{"@id":"https:\/\/dtr.ma\/fr\/produit\/optimisation-des-moteurs-de-recherche-locaux-l-seo\/#primaryimage"},"image":{"@id":"https:\/\/dtr.ma\/fr\/produit\/optimisation-des-moteurs-de-recherche-locaux-l-seo\/#primaryimage"},"thumbnailUrl":"https:\/\/i0.wp.com\/dtr.ma\/wp-content\/uploads\/2022\/12\/DTR-SERVICES-ICONES-WEBSITE-ECOMMERCE-11.jpg?fit=1669%2C1123&ssl=1","datePublished":"2022-12-12T15:48:20+00:00","breadcrumb":{"@id":"https:\/\/dtr.ma\/fr\/produit\/optimisation-des-moteurs-de-recherche-locaux-l-seo\/#breadcrumb"},"inLanguage":"fr-FR","potentialAction":[{"@type":"ReadAction","target":["https:\/\/dtr.ma\/fr\/produit\/optimisation-des-moteurs-de-recherche-locaux-l-seo\/"]}]},{"@type":"ImageObject","inLanguage":"fr-FR","@id":"https:\/\/dtr.ma\/fr\/produit\/optimisation-des-moteurs-de-recherche-locaux-l-seo\/#primaryimage","url":"https:\/\/i0.wp.com\/dtr.ma\/wp-content\/uploads\/2022\/12\/DTR-SERVICES-ICONES-WEBSITE-ECOMMERCE-11.jpg?fit=1669%2C1123&ssl=1","contentUrl":"https:\/\/i0.wp.com\/dtr.ma\/wp-content\/uploads\/2022\/12\/DTR-SERVICES-ICONES-WEBSITE-ECOMMERCE-11.jpg?fit=1669%2C1123&ssl=1","width":1669,"height":1123},{"@type":"BreadcrumbList","@id":"https:\/\/dtr.ma\/fr\/produit\/optimisation-des-moteurs-de-recherche-locaux-l-seo\/#breadcrumb","itemListElement":[{"@type":"ListItem","position":1,"name":"Home","item":"https:\/\/dtr.ma\/fr\/"},{"@type":"ListItem","position":2,"name":"Boutique","item":"https:\/\/dtr.ma\/fr\/boutique\/"},{"@type":"ListItem","position":3,"name":"Optimisation des moteurs de recherche locaux (L-SEO)"}]},{"@type":"WebSite","@id":"https:\/\/dtr.ma\/fr\/#website","url":"https:\/\/dtr.ma\/fr\/","name":"DTR","description":"Smart Business Solutions","publisher":{"@id":"https:\/\/dtr.ma\/fr\/#organization"},"potentialAction":[{"@type":"SearchAction","target":{"@type":"EntryPoint","urlTemplate":"https:\/\/dtr.ma\/fr\/?s={search_term_string}"},"query-input":{"@type":"PropertyValueSpecification","valueRequired":true,"valueName":"search_term_string"}}],"inLanguage":"fr-FR"},{"@type":"Organization","@id":"https:\/\/dtr.ma\/fr\/#organization","name":"DTR","url":"https:\/\/dtr.ma\/fr\/","logo":{"@type":"ImageObject","inLanguage":"fr-FR","@id":"https:\/\/dtr.ma\/fr\/#\/schema\/logo\/image\/","url":"https:\/\/dtr.ma\/wp-content\/uploads\/2024\/11\/DTR-LOGO.svg","contentUrl":"https:\/\/dtr.ma\/wp-content\/uploads\/2024\/11\/DTR-LOGO.svg","width":1528,"height":697,"caption":"DTR"},"image":{"@id":"https:\/\/dtr.ma\/fr\/#\/schema\/logo\/image\/"}}]}},"jetpack_sharing_enabled":true,"_links":{"self":[{"href":"https:\/\/dtr.ma\/fr\/wp-json\/wp\/v2\/product\/3486","targetHints":{"allow":["GET"]}}],"collection":[{"href":"https:\/\/dtr.ma\/fr\/wp-json\/wp\/v2\/product"}],"about":[{"href":"https:\/\/dtr.ma\/fr\/wp-json\/wp\/v2\/types\/product"}],"version-history":[{"count":0,"href":"https:\/\/dtr.ma\/fr\/wp-json\/wp\/v2\/product\/3486\/revisions"}],"wp:featuredmedia":[{"embeddable":true,"href":"https:\/\/dtr.ma\/fr\/wp-json\/wp\/v2\/media\/2801"}],"wp:attachment":[{"href":"https:\/\/dtr.ma\/fr\/wp-json\/wp\/v2\/media?parent=3486"}],"wp:term":[{"taxonomy":"product_brand","embeddable":true,"href":"https:\/\/dtr.ma\/fr\/wp-json\/wp\/v2\/product_brand?post=3486"},{"taxonomy":"product_cat","embeddable":true,"href":"https:\/\/dtr.ma\/fr\/wp-json\/wp\/v2\/product_cat?post=3486"},{"taxonomy":"product_tag","embeddable":true,"href":"https:\/\/dtr.ma\/fr\/wp-json\/wp\/v2\/product_tag?post=3486"}],"curies":[{"name":"wp","href":"https:\/\/api.w.org\/{rel}","templated":true}]}}