{"id":3487,"date":"2022-12-17T14:53:53","date_gmt":"2022-12-17T14:53:53","guid":{"rendered":"https:\/\/dtr.ma\/product\/conception-dun-site-de-commerce-electronique-sur-mesure\/"},"modified":"2025-01-22T14:10:53","modified_gmt":"2025-01-22T14:10:53","slug":"conception-dun-site-de-commerce-electronique-sur-mesure","status":"publish","type":"product","link":"https:\/\/dtr.ma\/fr\/produit\/conception-dun-site-de-commerce-electronique-sur-mesure\/","title":{"rendered":"Conception d&#8217;un site de commerce \u00e9lectronique sur mesure"},"content":{"rendered":"\t\t<div data-elementor-type=\"product-post\" data-elementor-id=\"3487\" class=\"elementor elementor-3487 elementor-608\" data-elementor-post-type=\"product\">\n\t\t\t\t\t\t<section class=\"elementor-section elementor-top-section elementor-element elementor-element-2be80dff elementor-section-boxed elementor-section-height-default elementor-section-height-default\" data-id=\"2be80dff\" data-element_type=\"section\">\n\t\t\t\t\t\t<div class=\"elementor-container elementor-column-gap-default\">\n\t\t\t\t\t<div class=\"elementor-column elementor-col-100 elementor-top-column elementor-element elementor-element-1368ea69\" data-id=\"1368ea69\" data-element_type=\"column\">\n\t\t\t<div class=\"elementor-widget-wrap\">\n\t\t\t\t\t\t\t<\/div>\n\t\t<\/div>\n\t\t\t\t\t<\/div>\n\t\t<\/section>\n\t\t\t\t<section class=\"elementor-section elementor-top-section elementor-element elementor-element-7a23535a elementor-section-boxed elementor-section-height-default elementor-section-height-default\" data-id=\"7a23535a\" data-element_type=\"section\">\n\t\t\t\t\t\t<div class=\"elementor-container elementor-column-gap-default\">\n\t\t\t\t\t<div class=\"elementor-column elementor-col-100 elementor-top-column elementor-element elementor-element-76955204\" data-id=\"76955204\" data-element_type=\"column\">\n\t\t\t<div class=\"elementor-widget-wrap elementor-element-populated\">\n\t\t\t\t\t\t<div class=\"elementor-element elementor-element-471b6026 elementor-widget elementor-widget-text-editor\" data-id=\"471b6026\" data-element_type=\"widget\" data-widget_type=\"text-editor.default\">\n\t\t\t\t<div class=\"elementor-widget-container\">\n\t\t\t\t\t\t\t\t\t<p>\u00c0 l&#8217;\u00e8re num\u00e9rique, un site de commerce \u00e9lectronique est plus qu&#8217;un simple canal de vente de produits ; c&#8217;est un \u00e9l\u00e9ment crucial de l&#8217;identit\u00e9 de votre marque. Chez DTR Marketing Agency, nous comprenons l&#8217;importance de concevoir un site de commerce \u00e9lectronique qui soit \u00e0 la fois visuellement attrayant et convivial. <\/p>\n\t\t\t\t\t\t\t\t<\/div>\n\t\t\t\t<\/div>\n\t\t\t\t<div class=\"elementor-element elementor-element-5b472057 elementor-widget elementor-widget-text-editor\" data-id=\"5b472057\" data-element_type=\"widget\" data-widget_type=\"text-editor.default\">\n\t\t\t\t<div class=\"elementor-widget-container\">\n\t\t\t\t\t\t\t\t\t<p>Notre \u00e9quipe de d\u00e9veloppeurs et de concepteurs web exp\u00e9riment\u00e9s est sp\u00e9cialis\u00e9e dans la cr\u00e9ation de sites web de commerce \u00e9lectronique personnalis\u00e9s qui non seulement pr\u00e9sentent vos produits sous leur meilleur jour, mais offrent \u00e9galement une exp\u00e9rience d&#8217;achat intuitive et transparente \u00e0 vos clients afin de <span style=\"color: var( --e-global-color-text ); font-family: var( --e-global-typography-text-font-family ), Sans-serif; font-weight: var( --e-global-typography-text-font-weight ); background-color: var(--bb-content-background-color);\">stimuler les ventes<\/span>.<\/p>\n\t\t\t\t\t\t\t\t<\/div>\n\t\t\t\t<\/div>\n\t\t\t\t<div class=\"elementor-element elementor-element-dd1d283 elementor-widget elementor-widget-heading\" data-id=\"dd1d283\" data-element_type=\"widget\" data-widget_type=\"heading.default\">\n\t\t\t\t<div class=\"elementor-widget-container\">\n\t\t\t\t\t<h3 class=\"elementor-heading-title elementor-size-default\">Notre processus\n\n<\/h3>\t\t\t\t<\/div>\n\t\t\t\t<\/div>\n\t\t\t\t<div class=\"elementor-element elementor-element-e2dcc8e elementor-widget elementor-widget-text-editor\" data-id=\"e2dcc8e\" data-element_type=\"widget\" data-widget_type=\"text-editor.default\">\n\t\t\t\t<div class=\"elementor-widget-container\">\n\t\t\t\t\t\t\t\t\t<p>Notre approche de la conception de sites web de commerce \u00e9lectronique commence par une compr\u00e9hension approfondie de vos objectifs commerciaux et de votre public cible. Nous prenons en compte vos besoins sp\u00e9cifiques, les tendances du secteur et le parcours du client pour concevoir un site web qui maximise l&#8217;engagement des utilisateurs et les conversions. <\/p>\n<p>Tout au long du processus de conception, nous veillons \u00e0 ce que l&#8217;esth\u00e9tique du site Web soit conforme \u00e0 l&#8217;identit\u00e9 de votre marque. En outre, nous donnons la priorit\u00e9 \u00e0 la fonctionnalit\u00e9 et \u00e0 la s\u00e9curit\u00e9, en incorporant des fonctionnalit\u00e9s telles qu&#8217;une navigation facile, des passerelles de paiement s\u00e9curis\u00e9es et un design r\u00e9actif, garantissant que votre site Web s&#8217;affiche et fonctionne parfaitement sur tous les appareils. <\/p>\n\t\t\t\t\t\t\t\t<\/div>\n\t\t\t\t<\/div>\n\t\t\t\t<div class=\"elementor-element elementor-element-131229c2 elementor-widget elementor-widget-heading\" data-id=\"131229c2\" data-element_type=\"widget\" data-widget_type=\"heading.default\">\n\t\t\t\t<div class=\"elementor-widget-container\">\n\t\t\t\t\t<h3 class=\"elementor-heading-title elementor-size-default\">Produits \u00e0 livrer\n\n<\/h3>\t\t\t\t<\/div>\n\t\t\t\t<\/div>\n\t\t\t\t<div class=\"elementor-element elementor-element-13ab88d6 elementor-widget elementor-widget-text-editor\" data-id=\"13ab88d6\" data-element_type=\"widget\" data-widget_type=\"text-editor.default\">\n\t\t\t\t<div class=\"elementor-widget-container\">\n\t\t\t\t\t\t\t\t\t<p>Vous recevrez un site web de commerce \u00e9lectronique enti\u00e8rement fonctionnel et pr\u00eat \u00e0 \u00eatre lanc\u00e9, dot\u00e9 de toutes les fonctionnalit\u00e9s n\u00e9cessaires. Cela inclut les pages produits, le panier d&#8217;achat, les commentaires des clients, les int\u00e9grations de paiement et d&#8217;exp\u00e9dition, et bien d&#8217;autres choses encore. En outre, nous vous proposons une formation compl\u00e8te afin que vous et votre \u00e9quipe puissiez g\u00e9rer et mettre \u00e0 jour le site web en fonction des besoins.  <\/p>\n\t\t\t\t\t\t\t\t<\/div>\n\t\t\t\t<\/div>\n\t\t\t\t<div class=\"elementor-element elementor-element-71a3fbe5 elementor-widget elementor-widget-heading\" data-id=\"71a3fbe5\" data-element_type=\"widget\" data-widget_type=\"heading.default\">\n\t\t\t\t<div class=\"elementor-widget-container\">\n\t\t\t\t\t<h3 class=\"elementor-heading-title elementor-size-default\">Tarification<\/h3>\t\t\t\t<\/div>\n\t\t\t\t<\/div>\n\t\t\t\t<div class=\"elementor-element elementor-element-76c56d81 elementor-widget elementor-widget-text-editor\" data-id=\"76c56d81\" data-element_type=\"widget\" data-widget_type=\"text-editor.default\">\n\t\t\t\t<div class=\"elementor-widget-container\">\n\t\t\t\t\t\t\t\t\tNos services de conception de sites web de commerce \u00e9lectronique personnalis\u00e9s commencent \u00e0 1 000 USD (environ 9 000 MAD). Veuillez noter qu&#8217;il s&#8217;agit d&#8217;un prix de d\u00e9part et que le co\u00fbt final peut varier en fonction de la complexit\u00e9 de la conception, du nombre de pages de produits et des fonctionnalit\u00e9s suppl\u00e9mentaires dont vous avez besoin. Une fois que vous avez s\u00e9lectionn\u00e9 notre service et effectu\u00e9 le paiement via notre plateforme s\u00e9curis\u00e9e, nous commen\u00e7ons \u00e0 travailler sur votre projet.  \n\n\t\t\t\t\t\t\t\t<\/div>\n\t\t\t\t<\/div>\n\t\t\t\t<div class=\"elementor-element elementor-element-2d56cf21 elementor-widget elementor-widget-heading\" data-id=\"2d56cf21\" data-element_type=\"widget\" data-widget_type=\"heading.default\">\n\t\t\t\t<div class=\"elementor-widget-container\">\n\t\t\t\t\t<h3 class=\"elementor-heading-title elementor-size-default\">Commencez<\/h3>\t\t\t\t<\/div>\n\t\t\t\t<\/div>\n\t\t\t\t<div class=\"elementor-element elementor-element-37a3ea72 elementor-widget elementor-widget-text-editor\" data-id=\"37a3ea72\" data-element_type=\"widget\" data-widget_type=\"text-editor.default\">\n\t\t\t\t<div class=\"elementor-widget-container\">\n\t\t\t\t\t\t\t\t\t<p>Pour commencer \u00e0 concevoir votre site de commerce \u00e9lectronique avec nous, il vous suffit de visiter notre site web, de s\u00e9lectionner le service de conception de site de commerce \u00e9lectronique, de l&#8217;ajouter \u00e0 votre panier et d&#8217;effectuer le paiement. D\u00e8s r\u00e9ception de votre commande, notre \u00e9quipe prendra contact avec vous pour comprendre vos besoins et lancer le processus de conception. <\/p>\n\t\t\t\t\t\t\t\t<\/div>\n\t\t\t\t<\/div>\n\t\t\t\t<div class=\"elementor-element elementor-element-908561d elementor-widget elementor-widget-text-editor\" data-id=\"908561d\" data-element_type=\"widget\" data-widget_type=\"text-editor.default\">\n\t\t\t\t<div class=\"elementor-widget-container\">\n\t\t\t\t\t\t\t\t\t<p>Nous vous remercions de consid\u00e9rer DTR Marketing Agency comme votre partenaire pour la cr\u00e9ation d&#8217;une pr\u00e9sence remarquable dans le domaine du commerce \u00e9lectronique. Nous sommes ravis de pouvoir aider votre entreprise \u00e0 prosp\u00e9rer en ligne. Si vous avez des questions, n&#8217;h\u00e9sitez pas \u00e0 nous contacter.  <\/p>\n\t\t\t\t\t\t\t\t<\/div>\n\t\t\t\t<\/div>\n\t\t\t\t\t<\/div>\n\t\t<\/div>\n\t\t\t\t\t<\/div>\n\t\t<\/section>\n\t\t\t\t<section class=\"elementor-section elementor-top-section elementor-element elementor-element-565f703 elementor-section-boxed elementor-section-height-default elementor-section-height-default\" data-id=\"565f703\" data-element_type=\"section\">\n\t\t\t\t\t\t<div class=\"elementor-container elementor-column-gap-default\">\n\t\t\t\t\t<div class=\"elementor-column elementor-col-100 elementor-top-column elementor-element elementor-element-d5a5fe9\" data-id=\"d5a5fe9\" data-element_type=\"column\">\n\t\t\t<div class=\"elementor-widget-wrap elementor-element-populated\">\n\t\t\t\t\t\t<div class=\"elementor-element elementor-element-5dc5d3b elementor-widget elementor-widget-text-editor\" data-id=\"5dc5d3b\" data-element_type=\"widget\" data-widget_type=\"text-editor.default\">\n\t\t\t\t<div class=\"elementor-widget-container\">\n\t\t\t\t\t\t\t\t\t<p>Vous souhaitez en savoir plus sur notre processus et sur la mani\u00e8re dont nous avons aid\u00e9 d&#8217;autres entreprises \u00e0 r\u00e9ussir en ligne ?<\/p>\n\t\t\t\t\t\t\t\t<\/div>\n\t\t\t\t<\/div>\n\t\t\t\t<div class=\"elementor-element elementor-element-65adffd elementor-align-center elementor-widget elementor-widget-button\" data-id=\"65adffd\" data-element_type=\"widget\" data-widget_type=\"button.default\">\n\t\t\t\t<div class=\"elementor-widget-container\">\n\t\t\t\t\t\t\t\t\t<div class=\"elementor-button-wrapper\">\n\t\t\t\t\t<a class=\"elementor-button elementor-button-link elementor-size-sm\" href=\"https:\/\/dtr.ma\/case-studies\/\" target=\"_blank\">\n\t\t\t\t\t\t<span class=\"elementor-button-content-wrapper\">\n\t\t\t\t\t\t\t\t\t<span class=\"elementor-button-text\">Visitez notre \u00e9tude de cas<\/span>\n\t\t\t\t\t<\/span>\n\t\t\t\t\t<\/a>\n\t\t\t\t<\/div>\n\t\t\t\t\t\t\t\t<\/div>\n\t\t\t\t<\/div>\n\t\t\t\t\t<\/div>\n\t\t<\/div>\n\t\t\t\t\t<\/div>\n\t\t<\/section>\n\t\t\t\t<\/div>\n\t\t","protected":false},"excerpt":{"rendered":"<p>Des services professionnels de conception de sites Web de commerce \u00e9lectronique personnalis\u00e9s pour cr\u00e9er une boutique en ligne unique et conviviale. Contactez-nous d\u00e8s aujourd&#8217;hui et laissez-nous vous aider \u00e0 pr\u00e9senter vos produits et \u00e0 stimuler les ventes. <\/p>\n","protected":false},"featured_media":2799,"template":"","meta":{"_mo_disable_npp":"","om_disable_all_campaigns":false,"inline_featured_image":false,"_monsterinsights_skip_tracking":false,"_monsterinsights_sitenote_active":false,"_monsterinsights_sitenote_note":"","_monsterinsights_sitenote_category":0,"_uf_show_specific_survey":0,"_uf_disable_surveys":false},"product_brand":[],"product_cat":[100,99,104],"product_tag":[],"class_list":{"0":"post-3487","1":"product","2":"type-product","3":"status-publish","4":"has-post-thumbnail","6":"product_cat-projets","7":"product_cat-services-fr","8":"product_cat-services-web","10":"first","11":"instock","12":"virtual","13":"sold-individually","14":"purchasable","15":"product-type-simple"},"yoast_head":"<!-- This site is optimized with the Yoast SEO Premium plugin v20.13 (Yoast SEO v25.9) - https:\/\/yoast.com\/wordpress\/plugins\/seo\/ -->\n<title>Conception d&#039;un site de commerce \u00e9lectronique sur mesure - DTR<\/title>\n<meta name=\"robots\" content=\"index, follow, max-snippet:-1, max-image-preview:large, max-video-preview:-1\" \/>\n<link rel=\"canonical\" href=\"https:\/\/dtr.ma\/fr\/produit\/conception-dun-site-de-commerce-electronique-sur-mesure\/\" \/>\n<meta property=\"og:locale\" content=\"fr_FR\" \/>\n<meta property=\"og:type\" content=\"article\" \/>\n<meta property=\"og:title\" content=\"Conception d&#039;un site de commerce \u00e9lectronique sur mesure\" \/>\n<meta property=\"og:description\" content=\"Des services professionnels de conception de sites Web de commerce \u00e9lectronique personnalis\u00e9s pour cr\u00e9er une boutique en ligne unique et conviviale. Contactez-nous d\u00e8s aujourd&#039;hui et laissez-nous vous aider \u00e0 pr\u00e9senter vos produits et \u00e0 stimuler les ventes.\" \/>\n<meta property=\"og:url\" content=\"https:\/\/dtr.ma\/fr\/produit\/conception-dun-site-de-commerce-electronique-sur-mesure\/\" \/>\n<meta property=\"og:site_name\" content=\"DTR\" \/>\n<meta property=\"article:modified_time\" content=\"2025-01-22T14:10:53+00:00\" \/>\n<meta property=\"og:image\" content=\"https:\/\/i0.wp.com\/dtr.ma\/wp-content\/uploads\/2022\/12\/DTR-SERVICES-ICONES-WEBSITE-ECOMMERCE-13.jpg?fit=1668%2C1123&ssl=1\" \/>\n\t<meta property=\"og:image:width\" content=\"1668\" \/>\n\t<meta property=\"og:image:height\" content=\"1123\" \/>\n\t<meta property=\"og:image:type\" content=\"image\/jpeg\" \/>\n<meta name=\"twitter:card\" content=\"summary_large_image\" \/>\n<meta name=\"twitter:label1\" content=\"Dur\u00e9e de lecture estim\u00e9e\" \/>\n\t<meta name=\"twitter:data1\" content=\"3 minutes\" \/>\n<script type=\"application\/ld+json\" class=\"yoast-schema-graph\">{\"@context\":\"https:\/\/schema.org\",\"@graph\":[{\"@type\":\"WebPage\",\"@id\":\"https:\/\/dtr.ma\/fr\/produit\/conception-dun-site-de-commerce-electronique-sur-mesure\/\",\"url\":\"https:\/\/dtr.ma\/fr\/produit\/conception-dun-site-de-commerce-electronique-sur-mesure\/\",\"name\":\"Conception d'un site de commerce \u00e9lectronique sur mesure - DTR\",\"isPartOf\":{\"@id\":\"https:\/\/dtr.ma\/fr\/#website\"},\"primaryImageOfPage\":{\"@id\":\"https:\/\/dtr.ma\/fr\/produit\/conception-dun-site-de-commerce-electronique-sur-mesure\/#primaryimage\"},\"image\":{\"@id\":\"https:\/\/dtr.ma\/fr\/produit\/conception-dun-site-de-commerce-electronique-sur-mesure\/#primaryimage\"},\"thumbnailUrl\":\"https:\/\/i0.wp.com\/dtr.ma\/wp-content\/uploads\/2022\/12\/DTR-SERVICES-ICONES-WEBSITE-ECOMMERCE-13.jpg?fit=1668%2C1123&ssl=1\",\"datePublished\":\"2022-12-17T14:53:53+00:00\",\"dateModified\":\"2025-01-22T14:10:53+00:00\",\"breadcrumb\":{\"@id\":\"https:\/\/dtr.ma\/fr\/produit\/conception-dun-site-de-commerce-electronique-sur-mesure\/#breadcrumb\"},\"inLanguage\":\"fr-FR\",\"potentialAction\":[{\"@type\":\"ReadAction\",\"target\":[\"https:\/\/dtr.ma\/fr\/produit\/conception-dun-site-de-commerce-electronique-sur-mesure\/\"]}]},{\"@type\":\"ImageObject\",\"inLanguage\":\"fr-FR\",\"@id\":\"https:\/\/dtr.ma\/fr\/produit\/conception-dun-site-de-commerce-electronique-sur-mesure\/#primaryimage\",\"url\":\"https:\/\/i0.wp.com\/dtr.ma\/wp-content\/uploads\/2022\/12\/DTR-SERVICES-ICONES-WEBSITE-ECOMMERCE-13.jpg?fit=1668%2C1123&ssl=1\",\"contentUrl\":\"https:\/\/i0.wp.com\/dtr.ma\/wp-content\/uploads\/2022\/12\/DTR-SERVICES-ICONES-WEBSITE-ECOMMERCE-13.jpg?fit=1668%2C1123&ssl=1\",\"width\":1668,\"height\":1123},{\"@type\":\"BreadcrumbList\",\"@id\":\"https:\/\/dtr.ma\/fr\/produit\/conception-dun-site-de-commerce-electronique-sur-mesure\/#breadcrumb\",\"itemListElement\":[{\"@type\":\"ListItem\",\"position\":1,\"name\":\"Home\",\"item\":\"https:\/\/dtr.ma\/fr\/\"},{\"@type\":\"ListItem\",\"position\":2,\"name\":\"Boutique\",\"item\":\"https:\/\/dtr.ma\/fr\/boutique\/\"},{\"@type\":\"ListItem\",\"position\":3,\"name\":\"Conception d&#8217;un site de commerce \u00e9lectronique sur mesure\"}]},{\"@type\":\"WebSite\",\"@id\":\"https:\/\/dtr.ma\/fr\/#website\",\"url\":\"https:\/\/dtr.ma\/fr\/\",\"name\":\"DTR\",\"description\":\"Smart Business Solutions\",\"publisher\":{\"@id\":\"https:\/\/dtr.ma\/fr\/#organization\"},\"potentialAction\":[{\"@type\":\"SearchAction\",\"target\":{\"@type\":\"EntryPoint\",\"urlTemplate\":\"https:\/\/dtr.ma\/fr\/?s={search_term_string}\"},\"query-input\":{\"@type\":\"PropertyValueSpecification\",\"valueRequired\":true,\"valueName\":\"search_term_string\"}}],\"inLanguage\":\"fr-FR\"},{\"@type\":\"Organization\",\"@id\":\"https:\/\/dtr.ma\/fr\/#organization\",\"name\":\"DTR\",\"url\":\"https:\/\/dtr.ma\/fr\/\",\"logo\":{\"@type\":\"ImageObject\",\"inLanguage\":\"fr-FR\",\"@id\":\"https:\/\/dtr.ma\/fr\/#\/schema\/logo\/image\/\",\"url\":\"https:\/\/dtr.ma\/wp-content\/uploads\/2024\/11\/DTR-LOGO.svg\",\"contentUrl\":\"https:\/\/dtr.ma\/wp-content\/uploads\/2024\/11\/DTR-LOGO.svg\",\"width\":1528,\"height\":697,\"caption\":\"DTR\"},\"image\":{\"@id\":\"https:\/\/dtr.ma\/fr\/#\/schema\/logo\/image\/\"}}]}<\/script>\n<!-- \/ Yoast SEO Premium plugin. -->","yoast_head_json":{"title":"Conception d'un site de commerce \u00e9lectronique sur mesure - DTR","robots":{"index":"index","follow":"follow","max-snippet":"max-snippet:-1","max-image-preview":"max-image-preview:large","max-video-preview":"max-video-preview:-1"},"canonical":"https:\/\/dtr.ma\/fr\/produit\/conception-dun-site-de-commerce-electronique-sur-mesure\/","og_locale":"fr_FR","og_type":"article","og_title":"Conception d'un site de commerce \u00e9lectronique sur mesure","og_description":"Des services professionnels de conception de sites Web de commerce \u00e9lectronique personnalis\u00e9s pour cr\u00e9er une boutique en ligne unique et conviviale. Contactez-nous d\u00e8s aujourd'hui et laissez-nous vous aider \u00e0 pr\u00e9senter vos produits et \u00e0 stimuler les ventes.","og_url":"https:\/\/dtr.ma\/fr\/produit\/conception-dun-site-de-commerce-electronique-sur-mesure\/","og_site_name":"DTR","article_modified_time":"2025-01-22T14:10:53+00:00","og_image":[{"width":1668,"height":1123,"url":"https:\/\/i0.wp.com\/dtr.ma\/wp-content\/uploads\/2022\/12\/DTR-SERVICES-ICONES-WEBSITE-ECOMMERCE-13.jpg?fit=1668%2C1123&ssl=1","type":"image\/jpeg"}],"twitter_card":"summary_large_image","twitter_misc":{"Dur\u00e9e de lecture estim\u00e9e":"3 minutes"},"schema":{"@context":"https:\/\/schema.org","@graph":[{"@type":"WebPage","@id":"https:\/\/dtr.ma\/fr\/produit\/conception-dun-site-de-commerce-electronique-sur-mesure\/","url":"https:\/\/dtr.ma\/fr\/produit\/conception-dun-site-de-commerce-electronique-sur-mesure\/","name":"Conception d'un site de commerce \u00e9lectronique sur mesure - DTR","isPartOf":{"@id":"https:\/\/dtr.ma\/fr\/#website"},"primaryImageOfPage":{"@id":"https:\/\/dtr.ma\/fr\/produit\/conception-dun-site-de-commerce-electronique-sur-mesure\/#primaryimage"},"image":{"@id":"https:\/\/dtr.ma\/fr\/produit\/conception-dun-site-de-commerce-electronique-sur-mesure\/#primaryimage"},"thumbnailUrl":"https:\/\/i0.wp.com\/dtr.ma\/wp-content\/uploads\/2022\/12\/DTR-SERVICES-ICONES-WEBSITE-ECOMMERCE-13.jpg?fit=1668%2C1123&ssl=1","datePublished":"2022-12-17T14:53:53+00:00","dateModified":"2025-01-22T14:10:53+00:00","breadcrumb":{"@id":"https:\/\/dtr.ma\/fr\/produit\/conception-dun-site-de-commerce-electronique-sur-mesure\/#breadcrumb"},"inLanguage":"fr-FR","potentialAction":[{"@type":"ReadAction","target":["https:\/\/dtr.ma\/fr\/produit\/conception-dun-site-de-commerce-electronique-sur-mesure\/"]}]},{"@type":"ImageObject","inLanguage":"fr-FR","@id":"https:\/\/dtr.ma\/fr\/produit\/conception-dun-site-de-commerce-electronique-sur-mesure\/#primaryimage","url":"https:\/\/i0.wp.com\/dtr.ma\/wp-content\/uploads\/2022\/12\/DTR-SERVICES-ICONES-WEBSITE-ECOMMERCE-13.jpg?fit=1668%2C1123&ssl=1","contentUrl":"https:\/\/i0.wp.com\/dtr.ma\/wp-content\/uploads\/2022\/12\/DTR-SERVICES-ICONES-WEBSITE-ECOMMERCE-13.jpg?fit=1668%2C1123&ssl=1","width":1668,"height":1123},{"@type":"BreadcrumbList","@id":"https:\/\/dtr.ma\/fr\/produit\/conception-dun-site-de-commerce-electronique-sur-mesure\/#breadcrumb","itemListElement":[{"@type":"ListItem","position":1,"name":"Home","item":"https:\/\/dtr.ma\/fr\/"},{"@type":"ListItem","position":2,"name":"Boutique","item":"https:\/\/dtr.ma\/fr\/boutique\/"},{"@type":"ListItem","position":3,"name":"Conception d&#8217;un site de commerce \u00e9lectronique sur mesure"}]},{"@type":"WebSite","@id":"https:\/\/dtr.ma\/fr\/#website","url":"https:\/\/dtr.ma\/fr\/","name":"DTR","description":"Smart Business Solutions","publisher":{"@id":"https:\/\/dtr.ma\/fr\/#organization"},"potentialAction":[{"@type":"SearchAction","target":{"@type":"EntryPoint","urlTemplate":"https:\/\/dtr.ma\/fr\/?s={search_term_string}"},"query-input":{"@type":"PropertyValueSpecification","valueRequired":true,"valueName":"search_term_string"}}],"inLanguage":"fr-FR"},{"@type":"Organization","@id":"https:\/\/dtr.ma\/fr\/#organization","name":"DTR","url":"https:\/\/dtr.ma\/fr\/","logo":{"@type":"ImageObject","inLanguage":"fr-FR","@id":"https:\/\/dtr.ma\/fr\/#\/schema\/logo\/image\/","url":"https:\/\/dtr.ma\/wp-content\/uploads\/2024\/11\/DTR-LOGO.svg","contentUrl":"https:\/\/dtr.ma\/wp-content\/uploads\/2024\/11\/DTR-LOGO.svg","width":1528,"height":697,"caption":"DTR"},"image":{"@id":"https:\/\/dtr.ma\/fr\/#\/schema\/logo\/image\/"}}]}},"jetpack_sharing_enabled":true,"_links":{"self":[{"href":"https:\/\/dtr.ma\/fr\/wp-json\/wp\/v2\/product\/3487","targetHints":{"allow":["GET"]}}],"collection":[{"href":"https:\/\/dtr.ma\/fr\/wp-json\/wp\/v2\/product"}],"about":[{"href":"https:\/\/dtr.ma\/fr\/wp-json\/wp\/v2\/types\/product"}],"version-history":[{"count":0,"href":"https:\/\/dtr.ma\/fr\/wp-json\/wp\/v2\/product\/3487\/revisions"}],"wp:featuredmedia":[{"embeddable":true,"href":"https:\/\/dtr.ma\/fr\/wp-json\/wp\/v2\/media\/2799"}],"wp:attachment":[{"href":"https:\/\/dtr.ma\/fr\/wp-json\/wp\/v2\/media?parent=3487"}],"wp:term":[{"taxonomy":"product_brand","embeddable":true,"href":"https:\/\/dtr.ma\/fr\/wp-json\/wp\/v2\/product_brand?post=3487"},{"taxonomy":"product_cat","embeddable":true,"href":"https:\/\/dtr.ma\/fr\/wp-json\/wp\/v2\/product_cat?post=3487"},{"taxonomy":"product_tag","embeddable":true,"href":"https:\/\/dtr.ma\/fr\/wp-json\/wp\/v2\/product_tag?post=3487"}],"curies":[{"name":"wp","href":"https:\/\/api.w.org\/{rel}","templated":true}]}}