{"id":3488,"date":"2022-12-12T16:11:35","date_gmt":"2022-12-12T16:11:35","guid":{"rendered":"https:\/\/dtr.ma\/product\/conception-complete-de-lidentite-visuelle\/"},"modified":"2022-12-12T16:11:35","modified_gmt":"2022-12-12T16:11:35","slug":"conception-complete-de-lidentite-visuelle","status":"publish","type":"product","link":"https:\/\/dtr.ma\/fr\/produit\/conception-complete-de-lidentite-visuelle\/","title":{"rendered":"Conception compl\u00e8te de l&#8217;identit\u00e9 visuelle"},"content":{"rendered":"<p>Vous cherchez \u00e0 cr\u00e9er une pr\u00e9sence de marque puissante et imm\u00e9diatement reconnaissable ? Notre service de <strong>conception d&#8217;identit\u00e9 visuelle compl\u00e8te<\/strong> offre une approche holistique de la d\u00e9finition et de l&#8217;am\u00e9lioration de la personnalit\u00e9 de votre marque. Nous mettons l&#8217;accent sur la <strong>flexibilit\u00e9<\/strong> et la <strong>personnalisation<\/strong>, en fournissant des \u00e9l\u00e9ments visuels de haute qualit\u00e9 qui correspondent parfaitement aux valeurs de votre marque, \u00e0 votre public cible et \u00e0 vos objectifs de croissance. Nos experts vous guident \u00e0 chaque \u00e9tape : cr\u00e9ation d&#8217;un logo unique, s\u00e9lection d&#8217;une typographie et d&#8217;une palette de couleurs adapt\u00e9es \u00e0 votre march\u00e9, et conception d&#8217;\u00e9l\u00e9ments de marque essentiels tels que des cartes de visite, des mod\u00e8les pour les r\u00e9seaux sociaux, et bien plus encore. Nous croyons aux <strong>normes de haute qualit\u00e9<\/strong>, alors attendez-vous \u00e0 une attention m\u00e9ticuleuse aux d\u00e9tails, \u00e0 un processus de conception collaboratif et \u00e0 des livrables finaux qui vous distinguent dans n&#8217;importe quel paysage concurrentiel.  <\/p>\n<h4>Ce qui est inclus<\/h4>\n<ul>\n<li><strong>Conception de logos et variations<\/strong><br \/>\nDes logos personnalis\u00e9s qui refl\u00e8tent l&#8217;essence de votre marque et s&#8217;adaptent sans effort \u00e0 diff\u00e9rents supports.<\/li>\n<li><strong>Palette de couleurs et typographie<\/strong><br \/>\nDes palettes de couleurs et des polices de caract\u00e8res s\u00e9lectionn\u00e9es avec soin qui renforcent le caract\u00e8re de votre marque.<\/li>\n<li><strong>Lignes directrices de la marque<\/strong><br \/>\nUn guide complet pour garantir la coh\u00e9rence de tous vos supports de marque.<\/li>\n<li><strong>Papeterie et mat\u00e9riel de marketing<\/strong> <em>(optionnel)<\/em><br \/>\nCartes de visite, papier \u00e0 en-t\u00eate, mod\u00e8les pour les m\u00e9dias sociaux &#8211; tout ce dont vous avez besoin pour une pr\u00e9sence coh\u00e9rente de votre marque.<\/li>\n<\/ul>\n<h4>Pourquoi nous choisir ?<\/h4>\n<ul>\n<li><strong>Des choix flexibles :<\/strong> Travaillez main dans la main avec notre \u00e9quipe de concepteurs pour transformer votre vision en images \u00e9tonnantes.<\/li>\n<li><strong>Des normes de haute qualit\u00e9 :<\/strong> Nous utilisons les meilleurs outils, techniques et tendances de conception pour vous donner un avantage concurrentiel durable.<\/li>\n<li><strong>Approche personnalis\u00e9e :<\/strong> Chaque aspect de votre identit\u00e9 visuelle est con\u00e7u sur mesure pour s&#8217;adapter \u00e0 l&#8217;histoire et aux objectifs uniques de votre marque.<\/li>\n<\/ul>\n<h3>Tarification<\/h3>\n<p>Notre service de conception de papeterie de marque professionnelle commence \u00e0 420 USD (environ 4 000 MAD). Veuillez noter qu&#8217;il s&#8217;agit d&#8217;un co\u00fbt de d\u00e9part et qu&#8217;il peut varier en fonction de la complexit\u00e9 et des exigences de la conception. Pour d\u00e9marrer le projet, le paiement int\u00e9gral est requis via notre plateforme s\u00e9curis\u00e9e.  <\/p>\n<h3>Commencez<\/h3>\n<p>Pour commencer le processus de conception de votre papeterie, veuillez visiter notre site web, choisir le service de conception de papeterie de marque professionnelle, l&#8217;ajouter \u00e0 votre panier et proc\u00e9der au paiement. Notre \u00e9quipe prendra ensuite contact avec vous pour comprendre vos besoins en d\u00e9tail. Nous vous remercions d&#8217;avoir choisi l&#8217;agence DTR Marketing pour la conception de votre papeterie de marque. Nous sommes impatients de travailler avec vous pour cr\u00e9er une papeterie qui non seulement est magnifique, mais qui renforce \u00e9galement l&#8217;identit\u00e9 de votre marque. Si vous avez des questions, n&#8217;h\u00e9sitez pas \u00e0 nous contacter. <\/p>\n","protected":false},"excerpt":{"rendered":"<p>Transformez votre marque gr\u00e2ce \u00e0 une identit\u00e9 visuelle compl\u00e8te et coh\u00e9rente. Des logos aux palettes de couleurs et \u00e0 la typographie, notre service de conception d&#8217;identit\u00e9 visuelle compl\u00e8te garantit que chaque \u00e9l\u00e9ment est adapt\u00e9 \u00e0 votre style et \u00e0 votre message uniques. <\/p>\n","protected":false},"featured_media":2796,"template":"","meta":{"_mo_disable_npp":"","om_disable_all_campaigns":false,"inline_featured_image":false,"_monsterinsights_skip_tracking":false,"_monsterinsights_sitenote_active":false,"_monsterinsights_sitenote_note":"","_monsterinsights_sitenote_category":0,"_uf_show_specific_survey":0,"_uf_disable_surveys":false},"product_brand":[],"product_cat":[99,106,103],"product_tag":[],"class_list":{"0":"post-3488","1":"product","2":"type-product","3":"status-publish","4":"has-post-thumbnail","6":"product_cat-services-fr","7":"product_cat-services-dimage-de-marque","8":"product_cat-taches","10":"first","11":"instock","12":"virtual","13":"sold-individually","14":"purchasable","15":"product-type-simple"},"yoast_head":"<!-- This site is optimized with the Yoast SEO Premium plugin v20.13 (Yoast SEO v25.9) - https:\/\/yoast.com\/wordpress\/plugins\/seo\/ -->\n<title>Conception compl\u00e8te de l&#039;identit\u00e9 visuelle - DTR<\/title>\n<meta name=\"robots\" content=\"index, follow, max-snippet:-1, max-image-preview:large, max-video-preview:-1\" \/>\n<link rel=\"canonical\" href=\"https:\/\/dtr.ma\/fr\/produit\/conception-complete-de-lidentite-visuelle\/\" \/>\n<meta property=\"og:locale\" content=\"fr_FR\" \/>\n<meta property=\"og:type\" content=\"article\" \/>\n<meta property=\"og:title\" content=\"Conception compl\u00e8te de l&#039;identit\u00e9 visuelle\" \/>\n<meta property=\"og:description\" content=\"Transformez votre marque gr\u00e2ce \u00e0 une identit\u00e9 visuelle compl\u00e8te et coh\u00e9rente. Des logos aux palettes de couleurs et \u00e0 la typographie, notre service de conception d&#039;identit\u00e9 visuelle compl\u00e8te garantit que chaque \u00e9l\u00e9ment est adapt\u00e9 \u00e0 votre style et \u00e0 votre message uniques.\" \/>\n<meta property=\"og:url\" content=\"https:\/\/dtr.ma\/fr\/produit\/conception-complete-de-lidentite-visuelle\/\" \/>\n<meta property=\"og:site_name\" content=\"DTR\" \/>\n<meta property=\"og:image\" content=\"https:\/\/i0.wp.com\/dtr.ma\/wp-content\/uploads\/2022\/12\/DTR-SERVICES-ICONES-WEBSITE-ECOMMERCE-16.jpg?fit=1669%2C1123&ssl=1\" \/>\n\t<meta property=\"og:image:width\" content=\"1669\" \/>\n\t<meta property=\"og:image:height\" content=\"1123\" \/>\n\t<meta property=\"og:image:type\" content=\"image\/jpeg\" \/>\n<meta name=\"twitter:card\" content=\"summary_large_image\" \/>\n<meta name=\"twitter:label1\" content=\"Dur\u00e9e de lecture estim\u00e9e\" \/>\n\t<meta name=\"twitter:data1\" content=\"2 minutes\" \/>\n<script type=\"application\/ld+json\" class=\"yoast-schema-graph\">{\"@context\":\"https:\/\/schema.org\",\"@graph\":[{\"@type\":\"WebPage\",\"@id\":\"https:\/\/dtr.ma\/fr\/produit\/conception-complete-de-lidentite-visuelle\/\",\"url\":\"https:\/\/dtr.ma\/fr\/produit\/conception-complete-de-lidentite-visuelle\/\",\"name\":\"Conception compl\u00e8te de l'identit\u00e9 visuelle - DTR\",\"isPartOf\":{\"@id\":\"https:\/\/dtr.ma\/fr\/#website\"},\"primaryImageOfPage\":{\"@id\":\"https:\/\/dtr.ma\/fr\/produit\/conception-complete-de-lidentite-visuelle\/#primaryimage\"},\"image\":{\"@id\":\"https:\/\/dtr.ma\/fr\/produit\/conception-complete-de-lidentite-visuelle\/#primaryimage\"},\"thumbnailUrl\":\"https:\/\/i0.wp.com\/dtr.ma\/wp-content\/uploads\/2022\/12\/DTR-SERVICES-ICONES-WEBSITE-ECOMMERCE-16.jpg?fit=1669%2C1123&ssl=1\",\"datePublished\":\"2022-12-12T16:11:35+00:00\",\"breadcrumb\":{\"@id\":\"https:\/\/dtr.ma\/fr\/produit\/conception-complete-de-lidentite-visuelle\/#breadcrumb\"},\"inLanguage\":\"fr-FR\",\"potentialAction\":[{\"@type\":\"ReadAction\",\"target\":[\"https:\/\/dtr.ma\/fr\/produit\/conception-complete-de-lidentite-visuelle\/\"]}]},{\"@type\":\"ImageObject\",\"inLanguage\":\"fr-FR\",\"@id\":\"https:\/\/dtr.ma\/fr\/produit\/conception-complete-de-lidentite-visuelle\/#primaryimage\",\"url\":\"https:\/\/i0.wp.com\/dtr.ma\/wp-content\/uploads\/2022\/12\/DTR-SERVICES-ICONES-WEBSITE-ECOMMERCE-16.jpg?fit=1669%2C1123&ssl=1\",\"contentUrl\":\"https:\/\/i0.wp.com\/dtr.ma\/wp-content\/uploads\/2022\/12\/DTR-SERVICES-ICONES-WEBSITE-ECOMMERCE-16.jpg?fit=1669%2C1123&ssl=1\",\"width\":1669,\"height\":1123},{\"@type\":\"BreadcrumbList\",\"@id\":\"https:\/\/dtr.ma\/fr\/produit\/conception-complete-de-lidentite-visuelle\/#breadcrumb\",\"itemListElement\":[{\"@type\":\"ListItem\",\"position\":1,\"name\":\"Home\",\"item\":\"https:\/\/dtr.ma\/fr\/\"},{\"@type\":\"ListItem\",\"position\":2,\"name\":\"Boutique\",\"item\":\"https:\/\/dtr.ma\/fr\/boutique\/\"},{\"@type\":\"ListItem\",\"position\":3,\"name\":\"Conception compl\u00e8te de l&#8217;identit\u00e9 visuelle\"}]},{\"@type\":\"WebSite\",\"@id\":\"https:\/\/dtr.ma\/fr\/#website\",\"url\":\"https:\/\/dtr.ma\/fr\/\",\"name\":\"DTR\",\"description\":\"Smart Business Solutions\",\"publisher\":{\"@id\":\"https:\/\/dtr.ma\/fr\/#organization\"},\"potentialAction\":[{\"@type\":\"SearchAction\",\"target\":{\"@type\":\"EntryPoint\",\"urlTemplate\":\"https:\/\/dtr.ma\/fr\/?s={search_term_string}\"},\"query-input\":{\"@type\":\"PropertyValueSpecification\",\"valueRequired\":true,\"valueName\":\"search_term_string\"}}],\"inLanguage\":\"fr-FR\"},{\"@type\":\"Organization\",\"@id\":\"https:\/\/dtr.ma\/fr\/#organization\",\"name\":\"DTR\",\"url\":\"https:\/\/dtr.ma\/fr\/\",\"logo\":{\"@type\":\"ImageObject\",\"inLanguage\":\"fr-FR\",\"@id\":\"https:\/\/dtr.ma\/fr\/#\/schema\/logo\/image\/\",\"url\":\"https:\/\/dtr.ma\/wp-content\/uploads\/2024\/11\/DTR-LOGO.svg\",\"contentUrl\":\"https:\/\/dtr.ma\/wp-content\/uploads\/2024\/11\/DTR-LOGO.svg\",\"width\":1528,\"height\":697,\"caption\":\"DTR\"},\"image\":{\"@id\":\"https:\/\/dtr.ma\/fr\/#\/schema\/logo\/image\/\"}}]}<\/script>\n<!-- \/ Yoast SEO Premium plugin. -->","yoast_head_json":{"title":"Conception compl\u00e8te de l'identit\u00e9 visuelle - DTR","robots":{"index":"index","follow":"follow","max-snippet":"max-snippet:-1","max-image-preview":"max-image-preview:large","max-video-preview":"max-video-preview:-1"},"canonical":"https:\/\/dtr.ma\/fr\/produit\/conception-complete-de-lidentite-visuelle\/","og_locale":"fr_FR","og_type":"article","og_title":"Conception compl\u00e8te de l'identit\u00e9 visuelle","og_description":"Transformez votre marque gr\u00e2ce \u00e0 une identit\u00e9 visuelle compl\u00e8te et coh\u00e9rente. Des logos aux palettes de couleurs et \u00e0 la typographie, notre service de conception d'identit\u00e9 visuelle compl\u00e8te garantit que chaque \u00e9l\u00e9ment est adapt\u00e9 \u00e0 votre style et \u00e0 votre message uniques.","og_url":"https:\/\/dtr.ma\/fr\/produit\/conception-complete-de-lidentite-visuelle\/","og_site_name":"DTR","og_image":[{"width":1669,"height":1123,"url":"https:\/\/i0.wp.com\/dtr.ma\/wp-content\/uploads\/2022\/12\/DTR-SERVICES-ICONES-WEBSITE-ECOMMERCE-16.jpg?fit=1669%2C1123&ssl=1","type":"image\/jpeg"}],"twitter_card":"summary_large_image","twitter_misc":{"Dur\u00e9e de lecture estim\u00e9e":"2 minutes"},"schema":{"@context":"https:\/\/schema.org","@graph":[{"@type":"WebPage","@id":"https:\/\/dtr.ma\/fr\/produit\/conception-complete-de-lidentite-visuelle\/","url":"https:\/\/dtr.ma\/fr\/produit\/conception-complete-de-lidentite-visuelle\/","name":"Conception compl\u00e8te de l'identit\u00e9 visuelle - DTR","isPartOf":{"@id":"https:\/\/dtr.ma\/fr\/#website"},"primaryImageOfPage":{"@id":"https:\/\/dtr.ma\/fr\/produit\/conception-complete-de-lidentite-visuelle\/#primaryimage"},"image":{"@id":"https:\/\/dtr.ma\/fr\/produit\/conception-complete-de-lidentite-visuelle\/#primaryimage"},"thumbnailUrl":"https:\/\/i0.wp.com\/dtr.ma\/wp-content\/uploads\/2022\/12\/DTR-SERVICES-ICONES-WEBSITE-ECOMMERCE-16.jpg?fit=1669%2C1123&ssl=1","datePublished":"2022-12-12T16:11:35+00:00","breadcrumb":{"@id":"https:\/\/dtr.ma\/fr\/produit\/conception-complete-de-lidentite-visuelle\/#breadcrumb"},"inLanguage":"fr-FR","potentialAction":[{"@type":"ReadAction","target":["https:\/\/dtr.ma\/fr\/produit\/conception-complete-de-lidentite-visuelle\/"]}]},{"@type":"ImageObject","inLanguage":"fr-FR","@id":"https:\/\/dtr.ma\/fr\/produit\/conception-complete-de-lidentite-visuelle\/#primaryimage","url":"https:\/\/i0.wp.com\/dtr.ma\/wp-content\/uploads\/2022\/12\/DTR-SERVICES-ICONES-WEBSITE-ECOMMERCE-16.jpg?fit=1669%2C1123&ssl=1","contentUrl":"https:\/\/i0.wp.com\/dtr.ma\/wp-content\/uploads\/2022\/12\/DTR-SERVICES-ICONES-WEBSITE-ECOMMERCE-16.jpg?fit=1669%2C1123&ssl=1","width":1669,"height":1123},{"@type":"BreadcrumbList","@id":"https:\/\/dtr.ma\/fr\/produit\/conception-complete-de-lidentite-visuelle\/#breadcrumb","itemListElement":[{"@type":"ListItem","position":1,"name":"Home","item":"https:\/\/dtr.ma\/fr\/"},{"@type":"ListItem","position":2,"name":"Boutique","item":"https:\/\/dtr.ma\/fr\/boutique\/"},{"@type":"ListItem","position":3,"name":"Conception compl\u00e8te de l&#8217;identit\u00e9 visuelle"}]},{"@type":"WebSite","@id":"https:\/\/dtr.ma\/fr\/#website","url":"https:\/\/dtr.ma\/fr\/","name":"DTR","description":"Smart Business Solutions","publisher":{"@id":"https:\/\/dtr.ma\/fr\/#organization"},"potentialAction":[{"@type":"SearchAction","target":{"@type":"EntryPoint","urlTemplate":"https:\/\/dtr.ma\/fr\/?s={search_term_string}"},"query-input":{"@type":"PropertyValueSpecification","valueRequired":true,"valueName":"search_term_string"}}],"inLanguage":"fr-FR"},{"@type":"Organization","@id":"https:\/\/dtr.ma\/fr\/#organization","name":"DTR","url":"https:\/\/dtr.ma\/fr\/","logo":{"@type":"ImageObject","inLanguage":"fr-FR","@id":"https:\/\/dtr.ma\/fr\/#\/schema\/logo\/image\/","url":"https:\/\/dtr.ma\/wp-content\/uploads\/2024\/11\/DTR-LOGO.svg","contentUrl":"https:\/\/dtr.ma\/wp-content\/uploads\/2024\/11\/DTR-LOGO.svg","width":1528,"height":697,"caption":"DTR"},"image":{"@id":"https:\/\/dtr.ma\/fr\/#\/schema\/logo\/image\/"}}]}},"jetpack_sharing_enabled":true,"_links":{"self":[{"href":"https:\/\/dtr.ma\/fr\/wp-json\/wp\/v2\/product\/3488","targetHints":{"allow":["GET"]}}],"collection":[{"href":"https:\/\/dtr.ma\/fr\/wp-json\/wp\/v2\/product"}],"about":[{"href":"https:\/\/dtr.ma\/fr\/wp-json\/wp\/v2\/types\/product"}],"version-history":[{"count":0,"href":"https:\/\/dtr.ma\/fr\/wp-json\/wp\/v2\/product\/3488\/revisions"}],"wp:featuredmedia":[{"embeddable":true,"href":"https:\/\/dtr.ma\/fr\/wp-json\/wp\/v2\/media\/2796"}],"wp:attachment":[{"href":"https:\/\/dtr.ma\/fr\/wp-json\/wp\/v2\/media?parent=3488"}],"wp:term":[{"taxonomy":"product_brand","embeddable":true,"href":"https:\/\/dtr.ma\/fr\/wp-json\/wp\/v2\/product_brand?post=3488"},{"taxonomy":"product_cat","embeddable":true,"href":"https:\/\/dtr.ma\/fr\/wp-json\/wp\/v2\/product_cat?post=3488"},{"taxonomy":"product_tag","embeddable":true,"href":"https:\/\/dtr.ma\/fr\/wp-json\/wp\/v2\/product_tag?post=3488"}],"curies":[{"name":"wp","href":"https:\/\/api.w.org\/{rel}","templated":true}]}}