{"id":3500,"date":"2022-12-17T15:08:00","date_gmt":"2022-12-17T15:08:00","guid":{"rendered":"https:\/\/dtr.ma\/product\/voix-off-francais\/"},"modified":"2022-12-17T15:08:00","modified_gmt":"2022-12-17T15:08:00","slug":"voix-off-francais","status":"publish","type":"product","link":"https:\/\/dtr.ma\/fr\/produit\/voix-off-francais\/","title":{"rendered":"Voix off &#8211; Fran\u00e7ais"},"content":{"rendered":"<p>Vous souhaitez communiquer votre message \u00e0 un public francophone par le biais d&#8217;une voix off professionnelle ? Ne cherchez pas plus loin ! L&#8217;agence de marketing DTR propose des services de voix-off en fran\u00e7ais de qualit\u00e9 sup\u00e9rieure pour vous aider \u00e0 transmettre efficacement votre message. Notre \u00e9quipe d&#8217;acteurs vocaux qualifi\u00e9s parle couramment le fran\u00e7ais et est capable de fournir une large gamme de styles et de tons pour r\u00e9pondre \u00e0 vos besoins. Qu&#8217;il s&#8217;agisse de voix-off commerciales ou de vid\u00e9os, nous poss\u00e9dons l&#8217;expertise n\u00e9cessaire pour obtenir des r\u00e9sultats de premier ordre. Nous travaillerons avec vous \u00e0 chaque \u00e9tape du processus pour nous assurer que votre voix off refl\u00e8te fid\u00e8lement votre message et attire votre public cible. Contactez-nous d\u00e8s aujourd&#8217;hui et laissez-nous vous aider \u00e0 produire une voix-off fran\u00e7aise professionnelle et percutante. Nous sommes impatients de travailler avec vous !  <\/p>\n<h3>Notre processus<\/h3>\n<p>Nous commen\u00e7ons par comprendre le contexte et l&#8217;objectif de vos besoins en mati\u00e8re de voix-off. En fonction des exigences de votre projet, nous s\u00e9lectionnons les artistes voix-off ad\u00e9quats dans notre vivier de talents. Le script est livr\u00e9 m\u00e9ticuleusement, en veillant \u00e0 ce que l&#8217;\u00e9motion, le ton et le rythme soient adapt\u00e9s \u00e0 votre public cible et lui permettent de s&#8217;engager efficacement.  <\/p>\n<h3>Produits \u00e0 livrer<\/h3>\n<p><strong>Notre service de voix-off est \u00e0 la hauteur :<\/strong><\/p>\n<p>Des voix-off enregistr\u00e9es de mani\u00e8re professionnelle dans la langue\/le style de votre choix.<br \/>\nDes fichiers audio de haute qualit\u00e9 adapt\u00e9s \u00e0 la plate-forme que vous souhaitez utiliser.<br \/>\nDes r\u00e9visions (selon notre accord) pour s&#8217;assurer que le produit final r\u00e9pond \u00e0 vos attentes.<br \/>\nTarifs Notre service de voix-off commence \u00e0 100 USD (environ 900 MAD). Le co\u00fbt final peut varier en fonction d&#8217;exigences sp\u00e9cifiques telles que la longueur du texte, la langue et le style.<\/p>\n<h3>Commencez<\/h3>\n<p>Pour commencer votre projet de voix-off avec nous, visitez notre site web, s\u00e9lectionnez le service de voix-off et proc\u00e9dez au paiement. Une fois le paiement effectu\u00e9, notre \u00e9quipe vous contactera pour discuter de votre projet en d\u00e9tail et commencer \u00e0 cr\u00e9er votre voix-off parfaite. <\/p>\n","protected":false},"excerpt":{"rendered":"<p>Communiquez votre message \u00e0 un public francophone gr\u00e2ce \u00e0 nos services professionnels de voix-off en fran\u00e7ais. Contactez-nous d\u00e8s aujourd&#8217;hui et laissez-nous vous aider \u00e0 produire une voix off de qualit\u00e9 et percutante. <\/p>\n","protected":false},"featured_media":2810,"template":"","meta":{"_mo_disable_npp":"","om_disable_all_campaigns":false,"inline_featured_image":false,"_monsterinsights_skip_tracking":false,"_monsterinsights_sitenote_active":false,"_monsterinsights_sitenote_note":"","_monsterinsights_sitenote_category":0,"_uf_show_specific_survey":0,"_uf_disable_surveys":false},"product_brand":[],"product_cat":[99,103,102],"product_tag":[],"class_list":{"0":"post-3500","1":"product","2":"type-product","3":"status-publish","4":"has-post-thumbnail","6":"product_cat-services-fr","7":"product_cat-taches","8":"product_cat-tous","10":"first","11":"instock","12":"virtual","13":"sold-individually","14":"purchasable","15":"product-type-simple"},"yoast_head":"<!-- This site is optimized with the Yoast SEO Premium plugin v20.13 (Yoast SEO v25.9) - https:\/\/yoast.com\/wordpress\/plugins\/seo\/ -->\n<title>Voix off - Fran\u00e7ais - DTR<\/title>\n<meta name=\"robots\" content=\"index, follow, max-snippet:-1, max-image-preview:large, max-video-preview:-1\" \/>\n<link rel=\"canonical\" href=\"https:\/\/dtr.ma\/fr\/produit\/voix-off-francais\/\" \/>\n<meta property=\"og:locale\" content=\"fr_FR\" \/>\n<meta property=\"og:type\" content=\"article\" \/>\n<meta property=\"og:title\" content=\"Voix off - Fran\u00e7ais\" \/>\n<meta property=\"og:description\" content=\"Communiquez votre message \u00e0 un public francophone gr\u00e2ce \u00e0 nos services professionnels de voix-off en fran\u00e7ais. Contactez-nous d\u00e8s aujourd&#039;hui et laissez-nous vous aider \u00e0 produire une voix off de qualit\u00e9 et percutante.\" \/>\n<meta property=\"og:url\" content=\"https:\/\/dtr.ma\/fr\/produit\/voix-off-francais\/\" \/>\n<meta property=\"og:site_name\" content=\"DTR\" \/>\n<meta property=\"og:image\" content=\"https:\/\/i0.wp.com\/dtr.ma\/wp-content\/uploads\/2022\/12\/DTR-SERVICES-ICONES-WEBSITE-ECOMMERCE-02.jpg?fit=1668%2C1123&ssl=1\" \/>\n\t<meta property=\"og:image:width\" content=\"1668\" \/>\n\t<meta property=\"og:image:height\" content=\"1123\" \/>\n\t<meta property=\"og:image:type\" content=\"image\/jpeg\" \/>\n<meta name=\"twitter:card\" content=\"summary_large_image\" \/>\n<meta name=\"twitter:label1\" content=\"Dur\u00e9e de lecture estim\u00e9e\" \/>\n\t<meta name=\"twitter:data1\" content=\"2 minutes\" \/>\n<script type=\"application\/ld+json\" class=\"yoast-schema-graph\">{\"@context\":\"https:\/\/schema.org\",\"@graph\":[{\"@type\":\"WebPage\",\"@id\":\"https:\/\/dtr.ma\/fr\/produit\/voix-off-francais\/\",\"url\":\"https:\/\/dtr.ma\/fr\/produit\/voix-off-francais\/\",\"name\":\"Voix off - Fran\u00e7ais - DTR\",\"isPartOf\":{\"@id\":\"https:\/\/dtr.ma\/fr\/#website\"},\"primaryImageOfPage\":{\"@id\":\"https:\/\/dtr.ma\/fr\/produit\/voix-off-francais\/#primaryimage\"},\"image\":{\"@id\":\"https:\/\/dtr.ma\/fr\/produit\/voix-off-francais\/#primaryimage\"},\"thumbnailUrl\":\"https:\/\/i0.wp.com\/dtr.ma\/wp-content\/uploads\/2022\/12\/DTR-SERVICES-ICONES-WEBSITE-ECOMMERCE-02.jpg?fit=1668%2C1123&ssl=1\",\"datePublished\":\"2022-12-17T15:08:00+00:00\",\"breadcrumb\":{\"@id\":\"https:\/\/dtr.ma\/fr\/produit\/voix-off-francais\/#breadcrumb\"},\"inLanguage\":\"fr-FR\",\"potentialAction\":[{\"@type\":\"ReadAction\",\"target\":[\"https:\/\/dtr.ma\/fr\/produit\/voix-off-francais\/\"]}]},{\"@type\":\"ImageObject\",\"inLanguage\":\"fr-FR\",\"@id\":\"https:\/\/dtr.ma\/fr\/produit\/voix-off-francais\/#primaryimage\",\"url\":\"https:\/\/i0.wp.com\/dtr.ma\/wp-content\/uploads\/2022\/12\/DTR-SERVICES-ICONES-WEBSITE-ECOMMERCE-02.jpg?fit=1668%2C1123&ssl=1\",\"contentUrl\":\"https:\/\/i0.wp.com\/dtr.ma\/wp-content\/uploads\/2022\/12\/DTR-SERVICES-ICONES-WEBSITE-ECOMMERCE-02.jpg?fit=1668%2C1123&ssl=1\",\"width\":1668,\"height\":1123},{\"@type\":\"BreadcrumbList\",\"@id\":\"https:\/\/dtr.ma\/fr\/produit\/voix-off-francais\/#breadcrumb\",\"itemListElement\":[{\"@type\":\"ListItem\",\"position\":1,\"name\":\"Home\",\"item\":\"https:\/\/dtr.ma\/fr\/\"},{\"@type\":\"ListItem\",\"position\":2,\"name\":\"Boutique\",\"item\":\"https:\/\/dtr.ma\/fr\/boutique\/\"},{\"@type\":\"ListItem\",\"position\":3,\"name\":\"Voix off &#8211; Fran\u00e7ais\"}]},{\"@type\":\"WebSite\",\"@id\":\"https:\/\/dtr.ma\/fr\/#website\",\"url\":\"https:\/\/dtr.ma\/fr\/\",\"name\":\"DTR\",\"description\":\"Smart Business Solutions\",\"publisher\":{\"@id\":\"https:\/\/dtr.ma\/fr\/#organization\"},\"potentialAction\":[{\"@type\":\"SearchAction\",\"target\":{\"@type\":\"EntryPoint\",\"urlTemplate\":\"https:\/\/dtr.ma\/fr\/?s={search_term_string}\"},\"query-input\":{\"@type\":\"PropertyValueSpecification\",\"valueRequired\":true,\"valueName\":\"search_term_string\"}}],\"inLanguage\":\"fr-FR\"},{\"@type\":\"Organization\",\"@id\":\"https:\/\/dtr.ma\/fr\/#organization\",\"name\":\"DTR\",\"url\":\"https:\/\/dtr.ma\/fr\/\",\"logo\":{\"@type\":\"ImageObject\",\"inLanguage\":\"fr-FR\",\"@id\":\"https:\/\/dtr.ma\/fr\/#\/schema\/logo\/image\/\",\"url\":\"https:\/\/dtr.ma\/wp-content\/uploads\/2024\/11\/DTR-LOGO.svg\",\"contentUrl\":\"https:\/\/dtr.ma\/wp-content\/uploads\/2024\/11\/DTR-LOGO.svg\",\"width\":1528,\"height\":697,\"caption\":\"DTR\"},\"image\":{\"@id\":\"https:\/\/dtr.ma\/fr\/#\/schema\/logo\/image\/\"}}]}<\/script>\n<!-- \/ Yoast SEO Premium plugin. -->","yoast_head_json":{"title":"Voix off - Fran\u00e7ais - DTR","robots":{"index":"index","follow":"follow","max-snippet":"max-snippet:-1","max-image-preview":"max-image-preview:large","max-video-preview":"max-video-preview:-1"},"canonical":"https:\/\/dtr.ma\/fr\/produit\/voix-off-francais\/","og_locale":"fr_FR","og_type":"article","og_title":"Voix off - Fran\u00e7ais","og_description":"Communiquez votre message \u00e0 un public francophone gr\u00e2ce \u00e0 nos services professionnels de voix-off en fran\u00e7ais. Contactez-nous d\u00e8s aujourd'hui et laissez-nous vous aider \u00e0 produire une voix off de qualit\u00e9 et percutante.","og_url":"https:\/\/dtr.ma\/fr\/produit\/voix-off-francais\/","og_site_name":"DTR","og_image":[{"width":1668,"height":1123,"url":"https:\/\/i0.wp.com\/dtr.ma\/wp-content\/uploads\/2022\/12\/DTR-SERVICES-ICONES-WEBSITE-ECOMMERCE-02.jpg?fit=1668%2C1123&ssl=1","type":"image\/jpeg"}],"twitter_card":"summary_large_image","twitter_misc":{"Dur\u00e9e de lecture estim\u00e9e":"2 minutes"},"schema":{"@context":"https:\/\/schema.org","@graph":[{"@type":"WebPage","@id":"https:\/\/dtr.ma\/fr\/produit\/voix-off-francais\/","url":"https:\/\/dtr.ma\/fr\/produit\/voix-off-francais\/","name":"Voix off - Fran\u00e7ais - DTR","isPartOf":{"@id":"https:\/\/dtr.ma\/fr\/#website"},"primaryImageOfPage":{"@id":"https:\/\/dtr.ma\/fr\/produit\/voix-off-francais\/#primaryimage"},"image":{"@id":"https:\/\/dtr.ma\/fr\/produit\/voix-off-francais\/#primaryimage"},"thumbnailUrl":"https:\/\/i0.wp.com\/dtr.ma\/wp-content\/uploads\/2022\/12\/DTR-SERVICES-ICONES-WEBSITE-ECOMMERCE-02.jpg?fit=1668%2C1123&ssl=1","datePublished":"2022-12-17T15:08:00+00:00","breadcrumb":{"@id":"https:\/\/dtr.ma\/fr\/produit\/voix-off-francais\/#breadcrumb"},"inLanguage":"fr-FR","potentialAction":[{"@type":"ReadAction","target":["https:\/\/dtr.ma\/fr\/produit\/voix-off-francais\/"]}]},{"@type":"ImageObject","inLanguage":"fr-FR","@id":"https:\/\/dtr.ma\/fr\/produit\/voix-off-francais\/#primaryimage","url":"https:\/\/i0.wp.com\/dtr.ma\/wp-content\/uploads\/2022\/12\/DTR-SERVICES-ICONES-WEBSITE-ECOMMERCE-02.jpg?fit=1668%2C1123&ssl=1","contentUrl":"https:\/\/i0.wp.com\/dtr.ma\/wp-content\/uploads\/2022\/12\/DTR-SERVICES-ICONES-WEBSITE-ECOMMERCE-02.jpg?fit=1668%2C1123&ssl=1","width":1668,"height":1123},{"@type":"BreadcrumbList","@id":"https:\/\/dtr.ma\/fr\/produit\/voix-off-francais\/#breadcrumb","itemListElement":[{"@type":"ListItem","position":1,"name":"Home","item":"https:\/\/dtr.ma\/fr\/"},{"@type":"ListItem","position":2,"name":"Boutique","item":"https:\/\/dtr.ma\/fr\/boutique\/"},{"@type":"ListItem","position":3,"name":"Voix off &#8211; Fran\u00e7ais"}]},{"@type":"WebSite","@id":"https:\/\/dtr.ma\/fr\/#website","url":"https:\/\/dtr.ma\/fr\/","name":"DTR","description":"Smart Business Solutions","publisher":{"@id":"https:\/\/dtr.ma\/fr\/#organization"},"potentialAction":[{"@type":"SearchAction","target":{"@type":"EntryPoint","urlTemplate":"https:\/\/dtr.ma\/fr\/?s={search_term_string}"},"query-input":{"@type":"PropertyValueSpecification","valueRequired":true,"valueName":"search_term_string"}}],"inLanguage":"fr-FR"},{"@type":"Organization","@id":"https:\/\/dtr.ma\/fr\/#organization","name":"DTR","url":"https:\/\/dtr.ma\/fr\/","logo":{"@type":"ImageObject","inLanguage":"fr-FR","@id":"https:\/\/dtr.ma\/fr\/#\/schema\/logo\/image\/","url":"https:\/\/dtr.ma\/wp-content\/uploads\/2024\/11\/DTR-LOGO.svg","contentUrl":"https:\/\/dtr.ma\/wp-content\/uploads\/2024\/11\/DTR-LOGO.svg","width":1528,"height":697,"caption":"DTR"},"image":{"@id":"https:\/\/dtr.ma\/fr\/#\/schema\/logo\/image\/"}}]}},"jetpack_sharing_enabled":true,"_links":{"self":[{"href":"https:\/\/dtr.ma\/fr\/wp-json\/wp\/v2\/product\/3500","targetHints":{"allow":["GET"]}}],"collection":[{"href":"https:\/\/dtr.ma\/fr\/wp-json\/wp\/v2\/product"}],"about":[{"href":"https:\/\/dtr.ma\/fr\/wp-json\/wp\/v2\/types\/product"}],"version-history":[{"count":0,"href":"https:\/\/dtr.ma\/fr\/wp-json\/wp\/v2\/product\/3500\/revisions"}],"wp:featuredmedia":[{"embeddable":true,"href":"https:\/\/dtr.ma\/fr\/wp-json\/wp\/v2\/media\/2810"}],"wp:attachment":[{"href":"https:\/\/dtr.ma\/fr\/wp-json\/wp\/v2\/media?parent=3500"}],"wp:term":[{"taxonomy":"product_brand","embeddable":true,"href":"https:\/\/dtr.ma\/fr\/wp-json\/wp\/v2\/product_brand?post=3500"},{"taxonomy":"product_cat","embeddable":true,"href":"https:\/\/dtr.ma\/fr\/wp-json\/wp\/v2\/product_cat?post=3500"},{"taxonomy":"product_tag","embeddable":true,"href":"https:\/\/dtr.ma\/fr\/wp-json\/wp\/v2\/product_tag?post=3500"}],"curies":[{"name":"wp","href":"https:\/\/api.w.org\/{rel}","templated":true}]}}