{"id":3502,"date":"2025-01-14T23:40:22","date_gmt":"2025-01-14T23:40:22","guid":{"rendered":"https:\/\/dtr.ma\/product\/image-de-marque-dans-les-medias-sociaux\/"},"modified":"2025-01-14T23:40:22","modified_gmt":"2025-01-14T23:40:22","slug":"image-de-marque-dans-les-medias-sociaux","status":"publish","type":"product","link":"https:\/\/dtr.ma\/fr\/produit\/image-de-marque-dans-les-medias-sociaux\/","title":{"rendered":"Image de marque dans les m\u00e9dias sociaux"},"content":{"rendered":"<p>Dans le paysage num\u00e9rique actuel, une pr\u00e9sence convaincante et unifi\u00e9e sur les m\u00e9dias sociaux est plus importante que jamais. Notre service <strong>Social Media Branding<\/strong> propose une approche <strong>flexible<\/strong> et <strong>personnalisable<\/strong> pour vous aider \u00e0 vous d\u00e9marquer dans des flux surcharg\u00e9s. Nous nous concentrons sur des <strong>normes de haute qualit\u00e9<\/strong>, combinant des strat\u00e9gies bas\u00e9es sur la recherche avec un design cr\u00e9atif pour donner \u00e0 votre marque l&#8217;aspect coh\u00e9rent et soign\u00e9 qu&#8217;elle m\u00e9rite. De l&#8217;\u00e9laboration de mod\u00e8les de marque et de sch\u00e9mas de couleurs coh\u00e9rents \u00e0 la d\u00e9finition de la voix et du message de votre marque, nous travaillons en \u00e9troite collaboration avec vous pour d\u00e9velopper une identit\u00e9 authentique qui refl\u00e8te votre vision et se connecte \u00e0 votre public cible. Que vous r\u00e9noviez un profil existant ou que vous partiez de z\u00e9ro, notre service de bout en bout couvre tout ce dont vous avez besoin pour une empreinte remarquable sur les m\u00e9dias sociaux.  <\/p>\n<h4>Ce qui est inclus<\/h4>\n<ul>\n<li><strong>Conception du profil et de la couverture<\/strong><br \/>\nConceptions personnalis\u00e9es pour chaque canal social, garantissant la coh\u00e9rence et l&#8217;attrait visuel.<\/li>\n<li><strong>Mod\u00e8les de marque<\/strong><br \/>\nMod\u00e8les attrayants et faciles \u00e0 utiliser pour les messages, les histoires et autres contenus sociaux.<\/li>\n<li><strong>Voix de la marque et message<\/strong><br \/>\nLignes directrices pour maintenir un ton coh\u00e9rent qui trouve un \u00e9cho aupr\u00e8s de votre public.<\/li>\n<li><strong>Content Strategy &amp; Scheduling<\/strong> <em>(Optional Add-On)<\/em><br \/>\nPlanification compl\u00e8te et gestion du calendrier pour un contenu engageant qui stimule la croissance.<\/li>\n<\/ul>\n<h4>Pourquoi nous choisir ?<\/h4>\n<ul>\n<li><strong>Des choix flexibles :<\/strong> Adaptez l&#8217;apparence de vos m\u00e9dias sociaux \u00e0 vos objectifs et \u00e0 votre public.<\/li>\n<li><strong>Personnalisation :<\/strong> Travaillez avec notre \u00e9quipe pour adapter chaque \u00e9l\u00e9ment visuel et de message afin qu&#8217;il corresponde parfaitement \u00e0 la personnalit\u00e9 de votre marque.<\/li>\n<li><strong>Des normes de haute qualit\u00e9 :<\/strong> Comptez sur une conception professionnelle, une recherche approfondie et une attention m\u00e9ticuleuse aux d\u00e9tails pour un r\u00e9sultat final impeccable.<\/li>\n<\/ul>\n","protected":false},"excerpt":{"rendered":"<p>Am\u00e9liorez votre pr\u00e9sence en ligne gr\u00e2ce \u00e0 notre service Social Media Branding. Nous cr\u00e9ons une exp\u00e9rience de marque coh\u00e9rente et \u00e0 fort impact sur l&#8217;ensemble de vos canaux sociaux, afin que votre public reconnaisse instantan\u00e9ment votre marque et s&#8217;y identifie. <\/p>\n","protected":false},"featured_media":2767,"template":"","meta":{"_mo_disable_npp":"","om_disable_all_campaigns":false,"inline_featured_image":false,"_monsterinsights_skip_tracking":false,"_monsterinsights_sitenote_active":false,"_monsterinsights_sitenote_note":"","_monsterinsights_sitenote_category":0,"_uf_show_specific_survey":0,"_uf_disable_surveys":false},"product_brand":[],"product_cat":[99,106,103],"product_tag":[],"class_list":{"0":"post-3502","1":"product","2":"type-product","3":"status-publish","4":"has-post-thumbnail","6":"product_cat-services-fr","7":"product_cat-services-dimage-de-marque","8":"product_cat-taches","10":"first","11":"instock","12":"sold-individually","13":"shipping-taxable","14":"purchasable","15":"product-type-variable"},"yoast_head":"<!-- This site is optimized with the Yoast SEO Premium plugin v20.13 (Yoast SEO v25.9) - https:\/\/yoast.com\/wordpress\/plugins\/seo\/ -->\n<title>Image de marque dans les m\u00e9dias sociaux - DTR<\/title>\n<meta name=\"robots\" content=\"index, follow, max-snippet:-1, max-image-preview:large, max-video-preview:-1\" \/>\n<link rel=\"canonical\" href=\"https:\/\/dtr.ma\/fr\/produit\/image-de-marque-dans-les-medias-sociaux\/\" \/>\n<meta property=\"og:locale\" content=\"fr_FR\" \/>\n<meta property=\"og:type\" content=\"article\" \/>\n<meta property=\"og:title\" content=\"Image de marque dans les m\u00e9dias sociaux\" \/>\n<meta property=\"og:description\" content=\"Am\u00e9liorez votre pr\u00e9sence en ligne gr\u00e2ce \u00e0 notre service Social Media Branding. Nous cr\u00e9ons une exp\u00e9rience de marque coh\u00e9rente et \u00e0 fort impact sur l&#039;ensemble de vos canaux sociaux, afin que votre public reconnaisse instantan\u00e9ment votre marque et s&#039;y identifie.\" \/>\n<meta property=\"og:url\" content=\"https:\/\/dtr.ma\/fr\/produit\/image-de-marque-dans-les-medias-sociaux\/\" \/>\n<meta property=\"og:site_name\" content=\"DTR\" \/>\n<meta property=\"og:image\" content=\"https:\/\/i0.wp.com\/dtr.ma\/wp-content\/uploads\/2025\/01\/Temp-images5.jpg?fit=2048%2C1479&ssl=1\" \/>\n\t<meta property=\"og:image:width\" content=\"2048\" \/>\n\t<meta property=\"og:image:height\" content=\"1479\" \/>\n\t<meta property=\"og:image:type\" content=\"image\/jpeg\" \/>\n<meta name=\"twitter:card\" content=\"summary_large_image\" \/>\n<meta name=\"twitter:label1\" content=\"Dur\u00e9e de lecture estim\u00e9e\" \/>\n\t<meta name=\"twitter:data1\" content=\"2 minutes\" \/>\n<script type=\"application\/ld+json\" class=\"yoast-schema-graph\">{\"@context\":\"https:\/\/schema.org\",\"@graph\":[{\"@type\":\"WebPage\",\"@id\":\"https:\/\/dtr.ma\/fr\/produit\/image-de-marque-dans-les-medias-sociaux\/\",\"url\":\"https:\/\/dtr.ma\/fr\/produit\/image-de-marque-dans-les-medias-sociaux\/\",\"name\":\"Image de marque dans les m\u00e9dias sociaux - DTR\",\"isPartOf\":{\"@id\":\"https:\/\/dtr.ma\/fr\/#website\"},\"primaryImageOfPage\":{\"@id\":\"https:\/\/dtr.ma\/fr\/produit\/image-de-marque-dans-les-medias-sociaux\/#primaryimage\"},\"image\":{\"@id\":\"https:\/\/dtr.ma\/fr\/produit\/image-de-marque-dans-les-medias-sociaux\/#primaryimage\"},\"thumbnailUrl\":\"https:\/\/i0.wp.com\/dtr.ma\/wp-content\/uploads\/2022\/12\/Icones13-13.jpg?fit=1669%2C1123&ssl=1\",\"datePublished\":\"2025-01-14T23:40:22+00:00\",\"breadcrumb\":{\"@id\":\"https:\/\/dtr.ma\/fr\/produit\/image-de-marque-dans-les-medias-sociaux\/#breadcrumb\"},\"inLanguage\":\"fr-FR\",\"potentialAction\":[{\"@type\":\"ReadAction\",\"target\":[\"https:\/\/dtr.ma\/fr\/produit\/image-de-marque-dans-les-medias-sociaux\/\"]}]},{\"@type\":\"ImageObject\",\"inLanguage\":\"fr-FR\",\"@id\":\"https:\/\/dtr.ma\/fr\/produit\/image-de-marque-dans-les-medias-sociaux\/#primaryimage\",\"url\":\"https:\/\/i0.wp.com\/dtr.ma\/wp-content\/uploads\/2022\/12\/Icones13-13.jpg?fit=1669%2C1123&ssl=1\",\"contentUrl\":\"https:\/\/i0.wp.com\/dtr.ma\/wp-content\/uploads\/2022\/12\/Icones13-13.jpg?fit=1669%2C1123&ssl=1\",\"width\":1669,\"height\":1123},{\"@type\":\"BreadcrumbList\",\"@id\":\"https:\/\/dtr.ma\/fr\/produit\/image-de-marque-dans-les-medias-sociaux\/#breadcrumb\",\"itemListElement\":[{\"@type\":\"ListItem\",\"position\":1,\"name\":\"Home\",\"item\":\"https:\/\/dtr.ma\/fr\/\"},{\"@type\":\"ListItem\",\"position\":2,\"name\":\"Boutique\",\"item\":\"https:\/\/dtr.ma\/fr\/boutique\/\"},{\"@type\":\"ListItem\",\"position\":3,\"name\":\"Image de marque dans les m\u00e9dias sociaux\"}]},{\"@type\":\"WebSite\",\"@id\":\"https:\/\/dtr.ma\/fr\/#website\",\"url\":\"https:\/\/dtr.ma\/fr\/\",\"name\":\"DTR\",\"description\":\"Smart Business Solutions\",\"publisher\":{\"@id\":\"https:\/\/dtr.ma\/fr\/#organization\"},\"potentialAction\":[{\"@type\":\"SearchAction\",\"target\":{\"@type\":\"EntryPoint\",\"urlTemplate\":\"https:\/\/dtr.ma\/fr\/?s={search_term_string}\"},\"query-input\":{\"@type\":\"PropertyValueSpecification\",\"valueRequired\":true,\"valueName\":\"search_term_string\"}}],\"inLanguage\":\"fr-FR\"},{\"@type\":\"Organization\",\"@id\":\"https:\/\/dtr.ma\/fr\/#organization\",\"name\":\"DTR\",\"url\":\"https:\/\/dtr.ma\/fr\/\",\"logo\":{\"@type\":\"ImageObject\",\"inLanguage\":\"fr-FR\",\"@id\":\"https:\/\/dtr.ma\/fr\/#\/schema\/logo\/image\/\",\"url\":\"https:\/\/dtr.ma\/wp-content\/uploads\/2024\/11\/DTR-LOGO.svg\",\"contentUrl\":\"https:\/\/dtr.ma\/wp-content\/uploads\/2024\/11\/DTR-LOGO.svg\",\"width\":1528,\"height\":697,\"caption\":\"DTR\"},\"image\":{\"@id\":\"https:\/\/dtr.ma\/fr\/#\/schema\/logo\/image\/\"}}]}<\/script>\n<!-- \/ Yoast SEO Premium plugin. -->","yoast_head_json":{"title":"Image de marque dans les m\u00e9dias sociaux - DTR","robots":{"index":"index","follow":"follow","max-snippet":"max-snippet:-1","max-image-preview":"max-image-preview:large","max-video-preview":"max-video-preview:-1"},"canonical":"https:\/\/dtr.ma\/fr\/produit\/image-de-marque-dans-les-medias-sociaux\/","og_locale":"fr_FR","og_type":"article","og_title":"Image de marque dans les m\u00e9dias sociaux","og_description":"Am\u00e9liorez votre pr\u00e9sence en ligne gr\u00e2ce \u00e0 notre service Social Media Branding. Nous cr\u00e9ons une exp\u00e9rience de marque coh\u00e9rente et \u00e0 fort impact sur l'ensemble de vos canaux sociaux, afin que votre public reconnaisse instantan\u00e9ment votre marque et s'y identifie.","og_url":"https:\/\/dtr.ma\/fr\/produit\/image-de-marque-dans-les-medias-sociaux\/","og_site_name":"DTR","og_image":[{"width":2048,"height":1479,"url":"https:\/\/i0.wp.com\/dtr.ma\/wp-content\/uploads\/2025\/01\/Temp-images5.jpg?fit=2048%2C1479&ssl=1","type":"image\/jpeg"}],"twitter_card":"summary_large_image","twitter_misc":{"Dur\u00e9e de lecture estim\u00e9e":"2 minutes"},"schema":{"@context":"https:\/\/schema.org","@graph":[{"@type":"WebPage","@id":"https:\/\/dtr.ma\/fr\/produit\/image-de-marque-dans-les-medias-sociaux\/","url":"https:\/\/dtr.ma\/fr\/produit\/image-de-marque-dans-les-medias-sociaux\/","name":"Image de marque dans les m\u00e9dias sociaux - DTR","isPartOf":{"@id":"https:\/\/dtr.ma\/fr\/#website"},"primaryImageOfPage":{"@id":"https:\/\/dtr.ma\/fr\/produit\/image-de-marque-dans-les-medias-sociaux\/#primaryimage"},"image":{"@id":"https:\/\/dtr.ma\/fr\/produit\/image-de-marque-dans-les-medias-sociaux\/#primaryimage"},"thumbnailUrl":"https:\/\/i0.wp.com\/dtr.ma\/wp-content\/uploads\/2022\/12\/Icones13-13.jpg?fit=1669%2C1123&ssl=1","datePublished":"2025-01-14T23:40:22+00:00","breadcrumb":{"@id":"https:\/\/dtr.ma\/fr\/produit\/image-de-marque-dans-les-medias-sociaux\/#breadcrumb"},"inLanguage":"fr-FR","potentialAction":[{"@type":"ReadAction","target":["https:\/\/dtr.ma\/fr\/produit\/image-de-marque-dans-les-medias-sociaux\/"]}]},{"@type":"ImageObject","inLanguage":"fr-FR","@id":"https:\/\/dtr.ma\/fr\/produit\/image-de-marque-dans-les-medias-sociaux\/#primaryimage","url":"https:\/\/i0.wp.com\/dtr.ma\/wp-content\/uploads\/2022\/12\/Icones13-13.jpg?fit=1669%2C1123&ssl=1","contentUrl":"https:\/\/i0.wp.com\/dtr.ma\/wp-content\/uploads\/2022\/12\/Icones13-13.jpg?fit=1669%2C1123&ssl=1","width":1669,"height":1123},{"@type":"BreadcrumbList","@id":"https:\/\/dtr.ma\/fr\/produit\/image-de-marque-dans-les-medias-sociaux\/#breadcrumb","itemListElement":[{"@type":"ListItem","position":1,"name":"Home","item":"https:\/\/dtr.ma\/fr\/"},{"@type":"ListItem","position":2,"name":"Boutique","item":"https:\/\/dtr.ma\/fr\/boutique\/"},{"@type":"ListItem","position":3,"name":"Image de marque dans les m\u00e9dias sociaux"}]},{"@type":"WebSite","@id":"https:\/\/dtr.ma\/fr\/#website","url":"https:\/\/dtr.ma\/fr\/","name":"DTR","description":"Smart Business Solutions","publisher":{"@id":"https:\/\/dtr.ma\/fr\/#organization"},"potentialAction":[{"@type":"SearchAction","target":{"@type":"EntryPoint","urlTemplate":"https:\/\/dtr.ma\/fr\/?s={search_term_string}"},"query-input":{"@type":"PropertyValueSpecification","valueRequired":true,"valueName":"search_term_string"}}],"inLanguage":"fr-FR"},{"@type":"Organization","@id":"https:\/\/dtr.ma\/fr\/#organization","name":"DTR","url":"https:\/\/dtr.ma\/fr\/","logo":{"@type":"ImageObject","inLanguage":"fr-FR","@id":"https:\/\/dtr.ma\/fr\/#\/schema\/logo\/image\/","url":"https:\/\/dtr.ma\/wp-content\/uploads\/2024\/11\/DTR-LOGO.svg","contentUrl":"https:\/\/dtr.ma\/wp-content\/uploads\/2024\/11\/DTR-LOGO.svg","width":1528,"height":697,"caption":"DTR"},"image":{"@id":"https:\/\/dtr.ma\/fr\/#\/schema\/logo\/image\/"}}]}},"jetpack_sharing_enabled":true,"_links":{"self":[{"href":"https:\/\/dtr.ma\/fr\/wp-json\/wp\/v2\/product\/3502","targetHints":{"allow":["GET"]}}],"collection":[{"href":"https:\/\/dtr.ma\/fr\/wp-json\/wp\/v2\/product"}],"about":[{"href":"https:\/\/dtr.ma\/fr\/wp-json\/wp\/v2\/types\/product"}],"version-history":[{"count":0,"href":"https:\/\/dtr.ma\/fr\/wp-json\/wp\/v2\/product\/3502\/revisions"}],"wp:featuredmedia":[{"embeddable":true,"href":"https:\/\/dtr.ma\/fr\/wp-json\/wp\/v2\/media\/2767"}],"wp:attachment":[{"href":"https:\/\/dtr.ma\/fr\/wp-json\/wp\/v2\/media?parent=3502"}],"wp:term":[{"taxonomy":"product_brand","embeddable":true,"href":"https:\/\/dtr.ma\/fr\/wp-json\/wp\/v2\/product_brand?post=3502"},{"taxonomy":"product_cat","embeddable":true,"href":"https:\/\/dtr.ma\/fr\/wp-json\/wp\/v2\/product_cat?post=3502"},{"taxonomy":"product_tag","embeddable":true,"href":"https:\/\/dtr.ma\/fr\/wp-json\/wp\/v2\/product_tag?post=3502"}],"curies":[{"name":"wp","href":"https:\/\/api.w.org\/{rel}","templated":true}]}}