{"id":3508,"date":"2025-01-14T23:42:59","date_gmt":"2025-01-14T23:42:59","guid":{"rendered":"https:\/\/dtr.ma\/product\/audit-de-la-marque\/"},"modified":"2025-01-14T23:42:59","modified_gmt":"2025-01-14T23:42:59","slug":"audit-de-la-marque","status":"publish","type":"product","link":"https:\/\/dtr.ma\/fr\/produit\/audit-de-la-marque\/","title":{"rendered":"Audit de la marque"},"content":{"rendered":"<p>Vous ne savez pas si votre marque touche votre public cible ou si elle se d\u00e9marque de ses concurrents ? Notre service d&#8217;<strong>audit de la marque<\/strong> est l\u00e0 pour vous aider. Nous proc\u00e9dons \u00e0 un examen approfondi de votre image de marque actuelle, couvrant l&#8217;identit\u00e9 visuelle, la messagerie, la pr\u00e9sence en ligne et la perception des clients. En collectant et en analysant les donn\u00e9es, nous fournissons des <strong>informations exploitables<\/strong> pour vous aider \u00e0 affiner votre strat\u00e9gie, \u00e0 am\u00e9liorer l&#8217;impact de votre marque et \u00e0 g\u00e9n\u00e9rer une croissance constante. Nous sommes fiers de notre <strong>flexibilit\u00e9<\/strong> et de notre <strong>personnalisation<\/strong>, en adaptant l&#8217;audit \u00e0 votre mod\u00e8le d&#8217;entreprise et \u00e0 votre secteur d&#8217;activit\u00e9. En nous appuyant sur des <strong>normes de haute qualit\u00e9<\/strong> et des m\u00e9thodes d&#8217;\u00e9valuation \u00e9prouv\u00e9es, nous mettons en \u00e9vidence les domaines d&#8217;am\u00e9lioration imm\u00e9diats et les strat\u00e9gies \u00e0 long terme qui vous permettront de conserver votre avance sur un march\u00e9 concurrentiel.   <\/p>\n<p><strong>Ce qui est inclus<\/strong><\/p>\n<ul>\n<li><strong>\u00c9valuation de l&#8217;identit\u00e9 visuelle<\/strong><br \/>\n\u00c9valuer le logo, la palette de couleurs, la typographie et la coh\u00e9rence globale de la marque.<\/li>\n<li><strong>R\u00e9vision du message et du positionnement<\/strong><br \/>\nAnalysez la voix de votre marque, votre proposition de valeur et la fa\u00e7on dont ils r\u00e9sonnent aupr\u00e8s des clients.<\/li>\n<li><strong>Analyse comparative de la concurrence<\/strong><br \/>\nComparez la pr\u00e9sence de votre marque aux leaders du secteur et \u00e0 vos concurrents directs.<\/li>\n<li><strong>Plan d&#8217;am\u00e9lioration r\u00e9alisable<\/strong><br \/>\nRecommandations d\u00e9taill\u00e9es et \u00e9tapes suivantes adapt\u00e9es \u00e0 vos objectifs uniques.<\/li>\n<\/ul>\n<p><strong>Pourquoi nous choisir ?<\/strong><\/p>\n<ul>\n<li><strong>Une approche flexible :<\/strong> Notre processus d&#8217;audit s&#8217;adapte aux marques de toutes tailles et de tous march\u00e9s.<\/li>\n<li><strong>Personnalisation :<\/strong> Nous nous concentrons sur le contexte, les d\u00e9fis et les forces sp\u00e9cifiques de votre marque.<\/li>\n<li><strong>Des normes de haute qualit\u00e9 :<\/strong> Notre \u00e9quipe d&#8217;experts utilise des analyses de donn\u00e9es fiables et les meilleurs outils.<\/li>\n<\/ul>\n","protected":false},"excerpt":{"rendered":"<p>Plongez dans les performances actuelles de votre marque. Notre audit approfondi de la marque met en \u00e9vidence les forces, les faiblesses et les opportunit\u00e9s de croissance afin de vous guider en toute confiance vers les prochaines \u00e9tapes. <\/p>\n","protected":false},"featured_media":2798,"template":"","meta":{"_mo_disable_npp":"","om_disable_all_campaigns":false,"inline_featured_image":false,"_monsterinsights_skip_tracking":false,"_monsterinsights_sitenote_active":false,"_monsterinsights_sitenote_note":"","_monsterinsights_sitenote_category":0,"_uf_show_specific_survey":0,"_uf_disable_surveys":false},"product_brand":[],"product_cat":[99,106],"product_tag":[],"class_list":{"0":"post-3508","1":"product","2":"type-product","3":"status-publish","4":"has-post-thumbnail","6":"product_cat-services-fr","7":"product_cat-services-dimage-de-marque","9":"first","10":"instock","11":"sold-individually","12":"shipping-taxable","13":"purchasable","14":"product-type-simple"},"yoast_head":"<!-- This site is optimized with the Yoast SEO Premium plugin v20.13 (Yoast SEO v25.9) - https:\/\/yoast.com\/wordpress\/plugins\/seo\/ -->\n<title>Audit de la marque - DTR<\/title>\n<meta name=\"robots\" content=\"index, follow, max-snippet:-1, max-image-preview:large, max-video-preview:-1\" \/>\n<link rel=\"canonical\" href=\"https:\/\/dtr.ma\/fr\/produit\/audit-de-la-marque\/\" \/>\n<meta property=\"og:locale\" content=\"fr_FR\" \/>\n<meta property=\"og:type\" content=\"article\" \/>\n<meta property=\"og:title\" content=\"Audit de la marque\" \/>\n<meta property=\"og:description\" content=\"Plongez dans les performances actuelles de votre marque. Notre audit approfondi de la marque met en \u00e9vidence les forces, les faiblesses et les opportunit\u00e9s de croissance afin de vous guider en toute confiance vers les prochaines \u00e9tapes.\" \/>\n<meta property=\"og:url\" content=\"https:\/\/dtr.ma\/fr\/produit\/audit-de-la-marque\/\" \/>\n<meta property=\"og:site_name\" content=\"DTR\" \/>\n<meta property=\"og:image\" content=\"https:\/\/i0.wp.com\/dtr.ma\/wp-content\/uploads\/2025\/01\/Temp-images5.jpg?fit=2048%2C1479&ssl=1\" \/>\n\t<meta property=\"og:image:width\" content=\"2048\" \/>\n\t<meta property=\"og:image:height\" content=\"1479\" \/>\n\t<meta property=\"og:image:type\" content=\"image\/jpeg\" \/>\n<meta name=\"twitter:card\" content=\"summary_large_image\" \/>\n<meta name=\"twitter:label1\" content=\"Dur\u00e9e de lecture estim\u00e9e\" \/>\n\t<meta name=\"twitter:data1\" content=\"2 minutes\" \/>\n<script type=\"application\/ld+json\" class=\"yoast-schema-graph\">{\"@context\":\"https:\/\/schema.org\",\"@graph\":[{\"@type\":\"WebPage\",\"@id\":\"https:\/\/dtr.ma\/fr\/produit\/audit-de-la-marque\/\",\"url\":\"https:\/\/dtr.ma\/fr\/produit\/audit-de-la-marque\/\",\"name\":\"Audit de la marque - DTR\",\"isPartOf\":{\"@id\":\"https:\/\/dtr.ma\/fr\/#website\"},\"primaryImageOfPage\":{\"@id\":\"https:\/\/dtr.ma\/fr\/produit\/audit-de-la-marque\/#primaryimage\"},\"image\":{\"@id\":\"https:\/\/dtr.ma\/fr\/produit\/audit-de-la-marque\/#primaryimage\"},\"thumbnailUrl\":\"https:\/\/i0.wp.com\/dtr.ma\/wp-content\/uploads\/2022\/12\/DTR-SERVICES-ICONES-WEBSITE-ECOMMERCE-14.jpg?fit=1669%2C1123&ssl=1\",\"datePublished\":\"2025-01-14T23:42:59+00:00\",\"breadcrumb\":{\"@id\":\"https:\/\/dtr.ma\/fr\/produit\/audit-de-la-marque\/#breadcrumb\"},\"inLanguage\":\"fr-FR\",\"potentialAction\":[{\"@type\":\"ReadAction\",\"target\":[\"https:\/\/dtr.ma\/fr\/produit\/audit-de-la-marque\/\"]}]},{\"@type\":\"ImageObject\",\"inLanguage\":\"fr-FR\",\"@id\":\"https:\/\/dtr.ma\/fr\/produit\/audit-de-la-marque\/#primaryimage\",\"url\":\"https:\/\/i0.wp.com\/dtr.ma\/wp-content\/uploads\/2022\/12\/DTR-SERVICES-ICONES-WEBSITE-ECOMMERCE-14.jpg?fit=1669%2C1123&ssl=1\",\"contentUrl\":\"https:\/\/i0.wp.com\/dtr.ma\/wp-content\/uploads\/2022\/12\/DTR-SERVICES-ICONES-WEBSITE-ECOMMERCE-14.jpg?fit=1669%2C1123&ssl=1\",\"width\":1669,\"height\":1123},{\"@type\":\"BreadcrumbList\",\"@id\":\"https:\/\/dtr.ma\/fr\/produit\/audit-de-la-marque\/#breadcrumb\",\"itemListElement\":[{\"@type\":\"ListItem\",\"position\":1,\"name\":\"Home\",\"item\":\"https:\/\/dtr.ma\/fr\/\"},{\"@type\":\"ListItem\",\"position\":2,\"name\":\"Boutique\",\"item\":\"https:\/\/dtr.ma\/fr\/boutique\/\"},{\"@type\":\"ListItem\",\"position\":3,\"name\":\"Audit de la marque\"}]},{\"@type\":\"WebSite\",\"@id\":\"https:\/\/dtr.ma\/fr\/#website\",\"url\":\"https:\/\/dtr.ma\/fr\/\",\"name\":\"DTR\",\"description\":\"Smart Business Solutions\",\"publisher\":{\"@id\":\"https:\/\/dtr.ma\/fr\/#organization\"},\"potentialAction\":[{\"@type\":\"SearchAction\",\"target\":{\"@type\":\"EntryPoint\",\"urlTemplate\":\"https:\/\/dtr.ma\/fr\/?s={search_term_string}\"},\"query-input\":{\"@type\":\"PropertyValueSpecification\",\"valueRequired\":true,\"valueName\":\"search_term_string\"}}],\"inLanguage\":\"fr-FR\"},{\"@type\":\"Organization\",\"@id\":\"https:\/\/dtr.ma\/fr\/#organization\",\"name\":\"DTR\",\"url\":\"https:\/\/dtr.ma\/fr\/\",\"logo\":{\"@type\":\"ImageObject\",\"inLanguage\":\"fr-FR\",\"@id\":\"https:\/\/dtr.ma\/fr\/#\/schema\/logo\/image\/\",\"url\":\"https:\/\/dtr.ma\/wp-content\/uploads\/2024\/11\/DTR-LOGO.svg\",\"contentUrl\":\"https:\/\/dtr.ma\/wp-content\/uploads\/2024\/11\/DTR-LOGO.svg\",\"width\":1528,\"height\":697,\"caption\":\"DTR\"},\"image\":{\"@id\":\"https:\/\/dtr.ma\/fr\/#\/schema\/logo\/image\/\"}}]}<\/script>\n<!-- \/ Yoast SEO Premium plugin. -->","yoast_head_json":{"title":"Audit de la marque - DTR","robots":{"index":"index","follow":"follow","max-snippet":"max-snippet:-1","max-image-preview":"max-image-preview:large","max-video-preview":"max-video-preview:-1"},"canonical":"https:\/\/dtr.ma\/fr\/produit\/audit-de-la-marque\/","og_locale":"fr_FR","og_type":"article","og_title":"Audit de la marque","og_description":"Plongez dans les performances actuelles de votre marque. Notre audit approfondi de la marque met en \u00e9vidence les forces, les faiblesses et les opportunit\u00e9s de croissance afin de vous guider en toute confiance vers les prochaines \u00e9tapes.","og_url":"https:\/\/dtr.ma\/fr\/produit\/audit-de-la-marque\/","og_site_name":"DTR","og_image":[{"width":2048,"height":1479,"url":"https:\/\/i0.wp.com\/dtr.ma\/wp-content\/uploads\/2025\/01\/Temp-images5.jpg?fit=2048%2C1479&ssl=1","type":"image\/jpeg"}],"twitter_card":"summary_large_image","twitter_misc":{"Dur\u00e9e de lecture estim\u00e9e":"2 minutes"},"schema":{"@context":"https:\/\/schema.org","@graph":[{"@type":"WebPage","@id":"https:\/\/dtr.ma\/fr\/produit\/audit-de-la-marque\/","url":"https:\/\/dtr.ma\/fr\/produit\/audit-de-la-marque\/","name":"Audit de la marque - DTR","isPartOf":{"@id":"https:\/\/dtr.ma\/fr\/#website"},"primaryImageOfPage":{"@id":"https:\/\/dtr.ma\/fr\/produit\/audit-de-la-marque\/#primaryimage"},"image":{"@id":"https:\/\/dtr.ma\/fr\/produit\/audit-de-la-marque\/#primaryimage"},"thumbnailUrl":"https:\/\/i0.wp.com\/dtr.ma\/wp-content\/uploads\/2022\/12\/DTR-SERVICES-ICONES-WEBSITE-ECOMMERCE-14.jpg?fit=1669%2C1123&ssl=1","datePublished":"2025-01-14T23:42:59+00:00","breadcrumb":{"@id":"https:\/\/dtr.ma\/fr\/produit\/audit-de-la-marque\/#breadcrumb"},"inLanguage":"fr-FR","potentialAction":[{"@type":"ReadAction","target":["https:\/\/dtr.ma\/fr\/produit\/audit-de-la-marque\/"]}]},{"@type":"ImageObject","inLanguage":"fr-FR","@id":"https:\/\/dtr.ma\/fr\/produit\/audit-de-la-marque\/#primaryimage","url":"https:\/\/i0.wp.com\/dtr.ma\/wp-content\/uploads\/2022\/12\/DTR-SERVICES-ICONES-WEBSITE-ECOMMERCE-14.jpg?fit=1669%2C1123&ssl=1","contentUrl":"https:\/\/i0.wp.com\/dtr.ma\/wp-content\/uploads\/2022\/12\/DTR-SERVICES-ICONES-WEBSITE-ECOMMERCE-14.jpg?fit=1669%2C1123&ssl=1","width":1669,"height":1123},{"@type":"BreadcrumbList","@id":"https:\/\/dtr.ma\/fr\/produit\/audit-de-la-marque\/#breadcrumb","itemListElement":[{"@type":"ListItem","position":1,"name":"Home","item":"https:\/\/dtr.ma\/fr\/"},{"@type":"ListItem","position":2,"name":"Boutique","item":"https:\/\/dtr.ma\/fr\/boutique\/"},{"@type":"ListItem","position":3,"name":"Audit de la marque"}]},{"@type":"WebSite","@id":"https:\/\/dtr.ma\/fr\/#website","url":"https:\/\/dtr.ma\/fr\/","name":"DTR","description":"Smart Business Solutions","publisher":{"@id":"https:\/\/dtr.ma\/fr\/#organization"},"potentialAction":[{"@type":"SearchAction","target":{"@type":"EntryPoint","urlTemplate":"https:\/\/dtr.ma\/fr\/?s={search_term_string}"},"query-input":{"@type":"PropertyValueSpecification","valueRequired":true,"valueName":"search_term_string"}}],"inLanguage":"fr-FR"},{"@type":"Organization","@id":"https:\/\/dtr.ma\/fr\/#organization","name":"DTR","url":"https:\/\/dtr.ma\/fr\/","logo":{"@type":"ImageObject","inLanguage":"fr-FR","@id":"https:\/\/dtr.ma\/fr\/#\/schema\/logo\/image\/","url":"https:\/\/dtr.ma\/wp-content\/uploads\/2024\/11\/DTR-LOGO.svg","contentUrl":"https:\/\/dtr.ma\/wp-content\/uploads\/2024\/11\/DTR-LOGO.svg","width":1528,"height":697,"caption":"DTR"},"image":{"@id":"https:\/\/dtr.ma\/fr\/#\/schema\/logo\/image\/"}}]}},"jetpack_sharing_enabled":true,"_links":{"self":[{"href":"https:\/\/dtr.ma\/fr\/wp-json\/wp\/v2\/product\/3508","targetHints":{"allow":["GET"]}}],"collection":[{"href":"https:\/\/dtr.ma\/fr\/wp-json\/wp\/v2\/product"}],"about":[{"href":"https:\/\/dtr.ma\/fr\/wp-json\/wp\/v2\/types\/product"}],"version-history":[{"count":0,"href":"https:\/\/dtr.ma\/fr\/wp-json\/wp\/v2\/product\/3508\/revisions"}],"wp:featuredmedia":[{"embeddable":true,"href":"https:\/\/dtr.ma\/fr\/wp-json\/wp\/v2\/media\/2798"}],"wp:attachment":[{"href":"https:\/\/dtr.ma\/fr\/wp-json\/wp\/v2\/media?parent=3508"}],"wp:term":[{"taxonomy":"product_brand","embeddable":true,"href":"https:\/\/dtr.ma\/fr\/wp-json\/wp\/v2\/product_brand?post=3508"},{"taxonomy":"product_cat","embeddable":true,"href":"https:\/\/dtr.ma\/fr\/wp-json\/wp\/v2\/product_cat?post=3508"},{"taxonomy":"product_tag","embeddable":true,"href":"https:\/\/dtr.ma\/fr\/wp-json\/wp\/v2\/product_tag?post=3508"}],"curies":[{"name":"wp","href":"https:\/\/api.w.org\/{rel}","templated":true}]}}