{"id":3509,"date":"2025-01-14T23:43:51","date_gmt":"2025-01-14T23:43:51","guid":{"rendered":"https:\/\/dtr.ma\/product\/services-de-rebranding\/"},"modified":"2025-01-14T23:43:51","modified_gmt":"2025-01-14T23:43:51","slug":"services-de-rebranding","status":"publish","type":"product","link":"https:\/\/dtr.ma\/fr\/produit\/services-de-rebranding\/","title":{"rendered":"Services de rebranding"},"content":{"rendered":"<p>Les march\u00e9s \u00e9voluent et les entreprises se d\u00e9veloppent, et votre marque doit suivre le mouvement. Nos <strong>services de rebranding<\/strong> offrent un processus <strong>flexible<\/strong> et <strong>personnalisable<\/strong>, guid\u00e9 par des <strong>normes de haute qualit\u00e9<\/strong> afin de garantir que votre identit\u00e9 rafra\u00eechie trouve un \u00e9cho aupr\u00e8s de votre public actuel et futur. Nous collaborerons avec vous pour affiner les \u00e9l\u00e9ments essentiels &#8211; du logo et des palettes de couleurs au message de la marque et au positionnement sur le march\u00e9 &#8211; afin de cr\u00e9er une marque dynamique pr\u00eate \u00e0 se d\u00e9marquer. Notre approche commence par un audit de la marque pour comprendre votre positionnement actuel, suivi d&#8217;une refonte strat\u00e9gique et d&#8217;un d\u00e9ploiement. Nous veillons \u00e0 ce que tous les aspects de votre rebranding soient parfaitement int\u00e9gr\u00e9s, cr\u00e9ant ainsi une identit\u00e9 coh\u00e9rente qui raconte votre histoire et qui a un impact mesurable sur le march\u00e9.  <\/p>\n<p><strong>Ce qui est inclus<\/strong><\/p>\n<ul>\n<li><strong>Audit et analyse de la marque<\/strong><br \/>\n\u00c9valuer les actifs existants, le positionnement sur le march\u00e9 et la perception du public afin d&#8217;identifier les lacunes et les opportunit\u00e9s.<\/li>\n<li><strong>Refonte du logo et des visuels<\/strong><br \/>\nActualisez ou recr\u00e9ez les visuels de la marque pour un nouveau look saisissant.<\/li>\n<li><strong>Messagerie et narration<\/strong><br \/>\nR\u00e9digez des messages frais et pertinents qui \u00e9tablissent un lien plus profond avec les clients.<\/li>\n<li><strong>Mise en \u0153uvre et d\u00e9ploiement<\/strong><br \/>\nAssistance au lancement de votre nouvelle marque sur tous les canaux, du num\u00e9rique \u00e0 l&#8217;imprim\u00e9.<\/li>\n<\/ul>\n<p><strong>Pourquoi nous choisir ?<\/strong><\/p>\n<ul>\n<li><strong>Des choix flexibles :<\/strong> Optez pour un l\u00e9ger rafra\u00eechissement de la marque ou pour une refonte compl\u00e8te.<\/li>\n<li><strong>Personnalisation :<\/strong> Chaque d\u00e9tail est adapt\u00e9 \u00e0 vos nouveaux objectifs, \u00e0 votre public et aux tendances du secteur.<\/li>\n<li><strong>Des normes de haute qualit\u00e9 :<\/strong> Nous utilisons une conception et une strat\u00e9gie de premier ordre pour garantir que la relance de votre marque brille de mille feux.<\/li>\n<\/ul>\n","protected":false},"excerpt":{"rendered":"<p>Revitalisez votre entreprise gr\u00e2ce \u00e0 nos services de rebranding. Que vous ayez besoin d&#8217;un l\u00e9ger rafra\u00eechissement ou d&#8217;une refonte totale, nous alignerons votre identit\u00e9 sur les nouveaux objectifs, les nouveaux publics et les nouvelles tendances du march\u00e9. <\/p>\n","protected":false},"featured_media":2771,"template":"","meta":{"_mo_disable_npp":"","om_disable_all_campaigns":false,"inline_featured_image":false,"_monsterinsights_skip_tracking":false,"_monsterinsights_sitenote_active":false,"_monsterinsights_sitenote_note":"","_monsterinsights_sitenote_category":0,"_uf_show_specific_survey":0,"_uf_disable_surveys":false},"product_brand":[],"product_cat":[99,106],"product_tag":[],"class_list":{"0":"post-3509","1":"product","2":"type-product","3":"status-publish","4":"has-post-thumbnail","6":"product_cat-services-fr","7":"product_cat-services-dimage-de-marque","9":"first","10":"instock","11":"sold-individually","12":"shipping-taxable","13":"purchasable","14":"product-type-simple"},"yoast_head":"<!-- This site is optimized with the Yoast SEO Premium plugin v20.13 (Yoast SEO v25.9) - https:\/\/yoast.com\/wordpress\/plugins\/seo\/ -->\n<title>Services de rebranding - DTR<\/title>\n<meta name=\"robots\" content=\"index, follow, max-snippet:-1, max-image-preview:large, max-video-preview:-1\" \/>\n<link rel=\"canonical\" href=\"https:\/\/dtr.ma\/fr\/produit\/services-de-rebranding\/\" \/>\n<meta property=\"og:locale\" content=\"fr_FR\" \/>\n<meta property=\"og:type\" content=\"article\" \/>\n<meta property=\"og:title\" content=\"Services de rebranding\" \/>\n<meta property=\"og:description\" content=\"Revitalisez votre entreprise gr\u00e2ce \u00e0 nos services de rebranding. Que vous ayez besoin d&#039;un l\u00e9ger rafra\u00eechissement ou d&#039;une refonte totale, nous alignerons votre identit\u00e9 sur les nouveaux objectifs, les nouveaux publics et les nouvelles tendances du march\u00e9.\" \/>\n<meta property=\"og:url\" content=\"https:\/\/dtr.ma\/fr\/produit\/services-de-rebranding\/\" \/>\n<meta property=\"og:site_name\" content=\"DTR\" \/>\n<meta property=\"og:image\" content=\"https:\/\/i0.wp.com\/dtr.ma\/wp-content\/uploads\/2025\/01\/Temp-images1-scaled.jpg?fit=2560%2C1854&ssl=1\" \/>\n\t<meta property=\"og:image:width\" content=\"2560\" \/>\n\t<meta property=\"og:image:height\" content=\"1854\" \/>\n\t<meta property=\"og:image:type\" content=\"image\/jpeg\" \/>\n<meta name=\"twitter:card\" content=\"summary_large_image\" \/>\n<meta name=\"twitter:label1\" content=\"Dur\u00e9e de lecture estim\u00e9e\" \/>\n\t<meta name=\"twitter:data1\" content=\"2 minutes\" \/>\n<script type=\"application\/ld+json\" class=\"yoast-schema-graph\">{\"@context\":\"https:\/\/schema.org\",\"@graph\":[{\"@type\":\"WebPage\",\"@id\":\"https:\/\/dtr.ma\/fr\/produit\/services-de-rebranding\/\",\"url\":\"https:\/\/dtr.ma\/fr\/produit\/services-de-rebranding\/\",\"name\":\"Services de rebranding - DTR\",\"isPartOf\":{\"@id\":\"https:\/\/dtr.ma\/fr\/#website\"},\"primaryImageOfPage\":{\"@id\":\"https:\/\/dtr.ma\/fr\/produit\/services-de-rebranding\/#primaryimage\"},\"image\":{\"@id\":\"https:\/\/dtr.ma\/fr\/produit\/services-de-rebranding\/#primaryimage\"},\"thumbnailUrl\":\"https:\/\/i0.wp.com\/dtr.ma\/wp-content\/uploads\/2022\/12\/flat-17.jpg?fit=1669%2C1123&ssl=1\",\"datePublished\":\"2025-01-14T23:43:51+00:00\",\"breadcrumb\":{\"@id\":\"https:\/\/dtr.ma\/fr\/produit\/services-de-rebranding\/#breadcrumb\"},\"inLanguage\":\"fr-FR\",\"potentialAction\":[{\"@type\":\"ReadAction\",\"target\":[\"https:\/\/dtr.ma\/fr\/produit\/services-de-rebranding\/\"]}]},{\"@type\":\"ImageObject\",\"inLanguage\":\"fr-FR\",\"@id\":\"https:\/\/dtr.ma\/fr\/produit\/services-de-rebranding\/#primaryimage\",\"url\":\"https:\/\/i0.wp.com\/dtr.ma\/wp-content\/uploads\/2022\/12\/flat-17.jpg?fit=1669%2C1123&ssl=1\",\"contentUrl\":\"https:\/\/i0.wp.com\/dtr.ma\/wp-content\/uploads\/2022\/12\/flat-17.jpg?fit=1669%2C1123&ssl=1\",\"width\":1669,\"height\":1123},{\"@type\":\"BreadcrumbList\",\"@id\":\"https:\/\/dtr.ma\/fr\/produit\/services-de-rebranding\/#breadcrumb\",\"itemListElement\":[{\"@type\":\"ListItem\",\"position\":1,\"name\":\"Home\",\"item\":\"https:\/\/dtr.ma\/fr\/\"},{\"@type\":\"ListItem\",\"position\":2,\"name\":\"Boutique\",\"item\":\"https:\/\/dtr.ma\/fr\/boutique\/\"},{\"@type\":\"ListItem\",\"position\":3,\"name\":\"Services de rebranding\"}]},{\"@type\":\"WebSite\",\"@id\":\"https:\/\/dtr.ma\/fr\/#website\",\"url\":\"https:\/\/dtr.ma\/fr\/\",\"name\":\"DTR\",\"description\":\"Smart Business Solutions\",\"publisher\":{\"@id\":\"https:\/\/dtr.ma\/fr\/#organization\"},\"potentialAction\":[{\"@type\":\"SearchAction\",\"target\":{\"@type\":\"EntryPoint\",\"urlTemplate\":\"https:\/\/dtr.ma\/fr\/?s={search_term_string}\"},\"query-input\":{\"@type\":\"PropertyValueSpecification\",\"valueRequired\":true,\"valueName\":\"search_term_string\"}}],\"inLanguage\":\"fr-FR\"},{\"@type\":\"Organization\",\"@id\":\"https:\/\/dtr.ma\/fr\/#organization\",\"name\":\"DTR\",\"url\":\"https:\/\/dtr.ma\/fr\/\",\"logo\":{\"@type\":\"ImageObject\",\"inLanguage\":\"fr-FR\",\"@id\":\"https:\/\/dtr.ma\/fr\/#\/schema\/logo\/image\/\",\"url\":\"https:\/\/dtr.ma\/wp-content\/uploads\/2024\/11\/DTR-LOGO.svg\",\"contentUrl\":\"https:\/\/dtr.ma\/wp-content\/uploads\/2024\/11\/DTR-LOGO.svg\",\"width\":1528,\"height\":697,\"caption\":\"DTR\"},\"image\":{\"@id\":\"https:\/\/dtr.ma\/fr\/#\/schema\/logo\/image\/\"}}]}<\/script>\n<!-- \/ Yoast SEO Premium plugin. -->","yoast_head_json":{"title":"Services de rebranding - DTR","robots":{"index":"index","follow":"follow","max-snippet":"max-snippet:-1","max-image-preview":"max-image-preview:large","max-video-preview":"max-video-preview:-1"},"canonical":"https:\/\/dtr.ma\/fr\/produit\/services-de-rebranding\/","og_locale":"fr_FR","og_type":"article","og_title":"Services de rebranding","og_description":"Revitalisez votre entreprise gr\u00e2ce \u00e0 nos services de rebranding. Que vous ayez besoin d'un l\u00e9ger rafra\u00eechissement ou d'une refonte totale, nous alignerons votre identit\u00e9 sur les nouveaux objectifs, les nouveaux publics et les nouvelles tendances du march\u00e9.","og_url":"https:\/\/dtr.ma\/fr\/produit\/services-de-rebranding\/","og_site_name":"DTR","og_image":[{"width":2560,"height":1854,"url":"https:\/\/i0.wp.com\/dtr.ma\/wp-content\/uploads\/2025\/01\/Temp-images1-scaled.jpg?fit=2560%2C1854&ssl=1","type":"image\/jpeg"}],"twitter_card":"summary_large_image","twitter_misc":{"Dur\u00e9e de lecture estim\u00e9e":"2 minutes"},"schema":{"@context":"https:\/\/schema.org","@graph":[{"@type":"WebPage","@id":"https:\/\/dtr.ma\/fr\/produit\/services-de-rebranding\/","url":"https:\/\/dtr.ma\/fr\/produit\/services-de-rebranding\/","name":"Services de rebranding - DTR","isPartOf":{"@id":"https:\/\/dtr.ma\/fr\/#website"},"primaryImageOfPage":{"@id":"https:\/\/dtr.ma\/fr\/produit\/services-de-rebranding\/#primaryimage"},"image":{"@id":"https:\/\/dtr.ma\/fr\/produit\/services-de-rebranding\/#primaryimage"},"thumbnailUrl":"https:\/\/i0.wp.com\/dtr.ma\/wp-content\/uploads\/2022\/12\/flat-17.jpg?fit=1669%2C1123&ssl=1","datePublished":"2025-01-14T23:43:51+00:00","breadcrumb":{"@id":"https:\/\/dtr.ma\/fr\/produit\/services-de-rebranding\/#breadcrumb"},"inLanguage":"fr-FR","potentialAction":[{"@type":"ReadAction","target":["https:\/\/dtr.ma\/fr\/produit\/services-de-rebranding\/"]}]},{"@type":"ImageObject","inLanguage":"fr-FR","@id":"https:\/\/dtr.ma\/fr\/produit\/services-de-rebranding\/#primaryimage","url":"https:\/\/i0.wp.com\/dtr.ma\/wp-content\/uploads\/2022\/12\/flat-17.jpg?fit=1669%2C1123&ssl=1","contentUrl":"https:\/\/i0.wp.com\/dtr.ma\/wp-content\/uploads\/2022\/12\/flat-17.jpg?fit=1669%2C1123&ssl=1","width":1669,"height":1123},{"@type":"BreadcrumbList","@id":"https:\/\/dtr.ma\/fr\/produit\/services-de-rebranding\/#breadcrumb","itemListElement":[{"@type":"ListItem","position":1,"name":"Home","item":"https:\/\/dtr.ma\/fr\/"},{"@type":"ListItem","position":2,"name":"Boutique","item":"https:\/\/dtr.ma\/fr\/boutique\/"},{"@type":"ListItem","position":3,"name":"Services de rebranding"}]},{"@type":"WebSite","@id":"https:\/\/dtr.ma\/fr\/#website","url":"https:\/\/dtr.ma\/fr\/","name":"DTR","description":"Smart Business Solutions","publisher":{"@id":"https:\/\/dtr.ma\/fr\/#organization"},"potentialAction":[{"@type":"SearchAction","target":{"@type":"EntryPoint","urlTemplate":"https:\/\/dtr.ma\/fr\/?s={search_term_string}"},"query-input":{"@type":"PropertyValueSpecification","valueRequired":true,"valueName":"search_term_string"}}],"inLanguage":"fr-FR"},{"@type":"Organization","@id":"https:\/\/dtr.ma\/fr\/#organization","name":"DTR","url":"https:\/\/dtr.ma\/fr\/","logo":{"@type":"ImageObject","inLanguage":"fr-FR","@id":"https:\/\/dtr.ma\/fr\/#\/schema\/logo\/image\/","url":"https:\/\/dtr.ma\/wp-content\/uploads\/2024\/11\/DTR-LOGO.svg","contentUrl":"https:\/\/dtr.ma\/wp-content\/uploads\/2024\/11\/DTR-LOGO.svg","width":1528,"height":697,"caption":"DTR"},"image":{"@id":"https:\/\/dtr.ma\/fr\/#\/schema\/logo\/image\/"}}]}},"jetpack_sharing_enabled":true,"_links":{"self":[{"href":"https:\/\/dtr.ma\/fr\/wp-json\/wp\/v2\/product\/3509","targetHints":{"allow":["GET"]}}],"collection":[{"href":"https:\/\/dtr.ma\/fr\/wp-json\/wp\/v2\/product"}],"about":[{"href":"https:\/\/dtr.ma\/fr\/wp-json\/wp\/v2\/types\/product"}],"version-history":[{"count":0,"href":"https:\/\/dtr.ma\/fr\/wp-json\/wp\/v2\/product\/3509\/revisions"}],"wp:featuredmedia":[{"embeddable":true,"href":"https:\/\/dtr.ma\/fr\/wp-json\/wp\/v2\/media\/2771"}],"wp:attachment":[{"href":"https:\/\/dtr.ma\/fr\/wp-json\/wp\/v2\/media?parent=3509"}],"wp:term":[{"taxonomy":"product_brand","embeddable":true,"href":"https:\/\/dtr.ma\/fr\/wp-json\/wp\/v2\/product_brand?post=3509"},{"taxonomy":"product_cat","embeddable":true,"href":"https:\/\/dtr.ma\/fr\/wp-json\/wp\/v2\/product_cat?post=3509"},{"taxonomy":"product_tag","embeddable":true,"href":"https:\/\/dtr.ma\/fr\/wp-json\/wp\/v2\/product_tag?post=3509"}],"curies":[{"name":"wp","href":"https:\/\/api.w.org\/{rel}","templated":true}]}}