{"id":3510,"date":"2025-01-15T00:52:35","date_gmt":"2025-01-15T00:52:35","guid":{"rendered":"https:\/\/dtr.ma\/product\/solutions-vocales-transcription-et-clonage\/"},"modified":"2025-01-15T00:52:35","modified_gmt":"2025-01-15T00:52:35","slug":"solutions-vocales-transcription-et-clonage","status":"publish","type":"product","link":"https:\/\/dtr.ma\/fr\/produit\/solutions-vocales-transcription-et-clonage\/","title":{"rendered":"Solutions vocales : Transcription et clonage"},"content":{"rendered":"<p>Notre service <strong>Voice Solutions : Transcription et clonage<\/strong> utilise l&#8217;IA de pointe pour traiter l&#8217;audio rapidement et avec pr\u00e9cision. Nous fournissons une <strong>transcription sans erreur<\/strong> pour les r\u00e9unions, les entretiens et les podcasts, convertissant les mots parl\u00e9s en texte en un temps record. En outre, notre technologie de <strong>clonage vocal<\/strong> vous permet de cr\u00e9er une voix personnalis\u00e9e pour les publicit\u00e9s, les podcasts ou les exp\u00e9riences interactives, cr\u00e9ant ainsi une identit\u00e9 audio m\u00e9morable et coh\u00e9rente. Ensemble, ces solutions r\u00e9duisent consid\u00e9rablement les d\u00e9lais d&#8217;ex\u00e9cution des t\u00e2ches de transcription et vous permettent de vous d\u00e9marquer avec une voix de marque distinctive.   <\/p>\n<p><strong>Ce que nous offrons :<\/strong><\/p>\n<ul>\n<li><strong>Services de transcription :<\/strong> Conversion rapide et pr\u00e9cise de fichiers audio en texte.<\/li>\n<li><strong>Clonage de voix :<\/strong> D\u00e9veloppez une voix de marque pour les podcasts, les campagnes de marketing ou les interactions avec les clients.<\/li>\n<\/ul>\n<p><strong>Principaux avantages :<\/strong><\/p>\n<ul>\n<li>Gagnez du temps et de l&#8217;\u00e9nergie gr\u00e2ce \u00e0 la transcription automatique.<\/li>\n<li>Rehaussez votre marque avec une voix unique et reconnaissable.<\/li>\n<li>Am\u00e9liorez l&#8217;accessibilit\u00e9 et l&#8217;engagement de votre contenu audio.<\/li>\n<\/ul>\n","protected":false},"excerpt":{"rendered":"<p>Rationalisez vos processus audio gr\u00e2ce \u00e0 la transcription et au clonage de voix pilot\u00e9s par l&#8217;IA, en ajoutant une voix unique et coh\u00e9rente aux communications de votre marque.<\/p>\n","protected":false},"featured_media":3254,"template":"","meta":{"_mo_disable_npp":"","om_disable_all_campaigns":false,"inline_featured_image":false,"_monsterinsights_skip_tracking":false,"_monsterinsights_sitenote_active":false,"_monsterinsights_sitenote_note":"","_monsterinsights_sitenote_category":0,"_uf_show_specific_survey":0,"_uf_disable_surveys":false},"product_brand":[],"product_cat":[99,112],"product_tag":[],"class_list":{"0":"post-3510","1":"product","2":"type-product","3":"status-publish","4":"has-post-thumbnail","6":"product_cat-services-fr","7":"product_cat-services-alimentes-par-lia","9":"first","10":"instock","11":"shipping-taxable","12":"product-type-simple"},"yoast_head":"<!-- This site is optimized with the Yoast SEO Premium plugin v20.13 (Yoast SEO v25.9) - https:\/\/yoast.com\/wordpress\/plugins\/seo\/ -->\n<title>Solutions vocales : Transcription et clonage - DTR<\/title>\n<meta name=\"robots\" content=\"index, follow, max-snippet:-1, max-image-preview:large, max-video-preview:-1\" \/>\n<link rel=\"canonical\" href=\"https:\/\/dtr.ma\/fr\/produit\/solutions-vocales-transcription-et-clonage\/\" \/>\n<meta property=\"og:locale\" content=\"fr_FR\" \/>\n<meta property=\"og:type\" content=\"article\" \/>\n<meta property=\"og:title\" content=\"Solutions vocales : Transcription et clonage\" \/>\n<meta property=\"og:description\" content=\"Rationalisez vos processus audio gr\u00e2ce \u00e0 la transcription et au clonage de voix pilot\u00e9s par l&#039;IA, en ajoutant une voix unique et coh\u00e9rente aux communications de votre marque.\" \/>\n<meta property=\"og:url\" content=\"https:\/\/dtr.ma\/fr\/produit\/solutions-vocales-transcription-et-clonage\/\" \/>\n<meta property=\"og:site_name\" content=\"DTR\" \/>\n<meta property=\"og:image\" content=\"https:\/\/i0.wp.com\/dtr.ma\/wp-content\/uploads\/2025\/01\/Temp-images8.png?fit=1920%2C1167&ssl=1\" \/>\n\t<meta property=\"og:image:width\" content=\"1920\" \/>\n\t<meta property=\"og:image:height\" content=\"1167\" \/>\n\t<meta property=\"og:image:type\" content=\"image\/png\" \/>\n<meta name=\"twitter:card\" content=\"summary_large_image\" \/>\n<meta name=\"twitter:label1\" content=\"Dur\u00e9e de lecture estim\u00e9e\" \/>\n\t<meta name=\"twitter:data1\" content=\"1 minute\" \/>\n<script type=\"application\/ld+json\" class=\"yoast-schema-graph\">{\"@context\":\"https:\/\/schema.org\",\"@graph\":[{\"@type\":\"WebPage\",\"@id\":\"https:\/\/dtr.ma\/fr\/produit\/solutions-vocales-transcription-et-clonage\/\",\"url\":\"https:\/\/dtr.ma\/fr\/produit\/solutions-vocales-transcription-et-clonage\/\",\"name\":\"Solutions vocales : Transcription et clonage - DTR\",\"isPartOf\":{\"@id\":\"https:\/\/dtr.ma\/fr\/#website\"},\"primaryImageOfPage\":{\"@id\":\"https:\/\/dtr.ma\/fr\/produit\/solutions-vocales-transcription-et-clonage\/#primaryimage\"},\"image\":{\"@id\":\"https:\/\/dtr.ma\/fr\/produit\/solutions-vocales-transcription-et-clonage\/#primaryimage\"},\"thumbnailUrl\":\"https:\/\/i0.wp.com\/dtr.ma\/wp-content\/uploads\/2025\/01\/Temp-images8.png?fit=1920%2C1167&ssl=1\",\"datePublished\":\"2025-01-15T00:52:35+00:00\",\"breadcrumb\":{\"@id\":\"https:\/\/dtr.ma\/fr\/produit\/solutions-vocales-transcription-et-clonage\/#breadcrumb\"},\"inLanguage\":\"fr-FR\",\"potentialAction\":[{\"@type\":\"ReadAction\",\"target\":[\"https:\/\/dtr.ma\/fr\/produit\/solutions-vocales-transcription-et-clonage\/\"]}]},{\"@type\":\"ImageObject\",\"inLanguage\":\"fr-FR\",\"@id\":\"https:\/\/dtr.ma\/fr\/produit\/solutions-vocales-transcription-et-clonage\/#primaryimage\",\"url\":\"https:\/\/i0.wp.com\/dtr.ma\/wp-content\/uploads\/2025\/01\/Temp-images8.png?fit=1920%2C1167&ssl=1\",\"contentUrl\":\"https:\/\/i0.wp.com\/dtr.ma\/wp-content\/uploads\/2025\/01\/Temp-images8.png?fit=1920%2C1167&ssl=1\",\"width\":1920,\"height\":1167},{\"@type\":\"BreadcrumbList\",\"@id\":\"https:\/\/dtr.ma\/fr\/produit\/solutions-vocales-transcription-et-clonage\/#breadcrumb\",\"itemListElement\":[{\"@type\":\"ListItem\",\"position\":1,\"name\":\"Home\",\"item\":\"https:\/\/dtr.ma\/fr\/\"},{\"@type\":\"ListItem\",\"position\":2,\"name\":\"Boutique\",\"item\":\"https:\/\/dtr.ma\/fr\/boutique\/\"},{\"@type\":\"ListItem\",\"position\":3,\"name\":\"Solutions vocales : Transcription et clonage\"}]},{\"@type\":\"WebSite\",\"@id\":\"https:\/\/dtr.ma\/fr\/#website\",\"url\":\"https:\/\/dtr.ma\/fr\/\",\"name\":\"DTR\",\"description\":\"Smart Business Solutions\",\"publisher\":{\"@id\":\"https:\/\/dtr.ma\/fr\/#organization\"},\"potentialAction\":[{\"@type\":\"SearchAction\",\"target\":{\"@type\":\"EntryPoint\",\"urlTemplate\":\"https:\/\/dtr.ma\/fr\/?s={search_term_string}\"},\"query-input\":{\"@type\":\"PropertyValueSpecification\",\"valueRequired\":true,\"valueName\":\"search_term_string\"}}],\"inLanguage\":\"fr-FR\"},{\"@type\":\"Organization\",\"@id\":\"https:\/\/dtr.ma\/fr\/#organization\",\"name\":\"DTR\",\"url\":\"https:\/\/dtr.ma\/fr\/\",\"logo\":{\"@type\":\"ImageObject\",\"inLanguage\":\"fr-FR\",\"@id\":\"https:\/\/dtr.ma\/fr\/#\/schema\/logo\/image\/\",\"url\":\"https:\/\/dtr.ma\/wp-content\/uploads\/2024\/11\/DTR-LOGO.svg\",\"contentUrl\":\"https:\/\/dtr.ma\/wp-content\/uploads\/2024\/11\/DTR-LOGO.svg\",\"width\":1528,\"height\":697,\"caption\":\"DTR\"},\"image\":{\"@id\":\"https:\/\/dtr.ma\/fr\/#\/schema\/logo\/image\/\"}}]}<\/script>\n<!-- \/ Yoast SEO Premium plugin. -->","yoast_head_json":{"title":"Solutions vocales : Transcription et clonage - DTR","robots":{"index":"index","follow":"follow","max-snippet":"max-snippet:-1","max-image-preview":"max-image-preview:large","max-video-preview":"max-video-preview:-1"},"canonical":"https:\/\/dtr.ma\/fr\/produit\/solutions-vocales-transcription-et-clonage\/","og_locale":"fr_FR","og_type":"article","og_title":"Solutions vocales : Transcription et clonage","og_description":"Rationalisez vos processus audio gr\u00e2ce \u00e0 la transcription et au clonage de voix pilot\u00e9s par l'IA, en ajoutant une voix unique et coh\u00e9rente aux communications de votre marque.","og_url":"https:\/\/dtr.ma\/fr\/produit\/solutions-vocales-transcription-et-clonage\/","og_site_name":"DTR","og_image":[{"width":1920,"height":1167,"url":"https:\/\/i0.wp.com\/dtr.ma\/wp-content\/uploads\/2025\/01\/Temp-images8.png?fit=1920%2C1167&ssl=1","type":"image\/png"}],"twitter_card":"summary_large_image","twitter_misc":{"Dur\u00e9e de lecture estim\u00e9e":"1 minute"},"schema":{"@context":"https:\/\/schema.org","@graph":[{"@type":"WebPage","@id":"https:\/\/dtr.ma\/fr\/produit\/solutions-vocales-transcription-et-clonage\/","url":"https:\/\/dtr.ma\/fr\/produit\/solutions-vocales-transcription-et-clonage\/","name":"Solutions vocales : Transcription et clonage - DTR","isPartOf":{"@id":"https:\/\/dtr.ma\/fr\/#website"},"primaryImageOfPage":{"@id":"https:\/\/dtr.ma\/fr\/produit\/solutions-vocales-transcription-et-clonage\/#primaryimage"},"image":{"@id":"https:\/\/dtr.ma\/fr\/produit\/solutions-vocales-transcription-et-clonage\/#primaryimage"},"thumbnailUrl":"https:\/\/i0.wp.com\/dtr.ma\/wp-content\/uploads\/2025\/01\/Temp-images8.png?fit=1920%2C1167&ssl=1","datePublished":"2025-01-15T00:52:35+00:00","breadcrumb":{"@id":"https:\/\/dtr.ma\/fr\/produit\/solutions-vocales-transcription-et-clonage\/#breadcrumb"},"inLanguage":"fr-FR","potentialAction":[{"@type":"ReadAction","target":["https:\/\/dtr.ma\/fr\/produit\/solutions-vocales-transcription-et-clonage\/"]}]},{"@type":"ImageObject","inLanguage":"fr-FR","@id":"https:\/\/dtr.ma\/fr\/produit\/solutions-vocales-transcription-et-clonage\/#primaryimage","url":"https:\/\/i0.wp.com\/dtr.ma\/wp-content\/uploads\/2025\/01\/Temp-images8.png?fit=1920%2C1167&ssl=1","contentUrl":"https:\/\/i0.wp.com\/dtr.ma\/wp-content\/uploads\/2025\/01\/Temp-images8.png?fit=1920%2C1167&ssl=1","width":1920,"height":1167},{"@type":"BreadcrumbList","@id":"https:\/\/dtr.ma\/fr\/produit\/solutions-vocales-transcription-et-clonage\/#breadcrumb","itemListElement":[{"@type":"ListItem","position":1,"name":"Home","item":"https:\/\/dtr.ma\/fr\/"},{"@type":"ListItem","position":2,"name":"Boutique","item":"https:\/\/dtr.ma\/fr\/boutique\/"},{"@type":"ListItem","position":3,"name":"Solutions vocales : Transcription et clonage"}]},{"@type":"WebSite","@id":"https:\/\/dtr.ma\/fr\/#website","url":"https:\/\/dtr.ma\/fr\/","name":"DTR","description":"Smart Business Solutions","publisher":{"@id":"https:\/\/dtr.ma\/fr\/#organization"},"potentialAction":[{"@type":"SearchAction","target":{"@type":"EntryPoint","urlTemplate":"https:\/\/dtr.ma\/fr\/?s={search_term_string}"},"query-input":{"@type":"PropertyValueSpecification","valueRequired":true,"valueName":"search_term_string"}}],"inLanguage":"fr-FR"},{"@type":"Organization","@id":"https:\/\/dtr.ma\/fr\/#organization","name":"DTR","url":"https:\/\/dtr.ma\/fr\/","logo":{"@type":"ImageObject","inLanguage":"fr-FR","@id":"https:\/\/dtr.ma\/fr\/#\/schema\/logo\/image\/","url":"https:\/\/dtr.ma\/wp-content\/uploads\/2024\/11\/DTR-LOGO.svg","contentUrl":"https:\/\/dtr.ma\/wp-content\/uploads\/2024\/11\/DTR-LOGO.svg","width":1528,"height":697,"caption":"DTR"},"image":{"@id":"https:\/\/dtr.ma\/fr\/#\/schema\/logo\/image\/"}}]}},"jetpack_sharing_enabled":true,"_links":{"self":[{"href":"https:\/\/dtr.ma\/fr\/wp-json\/wp\/v2\/product\/3510","targetHints":{"allow":["GET"]}}],"collection":[{"href":"https:\/\/dtr.ma\/fr\/wp-json\/wp\/v2\/product"}],"about":[{"href":"https:\/\/dtr.ma\/fr\/wp-json\/wp\/v2\/types\/product"}],"version-history":[{"count":0,"href":"https:\/\/dtr.ma\/fr\/wp-json\/wp\/v2\/product\/3510\/revisions"}],"wp:featuredmedia":[{"embeddable":true,"href":"https:\/\/dtr.ma\/fr\/wp-json\/wp\/v2\/media\/3254"}],"wp:attachment":[{"href":"https:\/\/dtr.ma\/fr\/wp-json\/wp\/v2\/media?parent=3510"}],"wp:term":[{"taxonomy":"product_brand","embeddable":true,"href":"https:\/\/dtr.ma\/fr\/wp-json\/wp\/v2\/product_brand?post=3510"},{"taxonomy":"product_cat","embeddable":true,"href":"https:\/\/dtr.ma\/fr\/wp-json\/wp\/v2\/product_cat?post=3510"},{"taxonomy":"product_tag","embeddable":true,"href":"https:\/\/dtr.ma\/fr\/wp-json\/wp\/v2\/product_tag?post=3510"}],"curies":[{"name":"wp","href":"https:\/\/api.w.org\/{rel}","templated":true}]}}