{"id":3511,"date":"2025-01-14T23:44:48","date_gmt":"2025-01-14T23:44:48","guid":{"rendered":"https:\/\/dtr.ma\/product\/kits-de-marque-pour-influenceurs\/"},"modified":"2025-01-14T23:44:48","modified_gmt":"2025-01-14T23:44:48","slug":"kits-de-marque-pour-influenceurs","status":"publish","type":"product","link":"https:\/\/dtr.ma\/fr\/produit\/kits-de-marque-pour-influenceurs\/","title":{"rendered":"Kits de marque pour influenceurs"},"content":{"rendered":"<p>Dans le monde en constante \u00e9volution du marketing d&#8217;influence, il est essentiel de <strong>se d\u00e9marquer<\/strong>. Nos <strong>kits de branding pour influenceurs<\/strong> offrent une solution <strong>flexible<\/strong> pour vous aider \u00e0 construire une marque personnelle reconnaissable \u00e0 laquelle les partenaires, les followers et les marques font confiance. Nous combinons des <strong>normes de haute qualit\u00e9<\/strong> en mati\u00e8re de conception et de strat\u00e9gie pour d\u00e9velopper des logos personnalis\u00e9s, des mod\u00e8les de contenu et des guides de style qui refl\u00e8tent votre personnalit\u00e9 et vos valeurs. Qu&#8217;il s&#8217;agisse de messages sur les r\u00e9seaux sociaux ou de campagnes de collaboration, une esth\u00e9tique de marque coh\u00e9rente peut accro\u00eetre votre cr\u00e9dibilit\u00e9 et votre potentiel de commercialisation. Nous travaillons en \u00e9troite collaboration avec vous pour nous assurer que chaque \u00e9l\u00e9ment r\u00e9sonne avec votre niche et vous distingue dans un espace num\u00e9rique encombr\u00e9.  <\/p>\n<p><strong>Ce qui est inclus<\/strong><\/p>\n<ul>\n<li><strong>Logo et ic\u00f4nes personnalis\u00e9s<\/strong><br \/>\nDes conceptions personnalis\u00e9es qui refl\u00e8tent votre personnalit\u00e9 unique en ligne.<\/li>\n<li><strong>Mod\u00e8les pour les m\u00e9dias sociaux<\/strong><br \/>\nGraphiques pr\u00eats \u00e0 l&#8217;emploi pour les messages, les histoires et les vignettes vid\u00e9o.<\/li>\n<li><strong>Palette de couleurs et typographie<\/strong><br \/>\nDes choix s\u00e9lectionn\u00e9s qui s&#8217;alignent sur votre style et vos th\u00e8mes de contenu.<\/li>\n<li><strong>Lignes directrices de la marque<\/strong><br \/>\nUn guide complet qui vous permet de rester coh\u00e9rent dans toutes vos collaborations.<\/li>\n<\/ul>\n<p><strong>Pourquoi nous choisir ?<\/strong><\/p>\n<ul>\n<li><strong>Des choix flexibles :<\/strong> Adaptez votre kit de marque \u00e0 de multiples plateformes et formats de contenu.<\/li>\n<li><strong>Personnalisation :<\/strong> Travaillez en \u00e9troite collaboration avec nos experts pour cr\u00e9er une identit\u00e9 de marque fid\u00e8le \u00e0 votre voix.<\/li>\n<li><strong>Des normes de haute qualit\u00e9 :<\/strong> Attendez-vous \u00e0 une conception professionnelle et \u00e0 une vision strat\u00e9gique pour un impact maximal.<\/li>\n<\/ul>\n","protected":false},"excerpt":{"rendered":"<p>Cr\u00e9ez des kits de marque personnalis\u00e9s pour les influenceurs, y compris des logos, des mod\u00e8les de contenu et des directives visuelles coh\u00e9rentes pour les collaborations et les campagnes.<\/p>\n","protected":false},"featured_media":2767,"template":"","meta":{"_mo_disable_npp":"","om_disable_all_campaigns":false,"inline_featured_image":false,"_monsterinsights_skip_tracking":false,"_monsterinsights_sitenote_active":false,"_monsterinsights_sitenote_note":"","_monsterinsights_sitenote_category":0,"_uf_show_specific_survey":0,"_uf_disable_surveys":false},"product_brand":[],"product_cat":[99,106],"product_tag":[],"class_list":{"0":"post-3511","1":"product","2":"type-product","3":"status-publish","4":"has-post-thumbnail","6":"product_cat-services-fr","7":"product_cat-services-dimage-de-marque","9":"first","10":"instock","11":"sold-individually","12":"shipping-taxable","13":"purchasable","14":"product-type-variable","15":"has-default-attributes"},"yoast_head":"<!-- This site is optimized with the Yoast SEO Premium plugin v20.13 (Yoast SEO v25.9) - https:\/\/yoast.com\/wordpress\/plugins\/seo\/ -->\n<title>Kits de marque pour influenceurs - DTR<\/title>\n<meta name=\"robots\" content=\"index, follow, max-snippet:-1, max-image-preview:large, max-video-preview:-1\" \/>\n<link rel=\"canonical\" href=\"https:\/\/dtr.ma\/fr\/produit\/kits-de-marque-pour-influenceurs\/\" \/>\n<meta property=\"og:locale\" content=\"fr_FR\" \/>\n<meta property=\"og:type\" content=\"article\" \/>\n<meta property=\"og:title\" content=\"Kits de marque pour influenceurs\" \/>\n<meta property=\"og:description\" content=\"Cr\u00e9ez des kits de marque personnalis\u00e9s pour les influenceurs, y compris des logos, des mod\u00e8les de contenu et des directives visuelles coh\u00e9rentes pour les collaborations et les campagnes.\" \/>\n<meta property=\"og:url\" content=\"https:\/\/dtr.ma\/fr\/produit\/kits-de-marque-pour-influenceurs\/\" \/>\n<meta property=\"og:site_name\" content=\"DTR\" \/>\n<meta property=\"og:image\" content=\"https:\/\/i0.wp.com\/dtr.ma\/wp-content\/uploads\/2025\/01\/Temp-images6.webp?fit=480%2C320&ssl=1\" \/>\n\t<meta property=\"og:image:width\" content=\"480\" \/>\n\t<meta property=\"og:image:height\" content=\"320\" \/>\n\t<meta property=\"og:image:type\" content=\"image\/webp\" \/>\n<meta name=\"twitter:card\" content=\"summary_large_image\" \/>\n<meta name=\"twitter:label1\" content=\"Dur\u00e9e de lecture estim\u00e9e\" \/>\n\t<meta name=\"twitter:data1\" content=\"1 minute\" \/>\n<script type=\"application\/ld+json\" class=\"yoast-schema-graph\">{\"@context\":\"https:\/\/schema.org\",\"@graph\":[{\"@type\":\"WebPage\",\"@id\":\"https:\/\/dtr.ma\/fr\/produit\/kits-de-marque-pour-influenceurs\/\",\"url\":\"https:\/\/dtr.ma\/fr\/produit\/kits-de-marque-pour-influenceurs\/\",\"name\":\"Kits de marque pour influenceurs - DTR\",\"isPartOf\":{\"@id\":\"https:\/\/dtr.ma\/fr\/#website\"},\"primaryImageOfPage\":{\"@id\":\"https:\/\/dtr.ma\/fr\/produit\/kits-de-marque-pour-influenceurs\/#primaryimage\"},\"image\":{\"@id\":\"https:\/\/dtr.ma\/fr\/produit\/kits-de-marque-pour-influenceurs\/#primaryimage\"},\"thumbnailUrl\":\"https:\/\/i0.wp.com\/dtr.ma\/wp-content\/uploads\/2022\/12\/Icones13-13.jpg?fit=1669%2C1123&ssl=1\",\"datePublished\":\"2025-01-14T23:44:48+00:00\",\"breadcrumb\":{\"@id\":\"https:\/\/dtr.ma\/fr\/produit\/kits-de-marque-pour-influenceurs\/#breadcrumb\"},\"inLanguage\":\"fr-FR\",\"potentialAction\":[{\"@type\":\"ReadAction\",\"target\":[\"https:\/\/dtr.ma\/fr\/produit\/kits-de-marque-pour-influenceurs\/\"]}]},{\"@type\":\"ImageObject\",\"inLanguage\":\"fr-FR\",\"@id\":\"https:\/\/dtr.ma\/fr\/produit\/kits-de-marque-pour-influenceurs\/#primaryimage\",\"url\":\"https:\/\/i0.wp.com\/dtr.ma\/wp-content\/uploads\/2022\/12\/Icones13-13.jpg?fit=1669%2C1123&ssl=1\",\"contentUrl\":\"https:\/\/i0.wp.com\/dtr.ma\/wp-content\/uploads\/2022\/12\/Icones13-13.jpg?fit=1669%2C1123&ssl=1\",\"width\":1669,\"height\":1123},{\"@type\":\"BreadcrumbList\",\"@id\":\"https:\/\/dtr.ma\/fr\/produit\/kits-de-marque-pour-influenceurs\/#breadcrumb\",\"itemListElement\":[{\"@type\":\"ListItem\",\"position\":1,\"name\":\"Home\",\"item\":\"https:\/\/dtr.ma\/fr\/\"},{\"@type\":\"ListItem\",\"position\":2,\"name\":\"Boutique\",\"item\":\"https:\/\/dtr.ma\/fr\/boutique\/\"},{\"@type\":\"ListItem\",\"position\":3,\"name\":\"Kits de marque pour influenceurs\"}]},{\"@type\":\"WebSite\",\"@id\":\"https:\/\/dtr.ma\/fr\/#website\",\"url\":\"https:\/\/dtr.ma\/fr\/\",\"name\":\"DTR\",\"description\":\"Smart Business Solutions\",\"publisher\":{\"@id\":\"https:\/\/dtr.ma\/fr\/#organization\"},\"potentialAction\":[{\"@type\":\"SearchAction\",\"target\":{\"@type\":\"EntryPoint\",\"urlTemplate\":\"https:\/\/dtr.ma\/fr\/?s={search_term_string}\"},\"query-input\":{\"@type\":\"PropertyValueSpecification\",\"valueRequired\":true,\"valueName\":\"search_term_string\"}}],\"inLanguage\":\"fr-FR\"},{\"@type\":\"Organization\",\"@id\":\"https:\/\/dtr.ma\/fr\/#organization\",\"name\":\"DTR\",\"url\":\"https:\/\/dtr.ma\/fr\/\",\"logo\":{\"@type\":\"ImageObject\",\"inLanguage\":\"fr-FR\",\"@id\":\"https:\/\/dtr.ma\/fr\/#\/schema\/logo\/image\/\",\"url\":\"https:\/\/dtr.ma\/wp-content\/uploads\/2024\/11\/DTR-LOGO.svg\",\"contentUrl\":\"https:\/\/dtr.ma\/wp-content\/uploads\/2024\/11\/DTR-LOGO.svg\",\"width\":1528,\"height\":697,\"caption\":\"DTR\"},\"image\":{\"@id\":\"https:\/\/dtr.ma\/fr\/#\/schema\/logo\/image\/\"}}]}<\/script>\n<!-- \/ Yoast SEO Premium plugin. -->","yoast_head_json":{"title":"Kits de marque pour influenceurs - DTR","robots":{"index":"index","follow":"follow","max-snippet":"max-snippet:-1","max-image-preview":"max-image-preview:large","max-video-preview":"max-video-preview:-1"},"canonical":"https:\/\/dtr.ma\/fr\/produit\/kits-de-marque-pour-influenceurs\/","og_locale":"fr_FR","og_type":"article","og_title":"Kits de marque pour influenceurs","og_description":"Cr\u00e9ez des kits de marque personnalis\u00e9s pour les influenceurs, y compris des logos, des mod\u00e8les de contenu et des directives visuelles coh\u00e9rentes pour les collaborations et les campagnes.","og_url":"https:\/\/dtr.ma\/fr\/produit\/kits-de-marque-pour-influenceurs\/","og_site_name":"DTR","og_image":[{"width":480,"height":320,"url":"https:\/\/i0.wp.com\/dtr.ma\/wp-content\/uploads\/2025\/01\/Temp-images6.webp?fit=480%2C320&ssl=1","type":"image\/webp"}],"twitter_card":"summary_large_image","twitter_misc":{"Dur\u00e9e de lecture estim\u00e9e":"1 minute"},"schema":{"@context":"https:\/\/schema.org","@graph":[{"@type":"WebPage","@id":"https:\/\/dtr.ma\/fr\/produit\/kits-de-marque-pour-influenceurs\/","url":"https:\/\/dtr.ma\/fr\/produit\/kits-de-marque-pour-influenceurs\/","name":"Kits de marque pour influenceurs - DTR","isPartOf":{"@id":"https:\/\/dtr.ma\/fr\/#website"},"primaryImageOfPage":{"@id":"https:\/\/dtr.ma\/fr\/produit\/kits-de-marque-pour-influenceurs\/#primaryimage"},"image":{"@id":"https:\/\/dtr.ma\/fr\/produit\/kits-de-marque-pour-influenceurs\/#primaryimage"},"thumbnailUrl":"https:\/\/i0.wp.com\/dtr.ma\/wp-content\/uploads\/2022\/12\/Icones13-13.jpg?fit=1669%2C1123&ssl=1","datePublished":"2025-01-14T23:44:48+00:00","breadcrumb":{"@id":"https:\/\/dtr.ma\/fr\/produit\/kits-de-marque-pour-influenceurs\/#breadcrumb"},"inLanguage":"fr-FR","potentialAction":[{"@type":"ReadAction","target":["https:\/\/dtr.ma\/fr\/produit\/kits-de-marque-pour-influenceurs\/"]}]},{"@type":"ImageObject","inLanguage":"fr-FR","@id":"https:\/\/dtr.ma\/fr\/produit\/kits-de-marque-pour-influenceurs\/#primaryimage","url":"https:\/\/i0.wp.com\/dtr.ma\/wp-content\/uploads\/2022\/12\/Icones13-13.jpg?fit=1669%2C1123&ssl=1","contentUrl":"https:\/\/i0.wp.com\/dtr.ma\/wp-content\/uploads\/2022\/12\/Icones13-13.jpg?fit=1669%2C1123&ssl=1","width":1669,"height":1123},{"@type":"BreadcrumbList","@id":"https:\/\/dtr.ma\/fr\/produit\/kits-de-marque-pour-influenceurs\/#breadcrumb","itemListElement":[{"@type":"ListItem","position":1,"name":"Home","item":"https:\/\/dtr.ma\/fr\/"},{"@type":"ListItem","position":2,"name":"Boutique","item":"https:\/\/dtr.ma\/fr\/boutique\/"},{"@type":"ListItem","position":3,"name":"Kits de marque pour influenceurs"}]},{"@type":"WebSite","@id":"https:\/\/dtr.ma\/fr\/#website","url":"https:\/\/dtr.ma\/fr\/","name":"DTR","description":"Smart Business Solutions","publisher":{"@id":"https:\/\/dtr.ma\/fr\/#organization"},"potentialAction":[{"@type":"SearchAction","target":{"@type":"EntryPoint","urlTemplate":"https:\/\/dtr.ma\/fr\/?s={search_term_string}"},"query-input":{"@type":"PropertyValueSpecification","valueRequired":true,"valueName":"search_term_string"}}],"inLanguage":"fr-FR"},{"@type":"Organization","@id":"https:\/\/dtr.ma\/fr\/#organization","name":"DTR","url":"https:\/\/dtr.ma\/fr\/","logo":{"@type":"ImageObject","inLanguage":"fr-FR","@id":"https:\/\/dtr.ma\/fr\/#\/schema\/logo\/image\/","url":"https:\/\/dtr.ma\/wp-content\/uploads\/2024\/11\/DTR-LOGO.svg","contentUrl":"https:\/\/dtr.ma\/wp-content\/uploads\/2024\/11\/DTR-LOGO.svg","width":1528,"height":697,"caption":"DTR"},"image":{"@id":"https:\/\/dtr.ma\/fr\/#\/schema\/logo\/image\/"}}]}},"jetpack_sharing_enabled":true,"_links":{"self":[{"href":"https:\/\/dtr.ma\/fr\/wp-json\/wp\/v2\/product\/3511","targetHints":{"allow":["GET"]}}],"collection":[{"href":"https:\/\/dtr.ma\/fr\/wp-json\/wp\/v2\/product"}],"about":[{"href":"https:\/\/dtr.ma\/fr\/wp-json\/wp\/v2\/types\/product"}],"version-history":[{"count":0,"href":"https:\/\/dtr.ma\/fr\/wp-json\/wp\/v2\/product\/3511\/revisions"}],"wp:featuredmedia":[{"embeddable":true,"href":"https:\/\/dtr.ma\/fr\/wp-json\/wp\/v2\/media\/2767"}],"wp:attachment":[{"href":"https:\/\/dtr.ma\/fr\/wp-json\/wp\/v2\/media?parent=3511"}],"wp:term":[{"taxonomy":"product_brand","embeddable":true,"href":"https:\/\/dtr.ma\/fr\/wp-json\/wp\/v2\/product_brand?post=3511"},{"taxonomy":"product_cat","embeddable":true,"href":"https:\/\/dtr.ma\/fr\/wp-json\/wp\/v2\/product_cat?post=3511"},{"taxonomy":"product_tag","embeddable":true,"href":"https:\/\/dtr.ma\/fr\/wp-json\/wp\/v2\/product_tag?post=3511"}],"curies":[{"name":"wp","href":"https:\/\/api.w.org\/{rel}","templated":true}]}}