{"id":3512,"date":"2025-01-15T00:54:22","date_gmt":"2025-01-15T00:54:22","guid":{"rendered":"https:\/\/dtr.ma\/product\/enquetes-et-formulaires-alimentes-par-lia\/"},"modified":"2025-01-15T00:54:22","modified_gmt":"2025-01-15T00:54:22","slug":"enquetes-et-formulaires-alimentes-par-lia","status":"publish","type":"product","link":"https:\/\/dtr.ma\/fr\/produit\/enquetes-et-formulaires-alimentes-par-lia\/","title":{"rendered":"Enqu\u00eates et formulaires aliment\u00e9s par l&#8217;IA"},"content":{"rendered":"<p>Notre solution d&#8217;<strong>enqu\u00eates et de formulaires aliment\u00e9s par l&#8217;IA<\/strong> utilise une technologie intelligente et adaptative pour am\u00e9liorer \u00e0 la fois les taux de participation et la qualit\u00e9 des donn\u00e9es. En adaptant automatiquement les questions en fonction des entr\u00e9es de l&#8217;utilisateur, ces enqu\u00eates maintiennent l&#8217;engagement des r\u00e9pondants et fournissent un retour d&#8217;information plus pr\u00e9cis. Gr\u00e2ce \u00e0 une int\u00e9gration transparente dans vos outils d&#8217;analyse existants, vous pouvez visualiser et exploiter ces donn\u00e9es en temps r\u00e9el. Que vous meniez une \u00e9tude de march\u00e9 ou que vous recherchiez un retour d&#8217;information de la part des utilisateurs, nos formulaires personnalisables vous aident \u00e0 recueillir des <strong>informations exploitables<\/strong> pour la prise de d\u00e9cisions strat\u00e9giques.   <\/p>\n<p><strong>Ce que nous offrons :<\/strong><\/p>\n<ul>\n<li><strong>Cr\u00e9ation d&#8217;enqu\u00eates personnalis\u00e9es :<\/strong> Cr\u00e9ez des questionnaires qui r\u00e9pondent \u00e0 vos besoins sp\u00e9cifiques en mati\u00e8re de recherche.<\/li>\n<li><strong>Adaptabilit\u00e9 en temps r\u00e9el :<\/strong> Adaptez automatiquement les questions de suivi aux r\u00e9ponses des utilisateurs.<\/li>\n<li><strong>Int\u00e9gration de l&#8217;analyse :<\/strong> Obtenez des informations approfondies gr\u00e2ce \u00e0 des outils de visualisation des donn\u00e9es.<\/li>\n<\/ul>\n<p><strong>Principaux avantages :<\/strong><\/p>\n<ul>\n<li>Des taux de participation plus \u00e9lev\u00e9s gr\u00e2ce \u00e0 une conception intuitive.<\/li>\n<li>Un retour d&#8217;information plus pr\u00e9cis et plus pertinent.<\/li>\n<li>Des strat\u00e9gies fond\u00e9es sur des donn\u00e9es pour affiner vos offres.<\/li>\n<\/ul>\n","protected":false},"excerpt":{"rendered":"<p>Obtenez des informations significatives gr\u00e2ce \u00e0 des enqu\u00eates adaptatives qui s&#8217;ajustent dynamiquement aux r\u00e9ponses des utilisateurs, ce qui permet d&#8217;am\u00e9liorer l&#8217;engagement et d&#8217;obtenir des donn\u00e9es plus pr\u00e9cises.<\/p>\n<p>&nbsp;<\/p>\n","protected":false},"featured_media":3253,"template":"","meta":{"_mo_disable_npp":"","om_disable_all_campaigns":false,"inline_featured_image":false,"_monsterinsights_skip_tracking":false,"_monsterinsights_sitenote_active":false,"_monsterinsights_sitenote_note":"","_monsterinsights_sitenote_category":0,"_uf_show_specific_survey":0,"_uf_disable_surveys":false},"product_brand":[],"product_cat":[99,112],"product_tag":[],"class_list":{"0":"post-3512","1":"product","2":"type-product","3":"status-publish","4":"has-post-thumbnail","6":"product_cat-services-fr","7":"product_cat-services-alimentes-par-lia","9":"first","10":"instock","11":"shipping-taxable","12":"product-type-simple"},"yoast_head":"<!-- This site is optimized with the Yoast SEO Premium plugin v20.13 (Yoast SEO v25.9) - https:\/\/yoast.com\/wordpress\/plugins\/seo\/ -->\n<title>Enqu\u00eates et formulaires aliment\u00e9s par l&#039;IA - DTR<\/title>\n<meta name=\"robots\" content=\"index, follow, max-snippet:-1, max-image-preview:large, max-video-preview:-1\" \/>\n<link rel=\"canonical\" href=\"https:\/\/dtr.ma\/fr\/produit\/enquetes-et-formulaires-alimentes-par-lia\/\" \/>\n<meta property=\"og:locale\" content=\"fr_FR\" \/>\n<meta property=\"og:type\" content=\"article\" \/>\n<meta property=\"og:title\" content=\"Enqu\u00eates et formulaires aliment\u00e9s par l&#039;IA\" \/>\n<meta property=\"og:description\" content=\"Obtenez des informations significatives gr\u00e2ce \u00e0 des enqu\u00eates adaptatives qui s&#039;ajustent dynamiquement aux r\u00e9ponses des utilisateurs, ce qui permet d&#039;am\u00e9liorer l&#039;engagement et d&#039;obtenir des donn\u00e9es plus pr\u00e9cises. &nbsp;\" \/>\n<meta property=\"og:url\" content=\"https:\/\/dtr.ma\/fr\/produit\/enquetes-et-formulaires-alimentes-par-lia\/\" \/>\n<meta property=\"og:site_name\" content=\"DTR\" \/>\n<meta property=\"og:image\" content=\"https:\/\/i0.wp.com\/dtr.ma\/wp-content\/uploads\/2025\/01\/Temp-images7-scaled.jpg?fit=2560%2C1440&ssl=1\" \/>\n\t<meta property=\"og:image:width\" content=\"2560\" \/>\n\t<meta property=\"og:image:height\" content=\"1440\" \/>\n\t<meta property=\"og:image:type\" content=\"image\/jpeg\" \/>\n<meta name=\"twitter:card\" content=\"summary_large_image\" \/>\n<meta name=\"twitter:label1\" content=\"Dur\u00e9e de lecture estim\u00e9e\" \/>\n\t<meta name=\"twitter:data1\" content=\"1 minute\" \/>\n<script type=\"application\/ld+json\" class=\"yoast-schema-graph\">{\"@context\":\"https:\/\/schema.org\",\"@graph\":[{\"@type\":\"WebPage\",\"@id\":\"https:\/\/dtr.ma\/fr\/produit\/enquetes-et-formulaires-alimentes-par-lia\/\",\"url\":\"https:\/\/dtr.ma\/fr\/produit\/enquetes-et-formulaires-alimentes-par-lia\/\",\"name\":\"Enqu\u00eates et formulaires aliment\u00e9s par l'IA - DTR\",\"isPartOf\":{\"@id\":\"https:\/\/dtr.ma\/fr\/#website\"},\"primaryImageOfPage\":{\"@id\":\"https:\/\/dtr.ma\/fr\/produit\/enquetes-et-formulaires-alimentes-par-lia\/#primaryimage\"},\"image\":{\"@id\":\"https:\/\/dtr.ma\/fr\/produit\/enquetes-et-formulaires-alimentes-par-lia\/#primaryimage\"},\"thumbnailUrl\":\"https:\/\/i0.wp.com\/dtr.ma\/wp-content\/uploads\/2025\/01\/Temp-images7-scaled.jpg?fit=2560%2C1440&ssl=1\",\"datePublished\":\"2025-01-15T00:54:22+00:00\",\"breadcrumb\":{\"@id\":\"https:\/\/dtr.ma\/fr\/produit\/enquetes-et-formulaires-alimentes-par-lia\/#breadcrumb\"},\"inLanguage\":\"fr-FR\",\"potentialAction\":[{\"@type\":\"ReadAction\",\"target\":[\"https:\/\/dtr.ma\/fr\/produit\/enquetes-et-formulaires-alimentes-par-lia\/\"]}]},{\"@type\":\"ImageObject\",\"inLanguage\":\"fr-FR\",\"@id\":\"https:\/\/dtr.ma\/fr\/produit\/enquetes-et-formulaires-alimentes-par-lia\/#primaryimage\",\"url\":\"https:\/\/i0.wp.com\/dtr.ma\/wp-content\/uploads\/2025\/01\/Temp-images7-scaled.jpg?fit=2560%2C1440&ssl=1\",\"contentUrl\":\"https:\/\/i0.wp.com\/dtr.ma\/wp-content\/uploads\/2025\/01\/Temp-images7-scaled.jpg?fit=2560%2C1440&ssl=1\",\"width\":2560,\"height\":1440},{\"@type\":\"BreadcrumbList\",\"@id\":\"https:\/\/dtr.ma\/fr\/produit\/enquetes-et-formulaires-alimentes-par-lia\/#breadcrumb\",\"itemListElement\":[{\"@type\":\"ListItem\",\"position\":1,\"name\":\"Home\",\"item\":\"https:\/\/dtr.ma\/fr\/\"},{\"@type\":\"ListItem\",\"position\":2,\"name\":\"Boutique\",\"item\":\"https:\/\/dtr.ma\/fr\/boutique\/\"},{\"@type\":\"ListItem\",\"position\":3,\"name\":\"Enqu\u00eates et formulaires aliment\u00e9s par l&#8217;IA\"}]},{\"@type\":\"WebSite\",\"@id\":\"https:\/\/dtr.ma\/fr\/#website\",\"url\":\"https:\/\/dtr.ma\/fr\/\",\"name\":\"DTR\",\"description\":\"Smart Business Solutions\",\"publisher\":{\"@id\":\"https:\/\/dtr.ma\/fr\/#organization\"},\"potentialAction\":[{\"@type\":\"SearchAction\",\"target\":{\"@type\":\"EntryPoint\",\"urlTemplate\":\"https:\/\/dtr.ma\/fr\/?s={search_term_string}\"},\"query-input\":{\"@type\":\"PropertyValueSpecification\",\"valueRequired\":true,\"valueName\":\"search_term_string\"}}],\"inLanguage\":\"fr-FR\"},{\"@type\":\"Organization\",\"@id\":\"https:\/\/dtr.ma\/fr\/#organization\",\"name\":\"DTR\",\"url\":\"https:\/\/dtr.ma\/fr\/\",\"logo\":{\"@type\":\"ImageObject\",\"inLanguage\":\"fr-FR\",\"@id\":\"https:\/\/dtr.ma\/fr\/#\/schema\/logo\/image\/\",\"url\":\"https:\/\/dtr.ma\/wp-content\/uploads\/2024\/11\/DTR-LOGO.svg\",\"contentUrl\":\"https:\/\/dtr.ma\/wp-content\/uploads\/2024\/11\/DTR-LOGO.svg\",\"width\":1528,\"height\":697,\"caption\":\"DTR\"},\"image\":{\"@id\":\"https:\/\/dtr.ma\/fr\/#\/schema\/logo\/image\/\"}}]}<\/script>\n<!-- \/ Yoast SEO Premium plugin. -->","yoast_head_json":{"title":"Enqu\u00eates et formulaires aliment\u00e9s par l'IA - DTR","robots":{"index":"index","follow":"follow","max-snippet":"max-snippet:-1","max-image-preview":"max-image-preview:large","max-video-preview":"max-video-preview:-1"},"canonical":"https:\/\/dtr.ma\/fr\/produit\/enquetes-et-formulaires-alimentes-par-lia\/","og_locale":"fr_FR","og_type":"article","og_title":"Enqu\u00eates et formulaires aliment\u00e9s par l'IA","og_description":"Obtenez des informations significatives gr\u00e2ce \u00e0 des enqu\u00eates adaptatives qui s'ajustent dynamiquement aux r\u00e9ponses des utilisateurs, ce qui permet d'am\u00e9liorer l'engagement et d'obtenir des donn\u00e9es plus pr\u00e9cises. &nbsp;","og_url":"https:\/\/dtr.ma\/fr\/produit\/enquetes-et-formulaires-alimentes-par-lia\/","og_site_name":"DTR","og_image":[{"width":2560,"height":1440,"url":"https:\/\/i0.wp.com\/dtr.ma\/wp-content\/uploads\/2025\/01\/Temp-images7-scaled.jpg?fit=2560%2C1440&ssl=1","type":"image\/jpeg"}],"twitter_card":"summary_large_image","twitter_misc":{"Dur\u00e9e de lecture estim\u00e9e":"1 minute"},"schema":{"@context":"https:\/\/schema.org","@graph":[{"@type":"WebPage","@id":"https:\/\/dtr.ma\/fr\/produit\/enquetes-et-formulaires-alimentes-par-lia\/","url":"https:\/\/dtr.ma\/fr\/produit\/enquetes-et-formulaires-alimentes-par-lia\/","name":"Enqu\u00eates et formulaires aliment\u00e9s par l'IA - DTR","isPartOf":{"@id":"https:\/\/dtr.ma\/fr\/#website"},"primaryImageOfPage":{"@id":"https:\/\/dtr.ma\/fr\/produit\/enquetes-et-formulaires-alimentes-par-lia\/#primaryimage"},"image":{"@id":"https:\/\/dtr.ma\/fr\/produit\/enquetes-et-formulaires-alimentes-par-lia\/#primaryimage"},"thumbnailUrl":"https:\/\/i0.wp.com\/dtr.ma\/wp-content\/uploads\/2025\/01\/Temp-images7-scaled.jpg?fit=2560%2C1440&ssl=1","datePublished":"2025-01-15T00:54:22+00:00","breadcrumb":{"@id":"https:\/\/dtr.ma\/fr\/produit\/enquetes-et-formulaires-alimentes-par-lia\/#breadcrumb"},"inLanguage":"fr-FR","potentialAction":[{"@type":"ReadAction","target":["https:\/\/dtr.ma\/fr\/produit\/enquetes-et-formulaires-alimentes-par-lia\/"]}]},{"@type":"ImageObject","inLanguage":"fr-FR","@id":"https:\/\/dtr.ma\/fr\/produit\/enquetes-et-formulaires-alimentes-par-lia\/#primaryimage","url":"https:\/\/i0.wp.com\/dtr.ma\/wp-content\/uploads\/2025\/01\/Temp-images7-scaled.jpg?fit=2560%2C1440&ssl=1","contentUrl":"https:\/\/i0.wp.com\/dtr.ma\/wp-content\/uploads\/2025\/01\/Temp-images7-scaled.jpg?fit=2560%2C1440&ssl=1","width":2560,"height":1440},{"@type":"BreadcrumbList","@id":"https:\/\/dtr.ma\/fr\/produit\/enquetes-et-formulaires-alimentes-par-lia\/#breadcrumb","itemListElement":[{"@type":"ListItem","position":1,"name":"Home","item":"https:\/\/dtr.ma\/fr\/"},{"@type":"ListItem","position":2,"name":"Boutique","item":"https:\/\/dtr.ma\/fr\/boutique\/"},{"@type":"ListItem","position":3,"name":"Enqu\u00eates et formulaires aliment\u00e9s par l&#8217;IA"}]},{"@type":"WebSite","@id":"https:\/\/dtr.ma\/fr\/#website","url":"https:\/\/dtr.ma\/fr\/","name":"DTR","description":"Smart Business Solutions","publisher":{"@id":"https:\/\/dtr.ma\/fr\/#organization"},"potentialAction":[{"@type":"SearchAction","target":{"@type":"EntryPoint","urlTemplate":"https:\/\/dtr.ma\/fr\/?s={search_term_string}"},"query-input":{"@type":"PropertyValueSpecification","valueRequired":true,"valueName":"search_term_string"}}],"inLanguage":"fr-FR"},{"@type":"Organization","@id":"https:\/\/dtr.ma\/fr\/#organization","name":"DTR","url":"https:\/\/dtr.ma\/fr\/","logo":{"@type":"ImageObject","inLanguage":"fr-FR","@id":"https:\/\/dtr.ma\/fr\/#\/schema\/logo\/image\/","url":"https:\/\/dtr.ma\/wp-content\/uploads\/2024\/11\/DTR-LOGO.svg","contentUrl":"https:\/\/dtr.ma\/wp-content\/uploads\/2024\/11\/DTR-LOGO.svg","width":1528,"height":697,"caption":"DTR"},"image":{"@id":"https:\/\/dtr.ma\/fr\/#\/schema\/logo\/image\/"}}]}},"jetpack_sharing_enabled":true,"_links":{"self":[{"href":"https:\/\/dtr.ma\/fr\/wp-json\/wp\/v2\/product\/3512","targetHints":{"allow":["GET"]}}],"collection":[{"href":"https:\/\/dtr.ma\/fr\/wp-json\/wp\/v2\/product"}],"about":[{"href":"https:\/\/dtr.ma\/fr\/wp-json\/wp\/v2\/types\/product"}],"version-history":[{"count":0,"href":"https:\/\/dtr.ma\/fr\/wp-json\/wp\/v2\/product\/3512\/revisions"}],"wp:featuredmedia":[{"embeddable":true,"href":"https:\/\/dtr.ma\/fr\/wp-json\/wp\/v2\/media\/3253"}],"wp:attachment":[{"href":"https:\/\/dtr.ma\/fr\/wp-json\/wp\/v2\/media?parent=3512"}],"wp:term":[{"taxonomy":"product_brand","embeddable":true,"href":"https:\/\/dtr.ma\/fr\/wp-json\/wp\/v2\/product_brand?post=3512"},{"taxonomy":"product_cat","embeddable":true,"href":"https:\/\/dtr.ma\/fr\/wp-json\/wp\/v2\/product_cat?post=3512"},{"taxonomy":"product_tag","embeddable":true,"href":"https:\/\/dtr.ma\/fr\/wp-json\/wp\/v2\/product_tag?post=3512"}],"curies":[{"name":"wp","href":"https:\/\/api.w.org\/{rel}","templated":true}]}}