{"id":3516,"date":"2025-01-15T00:22:58","date_gmt":"2025-01-15T00:22:58","guid":{"rendered":"https:\/\/dtr.ma\/product\/personal-branding\/"},"modified":"2025-01-15T00:22:58","modified_gmt":"2025-01-15T00:22:58","slug":"personal-branding","status":"publish","type":"product","link":"https:\/\/dtr.ma\/fr\/produit\/personal-branding\/","title":{"rendered":"Personal Branding"},"content":{"rendered":"<p>Vous \u00eates pr\u00eat \u00e0 cr\u00e9er une marque personnelle puissante qui trouve un \u00e9cho aupr\u00e8s de votre public ? Nos <strong>services d&#8217;image de marque personnelle<\/strong> mettent l&#8217;accent sur la <strong>flexibilit\u00e9<\/strong> et la <strong>personnalisation<\/strong> afin de mettre en valeur vos points forts, de d\u00e9finir votre message et de cr\u00e9er une pr\u00e9sence en ligne coh\u00e9rente. Que vous soyez consultant, ind\u00e9pendant ou cadre, notre objectif est de vous donner une identit\u00e9 de marque de <strong>haute qualit\u00e9<\/strong> qui renforce votre cr\u00e9dibilit\u00e9 et vous ouvre les portes de nouvelles opportunit\u00e9s. Nous commen\u00e7ons par comprendre vos objectifs, votre vision et votre march\u00e9 cible. Ensuite, nous d\u00e9veloppons une identit\u00e9 visuelle distinctive, une strat\u00e9gie de contenu engageante et des profils de m\u00e9dias sociaux rationalis\u00e9s. Notre approche vous permet de pr\u00e9senter une image coh\u00e9rente et authentique qui vous aide \u00e0 communiquer avec vos clients, vos collaborateurs et vos followers.  <\/p>\n<p><strong>Ce qui est inclus<\/strong><\/p>\n<ul>\n<li><strong>Logo personnel et \u00e9l\u00e9ments visuels<\/strong><br \/>\nDes cr\u00e9ations qui refl\u00e8tent votre style professionnel et votre personnalit\u00e9.<\/li>\n<li><strong>Messagerie et d\u00e9veloppement d&#8217;histoires<\/strong><br \/>\n\u00c9laborer une narration claire et convaincante qui vous distingue des autres.<\/li>\n<li><strong>Strat\u00e9gie en mati\u00e8re de m\u00e9dias sociaux<\/strong><br \/>\nPlans personnalis\u00e9s pour une diffusion coh\u00e9rente et cibl\u00e9e sur les plateformes appropri\u00e9es.<\/li>\n<li><strong>Soutien continu et mises \u00e0 jour<\/strong> <em>(facultatif)<\/em><br \/>\nMaintenez votre marque personnelle \u00e0 jour gr\u00e2ce \u00e0 des mises \u00e0 jour et \u00e0 un coaching p\u00e9riodiques.<\/li>\n<\/ul>\n<p><strong>Pourquoi nous choisir ?<\/strong><\/p>\n<ul>\n<li><strong>Des choix flexibles :<\/strong> Personnalisez chaque \u00e9l\u00e9ment pour qu&#8217;il corresponde \u00e0 vos objectifs individuels.<\/li>\n<li><strong>Des normes de haute qualit\u00e9 :<\/strong> Recevez des conceptions soign\u00e9es et des strat\u00e9gies bien document\u00e9es.<\/li>\n<li><strong>Approche personnalis\u00e9e :<\/strong> Nous travaillons en \u00e9troite collaboration pour nous assurer que votre marque refl\u00e8te vraiment qui vous \u00eates.<br \/>\n<h3>Configuration de base de la marque personnelle<\/h3>\n<ul>\n<li><strong>Logo ou monogramme personnel<\/strong><br \/>\nDesign qui refl\u00e8te votre identit\u00e9 professionnelle.<\/li>\n<li><strong>S\u00e9lection de base des couleurs et de la typographie<\/strong><br \/>\nUn guide simple pour assurer la coh\u00e9rence de votre marque personnelle.<\/li>\n<li><strong>Mise \u00e0 jour des profils de m\u00e9dias sociaux<\/strong><br \/>\nAjustements visuels pour vos principaux canaux sociaux.<\/li>\n<li><strong>Aper\u00e7u du message<\/strong><br \/>\nRecommandations de haut niveau sur votre r\u00e9cit personnel et votre slogan.<\/li>\n<\/ul>\n<h3>Package complet de Personal Branding<\/h3>\n<ul>\n<li><strong>Logo personnel et identit\u00e9 visuelle personnalis\u00e9s<\/strong><br \/>\nPlusieurs concepts et designs raffin\u00e9s qui mettent en valeur votre style unique.<\/li>\n<li><strong>Palette de couleurs et typographie \u00e9largie<\/strong><br \/>\nUne s\u00e9lection plus \u00e9tendue de couleurs de marque et de polices de caract\u00e8res compl\u00e9mentaires.<\/li>\n<li><strong>Strat\u00e9gie en mati\u00e8re de m\u00e9dias sociaux<\/strong><br \/>\nStrat\u00e9gies sp\u00e9cifiques aux plateformes, y compris les th\u00e8mes de contenu et les directives de publication.<\/li>\n<li><strong>D\u00e9veloppement de messages et d&#8217;histoires<\/strong><br \/>\nCr\u00e9ation d&#8217;une histoire de marque coh\u00e9rente, de messages cl\u00e9s et d&#8217;un style de communication.<\/li>\n<li><strong>Soutien continu et mises \u00e0 jour<\/strong> <em>(en option)<\/em><br \/>\nDes contr\u00f4les p\u00e9riodiques pour affiner et faire \u00e9voluer votre marque personnelle au fur et \u00e0 mesure de votre croissance.<\/li>\n<\/ul>\n<\/li>\n<\/ul>\n","protected":false},"excerpt":{"rendered":"<p>Mettez en valeur votre identit\u00e9 unique et votre expertise gr\u00e2ce \u00e0 nos services de strat\u00e9gie de marque personnelle. Nous concevons des logos, des messages et des strat\u00e9gies de pr\u00e9sence sur les m\u00e9dias sociaux sur mesure qui vous aideront \u00e0 vous d\u00e9marquer. <\/p>\n","protected":false},"featured_media":2749,"template":"","meta":{"_mo_disable_npp":"","om_disable_all_campaigns":false,"inline_featured_image":false,"_monsterinsights_skip_tracking":false,"_monsterinsights_sitenote_active":false,"_monsterinsights_sitenote_note":"","_monsterinsights_sitenote_category":0,"_uf_show_specific_survey":0,"_uf_disable_surveys":false},"product_brand":[],"product_cat":[99,106],"product_tag":[],"class_list":{"0":"post-3516","1":"product","2":"type-product","3":"status-publish","4":"has-post-thumbnail","6":"product_cat-services-fr","7":"product_cat-services-dimage-de-marque","9":"first","10":"instock","11":"sold-individually","12":"shipping-taxable","13":"purchasable","14":"product-type-variable"},"yoast_head":"<!-- This site is optimized with the Yoast SEO Premium plugin v20.13 (Yoast SEO v25.9) - https:\/\/yoast.com\/wordpress\/plugins\/seo\/ -->\n<title>Personal Branding - DTR<\/title>\n<meta name=\"robots\" content=\"index, follow, max-snippet:-1, max-image-preview:large, max-video-preview:-1\" \/>\n<link rel=\"canonical\" href=\"https:\/\/dtr.ma\/fr\/produit\/personal-branding\/\" \/>\n<meta property=\"og:locale\" content=\"fr_FR\" \/>\n<meta property=\"og:type\" content=\"article\" \/>\n<meta property=\"og:title\" content=\"Personal Branding\" \/>\n<meta property=\"og:description\" content=\"Mettez en valeur votre identit\u00e9 unique et votre expertise gr\u00e2ce \u00e0 nos services de strat\u00e9gie de marque personnelle. Nous concevons des logos, des messages et des strat\u00e9gies de pr\u00e9sence sur les m\u00e9dias sociaux sur mesure qui vous aideront \u00e0 vous d\u00e9marquer.\" \/>\n<meta property=\"og:url\" content=\"https:\/\/dtr.ma\/fr\/produit\/personal-branding\/\" \/>\n<meta property=\"og:site_name\" content=\"DTR\" \/>\n<meta property=\"og:image\" content=\"https:\/\/i0.wp.com\/dtr.ma\/wp-content\/uploads\/2025\/01\/Temp-images4-scaled.jpeg?fit=2560%2C1438&ssl=1\" \/>\n\t<meta property=\"og:image:width\" content=\"2560\" \/>\n\t<meta property=\"og:image:height\" content=\"1438\" \/>\n\t<meta property=\"og:image:type\" content=\"image\/jpeg\" \/>\n<meta name=\"twitter:card\" content=\"summary_large_image\" \/>\n<meta name=\"twitter:label1\" content=\"Dur\u00e9e de lecture estim\u00e9e\" \/>\n\t<meta name=\"twitter:data1\" content=\"2 minutes\" \/>\n<script type=\"application\/ld+json\" class=\"yoast-schema-graph\">{\"@context\":\"https:\/\/schema.org\",\"@graph\":[{\"@type\":\"WebPage\",\"@id\":\"https:\/\/dtr.ma\/fr\/produit\/personal-branding\/\",\"url\":\"https:\/\/dtr.ma\/fr\/produit\/personal-branding\/\",\"name\":\"Personal Branding - DTR\",\"isPartOf\":{\"@id\":\"https:\/\/dtr.ma\/fr\/#website\"},\"primaryImageOfPage\":{\"@id\":\"https:\/\/dtr.ma\/fr\/produit\/personal-branding\/#primaryimage\"},\"image\":{\"@id\":\"https:\/\/dtr.ma\/fr\/produit\/personal-branding\/#primaryimage\"},\"thumbnailUrl\":\"https:\/\/i0.wp.com\/dtr.ma\/wp-content\/uploads\/2022\/12\/Icones-18.jpg?fit=1668%2C1123&ssl=1\",\"datePublished\":\"2025-01-15T00:22:58+00:00\",\"breadcrumb\":{\"@id\":\"https:\/\/dtr.ma\/fr\/produit\/personal-branding\/#breadcrumb\"},\"inLanguage\":\"fr-FR\",\"potentialAction\":[{\"@type\":\"ReadAction\",\"target\":[\"https:\/\/dtr.ma\/fr\/produit\/personal-branding\/\"]}]},{\"@type\":\"ImageObject\",\"inLanguage\":\"fr-FR\",\"@id\":\"https:\/\/dtr.ma\/fr\/produit\/personal-branding\/#primaryimage\",\"url\":\"https:\/\/i0.wp.com\/dtr.ma\/wp-content\/uploads\/2022\/12\/Icones-18.jpg?fit=1668%2C1123&ssl=1\",\"contentUrl\":\"https:\/\/i0.wp.com\/dtr.ma\/wp-content\/uploads\/2022\/12\/Icones-18.jpg?fit=1668%2C1123&ssl=1\",\"width\":1668,\"height\":1123},{\"@type\":\"BreadcrumbList\",\"@id\":\"https:\/\/dtr.ma\/fr\/produit\/personal-branding\/#breadcrumb\",\"itemListElement\":[{\"@type\":\"ListItem\",\"position\":1,\"name\":\"Home\",\"item\":\"https:\/\/dtr.ma\/fr\/\"},{\"@type\":\"ListItem\",\"position\":2,\"name\":\"Boutique\",\"item\":\"https:\/\/dtr.ma\/fr\/boutique\/\"},{\"@type\":\"ListItem\",\"position\":3,\"name\":\"Personal Branding\"}]},{\"@type\":\"WebSite\",\"@id\":\"https:\/\/dtr.ma\/fr\/#website\",\"url\":\"https:\/\/dtr.ma\/fr\/\",\"name\":\"DTR\",\"description\":\"Smart Business Solutions\",\"publisher\":{\"@id\":\"https:\/\/dtr.ma\/fr\/#organization\"},\"potentialAction\":[{\"@type\":\"SearchAction\",\"target\":{\"@type\":\"EntryPoint\",\"urlTemplate\":\"https:\/\/dtr.ma\/fr\/?s={search_term_string}\"},\"query-input\":{\"@type\":\"PropertyValueSpecification\",\"valueRequired\":true,\"valueName\":\"search_term_string\"}}],\"inLanguage\":\"fr-FR\"},{\"@type\":\"Organization\",\"@id\":\"https:\/\/dtr.ma\/fr\/#organization\",\"name\":\"DTR\",\"url\":\"https:\/\/dtr.ma\/fr\/\",\"logo\":{\"@type\":\"ImageObject\",\"inLanguage\":\"fr-FR\",\"@id\":\"https:\/\/dtr.ma\/fr\/#\/schema\/logo\/image\/\",\"url\":\"https:\/\/dtr.ma\/wp-content\/uploads\/2024\/11\/DTR-LOGO.svg\",\"contentUrl\":\"https:\/\/dtr.ma\/wp-content\/uploads\/2024\/11\/DTR-LOGO.svg\",\"width\":1528,\"height\":697,\"caption\":\"DTR\"},\"image\":{\"@id\":\"https:\/\/dtr.ma\/fr\/#\/schema\/logo\/image\/\"}}]}<\/script>\n<!-- \/ Yoast SEO Premium plugin. -->","yoast_head_json":{"title":"Personal Branding - DTR","robots":{"index":"index","follow":"follow","max-snippet":"max-snippet:-1","max-image-preview":"max-image-preview:large","max-video-preview":"max-video-preview:-1"},"canonical":"https:\/\/dtr.ma\/fr\/produit\/personal-branding\/","og_locale":"fr_FR","og_type":"article","og_title":"Personal Branding","og_description":"Mettez en valeur votre identit\u00e9 unique et votre expertise gr\u00e2ce \u00e0 nos services de strat\u00e9gie de marque personnelle. Nous concevons des logos, des messages et des strat\u00e9gies de pr\u00e9sence sur les m\u00e9dias sociaux sur mesure qui vous aideront \u00e0 vous d\u00e9marquer.","og_url":"https:\/\/dtr.ma\/fr\/produit\/personal-branding\/","og_site_name":"DTR","og_image":[{"width":2560,"height":1438,"url":"https:\/\/i0.wp.com\/dtr.ma\/wp-content\/uploads\/2025\/01\/Temp-images4-scaled.jpeg?fit=2560%2C1438&ssl=1","type":"image\/jpeg"}],"twitter_card":"summary_large_image","twitter_misc":{"Dur\u00e9e de lecture estim\u00e9e":"2 minutes"},"schema":{"@context":"https:\/\/schema.org","@graph":[{"@type":"WebPage","@id":"https:\/\/dtr.ma\/fr\/produit\/personal-branding\/","url":"https:\/\/dtr.ma\/fr\/produit\/personal-branding\/","name":"Personal Branding - DTR","isPartOf":{"@id":"https:\/\/dtr.ma\/fr\/#website"},"primaryImageOfPage":{"@id":"https:\/\/dtr.ma\/fr\/produit\/personal-branding\/#primaryimage"},"image":{"@id":"https:\/\/dtr.ma\/fr\/produit\/personal-branding\/#primaryimage"},"thumbnailUrl":"https:\/\/i0.wp.com\/dtr.ma\/wp-content\/uploads\/2022\/12\/Icones-18.jpg?fit=1668%2C1123&ssl=1","datePublished":"2025-01-15T00:22:58+00:00","breadcrumb":{"@id":"https:\/\/dtr.ma\/fr\/produit\/personal-branding\/#breadcrumb"},"inLanguage":"fr-FR","potentialAction":[{"@type":"ReadAction","target":["https:\/\/dtr.ma\/fr\/produit\/personal-branding\/"]}]},{"@type":"ImageObject","inLanguage":"fr-FR","@id":"https:\/\/dtr.ma\/fr\/produit\/personal-branding\/#primaryimage","url":"https:\/\/i0.wp.com\/dtr.ma\/wp-content\/uploads\/2022\/12\/Icones-18.jpg?fit=1668%2C1123&ssl=1","contentUrl":"https:\/\/i0.wp.com\/dtr.ma\/wp-content\/uploads\/2022\/12\/Icones-18.jpg?fit=1668%2C1123&ssl=1","width":1668,"height":1123},{"@type":"BreadcrumbList","@id":"https:\/\/dtr.ma\/fr\/produit\/personal-branding\/#breadcrumb","itemListElement":[{"@type":"ListItem","position":1,"name":"Home","item":"https:\/\/dtr.ma\/fr\/"},{"@type":"ListItem","position":2,"name":"Boutique","item":"https:\/\/dtr.ma\/fr\/boutique\/"},{"@type":"ListItem","position":3,"name":"Personal Branding"}]},{"@type":"WebSite","@id":"https:\/\/dtr.ma\/fr\/#website","url":"https:\/\/dtr.ma\/fr\/","name":"DTR","description":"Smart Business Solutions","publisher":{"@id":"https:\/\/dtr.ma\/fr\/#organization"},"potentialAction":[{"@type":"SearchAction","target":{"@type":"EntryPoint","urlTemplate":"https:\/\/dtr.ma\/fr\/?s={search_term_string}"},"query-input":{"@type":"PropertyValueSpecification","valueRequired":true,"valueName":"search_term_string"}}],"inLanguage":"fr-FR"},{"@type":"Organization","@id":"https:\/\/dtr.ma\/fr\/#organization","name":"DTR","url":"https:\/\/dtr.ma\/fr\/","logo":{"@type":"ImageObject","inLanguage":"fr-FR","@id":"https:\/\/dtr.ma\/fr\/#\/schema\/logo\/image\/","url":"https:\/\/dtr.ma\/wp-content\/uploads\/2024\/11\/DTR-LOGO.svg","contentUrl":"https:\/\/dtr.ma\/wp-content\/uploads\/2024\/11\/DTR-LOGO.svg","width":1528,"height":697,"caption":"DTR"},"image":{"@id":"https:\/\/dtr.ma\/fr\/#\/schema\/logo\/image\/"}}]}},"jetpack_sharing_enabled":true,"_links":{"self":[{"href":"https:\/\/dtr.ma\/fr\/wp-json\/wp\/v2\/product\/3516","targetHints":{"allow":["GET"]}}],"collection":[{"href":"https:\/\/dtr.ma\/fr\/wp-json\/wp\/v2\/product"}],"about":[{"href":"https:\/\/dtr.ma\/fr\/wp-json\/wp\/v2\/types\/product"}],"version-history":[{"count":0,"href":"https:\/\/dtr.ma\/fr\/wp-json\/wp\/v2\/product\/3516\/revisions"}],"wp:featuredmedia":[{"embeddable":true,"href":"https:\/\/dtr.ma\/fr\/wp-json\/wp\/v2\/media\/2749"}],"wp:attachment":[{"href":"https:\/\/dtr.ma\/fr\/wp-json\/wp\/v2\/media?parent=3516"}],"wp:term":[{"taxonomy":"product_brand","embeddable":true,"href":"https:\/\/dtr.ma\/fr\/wp-json\/wp\/v2\/product_brand?post=3516"},{"taxonomy":"product_cat","embeddable":true,"href":"https:\/\/dtr.ma\/fr\/wp-json\/wp\/v2\/product_cat?post=3516"},{"taxonomy":"product_tag","embeddable":true,"href":"https:\/\/dtr.ma\/fr\/wp-json\/wp\/v2\/product_tag?post=3516"}],"curies":[{"name":"wp","href":"https:\/\/api.w.org\/{rel}","templated":true}]}}