{"id":3521,"date":"2025-01-18T01:02:24","date_gmt":"2025-01-18T01:02:24","guid":{"rendered":"https:\/\/dtr.ma\/product\/jolie\/"},"modified":"2025-01-18T01:02:24","modified_gmt":"2025-01-18T01:02:24","slug":"jolie","status":"publish","type":"product","link":"https:\/\/dtr.ma\/fr\/produit\/jolie\/","title":{"rendered":"Jolie"},"content":{"rendered":"<p><strong>Jolie.ma<\/strong> est un nom de domaine et une marque exquis qui repr\u00e9sente l&#8217;\u00e9l\u00e9gance, le charme et la beaut\u00e9. D\u00e9riv\u00e9 du mot fran\u00e7ais &#8220;jolie&#8221;, ce nom de domaine est parfait pour les entreprises qui souhaitent cr\u00e9er une impression de sophistication et de style. Avec sa structure succincte et m\u00e9morable et son lien profond avec le march\u00e9 marocain francophone, <strong>Jolie.ma<\/strong> est un atout de premier ordre pour les entreprises des secteurs qui c\u00e9l\u00e8brent l&#8217;esth\u00e9tique, le luxe et le bien-\u00eatre.  <\/p>\n<h4>Pourquoi <strong>Jolie.ma<\/strong> est un atout pr\u00e9cieux :<\/h4>\n<ol>\n<li><strong>Un nom synonyme de beaut\u00e9<\/strong><br \/>\nLe mot &#8220;Jolie&#8221; \u00e9voque naturellement des sentiments de beaut\u00e9, d&#8217;allure et de gr\u00e2ce, ce qui le rend id\u00e9al pour des secteurs tels que la <strong>mode<\/strong>, les <strong>cosm\u00e9tiques<\/strong>, les <strong>produits de luxe<\/strong> et les <strong>services de bien-\u00eatre<\/strong>. C&#8217;est un nom qui touche imm\u00e9diatement les publics \u00e0 la recherche de sophistication et d&#8217;offres de haute qualit\u00e9. <\/li>\n<li><strong>Polyvalence sur tous les cr\u00e9neaux<\/strong><br \/>\nQue vous soyez un salon de beaut\u00e9, une boutique de mode haut de gamme, un spa de bien-\u00eatre ou une marque de bijoux haut de gamme, <strong>Jolie.ma<\/strong> positionne votre entreprise comme \u00e9l\u00e9gante et exclusive. Son universalit\u00e9 lui permet de s&#8217;adapter \u00e0 un large \u00e9ventail d&#8217;utilisations tout en conservant son attrait luxueux. <\/li>\n<li><strong>M\u00e9morable et favorable au r\u00e9f\u00e9rencement<\/strong><br \/>\nCourt, intuitif et \u00e9vocateur, <strong>Jolie.ma<\/strong> est un domaine favorable au r\u00e9f\u00e9rencement qui se classe bien dans les recherches li\u00e9es \u00e0 la beaut\u00e9, \u00e0 l&#8217;\u00e9l\u00e9gance et \u00e0 la culture marocaine. Sa simplicit\u00e9 garantit qu&#8217;il est facile \u00e0 \u00e9peler, \u00e0 m\u00e9moriser et \u00e0 promouvoir sur les plateformes num\u00e9riques et hors ligne, ce qui donne aux entreprises un avantage concurrentiel ind\u00e9niable. <\/li>\n<li><strong>Pertinence culturelle et linguistique<\/strong><br \/>\nAu Maroc, o\u00f9 le fran\u00e7ais est largement parl\u00e9 et associ\u00e9 \u00e0 la sophistication, <strong>Jolie.ma<\/strong> a une forte r\u00e9sonance aupr\u00e8s des publics locaux et internationaux. L&#8217;extension &#8220;.ma&#8221; renforce son authenticit\u00e9 et son lien avec le Maroc tout en attirant les march\u00e9s mondiaux, en particulier les pays francophones. <\/li>\n<li><strong>Potentiel de marque de premier ordre<\/strong><br \/>\nDes mots uniques et significatifs comme &#8220;Jolie&#8221; sont rares et tr\u00e8s recherch\u00e9s sur le march\u00e9 des domaines. Poss\u00e9der <strong>Jolie.ma<\/strong> permet aux entreprises d&#8217;\u00e9tablir une identit\u00e9 unique et exclusive, cr\u00e9ant une reconnaissance et une confiance instantan\u00e9es parmi les clients. <\/li>\n<\/ol>\n<h4>Utilisations potentielles de <strong>Jolie.ma :<\/strong><\/h4>\n<ul>\n<li><strong>Marques de produits de beaut\u00e9 et de soins<\/strong>: Cr\u00e9ez une marque luxueuse autour du th\u00e8me de la beaut\u00e9 naturelle et de l&#8217;\u00e9l\u00e9gance.<\/li>\n<li><strong>Mode et accessoires<\/strong>: Mettez en avant les offres \u00e9l\u00e9gantes, tendance et sophistiqu\u00e9es pour les clients exigeants.<\/li>\n<li><strong>Services de bien-\u00eatre et de spa<\/strong>: Cr\u00e9ez une marque sereine et haut de gamme qui met l&#8217;accent sur le soin de soi et le rajeunissement.<\/li>\n<li><strong>Produits de luxe ou bijoux<\/strong>: Commercialisez des produits exclusifs et haut de gamme dans un domaine qui refl\u00e8te le raffinement et le charme.<\/li>\n<li><strong>Plateformes de commerce \u00e9lectronique<\/strong>: Lancez une boutique en ligne chic proposant des produits s\u00e9lectionn\u00e9s qui incarnent la beaut\u00e9 et l&#8217;\u00e9l\u00e9gance.<\/li>\n<\/ul>\n<h4>Avantages SEO de <strong>Jolie.ma :<\/strong><\/h4>\n<p>Le nom &#8220;Jolie&#8221; s&#8217;aligne parfaitement avec les termes de recherche cl\u00e9s li\u00e9s \u00e0 la beaut\u00e9, au style et \u00e0 la gr\u00e2ce, ce qui le rend tr\u00e8s efficace pour l&#8217;optimisation des moteurs de recherche. Que votre public cible recherche des produits de beaut\u00e9 de luxe ou des accessoires de mode, <strong>Jolie.ma<\/strong> permet \u00e0 votre marque de se d\u00e9marquer dans les r\u00e9sultats de recherche. L&#8217;extension &#8220;.ma&#8221; renforce la confiance du public marocain, ce qui stimule les performances du r\u00e9f\u00e9rencement local et am\u00e9liore la visibilit\u00e9 de la marque. En acqu\u00e9rant <strong>Jolie.ma<\/strong>, les entreprises b\u00e9n\u00e9ficient d&#8217;un domaine \u00e9l\u00e9gant et intemporel qui sert de pierre angulaire \u00e0 la construction d&#8217;une marque captivante. Que vous soyez un entrepreneur lan\u00e7ant une nouvelle entreprise ou une soci\u00e9t\u00e9 \u00e9tablie cherchant \u00e0 rehausser son image, <strong>Jolie.ma<\/strong> offre un potentiel in\u00e9gal\u00e9 en mati\u00e8re de marque et de marketing.  <\/p>\n","protected":false},"excerpt":{"rendered":"<p><strong>Jolie.ma<\/strong> &#8211; Un nom de marque et un domaine haut de gamme qui respire l&#8217;\u00e9l\u00e9gance, la beaut\u00e9 et la sophistication. Id\u00e9al pour les entreprises du secteur de la mode, de la beaut\u00e9, du bien-\u00eatre ou des services de luxe au Maroc. <\/p>\n","protected":false},"featured_media":3765,"template":"","meta":{"_mo_disable_npp":"","om_disable_all_campaigns":false,"inline_featured_image":false,"_monsterinsights_skip_tracking":false,"_monsterinsights_sitenote_active":false,"_monsterinsights_sitenote_note":"","_monsterinsights_sitenote_category":0,"_uf_show_specific_survey":0,"_uf_disable_surveys":false},"product_brand":[],"product_cat":[113],"product_tag":[],"class_list":{"0":"post-3521","1":"product","2":"type-product","3":"status-publish","4":"has-post-thumbnail","6":"product_cat-marques-pretes-a-lemploi","8":"first","9":"instock","10":"virtual","11":"sold-individually","12":"product-type-simple"},"yoast_head":"<!-- This site is optimized with the Yoast SEO Premium plugin v20.13 (Yoast SEO v25.9) - https:\/\/yoast.com\/wordpress\/plugins\/seo\/ -->\n<title>Jolie - DTR<\/title>\n<meta name=\"robots\" content=\"index, follow, max-snippet:-1, max-image-preview:large, max-video-preview:-1\" \/>\n<link rel=\"canonical\" href=\"https:\/\/dtr.ma\/fr\/produit\/jolie\/\" \/>\n<meta property=\"og:locale\" content=\"fr_FR\" \/>\n<meta property=\"og:type\" content=\"article\" \/>\n<meta property=\"og:title\" content=\"Jolie\" \/>\n<meta property=\"og:description\" content=\"Jolie.ma - Un nom de marque et un domaine haut de gamme qui respire l&#039;\u00e9l\u00e9gance, la beaut\u00e9 et la sophistication. Id\u00e9al pour les entreprises du secteur de la mode, de la beaut\u00e9, du bien-\u00eatre ou des services de luxe au Maroc.\" \/>\n<meta property=\"og:url\" content=\"https:\/\/dtr.ma\/fr\/produit\/jolie\/\" \/>\n<meta property=\"og:site_name\" content=\"DTR\" \/>\n<meta property=\"og:image\" content=\"https:\/\/i0.wp.com\/dtr.ma\/wp-content\/uploads\/2025\/01\/Jolie-ma-1.jpg?fit=1667%2C1123&ssl=1\" \/>\n\t<meta property=\"og:image:width\" content=\"1667\" \/>\n\t<meta property=\"og:image:height\" content=\"1123\" \/>\n\t<meta property=\"og:image:type\" content=\"image\/jpeg\" \/>\n<meta name=\"twitter:card\" content=\"summary_large_image\" \/>\n<meta name=\"twitter:label1\" content=\"Dur\u00e9e de lecture estim\u00e9e\" \/>\n\t<meta name=\"twitter:data1\" content=\"3 minutes\" \/>\n<script type=\"application\/ld+json\" class=\"yoast-schema-graph\">{\"@context\":\"https:\/\/schema.org\",\"@graph\":[{\"@type\":\"WebPage\",\"@id\":\"https:\/\/dtr.ma\/fr\/produit\/jolie\/\",\"url\":\"https:\/\/dtr.ma\/fr\/produit\/jolie\/\",\"name\":\"Jolie - DTR\",\"isPartOf\":{\"@id\":\"https:\/\/dtr.ma\/fr\/#website\"},\"primaryImageOfPage\":{\"@id\":\"https:\/\/dtr.ma\/fr\/produit\/jolie\/#primaryimage\"},\"image\":{\"@id\":\"https:\/\/dtr.ma\/fr\/produit\/jolie\/#primaryimage\"},\"thumbnailUrl\":\"https:\/\/i0.wp.com\/dtr.ma\/wp-content\/uploads\/2025\/01\/Product-DTR-Brands-04.jpg?fit=1667%2C1123&ssl=1\",\"datePublished\":\"2025-01-18T01:02:24+00:00\",\"breadcrumb\":{\"@id\":\"https:\/\/dtr.ma\/fr\/produit\/jolie\/#breadcrumb\"},\"inLanguage\":\"fr-FR\",\"potentialAction\":[{\"@type\":\"ReadAction\",\"target\":[\"https:\/\/dtr.ma\/fr\/produit\/jolie\/\"]}]},{\"@type\":\"ImageObject\",\"inLanguage\":\"fr-FR\",\"@id\":\"https:\/\/dtr.ma\/fr\/produit\/jolie\/#primaryimage\",\"url\":\"https:\/\/i0.wp.com\/dtr.ma\/wp-content\/uploads\/2025\/01\/Product-DTR-Brands-04.jpg?fit=1667%2C1123&ssl=1\",\"contentUrl\":\"https:\/\/i0.wp.com\/dtr.ma\/wp-content\/uploads\/2025\/01\/Product-DTR-Brands-04.jpg?fit=1667%2C1123&ssl=1\",\"width\":1667,\"height\":1123},{\"@type\":\"BreadcrumbList\",\"@id\":\"https:\/\/dtr.ma\/fr\/produit\/jolie\/#breadcrumb\",\"itemListElement\":[{\"@type\":\"ListItem\",\"position\":1,\"name\":\"Home\",\"item\":\"https:\/\/dtr.ma\/fr\/\"},{\"@type\":\"ListItem\",\"position\":2,\"name\":\"Boutique\",\"item\":\"https:\/\/dtr.ma\/fr\/boutique\/\"},{\"@type\":\"ListItem\",\"position\":3,\"name\":\"Jolie\"}]},{\"@type\":\"WebSite\",\"@id\":\"https:\/\/dtr.ma\/fr\/#website\",\"url\":\"https:\/\/dtr.ma\/fr\/\",\"name\":\"DTR\",\"description\":\"Smart Business Solutions\",\"publisher\":{\"@id\":\"https:\/\/dtr.ma\/fr\/#organization\"},\"potentialAction\":[{\"@type\":\"SearchAction\",\"target\":{\"@type\":\"EntryPoint\",\"urlTemplate\":\"https:\/\/dtr.ma\/fr\/?s={search_term_string}\"},\"query-input\":{\"@type\":\"PropertyValueSpecification\",\"valueRequired\":true,\"valueName\":\"search_term_string\"}}],\"inLanguage\":\"fr-FR\"},{\"@type\":\"Organization\",\"@id\":\"https:\/\/dtr.ma\/fr\/#organization\",\"name\":\"DTR\",\"url\":\"https:\/\/dtr.ma\/fr\/\",\"logo\":{\"@type\":\"ImageObject\",\"inLanguage\":\"fr-FR\",\"@id\":\"https:\/\/dtr.ma\/fr\/#\/schema\/logo\/image\/\",\"url\":\"https:\/\/dtr.ma\/wp-content\/uploads\/2024\/11\/DTR-LOGO.svg\",\"contentUrl\":\"https:\/\/dtr.ma\/wp-content\/uploads\/2024\/11\/DTR-LOGO.svg\",\"width\":1528,\"height\":697,\"caption\":\"DTR\"},\"image\":{\"@id\":\"https:\/\/dtr.ma\/fr\/#\/schema\/logo\/image\/\"}}]}<\/script>\n<!-- \/ Yoast SEO Premium plugin. -->","yoast_head_json":{"title":"Jolie - DTR","robots":{"index":"index","follow":"follow","max-snippet":"max-snippet:-1","max-image-preview":"max-image-preview:large","max-video-preview":"max-video-preview:-1"},"canonical":"https:\/\/dtr.ma\/fr\/produit\/jolie\/","og_locale":"fr_FR","og_type":"article","og_title":"Jolie","og_description":"Jolie.ma - Un nom de marque et un domaine haut de gamme qui respire l'\u00e9l\u00e9gance, la beaut\u00e9 et la sophistication. Id\u00e9al pour les entreprises du secteur de la mode, de la beaut\u00e9, du bien-\u00eatre ou des services de luxe au Maroc.","og_url":"https:\/\/dtr.ma\/fr\/produit\/jolie\/","og_site_name":"DTR","og_image":[{"width":1667,"height":1123,"url":"https:\/\/i0.wp.com\/dtr.ma\/wp-content\/uploads\/2025\/01\/Jolie-ma-1.jpg?fit=1667%2C1123&ssl=1","type":"image\/jpeg"}],"twitter_card":"summary_large_image","twitter_misc":{"Dur\u00e9e de lecture estim\u00e9e":"3 minutes"},"schema":{"@context":"https:\/\/schema.org","@graph":[{"@type":"WebPage","@id":"https:\/\/dtr.ma\/fr\/produit\/jolie\/","url":"https:\/\/dtr.ma\/fr\/produit\/jolie\/","name":"Jolie - DTR","isPartOf":{"@id":"https:\/\/dtr.ma\/fr\/#website"},"primaryImageOfPage":{"@id":"https:\/\/dtr.ma\/fr\/produit\/jolie\/#primaryimage"},"image":{"@id":"https:\/\/dtr.ma\/fr\/produit\/jolie\/#primaryimage"},"thumbnailUrl":"https:\/\/i0.wp.com\/dtr.ma\/wp-content\/uploads\/2025\/01\/Product-DTR-Brands-04.jpg?fit=1667%2C1123&ssl=1","datePublished":"2025-01-18T01:02:24+00:00","breadcrumb":{"@id":"https:\/\/dtr.ma\/fr\/produit\/jolie\/#breadcrumb"},"inLanguage":"fr-FR","potentialAction":[{"@type":"ReadAction","target":["https:\/\/dtr.ma\/fr\/produit\/jolie\/"]}]},{"@type":"ImageObject","inLanguage":"fr-FR","@id":"https:\/\/dtr.ma\/fr\/produit\/jolie\/#primaryimage","url":"https:\/\/i0.wp.com\/dtr.ma\/wp-content\/uploads\/2025\/01\/Product-DTR-Brands-04.jpg?fit=1667%2C1123&ssl=1","contentUrl":"https:\/\/i0.wp.com\/dtr.ma\/wp-content\/uploads\/2025\/01\/Product-DTR-Brands-04.jpg?fit=1667%2C1123&ssl=1","width":1667,"height":1123},{"@type":"BreadcrumbList","@id":"https:\/\/dtr.ma\/fr\/produit\/jolie\/#breadcrumb","itemListElement":[{"@type":"ListItem","position":1,"name":"Home","item":"https:\/\/dtr.ma\/fr\/"},{"@type":"ListItem","position":2,"name":"Boutique","item":"https:\/\/dtr.ma\/fr\/boutique\/"},{"@type":"ListItem","position":3,"name":"Jolie"}]},{"@type":"WebSite","@id":"https:\/\/dtr.ma\/fr\/#website","url":"https:\/\/dtr.ma\/fr\/","name":"DTR","description":"Smart Business Solutions","publisher":{"@id":"https:\/\/dtr.ma\/fr\/#organization"},"potentialAction":[{"@type":"SearchAction","target":{"@type":"EntryPoint","urlTemplate":"https:\/\/dtr.ma\/fr\/?s={search_term_string}"},"query-input":{"@type":"PropertyValueSpecification","valueRequired":true,"valueName":"search_term_string"}}],"inLanguage":"fr-FR"},{"@type":"Organization","@id":"https:\/\/dtr.ma\/fr\/#organization","name":"DTR","url":"https:\/\/dtr.ma\/fr\/","logo":{"@type":"ImageObject","inLanguage":"fr-FR","@id":"https:\/\/dtr.ma\/fr\/#\/schema\/logo\/image\/","url":"https:\/\/dtr.ma\/wp-content\/uploads\/2024\/11\/DTR-LOGO.svg","contentUrl":"https:\/\/dtr.ma\/wp-content\/uploads\/2024\/11\/DTR-LOGO.svg","width":1528,"height":697,"caption":"DTR"},"image":{"@id":"https:\/\/dtr.ma\/fr\/#\/schema\/logo\/image\/"}}]}},"jetpack_sharing_enabled":true,"_links":{"self":[{"href":"https:\/\/dtr.ma\/fr\/wp-json\/wp\/v2\/product\/3521","targetHints":{"allow":["GET"]}}],"collection":[{"href":"https:\/\/dtr.ma\/fr\/wp-json\/wp\/v2\/product"}],"about":[{"href":"https:\/\/dtr.ma\/fr\/wp-json\/wp\/v2\/types\/product"}],"version-history":[{"count":0,"href":"https:\/\/dtr.ma\/fr\/wp-json\/wp\/v2\/product\/3521\/revisions"}],"wp:featuredmedia":[{"embeddable":true,"href":"https:\/\/dtr.ma\/fr\/wp-json\/wp\/v2\/media\/3765"}],"wp:attachment":[{"href":"https:\/\/dtr.ma\/fr\/wp-json\/wp\/v2\/media?parent=3521"}],"wp:term":[{"taxonomy":"product_brand","embeddable":true,"href":"https:\/\/dtr.ma\/fr\/wp-json\/wp\/v2\/product_brand?post=3521"},{"taxonomy":"product_cat","embeddable":true,"href":"https:\/\/dtr.ma\/fr\/wp-json\/wp\/v2\/product_cat?post=3521"},{"taxonomy":"product_tag","embeddable":true,"href":"https:\/\/dtr.ma\/fr\/wp-json\/wp\/v2\/product_tag?post=3521"}],"curies":[{"name":"wp","href":"https:\/\/api.w.org\/{rel}","templated":true}]}}