{"id":3522,"date":"2025-01-15T00:47:12","date_gmt":"2025-01-15T00:47:12","guid":{"rendered":"https:\/\/dtr.ma\/product\/chatbots-dia-pour-les-sites-web\/"},"modified":"2025-01-15T00:47:12","modified_gmt":"2025-01-15T00:47:12","slug":"chatbots-dia-pour-les-sites-web","status":"publish","type":"product","link":"https:\/\/dtr.ma\/fr\/produit\/chatbots-dia-pour-les-sites-web\/","title":{"rendered":"Chatbots d&#8217;IA pour les sites web"},"content":{"rendered":"<p>Notre service <strong>AI Chatbots for Websites<\/strong> \u00e9quipe votre plateforme en ligne d&#8217;agents conversationnels intelligents, disponibles 24 heures sur 24 et 7 jours sur 7. En traitant les FAQ, en guidant les utilisateurs dans les entonnoirs de g\u00e9n\u00e9ration de leads et en s&#8217;int\u00e9grant aux syst\u00e8mes CRM pour obtenir des informations bas\u00e9es sur les donn\u00e9es, ces chatbots am\u00e9liorent de mani\u00e8re significative l&#8217;engagement et la satisfaction des clients. Ils r\u00e9duisent les temps d&#8217;attente et les co\u00fbts op\u00e9rationnels tout en am\u00e9liorant l&#8217;exp\u00e9rience globale des utilisateurs, ce qui vous permet de vous concentrer sur ce qui compte le plus : la croissance de votre entreprise.  <\/p>\n<p><strong>Ce que nous offrons :<\/strong><\/p>\n<ul>\n<li><strong>Mise en place d&#8217;un chatbot sur mesure :<\/strong> Optimisez les FAQ, la capture de prospects et la navigation guid\u00e9e.<\/li>\n<li><strong>Assistance en temps r\u00e9el 24\/7 :<\/strong> R\u00e9pondez instantan\u00e9ment aux questions et r\u00e9duisez les temps d&#8217;attente des clients.<\/li>\n<li><strong>Int\u00e9gration CRM :<\/strong> Tirez parti des informations fournies par les donn\u00e9es pour apporter des am\u00e9liorations strat\u00e9giques.<\/li>\n<\/ul>\n<p><strong>Principaux avantages :<\/strong><\/p>\n<ul>\n<li>R\u00e9duire les co\u00fbts de l&#8217;assistance \u00e0 la client\u00e8le.<\/li>\n<li>Augmentez les taux de conversion gr\u00e2ce \u00e0 un engagement proactif.<\/li>\n<li>Am\u00e9liorer la satisfaction globale des utilisateurs et la perception de la marque.<\/li>\n<\/ul>\n","protected":false},"excerpt":{"rendered":"<p>Mettez en \u0153uvre et personnalisez des chatbots d&#8217;IA qui engagent vos visiteurs en temps r\u00e9el, en fournissant une assistance transparente et en stimulant les taux de conversion.<\/p>\n","protected":false},"featured_media":3253,"template":"","meta":{"_mo_disable_npp":"","om_disable_all_campaigns":false,"inline_featured_image":false,"_monsterinsights_skip_tracking":false,"_monsterinsights_sitenote_active":false,"_monsterinsights_sitenote_note":"","_monsterinsights_sitenote_category":0,"_uf_show_specific_survey":0,"_uf_disable_surveys":false},"product_brand":[],"product_cat":[99,112],"product_tag":[],"class_list":{"0":"post-3522","1":"product","2":"type-product","3":"status-publish","4":"has-post-thumbnail","6":"product_cat-services-fr","7":"product_cat-services-alimentes-par-lia","9":"first","10":"instock","11":"shipping-taxable","12":"product-type-simple"},"yoast_head":"<!-- This site is optimized with the Yoast SEO Premium plugin v20.13 (Yoast SEO v25.9) - https:\/\/yoast.com\/wordpress\/plugins\/seo\/ -->\n<title>Chatbots d&#039;IA pour les sites web - DTR<\/title>\n<meta name=\"robots\" content=\"index, follow, max-snippet:-1, max-image-preview:large, max-video-preview:-1\" \/>\n<link rel=\"canonical\" href=\"https:\/\/dtr.ma\/fr\/produit\/chatbots-dia-pour-les-sites-web\/\" \/>\n<meta property=\"og:locale\" content=\"fr_FR\" \/>\n<meta property=\"og:type\" content=\"article\" \/>\n<meta property=\"og:title\" content=\"Chatbots d&#039;IA pour les sites web\" \/>\n<meta property=\"og:description\" content=\"Mettez en \u0153uvre et personnalisez des chatbots d&#039;IA qui engagent vos visiteurs en temps r\u00e9el, en fournissant une assistance transparente et en stimulant les taux de conversion.\" \/>\n<meta property=\"og:url\" content=\"https:\/\/dtr.ma\/fr\/produit\/chatbots-dia-pour-les-sites-web\/\" \/>\n<meta property=\"og:site_name\" content=\"DTR\" \/>\n<meta property=\"og:image\" content=\"https:\/\/i0.wp.com\/dtr.ma\/wp-content\/uploads\/2025\/01\/Temp-images7-scaled.jpg?fit=2560%2C1440&ssl=1\" \/>\n\t<meta property=\"og:image:width\" content=\"2560\" \/>\n\t<meta property=\"og:image:height\" content=\"1440\" \/>\n\t<meta property=\"og:image:type\" content=\"image\/jpeg\" \/>\n<meta name=\"twitter:card\" content=\"summary_large_image\" \/>\n<meta name=\"twitter:label1\" content=\"Dur\u00e9e de lecture estim\u00e9e\" \/>\n\t<meta name=\"twitter:data1\" content=\"1 minute\" \/>\n<script type=\"application\/ld+json\" class=\"yoast-schema-graph\">{\"@context\":\"https:\/\/schema.org\",\"@graph\":[{\"@type\":\"WebPage\",\"@id\":\"https:\/\/dtr.ma\/fr\/produit\/chatbots-dia-pour-les-sites-web\/\",\"url\":\"https:\/\/dtr.ma\/fr\/produit\/chatbots-dia-pour-les-sites-web\/\",\"name\":\"Chatbots d'IA pour les sites web - DTR\",\"isPartOf\":{\"@id\":\"https:\/\/dtr.ma\/fr\/#website\"},\"primaryImageOfPage\":{\"@id\":\"https:\/\/dtr.ma\/fr\/produit\/chatbots-dia-pour-les-sites-web\/#primaryimage\"},\"image\":{\"@id\":\"https:\/\/dtr.ma\/fr\/produit\/chatbots-dia-pour-les-sites-web\/#primaryimage\"},\"thumbnailUrl\":\"https:\/\/i0.wp.com\/dtr.ma\/wp-content\/uploads\/2025\/01\/Temp-images7-scaled.jpg?fit=2560%2C1440&ssl=1\",\"datePublished\":\"2025-01-15T00:47:12+00:00\",\"breadcrumb\":{\"@id\":\"https:\/\/dtr.ma\/fr\/produit\/chatbots-dia-pour-les-sites-web\/#breadcrumb\"},\"inLanguage\":\"fr-FR\",\"potentialAction\":[{\"@type\":\"ReadAction\",\"target\":[\"https:\/\/dtr.ma\/fr\/produit\/chatbots-dia-pour-les-sites-web\/\"]}]},{\"@type\":\"ImageObject\",\"inLanguage\":\"fr-FR\",\"@id\":\"https:\/\/dtr.ma\/fr\/produit\/chatbots-dia-pour-les-sites-web\/#primaryimage\",\"url\":\"https:\/\/i0.wp.com\/dtr.ma\/wp-content\/uploads\/2025\/01\/Temp-images7-scaled.jpg?fit=2560%2C1440&ssl=1\",\"contentUrl\":\"https:\/\/i0.wp.com\/dtr.ma\/wp-content\/uploads\/2025\/01\/Temp-images7-scaled.jpg?fit=2560%2C1440&ssl=1\",\"width\":2560,\"height\":1440},{\"@type\":\"BreadcrumbList\",\"@id\":\"https:\/\/dtr.ma\/fr\/produit\/chatbots-dia-pour-les-sites-web\/#breadcrumb\",\"itemListElement\":[{\"@type\":\"ListItem\",\"position\":1,\"name\":\"Home\",\"item\":\"https:\/\/dtr.ma\/fr\/\"},{\"@type\":\"ListItem\",\"position\":2,\"name\":\"Boutique\",\"item\":\"https:\/\/dtr.ma\/fr\/boutique\/\"},{\"@type\":\"ListItem\",\"position\":3,\"name\":\"Chatbots d&#8217;IA pour les sites web\"}]},{\"@type\":\"WebSite\",\"@id\":\"https:\/\/dtr.ma\/fr\/#website\",\"url\":\"https:\/\/dtr.ma\/fr\/\",\"name\":\"DTR\",\"description\":\"Smart Business Solutions\",\"publisher\":{\"@id\":\"https:\/\/dtr.ma\/fr\/#organization\"},\"potentialAction\":[{\"@type\":\"SearchAction\",\"target\":{\"@type\":\"EntryPoint\",\"urlTemplate\":\"https:\/\/dtr.ma\/fr\/?s={search_term_string}\"},\"query-input\":{\"@type\":\"PropertyValueSpecification\",\"valueRequired\":true,\"valueName\":\"search_term_string\"}}],\"inLanguage\":\"fr-FR\"},{\"@type\":\"Organization\",\"@id\":\"https:\/\/dtr.ma\/fr\/#organization\",\"name\":\"DTR\",\"url\":\"https:\/\/dtr.ma\/fr\/\",\"logo\":{\"@type\":\"ImageObject\",\"inLanguage\":\"fr-FR\",\"@id\":\"https:\/\/dtr.ma\/fr\/#\/schema\/logo\/image\/\",\"url\":\"https:\/\/dtr.ma\/wp-content\/uploads\/2024\/11\/DTR-LOGO.svg\",\"contentUrl\":\"https:\/\/dtr.ma\/wp-content\/uploads\/2024\/11\/DTR-LOGO.svg\",\"width\":1528,\"height\":697,\"caption\":\"DTR\"},\"image\":{\"@id\":\"https:\/\/dtr.ma\/fr\/#\/schema\/logo\/image\/\"}}]}<\/script>\n<!-- \/ Yoast SEO Premium plugin. -->","yoast_head_json":{"title":"Chatbots d'IA pour les sites web - DTR","robots":{"index":"index","follow":"follow","max-snippet":"max-snippet:-1","max-image-preview":"max-image-preview:large","max-video-preview":"max-video-preview:-1"},"canonical":"https:\/\/dtr.ma\/fr\/produit\/chatbots-dia-pour-les-sites-web\/","og_locale":"fr_FR","og_type":"article","og_title":"Chatbots d'IA pour les sites web","og_description":"Mettez en \u0153uvre et personnalisez des chatbots d'IA qui engagent vos visiteurs en temps r\u00e9el, en fournissant une assistance transparente et en stimulant les taux de conversion.","og_url":"https:\/\/dtr.ma\/fr\/produit\/chatbots-dia-pour-les-sites-web\/","og_site_name":"DTR","og_image":[{"width":2560,"height":1440,"url":"https:\/\/i0.wp.com\/dtr.ma\/wp-content\/uploads\/2025\/01\/Temp-images7-scaled.jpg?fit=2560%2C1440&ssl=1","type":"image\/jpeg"}],"twitter_card":"summary_large_image","twitter_misc":{"Dur\u00e9e de lecture estim\u00e9e":"1 minute"},"schema":{"@context":"https:\/\/schema.org","@graph":[{"@type":"WebPage","@id":"https:\/\/dtr.ma\/fr\/produit\/chatbots-dia-pour-les-sites-web\/","url":"https:\/\/dtr.ma\/fr\/produit\/chatbots-dia-pour-les-sites-web\/","name":"Chatbots d'IA pour les sites web - DTR","isPartOf":{"@id":"https:\/\/dtr.ma\/fr\/#website"},"primaryImageOfPage":{"@id":"https:\/\/dtr.ma\/fr\/produit\/chatbots-dia-pour-les-sites-web\/#primaryimage"},"image":{"@id":"https:\/\/dtr.ma\/fr\/produit\/chatbots-dia-pour-les-sites-web\/#primaryimage"},"thumbnailUrl":"https:\/\/i0.wp.com\/dtr.ma\/wp-content\/uploads\/2025\/01\/Temp-images7-scaled.jpg?fit=2560%2C1440&ssl=1","datePublished":"2025-01-15T00:47:12+00:00","breadcrumb":{"@id":"https:\/\/dtr.ma\/fr\/produit\/chatbots-dia-pour-les-sites-web\/#breadcrumb"},"inLanguage":"fr-FR","potentialAction":[{"@type":"ReadAction","target":["https:\/\/dtr.ma\/fr\/produit\/chatbots-dia-pour-les-sites-web\/"]}]},{"@type":"ImageObject","inLanguage":"fr-FR","@id":"https:\/\/dtr.ma\/fr\/produit\/chatbots-dia-pour-les-sites-web\/#primaryimage","url":"https:\/\/i0.wp.com\/dtr.ma\/wp-content\/uploads\/2025\/01\/Temp-images7-scaled.jpg?fit=2560%2C1440&ssl=1","contentUrl":"https:\/\/i0.wp.com\/dtr.ma\/wp-content\/uploads\/2025\/01\/Temp-images7-scaled.jpg?fit=2560%2C1440&ssl=1","width":2560,"height":1440},{"@type":"BreadcrumbList","@id":"https:\/\/dtr.ma\/fr\/produit\/chatbots-dia-pour-les-sites-web\/#breadcrumb","itemListElement":[{"@type":"ListItem","position":1,"name":"Home","item":"https:\/\/dtr.ma\/fr\/"},{"@type":"ListItem","position":2,"name":"Boutique","item":"https:\/\/dtr.ma\/fr\/boutique\/"},{"@type":"ListItem","position":3,"name":"Chatbots d&#8217;IA pour les sites web"}]},{"@type":"WebSite","@id":"https:\/\/dtr.ma\/fr\/#website","url":"https:\/\/dtr.ma\/fr\/","name":"DTR","description":"Smart Business Solutions","publisher":{"@id":"https:\/\/dtr.ma\/fr\/#organization"},"potentialAction":[{"@type":"SearchAction","target":{"@type":"EntryPoint","urlTemplate":"https:\/\/dtr.ma\/fr\/?s={search_term_string}"},"query-input":{"@type":"PropertyValueSpecification","valueRequired":true,"valueName":"search_term_string"}}],"inLanguage":"fr-FR"},{"@type":"Organization","@id":"https:\/\/dtr.ma\/fr\/#organization","name":"DTR","url":"https:\/\/dtr.ma\/fr\/","logo":{"@type":"ImageObject","inLanguage":"fr-FR","@id":"https:\/\/dtr.ma\/fr\/#\/schema\/logo\/image\/","url":"https:\/\/dtr.ma\/wp-content\/uploads\/2024\/11\/DTR-LOGO.svg","contentUrl":"https:\/\/dtr.ma\/wp-content\/uploads\/2024\/11\/DTR-LOGO.svg","width":1528,"height":697,"caption":"DTR"},"image":{"@id":"https:\/\/dtr.ma\/fr\/#\/schema\/logo\/image\/"}}]}},"jetpack_sharing_enabled":true,"_links":{"self":[{"href":"https:\/\/dtr.ma\/fr\/wp-json\/wp\/v2\/product\/3522","targetHints":{"allow":["GET"]}}],"collection":[{"href":"https:\/\/dtr.ma\/fr\/wp-json\/wp\/v2\/product"}],"about":[{"href":"https:\/\/dtr.ma\/fr\/wp-json\/wp\/v2\/types\/product"}],"version-history":[{"count":0,"href":"https:\/\/dtr.ma\/fr\/wp-json\/wp\/v2\/product\/3522\/revisions"}],"wp:featuredmedia":[{"embeddable":true,"href":"https:\/\/dtr.ma\/fr\/wp-json\/wp\/v2\/media\/3253"}],"wp:attachment":[{"href":"https:\/\/dtr.ma\/fr\/wp-json\/wp\/v2\/media?parent=3522"}],"wp:term":[{"taxonomy":"product_brand","embeddable":true,"href":"https:\/\/dtr.ma\/fr\/wp-json\/wp\/v2\/product_brand?post=3522"},{"taxonomy":"product_cat","embeddable":true,"href":"https:\/\/dtr.ma\/fr\/wp-json\/wp\/v2\/product_cat?post=3522"},{"taxonomy":"product_tag","embeddable":true,"href":"https:\/\/dtr.ma\/fr\/wp-json\/wp\/v2\/product_tag?post=3522"}],"curies":[{"name":"wp","href":"https:\/\/api.w.org\/{rel}","templated":true}]}}