{"id":3523,"date":"2025-01-15T00:48:45","date_gmt":"2025-01-15T00:48:45","guid":{"rendered":"https:\/\/dtr.ma\/product\/edition-dimages-et-de-videos-a-laide-de-lia\/"},"modified":"2025-01-15T00:48:45","modified_gmt":"2025-01-15T00:48:45","slug":"edition-dimages-et-de-videos-a-laide-de-lia","status":"publish","type":"product","link":"https:\/\/dtr.ma\/fr\/produit\/edition-dimages-et-de-videos-a-laide-de-lia\/","title":{"rendered":"\u00c9dition d&#8217;images et de vid\u00e9os \u00e0 l&#8217;aide de l&#8217;IA"},"content":{"rendered":"<p>Notre service d&#8217;<strong>\u00e9dition d&#8217;images et de vid\u00e9os bas\u00e9 sur l&#8217;IA<\/strong> rationalise le processus d&#8217;\u00e9dition et fournit des r\u00e9sultats de qualit\u00e9 professionnelle. De l&#8217;<strong>am\u00e9lioration de l&#8217;image<\/strong>, la suppression de l&#8217;arri\u00e8re-plan et la retouche aux <strong>coupes vid\u00e9o de pr\u00e9cision<\/strong>, aux transitions automatis\u00e9es et aux sous-titres, nous adaptons chaque r\u00e9sultat \u00e0 vos besoins en mati\u00e8re de strat\u00e9gie de marque. En exploitant la puissance de l&#8217;IA, nous vous aidons \u00e0 \u00e9conomiser des heures de travail manuel tout en produisant constamment des visuels de haute qualit\u00e9, id\u00e9aux pour les catalogues de produits, les campagnes de m\u00e9dias sociaux et les annonces promotionnelles.  <\/p>\n<p><strong>Ce que nous offrons :<\/strong><\/p>\n<ul>\n<li><strong>\u00c9dition d&#8217;images :<\/strong> Am\u00e9lioration de la qualit\u00e9, suppression de l&#8217;arri\u00e8re-plan et retouches optimis\u00e9es pour le web.<\/li>\n<li><strong>Montage vid\u00e9o :<\/strong> Transitions automatis\u00e9es, coupes de sc\u00e8nes pr\u00e9cises et g\u00e9n\u00e9ration de sous-titres.<\/li>\n<\/ul>\n<p><strong>Principaux avantages :<\/strong><\/p>\n<ul>\n<li>R\u00e9duisez le temps d&#8217;\u00e9dition manuelle.<\/li>\n<li>Maintenir un aspect coh\u00e9rent et professionnel sur tous les supports visuels.<\/li>\n<li>Id\u00e9al pour d\u00e9velopper la production de contenu dans les domaines du commerce \u00e9lectronique et du marketing.<\/li>\n<\/ul>\n","protected":false},"excerpt":{"rendered":"<p>Am\u00e9liorez votre contenu visuel gr\u00e2ce \u00e0 des solutions d&#8217;\u00e9dition professionnelles am\u00e9lior\u00e9es par l&#8217;IA, parfaites pour le commerce \u00e9lectronique, les campagnes de marketing et les marques ax\u00e9es sur le contenu.<\/p>\n","protected":false},"featured_media":3198,"template":"","meta":{"_mo_disable_npp":"","om_disable_all_campaigns":false,"inline_featured_image":false,"_monsterinsights_skip_tracking":false,"_monsterinsights_sitenote_active":false,"_monsterinsights_sitenote_note":"","_monsterinsights_sitenote_category":0,"_uf_show_specific_survey":0,"_uf_disable_surveys":false},"product_brand":[],"product_cat":[99,112],"product_tag":[],"class_list":{"0":"post-3523","1":"product","2":"type-product","3":"status-publish","4":"has-post-thumbnail","6":"product_cat-services-fr","7":"product_cat-services-alimentes-par-lia","9":"first","10":"instock","11":"shipping-taxable","12":"product-type-simple"},"yoast_head":"<!-- This site is optimized with the Yoast SEO Premium plugin v20.13 (Yoast SEO v25.9) - https:\/\/yoast.com\/wordpress\/plugins\/seo\/ -->\n<title>\u00c9dition d&#039;images et de vid\u00e9os \u00e0 l&#039;aide de l&#039;IA - DTR<\/title>\n<meta name=\"robots\" content=\"index, follow, max-snippet:-1, max-image-preview:large, max-video-preview:-1\" \/>\n<link rel=\"canonical\" href=\"https:\/\/dtr.ma\/fr\/produit\/edition-dimages-et-de-videos-a-laide-de-lia\/\" \/>\n<meta property=\"og:locale\" content=\"fr_FR\" \/>\n<meta property=\"og:type\" content=\"article\" \/>\n<meta property=\"og:title\" content=\"\u00c9dition d&#039;images et de vid\u00e9os \u00e0 l&#039;aide de l&#039;IA\" \/>\n<meta property=\"og:description\" content=\"Am\u00e9liorez votre contenu visuel gr\u00e2ce \u00e0 des solutions d&#039;\u00e9dition professionnelles am\u00e9lior\u00e9es par l&#039;IA, parfaites pour le commerce \u00e9lectronique, les campagnes de marketing et les marques ax\u00e9es sur le contenu.\" \/>\n<meta property=\"og:url\" content=\"https:\/\/dtr.ma\/fr\/produit\/edition-dimages-et-de-videos-a-laide-de-lia\/\" \/>\n<meta property=\"og:site_name\" content=\"DTR\" \/>\n<meta property=\"og:image\" content=\"https:\/\/i0.wp.com\/dtr.ma\/wp-content\/uploads\/2025\/01\/shutterstock_1031105449-scaled.jpg?fit=2560%2C1440&ssl=1\" \/>\n\t<meta property=\"og:image:width\" content=\"2560\" \/>\n\t<meta property=\"og:image:height\" content=\"1440\" \/>\n\t<meta property=\"og:image:type\" content=\"image\/jpeg\" \/>\n<meta name=\"twitter:card\" content=\"summary_large_image\" \/>\n<meta name=\"twitter:label1\" content=\"Dur\u00e9e de lecture estim\u00e9e\" \/>\n\t<meta name=\"twitter:data1\" content=\"1 minute\" \/>\n<script type=\"application\/ld+json\" class=\"yoast-schema-graph\">{\"@context\":\"https:\/\/schema.org\",\"@graph\":[{\"@type\":\"WebPage\",\"@id\":\"https:\/\/dtr.ma\/fr\/produit\/edition-dimages-et-de-videos-a-laide-de-lia\/\",\"url\":\"https:\/\/dtr.ma\/fr\/produit\/edition-dimages-et-de-videos-a-laide-de-lia\/\",\"name\":\"\u00c9dition d'images et de vid\u00e9os \u00e0 l'aide de l'IA - DTR\",\"isPartOf\":{\"@id\":\"https:\/\/dtr.ma\/fr\/#website\"},\"primaryImageOfPage\":{\"@id\":\"https:\/\/dtr.ma\/fr\/produit\/edition-dimages-et-de-videos-a-laide-de-lia\/#primaryimage\"},\"image\":{\"@id\":\"https:\/\/dtr.ma\/fr\/produit\/edition-dimages-et-de-videos-a-laide-de-lia\/#primaryimage\"},\"thumbnailUrl\":\"https:\/\/i0.wp.com\/dtr.ma\/wp-content\/uploads\/2025\/01\/shutterstock_1031105449-scaled.jpg?fit=2560%2C1440&ssl=1\",\"datePublished\":\"2025-01-15T00:48:45+00:00\",\"breadcrumb\":{\"@id\":\"https:\/\/dtr.ma\/fr\/produit\/edition-dimages-et-de-videos-a-laide-de-lia\/#breadcrumb\"},\"inLanguage\":\"fr-FR\",\"potentialAction\":[{\"@type\":\"ReadAction\",\"target\":[\"https:\/\/dtr.ma\/fr\/produit\/edition-dimages-et-de-videos-a-laide-de-lia\/\"]}]},{\"@type\":\"ImageObject\",\"inLanguage\":\"fr-FR\",\"@id\":\"https:\/\/dtr.ma\/fr\/produit\/edition-dimages-et-de-videos-a-laide-de-lia\/#primaryimage\",\"url\":\"https:\/\/i0.wp.com\/dtr.ma\/wp-content\/uploads\/2025\/01\/shutterstock_1031105449-scaled.jpg?fit=2560%2C1440&ssl=1\",\"contentUrl\":\"https:\/\/i0.wp.com\/dtr.ma\/wp-content\/uploads\/2025\/01\/shutterstock_1031105449-scaled.jpg?fit=2560%2C1440&ssl=1\",\"width\":2560,\"height\":1440},{\"@type\":\"BreadcrumbList\",\"@id\":\"https:\/\/dtr.ma\/fr\/produit\/edition-dimages-et-de-videos-a-laide-de-lia\/#breadcrumb\",\"itemListElement\":[{\"@type\":\"ListItem\",\"position\":1,\"name\":\"Home\",\"item\":\"https:\/\/dtr.ma\/fr\/\"},{\"@type\":\"ListItem\",\"position\":2,\"name\":\"Boutique\",\"item\":\"https:\/\/dtr.ma\/fr\/boutique\/\"},{\"@type\":\"ListItem\",\"position\":3,\"name\":\"\u00c9dition d&#8217;images et de vid\u00e9os \u00e0 l&#8217;aide de l&#8217;IA\"}]},{\"@type\":\"WebSite\",\"@id\":\"https:\/\/dtr.ma\/fr\/#website\",\"url\":\"https:\/\/dtr.ma\/fr\/\",\"name\":\"DTR\",\"description\":\"Smart Business Solutions\",\"publisher\":{\"@id\":\"https:\/\/dtr.ma\/fr\/#organization\"},\"potentialAction\":[{\"@type\":\"SearchAction\",\"target\":{\"@type\":\"EntryPoint\",\"urlTemplate\":\"https:\/\/dtr.ma\/fr\/?s={search_term_string}\"},\"query-input\":{\"@type\":\"PropertyValueSpecification\",\"valueRequired\":true,\"valueName\":\"search_term_string\"}}],\"inLanguage\":\"fr-FR\"},{\"@type\":\"Organization\",\"@id\":\"https:\/\/dtr.ma\/fr\/#organization\",\"name\":\"DTR\",\"url\":\"https:\/\/dtr.ma\/fr\/\",\"logo\":{\"@type\":\"ImageObject\",\"inLanguage\":\"fr-FR\",\"@id\":\"https:\/\/dtr.ma\/fr\/#\/schema\/logo\/image\/\",\"url\":\"https:\/\/dtr.ma\/wp-content\/uploads\/2024\/11\/DTR-LOGO.svg\",\"contentUrl\":\"https:\/\/dtr.ma\/wp-content\/uploads\/2024\/11\/DTR-LOGO.svg\",\"width\":1528,\"height\":697,\"caption\":\"DTR\"},\"image\":{\"@id\":\"https:\/\/dtr.ma\/fr\/#\/schema\/logo\/image\/\"}}]}<\/script>\n<!-- \/ Yoast SEO Premium plugin. -->","yoast_head_json":{"title":"\u00c9dition d'images et de vid\u00e9os \u00e0 l'aide de l'IA - DTR","robots":{"index":"index","follow":"follow","max-snippet":"max-snippet:-1","max-image-preview":"max-image-preview:large","max-video-preview":"max-video-preview:-1"},"canonical":"https:\/\/dtr.ma\/fr\/produit\/edition-dimages-et-de-videos-a-laide-de-lia\/","og_locale":"fr_FR","og_type":"article","og_title":"\u00c9dition d'images et de vid\u00e9os \u00e0 l'aide de l'IA","og_description":"Am\u00e9liorez votre contenu visuel gr\u00e2ce \u00e0 des solutions d'\u00e9dition professionnelles am\u00e9lior\u00e9es par l'IA, parfaites pour le commerce \u00e9lectronique, les campagnes de marketing et les marques ax\u00e9es sur le contenu.","og_url":"https:\/\/dtr.ma\/fr\/produit\/edition-dimages-et-de-videos-a-laide-de-lia\/","og_site_name":"DTR","og_image":[{"width":2560,"height":1440,"url":"https:\/\/i0.wp.com\/dtr.ma\/wp-content\/uploads\/2025\/01\/shutterstock_1031105449-scaled.jpg?fit=2560%2C1440&ssl=1","type":"image\/jpeg"}],"twitter_card":"summary_large_image","twitter_misc":{"Dur\u00e9e de lecture estim\u00e9e":"1 minute"},"schema":{"@context":"https:\/\/schema.org","@graph":[{"@type":"WebPage","@id":"https:\/\/dtr.ma\/fr\/produit\/edition-dimages-et-de-videos-a-laide-de-lia\/","url":"https:\/\/dtr.ma\/fr\/produit\/edition-dimages-et-de-videos-a-laide-de-lia\/","name":"\u00c9dition d'images et de vid\u00e9os \u00e0 l'aide de l'IA - DTR","isPartOf":{"@id":"https:\/\/dtr.ma\/fr\/#website"},"primaryImageOfPage":{"@id":"https:\/\/dtr.ma\/fr\/produit\/edition-dimages-et-de-videos-a-laide-de-lia\/#primaryimage"},"image":{"@id":"https:\/\/dtr.ma\/fr\/produit\/edition-dimages-et-de-videos-a-laide-de-lia\/#primaryimage"},"thumbnailUrl":"https:\/\/i0.wp.com\/dtr.ma\/wp-content\/uploads\/2025\/01\/shutterstock_1031105449-scaled.jpg?fit=2560%2C1440&ssl=1","datePublished":"2025-01-15T00:48:45+00:00","breadcrumb":{"@id":"https:\/\/dtr.ma\/fr\/produit\/edition-dimages-et-de-videos-a-laide-de-lia\/#breadcrumb"},"inLanguage":"fr-FR","potentialAction":[{"@type":"ReadAction","target":["https:\/\/dtr.ma\/fr\/produit\/edition-dimages-et-de-videos-a-laide-de-lia\/"]}]},{"@type":"ImageObject","inLanguage":"fr-FR","@id":"https:\/\/dtr.ma\/fr\/produit\/edition-dimages-et-de-videos-a-laide-de-lia\/#primaryimage","url":"https:\/\/i0.wp.com\/dtr.ma\/wp-content\/uploads\/2025\/01\/shutterstock_1031105449-scaled.jpg?fit=2560%2C1440&ssl=1","contentUrl":"https:\/\/i0.wp.com\/dtr.ma\/wp-content\/uploads\/2025\/01\/shutterstock_1031105449-scaled.jpg?fit=2560%2C1440&ssl=1","width":2560,"height":1440},{"@type":"BreadcrumbList","@id":"https:\/\/dtr.ma\/fr\/produit\/edition-dimages-et-de-videos-a-laide-de-lia\/#breadcrumb","itemListElement":[{"@type":"ListItem","position":1,"name":"Home","item":"https:\/\/dtr.ma\/fr\/"},{"@type":"ListItem","position":2,"name":"Boutique","item":"https:\/\/dtr.ma\/fr\/boutique\/"},{"@type":"ListItem","position":3,"name":"\u00c9dition d&#8217;images et de vid\u00e9os \u00e0 l&#8217;aide de l&#8217;IA"}]},{"@type":"WebSite","@id":"https:\/\/dtr.ma\/fr\/#website","url":"https:\/\/dtr.ma\/fr\/","name":"DTR","description":"Smart Business Solutions","publisher":{"@id":"https:\/\/dtr.ma\/fr\/#organization"},"potentialAction":[{"@type":"SearchAction","target":{"@type":"EntryPoint","urlTemplate":"https:\/\/dtr.ma\/fr\/?s={search_term_string}"},"query-input":{"@type":"PropertyValueSpecification","valueRequired":true,"valueName":"search_term_string"}}],"inLanguage":"fr-FR"},{"@type":"Organization","@id":"https:\/\/dtr.ma\/fr\/#organization","name":"DTR","url":"https:\/\/dtr.ma\/fr\/","logo":{"@type":"ImageObject","inLanguage":"fr-FR","@id":"https:\/\/dtr.ma\/fr\/#\/schema\/logo\/image\/","url":"https:\/\/dtr.ma\/wp-content\/uploads\/2024\/11\/DTR-LOGO.svg","contentUrl":"https:\/\/dtr.ma\/wp-content\/uploads\/2024\/11\/DTR-LOGO.svg","width":1528,"height":697,"caption":"DTR"},"image":{"@id":"https:\/\/dtr.ma\/fr\/#\/schema\/logo\/image\/"}}]}},"jetpack_sharing_enabled":true,"_links":{"self":[{"href":"https:\/\/dtr.ma\/fr\/wp-json\/wp\/v2\/product\/3523","targetHints":{"allow":["GET"]}}],"collection":[{"href":"https:\/\/dtr.ma\/fr\/wp-json\/wp\/v2\/product"}],"about":[{"href":"https:\/\/dtr.ma\/fr\/wp-json\/wp\/v2\/types\/product"}],"version-history":[{"count":0,"href":"https:\/\/dtr.ma\/fr\/wp-json\/wp\/v2\/product\/3523\/revisions"}],"wp:featuredmedia":[{"embeddable":true,"href":"https:\/\/dtr.ma\/fr\/wp-json\/wp\/v2\/media\/3198"}],"wp:attachment":[{"href":"https:\/\/dtr.ma\/fr\/wp-json\/wp\/v2\/media?parent=3523"}],"wp:term":[{"taxonomy":"product_brand","embeddable":true,"href":"https:\/\/dtr.ma\/fr\/wp-json\/wp\/v2\/product_brand?post=3523"},{"taxonomy":"product_cat","embeddable":true,"href":"https:\/\/dtr.ma\/fr\/wp-json\/wp\/v2\/product_cat?post=3523"},{"taxonomy":"product_tag","embeddable":true,"href":"https:\/\/dtr.ma\/fr\/wp-json\/wp\/v2\/product_tag?post=3523"}],"curies":[{"name":"wp","href":"https:\/\/api.w.org\/{rel}","templated":true}]}}