{"id":3524,"date":"2025-01-18T01:05:19","date_gmt":"2025-01-18T01:05:19","guid":{"rendered":"https:\/\/dtr.ma\/product\/soleil\/"},"modified":"2025-01-18T01:05:19","modified_gmt":"2025-01-18T01:05:19","slug":"soleil","status":"publish","type":"product","link":"https:\/\/dtr.ma\/fr\/produit\/soleil\/","title":{"rendered":"Soleil"},"content":{"rendered":"<p><strong>Soleil.ma<\/strong> est un nom de domaine et une marque de premier ordre qui rec\u00e8le un immense potentiel pour les entreprises qui cherchent \u00e0 \u00e9tablir une pr\u00e9sence en ligne forte et durable. D\u00e9riv\u00e9 du mot fran\u00e7ais &#8220;soleil&#8221;, <strong>Soleil<\/strong> \u00e9voque des sentiments de chaleur, d&#8217;\u00e9nergie et de brillance &#8211; des qualit\u00e9s qui r\u00e9sonnent profond\u00e9ment avec les industries qui cherchent \u00e0 inspirer la positivit\u00e9 et la confiance. Ce nom de domaine est particuli\u00e8rement puissant sur le march\u00e9 marocain, o\u00f9 la langue fran\u00e7aise rev\u00eat une importance culturelle et commerciale consid\u00e9rable. Gr\u00e2ce \u00e0 sa structure concise et m\u00e9morable, <strong>Soleil.ma<\/strong> est non seulement facile \u00e0 m\u00e9moriser, mais aussi tr\u00e8s efficace pour la strat\u00e9gie de marque sur les canaux num\u00e9riques et hors ligne. Que votre entreprise op\u00e8re dans le domaine des <strong>\u00e9nergies renouvelables<\/strong>, du <strong>tourisme<\/strong>, de la <strong>vie en plein air<\/strong>, de la <strong>beaut\u00e9<\/strong> ou des <strong>produits de luxe<\/strong>, ce domaine offre une opportunit\u00e9 in\u00e9gal\u00e9e de briller sur un march\u00e9 concurrentiel. <\/p>\n<h4>Pourquoi <strong>Soleil.ma<\/strong> est un investissement exceptionnel :<\/h4>\n<ol>\n<li><strong>Pertinence pour les industries en vogue<\/strong><br \/>\nL&#8217;accent \u00e9tant mis sur le d\u00e9veloppement durable et les \u00e9nergies renouvelables, <strong>Soleil.ma<\/strong> est le domaine id\u00e9al pour les fournisseurs d&#8217;\u00e9nergie solaire ou les entreprises respectueuses de l&#8217;environnement. Il s&#8217;aligne naturellement sur l&#8217;id\u00e9e d&#8217;exploiter l&#8217;\u00e9nergie solaire pour un avenir meilleur, ce qui en fait un domaine id\u00e9al pour les <strong>technologies vertes<\/strong>, les <strong>panneaux solaires<\/strong> ou les <strong>services de conseil en mati\u00e8re d&#8217;\u00e9nergie<\/strong>. <\/li>\n<li><strong>Polyvalence sur plusieurs cr\u00e9neaux<\/strong><br \/>\nLe nom &#8220;Soleil&#8221; est polyvalent et s&#8217;adresse \u00e0 de nombreux secteurs tels que les <strong>voyages et le tourisme<\/strong> (pour promouvoir le Maroc en tant que destination ensoleill\u00e9e), la <strong>beaut\u00e9 et le bien-\u00eatre<\/strong> (symbolisant l&#8217;\u00e9clat et la vitalit\u00e9), le <strong>mobilier d&#8217;ext\u00e9rieur ou les produits de style de vie<\/strong> (mettant en valeur les plaisirs du soleil).<\/li>\n<li><strong>M\u00e9morisation et puissance de la marque<\/strong><br \/>\nCourt et intuitif, <strong>Soleil.ma<\/strong> reste dans l&#8217;esprit des clients. La simplicit\u00e9 du nom de domaine le rend id\u00e9al pour les strat\u00e9gies de r\u00e9f\u00e9rencement, garantissant aux entreprises qui l&#8217;utilisent un meilleur classement pour les mots cl\u00e9s correspondants. Il est facile \u00e0 \u00e9peler, \u00e0 prononcer et \u00e0 m\u00e9moriser, un trio de qualit\u00e9s essentielles pour une marque gagnante.  <\/li>\n<li><strong>Avantage g\u00e9ographique et linguistique<\/strong><br \/>\nEn tant que domaine marocain avec un nom en fran\u00e7ais, <strong>Soleil.ma<\/strong> est particuli\u00e8rement bien plac\u00e9 pour r\u00e9pondre aux besoins des march\u00e9s locaux et internationaux. Il comble le foss\u00e9 entre l&#8217;authenticit\u00e9 marocaine et l&#8217;attrait mondial, ouvrant les portes \u00e0 la fois aux clients r\u00e9gionaux et aux march\u00e9s francophones du monde entier. <\/li>\n<li><strong>Domaine premium pour le r\u00e9f\u00e9rencement<\/strong><br \/>\nLes domaines avec des mots uniques et significatifs comme <strong>Soleil<\/strong> sont naturellement plus performants dans les classements des moteurs de recherche. Il s&#8217;aligne parfaitement avec les mots-cl\u00e9s li\u00e9s au soleil, \u00e0 l&#8217;\u00e9nergie, au Maroc et aux diverses industries qu&#8217;il cible. L&#8217;extension &#8220;.ma&#8221; renforce la confiance et l&#8217;authenticit\u00e9 pour les clients marocains tout en attirant un public mondial \u00e0 la recherche d&#8217;une expertise locale.  <\/li>\n<\/ol>\n<h4>Utilisations potentielles de <strong>Soleil.ma :<\/strong><\/h4>\n<ul>\n<li><strong>Entreprises du secteur de l&#8217;\u00e9nergie solaire<\/strong>: Pr\u00e9sentez des solutions innovantes et respectueuses de l&#8217;environnement dans un domaine qui refl\u00e8te l&#8217;essence de l&#8217;\u00e9nergie solaire.<\/li>\n<li><strong>Agences de voyage<\/strong>: Faites la promotion des destinations marocaines ensoleill\u00e9es avec un domaine qui capture l&#8217;esprit d&#8217;aventure et d&#8217;exploration.<\/li>\n<li><strong>Marques de beaut\u00e9 et de bien-\u00eatre<\/strong>: Mettez en valeur l&#8217;\u00e9clat, la chaleur et la vitalit\u00e9 avec un nom qui incarne ces qualit\u00e9s.<\/li>\n<li><strong>D\u00e9taillants de meubles d&#8217;ext\u00e9rieur<\/strong>: Commercialisez des produits pour les loisirs de plein air sous le soleil avec un domaine \u00e9vocateur.<\/li>\n<li><strong>Produits de luxe ou marques de mode<\/strong>: Cr\u00e9ez une marque exclusive et ambitieuse qui brille sur le march\u00e9.<\/li>\n<\/ul>\n<p>En acqu\u00e9rant <strong>Soleil.ma<\/strong>, les entreprises s&#8217;assurent d&#8217;un actif intemporel et de premier ordre qui offre un potentiel de marque et des avantages de r\u00e9f\u00e9rencement in\u00e9gal\u00e9s. Que vous soyez un entrepreneur, une entreprise en croissance ou une organisation \u00e9tablie, <strong>Soleil.ma<\/strong> vous permet de vous d\u00e9marquer, de briller et d&#8217;\u00e9tablir un lien significatif avec votre public cible. <\/p>\n","protected":false},"excerpt":{"rendered":"<p><strong>Soleil.ma<\/strong> &#8211; Un nom de marque et de domaine haut de gamme qui incarne la chaleur, la brillance et l&#8217;\u00e9nergie. Parfait pour les entreprises du secteur de l&#8217;\u00e9nergie solaire, de la vie en plein air, du tourisme ou de la beaut\u00e9 au Maroc. <\/p>\n","protected":false},"featured_media":3769,"template":"","meta":{"_mo_disable_npp":"","om_disable_all_campaigns":false,"inline_featured_image":false,"_monsterinsights_skip_tracking":false,"_monsterinsights_sitenote_active":false,"_monsterinsights_sitenote_note":"","_monsterinsights_sitenote_category":0,"_uf_show_specific_survey":0,"_uf_disable_surveys":false},"product_brand":[],"product_cat":[113],"product_tag":[],"class_list":{"0":"post-3524","1":"product","2":"type-product","3":"status-publish","4":"has-post-thumbnail","6":"product_cat-marques-pretes-a-lemploi","8":"first","9":"instock","10":"virtual","11":"sold-individually","12":"product-type-simple"},"yoast_head":"<!-- This site is optimized with the Yoast SEO Premium plugin v20.13 (Yoast SEO v25.9) - https:\/\/yoast.com\/wordpress\/plugins\/seo\/ -->\n<title>Soleil - DTR<\/title>\n<meta name=\"robots\" content=\"index, follow, max-snippet:-1, max-image-preview:large, max-video-preview:-1\" \/>\n<link rel=\"canonical\" href=\"https:\/\/dtr.ma\/fr\/produit\/soleil\/\" \/>\n<meta property=\"og:locale\" content=\"fr_FR\" \/>\n<meta property=\"og:type\" content=\"article\" \/>\n<meta property=\"og:title\" content=\"Soleil\" \/>\n<meta property=\"og:description\" content=\"Soleil.ma - Un nom de marque et de domaine haut de gamme qui incarne la chaleur, la brillance et l&#039;\u00e9nergie. Parfait pour les entreprises du secteur de l&#039;\u00e9nergie solaire, de la vie en plein air, du tourisme ou de la beaut\u00e9 au Maroc.\" \/>\n<meta property=\"og:url\" content=\"https:\/\/dtr.ma\/fr\/produit\/soleil\/\" \/>\n<meta property=\"og:site_name\" content=\"DTR\" \/>\n<meta property=\"og:image\" content=\"https:\/\/i0.wp.com\/dtr.ma\/wp-content\/uploads\/2025\/01\/Soleil-ma.jpg?fit=2001%2C1348&ssl=1\" \/>\n\t<meta property=\"og:image:width\" content=\"2001\" \/>\n\t<meta property=\"og:image:height\" content=\"1348\" \/>\n\t<meta property=\"og:image:type\" content=\"image\/jpeg\" \/>\n<meta name=\"twitter:card\" content=\"summary_large_image\" \/>\n<meta name=\"twitter:label1\" content=\"Dur\u00e9e de lecture estim\u00e9e\" \/>\n\t<meta name=\"twitter:data1\" content=\"3 minutes\" \/>\n<script type=\"application\/ld+json\" class=\"yoast-schema-graph\">{\"@context\":\"https:\/\/schema.org\",\"@graph\":[{\"@type\":\"WebPage\",\"@id\":\"https:\/\/dtr.ma\/fr\/produit\/soleil\/\",\"url\":\"https:\/\/dtr.ma\/fr\/produit\/soleil\/\",\"name\":\"Soleil - DTR\",\"isPartOf\":{\"@id\":\"https:\/\/dtr.ma\/fr\/#website\"},\"primaryImageOfPage\":{\"@id\":\"https:\/\/dtr.ma\/fr\/produit\/soleil\/#primaryimage\"},\"image\":{\"@id\":\"https:\/\/dtr.ma\/fr\/produit\/soleil\/#primaryimage\"},\"thumbnailUrl\":\"https:\/\/i0.wp.com\/dtr.ma\/wp-content\/uploads\/2025\/01\/Product-DTR-Brands-02.jpg?fit=1667%2C1123&ssl=1\",\"datePublished\":\"2025-01-18T01:05:19+00:00\",\"breadcrumb\":{\"@id\":\"https:\/\/dtr.ma\/fr\/produit\/soleil\/#breadcrumb\"},\"inLanguage\":\"fr-FR\",\"potentialAction\":[{\"@type\":\"ReadAction\",\"target\":[\"https:\/\/dtr.ma\/fr\/produit\/soleil\/\"]}]},{\"@type\":\"ImageObject\",\"inLanguage\":\"fr-FR\",\"@id\":\"https:\/\/dtr.ma\/fr\/produit\/soleil\/#primaryimage\",\"url\":\"https:\/\/i0.wp.com\/dtr.ma\/wp-content\/uploads\/2025\/01\/Product-DTR-Brands-02.jpg?fit=1667%2C1123&ssl=1\",\"contentUrl\":\"https:\/\/i0.wp.com\/dtr.ma\/wp-content\/uploads\/2025\/01\/Product-DTR-Brands-02.jpg?fit=1667%2C1123&ssl=1\",\"width\":1667,\"height\":1123},{\"@type\":\"BreadcrumbList\",\"@id\":\"https:\/\/dtr.ma\/fr\/produit\/soleil\/#breadcrumb\",\"itemListElement\":[{\"@type\":\"ListItem\",\"position\":1,\"name\":\"Home\",\"item\":\"https:\/\/dtr.ma\/fr\/\"},{\"@type\":\"ListItem\",\"position\":2,\"name\":\"Boutique\",\"item\":\"https:\/\/dtr.ma\/fr\/boutique\/\"},{\"@type\":\"ListItem\",\"position\":3,\"name\":\"Soleil\"}]},{\"@type\":\"WebSite\",\"@id\":\"https:\/\/dtr.ma\/fr\/#website\",\"url\":\"https:\/\/dtr.ma\/fr\/\",\"name\":\"DTR\",\"description\":\"Smart Business Solutions\",\"publisher\":{\"@id\":\"https:\/\/dtr.ma\/fr\/#organization\"},\"potentialAction\":[{\"@type\":\"SearchAction\",\"target\":{\"@type\":\"EntryPoint\",\"urlTemplate\":\"https:\/\/dtr.ma\/fr\/?s={search_term_string}\"},\"query-input\":{\"@type\":\"PropertyValueSpecification\",\"valueRequired\":true,\"valueName\":\"search_term_string\"}}],\"inLanguage\":\"fr-FR\"},{\"@type\":\"Organization\",\"@id\":\"https:\/\/dtr.ma\/fr\/#organization\",\"name\":\"DTR\",\"url\":\"https:\/\/dtr.ma\/fr\/\",\"logo\":{\"@type\":\"ImageObject\",\"inLanguage\":\"fr-FR\",\"@id\":\"https:\/\/dtr.ma\/fr\/#\/schema\/logo\/image\/\",\"url\":\"https:\/\/dtr.ma\/wp-content\/uploads\/2024\/11\/DTR-LOGO.svg\",\"contentUrl\":\"https:\/\/dtr.ma\/wp-content\/uploads\/2024\/11\/DTR-LOGO.svg\",\"width\":1528,\"height\":697,\"caption\":\"DTR\"},\"image\":{\"@id\":\"https:\/\/dtr.ma\/fr\/#\/schema\/logo\/image\/\"}}]}<\/script>\n<!-- \/ Yoast SEO Premium plugin. -->","yoast_head_json":{"title":"Soleil - DTR","robots":{"index":"index","follow":"follow","max-snippet":"max-snippet:-1","max-image-preview":"max-image-preview:large","max-video-preview":"max-video-preview:-1"},"canonical":"https:\/\/dtr.ma\/fr\/produit\/soleil\/","og_locale":"fr_FR","og_type":"article","og_title":"Soleil","og_description":"Soleil.ma - Un nom de marque et de domaine haut de gamme qui incarne la chaleur, la brillance et l'\u00e9nergie. Parfait pour les entreprises du secteur de l'\u00e9nergie solaire, de la vie en plein air, du tourisme ou de la beaut\u00e9 au Maroc.","og_url":"https:\/\/dtr.ma\/fr\/produit\/soleil\/","og_site_name":"DTR","og_image":[{"width":2001,"height":1348,"url":"https:\/\/i0.wp.com\/dtr.ma\/wp-content\/uploads\/2025\/01\/Soleil-ma.jpg?fit=2001%2C1348&ssl=1","type":"image\/jpeg"}],"twitter_card":"summary_large_image","twitter_misc":{"Dur\u00e9e de lecture estim\u00e9e":"3 minutes"},"schema":{"@context":"https:\/\/schema.org","@graph":[{"@type":"WebPage","@id":"https:\/\/dtr.ma\/fr\/produit\/soleil\/","url":"https:\/\/dtr.ma\/fr\/produit\/soleil\/","name":"Soleil - DTR","isPartOf":{"@id":"https:\/\/dtr.ma\/fr\/#website"},"primaryImageOfPage":{"@id":"https:\/\/dtr.ma\/fr\/produit\/soleil\/#primaryimage"},"image":{"@id":"https:\/\/dtr.ma\/fr\/produit\/soleil\/#primaryimage"},"thumbnailUrl":"https:\/\/i0.wp.com\/dtr.ma\/wp-content\/uploads\/2025\/01\/Product-DTR-Brands-02.jpg?fit=1667%2C1123&ssl=1","datePublished":"2025-01-18T01:05:19+00:00","breadcrumb":{"@id":"https:\/\/dtr.ma\/fr\/produit\/soleil\/#breadcrumb"},"inLanguage":"fr-FR","potentialAction":[{"@type":"ReadAction","target":["https:\/\/dtr.ma\/fr\/produit\/soleil\/"]}]},{"@type":"ImageObject","inLanguage":"fr-FR","@id":"https:\/\/dtr.ma\/fr\/produit\/soleil\/#primaryimage","url":"https:\/\/i0.wp.com\/dtr.ma\/wp-content\/uploads\/2025\/01\/Product-DTR-Brands-02.jpg?fit=1667%2C1123&ssl=1","contentUrl":"https:\/\/i0.wp.com\/dtr.ma\/wp-content\/uploads\/2025\/01\/Product-DTR-Brands-02.jpg?fit=1667%2C1123&ssl=1","width":1667,"height":1123},{"@type":"BreadcrumbList","@id":"https:\/\/dtr.ma\/fr\/produit\/soleil\/#breadcrumb","itemListElement":[{"@type":"ListItem","position":1,"name":"Home","item":"https:\/\/dtr.ma\/fr\/"},{"@type":"ListItem","position":2,"name":"Boutique","item":"https:\/\/dtr.ma\/fr\/boutique\/"},{"@type":"ListItem","position":3,"name":"Soleil"}]},{"@type":"WebSite","@id":"https:\/\/dtr.ma\/fr\/#website","url":"https:\/\/dtr.ma\/fr\/","name":"DTR","description":"Smart Business Solutions","publisher":{"@id":"https:\/\/dtr.ma\/fr\/#organization"},"potentialAction":[{"@type":"SearchAction","target":{"@type":"EntryPoint","urlTemplate":"https:\/\/dtr.ma\/fr\/?s={search_term_string}"},"query-input":{"@type":"PropertyValueSpecification","valueRequired":true,"valueName":"search_term_string"}}],"inLanguage":"fr-FR"},{"@type":"Organization","@id":"https:\/\/dtr.ma\/fr\/#organization","name":"DTR","url":"https:\/\/dtr.ma\/fr\/","logo":{"@type":"ImageObject","inLanguage":"fr-FR","@id":"https:\/\/dtr.ma\/fr\/#\/schema\/logo\/image\/","url":"https:\/\/dtr.ma\/wp-content\/uploads\/2024\/11\/DTR-LOGO.svg","contentUrl":"https:\/\/dtr.ma\/wp-content\/uploads\/2024\/11\/DTR-LOGO.svg","width":1528,"height":697,"caption":"DTR"},"image":{"@id":"https:\/\/dtr.ma\/fr\/#\/schema\/logo\/image\/"}}]}},"jetpack_sharing_enabled":true,"_links":{"self":[{"href":"https:\/\/dtr.ma\/fr\/wp-json\/wp\/v2\/product\/3524","targetHints":{"allow":["GET"]}}],"collection":[{"href":"https:\/\/dtr.ma\/fr\/wp-json\/wp\/v2\/product"}],"about":[{"href":"https:\/\/dtr.ma\/fr\/wp-json\/wp\/v2\/types\/product"}],"version-history":[{"count":0,"href":"https:\/\/dtr.ma\/fr\/wp-json\/wp\/v2\/product\/3524\/revisions"}],"wp:featuredmedia":[{"embeddable":true,"href":"https:\/\/dtr.ma\/fr\/wp-json\/wp\/v2\/media\/3769"}],"wp:attachment":[{"href":"https:\/\/dtr.ma\/fr\/wp-json\/wp\/v2\/media?parent=3524"}],"wp:term":[{"taxonomy":"product_brand","embeddable":true,"href":"https:\/\/dtr.ma\/fr\/wp-json\/wp\/v2\/product_brand?post=3524"},{"taxonomy":"product_cat","embeddable":true,"href":"https:\/\/dtr.ma\/fr\/wp-json\/wp\/v2\/product_cat?post=3524"},{"taxonomy":"product_tag","embeddable":true,"href":"https:\/\/dtr.ma\/fr\/wp-json\/wp\/v2\/product_tag?post=3524"}],"curies":[{"name":"wp","href":"https:\/\/api.w.org\/{rel}","templated":true}]}}