{"id":3526,"date":"2025-01-18T01:13:05","date_gmt":"2025-01-18T01:13:05","guid":{"rendered":"https:\/\/dtr.ma\/product\/naturel-naturelle\/"},"modified":"2025-01-18T01:13:05","modified_gmt":"2025-01-18T01:13:05","slug":"naturel-naturelle","status":"publish","type":"product","link":"https:\/\/dtr.ma\/fr\/produit\/naturel-naturelle\/","title":{"rendered":"Naturel &amp; Naturelle"},"content":{"rendered":"<div class=\"flex max-w-full flex-col flex-grow\">\n<div class=\"min-h-8 text-message flex w-full flex-col items-end gap-2 whitespace-normal break-words text-start [.text-message+&amp;]:mt-5\" dir=\"auto\" data-message-author-role=\"assistant\" data-message-id=\"59926833-ee8b-4c4c-9a1b-6156893158e8\" data-message-model-slug=\"gpt-4o\">\n<div class=\"flex w-full flex-col gap-1 empty:hidden first:pt-[3px]\">\n<div class=\"markdown prose w-full break-words dark:prose-invert light\">\n<p><strong>Naturel.ma<\/strong> et <strong>Naturelle.ma<\/strong> constituent un ensemble de domaines puissants con\u00e7us pour les entreprises qui accordent de l&#8217;importance \u00e0 l&#8217;exclusivit\u00e9, \u00e0 la protection et \u00e0 l&#8217;int\u00e9grit\u00e9 de leur marque. Ces domaines, dont la prononciation est identique, garantissent que l&#8217;identit\u00e9 de votre marque reste s\u00fbre et incontest\u00e9e, \u00e9liminant ainsi toute confusion potentielle sur le march\u00e9. Les mots fran\u00e7ais pour &#8220;naturel&#8221; (formes masculine et f\u00e9minine), ces domaines sont id\u00e9aux pour les entreprises qui mettent l&#8217;accent sur la puret\u00e9, l&#8217;authenticit\u00e9 et la durabilit\u00e9.  <\/p>\n<h4>Pourquoi cet ensemble de domaines est indispensable :<\/h4>\n<ol>\n<li><strong>S\u00e9curit\u00e9 et exclusivit\u00e9 de la marque<\/strong><br \/>\nLe fait de poss\u00e9der \u00e0 la fois <strong>Naturel.ma<\/strong> et <strong>Naturelle.ma<\/strong> \u00e9limine la concurrence des noms \u00e0 consonance similaire, ce qui garantit la protection de votre marque et la confiance qu&#8217;elle inspire. Cette exclusivit\u00e9 est vitale pour les entreprises qui cherchent \u00e0 se forger une identit\u00e9 forte et reconnaissable sur un march\u00e9 concurrentiel. <\/li>\n<li><strong>Pertinence dans tous les secteurs d&#8217;activit\u00e9<\/strong><br \/>\nCes domaines s&#8217;adressent \u00e0 un large \u00e9ventail de secteurs d&#8217;activit\u00e9, notamment<\/p>\n<ul>\n<li><strong>Soins et produits de beaut\u00e9 naturels<\/strong>: Mettre l&#8217;accent sur les ingr\u00e9dients biologiques et la puret\u00e9.<\/li>\n<li><strong>Sant\u00e9 et bien-\u00eatre<\/strong>: Promotion des th\u00e9rapies naturelles et d&#8217;un mode de vie respectueux de l&#8217;environnement.<\/li>\n<li><strong>Mode de vie durable<\/strong>: D\u00e9fense des technologies vertes et des produits respectueux de l&#8217;environnement.<\/li>\n<\/ul>\n<\/li>\n<li><strong>Avantages en mati\u00e8re de r\u00e9f\u00e9rencement et de marketing<\/strong><br \/>\nLes deux domaines sont tr\u00e8s favorables au r\u00e9f\u00e9rencement et s&#8217;alignent sur les mots cl\u00e9s en vogue dans les march\u00e9s naturels, durables et soucieux de l&#8217;environnement. L&#8217;extension &#8220;.ma&#8221; renforce la confiance et l&#8217;authenticit\u00e9 au Maroc tout en attirant les publics francophones du monde entier. <\/li>\n<li><strong>Alignement culturel et linguistique<\/strong><br \/>\nLa pr\u00e9dominance de la langue fran\u00e7aise au Maroc fait que ces domaines ont un impact imm\u00e9diat. Ils permettent aux entreprises d&#8217;entrer en contact avec des publics locaux et internationaux qui appr\u00e9cient les pratiques respectueuses de l&#8217;environnement. <\/li>\n<\/ol>\n<h4>Potentiel d&#8217;une marque unifi\u00e9e :<\/h4>\n<p>Cet ensemble de domaines permet de cr\u00e9er une strat\u00e9gie de marque coh\u00e9rente et flexible :<\/p>\n<ul>\n<li>Utilisez <strong>Naturel.ma<\/strong> comme site principal pour votre entreprise, en proposant des produits et des services.<\/li>\n<li>Redirection de <strong>Naturelle.ma<\/strong> pour prot\u00e9ger la marque et am\u00e9liorer le r\u00e9f\u00e9rencement, en veillant \u00e0 ce qu&#8217;aucun trafic ne soit perdu au profit de concurrents ou de recherches mal dirig\u00e9es.<\/li>\n<\/ul>\n<h4>Pourquoi agir maintenant ?<\/h4>\n<p>Les domaines tels que <strong>Naturel.ma<\/strong> et <strong>Naturelle.ma<\/strong> sont rares et tr\u00e8s recherch\u00e9s, en particulier en tant qu&#8217;ensemble qui prot\u00e8ge l&#8217;identit\u00e9 de votre marque contre l&#8217;imitation. En investissant dans cette combinaison unique, vous vous assurez que votre entreprise se d\u00e9marque en tant que leader en mati\u00e8re d&#8217;authenticit\u00e9, de qualit\u00e9 et de conscience \u00e9cologique. Que vous lanciez une nouvelle entreprise ou que vous d\u00e9veloppiez une marque existante, cet ensemble est un atout strat\u00e9gique qui positionne votre entreprise sur la voie du succ\u00e8s \u00e0 long terme.  <\/p>\n<\/div>\n<\/div>\n<\/div>\n<\/div>\n","protected":false},"excerpt":{"rendered":"<p><strong>Naturel.ma<\/strong> et <strong>Naturelle.ma<\/strong> &#8211; Un ensemble de noms de marque et de domaines premium offrant une protection exclusive pour une marque naturelle et respectueuse de l&#8217;environnement. Parfait pour les entreprises qui cherchent \u00e0 s\u00e9curiser leur identit\u00e9 et \u00e0 instaurer la confiance dans les secteurs des produits naturels, du bien-\u00eatre ou du d\u00e9veloppement durable. <\/p>\n","protected":false},"featured_media":3767,"template":"","meta":{"_mo_disable_npp":"","om_disable_all_campaigns":false,"inline_featured_image":false,"_monsterinsights_skip_tracking":false,"_monsterinsights_sitenote_active":false,"_monsterinsights_sitenote_note":"","_monsterinsights_sitenote_category":0,"_uf_show_specific_survey":0,"_uf_disable_surveys":false},"product_brand":[],"product_cat":[113],"product_tag":[],"class_list":{"0":"post-3526","1":"product","2":"type-product","3":"status-publish","4":"has-post-thumbnail","6":"product_cat-marques-pretes-a-lemploi","8":"first","9":"instock","10":"sold-individually","11":"shipping-taxable","12":"product-type-simple"},"yoast_head":"<!-- This site is optimized with the Yoast SEO Premium plugin v20.13 (Yoast SEO v25.9) - https:\/\/yoast.com\/wordpress\/plugins\/seo\/ -->\n<title>Naturel &amp; Naturelle - DTR<\/title>\n<meta name=\"robots\" content=\"index, follow, max-snippet:-1, max-image-preview:large, max-video-preview:-1\" \/>\n<link rel=\"canonical\" href=\"https:\/\/dtr.ma\/fr\/produit\/naturel-naturelle\/\" \/>\n<meta property=\"og:locale\" content=\"fr_FR\" \/>\n<meta property=\"og:type\" content=\"article\" \/>\n<meta property=\"og:title\" content=\"Naturel &amp; Naturelle\" \/>\n<meta property=\"og:description\" content=\"Naturel.ma et Naturelle.ma - Un ensemble de noms de marque et de domaines premium offrant une protection exclusive pour une marque naturelle et respectueuse de l&#039;environnement. Parfait pour les entreprises qui cherchent \u00e0 s\u00e9curiser leur identit\u00e9 et \u00e0 instaurer la confiance dans les secteurs des produits naturels, du bien-\u00eatre ou du d\u00e9veloppement durable.\" \/>\n<meta property=\"og:url\" content=\"https:\/\/dtr.ma\/fr\/produit\/naturel-naturelle\/\" \/>\n<meta property=\"og:site_name\" content=\"DTR\" \/>\n<meta property=\"og:image\" content=\"https:\/\/i0.wp.com\/dtr.ma\/wp-content\/uploads\/2025\/01\/Naturel-ma.jpg?fit=2001%2C1348&ssl=1\" \/>\n\t<meta property=\"og:image:width\" content=\"2001\" \/>\n\t<meta property=\"og:image:height\" content=\"1348\" \/>\n\t<meta property=\"og:image:type\" content=\"image\/jpeg\" \/>\n<meta name=\"twitter:card\" content=\"summary_large_image\" \/>\n<meta name=\"twitter:label1\" content=\"Dur\u00e9e de lecture estim\u00e9e\" \/>\n\t<meta name=\"twitter:data1\" content=\"2 minutes\" \/>\n<script type=\"application\/ld+json\" class=\"yoast-schema-graph\">{\"@context\":\"https:\/\/schema.org\",\"@graph\":[{\"@type\":\"WebPage\",\"@id\":\"https:\/\/dtr.ma\/fr\/produit\/naturel-naturelle\/\",\"url\":\"https:\/\/dtr.ma\/fr\/produit\/naturel-naturelle\/\",\"name\":\"Naturel &amp; Naturelle - DTR\",\"isPartOf\":{\"@id\":\"https:\/\/dtr.ma\/fr\/#website\"},\"primaryImageOfPage\":{\"@id\":\"https:\/\/dtr.ma\/fr\/produit\/naturel-naturelle\/#primaryimage\"},\"image\":{\"@id\":\"https:\/\/dtr.ma\/fr\/produit\/naturel-naturelle\/#primaryimage\"},\"thumbnailUrl\":\"https:\/\/i0.wp.com\/dtr.ma\/wp-content\/uploads\/2025\/01\/Product-DTR-Brands-03.jpg?fit=1668%2C1123&ssl=1\",\"datePublished\":\"2025-01-18T01:13:05+00:00\",\"breadcrumb\":{\"@id\":\"https:\/\/dtr.ma\/fr\/produit\/naturel-naturelle\/#breadcrumb\"},\"inLanguage\":\"fr-FR\",\"potentialAction\":[{\"@type\":\"ReadAction\",\"target\":[\"https:\/\/dtr.ma\/fr\/produit\/naturel-naturelle\/\"]}]},{\"@type\":\"ImageObject\",\"inLanguage\":\"fr-FR\",\"@id\":\"https:\/\/dtr.ma\/fr\/produit\/naturel-naturelle\/#primaryimage\",\"url\":\"https:\/\/i0.wp.com\/dtr.ma\/wp-content\/uploads\/2025\/01\/Product-DTR-Brands-03.jpg?fit=1668%2C1123&ssl=1\",\"contentUrl\":\"https:\/\/i0.wp.com\/dtr.ma\/wp-content\/uploads\/2025\/01\/Product-DTR-Brands-03.jpg?fit=1668%2C1123&ssl=1\",\"width\":1668,\"height\":1123},{\"@type\":\"BreadcrumbList\",\"@id\":\"https:\/\/dtr.ma\/fr\/produit\/naturel-naturelle\/#breadcrumb\",\"itemListElement\":[{\"@type\":\"ListItem\",\"position\":1,\"name\":\"Home\",\"item\":\"https:\/\/dtr.ma\/fr\/\"},{\"@type\":\"ListItem\",\"position\":2,\"name\":\"Boutique\",\"item\":\"https:\/\/dtr.ma\/fr\/boutique\/\"},{\"@type\":\"ListItem\",\"position\":3,\"name\":\"Naturel &amp; Naturelle\"}]},{\"@type\":\"WebSite\",\"@id\":\"https:\/\/dtr.ma\/fr\/#website\",\"url\":\"https:\/\/dtr.ma\/fr\/\",\"name\":\"DTR\",\"description\":\"Smart Business Solutions\",\"publisher\":{\"@id\":\"https:\/\/dtr.ma\/fr\/#organization\"},\"potentialAction\":[{\"@type\":\"SearchAction\",\"target\":{\"@type\":\"EntryPoint\",\"urlTemplate\":\"https:\/\/dtr.ma\/fr\/?s={search_term_string}\"},\"query-input\":{\"@type\":\"PropertyValueSpecification\",\"valueRequired\":true,\"valueName\":\"search_term_string\"}}],\"inLanguage\":\"fr-FR\"},{\"@type\":\"Organization\",\"@id\":\"https:\/\/dtr.ma\/fr\/#organization\",\"name\":\"DTR\",\"url\":\"https:\/\/dtr.ma\/fr\/\",\"logo\":{\"@type\":\"ImageObject\",\"inLanguage\":\"fr-FR\",\"@id\":\"https:\/\/dtr.ma\/fr\/#\/schema\/logo\/image\/\",\"url\":\"https:\/\/dtr.ma\/wp-content\/uploads\/2024\/11\/DTR-LOGO.svg\",\"contentUrl\":\"https:\/\/dtr.ma\/wp-content\/uploads\/2024\/11\/DTR-LOGO.svg\",\"width\":1528,\"height\":697,\"caption\":\"DTR\"},\"image\":{\"@id\":\"https:\/\/dtr.ma\/fr\/#\/schema\/logo\/image\/\"}}]}<\/script>\n<!-- \/ Yoast SEO Premium plugin. -->","yoast_head_json":{"title":"Naturel &amp; Naturelle - DTR","robots":{"index":"index","follow":"follow","max-snippet":"max-snippet:-1","max-image-preview":"max-image-preview:large","max-video-preview":"max-video-preview:-1"},"canonical":"https:\/\/dtr.ma\/fr\/produit\/naturel-naturelle\/","og_locale":"fr_FR","og_type":"article","og_title":"Naturel &amp; Naturelle","og_description":"Naturel.ma et Naturelle.ma - Un ensemble de noms de marque et de domaines premium offrant une protection exclusive pour une marque naturelle et respectueuse de l'environnement. Parfait pour les entreprises qui cherchent \u00e0 s\u00e9curiser leur identit\u00e9 et \u00e0 instaurer la confiance dans les secteurs des produits naturels, du bien-\u00eatre ou du d\u00e9veloppement durable.","og_url":"https:\/\/dtr.ma\/fr\/produit\/naturel-naturelle\/","og_site_name":"DTR","og_image":[{"width":2001,"height":1348,"url":"https:\/\/i0.wp.com\/dtr.ma\/wp-content\/uploads\/2025\/01\/Naturel-ma.jpg?fit=2001%2C1348&ssl=1","type":"image\/jpeg"}],"twitter_card":"summary_large_image","twitter_misc":{"Dur\u00e9e de lecture estim\u00e9e":"2 minutes"},"schema":{"@context":"https:\/\/schema.org","@graph":[{"@type":"WebPage","@id":"https:\/\/dtr.ma\/fr\/produit\/naturel-naturelle\/","url":"https:\/\/dtr.ma\/fr\/produit\/naturel-naturelle\/","name":"Naturel &amp; Naturelle - DTR","isPartOf":{"@id":"https:\/\/dtr.ma\/fr\/#website"},"primaryImageOfPage":{"@id":"https:\/\/dtr.ma\/fr\/produit\/naturel-naturelle\/#primaryimage"},"image":{"@id":"https:\/\/dtr.ma\/fr\/produit\/naturel-naturelle\/#primaryimage"},"thumbnailUrl":"https:\/\/i0.wp.com\/dtr.ma\/wp-content\/uploads\/2025\/01\/Product-DTR-Brands-03.jpg?fit=1668%2C1123&ssl=1","datePublished":"2025-01-18T01:13:05+00:00","breadcrumb":{"@id":"https:\/\/dtr.ma\/fr\/produit\/naturel-naturelle\/#breadcrumb"},"inLanguage":"fr-FR","potentialAction":[{"@type":"ReadAction","target":["https:\/\/dtr.ma\/fr\/produit\/naturel-naturelle\/"]}]},{"@type":"ImageObject","inLanguage":"fr-FR","@id":"https:\/\/dtr.ma\/fr\/produit\/naturel-naturelle\/#primaryimage","url":"https:\/\/i0.wp.com\/dtr.ma\/wp-content\/uploads\/2025\/01\/Product-DTR-Brands-03.jpg?fit=1668%2C1123&ssl=1","contentUrl":"https:\/\/i0.wp.com\/dtr.ma\/wp-content\/uploads\/2025\/01\/Product-DTR-Brands-03.jpg?fit=1668%2C1123&ssl=1","width":1668,"height":1123},{"@type":"BreadcrumbList","@id":"https:\/\/dtr.ma\/fr\/produit\/naturel-naturelle\/#breadcrumb","itemListElement":[{"@type":"ListItem","position":1,"name":"Home","item":"https:\/\/dtr.ma\/fr\/"},{"@type":"ListItem","position":2,"name":"Boutique","item":"https:\/\/dtr.ma\/fr\/boutique\/"},{"@type":"ListItem","position":3,"name":"Naturel &amp; Naturelle"}]},{"@type":"WebSite","@id":"https:\/\/dtr.ma\/fr\/#website","url":"https:\/\/dtr.ma\/fr\/","name":"DTR","description":"Smart Business Solutions","publisher":{"@id":"https:\/\/dtr.ma\/fr\/#organization"},"potentialAction":[{"@type":"SearchAction","target":{"@type":"EntryPoint","urlTemplate":"https:\/\/dtr.ma\/fr\/?s={search_term_string}"},"query-input":{"@type":"PropertyValueSpecification","valueRequired":true,"valueName":"search_term_string"}}],"inLanguage":"fr-FR"},{"@type":"Organization","@id":"https:\/\/dtr.ma\/fr\/#organization","name":"DTR","url":"https:\/\/dtr.ma\/fr\/","logo":{"@type":"ImageObject","inLanguage":"fr-FR","@id":"https:\/\/dtr.ma\/fr\/#\/schema\/logo\/image\/","url":"https:\/\/dtr.ma\/wp-content\/uploads\/2024\/11\/DTR-LOGO.svg","contentUrl":"https:\/\/dtr.ma\/wp-content\/uploads\/2024\/11\/DTR-LOGO.svg","width":1528,"height":697,"caption":"DTR"},"image":{"@id":"https:\/\/dtr.ma\/fr\/#\/schema\/logo\/image\/"}}]}},"jetpack_sharing_enabled":true,"_links":{"self":[{"href":"https:\/\/dtr.ma\/fr\/wp-json\/wp\/v2\/product\/3526","targetHints":{"allow":["GET"]}}],"collection":[{"href":"https:\/\/dtr.ma\/fr\/wp-json\/wp\/v2\/product"}],"about":[{"href":"https:\/\/dtr.ma\/fr\/wp-json\/wp\/v2\/types\/product"}],"version-history":[{"count":0,"href":"https:\/\/dtr.ma\/fr\/wp-json\/wp\/v2\/product\/3526\/revisions"}],"wp:featuredmedia":[{"embeddable":true,"href":"https:\/\/dtr.ma\/fr\/wp-json\/wp\/v2\/media\/3767"}],"wp:attachment":[{"href":"https:\/\/dtr.ma\/fr\/wp-json\/wp\/v2\/media?parent=3526"}],"wp:term":[{"taxonomy":"product_brand","embeddable":true,"href":"https:\/\/dtr.ma\/fr\/wp-json\/wp\/v2\/product_brand?post=3526"},{"taxonomy":"product_cat","embeddable":true,"href":"https:\/\/dtr.ma\/fr\/wp-json\/wp\/v2\/product_cat?post=3526"},{"taxonomy":"product_tag","embeddable":true,"href":"https:\/\/dtr.ma\/fr\/wp-json\/wp\/v2\/product_tag?post=3526"}],"curies":[{"name":"wp","href":"https:\/\/api.w.org\/{rel}","templated":true}]}}