{"id":3535,"date":"2022-12-06T19:13:07","date_gmt":"2022-12-06T19:13:07","guid":{"rendered":"https:\/\/dtr.ma\/product\/conception-du-logo\/"},"modified":"2025-01-22T14:11:38","modified_gmt":"2025-01-22T14:11:38","slug":"conception-du-logo","status":"publish","type":"product","link":"https:\/\/dtr.ma\/fr\/produit\/conception-du-logo\/","title":{"rendered":"Conception du logo"},"content":{"rendered":"\t\t<div data-elementor-type=\"product-post\" data-elementor-id=\"3535\" class=\"elementor elementor-3535 elementor-51\" data-elementor-post-type=\"product\">\n\t\t\t\t\t\t<section class=\"elementor-section elementor-top-section elementor-element elementor-element-aebe47a elementor-section-boxed elementor-section-height-default elementor-section-height-default\" data-id=\"aebe47a\" data-element_type=\"section\">\n\t\t\t\t\t\t<div class=\"elementor-container elementor-column-gap-default\">\n\t\t\t\t\t<div class=\"elementor-column elementor-col-100 elementor-top-column elementor-element elementor-element-235e083\" data-id=\"235e083\" data-element_type=\"column\">\n\t\t\t<div class=\"elementor-widget-wrap elementor-element-populated\">\n\t\t\t\t\t\t<div class=\"elementor-element elementor-element-e231f2c elementor-widget elementor-widget-text-editor\" data-id=\"e231f2c\" data-element_type=\"widget\" data-widget_type=\"text-editor.default\">\n\t\t\t\t<div class=\"elementor-widget-container\">\n\t\t\t\t\t\t\t\t\t<p>Chez DTR Marketing Agency, nous pensons qu&#8217;un logo n&#8217;est pas seulement une image, mais une histoire d&#8217;entreprise. C&#8217;est la premi\u00e8re impression qui parle de votre marque avant m\u00eame que les mots ne suivent. Nous comprenons le r\u00f4le important que joue votre logo dans la construction de l&#8217;identit\u00e9 de votre marque.  <\/p>\n\t\t\t\t\t\t\t\t<\/div>\n\t\t\t\t<\/div>\n\t\t\t\t<div class=\"elementor-element elementor-element-80f7bd8 elementor-widget elementor-widget-text-editor\" data-id=\"80f7bd8\" data-element_type=\"widget\" data-widget_type=\"text-editor.default\">\n\t\t\t\t<div class=\"elementor-widget-container\">\n\t\t\t\t\t\t\t\t\t<p>Notre \u00e9quipe de graphistes professionnels cr\u00e9e des logos personnalis\u00e9s et percutants qui repr\u00e9sentent la marque et les valeurs de votre entreprise. Nous sommes fiers de produire des logos visuellement \u00e9tonnants et m\u00e9morables qui se d\u00e9marquent et r\u00e9sonnent aupr\u00e8s de votre public cible. <\/p>\n\t\t\t\t\t\t\t\t<\/div>\n\t\t\t\t<\/div>\n\t\t\t\t<div class=\"elementor-element elementor-element-b7ce8f2 elementor-widget elementor-widget-heading\" data-id=\"b7ce8f2\" data-element_type=\"widget\" data-widget_type=\"heading.default\">\n\t\t\t\t<div class=\"elementor-widget-container\">\n\t\t\t\t\t<h3 class=\"elementor-heading-title elementor-size-default\">Notre processus\n\n<\/h3>\t\t\t\t<\/div>\n\t\t\t\t<\/div>\n\t\t\t\t<div class=\"elementor-element elementor-element-9c865f3 elementor-widget elementor-widget-text-editor\" data-id=\"9c865f3\" data-element_type=\"widget\" data-widget_type=\"text-editor.default\">\n\t\t\t\t<div class=\"elementor-widget-container\">\n\t\t\t\t\t\t\t\t\t<p>Notre processus de conception de logo est syst\u00e9matique et interactif. Il commence par la compr\u00e9hension de votre entreprise, de votre mission et de votre secteur d&#8217;activit\u00e9. Apr\u00e8s avoir bien cern\u00e9 les besoins de votre entreprise, notre \u00e9quipe cr\u00e9ative commence \u00e0 concevoir un logo qui s&#8217;aligne sur la personnalit\u00e9 et les objectifs de votre marque. Nous tenons compte de toutes vos pr\u00e9f\u00e9rences et exigences, en vous impliquant \u00e0 chaque \u00e9tape du processus de conception.   <\/p>\n\t\t\t\t\t\t\t\t<\/div>\n\t\t\t\t<\/div>\n\t\t\t\t<div class=\"elementor-element elementor-element-9d0135f elementor-widget elementor-widget-heading\" data-id=\"9d0135f\" data-element_type=\"widget\" data-widget_type=\"heading.default\">\n\t\t\t\t<div class=\"elementor-widget-container\">\n\t\t\t\t\t<h3 class=\"elementor-heading-title elementor-size-default\">Produits \u00e0 livrer\n\n<\/h3>\t\t\t\t<\/div>\n\t\t\t\t<\/div>\n\t\t\t\t<div class=\"elementor-element elementor-element-a74b14e elementor-widget elementor-widget-text-editor\" data-id=\"a74b14e\" data-element_type=\"widget\" data-widget_type=\"text-editor.default\">\n\t\t\t\t<div class=\"elementor-widget-container\">\n\t\t\t\t\t\t\t\t\t<p>Nous vous fournissons un ensemble de logos comprenant des fichiers en plusieurs formats (AI, EPS, PDF, JPEG et PNG), adapt\u00e9s \u00e0 diverses applications. Ce kit comprendra \u00e9galement un document intitul\u00e9 &#8220;Directives d&#8217;utilisation du logo&#8221; qui explique comment utiliser correctement votre logo dans diff\u00e9rentes situations afin de maintenir la coh\u00e9rence de la marque. <\/p>\n\t\t\t\t\t\t\t\t<\/div>\n\t\t\t\t<\/div>\n\t\t\t\t<div class=\"elementor-element elementor-element-675a756 elementor-widget elementor-widget-heading\" data-id=\"675a756\" data-element_type=\"widget\" data-widget_type=\"heading.default\">\n\t\t\t\t<div class=\"elementor-widget-container\">\n\t\t\t\t\t<h3 class=\"elementor-heading-title elementor-size-default\">Tarification<\/h3>\t\t\t\t<\/div>\n\t\t\t\t<\/div>\n\t\t\t\t<div class=\"elementor-element elementor-element-fb3a332 elementor-widget elementor-widget-text-editor\" data-id=\"fb3a332\" data-element_type=\"widget\" data-widget_type=\"text-editor.default\">\n\t\t\t\t<div class=\"elementor-widget-container\">\n\t\t\t\t\t\t\t\t\tLe co\u00fbt de notre service de conception de logo commence \u00e0 100 $ (environ 900 MAD). Veuillez noter qu&#8217;il s&#8217;agit d&#8217;un co\u00fbt de base et qu&#8217;il peut varier en fonction de la complexit\u00e9 et des exigences du projet. Une fois que vous avez choisi notre service et effectu\u00e9 le paiement via notre plateforme s\u00e9curis\u00e9e, nous commen\u00e7ons \u00e0 travailler sur votre projet.  \n\n\n\t\t\t\t\t\t\t\t<\/div>\n\t\t\t\t<\/div>\n\t\t\t\t<div class=\"elementor-element elementor-element-8f2393c elementor-widget elementor-widget-heading\" data-id=\"8f2393c\" data-element_type=\"widget\" data-widget_type=\"heading.default\">\n\t\t\t\t<div class=\"elementor-widget-container\">\n\t\t\t\t\t<h3 class=\"elementor-heading-title elementor-size-default\">Commencez<\/h3>\t\t\t\t<\/div>\n\t\t\t\t<\/div>\n\t\t\t\t<div class=\"elementor-element elementor-element-60370d1 elementor-widget elementor-widget-text-editor\" data-id=\"60370d1\" data-element_type=\"widget\" data-widget_type=\"text-editor.default\">\n\t\t\t\t<div class=\"elementor-widget-container\">\n\t\t\t\t\t\t\t\t\tPour commencer votre processus de cr\u00e9ation de logo avec nous, il vous suffit de visiter notre site web, de choisir le service de cr\u00e9ation de logo, de l&#8217;ajouter \u00e0 votre panier et d&#8217;effectuer le paiement. Notre \u00e9quipe prendra contact avec vous pour comprendre vos besoins et vos pr\u00e9f\u00e9rences, puis nous entamerons le processus de cr\u00e9ation. \n\n\t\t\t\t\t\t\t\t<\/div>\n\t\t\t\t<\/div>\n\t\t\t\t\t<\/div>\n\t\t<\/div>\n\t\t\t\t\t<\/div>\n\t\t<\/section>\n\t\t\t\t<section class=\"elementor-section elementor-top-section elementor-element elementor-element-7a6af49 elementor-section-boxed elementor-section-height-default elementor-section-height-default\" data-id=\"7a6af49\" data-element_type=\"section\">\n\t\t\t\t\t\t<div class=\"elementor-container elementor-column-gap-default\">\n\t\t\t\t\t<div class=\"elementor-column elementor-col-100 elementor-top-column elementor-element elementor-element-52d5191a\" data-id=\"52d5191a\" data-element_type=\"column\">\n\t\t\t<div class=\"elementor-widget-wrap elementor-element-populated\">\n\t\t\t\t\t\t<div class=\"elementor-element elementor-element-6f41253b elementor-widget elementor-widget-text-editor\" data-id=\"6f41253b\" data-element_type=\"widget\" data-widget_type=\"text-editor.default\">\n\t\t\t\t<div class=\"elementor-widget-container\">\n\t\t\t\t\t\t\t\t\t<p>Nous vous remercions de consid\u00e9rer DTR Marketing Agency comme votre partenaire pour la cr\u00e9ation d&#8217;un logo qui racontera l&#8217;histoire de votre marque. Nous sommes impatients de travailler avec vous. Si vous avez des questions, n&#8217;h\u00e9sitez pas \u00e0 nous contacter \u00e0 tout moment.  <\/p>\n\t\t\t\t\t\t\t\t<\/div>\n\t\t\t\t<\/div>\n\t\t\t\t\t<\/div>\n\t\t<\/div>\n\t\t\t\t\t<\/div>\n\t\t<\/section>\n\t\t\t\t<\/div>\n\t\t","protected":false},"excerpt":{"rendered":"<p>Cr\u00e9ez un logo unique et efficace pour votre entreprise gr\u00e2ce \u00e0 nos services de conception professionnels.<\/p>\n<p><strong>Livraison<\/strong> en 7<strong>jours.<\/strong><\/p>\n","protected":false},"featured_media":2806,"template":"","meta":{"_mo_disable_npp":"","om_disable_all_campaigns":false,"inline_featured_image":false,"_monsterinsights_skip_tracking":false,"_monsterinsights_sitenote_active":false,"_monsterinsights_sitenote_note":"","_monsterinsights_sitenote_category":0,"_uf_show_specific_survey":0,"_uf_disable_surveys":false},"product_brand":[],"product_cat":[99,106,103],"product_tag":[],"class_list":{"0":"post-3535","1":"product","2":"type-product","3":"status-publish","4":"has-post-thumbnail","6":"product_cat-services-fr","7":"product_cat-services-dimage-de-marque","8":"product_cat-taches","10":"first","11":"instock","12":"virtual","13":"sold-individually","14":"purchasable","15":"product-type-simple"},"yoast_head":"<!-- This site is optimized with the Yoast SEO Premium plugin v20.13 (Yoast SEO v25.9) - https:\/\/yoast.com\/wordpress\/plugins\/seo\/ -->\n<title>Conception du logo - DTR<\/title>\n<meta name=\"robots\" content=\"index, follow, max-snippet:-1, max-image-preview:large, max-video-preview:-1\" \/>\n<link rel=\"canonical\" href=\"https:\/\/dtr.ma\/fr\/produit\/conception-du-logo\/\" \/>\n<meta property=\"og:locale\" content=\"fr_FR\" \/>\n<meta property=\"og:type\" content=\"article\" \/>\n<meta property=\"og:title\" content=\"Conception du logo\" \/>\n<meta property=\"og:description\" content=\"Cr\u00e9ez un logo unique et efficace pour votre entreprise gr\u00e2ce \u00e0 nos services de conception professionnels. Livraison en 7jours.\" \/>\n<meta property=\"og:url\" content=\"https:\/\/dtr.ma\/fr\/produit\/conception-du-logo\/\" \/>\n<meta property=\"og:site_name\" content=\"DTR\" \/>\n<meta property=\"article:modified_time\" content=\"2025-01-22T14:11:38+00:00\" \/>\n<meta property=\"og:image\" content=\"https:\/\/i0.wp.com\/dtr.ma\/wp-content\/uploads\/2022\/12\/DTR-SERVICES-ICONES-WEBSITE-ECOMMERCE-06.jpg?fit=1669%2C1123&ssl=1\" \/>\n\t<meta property=\"og:image:width\" content=\"1669\" \/>\n\t<meta property=\"og:image:height\" content=\"1123\" \/>\n\t<meta property=\"og:image:type\" content=\"image\/jpeg\" \/>\n<meta name=\"twitter:card\" content=\"summary_large_image\" \/>\n<meta name=\"twitter:label1\" content=\"Dur\u00e9e de lecture estim\u00e9e\" \/>\n\t<meta name=\"twitter:data1\" content=\"2 minutes\" \/>\n<script type=\"application\/ld+json\" class=\"yoast-schema-graph\">{\"@context\":\"https:\/\/schema.org\",\"@graph\":[{\"@type\":\"WebPage\",\"@id\":\"https:\/\/dtr.ma\/fr\/produit\/conception-du-logo\/\",\"url\":\"https:\/\/dtr.ma\/fr\/produit\/conception-du-logo\/\",\"name\":\"Conception du logo - DTR\",\"isPartOf\":{\"@id\":\"https:\/\/dtr.ma\/fr\/#website\"},\"primaryImageOfPage\":{\"@id\":\"https:\/\/dtr.ma\/fr\/produit\/conception-du-logo\/#primaryimage\"},\"image\":{\"@id\":\"https:\/\/dtr.ma\/fr\/produit\/conception-du-logo\/#primaryimage\"},\"thumbnailUrl\":\"https:\/\/i0.wp.com\/dtr.ma\/wp-content\/uploads\/2022\/12\/DTR-SERVICES-ICONES-WEBSITE-ECOMMERCE-06.jpg?fit=1669%2C1123&ssl=1\",\"datePublished\":\"2022-12-06T19:13:07+00:00\",\"dateModified\":\"2025-01-22T14:11:38+00:00\",\"breadcrumb\":{\"@id\":\"https:\/\/dtr.ma\/fr\/produit\/conception-du-logo\/#breadcrumb\"},\"inLanguage\":\"fr-FR\",\"potentialAction\":[{\"@type\":\"ReadAction\",\"target\":[\"https:\/\/dtr.ma\/fr\/produit\/conception-du-logo\/\"]}]},{\"@type\":\"ImageObject\",\"inLanguage\":\"fr-FR\",\"@id\":\"https:\/\/dtr.ma\/fr\/produit\/conception-du-logo\/#primaryimage\",\"url\":\"https:\/\/i0.wp.com\/dtr.ma\/wp-content\/uploads\/2022\/12\/DTR-SERVICES-ICONES-WEBSITE-ECOMMERCE-06.jpg?fit=1669%2C1123&ssl=1\",\"contentUrl\":\"https:\/\/i0.wp.com\/dtr.ma\/wp-content\/uploads\/2022\/12\/DTR-SERVICES-ICONES-WEBSITE-ECOMMERCE-06.jpg?fit=1669%2C1123&ssl=1\",\"width\":1669,\"height\":1123},{\"@type\":\"BreadcrumbList\",\"@id\":\"https:\/\/dtr.ma\/fr\/produit\/conception-du-logo\/#breadcrumb\",\"itemListElement\":[{\"@type\":\"ListItem\",\"position\":1,\"name\":\"Home\",\"item\":\"https:\/\/dtr.ma\/fr\/\"},{\"@type\":\"ListItem\",\"position\":2,\"name\":\"Boutique\",\"item\":\"https:\/\/dtr.ma\/fr\/boutique\/\"},{\"@type\":\"ListItem\",\"position\":3,\"name\":\"Conception du logo\"}]},{\"@type\":\"WebSite\",\"@id\":\"https:\/\/dtr.ma\/fr\/#website\",\"url\":\"https:\/\/dtr.ma\/fr\/\",\"name\":\"DTR\",\"description\":\"Smart Business Solutions\",\"publisher\":{\"@id\":\"https:\/\/dtr.ma\/fr\/#organization\"},\"potentialAction\":[{\"@type\":\"SearchAction\",\"target\":{\"@type\":\"EntryPoint\",\"urlTemplate\":\"https:\/\/dtr.ma\/fr\/?s={search_term_string}\"},\"query-input\":{\"@type\":\"PropertyValueSpecification\",\"valueRequired\":true,\"valueName\":\"search_term_string\"}}],\"inLanguage\":\"fr-FR\"},{\"@type\":\"Organization\",\"@id\":\"https:\/\/dtr.ma\/fr\/#organization\",\"name\":\"DTR\",\"url\":\"https:\/\/dtr.ma\/fr\/\",\"logo\":{\"@type\":\"ImageObject\",\"inLanguage\":\"fr-FR\",\"@id\":\"https:\/\/dtr.ma\/fr\/#\/schema\/logo\/image\/\",\"url\":\"https:\/\/dtr.ma\/wp-content\/uploads\/2024\/11\/DTR-LOGO.svg\",\"contentUrl\":\"https:\/\/dtr.ma\/wp-content\/uploads\/2024\/11\/DTR-LOGO.svg\",\"width\":1528,\"height\":697,\"caption\":\"DTR\"},\"image\":{\"@id\":\"https:\/\/dtr.ma\/fr\/#\/schema\/logo\/image\/\"}}]}<\/script>\n<!-- \/ Yoast SEO Premium plugin. -->","yoast_head_json":{"title":"Conception du logo - DTR","robots":{"index":"index","follow":"follow","max-snippet":"max-snippet:-1","max-image-preview":"max-image-preview:large","max-video-preview":"max-video-preview:-1"},"canonical":"https:\/\/dtr.ma\/fr\/produit\/conception-du-logo\/","og_locale":"fr_FR","og_type":"article","og_title":"Conception du logo","og_description":"Cr\u00e9ez un logo unique et efficace pour votre entreprise gr\u00e2ce \u00e0 nos services de conception professionnels. Livraison en 7jours.","og_url":"https:\/\/dtr.ma\/fr\/produit\/conception-du-logo\/","og_site_name":"DTR","article_modified_time":"2025-01-22T14:11:38+00:00","og_image":[{"width":1669,"height":1123,"url":"https:\/\/i0.wp.com\/dtr.ma\/wp-content\/uploads\/2022\/12\/DTR-SERVICES-ICONES-WEBSITE-ECOMMERCE-06.jpg?fit=1669%2C1123&ssl=1","type":"image\/jpeg"}],"twitter_card":"summary_large_image","twitter_misc":{"Dur\u00e9e de lecture estim\u00e9e":"2 minutes"},"schema":{"@context":"https:\/\/schema.org","@graph":[{"@type":"WebPage","@id":"https:\/\/dtr.ma\/fr\/produit\/conception-du-logo\/","url":"https:\/\/dtr.ma\/fr\/produit\/conception-du-logo\/","name":"Conception du logo - DTR","isPartOf":{"@id":"https:\/\/dtr.ma\/fr\/#website"},"primaryImageOfPage":{"@id":"https:\/\/dtr.ma\/fr\/produit\/conception-du-logo\/#primaryimage"},"image":{"@id":"https:\/\/dtr.ma\/fr\/produit\/conception-du-logo\/#primaryimage"},"thumbnailUrl":"https:\/\/i0.wp.com\/dtr.ma\/wp-content\/uploads\/2022\/12\/DTR-SERVICES-ICONES-WEBSITE-ECOMMERCE-06.jpg?fit=1669%2C1123&ssl=1","datePublished":"2022-12-06T19:13:07+00:00","dateModified":"2025-01-22T14:11:38+00:00","breadcrumb":{"@id":"https:\/\/dtr.ma\/fr\/produit\/conception-du-logo\/#breadcrumb"},"inLanguage":"fr-FR","potentialAction":[{"@type":"ReadAction","target":["https:\/\/dtr.ma\/fr\/produit\/conception-du-logo\/"]}]},{"@type":"ImageObject","inLanguage":"fr-FR","@id":"https:\/\/dtr.ma\/fr\/produit\/conception-du-logo\/#primaryimage","url":"https:\/\/i0.wp.com\/dtr.ma\/wp-content\/uploads\/2022\/12\/DTR-SERVICES-ICONES-WEBSITE-ECOMMERCE-06.jpg?fit=1669%2C1123&ssl=1","contentUrl":"https:\/\/i0.wp.com\/dtr.ma\/wp-content\/uploads\/2022\/12\/DTR-SERVICES-ICONES-WEBSITE-ECOMMERCE-06.jpg?fit=1669%2C1123&ssl=1","width":1669,"height":1123},{"@type":"BreadcrumbList","@id":"https:\/\/dtr.ma\/fr\/produit\/conception-du-logo\/#breadcrumb","itemListElement":[{"@type":"ListItem","position":1,"name":"Home","item":"https:\/\/dtr.ma\/fr\/"},{"@type":"ListItem","position":2,"name":"Boutique","item":"https:\/\/dtr.ma\/fr\/boutique\/"},{"@type":"ListItem","position":3,"name":"Conception du logo"}]},{"@type":"WebSite","@id":"https:\/\/dtr.ma\/fr\/#website","url":"https:\/\/dtr.ma\/fr\/","name":"DTR","description":"Smart Business Solutions","publisher":{"@id":"https:\/\/dtr.ma\/fr\/#organization"},"potentialAction":[{"@type":"SearchAction","target":{"@type":"EntryPoint","urlTemplate":"https:\/\/dtr.ma\/fr\/?s={search_term_string}"},"query-input":{"@type":"PropertyValueSpecification","valueRequired":true,"valueName":"search_term_string"}}],"inLanguage":"fr-FR"},{"@type":"Organization","@id":"https:\/\/dtr.ma\/fr\/#organization","name":"DTR","url":"https:\/\/dtr.ma\/fr\/","logo":{"@type":"ImageObject","inLanguage":"fr-FR","@id":"https:\/\/dtr.ma\/fr\/#\/schema\/logo\/image\/","url":"https:\/\/dtr.ma\/wp-content\/uploads\/2024\/11\/DTR-LOGO.svg","contentUrl":"https:\/\/dtr.ma\/wp-content\/uploads\/2024\/11\/DTR-LOGO.svg","width":1528,"height":697,"caption":"DTR"},"image":{"@id":"https:\/\/dtr.ma\/fr\/#\/schema\/logo\/image\/"}}]}},"jetpack_sharing_enabled":true,"_links":{"self":[{"href":"https:\/\/dtr.ma\/fr\/wp-json\/wp\/v2\/product\/3535","targetHints":{"allow":["GET"]}}],"collection":[{"href":"https:\/\/dtr.ma\/fr\/wp-json\/wp\/v2\/product"}],"about":[{"href":"https:\/\/dtr.ma\/fr\/wp-json\/wp\/v2\/types\/product"}],"version-history":[{"count":0,"href":"https:\/\/dtr.ma\/fr\/wp-json\/wp\/v2\/product\/3535\/revisions"}],"wp:featuredmedia":[{"embeddable":true,"href":"https:\/\/dtr.ma\/fr\/wp-json\/wp\/v2\/media\/2806"}],"wp:attachment":[{"href":"https:\/\/dtr.ma\/fr\/wp-json\/wp\/v2\/media?parent=3535"}],"wp:term":[{"taxonomy":"product_brand","embeddable":true,"href":"https:\/\/dtr.ma\/fr\/wp-json\/wp\/v2\/product_brand?post=3535"},{"taxonomy":"product_cat","embeddable":true,"href":"https:\/\/dtr.ma\/fr\/wp-json\/wp\/v2\/product_cat?post=3535"},{"taxonomy":"product_tag","embeddable":true,"href":"https:\/\/dtr.ma\/fr\/wp-json\/wp\/v2\/product_tag?post=3535"}],"curies":[{"name":"wp","href":"https:\/\/api.w.org\/{rel}","templated":true}]}}