{"id":3536,"date":"2022-12-12T15:54:50","date_gmt":"2022-12-12T15:54:50","guid":{"rendered":"https:\/\/dtr.ma\/product\/referencement-technique-sur-site\/"},"modified":"2022-12-12T15:54:50","modified_gmt":"2022-12-12T15:54:50","slug":"referencement-technique-sur-site","status":"publish","type":"product","link":"https:\/\/dtr.ma\/fr\/produit\/referencement-technique-sur-site\/","title":{"rendered":"R\u00e9f\u00e9rencement technique sur site"},"content":{"rendered":"<p>Chez DTR Marketing Agency, notre service de r\u00e9f\u00e9rencement technique sur site est ax\u00e9 sur l&#8217;optimisation de l&#8217;architecture de votre site web pour les moteurs de recherche. Nous nous concentrons sur l&#8217;am\u00e9lioration de la vitesse de votre site, l&#8217;optimisation mobile, les balises m\u00e9ta, la structure de l&#8217;URL, et plus encore pour le rendre plus attrayant pour les moteurs de recherche comme Google. <\/p>\n<h3>Notre processus<\/h3>\n<p>Notre processus commence par un audit approfondi de votre site web afin d&#8217;identifier les points \u00e0 am\u00e9liorer. Nous proc\u00e9dons ensuite \u00e0 la mise en \u0153uvre des changements n\u00e9cessaires, qui peuvent inclure l&#8217;am\u00e9lioration de la vitesse de votre site web, l&#8217;optimisation pour les appareils mobiles et l&#8217;assurance que toutes les balises m\u00e9ta et les URL sont adapt\u00e9es au r\u00e9f\u00e9rencement. <\/p>\n<h3>Produits \u00e0 livrer<\/h3>\n<p>Notre service technique de r\u00e9f\u00e9rencement sur site comprend<\/p>\n<ol>\n<li>Audit SEO du site web<\/li>\n<li>Optimisation de la vitesse du site web<\/li>\n<li>Optimisation mobile<\/li>\n<li>Optimisation des m\u00e9tabalises<\/li>\n<li>Optimisation de la structure des URL<\/li>\n<\/ol>\n<h3>Tarification<\/h3>\n<p>Notre service de r\u00e9f\u00e9rencement technique sur site commence \u00e0 $100 USD (environ 1000 MAD). Le co\u00fbt final peut varier en fonction de la taille et de la complexit\u00e9 de votre site web. <\/p>\n<h3>Commencez<\/h3>\n<p>Pour commencer \u00e0 utiliser notre service de r\u00e9f\u00e9rencement technique sur site, veuillez visiter notre site web, s\u00e9lectionner le service de r\u00e9f\u00e9rencement technique sur site et proc\u00e9der au paiement. Apr\u00e8s avoir re\u00e7u votre commande, notre \u00e9quipe vous contactera pour discuter de vos besoins sp\u00e9cifiques et commencer \u00e0 travailler sur l&#8217;optimisation de votre site web. <\/p>\n","protected":false},"excerpt":{"rendered":"<p>Am\u00e9liorez les performances de votre site web et attirez des prospects de qualit\u00e9 gr\u00e2ce \u00e0 nos services de r\u00e9f\u00e9rencement technique. Laissez-nous vous aider \u00e0 \u00e9tablir une base num\u00e9rique solide et \u00e0 vous classer dans les meilleurs r\u00e9sultats de recherche. <\/p>\n","protected":false},"featured_media":2802,"template":"","meta":{"_mo_disable_npp":"","om_disable_all_campaigns":false,"inline_featured_image":false,"_monsterinsights_skip_tracking":false,"_monsterinsights_sitenote_active":false,"_monsterinsights_sitenote_note":"","_monsterinsights_sitenote_category":0,"_uf_show_specific_survey":0,"_uf_disable_surveys":false},"product_brand":[],"product_cat":[99,104,103],"product_tag":[],"class_list":{"0":"post-3536","1":"product","2":"type-product","3":"status-publish","4":"has-post-thumbnail","6":"product_cat-services-fr","7":"product_cat-services-web","8":"product_cat-taches","10":"first","11":"instock","12":"virtual","13":"sold-individually","14":"purchasable","15":"product-type-simple"},"yoast_head":"<!-- This site is optimized with the Yoast SEO Premium plugin v20.13 (Yoast SEO v25.9) - https:\/\/yoast.com\/wordpress\/plugins\/seo\/ -->\n<title>R\u00e9f\u00e9rencement technique sur site - DTR<\/title>\n<meta name=\"robots\" content=\"index, follow, max-snippet:-1, max-image-preview:large, max-video-preview:-1\" \/>\n<link rel=\"canonical\" href=\"https:\/\/dtr.ma\/fr\/produit\/referencement-technique-sur-site\/\" \/>\n<meta property=\"og:locale\" content=\"fr_FR\" \/>\n<meta property=\"og:type\" content=\"article\" \/>\n<meta property=\"og:title\" content=\"R\u00e9f\u00e9rencement technique sur site\" \/>\n<meta property=\"og:description\" content=\"Am\u00e9liorez les performances de votre site web et attirez des prospects de qualit\u00e9 gr\u00e2ce \u00e0 nos services de r\u00e9f\u00e9rencement technique. Laissez-nous vous aider \u00e0 \u00e9tablir une base num\u00e9rique solide et \u00e0 vous classer dans les meilleurs r\u00e9sultats de recherche.\" \/>\n<meta property=\"og:url\" content=\"https:\/\/dtr.ma\/fr\/produit\/referencement-technique-sur-site\/\" \/>\n<meta property=\"og:site_name\" content=\"DTR\" \/>\n<meta property=\"og:image\" content=\"https:\/\/i0.wp.com\/dtr.ma\/wp-content\/uploads\/2022\/12\/DTR-SERVICES-ICONES-WEBSITE-ECOMMERCE-10.jpg?fit=1669%2C1123&ssl=1\" \/>\n\t<meta property=\"og:image:width\" content=\"1669\" \/>\n\t<meta property=\"og:image:height\" content=\"1123\" \/>\n\t<meta property=\"og:image:type\" content=\"image\/jpeg\" \/>\n<meta name=\"twitter:card\" content=\"summary_large_image\" \/>\n<meta name=\"twitter:label1\" content=\"Dur\u00e9e de lecture estim\u00e9e\" \/>\n\t<meta name=\"twitter:data1\" content=\"1 minute\" \/>\n<script type=\"application\/ld+json\" class=\"yoast-schema-graph\">{\"@context\":\"https:\/\/schema.org\",\"@graph\":[{\"@type\":\"WebPage\",\"@id\":\"https:\/\/dtr.ma\/fr\/produit\/referencement-technique-sur-site\/\",\"url\":\"https:\/\/dtr.ma\/fr\/produit\/referencement-technique-sur-site\/\",\"name\":\"R\u00e9f\u00e9rencement technique sur site - DTR\",\"isPartOf\":{\"@id\":\"https:\/\/dtr.ma\/fr\/#website\"},\"primaryImageOfPage\":{\"@id\":\"https:\/\/dtr.ma\/fr\/produit\/referencement-technique-sur-site\/#primaryimage\"},\"image\":{\"@id\":\"https:\/\/dtr.ma\/fr\/produit\/referencement-technique-sur-site\/#primaryimage\"},\"thumbnailUrl\":\"https:\/\/i0.wp.com\/dtr.ma\/wp-content\/uploads\/2022\/12\/DTR-SERVICES-ICONES-WEBSITE-ECOMMERCE-10.jpg?fit=1669%2C1123&ssl=1\",\"datePublished\":\"2022-12-12T15:54:50+00:00\",\"breadcrumb\":{\"@id\":\"https:\/\/dtr.ma\/fr\/produit\/referencement-technique-sur-site\/#breadcrumb\"},\"inLanguage\":\"fr-FR\",\"potentialAction\":[{\"@type\":\"ReadAction\",\"target\":[\"https:\/\/dtr.ma\/fr\/produit\/referencement-technique-sur-site\/\"]}]},{\"@type\":\"ImageObject\",\"inLanguage\":\"fr-FR\",\"@id\":\"https:\/\/dtr.ma\/fr\/produit\/referencement-technique-sur-site\/#primaryimage\",\"url\":\"https:\/\/i0.wp.com\/dtr.ma\/wp-content\/uploads\/2022\/12\/DTR-SERVICES-ICONES-WEBSITE-ECOMMERCE-10.jpg?fit=1669%2C1123&ssl=1\",\"contentUrl\":\"https:\/\/i0.wp.com\/dtr.ma\/wp-content\/uploads\/2022\/12\/DTR-SERVICES-ICONES-WEBSITE-ECOMMERCE-10.jpg?fit=1669%2C1123&ssl=1\",\"width\":1669,\"height\":1123},{\"@type\":\"BreadcrumbList\",\"@id\":\"https:\/\/dtr.ma\/fr\/produit\/referencement-technique-sur-site\/#breadcrumb\",\"itemListElement\":[{\"@type\":\"ListItem\",\"position\":1,\"name\":\"Home\",\"item\":\"https:\/\/dtr.ma\/fr\/\"},{\"@type\":\"ListItem\",\"position\":2,\"name\":\"Boutique\",\"item\":\"https:\/\/dtr.ma\/fr\/boutique\/\"},{\"@type\":\"ListItem\",\"position\":3,\"name\":\"R\u00e9f\u00e9rencement technique sur site\"}]},{\"@type\":\"WebSite\",\"@id\":\"https:\/\/dtr.ma\/fr\/#website\",\"url\":\"https:\/\/dtr.ma\/fr\/\",\"name\":\"DTR\",\"description\":\"Smart Business Solutions\",\"publisher\":{\"@id\":\"https:\/\/dtr.ma\/fr\/#organization\"},\"potentialAction\":[{\"@type\":\"SearchAction\",\"target\":{\"@type\":\"EntryPoint\",\"urlTemplate\":\"https:\/\/dtr.ma\/fr\/?s={search_term_string}\"},\"query-input\":{\"@type\":\"PropertyValueSpecification\",\"valueRequired\":true,\"valueName\":\"search_term_string\"}}],\"inLanguage\":\"fr-FR\"},{\"@type\":\"Organization\",\"@id\":\"https:\/\/dtr.ma\/fr\/#organization\",\"name\":\"DTR\",\"url\":\"https:\/\/dtr.ma\/fr\/\",\"logo\":{\"@type\":\"ImageObject\",\"inLanguage\":\"fr-FR\",\"@id\":\"https:\/\/dtr.ma\/fr\/#\/schema\/logo\/image\/\",\"url\":\"https:\/\/dtr.ma\/wp-content\/uploads\/2024\/11\/DTR-LOGO.svg\",\"contentUrl\":\"https:\/\/dtr.ma\/wp-content\/uploads\/2024\/11\/DTR-LOGO.svg\",\"width\":1528,\"height\":697,\"caption\":\"DTR\"},\"image\":{\"@id\":\"https:\/\/dtr.ma\/fr\/#\/schema\/logo\/image\/\"}}]}<\/script>\n<!-- \/ Yoast SEO Premium plugin. -->","yoast_head_json":{"title":"R\u00e9f\u00e9rencement technique sur site - DTR","robots":{"index":"index","follow":"follow","max-snippet":"max-snippet:-1","max-image-preview":"max-image-preview:large","max-video-preview":"max-video-preview:-1"},"canonical":"https:\/\/dtr.ma\/fr\/produit\/referencement-technique-sur-site\/","og_locale":"fr_FR","og_type":"article","og_title":"R\u00e9f\u00e9rencement technique sur site","og_description":"Am\u00e9liorez les performances de votre site web et attirez des prospects de qualit\u00e9 gr\u00e2ce \u00e0 nos services de r\u00e9f\u00e9rencement technique. Laissez-nous vous aider \u00e0 \u00e9tablir une base num\u00e9rique solide et \u00e0 vous classer dans les meilleurs r\u00e9sultats de recherche.","og_url":"https:\/\/dtr.ma\/fr\/produit\/referencement-technique-sur-site\/","og_site_name":"DTR","og_image":[{"width":1669,"height":1123,"url":"https:\/\/i0.wp.com\/dtr.ma\/wp-content\/uploads\/2022\/12\/DTR-SERVICES-ICONES-WEBSITE-ECOMMERCE-10.jpg?fit=1669%2C1123&ssl=1","type":"image\/jpeg"}],"twitter_card":"summary_large_image","twitter_misc":{"Dur\u00e9e de lecture estim\u00e9e":"1 minute"},"schema":{"@context":"https:\/\/schema.org","@graph":[{"@type":"WebPage","@id":"https:\/\/dtr.ma\/fr\/produit\/referencement-technique-sur-site\/","url":"https:\/\/dtr.ma\/fr\/produit\/referencement-technique-sur-site\/","name":"R\u00e9f\u00e9rencement technique sur site - DTR","isPartOf":{"@id":"https:\/\/dtr.ma\/fr\/#website"},"primaryImageOfPage":{"@id":"https:\/\/dtr.ma\/fr\/produit\/referencement-technique-sur-site\/#primaryimage"},"image":{"@id":"https:\/\/dtr.ma\/fr\/produit\/referencement-technique-sur-site\/#primaryimage"},"thumbnailUrl":"https:\/\/i0.wp.com\/dtr.ma\/wp-content\/uploads\/2022\/12\/DTR-SERVICES-ICONES-WEBSITE-ECOMMERCE-10.jpg?fit=1669%2C1123&ssl=1","datePublished":"2022-12-12T15:54:50+00:00","breadcrumb":{"@id":"https:\/\/dtr.ma\/fr\/produit\/referencement-technique-sur-site\/#breadcrumb"},"inLanguage":"fr-FR","potentialAction":[{"@type":"ReadAction","target":["https:\/\/dtr.ma\/fr\/produit\/referencement-technique-sur-site\/"]}]},{"@type":"ImageObject","inLanguage":"fr-FR","@id":"https:\/\/dtr.ma\/fr\/produit\/referencement-technique-sur-site\/#primaryimage","url":"https:\/\/i0.wp.com\/dtr.ma\/wp-content\/uploads\/2022\/12\/DTR-SERVICES-ICONES-WEBSITE-ECOMMERCE-10.jpg?fit=1669%2C1123&ssl=1","contentUrl":"https:\/\/i0.wp.com\/dtr.ma\/wp-content\/uploads\/2022\/12\/DTR-SERVICES-ICONES-WEBSITE-ECOMMERCE-10.jpg?fit=1669%2C1123&ssl=1","width":1669,"height":1123},{"@type":"BreadcrumbList","@id":"https:\/\/dtr.ma\/fr\/produit\/referencement-technique-sur-site\/#breadcrumb","itemListElement":[{"@type":"ListItem","position":1,"name":"Home","item":"https:\/\/dtr.ma\/fr\/"},{"@type":"ListItem","position":2,"name":"Boutique","item":"https:\/\/dtr.ma\/fr\/boutique\/"},{"@type":"ListItem","position":3,"name":"R\u00e9f\u00e9rencement technique sur site"}]},{"@type":"WebSite","@id":"https:\/\/dtr.ma\/fr\/#website","url":"https:\/\/dtr.ma\/fr\/","name":"DTR","description":"Smart Business Solutions","publisher":{"@id":"https:\/\/dtr.ma\/fr\/#organization"},"potentialAction":[{"@type":"SearchAction","target":{"@type":"EntryPoint","urlTemplate":"https:\/\/dtr.ma\/fr\/?s={search_term_string}"},"query-input":{"@type":"PropertyValueSpecification","valueRequired":true,"valueName":"search_term_string"}}],"inLanguage":"fr-FR"},{"@type":"Organization","@id":"https:\/\/dtr.ma\/fr\/#organization","name":"DTR","url":"https:\/\/dtr.ma\/fr\/","logo":{"@type":"ImageObject","inLanguage":"fr-FR","@id":"https:\/\/dtr.ma\/fr\/#\/schema\/logo\/image\/","url":"https:\/\/dtr.ma\/wp-content\/uploads\/2024\/11\/DTR-LOGO.svg","contentUrl":"https:\/\/dtr.ma\/wp-content\/uploads\/2024\/11\/DTR-LOGO.svg","width":1528,"height":697,"caption":"DTR"},"image":{"@id":"https:\/\/dtr.ma\/fr\/#\/schema\/logo\/image\/"}}]}},"jetpack_sharing_enabled":true,"_links":{"self":[{"href":"https:\/\/dtr.ma\/fr\/wp-json\/wp\/v2\/product\/3536","targetHints":{"allow":["GET"]}}],"collection":[{"href":"https:\/\/dtr.ma\/fr\/wp-json\/wp\/v2\/product"}],"about":[{"href":"https:\/\/dtr.ma\/fr\/wp-json\/wp\/v2\/types\/product"}],"version-history":[{"count":0,"href":"https:\/\/dtr.ma\/fr\/wp-json\/wp\/v2\/product\/3536\/revisions"}],"wp:featuredmedia":[{"embeddable":true,"href":"https:\/\/dtr.ma\/fr\/wp-json\/wp\/v2\/media\/2802"}],"wp:attachment":[{"href":"https:\/\/dtr.ma\/fr\/wp-json\/wp\/v2\/media?parent=3536"}],"wp:term":[{"taxonomy":"product_brand","embeddable":true,"href":"https:\/\/dtr.ma\/fr\/wp-json\/wp\/v2\/product_brand?post=3536"},{"taxonomy":"product_cat","embeddable":true,"href":"https:\/\/dtr.ma\/fr\/wp-json\/wp\/v2\/product_cat?post=3536"},{"taxonomy":"product_tag","embeddable":true,"href":"https:\/\/dtr.ma\/fr\/wp-json\/wp\/v2\/product_tag?post=3536"}],"curies":[{"name":"wp","href":"https:\/\/api.w.org\/{rel}","templated":true}]}}