{"id":3537,"date":"2022-12-17T14:58:27","date_gmt":"2022-12-17T14:58:27","guid":{"rendered":"https:\/\/dtr.ma\/product\/gestion-des-medias-sociaux\/"},"modified":"2022-12-17T14:58:27","modified_gmt":"2022-12-17T14:58:27","slug":"gestion-des-medias-sociaux","status":"publish","type":"product","link":"https:\/\/dtr.ma\/fr\/produit\/gestion-des-medias-sociaux\/","title":{"rendered":"Gestion des m\u00e9dias sociaux"},"content":{"rendered":"<p>Vous avez du mal \u00e0 r\u00e9pondre aux exigences de la gestion de votre pr\u00e9sence sur les m\u00e9dias sociaux ? DTR Marketing Agency propose des services professionnels de gestion des m\u00e9dias sociaux pour vous aider \u00e0 atteindre et engager votre public cible de mani\u00e8re efficace et efficiente. Notre \u00e9quipe de sp\u00e9cialistes en marketing travaillera avec vous pour cr\u00e9er un plan personnalis\u00e9 et bas\u00e9 sur des donn\u00e9es qui s&#8217;aligne sur les buts et objectifs de votre entreprise. Nous prenons en charge tous les aspects du processus, de la cr\u00e9ation et de la programmation du contenu au suivi et \u00e0 l&#8217;analyse des r\u00e9sultats, afin de vous garantir une exp\u00e9rience transparente et sans tracas. Que vous souhaitiez accro\u00eetre la notori\u00e9t\u00e9 de votre marque, g\u00e9n\u00e9rer du trafic sur votre site Web ou augmenter les conversions, nous disposons de l&#8217;expertise n\u00e9cessaire pour vous fournir des r\u00e9sultats de premier ordre. Contactez-nous d\u00e8s aujourd&#8217;hui et laissez-nous vous aider \u00e0 g\u00e9rer efficacement votre pr\u00e9sence sur les m\u00e9dias sociaux. Nous sommes impatients de travailler avec vous ! <\/p>\n","protected":false},"excerpt":{"rendered":"<p>Les services professionnels de gestion des m\u00e9dias sociaux de DTR Marketing Agency vous aideront \u00e0 atteindre votre public cible et \u00e0 vous engager aupr\u00e8s de lui. Contactez-nous d\u00e8s aujourd&#8217;hui et laissez-nous vous aider \u00e0 g\u00e9rer efficacement votre pr\u00e9sence sur les m\u00e9dias sociaux. <\/p>\n","protected":false},"featured_media":2793,"template":"","meta":{"_mo_disable_npp":"","om_disable_all_campaigns":false,"inline_featured_image":false,"_monsterinsights_skip_tracking":false,"_monsterinsights_sitenote_active":false,"_monsterinsights_sitenote_note":"","_monsterinsights_sitenote_category":0,"_uf_show_specific_survey":0,"_uf_disable_surveys":false},"product_brand":[],"product_cat":[105,101,99],"product_tag":[],"class_list":{"0":"post-3537","1":"product","2":"type-product","3":"status-publish","4":"has-post-thumbnail","6":"product_cat-abonnements","7":"product_cat-marketing-numerique","8":"product_cat-services-fr","10":"first","11":"instock","12":"shipping-taxable","13":"product-type-simple"},"yoast_head":"<!-- This site is optimized with the Yoast SEO Premium plugin v20.13 (Yoast SEO v25.9) - https:\/\/yoast.com\/wordpress\/plugins\/seo\/ -->\n<title>Gestion des m\u00e9dias sociaux - DTR<\/title>\n<meta name=\"robots\" content=\"index, follow, max-snippet:-1, max-image-preview:large, max-video-preview:-1\" \/>\n<link rel=\"canonical\" href=\"https:\/\/dtr.ma\/fr\/produit\/gestion-des-medias-sociaux\/\" \/>\n<meta property=\"og:locale\" content=\"fr_FR\" \/>\n<meta property=\"og:type\" content=\"article\" \/>\n<meta property=\"og:title\" content=\"Gestion des m\u00e9dias sociaux\" \/>\n<meta property=\"og:description\" content=\"Les services professionnels de gestion des m\u00e9dias sociaux de DTR Marketing Agency vous aideront \u00e0 atteindre votre public cible et \u00e0 vous engager aupr\u00e8s de lui. Contactez-nous d\u00e8s aujourd&#039;hui et laissez-nous vous aider \u00e0 g\u00e9rer efficacement votre pr\u00e9sence sur les m\u00e9dias sociaux.\" \/>\n<meta property=\"og:url\" content=\"https:\/\/dtr.ma\/fr\/produit\/gestion-des-medias-sociaux\/\" \/>\n<meta property=\"og:site_name\" content=\"DTR\" \/>\n<meta name=\"twitter:card\" content=\"summary_large_image\" \/>\n<meta name=\"twitter:label1\" content=\"Dur\u00e9e de lecture estim\u00e9e\" \/>\n\t<meta name=\"twitter:data1\" content=\"1 minute\" \/>\n<script type=\"application\/ld+json\" class=\"yoast-schema-graph\">{\"@context\":\"https:\/\/schema.org\",\"@graph\":[{\"@type\":\"WebPage\",\"@id\":\"https:\/\/dtr.ma\/fr\/produit\/gestion-des-medias-sociaux\/\",\"url\":\"https:\/\/dtr.ma\/fr\/produit\/gestion-des-medias-sociaux\/\",\"name\":\"Gestion des m\u00e9dias sociaux - DTR\",\"isPartOf\":{\"@id\":\"https:\/\/dtr.ma\/fr\/#website\"},\"primaryImageOfPage\":{\"@id\":\"https:\/\/dtr.ma\/fr\/produit\/gestion-des-medias-sociaux\/#primaryimage\"},\"image\":{\"@id\":\"https:\/\/dtr.ma\/fr\/produit\/gestion-des-medias-sociaux\/#primaryimage\"},\"thumbnailUrl\":\"https:\/\/i0.wp.com\/dtr.ma\/wp-content\/uploads\/2022\/12\/DTR-SERVICES-ICONES-WEBSITE-ECOMMERCE-19.jpg?fit=1669%2C1123&ssl=1\",\"datePublished\":\"2022-12-17T14:58:27+00:00\",\"breadcrumb\":{\"@id\":\"https:\/\/dtr.ma\/fr\/produit\/gestion-des-medias-sociaux\/#breadcrumb\"},\"inLanguage\":\"fr-FR\",\"potentialAction\":[{\"@type\":\"ReadAction\",\"target\":[\"https:\/\/dtr.ma\/fr\/produit\/gestion-des-medias-sociaux\/\"]}]},{\"@type\":\"ImageObject\",\"inLanguage\":\"fr-FR\",\"@id\":\"https:\/\/dtr.ma\/fr\/produit\/gestion-des-medias-sociaux\/#primaryimage\",\"url\":\"https:\/\/i0.wp.com\/dtr.ma\/wp-content\/uploads\/2022\/12\/DTR-SERVICES-ICONES-WEBSITE-ECOMMERCE-19.jpg?fit=1669%2C1123&ssl=1\",\"contentUrl\":\"https:\/\/i0.wp.com\/dtr.ma\/wp-content\/uploads\/2022\/12\/DTR-SERVICES-ICONES-WEBSITE-ECOMMERCE-19.jpg?fit=1669%2C1123&ssl=1\",\"width\":1669,\"height\":1123},{\"@type\":\"BreadcrumbList\",\"@id\":\"https:\/\/dtr.ma\/fr\/produit\/gestion-des-medias-sociaux\/#breadcrumb\",\"itemListElement\":[{\"@type\":\"ListItem\",\"position\":1,\"name\":\"Home\",\"item\":\"https:\/\/dtr.ma\/fr\/\"},{\"@type\":\"ListItem\",\"position\":2,\"name\":\"Boutique\",\"item\":\"https:\/\/dtr.ma\/fr\/boutique\/\"},{\"@type\":\"ListItem\",\"position\":3,\"name\":\"Gestion des m\u00e9dias sociaux\"}]},{\"@type\":\"WebSite\",\"@id\":\"https:\/\/dtr.ma\/fr\/#website\",\"url\":\"https:\/\/dtr.ma\/fr\/\",\"name\":\"DTR\",\"description\":\"Smart Business Solutions\",\"publisher\":{\"@id\":\"https:\/\/dtr.ma\/fr\/#organization\"},\"potentialAction\":[{\"@type\":\"SearchAction\",\"target\":{\"@type\":\"EntryPoint\",\"urlTemplate\":\"https:\/\/dtr.ma\/fr\/?s={search_term_string}\"},\"query-input\":{\"@type\":\"PropertyValueSpecification\",\"valueRequired\":true,\"valueName\":\"search_term_string\"}}],\"inLanguage\":\"fr-FR\"},{\"@type\":\"Organization\",\"@id\":\"https:\/\/dtr.ma\/fr\/#organization\",\"name\":\"DTR\",\"url\":\"https:\/\/dtr.ma\/fr\/\",\"logo\":{\"@type\":\"ImageObject\",\"inLanguage\":\"fr-FR\",\"@id\":\"https:\/\/dtr.ma\/fr\/#\/schema\/logo\/image\/\",\"url\":\"https:\/\/dtr.ma\/wp-content\/uploads\/2024\/11\/DTR-LOGO.svg\",\"contentUrl\":\"https:\/\/dtr.ma\/wp-content\/uploads\/2024\/11\/DTR-LOGO.svg\",\"width\":1528,\"height\":697,\"caption\":\"DTR\"},\"image\":{\"@id\":\"https:\/\/dtr.ma\/fr\/#\/schema\/logo\/image\/\"}}]}<\/script>\n<!-- \/ Yoast SEO Premium plugin. -->","yoast_head_json":{"title":"Gestion des m\u00e9dias sociaux - DTR","robots":{"index":"index","follow":"follow","max-snippet":"max-snippet:-1","max-image-preview":"max-image-preview:large","max-video-preview":"max-video-preview:-1"},"canonical":"https:\/\/dtr.ma\/fr\/produit\/gestion-des-medias-sociaux\/","og_locale":"fr_FR","og_type":"article","og_title":"Gestion des m\u00e9dias sociaux","og_description":"Les services professionnels de gestion des m\u00e9dias sociaux de DTR Marketing Agency vous aideront \u00e0 atteindre votre public cible et \u00e0 vous engager aupr\u00e8s de lui. Contactez-nous d\u00e8s aujourd'hui et laissez-nous vous aider \u00e0 g\u00e9rer efficacement votre pr\u00e9sence sur les m\u00e9dias sociaux.","og_url":"https:\/\/dtr.ma\/fr\/produit\/gestion-des-medias-sociaux\/","og_site_name":"DTR","twitter_card":"summary_large_image","twitter_misc":{"Dur\u00e9e de lecture estim\u00e9e":"1 minute"},"schema":{"@context":"https:\/\/schema.org","@graph":[{"@type":"WebPage","@id":"https:\/\/dtr.ma\/fr\/produit\/gestion-des-medias-sociaux\/","url":"https:\/\/dtr.ma\/fr\/produit\/gestion-des-medias-sociaux\/","name":"Gestion des m\u00e9dias sociaux - DTR","isPartOf":{"@id":"https:\/\/dtr.ma\/fr\/#website"},"primaryImageOfPage":{"@id":"https:\/\/dtr.ma\/fr\/produit\/gestion-des-medias-sociaux\/#primaryimage"},"image":{"@id":"https:\/\/dtr.ma\/fr\/produit\/gestion-des-medias-sociaux\/#primaryimage"},"thumbnailUrl":"https:\/\/i0.wp.com\/dtr.ma\/wp-content\/uploads\/2022\/12\/DTR-SERVICES-ICONES-WEBSITE-ECOMMERCE-19.jpg?fit=1669%2C1123&ssl=1","datePublished":"2022-12-17T14:58:27+00:00","breadcrumb":{"@id":"https:\/\/dtr.ma\/fr\/produit\/gestion-des-medias-sociaux\/#breadcrumb"},"inLanguage":"fr-FR","potentialAction":[{"@type":"ReadAction","target":["https:\/\/dtr.ma\/fr\/produit\/gestion-des-medias-sociaux\/"]}]},{"@type":"ImageObject","inLanguage":"fr-FR","@id":"https:\/\/dtr.ma\/fr\/produit\/gestion-des-medias-sociaux\/#primaryimage","url":"https:\/\/i0.wp.com\/dtr.ma\/wp-content\/uploads\/2022\/12\/DTR-SERVICES-ICONES-WEBSITE-ECOMMERCE-19.jpg?fit=1669%2C1123&ssl=1","contentUrl":"https:\/\/i0.wp.com\/dtr.ma\/wp-content\/uploads\/2022\/12\/DTR-SERVICES-ICONES-WEBSITE-ECOMMERCE-19.jpg?fit=1669%2C1123&ssl=1","width":1669,"height":1123},{"@type":"BreadcrumbList","@id":"https:\/\/dtr.ma\/fr\/produit\/gestion-des-medias-sociaux\/#breadcrumb","itemListElement":[{"@type":"ListItem","position":1,"name":"Home","item":"https:\/\/dtr.ma\/fr\/"},{"@type":"ListItem","position":2,"name":"Boutique","item":"https:\/\/dtr.ma\/fr\/boutique\/"},{"@type":"ListItem","position":3,"name":"Gestion des m\u00e9dias sociaux"}]},{"@type":"WebSite","@id":"https:\/\/dtr.ma\/fr\/#website","url":"https:\/\/dtr.ma\/fr\/","name":"DTR","description":"Smart Business Solutions","publisher":{"@id":"https:\/\/dtr.ma\/fr\/#organization"},"potentialAction":[{"@type":"SearchAction","target":{"@type":"EntryPoint","urlTemplate":"https:\/\/dtr.ma\/fr\/?s={search_term_string}"},"query-input":{"@type":"PropertyValueSpecification","valueRequired":true,"valueName":"search_term_string"}}],"inLanguage":"fr-FR"},{"@type":"Organization","@id":"https:\/\/dtr.ma\/fr\/#organization","name":"DTR","url":"https:\/\/dtr.ma\/fr\/","logo":{"@type":"ImageObject","inLanguage":"fr-FR","@id":"https:\/\/dtr.ma\/fr\/#\/schema\/logo\/image\/","url":"https:\/\/dtr.ma\/wp-content\/uploads\/2024\/11\/DTR-LOGO.svg","contentUrl":"https:\/\/dtr.ma\/wp-content\/uploads\/2024\/11\/DTR-LOGO.svg","width":1528,"height":697,"caption":"DTR"},"image":{"@id":"https:\/\/dtr.ma\/fr\/#\/schema\/logo\/image\/"}}]}},"jetpack_sharing_enabled":true,"_links":{"self":[{"href":"https:\/\/dtr.ma\/fr\/wp-json\/wp\/v2\/product\/3537","targetHints":{"allow":["GET"]}}],"collection":[{"href":"https:\/\/dtr.ma\/fr\/wp-json\/wp\/v2\/product"}],"about":[{"href":"https:\/\/dtr.ma\/fr\/wp-json\/wp\/v2\/types\/product"}],"version-history":[{"count":0,"href":"https:\/\/dtr.ma\/fr\/wp-json\/wp\/v2\/product\/3537\/revisions"}],"wp:featuredmedia":[{"embeddable":true,"href":"https:\/\/dtr.ma\/fr\/wp-json\/wp\/v2\/media\/2793"}],"wp:attachment":[{"href":"https:\/\/dtr.ma\/fr\/wp-json\/wp\/v2\/media?parent=3537"}],"wp:term":[{"taxonomy":"product_brand","embeddable":true,"href":"https:\/\/dtr.ma\/fr\/wp-json\/wp\/v2\/product_brand?post=3537"},{"taxonomy":"product_cat","embeddable":true,"href":"https:\/\/dtr.ma\/fr\/wp-json\/wp\/v2\/product_cat?post=3537"},{"taxonomy":"product_tag","embeddable":true,"href":"https:\/\/dtr.ma\/fr\/wp-json\/wp\/v2\/product_tag?post=3537"}],"curies":[{"name":"wp","href":"https:\/\/api.w.org\/{rel}","templated":true}]}}