{"id":3539,"date":"2022-12-17T15:04:19","date_gmt":"2022-12-17T15:04:19","guid":{"rendered":"https:\/\/dtr.ma\/product\/conception-daffiches\/"},"modified":"2022-12-17T15:04:19","modified_gmt":"2022-12-17T15:04:19","slug":"conception-daffiches","status":"publish","type":"product","link":"https:\/\/dtr.ma\/fr\/produit\/conception-daffiches\/","title":{"rendered":"Conception d&#8217;affiches"},"content":{"rendered":"<p>Attirez l&#8217;attention et transmettez votre message avec impact gr\u00e2ce au service de conception d&#8217;affiches de DTR Marketing Agency. Notre \u00e9quipe de designers cr\u00e9atifs vous fournira une affiche unique, accrocheuse et percutante qui se d\u00e9marquera. Nous nous concentrons sur la cr\u00e9ation d&#8217;une mise en page convaincante, l&#8217;utilisation de couleurs vives et l&#8217;int\u00e9gration de l&#8217;identit\u00e9 de votre marque afin de fournir un design qui captive votre public cible. <\/p>\n<h3>Notre processus<\/h3>\n<p>Nous commen\u00e7ons par comprendre votre marque, l&#8217;objectif de l&#8217;affiche et votre public cible. Notre \u00e9quipe travaille ensuite \u00e0 la cr\u00e9ation de mod\u00e8les initiaux et, gr\u00e2ce \u00e0 vos commentaires, nous les affinons jusqu&#8217;\u00e0 ce que nous arrivions au mod\u00e8le final qui r\u00e9pond parfaitement \u00e0 vos exigences. <\/p>\n<h3>Produits \u00e0 livrer<\/h3>\n<p>Nous vous livrons une affiche pr\u00eate \u00e0 \u00eatre imprim\u00e9e dans le format de votre choix, qui captera l&#8217;attention de votre public et transmettra efficacement votre message.<\/p>\n<h3>Tarification<\/h3>\n<p>Notre service de conception d&#8217;affiches commence \u00e0 100 USD (environ 1 000 MAD). Le prix final peut varier en fonction de la complexit\u00e9 de la conception et du nombre de r\u00e9visions. Le paiement int\u00e9gral est exig\u00e9 au d\u00e9but du projet via notre plateforme en ligne s\u00e9curis\u00e9e.  <\/p>\n<h3>Commencez<\/h3>\n<p>Pour commencer votre projet de conception d&#8217;affiche, visitez notre site Web, s\u00e9lectionnez le service de conception d&#8217;affiche, ajoutez-le \u00e0 votre panier et proc\u00e9dez au paiement. Notre \u00e9quipe vous contactera ensuite pour discuter de vos besoins sp\u00e9cifiques et commencer la conception de votre affiche. Faites une forte impression avec une affiche personnalis\u00e9e qui capte l&#8217;attention et communique votre message efficacement. Commencez votre voyage de conception avec DTR Marketing Agency aujourd&#8217;hui, et laissez votre message se d\u00e9marquer ! <\/p>\n","protected":false},"excerpt":{"rendered":"<p>Captez l&#8217;attention et transmettez des messages percutants gr\u00e2ce au service de conception d&#8217;affiches de l&#8217;agence de marketing DTR. B\u00e9n\u00e9ficiez de nos designs personnalis\u00e9s, vibrants et convaincants qui r\u00e9sonnent avec votre public. Commencez \u00e0 faire des impressions fortes avec nous d\u00e8s aujourd&#8217;hui !  <\/p>\n","protected":false},"featured_media":2796,"template":"","meta":{"_mo_disable_npp":"","om_disable_all_campaigns":false,"inline_featured_image":false,"_monsterinsights_skip_tracking":false,"_monsterinsights_sitenote_active":false,"_monsterinsights_sitenote_note":"","_monsterinsights_sitenote_category":0,"_uf_show_specific_survey":0,"_uf_disable_surveys":false},"product_brand":[],"product_cat":[99,103],"product_tag":[],"class_list":{"0":"post-3539","1":"product","2":"type-product","3":"status-publish","4":"has-post-thumbnail","6":"product_cat-services-fr","7":"product_cat-taches","9":"first","10":"instock","11":"virtual","12":"sold-individually","13":"purchasable","14":"product-type-simple"},"yoast_head":"<!-- This site is optimized with the Yoast SEO Premium plugin v20.13 (Yoast SEO v25.9) - https:\/\/yoast.com\/wordpress\/plugins\/seo\/ -->\n<title>Conception d&#039;affiches - DTR<\/title>\n<meta name=\"robots\" content=\"index, follow, max-snippet:-1, max-image-preview:large, max-video-preview:-1\" \/>\n<link rel=\"canonical\" href=\"https:\/\/dtr.ma\/fr\/produit\/conception-daffiches\/\" \/>\n<meta property=\"og:locale\" content=\"fr_FR\" \/>\n<meta property=\"og:type\" content=\"article\" \/>\n<meta property=\"og:title\" content=\"Conception d&#039;affiches\" \/>\n<meta property=\"og:description\" content=\"Captez l&#039;attention et transmettez des messages percutants gr\u00e2ce au service de conception d&#039;affiches de l&#039;agence de marketing DTR. B\u00e9n\u00e9ficiez de nos designs personnalis\u00e9s, vibrants et convaincants qui r\u00e9sonnent avec votre public. Commencez \u00e0 faire des impressions fortes avec nous d\u00e8s aujourd&#039;hui !\" \/>\n<meta property=\"og:url\" content=\"https:\/\/dtr.ma\/fr\/produit\/conception-daffiches\/\" \/>\n<meta property=\"og:site_name\" content=\"DTR\" \/>\n<meta property=\"og:image\" content=\"https:\/\/i0.wp.com\/dtr.ma\/wp-content\/uploads\/2022\/12\/DTR-SERVICES-ICONES-WEBSITE-ECOMMERCE-16.jpg?fit=1669%2C1123&ssl=1\" \/>\n\t<meta property=\"og:image:width\" content=\"1669\" \/>\n\t<meta property=\"og:image:height\" content=\"1123\" \/>\n\t<meta property=\"og:image:type\" content=\"image\/jpeg\" \/>\n<meta name=\"twitter:card\" content=\"summary_large_image\" \/>\n<meta name=\"twitter:label1\" content=\"Dur\u00e9e de lecture estim\u00e9e\" \/>\n\t<meta name=\"twitter:data1\" content=\"1 minute\" \/>\n<script type=\"application\/ld+json\" class=\"yoast-schema-graph\">{\"@context\":\"https:\/\/schema.org\",\"@graph\":[{\"@type\":\"WebPage\",\"@id\":\"https:\/\/dtr.ma\/fr\/produit\/conception-daffiches\/\",\"url\":\"https:\/\/dtr.ma\/fr\/produit\/conception-daffiches\/\",\"name\":\"Conception d'affiches - DTR\",\"isPartOf\":{\"@id\":\"https:\/\/dtr.ma\/fr\/#website\"},\"primaryImageOfPage\":{\"@id\":\"https:\/\/dtr.ma\/fr\/produit\/conception-daffiches\/#primaryimage\"},\"image\":{\"@id\":\"https:\/\/dtr.ma\/fr\/produit\/conception-daffiches\/#primaryimage\"},\"thumbnailUrl\":\"https:\/\/i0.wp.com\/dtr.ma\/wp-content\/uploads\/2022\/12\/DTR-SERVICES-ICONES-WEBSITE-ECOMMERCE-16.jpg?fit=1669%2C1123&ssl=1\",\"datePublished\":\"2022-12-17T15:04:19+00:00\",\"breadcrumb\":{\"@id\":\"https:\/\/dtr.ma\/fr\/produit\/conception-daffiches\/#breadcrumb\"},\"inLanguage\":\"fr-FR\",\"potentialAction\":[{\"@type\":\"ReadAction\",\"target\":[\"https:\/\/dtr.ma\/fr\/produit\/conception-daffiches\/\"]}]},{\"@type\":\"ImageObject\",\"inLanguage\":\"fr-FR\",\"@id\":\"https:\/\/dtr.ma\/fr\/produit\/conception-daffiches\/#primaryimage\",\"url\":\"https:\/\/i0.wp.com\/dtr.ma\/wp-content\/uploads\/2022\/12\/DTR-SERVICES-ICONES-WEBSITE-ECOMMERCE-16.jpg?fit=1669%2C1123&ssl=1\",\"contentUrl\":\"https:\/\/i0.wp.com\/dtr.ma\/wp-content\/uploads\/2022\/12\/DTR-SERVICES-ICONES-WEBSITE-ECOMMERCE-16.jpg?fit=1669%2C1123&ssl=1\",\"width\":1669,\"height\":1123},{\"@type\":\"BreadcrumbList\",\"@id\":\"https:\/\/dtr.ma\/fr\/produit\/conception-daffiches\/#breadcrumb\",\"itemListElement\":[{\"@type\":\"ListItem\",\"position\":1,\"name\":\"Home\",\"item\":\"https:\/\/dtr.ma\/fr\/\"},{\"@type\":\"ListItem\",\"position\":2,\"name\":\"Boutique\",\"item\":\"https:\/\/dtr.ma\/fr\/boutique\/\"},{\"@type\":\"ListItem\",\"position\":3,\"name\":\"Conception d&#8217;affiches\"}]},{\"@type\":\"WebSite\",\"@id\":\"https:\/\/dtr.ma\/fr\/#website\",\"url\":\"https:\/\/dtr.ma\/fr\/\",\"name\":\"DTR\",\"description\":\"Smart Business Solutions\",\"publisher\":{\"@id\":\"https:\/\/dtr.ma\/fr\/#organization\"},\"potentialAction\":[{\"@type\":\"SearchAction\",\"target\":{\"@type\":\"EntryPoint\",\"urlTemplate\":\"https:\/\/dtr.ma\/fr\/?s={search_term_string}\"},\"query-input\":{\"@type\":\"PropertyValueSpecification\",\"valueRequired\":true,\"valueName\":\"search_term_string\"}}],\"inLanguage\":\"fr-FR\"},{\"@type\":\"Organization\",\"@id\":\"https:\/\/dtr.ma\/fr\/#organization\",\"name\":\"DTR\",\"url\":\"https:\/\/dtr.ma\/fr\/\",\"logo\":{\"@type\":\"ImageObject\",\"inLanguage\":\"fr-FR\",\"@id\":\"https:\/\/dtr.ma\/fr\/#\/schema\/logo\/image\/\",\"url\":\"https:\/\/dtr.ma\/wp-content\/uploads\/2024\/11\/DTR-LOGO.svg\",\"contentUrl\":\"https:\/\/dtr.ma\/wp-content\/uploads\/2024\/11\/DTR-LOGO.svg\",\"width\":1528,\"height\":697,\"caption\":\"DTR\"},\"image\":{\"@id\":\"https:\/\/dtr.ma\/fr\/#\/schema\/logo\/image\/\"}}]}<\/script>\n<!-- \/ Yoast SEO Premium plugin. -->","yoast_head_json":{"title":"Conception d'affiches - DTR","robots":{"index":"index","follow":"follow","max-snippet":"max-snippet:-1","max-image-preview":"max-image-preview:large","max-video-preview":"max-video-preview:-1"},"canonical":"https:\/\/dtr.ma\/fr\/produit\/conception-daffiches\/","og_locale":"fr_FR","og_type":"article","og_title":"Conception d'affiches","og_description":"Captez l'attention et transmettez des messages percutants gr\u00e2ce au service de conception d'affiches de l'agence de marketing DTR. B\u00e9n\u00e9ficiez de nos designs personnalis\u00e9s, vibrants et convaincants qui r\u00e9sonnent avec votre public. Commencez \u00e0 faire des impressions fortes avec nous d\u00e8s aujourd'hui !","og_url":"https:\/\/dtr.ma\/fr\/produit\/conception-daffiches\/","og_site_name":"DTR","og_image":[{"width":1669,"height":1123,"url":"https:\/\/i0.wp.com\/dtr.ma\/wp-content\/uploads\/2022\/12\/DTR-SERVICES-ICONES-WEBSITE-ECOMMERCE-16.jpg?fit=1669%2C1123&ssl=1","type":"image\/jpeg"}],"twitter_card":"summary_large_image","twitter_misc":{"Dur\u00e9e de lecture estim\u00e9e":"1 minute"},"schema":{"@context":"https:\/\/schema.org","@graph":[{"@type":"WebPage","@id":"https:\/\/dtr.ma\/fr\/produit\/conception-daffiches\/","url":"https:\/\/dtr.ma\/fr\/produit\/conception-daffiches\/","name":"Conception d'affiches - DTR","isPartOf":{"@id":"https:\/\/dtr.ma\/fr\/#website"},"primaryImageOfPage":{"@id":"https:\/\/dtr.ma\/fr\/produit\/conception-daffiches\/#primaryimage"},"image":{"@id":"https:\/\/dtr.ma\/fr\/produit\/conception-daffiches\/#primaryimage"},"thumbnailUrl":"https:\/\/i0.wp.com\/dtr.ma\/wp-content\/uploads\/2022\/12\/DTR-SERVICES-ICONES-WEBSITE-ECOMMERCE-16.jpg?fit=1669%2C1123&ssl=1","datePublished":"2022-12-17T15:04:19+00:00","breadcrumb":{"@id":"https:\/\/dtr.ma\/fr\/produit\/conception-daffiches\/#breadcrumb"},"inLanguage":"fr-FR","potentialAction":[{"@type":"ReadAction","target":["https:\/\/dtr.ma\/fr\/produit\/conception-daffiches\/"]}]},{"@type":"ImageObject","inLanguage":"fr-FR","@id":"https:\/\/dtr.ma\/fr\/produit\/conception-daffiches\/#primaryimage","url":"https:\/\/i0.wp.com\/dtr.ma\/wp-content\/uploads\/2022\/12\/DTR-SERVICES-ICONES-WEBSITE-ECOMMERCE-16.jpg?fit=1669%2C1123&ssl=1","contentUrl":"https:\/\/i0.wp.com\/dtr.ma\/wp-content\/uploads\/2022\/12\/DTR-SERVICES-ICONES-WEBSITE-ECOMMERCE-16.jpg?fit=1669%2C1123&ssl=1","width":1669,"height":1123},{"@type":"BreadcrumbList","@id":"https:\/\/dtr.ma\/fr\/produit\/conception-daffiches\/#breadcrumb","itemListElement":[{"@type":"ListItem","position":1,"name":"Home","item":"https:\/\/dtr.ma\/fr\/"},{"@type":"ListItem","position":2,"name":"Boutique","item":"https:\/\/dtr.ma\/fr\/boutique\/"},{"@type":"ListItem","position":3,"name":"Conception d&#8217;affiches"}]},{"@type":"WebSite","@id":"https:\/\/dtr.ma\/fr\/#website","url":"https:\/\/dtr.ma\/fr\/","name":"DTR","description":"Smart Business Solutions","publisher":{"@id":"https:\/\/dtr.ma\/fr\/#organization"},"potentialAction":[{"@type":"SearchAction","target":{"@type":"EntryPoint","urlTemplate":"https:\/\/dtr.ma\/fr\/?s={search_term_string}"},"query-input":{"@type":"PropertyValueSpecification","valueRequired":true,"valueName":"search_term_string"}}],"inLanguage":"fr-FR"},{"@type":"Organization","@id":"https:\/\/dtr.ma\/fr\/#organization","name":"DTR","url":"https:\/\/dtr.ma\/fr\/","logo":{"@type":"ImageObject","inLanguage":"fr-FR","@id":"https:\/\/dtr.ma\/fr\/#\/schema\/logo\/image\/","url":"https:\/\/dtr.ma\/wp-content\/uploads\/2024\/11\/DTR-LOGO.svg","contentUrl":"https:\/\/dtr.ma\/wp-content\/uploads\/2024\/11\/DTR-LOGO.svg","width":1528,"height":697,"caption":"DTR"},"image":{"@id":"https:\/\/dtr.ma\/fr\/#\/schema\/logo\/image\/"}}]}},"jetpack_sharing_enabled":true,"_links":{"self":[{"href":"https:\/\/dtr.ma\/fr\/wp-json\/wp\/v2\/product\/3539","targetHints":{"allow":["GET"]}}],"collection":[{"href":"https:\/\/dtr.ma\/fr\/wp-json\/wp\/v2\/product"}],"about":[{"href":"https:\/\/dtr.ma\/fr\/wp-json\/wp\/v2\/types\/product"}],"version-history":[{"count":0,"href":"https:\/\/dtr.ma\/fr\/wp-json\/wp\/v2\/product\/3539\/revisions"}],"wp:featuredmedia":[{"embeddable":true,"href":"https:\/\/dtr.ma\/fr\/wp-json\/wp\/v2\/media\/2796"}],"wp:attachment":[{"href":"https:\/\/dtr.ma\/fr\/wp-json\/wp\/v2\/media?parent=3539"}],"wp:term":[{"taxonomy":"product_brand","embeddable":true,"href":"https:\/\/dtr.ma\/fr\/wp-json\/wp\/v2\/product_brand?post=3539"},{"taxonomy":"product_cat","embeddable":true,"href":"https:\/\/dtr.ma\/fr\/wp-json\/wp\/v2\/product_cat?post=3539"},{"taxonomy":"product_tag","embeddable":true,"href":"https:\/\/dtr.ma\/fr\/wp-json\/wp\/v2\/product_tag?post=3539"}],"curies":[{"name":"wp","href":"https:\/\/api.w.org\/{rel}","templated":true}]}}