{"id":3540,"date":"2022-12-10T11:54:06","date_gmt":"2022-12-10T11:54:06","guid":{"rendered":"https:\/\/dtr.ma\/product\/messages-et-bannieres-sur-les-medias-sociaux\/"},"modified":"2022-12-10T11:54:06","modified_gmt":"2022-12-10T11:54:06","slug":"messages-et-bannieres-sur-les-medias-sociaux","status":"publish","type":"product","link":"https:\/\/dtr.ma\/fr\/produit\/messages-et-bannieres-sur-les-medias-sociaux\/","title":{"rendered":"Messages et banni\u00e8res sur les m\u00e9dias sociaux"},"content":{"rendered":"<p>Chez DTR Marketing Agency, nous comprenons le pouvoir des visuels attrayants pour capter l&#8217;attention sur les m\u00e9dias sociaux. Notre service d&#8217;affichage et de banni\u00e8res sur les m\u00e9dias sociaux est con\u00e7u pour cr\u00e9er des graphiques accrocheurs qui r\u00e9sonnent avec votre marque et attirent votre public. <\/p>\n<h3>Notre processus<\/h3>\n<p>Notre \u00e9quipe de concepteurs experts commence par comprendre votre marque et vos objectifs en mati\u00e8re de m\u00e9dias sociaux. Nous d\u00e9veloppons ensuite une s\u00e9rie de posts et de banni\u00e8res qui sont non seulement visuellement attrayants, mais aussi align\u00e9s sur le style et le message de votre marque. <\/p>\n<h3>Produits \u00e0 livrer<\/h3>\n<p>Notre service d&#8217;affichage et de banni\u00e8res sur les m\u00e9dias sociaux comprend :<\/p>\n<ol>\n<li>Des messages sur les m\u00e9dias sociaux con\u00e7us sur mesure<\/li>\n<li>Banni\u00e8res \u00e0 fort impact sur les m\u00e9dias sociaux<\/li>\n<li>Optimisation du format pour les diff\u00e9rentes plateformes de m\u00e9dias sociaux<\/li>\n<li>Incorporation des \u00e9l\u00e9ments visuels de votre marque<\/li>\n<\/ol>\n<h3>Tarification<\/h3>\n<p>Le prix de notre service &#8220;Social Media Posts &amp; Banners&#8221; commence \u00e0 $80 USD (environ 720 MAD). Le prix final peut varier en fonction du volume et de la complexit\u00e9 des designs requis. <\/p>\n<h3>Commencez<\/h3>\n<p>Pour commencer \u00e0 utiliser notre service de messages et de banni\u00e8res pour les m\u00e9dias sociaux, veuillez visiter notre site web, s\u00e9lectionner le service et proc\u00e9der au paiement. Apr\u00e8s confirmation, notre \u00e9quipe vous contactera pour discuter de vos besoins sp\u00e9cifiques et lancer le processus de conception. <\/p>\n","protected":false},"excerpt":{"rendered":"<p>Faites une impression durable sur les m\u00e9dias sociaux gr\u00e2ce \u00e0 nos services professionnels de cr\u00e9ation de posts et de banni\u00e8res. Contactez-nous d\u00e8s aujourd&#8217;hui et laissez-nous vous aider \u00e0 cr\u00e9er un contenu visuellement attrayant et percutant qui refl\u00e8te fid\u00e8lement votre marque et transmet votre message. Notre objectif est de concevoir des banni\u00e8res et des posts sociaux professionnels, uniques et fonctionnels. <\/p>\n<p><strong>7 jours de livraison.<\/strong>       <strong>3 r\u00e9visions.<\/strong><\/p>\n","protected":false},"featured_media":2800,"template":"","meta":{"_mo_disable_npp":"","om_disable_all_campaigns":false,"inline_featured_image":false,"_monsterinsights_skip_tracking":false,"_monsterinsights_sitenote_active":false,"_monsterinsights_sitenote_note":"","_monsterinsights_sitenote_category":0,"_uf_show_specific_survey":0,"_uf_disable_surveys":false},"product_brand":[],"product_cat":[101,99,104,103,102],"product_tag":[],"class_list":{"0":"post-3540","1":"product","2":"type-product","3":"status-publish","4":"has-post-thumbnail","6":"product_cat-marketing-numerique","7":"product_cat-services-fr","8":"product_cat-services-web","9":"product_cat-taches","10":"product_cat-tous","12":"first","13":"instock","14":"virtual","15":"sold-individually","16":"purchasable","17":"product-type-simple"},"yoast_head":"<!-- This site is optimized with the Yoast SEO Premium plugin v20.13 (Yoast SEO v25.9) - https:\/\/yoast.com\/wordpress\/plugins\/seo\/ -->\n<title>Messages et banni\u00e8res sur les m\u00e9dias sociaux - DTR<\/title>\n<meta name=\"robots\" content=\"index, follow, max-snippet:-1, max-image-preview:large, max-video-preview:-1\" \/>\n<link rel=\"canonical\" href=\"https:\/\/dtr.ma\/fr\/produit\/messages-et-bannieres-sur-les-medias-sociaux\/\" \/>\n<meta property=\"og:locale\" content=\"fr_FR\" \/>\n<meta property=\"og:type\" content=\"article\" \/>\n<meta property=\"og:title\" content=\"Messages et banni\u00e8res sur les m\u00e9dias sociaux\" \/>\n<meta property=\"og:description\" content=\"Faites une impression durable sur les m\u00e9dias sociaux gr\u00e2ce \u00e0 nos services professionnels de cr\u00e9ation de posts et de banni\u00e8res. Contactez-nous d\u00e8s aujourd&#039;hui et laissez-nous vous aider \u00e0 cr\u00e9er un contenu visuellement attrayant et percutant qui refl\u00e8te fid\u00e8lement votre marque et transmet votre message. Notre objectif est de concevoir des banni\u00e8res et des posts sociaux professionnels, uniques et fonctionnels.  7 jours de livraison.    3 r\u00e9visions.\" \/>\n<meta property=\"og:url\" content=\"https:\/\/dtr.ma\/fr\/produit\/messages-et-bannieres-sur-les-medias-sociaux\/\" \/>\n<meta property=\"og:site_name\" content=\"DTR\" \/>\n<meta property=\"og:image\" content=\"https:\/\/i0.wp.com\/dtr.ma\/wp-content\/uploads\/2022\/12\/DTR-SERVICES-ICONES-WEBSITE-ECOMMERCE-12.jpg?fit=1669%2C1123&ssl=1\" \/>\n\t<meta property=\"og:image:width\" content=\"1669\" \/>\n\t<meta property=\"og:image:height\" content=\"1123\" \/>\n\t<meta property=\"og:image:type\" content=\"image\/jpeg\" \/>\n<meta name=\"twitter:card\" content=\"summary_large_image\" \/>\n<meta name=\"twitter:label1\" content=\"Dur\u00e9e de lecture estim\u00e9e\" \/>\n\t<meta name=\"twitter:data1\" content=\"1 minute\" \/>\n<script type=\"application\/ld+json\" class=\"yoast-schema-graph\">{\"@context\":\"https:\/\/schema.org\",\"@graph\":[{\"@type\":\"WebPage\",\"@id\":\"https:\/\/dtr.ma\/fr\/produit\/messages-et-bannieres-sur-les-medias-sociaux\/\",\"url\":\"https:\/\/dtr.ma\/fr\/produit\/messages-et-bannieres-sur-les-medias-sociaux\/\",\"name\":\"Messages et banni\u00e8res sur les m\u00e9dias sociaux - DTR\",\"isPartOf\":{\"@id\":\"https:\/\/dtr.ma\/fr\/#website\"},\"primaryImageOfPage\":{\"@id\":\"https:\/\/dtr.ma\/fr\/produit\/messages-et-bannieres-sur-les-medias-sociaux\/#primaryimage\"},\"image\":{\"@id\":\"https:\/\/dtr.ma\/fr\/produit\/messages-et-bannieres-sur-les-medias-sociaux\/#primaryimage\"},\"thumbnailUrl\":\"https:\/\/i0.wp.com\/dtr.ma\/wp-content\/uploads\/2022\/12\/DTR-SERVICES-ICONES-WEBSITE-ECOMMERCE-12.jpg?fit=1669%2C1123&ssl=1\",\"datePublished\":\"2022-12-10T11:54:06+00:00\",\"breadcrumb\":{\"@id\":\"https:\/\/dtr.ma\/fr\/produit\/messages-et-bannieres-sur-les-medias-sociaux\/#breadcrumb\"},\"inLanguage\":\"fr-FR\",\"potentialAction\":[{\"@type\":\"ReadAction\",\"target\":[\"https:\/\/dtr.ma\/fr\/produit\/messages-et-bannieres-sur-les-medias-sociaux\/\"]}]},{\"@type\":\"ImageObject\",\"inLanguage\":\"fr-FR\",\"@id\":\"https:\/\/dtr.ma\/fr\/produit\/messages-et-bannieres-sur-les-medias-sociaux\/#primaryimage\",\"url\":\"https:\/\/i0.wp.com\/dtr.ma\/wp-content\/uploads\/2022\/12\/DTR-SERVICES-ICONES-WEBSITE-ECOMMERCE-12.jpg?fit=1669%2C1123&ssl=1\",\"contentUrl\":\"https:\/\/i0.wp.com\/dtr.ma\/wp-content\/uploads\/2022\/12\/DTR-SERVICES-ICONES-WEBSITE-ECOMMERCE-12.jpg?fit=1669%2C1123&ssl=1\",\"width\":1669,\"height\":1123},{\"@type\":\"BreadcrumbList\",\"@id\":\"https:\/\/dtr.ma\/fr\/produit\/messages-et-bannieres-sur-les-medias-sociaux\/#breadcrumb\",\"itemListElement\":[{\"@type\":\"ListItem\",\"position\":1,\"name\":\"Home\",\"item\":\"https:\/\/dtr.ma\/fr\/\"},{\"@type\":\"ListItem\",\"position\":2,\"name\":\"Boutique\",\"item\":\"https:\/\/dtr.ma\/fr\/boutique\/\"},{\"@type\":\"ListItem\",\"position\":3,\"name\":\"Messages et banni\u00e8res sur les m\u00e9dias sociaux\"}]},{\"@type\":\"WebSite\",\"@id\":\"https:\/\/dtr.ma\/fr\/#website\",\"url\":\"https:\/\/dtr.ma\/fr\/\",\"name\":\"DTR\",\"description\":\"Smart Business Solutions\",\"publisher\":{\"@id\":\"https:\/\/dtr.ma\/fr\/#organization\"},\"potentialAction\":[{\"@type\":\"SearchAction\",\"target\":{\"@type\":\"EntryPoint\",\"urlTemplate\":\"https:\/\/dtr.ma\/fr\/?s={search_term_string}\"},\"query-input\":{\"@type\":\"PropertyValueSpecification\",\"valueRequired\":true,\"valueName\":\"search_term_string\"}}],\"inLanguage\":\"fr-FR\"},{\"@type\":\"Organization\",\"@id\":\"https:\/\/dtr.ma\/fr\/#organization\",\"name\":\"DTR\",\"url\":\"https:\/\/dtr.ma\/fr\/\",\"logo\":{\"@type\":\"ImageObject\",\"inLanguage\":\"fr-FR\",\"@id\":\"https:\/\/dtr.ma\/fr\/#\/schema\/logo\/image\/\",\"url\":\"https:\/\/dtr.ma\/wp-content\/uploads\/2024\/11\/DTR-LOGO.svg\",\"contentUrl\":\"https:\/\/dtr.ma\/wp-content\/uploads\/2024\/11\/DTR-LOGO.svg\",\"width\":1528,\"height\":697,\"caption\":\"DTR\"},\"image\":{\"@id\":\"https:\/\/dtr.ma\/fr\/#\/schema\/logo\/image\/\"}}]}<\/script>\n<!-- \/ Yoast SEO Premium plugin. -->","yoast_head_json":{"title":"Messages et banni\u00e8res sur les m\u00e9dias sociaux - DTR","robots":{"index":"index","follow":"follow","max-snippet":"max-snippet:-1","max-image-preview":"max-image-preview:large","max-video-preview":"max-video-preview:-1"},"canonical":"https:\/\/dtr.ma\/fr\/produit\/messages-et-bannieres-sur-les-medias-sociaux\/","og_locale":"fr_FR","og_type":"article","og_title":"Messages et banni\u00e8res sur les m\u00e9dias sociaux","og_description":"Faites une impression durable sur les m\u00e9dias sociaux gr\u00e2ce \u00e0 nos services professionnels de cr\u00e9ation de posts et de banni\u00e8res. Contactez-nous d\u00e8s aujourd'hui et laissez-nous vous aider \u00e0 cr\u00e9er un contenu visuellement attrayant et percutant qui refl\u00e8te fid\u00e8lement votre marque et transmet votre message. Notre objectif est de concevoir des banni\u00e8res et des posts sociaux professionnels, uniques et fonctionnels.  7 jours de livraison.    3 r\u00e9visions.","og_url":"https:\/\/dtr.ma\/fr\/produit\/messages-et-bannieres-sur-les-medias-sociaux\/","og_site_name":"DTR","og_image":[{"width":1669,"height":1123,"url":"https:\/\/i0.wp.com\/dtr.ma\/wp-content\/uploads\/2022\/12\/DTR-SERVICES-ICONES-WEBSITE-ECOMMERCE-12.jpg?fit=1669%2C1123&ssl=1","type":"image\/jpeg"}],"twitter_card":"summary_large_image","twitter_misc":{"Dur\u00e9e de lecture estim\u00e9e":"1 minute"},"schema":{"@context":"https:\/\/schema.org","@graph":[{"@type":"WebPage","@id":"https:\/\/dtr.ma\/fr\/produit\/messages-et-bannieres-sur-les-medias-sociaux\/","url":"https:\/\/dtr.ma\/fr\/produit\/messages-et-bannieres-sur-les-medias-sociaux\/","name":"Messages et banni\u00e8res sur les m\u00e9dias sociaux - DTR","isPartOf":{"@id":"https:\/\/dtr.ma\/fr\/#website"},"primaryImageOfPage":{"@id":"https:\/\/dtr.ma\/fr\/produit\/messages-et-bannieres-sur-les-medias-sociaux\/#primaryimage"},"image":{"@id":"https:\/\/dtr.ma\/fr\/produit\/messages-et-bannieres-sur-les-medias-sociaux\/#primaryimage"},"thumbnailUrl":"https:\/\/i0.wp.com\/dtr.ma\/wp-content\/uploads\/2022\/12\/DTR-SERVICES-ICONES-WEBSITE-ECOMMERCE-12.jpg?fit=1669%2C1123&ssl=1","datePublished":"2022-12-10T11:54:06+00:00","breadcrumb":{"@id":"https:\/\/dtr.ma\/fr\/produit\/messages-et-bannieres-sur-les-medias-sociaux\/#breadcrumb"},"inLanguage":"fr-FR","potentialAction":[{"@type":"ReadAction","target":["https:\/\/dtr.ma\/fr\/produit\/messages-et-bannieres-sur-les-medias-sociaux\/"]}]},{"@type":"ImageObject","inLanguage":"fr-FR","@id":"https:\/\/dtr.ma\/fr\/produit\/messages-et-bannieres-sur-les-medias-sociaux\/#primaryimage","url":"https:\/\/i0.wp.com\/dtr.ma\/wp-content\/uploads\/2022\/12\/DTR-SERVICES-ICONES-WEBSITE-ECOMMERCE-12.jpg?fit=1669%2C1123&ssl=1","contentUrl":"https:\/\/i0.wp.com\/dtr.ma\/wp-content\/uploads\/2022\/12\/DTR-SERVICES-ICONES-WEBSITE-ECOMMERCE-12.jpg?fit=1669%2C1123&ssl=1","width":1669,"height":1123},{"@type":"BreadcrumbList","@id":"https:\/\/dtr.ma\/fr\/produit\/messages-et-bannieres-sur-les-medias-sociaux\/#breadcrumb","itemListElement":[{"@type":"ListItem","position":1,"name":"Home","item":"https:\/\/dtr.ma\/fr\/"},{"@type":"ListItem","position":2,"name":"Boutique","item":"https:\/\/dtr.ma\/fr\/boutique\/"},{"@type":"ListItem","position":3,"name":"Messages et banni\u00e8res sur les m\u00e9dias sociaux"}]},{"@type":"WebSite","@id":"https:\/\/dtr.ma\/fr\/#website","url":"https:\/\/dtr.ma\/fr\/","name":"DTR","description":"Smart Business Solutions","publisher":{"@id":"https:\/\/dtr.ma\/fr\/#organization"},"potentialAction":[{"@type":"SearchAction","target":{"@type":"EntryPoint","urlTemplate":"https:\/\/dtr.ma\/fr\/?s={search_term_string}"},"query-input":{"@type":"PropertyValueSpecification","valueRequired":true,"valueName":"search_term_string"}}],"inLanguage":"fr-FR"},{"@type":"Organization","@id":"https:\/\/dtr.ma\/fr\/#organization","name":"DTR","url":"https:\/\/dtr.ma\/fr\/","logo":{"@type":"ImageObject","inLanguage":"fr-FR","@id":"https:\/\/dtr.ma\/fr\/#\/schema\/logo\/image\/","url":"https:\/\/dtr.ma\/wp-content\/uploads\/2024\/11\/DTR-LOGO.svg","contentUrl":"https:\/\/dtr.ma\/wp-content\/uploads\/2024\/11\/DTR-LOGO.svg","width":1528,"height":697,"caption":"DTR"},"image":{"@id":"https:\/\/dtr.ma\/fr\/#\/schema\/logo\/image\/"}}]}},"jetpack_sharing_enabled":true,"_links":{"self":[{"href":"https:\/\/dtr.ma\/fr\/wp-json\/wp\/v2\/product\/3540","targetHints":{"allow":["GET"]}}],"collection":[{"href":"https:\/\/dtr.ma\/fr\/wp-json\/wp\/v2\/product"}],"about":[{"href":"https:\/\/dtr.ma\/fr\/wp-json\/wp\/v2\/types\/product"}],"version-history":[{"count":0,"href":"https:\/\/dtr.ma\/fr\/wp-json\/wp\/v2\/product\/3540\/revisions"}],"wp:featuredmedia":[{"embeddable":true,"href":"https:\/\/dtr.ma\/fr\/wp-json\/wp\/v2\/media\/2800"}],"wp:attachment":[{"href":"https:\/\/dtr.ma\/fr\/wp-json\/wp\/v2\/media?parent=3540"}],"wp:term":[{"taxonomy":"product_brand","embeddable":true,"href":"https:\/\/dtr.ma\/fr\/wp-json\/wp\/v2\/product_brand?post=3540"},{"taxonomy":"product_cat","embeddable":true,"href":"https:\/\/dtr.ma\/fr\/wp-json\/wp\/v2\/product_cat?post=3540"},{"taxonomy":"product_tag","embeddable":true,"href":"https:\/\/dtr.ma\/fr\/wp-json\/wp\/v2\/product_tag?post=3540"}],"curies":[{"name":"wp","href":"https:\/\/api.w.org\/{rel}","templated":true}]}}