{"id":3541,"date":"2022-12-17T15:40:06","date_gmt":"2022-12-17T15:40:06","guid":{"rendered":"https:\/\/dtr.ma\/product\/photographie-de-produits\/"},"modified":"2022-12-17T15:40:06","modified_gmt":"2022-12-17T15:40:06","slug":"photographie-de-produits","status":"publish","type":"product","link":"https:\/\/dtr.ma\/fr\/produit\/photographie-de-produits\/","title":{"rendered":"Photographie de produits"},"content":{"rendered":"<p>Une photographie de produit exceptionnelle est un \u00e9l\u00e9ment crucial d&#8217;une vente en ligne r\u00e9ussie. Chez DTR Marketing Agency, nos photographes professionnels proposent des services de photographie de produits de haute qualit\u00e9 pour aider vos produits \u00e0 se d\u00e9marquer sur le march\u00e9 en ligne. <\/p>\n<h3>Notre processus<\/h3>\n<p>Nous commen\u00e7ons par comprendre votre produit et votre marque. Nos photographes et nos stylistes travaillent ensuite ensemble pour cr\u00e9er des images qui non seulement mettent en valeur les caract\u00e9ristiques de votre produit, mais aussi son utilisation et son attrait pour votre public cible. Nous prenons nos photos dans notre studio enti\u00e8rement \u00e9quip\u00e9, ce qui nous permet d&#8217;obtenir le meilleur \u00e9clairage et le meilleur arri\u00e8re-plan pour chaque produit.  <\/p>\n<h3>Produits \u00e0 livrer<\/h3>\n<p>Vous recevrez des photos en haute r\u00e9solution, \u00e9dit\u00e9es par des professionnels et pr\u00eates \u00e0 \u00eatre utilis\u00e9es sur votre site web, les m\u00e9dias sociaux ou toute autre plateforme de marketing. Nous fournissons \u00e9galement des images de diff\u00e9rentes tailles en fonction de vos besoins. <\/p>\n<h3>Tarification<\/h3>\n<p>Nos services de photographie de produits commencent \u00e0 15 $ par produit (environ 135 MAD). Le prix peut varier en fonction de la complexit\u00e9 du produit et du nombre d&#8217;images requises. <\/p>\n<p>&nbsp;<\/p>\n<h3>Pour commencer<\/h3>\n<p>Pour commencer \u00e0 utiliser l&#8217;un de nos services, visitez notre site web, s\u00e9lectionnez le service que vous souhaitez, ajoutez-le \u00e0 votre panier et effectuez le paiement. Une fois le paiement effectu\u00e9, notre \u00e9quipe vous contactera pour discuter en d\u00e9tail de vos besoins. Nous sommes impatients de vous servir et de contribuer au succ\u00e8s de votre entreprise.  <\/p>\n","protected":false},"excerpt":{"rendered":"<p>Pr\u00e9sentez vos produits sous leur meilleur jour gr\u00e2ce \u00e0 nos services professionnels de photographie de produits. Contactez-nous d\u00e8s aujourd&#8217;hui et laissez-nous vous aider \u00e0 cr\u00e9er des photos visuellement attrayantes et professionnelles qui d\u00e9crivent fid\u00e8lement vos produits et attirent votre public cible. <\/p>\n","protected":false},"featured_media":2804,"template":"","meta":{"_mo_disable_npp":"","om_disable_all_campaigns":false,"inline_featured_image":false,"_monsterinsights_skip_tracking":false,"_monsterinsights_sitenote_active":false,"_monsterinsights_sitenote_note":"","_monsterinsights_sitenote_category":0,"_uf_show_specific_survey":0,"_uf_disable_surveys":false},"product_brand":[],"product_cat":[99,103],"product_tag":[],"class_list":{"0":"post-3541","1":"product","2":"type-product","3":"status-publish","4":"has-post-thumbnail","6":"product_cat-services-fr","7":"product_cat-taches","9":"first","10":"instock","11":"shipping-taxable","12":"purchasable","13":"product-type-simple"},"yoast_head":"<!-- This site is optimized with the Yoast SEO Premium plugin v20.13 (Yoast SEO v25.9) - https:\/\/yoast.com\/wordpress\/plugins\/seo\/ -->\n<title>Photographie de produits - DTR<\/title>\n<meta name=\"robots\" content=\"index, follow, max-snippet:-1, max-image-preview:large, max-video-preview:-1\" \/>\n<link rel=\"canonical\" href=\"https:\/\/dtr.ma\/fr\/produit\/photographie-de-produits\/\" \/>\n<meta property=\"og:locale\" content=\"fr_FR\" \/>\n<meta property=\"og:type\" content=\"article\" \/>\n<meta property=\"og:title\" content=\"Photographie de produits\" \/>\n<meta property=\"og:description\" content=\"Pr\u00e9sentez vos produits sous leur meilleur jour gr\u00e2ce \u00e0 nos services professionnels de photographie de produits. Contactez-nous d\u00e8s aujourd&#039;hui et laissez-nous vous aider \u00e0 cr\u00e9er des photos visuellement attrayantes et professionnelles qui d\u00e9crivent fid\u00e8lement vos produits et attirent votre public cible.\" \/>\n<meta property=\"og:url\" content=\"https:\/\/dtr.ma\/fr\/produit\/photographie-de-produits\/\" \/>\n<meta property=\"og:site_name\" content=\"DTR\" \/>\n<meta property=\"og:image\" content=\"https:\/\/i0.wp.com\/dtr.ma\/wp-content\/uploads\/2022\/12\/DTR-SERVICES-ICONES-WEBSITE-ECOMMERCE-08.jpg?fit=1669%2C1122&ssl=1\" \/>\n\t<meta property=\"og:image:width\" content=\"1669\" \/>\n\t<meta property=\"og:image:height\" content=\"1122\" \/>\n\t<meta property=\"og:image:type\" content=\"image\/jpeg\" \/>\n<meta name=\"twitter:card\" content=\"summary_large_image\" \/>\n<meta name=\"twitter:label1\" content=\"Dur\u00e9e de lecture estim\u00e9e\" \/>\n\t<meta name=\"twitter:data1\" content=\"1 minute\" \/>\n<script type=\"application\/ld+json\" class=\"yoast-schema-graph\">{\"@context\":\"https:\/\/schema.org\",\"@graph\":[{\"@type\":\"WebPage\",\"@id\":\"https:\/\/dtr.ma\/fr\/produit\/photographie-de-produits\/\",\"url\":\"https:\/\/dtr.ma\/fr\/produit\/photographie-de-produits\/\",\"name\":\"Photographie de produits - DTR\",\"isPartOf\":{\"@id\":\"https:\/\/dtr.ma\/fr\/#website\"},\"primaryImageOfPage\":{\"@id\":\"https:\/\/dtr.ma\/fr\/produit\/photographie-de-produits\/#primaryimage\"},\"image\":{\"@id\":\"https:\/\/dtr.ma\/fr\/produit\/photographie-de-produits\/#primaryimage\"},\"thumbnailUrl\":\"https:\/\/i0.wp.com\/dtr.ma\/wp-content\/uploads\/2022\/12\/DTR-SERVICES-ICONES-WEBSITE-ECOMMERCE-08.jpg?fit=1669%2C1122&ssl=1\",\"datePublished\":\"2022-12-17T15:40:06+00:00\",\"breadcrumb\":{\"@id\":\"https:\/\/dtr.ma\/fr\/produit\/photographie-de-produits\/#breadcrumb\"},\"inLanguage\":\"fr-FR\",\"potentialAction\":[{\"@type\":\"ReadAction\",\"target\":[\"https:\/\/dtr.ma\/fr\/produit\/photographie-de-produits\/\"]}]},{\"@type\":\"ImageObject\",\"inLanguage\":\"fr-FR\",\"@id\":\"https:\/\/dtr.ma\/fr\/produit\/photographie-de-produits\/#primaryimage\",\"url\":\"https:\/\/i0.wp.com\/dtr.ma\/wp-content\/uploads\/2022\/12\/DTR-SERVICES-ICONES-WEBSITE-ECOMMERCE-08.jpg?fit=1669%2C1122&ssl=1\",\"contentUrl\":\"https:\/\/i0.wp.com\/dtr.ma\/wp-content\/uploads\/2022\/12\/DTR-SERVICES-ICONES-WEBSITE-ECOMMERCE-08.jpg?fit=1669%2C1122&ssl=1\",\"width\":1669,\"height\":1122},{\"@type\":\"BreadcrumbList\",\"@id\":\"https:\/\/dtr.ma\/fr\/produit\/photographie-de-produits\/#breadcrumb\",\"itemListElement\":[{\"@type\":\"ListItem\",\"position\":1,\"name\":\"Home\",\"item\":\"https:\/\/dtr.ma\/fr\/\"},{\"@type\":\"ListItem\",\"position\":2,\"name\":\"Boutique\",\"item\":\"https:\/\/dtr.ma\/fr\/boutique\/\"},{\"@type\":\"ListItem\",\"position\":3,\"name\":\"Photographie de produits\"}]},{\"@type\":\"WebSite\",\"@id\":\"https:\/\/dtr.ma\/fr\/#website\",\"url\":\"https:\/\/dtr.ma\/fr\/\",\"name\":\"DTR\",\"description\":\"Smart Business Solutions\",\"publisher\":{\"@id\":\"https:\/\/dtr.ma\/fr\/#organization\"},\"potentialAction\":[{\"@type\":\"SearchAction\",\"target\":{\"@type\":\"EntryPoint\",\"urlTemplate\":\"https:\/\/dtr.ma\/fr\/?s={search_term_string}\"},\"query-input\":{\"@type\":\"PropertyValueSpecification\",\"valueRequired\":true,\"valueName\":\"search_term_string\"}}],\"inLanguage\":\"fr-FR\"},{\"@type\":\"Organization\",\"@id\":\"https:\/\/dtr.ma\/fr\/#organization\",\"name\":\"DTR\",\"url\":\"https:\/\/dtr.ma\/fr\/\",\"logo\":{\"@type\":\"ImageObject\",\"inLanguage\":\"fr-FR\",\"@id\":\"https:\/\/dtr.ma\/fr\/#\/schema\/logo\/image\/\",\"url\":\"https:\/\/dtr.ma\/wp-content\/uploads\/2024\/11\/DTR-LOGO.svg\",\"contentUrl\":\"https:\/\/dtr.ma\/wp-content\/uploads\/2024\/11\/DTR-LOGO.svg\",\"width\":1528,\"height\":697,\"caption\":\"DTR\"},\"image\":{\"@id\":\"https:\/\/dtr.ma\/fr\/#\/schema\/logo\/image\/\"}}]}<\/script>\n<!-- \/ Yoast SEO Premium plugin. -->","yoast_head_json":{"title":"Photographie de produits - DTR","robots":{"index":"index","follow":"follow","max-snippet":"max-snippet:-1","max-image-preview":"max-image-preview:large","max-video-preview":"max-video-preview:-1"},"canonical":"https:\/\/dtr.ma\/fr\/produit\/photographie-de-produits\/","og_locale":"fr_FR","og_type":"article","og_title":"Photographie de produits","og_description":"Pr\u00e9sentez vos produits sous leur meilleur jour gr\u00e2ce \u00e0 nos services professionnels de photographie de produits. Contactez-nous d\u00e8s aujourd'hui et laissez-nous vous aider \u00e0 cr\u00e9er des photos visuellement attrayantes et professionnelles qui d\u00e9crivent fid\u00e8lement vos produits et attirent votre public cible.","og_url":"https:\/\/dtr.ma\/fr\/produit\/photographie-de-produits\/","og_site_name":"DTR","og_image":[{"width":1669,"height":1122,"url":"https:\/\/i0.wp.com\/dtr.ma\/wp-content\/uploads\/2022\/12\/DTR-SERVICES-ICONES-WEBSITE-ECOMMERCE-08.jpg?fit=1669%2C1122&ssl=1","type":"image\/jpeg"}],"twitter_card":"summary_large_image","twitter_misc":{"Dur\u00e9e de lecture estim\u00e9e":"1 minute"},"schema":{"@context":"https:\/\/schema.org","@graph":[{"@type":"WebPage","@id":"https:\/\/dtr.ma\/fr\/produit\/photographie-de-produits\/","url":"https:\/\/dtr.ma\/fr\/produit\/photographie-de-produits\/","name":"Photographie de produits - DTR","isPartOf":{"@id":"https:\/\/dtr.ma\/fr\/#website"},"primaryImageOfPage":{"@id":"https:\/\/dtr.ma\/fr\/produit\/photographie-de-produits\/#primaryimage"},"image":{"@id":"https:\/\/dtr.ma\/fr\/produit\/photographie-de-produits\/#primaryimage"},"thumbnailUrl":"https:\/\/i0.wp.com\/dtr.ma\/wp-content\/uploads\/2022\/12\/DTR-SERVICES-ICONES-WEBSITE-ECOMMERCE-08.jpg?fit=1669%2C1122&ssl=1","datePublished":"2022-12-17T15:40:06+00:00","breadcrumb":{"@id":"https:\/\/dtr.ma\/fr\/produit\/photographie-de-produits\/#breadcrumb"},"inLanguage":"fr-FR","potentialAction":[{"@type":"ReadAction","target":["https:\/\/dtr.ma\/fr\/produit\/photographie-de-produits\/"]}]},{"@type":"ImageObject","inLanguage":"fr-FR","@id":"https:\/\/dtr.ma\/fr\/produit\/photographie-de-produits\/#primaryimage","url":"https:\/\/i0.wp.com\/dtr.ma\/wp-content\/uploads\/2022\/12\/DTR-SERVICES-ICONES-WEBSITE-ECOMMERCE-08.jpg?fit=1669%2C1122&ssl=1","contentUrl":"https:\/\/i0.wp.com\/dtr.ma\/wp-content\/uploads\/2022\/12\/DTR-SERVICES-ICONES-WEBSITE-ECOMMERCE-08.jpg?fit=1669%2C1122&ssl=1","width":1669,"height":1122},{"@type":"BreadcrumbList","@id":"https:\/\/dtr.ma\/fr\/produit\/photographie-de-produits\/#breadcrumb","itemListElement":[{"@type":"ListItem","position":1,"name":"Home","item":"https:\/\/dtr.ma\/fr\/"},{"@type":"ListItem","position":2,"name":"Boutique","item":"https:\/\/dtr.ma\/fr\/boutique\/"},{"@type":"ListItem","position":3,"name":"Photographie de produits"}]},{"@type":"WebSite","@id":"https:\/\/dtr.ma\/fr\/#website","url":"https:\/\/dtr.ma\/fr\/","name":"DTR","description":"Smart Business Solutions","publisher":{"@id":"https:\/\/dtr.ma\/fr\/#organization"},"potentialAction":[{"@type":"SearchAction","target":{"@type":"EntryPoint","urlTemplate":"https:\/\/dtr.ma\/fr\/?s={search_term_string}"},"query-input":{"@type":"PropertyValueSpecification","valueRequired":true,"valueName":"search_term_string"}}],"inLanguage":"fr-FR"},{"@type":"Organization","@id":"https:\/\/dtr.ma\/fr\/#organization","name":"DTR","url":"https:\/\/dtr.ma\/fr\/","logo":{"@type":"ImageObject","inLanguage":"fr-FR","@id":"https:\/\/dtr.ma\/fr\/#\/schema\/logo\/image\/","url":"https:\/\/dtr.ma\/wp-content\/uploads\/2024\/11\/DTR-LOGO.svg","contentUrl":"https:\/\/dtr.ma\/wp-content\/uploads\/2024\/11\/DTR-LOGO.svg","width":1528,"height":697,"caption":"DTR"},"image":{"@id":"https:\/\/dtr.ma\/fr\/#\/schema\/logo\/image\/"}}]}},"jetpack_sharing_enabled":true,"_links":{"self":[{"href":"https:\/\/dtr.ma\/fr\/wp-json\/wp\/v2\/product\/3541","targetHints":{"allow":["GET"]}}],"collection":[{"href":"https:\/\/dtr.ma\/fr\/wp-json\/wp\/v2\/product"}],"about":[{"href":"https:\/\/dtr.ma\/fr\/wp-json\/wp\/v2\/types\/product"}],"version-history":[{"count":0,"href":"https:\/\/dtr.ma\/fr\/wp-json\/wp\/v2\/product\/3541\/revisions"}],"wp:featuredmedia":[{"embeddable":true,"href":"https:\/\/dtr.ma\/fr\/wp-json\/wp\/v2\/media\/2804"}],"wp:attachment":[{"href":"https:\/\/dtr.ma\/fr\/wp-json\/wp\/v2\/media?parent=3541"}],"wp:term":[{"taxonomy":"product_brand","embeddable":true,"href":"https:\/\/dtr.ma\/fr\/wp-json\/wp\/v2\/product_brand?post=3541"},{"taxonomy":"product_cat","embeddable":true,"href":"https:\/\/dtr.ma\/fr\/wp-json\/wp\/v2\/product_cat?post=3541"},{"taxonomy":"product_tag","embeddable":true,"href":"https:\/\/dtr.ma\/fr\/wp-json\/wp\/v2\/product_tag?post=3541"}],"curies":[{"name":"wp","href":"https:\/\/api.w.org\/{rel}","templated":true}]}}