{"id":3542,"date":"2022-12-10T19:18:32","date_gmt":"2022-12-10T19:18:32","guid":{"rendered":"https:\/\/dtr.ma\/product\/configurer-fixer-le-pixel-facebook\/"},"modified":"2022-12-10T19:18:32","modified_gmt":"2022-12-10T19:18:32","slug":"configurer-fixer-le-pixel-facebook","status":"publish","type":"product","link":"https:\/\/dtr.ma\/fr\/produit\/configurer-fixer-le-pixel-facebook\/","title":{"rendered":"Configurer \/ Fixer le pixel FACEBOOK"},"content":{"rendered":"<p>DTR Marketing Agency propose un service d\u00e9di\u00e9 \u00e0 l&#8217;installation et \u00e0 la fixation du pixel Facebook, qui garantit que votre pixel Facebook est correctement install\u00e9 ou fix\u00e9 sur toutes les plateformes CMS. Que vous utilisiez WordPress, Shopify, Wix, Squarespace, Bigcommerce ou YouCan, notre \u00e9quipe a une grande exp\u00e9rience dans l&#8217;installation de codes de pixels pour une grande vari\u00e9t\u00e9 de plateformes. <\/p>\n<h3>Notre processus<\/h3>\n<p>Nous commen\u00e7ons par comprendre vos besoins et la plateforme CMS que vous utilisez. Nous proc\u00e9dons ensuite \u00e0 la mise en place de votre pixel Facebook ou \u00e0 la r\u00e9solution des probl\u00e8mes que vous pourriez rencontrer. Ce processus n\u00e9cessite un acc\u00e8s administrateur \u00e0 votre site web et \u00e0 votre compte Business Manager.  <\/p>\n<h3>Produits \u00e0 livrer<\/h3>\n<p>Notre service d&#8217;installation et de r\u00e9paration de pixels Facebook est efficace :<\/p>\n<ol>\n<li>Configuration du pixel Facebook<\/li>\n<li>Mise en place de tous les \u00e9v\u00e9nements<\/li>\n<li>Configuration de l&#8217;iOS14<\/li>\n<li>V\u00e9rification du domaine<\/li>\n<li>Configuration du catalogue de produits<\/li>\n<\/ol>\n<h3>Tarification<\/h3>\n<p>Notre service de mise en place et de correction des pixels Facebook est propos\u00e9 au prix de 50 USD (environ 450 MAD).<\/p>\n<h3>Commencez<\/h3>\n<p>Pour commencer \u00e0 utiliser notre service d&#8217;installation et de r\u00e9paration de pixels Facebook, il vous suffit de visiter notre site web, de s\u00e9lectionner le service de votre choix parmi nos offres et de proc\u00e9der au paiement. Une fois le paiement confirm\u00e9, notre \u00e9quipe vous contactera pour vous demander l&#8217;acc\u00e8s n\u00e9cessaire \u00e0 votre site web et \u00e0 votre compte Business Manager. Veuillez noter que notre travail peut \u00e9galement \u00eatre effectu\u00e9 \u00e0 distance via une application d&#8217;acc\u00e8s \u00e0 distance, si vous le souhaitez. <\/p>\n<h3>Qu&#8217;est-ce que le pixel Facebook ?<\/h3>\n<p>Le pixel Facebook est un outil d&#8217;analyse qui vous permet de mesurer l&#8217;efficacit\u00e9 de votre publicit\u00e9 en comprenant les actions effectu\u00e9es par les internautes sur votre site web. Il aide l&#8217;intelligence artificielle de Facebook \u00e0 diffuser votre publicit\u00e9 aupr\u00e8s de la bonne audience et vous permet de mettre en place des ench\u00e8res automatiques pour atteindre les personnes les plus susceptibles de r\u00e9aliser des actions qui vous int\u00e9ressent, comme effectuer un achat. <\/p>\n<h3>Avantages de la configuration du pixel Facebook<\/h3>\n<p>En configurant le pixel Facebook, vous aurez acc\u00e8s \u00e0 des informations pr\u00e9cieuses qui vous permettront de cr\u00e9er de meilleures publicit\u00e9s Facebook et d&#8217;am\u00e9liorer le taux de conversion de vos publicit\u00e9s. Il s&#8217;agit d&#8217;un outil essentiel pour optimiser votre strat\u00e9gie de marketing sur les m\u00e9dias sociaux et tirer le meilleur parti de votre budget publicitaire. <\/p>\n","protected":false},"excerpt":{"rendered":"<p>Configurez correctement votre PIXEL FACEBOOK ou corrigez-le pour toutes les plates-formes CMS.<br \/>\n 1<strong>Days Delivery.<\/strong><\/p>\n","protected":false},"featured_media":2792,"template":"","meta":{"_mo_disable_npp":"","om_disable_all_campaigns":false,"inline_featured_image":false,"_monsterinsights_skip_tracking":false,"_monsterinsights_sitenote_active":false,"_monsterinsights_sitenote_note":"","_monsterinsights_sitenote_category":0,"_uf_show_specific_survey":0,"_uf_disable_surveys":false},"product_brand":[],"product_cat":[99,104,103,102],"product_tag":[],"class_list":{"0":"post-3542","1":"product","2":"type-product","3":"status-publish","4":"has-post-thumbnail","6":"product_cat-services-fr","7":"product_cat-services-web","8":"product_cat-taches","9":"product_cat-tous","11":"first","12":"instock","13":"virtual","14":"sold-individually","15":"purchasable","16":"product-type-simple"},"yoast_head":"<!-- This site is optimized with the Yoast SEO Premium plugin v20.13 (Yoast SEO v25.9) - https:\/\/yoast.com\/wordpress\/plugins\/seo\/ -->\n<title>Configurer \/ Fixer le pixel FACEBOOK - DTR<\/title>\n<meta name=\"robots\" content=\"index, follow, max-snippet:-1, max-image-preview:large, max-video-preview:-1\" \/>\n<link rel=\"canonical\" href=\"https:\/\/dtr.ma\/fr\/produit\/configurer-fixer-le-pixel-facebook\/\" \/>\n<meta property=\"og:locale\" content=\"fr_FR\" \/>\n<meta property=\"og:type\" content=\"article\" \/>\n<meta property=\"og:title\" content=\"Configurer \/ Fixer le pixel FACEBOOK\" \/>\n<meta property=\"og:description\" content=\"Configurez correctement votre PIXEL FACEBOOK ou corrigez-le pour toutes les plates-formes CMS. 1Days Delivery.\" \/>\n<meta property=\"og:url\" content=\"https:\/\/dtr.ma\/fr\/produit\/configurer-fixer-le-pixel-facebook\/\" \/>\n<meta property=\"og:site_name\" content=\"DTR\" \/>\n<meta property=\"og:image\" content=\"https:\/\/i0.wp.com\/dtr.ma\/wp-content\/uploads\/2022\/12\/DTR-SERVICES-ICONES-WEBSITE-ECOMMERCE-20.jpg?fit=1669%2C1123&ssl=1\" \/>\n\t<meta property=\"og:image:width\" content=\"1669\" \/>\n\t<meta property=\"og:image:height\" content=\"1123\" \/>\n\t<meta property=\"og:image:type\" content=\"image\/jpeg\" \/>\n<meta name=\"twitter:card\" content=\"summary_large_image\" \/>\n<meta name=\"twitter:label1\" content=\"Dur\u00e9e de lecture estim\u00e9e\" \/>\n\t<meta name=\"twitter:data1\" content=\"2 minutes\" \/>\n<script type=\"application\/ld+json\" class=\"yoast-schema-graph\">{\"@context\":\"https:\/\/schema.org\",\"@graph\":[{\"@type\":\"WebPage\",\"@id\":\"https:\/\/dtr.ma\/fr\/produit\/configurer-fixer-le-pixel-facebook\/\",\"url\":\"https:\/\/dtr.ma\/fr\/produit\/configurer-fixer-le-pixel-facebook\/\",\"name\":\"Configurer \/ Fixer le pixel FACEBOOK - DTR\",\"isPartOf\":{\"@id\":\"https:\/\/dtr.ma\/fr\/#website\"},\"primaryImageOfPage\":{\"@id\":\"https:\/\/dtr.ma\/fr\/produit\/configurer-fixer-le-pixel-facebook\/#primaryimage\"},\"image\":{\"@id\":\"https:\/\/dtr.ma\/fr\/produit\/configurer-fixer-le-pixel-facebook\/#primaryimage\"},\"thumbnailUrl\":\"https:\/\/i0.wp.com\/dtr.ma\/wp-content\/uploads\/2022\/12\/DTR-SERVICES-ICONES-WEBSITE-ECOMMERCE-20.jpg?fit=1669%2C1123&ssl=1\",\"datePublished\":\"2022-12-10T19:18:32+00:00\",\"breadcrumb\":{\"@id\":\"https:\/\/dtr.ma\/fr\/produit\/configurer-fixer-le-pixel-facebook\/#breadcrumb\"},\"inLanguage\":\"fr-FR\",\"potentialAction\":[{\"@type\":\"ReadAction\",\"target\":[\"https:\/\/dtr.ma\/fr\/produit\/configurer-fixer-le-pixel-facebook\/\"]}]},{\"@type\":\"ImageObject\",\"inLanguage\":\"fr-FR\",\"@id\":\"https:\/\/dtr.ma\/fr\/produit\/configurer-fixer-le-pixel-facebook\/#primaryimage\",\"url\":\"https:\/\/i0.wp.com\/dtr.ma\/wp-content\/uploads\/2022\/12\/DTR-SERVICES-ICONES-WEBSITE-ECOMMERCE-20.jpg?fit=1669%2C1123&ssl=1\",\"contentUrl\":\"https:\/\/i0.wp.com\/dtr.ma\/wp-content\/uploads\/2022\/12\/DTR-SERVICES-ICONES-WEBSITE-ECOMMERCE-20.jpg?fit=1669%2C1123&ssl=1\",\"width\":1669,\"height\":1123},{\"@type\":\"BreadcrumbList\",\"@id\":\"https:\/\/dtr.ma\/fr\/produit\/configurer-fixer-le-pixel-facebook\/#breadcrumb\",\"itemListElement\":[{\"@type\":\"ListItem\",\"position\":1,\"name\":\"Home\",\"item\":\"https:\/\/dtr.ma\/fr\/\"},{\"@type\":\"ListItem\",\"position\":2,\"name\":\"Boutique\",\"item\":\"https:\/\/dtr.ma\/fr\/boutique\/\"},{\"@type\":\"ListItem\",\"position\":3,\"name\":\"Configurer \/ Fixer le pixel FACEBOOK\"}]},{\"@type\":\"WebSite\",\"@id\":\"https:\/\/dtr.ma\/fr\/#website\",\"url\":\"https:\/\/dtr.ma\/fr\/\",\"name\":\"DTR\",\"description\":\"Smart Business Solutions\",\"publisher\":{\"@id\":\"https:\/\/dtr.ma\/fr\/#organization\"},\"potentialAction\":[{\"@type\":\"SearchAction\",\"target\":{\"@type\":\"EntryPoint\",\"urlTemplate\":\"https:\/\/dtr.ma\/fr\/?s={search_term_string}\"},\"query-input\":{\"@type\":\"PropertyValueSpecification\",\"valueRequired\":true,\"valueName\":\"search_term_string\"}}],\"inLanguage\":\"fr-FR\"},{\"@type\":\"Organization\",\"@id\":\"https:\/\/dtr.ma\/fr\/#organization\",\"name\":\"DTR\",\"url\":\"https:\/\/dtr.ma\/fr\/\",\"logo\":{\"@type\":\"ImageObject\",\"inLanguage\":\"fr-FR\",\"@id\":\"https:\/\/dtr.ma\/fr\/#\/schema\/logo\/image\/\",\"url\":\"https:\/\/dtr.ma\/wp-content\/uploads\/2024\/11\/DTR-LOGO.svg\",\"contentUrl\":\"https:\/\/dtr.ma\/wp-content\/uploads\/2024\/11\/DTR-LOGO.svg\",\"width\":1528,\"height\":697,\"caption\":\"DTR\"},\"image\":{\"@id\":\"https:\/\/dtr.ma\/fr\/#\/schema\/logo\/image\/\"}}]}<\/script>\n<!-- \/ Yoast SEO Premium plugin. -->","yoast_head_json":{"title":"Configurer \/ Fixer le pixel FACEBOOK - DTR","robots":{"index":"index","follow":"follow","max-snippet":"max-snippet:-1","max-image-preview":"max-image-preview:large","max-video-preview":"max-video-preview:-1"},"canonical":"https:\/\/dtr.ma\/fr\/produit\/configurer-fixer-le-pixel-facebook\/","og_locale":"fr_FR","og_type":"article","og_title":"Configurer \/ Fixer le pixel FACEBOOK","og_description":"Configurez correctement votre PIXEL FACEBOOK ou corrigez-le pour toutes les plates-formes CMS. 1Days Delivery.","og_url":"https:\/\/dtr.ma\/fr\/produit\/configurer-fixer-le-pixel-facebook\/","og_site_name":"DTR","og_image":[{"width":1669,"height":1123,"url":"https:\/\/i0.wp.com\/dtr.ma\/wp-content\/uploads\/2022\/12\/DTR-SERVICES-ICONES-WEBSITE-ECOMMERCE-20.jpg?fit=1669%2C1123&ssl=1","type":"image\/jpeg"}],"twitter_card":"summary_large_image","twitter_misc":{"Dur\u00e9e de lecture estim\u00e9e":"2 minutes"},"schema":{"@context":"https:\/\/schema.org","@graph":[{"@type":"WebPage","@id":"https:\/\/dtr.ma\/fr\/produit\/configurer-fixer-le-pixel-facebook\/","url":"https:\/\/dtr.ma\/fr\/produit\/configurer-fixer-le-pixel-facebook\/","name":"Configurer \/ Fixer le pixel FACEBOOK - DTR","isPartOf":{"@id":"https:\/\/dtr.ma\/fr\/#website"},"primaryImageOfPage":{"@id":"https:\/\/dtr.ma\/fr\/produit\/configurer-fixer-le-pixel-facebook\/#primaryimage"},"image":{"@id":"https:\/\/dtr.ma\/fr\/produit\/configurer-fixer-le-pixel-facebook\/#primaryimage"},"thumbnailUrl":"https:\/\/i0.wp.com\/dtr.ma\/wp-content\/uploads\/2022\/12\/DTR-SERVICES-ICONES-WEBSITE-ECOMMERCE-20.jpg?fit=1669%2C1123&ssl=1","datePublished":"2022-12-10T19:18:32+00:00","breadcrumb":{"@id":"https:\/\/dtr.ma\/fr\/produit\/configurer-fixer-le-pixel-facebook\/#breadcrumb"},"inLanguage":"fr-FR","potentialAction":[{"@type":"ReadAction","target":["https:\/\/dtr.ma\/fr\/produit\/configurer-fixer-le-pixel-facebook\/"]}]},{"@type":"ImageObject","inLanguage":"fr-FR","@id":"https:\/\/dtr.ma\/fr\/produit\/configurer-fixer-le-pixel-facebook\/#primaryimage","url":"https:\/\/i0.wp.com\/dtr.ma\/wp-content\/uploads\/2022\/12\/DTR-SERVICES-ICONES-WEBSITE-ECOMMERCE-20.jpg?fit=1669%2C1123&ssl=1","contentUrl":"https:\/\/i0.wp.com\/dtr.ma\/wp-content\/uploads\/2022\/12\/DTR-SERVICES-ICONES-WEBSITE-ECOMMERCE-20.jpg?fit=1669%2C1123&ssl=1","width":1669,"height":1123},{"@type":"BreadcrumbList","@id":"https:\/\/dtr.ma\/fr\/produit\/configurer-fixer-le-pixel-facebook\/#breadcrumb","itemListElement":[{"@type":"ListItem","position":1,"name":"Home","item":"https:\/\/dtr.ma\/fr\/"},{"@type":"ListItem","position":2,"name":"Boutique","item":"https:\/\/dtr.ma\/fr\/boutique\/"},{"@type":"ListItem","position":3,"name":"Configurer \/ Fixer le pixel FACEBOOK"}]},{"@type":"WebSite","@id":"https:\/\/dtr.ma\/fr\/#website","url":"https:\/\/dtr.ma\/fr\/","name":"DTR","description":"Smart Business Solutions","publisher":{"@id":"https:\/\/dtr.ma\/fr\/#organization"},"potentialAction":[{"@type":"SearchAction","target":{"@type":"EntryPoint","urlTemplate":"https:\/\/dtr.ma\/fr\/?s={search_term_string}"},"query-input":{"@type":"PropertyValueSpecification","valueRequired":true,"valueName":"search_term_string"}}],"inLanguage":"fr-FR"},{"@type":"Organization","@id":"https:\/\/dtr.ma\/fr\/#organization","name":"DTR","url":"https:\/\/dtr.ma\/fr\/","logo":{"@type":"ImageObject","inLanguage":"fr-FR","@id":"https:\/\/dtr.ma\/fr\/#\/schema\/logo\/image\/","url":"https:\/\/dtr.ma\/wp-content\/uploads\/2024\/11\/DTR-LOGO.svg","contentUrl":"https:\/\/dtr.ma\/wp-content\/uploads\/2024\/11\/DTR-LOGO.svg","width":1528,"height":697,"caption":"DTR"},"image":{"@id":"https:\/\/dtr.ma\/fr\/#\/schema\/logo\/image\/"}}]}},"jetpack_sharing_enabled":true,"_links":{"self":[{"href":"https:\/\/dtr.ma\/fr\/wp-json\/wp\/v2\/product\/3542","targetHints":{"allow":["GET"]}}],"collection":[{"href":"https:\/\/dtr.ma\/fr\/wp-json\/wp\/v2\/product"}],"about":[{"href":"https:\/\/dtr.ma\/fr\/wp-json\/wp\/v2\/types\/product"}],"version-history":[{"count":0,"href":"https:\/\/dtr.ma\/fr\/wp-json\/wp\/v2\/product\/3542\/revisions"}],"wp:featuredmedia":[{"embeddable":true,"href":"https:\/\/dtr.ma\/fr\/wp-json\/wp\/v2\/media\/2792"}],"wp:attachment":[{"href":"https:\/\/dtr.ma\/fr\/wp-json\/wp\/v2\/media?parent=3542"}],"wp:term":[{"taxonomy":"product_brand","embeddable":true,"href":"https:\/\/dtr.ma\/fr\/wp-json\/wp\/v2\/product_brand?post=3542"},{"taxonomy":"product_cat","embeddable":true,"href":"https:\/\/dtr.ma\/fr\/wp-json\/wp\/v2\/product_cat?post=3542"},{"taxonomy":"product_tag","embeddable":true,"href":"https:\/\/dtr.ma\/fr\/wp-json\/wp\/v2\/product_tag?post=3542"}],"curies":[{"name":"wp","href":"https:\/\/api.w.org\/{rel}","templated":true}]}}