{"id":3544,"date":"2022-12-11T16:00:55","date_gmt":"2022-12-11T16:00:55","guid":{"rendered":"https:\/\/dtr.ma\/product\/site-web-wordpress-pret-a-lemploi\/"},"modified":"2025-01-22T14:11:38","modified_gmt":"2025-01-22T14:11:38","slug":"site-web-wordpress-pret-a-lemploi","status":"publish","type":"product","link":"https:\/\/dtr.ma\/fr\/produit\/site-web-wordpress-pret-a-lemploi\/","title":{"rendered":"Site web WordPress pr\u00eat \u00e0 l&#8217;emploi"},"content":{"rendered":"\t\t<div data-elementor-type=\"product-post\" data-elementor-id=\"3544\" class=\"elementor elementor-3544 elementor-426\" data-elementor-post-type=\"product\">\n\t\t\t\t\t\t<section class=\"elementor-section elementor-top-section elementor-element elementor-element-5a9efd38 elementor-section-boxed elementor-section-height-default elementor-section-height-default\" data-id=\"5a9efd38\" data-element_type=\"section\">\n\t\t\t\t\t\t<div class=\"elementor-container elementor-column-gap-default\">\n\t\t\t\t\t<div class=\"elementor-column elementor-col-100 elementor-top-column elementor-element elementor-element-403ede43\" data-id=\"403ede43\" data-element_type=\"column\">\n\t\t\t<div class=\"elementor-widget-wrap elementor-element-populated\">\n\t\t\t\t\t\t<div class=\"elementor-element elementor-element-50f60e91 elementor-widget elementor-widget-text-editor\" data-id=\"50f60e91\" data-element_type=\"widget\" data-widget_type=\"text-editor.default\">\n\t\t\t\t<div class=\"elementor-widget-container\">\n\t\t\t\t\t\t\t\t\t<p>Chez DTR Marketing Agency, nous savons qu&#8217;un site web bien con\u00e7u et d\u00e9velopp\u00e9 avec efficacit\u00e9 est le visage num\u00e9rique de votre entreprise. C&#8217;est l&#8217;endroit o\u00f9 vos clients potentiels se rendent pour en savoir plus sur votre marque et vos offres, et pour s&#8217;int\u00e9resser \u00e0 votre contenu. Nous sommes sp\u00e9cialis\u00e9s dans WordPress, l&#8217;un des syst\u00e8mes de gestion de contenu les plus populaires et les plus flexibles au monde, afin de fournir des sites web sur mesure qui ne sont pas seulement esth\u00e9tiques, mais qui g\u00e9n\u00e8rent \u00e9galement des r\u00e9sultats commerciaux.  <\/p>\n\t\t\t\t\t\t\t\t<\/div>\n\t\t\t\t<\/div>\n\t\t\t\t<div class=\"elementor-element elementor-element-3d5dd37a elementor-widget elementor-widget-heading\" data-id=\"3d5dd37a\" data-element_type=\"widget\" data-widget_type=\"heading.default\">\n\t\t\t\t<div class=\"elementor-widget-container\">\n\t\t\t\t\t<h3 class=\"elementor-heading-title elementor-size-default\">Notre processus\n\n<\/h3>\t\t\t\t<\/div>\n\t\t\t\t<\/div>\n\t\t\t\t<div class=\"elementor-element elementor-element-601f61cb elementor-widget elementor-widget-text-editor\" data-id=\"601f61cb\" data-element_type=\"widget\" data-widget_type=\"text-editor.default\">\n\t\t\t\t<div class=\"elementor-widget-container\">\n\t\t\t\t\t\t\t\t\t<p>Notre approche de la conception et du d\u00e9veloppement de sites Web WordPress repose sur une compr\u00e9hension approfondie de votre entreprise, de votre secteur d&#8217;activit\u00e9 et de votre public cible. Nous commen\u00e7ons par comprendre vos objectifs, vos besoins et le parcours client que vous envisagez. Cela nous aide \u00e0 cr\u00e9er un site web convivial, optimis\u00e9 pour le r\u00e9f\u00e9rencement et adapt\u00e9 aux mobiles, qui r\u00e9ponde \u00e0 vos besoins.  <\/p>\n<h4>Notre processus comprend<\/h4>\n<ul>\n<li><b>Consultation :<\/b> Comprendre votre activit\u00e9, vos objectifs et la finalit\u00e9 du site web.<\/li>\n<li><b>Conception :<\/b> Concevoir un design unique et visuellement attrayant qui s&#8217;aligne sur votre marque.<\/li>\n<li><strong>D\u00e9veloppement :<\/strong> Cr\u00e9ation du site web sur WordPress, en veillant \u00e0 ce qu&#8217;il soit r\u00e9actif et convivial.<\/li>\n<li><strong>Test et lancement :<\/strong> Test du site sur diff\u00e9rents appareils et navigateurs avant son lancement.<\/li>\n<li><b>Formation :<\/b> Vous apprendre \u00e0 mettre \u00e0 jour et \u00e0 g\u00e9rer votre nouveau site WordPress.<\/li>\n<\/ul>\t\t\t\t\t\t\t\t<\/div>\n\t\t\t\t<\/div>\n\t\t\t\t<div class=\"elementor-element elementor-element-78bfac13 elementor-widget elementor-widget-heading\" data-id=\"78bfac13\" data-element_type=\"widget\" data-widget_type=\"heading.default\">\n\t\t\t\t<div class=\"elementor-widget-container\">\n\t\t\t\t\t<h3 class=\"elementor-heading-title elementor-size-default\">Produits \u00e0 livrer\n\n<\/h3>\t\t\t\t<\/div>\n\t\t\t\t<\/div>\n\t\t\t\t<div class=\"elementor-element elementor-element-40a96bd3 elementor-widget elementor-widget-text-editor\" data-id=\"40a96bd3\" data-element_type=\"widget\" data-widget_type=\"text-editor.default\">\n\t\t\t\t<div class=\"elementor-widget-container\">\n\t\t\t\t\t\t\t\t\t<p>Une fois le projet achev\u00e9, nous vous fournirons un acc\u00e8s complet et la propri\u00e9t\u00e9 de votre site web WordPress, ainsi que la formation n\u00e9cessaire et un manuel pour le g\u00e9rer. Nous proposons une assistance permanente et des forfaits de maintenance, si vous en avez besoin \u00e0 l&#8217;avenir. <\/p>\n\t\t\t\t\t\t\t\t<\/div>\n\t\t\t\t<\/div>\n\t\t\t\t<div class=\"elementor-element elementor-element-62b7c150 elementor-widget elementor-widget-heading\" data-id=\"62b7c150\" data-element_type=\"widget\" data-widget_type=\"heading.default\">\n\t\t\t\t<div class=\"elementor-widget-container\">\n\t\t\t\t\t<h3 class=\"elementor-heading-title elementor-size-default\">Tarification<\/h3>\t\t\t\t<\/div>\n\t\t\t\t<\/div>\n\t\t\t\t<div class=\"elementor-element elementor-element-332865e elementor-widget elementor-widget-text-editor\" data-id=\"332865e\" data-element_type=\"widget\" data-widget_type=\"text-editor.default\">\n\t\t\t\t<div class=\"elementor-widget-container\">\n\t\t\t\t\t\t\t\t\t<p>Notre service de conception et de d\u00e9veloppement de sites web WordPress commence \u00e0 $500 USD (environ 4,500 MAD). Ce prix de base comprend la cr\u00e9ation d&#8217;un site web simple, mais visuellement attrayant et fonctionnel. <\/p>\n<p>Pour les entreprises qui souhaitent mettre en place une fonctionnalit\u00e9 de commerce \u00e9lectronique sur leur site web WordPress, les prix commencent \u00e0 partir de 1000 USD (environ 9000 MAD). Cela comprend la mise en place d&#8217;une boutique en ligne de base avec des fonctionnalit\u00e9s de commerce \u00e9lectronique essentielles telles que la liste des produits, le panier d&#8217;achat et une passerelle de paiement s\u00e9curis\u00e9e. <\/p>\n<p>Veuillez noter qu&#8217;il s&#8217;agit de co\u00fbts initiaux de base et que le co\u00fbt final peut varier en fonction de la complexit\u00e9 et des exigences sp\u00e9cifiques de votre site web, telles que le nombre de pages de produits, les fonctionnalit\u00e9s personnalis\u00e9es, les int\u00e9grations, etc.<\/p>\n<p>Pour lancer votre projet, visitez notre site web, s\u00e9lectionnez le service de conception et de d\u00e9veloppement de sites web WordPress ou la fonctionnalit\u00e9 de commerce \u00e9lectronique WordPress, ajoutez-les \u00e0 votre panier et effectuez le paiement. Une fois le paiement effectu\u00e9, notre \u00e9quipe commencera \u00e0 travailler sur votre projet. <\/p>\n\t\t\t\t\t\t\t\t<\/div>\n\t\t\t\t<\/div>\n\t\t\t\t<div class=\"elementor-element elementor-element-7ccf992c elementor-widget elementor-widget-heading\" data-id=\"7ccf992c\" data-element_type=\"widget\" data-widget_type=\"heading.default\">\n\t\t\t\t<div class=\"elementor-widget-container\">\n\t\t\t\t\t<h3 class=\"elementor-heading-title elementor-size-default\">Commencez<\/h3>\t\t\t\t<\/div>\n\t\t\t\t<\/div>\n\t\t\t\t<div class=\"elementor-element elementor-element-66765e51 elementor-widget elementor-widget-text-editor\" data-id=\"66765e51\" data-element_type=\"widget\" data-widget_type=\"text-editor.default\">\n\t\t\t\t<div class=\"elementor-widget-container\">\n\t\t\t\t\t\t\t\t\t<p>Faire le premier pas vers un site web WordPress professionnellement con\u00e7u est aussi simple que de cliquer sur un bouton. Visitez notre site web, choisissez notre service de conception et de d\u00e9veloppement de sites web WordPress ou notre fonctionnalit\u00e9 de commerce \u00e9lectronique WordPress, ajoutez-les \u00e0 votre panier et proc\u00e9dez au paiement. Notre \u00e9quipe vous contactera pour comprendre vos besoins, puis nous commencerons \u00e0 cr\u00e9er un site web qui parlera \u00e0 votre marque.  <\/p>\n\t\t\t\t\t\t\t\t<\/div>\n\t\t\t\t<\/div>\n\t\t\t\t\t<\/div>\n\t\t<\/div>\n\t\t\t\t\t<\/div>\n\t\t<\/section>\n\t\t\t\t<section class=\"elementor-section elementor-top-section elementor-element elementor-element-951f7ce elementor-section-boxed elementor-section-height-default elementor-section-height-default\" data-id=\"951f7ce\" data-element_type=\"section\">\n\t\t\t\t\t\t<div class=\"elementor-container elementor-column-gap-default\">\n\t\t\t\t\t<div class=\"elementor-column elementor-col-100 elementor-top-column elementor-element elementor-element-e980635\" data-id=\"e980635\" data-element_type=\"column\">\n\t\t\t<div class=\"elementor-widget-wrap elementor-element-populated\">\n\t\t\t\t\t\t<div class=\"elementor-element elementor-element-4484930 elementor-widget elementor-widget-text-editor\" data-id=\"4484930\" data-element_type=\"widget\" data-widget_type=\"text-editor.default\">\n\t\t\t\t<div class=\"elementor-widget-container\">\n\t\t\t\t\t\t\t\t\t<div class=\"group w-full text-gray-800 dark:text-gray-100 border-b border-black\/10 dark:border-gray-900\/50 bg-gray-50 dark:bg-[#444654]\">\n<div class=\"flex p-4 gap-4 text-base md:gap-6 md:max-w-2xl lg:max-w-[38rem] xl:max-w-3xl md:py-6 lg:px-0 m-auto\">\n<div class=\"relative flex w-[calc(100%-50px)] flex-col gap-1 md:gap-3 lg:w-[calc(100%-115px)]\">\n<div class=\"flex flex-grow flex-col gap-3\">\n<div class=\"min-h-[20px] flex items-start overflow-x-auto whitespace-pre-wrap break-words flex-col gap-4\">\n<div class=\"markdown prose w-full break-words dark:prose-invert dark\">\n<p>Chez DTR Marketing Agency, nous sommes impatients de collaborer avec vous pour cr\u00e9er un site web WordPress qui non seulement r\u00e9pondra \u00e0 vos attentes, mais les d\u00e9passera. Pour toute question, n&#8217;h\u00e9sitez pas \u00e0 nous contacter \u00e0 tout moment. <\/p>\n<\/div>\n<\/div>\n<\/div>\n<\/div>\n<\/div>\n<\/div>\n\t\t\t\t\t\t\t\t<\/div>\n\t\t\t\t<\/div>\n\t\t\t\t\t<\/div>\n\t\t<\/div>\n\t\t\t\t\t<\/div>\n\t\t<\/section>\n\t\t\t\t<section class=\"elementor-section elementor-top-section elementor-element elementor-element-88c5c28 elementor-section-boxed elementor-section-height-default elementor-section-height-default\" data-id=\"88c5c28\" data-element_type=\"section\">\n\t\t\t\t\t\t<div class=\"elementor-container elementor-column-gap-default\">\n\t\t\t\t\t<div class=\"elementor-column elementor-col-100 elementor-top-column elementor-element elementor-element-ffa5019\" data-id=\"ffa5019\" data-element_type=\"column\">\n\t\t\t<div class=\"elementor-widget-wrap elementor-element-populated\">\n\t\t\t\t\t\t<div class=\"elementor-element elementor-element-8df19a8 elementor-widget elementor-widget-heading\" data-id=\"8df19a8\" data-element_type=\"widget\" data-widget_type=\"heading.default\">\n\t\t\t\t<div class=\"elementor-widget-container\">\n\t\t\t\t\t<h3 class=\"elementor-heading-title elementor-size-default\">D\u00e9couvrez quelques-uns des sites web que nous avons cr\u00e9\u00e9s pour nos clients\n<\/h3>\t\t\t\t<\/div>\n\t\t\t\t<\/div>\n\t\t\t\t<div class=\"elementor-element elementor-element-ea9f903 elementor-icon-list--layout-traditional elementor-list-item-link-full_width elementor-widget elementor-widget-icon-list\" data-id=\"ea9f903\" data-element_type=\"widget\" data-widget_type=\"icon-list.default\">\n\t\t\t\t<div class=\"elementor-widget-container\">\n\t\t\t\t\t\t\t<ul class=\"elementor-icon-list-items\">\n\t\t\t\t\t\t\t<li class=\"elementor-icon-list-item\">\n\t\t\t\t\t\t\t\t\t\t\t<a href=\"https:\/\/vitalfer.ma\/\" target=\"_blank\" rel=\"nofollow\">\n\n\t\t\t\t\t\t\t\t\t\t\t\t<span class=\"elementor-icon-list-icon\">\n\t\t\t\t\t\t\t<i aria-hidden=\"true\" class=\"fas fa-building\"><\/i>\t\t\t\t\t\t<\/span>\n\t\t\t\t\t\t\t\t\t\t<span class=\"elementor-icon-list-text\">( vitalfer.ma ) Mat\u00e9riaux de construction<\/span>\n\t\t\t\t\t\t\t\t\t\t\t<\/a>\n\t\t\t\t\t\t\t\t\t<\/li>\n\t\t\t\t\t\t\t\t<li class=\"elementor-icon-list-item\">\n\t\t\t\t\t\t\t\t\t\t\t<a href=\"https:\/\/oahp.org\/\" target=\"_blank\" rel=\"nofollow\">\n\n\t\t\t\t\t\t\t\t\t\t\t\t<span class=\"elementor-icon-list-icon\">\n\t\t\t\t\t\t\t<i aria-hidden=\"true\" class=\"fas fa-hand-holding-heart\"><\/i>\t\t\t\t\t\t<\/span>\n\t\t\t\t\t\t\t\t\t\t<span class=\"elementor-icon-list-text\">( oahp.org ) Organisation \u00e0 but non lucratif<\/span>\n\t\t\t\t\t\t\t\t\t\t\t<\/a>\n\t\t\t\t\t\t\t\t\t<\/li>\n\t\t\t\t\t\t\t\t<li class=\"elementor-icon-list-item\">\n\t\t\t\t\t\t\t\t\t\t\t<a href=\"https:\/\/manaratalandalous.ma\/\" target=\"_blank\" rel=\"nofollow\">\n\n\t\t\t\t\t\t\t\t\t\t\t\t<span class=\"elementor-icon-list-icon\">\n\t\t\t\t\t\t\t<i aria-hidden=\"true\" class=\"fas fa-user-graduate\"><\/i>\t\t\t\t\t\t<\/span>\n\t\t\t\t\t\t\t\t\t\t<span class=\"elementor-icon-list-text\">( manaratalandalous.ma ) \u00c9cole<\/span>\n\t\t\t\t\t\t\t\t\t\t\t<\/a>\n\t\t\t\t\t\t\t\t\t<\/li>\n\t\t\t\t\t\t\t\t<li class=\"elementor-icon-list-item\">\n\t\t\t\t\t\t\t\t\t\t\t<a href=\"https:\/\/armadox.com\/\" target=\"_blank\" rel=\"nofollow\">\n\n\t\t\t\t\t\t\t\t\t\t\t\t<span class=\"elementor-icon-list-icon\">\n\t\t\t\t\t\t\t<i aria-hidden=\"true\" class=\"fas fa-shopping-basket\"><\/i>\t\t\t\t\t\t<\/span>\n\t\t\t\t\t\t\t\t\t\t<span class=\"elementor-icon-list-text\">( armadox.com ) Magasin de chaussures<\/span>\n\t\t\t\t\t\t\t\t\t\t\t<\/a>\n\t\t\t\t\t\t\t\t\t<\/li>\n\t\t\t\t\t\t<\/ul>\n\t\t\t\t\t\t<\/div>\n\t\t\t\t<\/div>\n\t\t\t\t\t<\/div>\n\t\t<\/div>\n\t\t\t\t\t<\/div>\n\t\t<\/section>\n\t\t\t\t<section class=\"elementor-section elementor-top-section elementor-element elementor-element-670046e elementor-section-boxed elementor-section-height-default elementor-section-height-default\" data-id=\"670046e\" data-element_type=\"section\">\n\t\t\t\t\t\t<div class=\"elementor-container elementor-column-gap-default\">\n\t\t\t\t\t<div class=\"elementor-column elementor-col-100 elementor-top-column elementor-element elementor-element-3b611b8\" data-id=\"3b611b8\" data-element_type=\"column\">\n\t\t\t<div class=\"elementor-widget-wrap elementor-element-populated\">\n\t\t\t\t\t\t<div class=\"elementor-element elementor-element-0bec83d elementor-widget elementor-widget-text-editor\" data-id=\"0bec83d\" data-element_type=\"widget\" data-widget_type=\"text-editor.default\">\n\t\t\t\t<div class=\"elementor-widget-container\">\n\t\t\t\t\t\t\t\t\t<p>Vous souhaitez en savoir plus sur notre processus et sur la mani\u00e8re dont nous avons aid\u00e9 d&#8217;autres entreprises \u00e0 r\u00e9ussir en ligne ?<\/p>\n\t\t\t\t\t\t\t\t<\/div>\n\t\t\t\t<\/div>\n\t\t\t\t<div class=\"elementor-element elementor-element-6e11376 elementor-align-center elementor-widget elementor-widget-button\" data-id=\"6e11376\" data-element_type=\"widget\" data-widget_type=\"button.default\">\n\t\t\t\t<div class=\"elementor-widget-container\">\n\t\t\t\t\t\t\t\t\t<div class=\"elementor-button-wrapper\">\n\t\t\t\t\t<a class=\"elementor-button elementor-button-link elementor-size-sm\" href=\"https:\/\/dtr.ma\/case-studies\/\" target=\"_blank\">\n\t\t\t\t\t\t<span class=\"elementor-button-content-wrapper\">\n\t\t\t\t\t\t\t\t\t<span class=\"elementor-button-text\">Visitez notre \u00e9tude de cas<\/span>\n\t\t\t\t\t<\/span>\n\t\t\t\t\t<\/a>\n\t\t\t\t<\/div>\n\t\t\t\t\t\t\t\t<\/div>\n\t\t\t\t<\/div>\n\t\t\t\t\t<\/div>\n\t\t<\/div>\n\t\t\t\t\t<\/div>\n\t\t<\/section>\n\t\t\t\t<\/div>\n\t\t","protected":false},"excerpt":{"rendered":"<p>Qu&#8217;il s&#8217;agisse d&#8217;un simple site d&#8217;entreprise ou d&#8217;une plateforme de commerce \u00e9lectronique compl\u00e8te, nous cr\u00e9ons des sites Web r\u00e9actifs, conviviaux et optimis\u00e9s pour le r\u00e9f\u00e9rencement, qui trouvent un \u00e9cho aupr\u00e8s de votre public. Embarquez d\u00e8s aujourd&#8217;hui pour votre voyage num\u00e9rique gr\u00e2ce \u00e0 notre service de conception et de d\u00e9veloppement de sites Web WordPress ! <\/p>\n","protected":false},"featured_media":2788,"template":"","meta":{"_mo_disable_npp":"","om_disable_all_campaigns":false,"inline_featured_image":false,"_monsterinsights_skip_tracking":false,"_monsterinsights_sitenote_active":false,"_monsterinsights_sitenote_note":"","_monsterinsights_sitenote_category":0,"_uf_show_specific_survey":0,"_uf_disable_surveys":false},"product_brand":[],"product_cat":[100,99,104,102],"product_tag":[],"class_list":{"0":"post-3544","1":"product","2":"type-product","3":"status-publish","4":"has-post-thumbnail","6":"product_cat-projets","7":"product_cat-services-fr","8":"product_cat-services-web","9":"product_cat-tous","11":"first","12":"instock","13":"sold-individually","14":"shipping-taxable","15":"purchasable","16":"product-type-variable","17":"has-default-attributes"},"yoast_head":"<!-- This site is optimized with the Yoast SEO Premium plugin v20.13 (Yoast SEO v25.9) - https:\/\/yoast.com\/wordpress\/plugins\/seo\/ -->\n<title>Site web Wordpress pr\u00eat \u00e0 l&#039;emploi - DTR<\/title>\n<meta name=\"robots\" content=\"index, follow, max-snippet:-1, max-image-preview:large, max-video-preview:-1\" \/>\n<link rel=\"canonical\" href=\"https:\/\/dtr.ma\/fr\/produit\/site-web-wordpress-pret-a-lemploi\/\" \/>\n<meta property=\"og:locale\" content=\"fr_FR\" \/>\n<meta property=\"og:type\" content=\"article\" \/>\n<meta property=\"og:title\" content=\"Site web Wordpress pr\u00eat \u00e0 l&#039;emploi\" \/>\n<meta property=\"og:description\" content=\"Qu&#039;il s&#039;agisse d&#039;un simple site d&#039;entreprise ou d&#039;une plateforme de commerce \u00e9lectronique compl\u00e8te, nous cr\u00e9ons des sites Web r\u00e9actifs, conviviaux et optimis\u00e9s pour le r\u00e9f\u00e9rencement, qui trouvent un \u00e9cho aupr\u00e8s de votre public. Embarquez d\u00e8s aujourd&#039;hui pour votre voyage num\u00e9rique gr\u00e2ce \u00e0 notre service de conception et de d\u00e9veloppement de sites Web WordPress !\" \/>\n<meta property=\"og:url\" content=\"https:\/\/dtr.ma\/fr\/produit\/site-web-wordpress-pret-a-lemploi\/\" \/>\n<meta property=\"og:site_name\" content=\"DTR\" \/>\n<meta property=\"article:modified_time\" content=\"2025-01-22T14:11:38+00:00\" \/>\n<meta property=\"og:image\" content=\"https:\/\/i0.wp.com\/dtr.ma\/wp-content\/uploads\/2022\/12\/DTR-SERVICES-ICONES-WEBSITE-ECOMMERCE-24.jpg?fit=1669%2C1123&ssl=1\" \/>\n\t<meta property=\"og:image:width\" content=\"1669\" \/>\n\t<meta property=\"og:image:height\" content=\"1123\" \/>\n\t<meta property=\"og:image:type\" content=\"image\/jpeg\" \/>\n<meta name=\"twitter:card\" content=\"summary_large_image\" \/>\n<meta name=\"twitter:label1\" content=\"Dur\u00e9e de lecture estim\u00e9e\" \/>\n\t<meta name=\"twitter:data1\" content=\"3 minutes\" \/>\n<script type=\"application\/ld+json\" class=\"yoast-schema-graph\">{\"@context\":\"https:\/\/schema.org\",\"@graph\":[{\"@type\":\"WebPage\",\"@id\":\"https:\/\/dtr.ma\/fr\/produit\/site-web-wordpress-pret-a-lemploi\/\",\"url\":\"https:\/\/dtr.ma\/fr\/produit\/site-web-wordpress-pret-a-lemploi\/\",\"name\":\"Site web Wordpress pr\u00eat \u00e0 l'emploi - DTR\",\"isPartOf\":{\"@id\":\"https:\/\/dtr.ma\/fr\/#website\"},\"primaryImageOfPage\":{\"@id\":\"https:\/\/dtr.ma\/fr\/produit\/site-web-wordpress-pret-a-lemploi\/#primaryimage\"},\"image\":{\"@id\":\"https:\/\/dtr.ma\/fr\/produit\/site-web-wordpress-pret-a-lemploi\/#primaryimage\"},\"thumbnailUrl\":\"https:\/\/i0.wp.com\/dtr.ma\/wp-content\/uploads\/2022\/12\/DTR-SERVICES-ICONES-WEBSITE-ECOMMERCE-24.jpg?fit=1669%2C1123&ssl=1\",\"datePublished\":\"2022-12-11T16:00:55+00:00\",\"dateModified\":\"2025-01-22T14:11:38+00:00\",\"breadcrumb\":{\"@id\":\"https:\/\/dtr.ma\/fr\/produit\/site-web-wordpress-pret-a-lemploi\/#breadcrumb\"},\"inLanguage\":\"fr-FR\",\"potentialAction\":[{\"@type\":\"ReadAction\",\"target\":[\"https:\/\/dtr.ma\/fr\/produit\/site-web-wordpress-pret-a-lemploi\/\"]}]},{\"@type\":\"ImageObject\",\"inLanguage\":\"fr-FR\",\"@id\":\"https:\/\/dtr.ma\/fr\/produit\/site-web-wordpress-pret-a-lemploi\/#primaryimage\",\"url\":\"https:\/\/i0.wp.com\/dtr.ma\/wp-content\/uploads\/2022\/12\/DTR-SERVICES-ICONES-WEBSITE-ECOMMERCE-24.jpg?fit=1669%2C1123&ssl=1\",\"contentUrl\":\"https:\/\/i0.wp.com\/dtr.ma\/wp-content\/uploads\/2022\/12\/DTR-SERVICES-ICONES-WEBSITE-ECOMMERCE-24.jpg?fit=1669%2C1123&ssl=1\",\"width\":1669,\"height\":1123},{\"@type\":\"BreadcrumbList\",\"@id\":\"https:\/\/dtr.ma\/fr\/produit\/site-web-wordpress-pret-a-lemploi\/#breadcrumb\",\"itemListElement\":[{\"@type\":\"ListItem\",\"position\":1,\"name\":\"Home\",\"item\":\"https:\/\/dtr.ma\/fr\/\"},{\"@type\":\"ListItem\",\"position\":2,\"name\":\"Boutique\",\"item\":\"https:\/\/dtr.ma\/fr\/boutique\/\"},{\"@type\":\"ListItem\",\"position\":3,\"name\":\"Site web WordPress pr\u00eat \u00e0 l&#8217;emploi\"}]},{\"@type\":\"WebSite\",\"@id\":\"https:\/\/dtr.ma\/fr\/#website\",\"url\":\"https:\/\/dtr.ma\/fr\/\",\"name\":\"DTR\",\"description\":\"Smart Business Solutions\",\"publisher\":{\"@id\":\"https:\/\/dtr.ma\/fr\/#organization\"},\"potentialAction\":[{\"@type\":\"SearchAction\",\"target\":{\"@type\":\"EntryPoint\",\"urlTemplate\":\"https:\/\/dtr.ma\/fr\/?s={search_term_string}\"},\"query-input\":{\"@type\":\"PropertyValueSpecification\",\"valueRequired\":true,\"valueName\":\"search_term_string\"}}],\"inLanguage\":\"fr-FR\"},{\"@type\":\"Organization\",\"@id\":\"https:\/\/dtr.ma\/fr\/#organization\",\"name\":\"DTR\",\"url\":\"https:\/\/dtr.ma\/fr\/\",\"logo\":{\"@type\":\"ImageObject\",\"inLanguage\":\"fr-FR\",\"@id\":\"https:\/\/dtr.ma\/fr\/#\/schema\/logo\/image\/\",\"url\":\"https:\/\/dtr.ma\/wp-content\/uploads\/2024\/11\/DTR-LOGO.svg\",\"contentUrl\":\"https:\/\/dtr.ma\/wp-content\/uploads\/2024\/11\/DTR-LOGO.svg\",\"width\":1528,\"height\":697,\"caption\":\"DTR\"},\"image\":{\"@id\":\"https:\/\/dtr.ma\/fr\/#\/schema\/logo\/image\/\"}}]}<\/script>\n<!-- \/ Yoast SEO Premium plugin. -->","yoast_head_json":{"title":"Site web Wordpress pr\u00eat \u00e0 l'emploi - DTR","robots":{"index":"index","follow":"follow","max-snippet":"max-snippet:-1","max-image-preview":"max-image-preview:large","max-video-preview":"max-video-preview:-1"},"canonical":"https:\/\/dtr.ma\/fr\/produit\/site-web-wordpress-pret-a-lemploi\/","og_locale":"fr_FR","og_type":"article","og_title":"Site web Wordpress pr\u00eat \u00e0 l'emploi","og_description":"Qu'il s'agisse d'un simple site d'entreprise ou d'une plateforme de commerce \u00e9lectronique compl\u00e8te, nous cr\u00e9ons des sites Web r\u00e9actifs, conviviaux et optimis\u00e9s pour le r\u00e9f\u00e9rencement, qui trouvent un \u00e9cho aupr\u00e8s de votre public. Embarquez d\u00e8s aujourd'hui pour votre voyage num\u00e9rique gr\u00e2ce \u00e0 notre service de conception et de d\u00e9veloppement de sites Web WordPress !","og_url":"https:\/\/dtr.ma\/fr\/produit\/site-web-wordpress-pret-a-lemploi\/","og_site_name":"DTR","article_modified_time":"2025-01-22T14:11:38+00:00","og_image":[{"width":1669,"height":1123,"url":"https:\/\/i0.wp.com\/dtr.ma\/wp-content\/uploads\/2022\/12\/DTR-SERVICES-ICONES-WEBSITE-ECOMMERCE-24.jpg?fit=1669%2C1123&ssl=1","type":"image\/jpeg"}],"twitter_card":"summary_large_image","twitter_misc":{"Dur\u00e9e de lecture estim\u00e9e":"3 minutes"},"schema":{"@context":"https:\/\/schema.org","@graph":[{"@type":"WebPage","@id":"https:\/\/dtr.ma\/fr\/produit\/site-web-wordpress-pret-a-lemploi\/","url":"https:\/\/dtr.ma\/fr\/produit\/site-web-wordpress-pret-a-lemploi\/","name":"Site web Wordpress pr\u00eat \u00e0 l'emploi - DTR","isPartOf":{"@id":"https:\/\/dtr.ma\/fr\/#website"},"primaryImageOfPage":{"@id":"https:\/\/dtr.ma\/fr\/produit\/site-web-wordpress-pret-a-lemploi\/#primaryimage"},"image":{"@id":"https:\/\/dtr.ma\/fr\/produit\/site-web-wordpress-pret-a-lemploi\/#primaryimage"},"thumbnailUrl":"https:\/\/i0.wp.com\/dtr.ma\/wp-content\/uploads\/2022\/12\/DTR-SERVICES-ICONES-WEBSITE-ECOMMERCE-24.jpg?fit=1669%2C1123&ssl=1","datePublished":"2022-12-11T16:00:55+00:00","dateModified":"2025-01-22T14:11:38+00:00","breadcrumb":{"@id":"https:\/\/dtr.ma\/fr\/produit\/site-web-wordpress-pret-a-lemploi\/#breadcrumb"},"inLanguage":"fr-FR","potentialAction":[{"@type":"ReadAction","target":["https:\/\/dtr.ma\/fr\/produit\/site-web-wordpress-pret-a-lemploi\/"]}]},{"@type":"ImageObject","inLanguage":"fr-FR","@id":"https:\/\/dtr.ma\/fr\/produit\/site-web-wordpress-pret-a-lemploi\/#primaryimage","url":"https:\/\/i0.wp.com\/dtr.ma\/wp-content\/uploads\/2022\/12\/DTR-SERVICES-ICONES-WEBSITE-ECOMMERCE-24.jpg?fit=1669%2C1123&ssl=1","contentUrl":"https:\/\/i0.wp.com\/dtr.ma\/wp-content\/uploads\/2022\/12\/DTR-SERVICES-ICONES-WEBSITE-ECOMMERCE-24.jpg?fit=1669%2C1123&ssl=1","width":1669,"height":1123},{"@type":"BreadcrumbList","@id":"https:\/\/dtr.ma\/fr\/produit\/site-web-wordpress-pret-a-lemploi\/#breadcrumb","itemListElement":[{"@type":"ListItem","position":1,"name":"Home","item":"https:\/\/dtr.ma\/fr\/"},{"@type":"ListItem","position":2,"name":"Boutique","item":"https:\/\/dtr.ma\/fr\/boutique\/"},{"@type":"ListItem","position":3,"name":"Site web WordPress pr\u00eat \u00e0 l&#8217;emploi"}]},{"@type":"WebSite","@id":"https:\/\/dtr.ma\/fr\/#website","url":"https:\/\/dtr.ma\/fr\/","name":"DTR","description":"Smart Business Solutions","publisher":{"@id":"https:\/\/dtr.ma\/fr\/#organization"},"potentialAction":[{"@type":"SearchAction","target":{"@type":"EntryPoint","urlTemplate":"https:\/\/dtr.ma\/fr\/?s={search_term_string}"},"query-input":{"@type":"PropertyValueSpecification","valueRequired":true,"valueName":"search_term_string"}}],"inLanguage":"fr-FR"},{"@type":"Organization","@id":"https:\/\/dtr.ma\/fr\/#organization","name":"DTR","url":"https:\/\/dtr.ma\/fr\/","logo":{"@type":"ImageObject","inLanguage":"fr-FR","@id":"https:\/\/dtr.ma\/fr\/#\/schema\/logo\/image\/","url":"https:\/\/dtr.ma\/wp-content\/uploads\/2024\/11\/DTR-LOGO.svg","contentUrl":"https:\/\/dtr.ma\/wp-content\/uploads\/2024\/11\/DTR-LOGO.svg","width":1528,"height":697,"caption":"DTR"},"image":{"@id":"https:\/\/dtr.ma\/fr\/#\/schema\/logo\/image\/"}}]}},"jetpack_sharing_enabled":true,"_links":{"self":[{"href":"https:\/\/dtr.ma\/fr\/wp-json\/wp\/v2\/product\/3544","targetHints":{"allow":["GET"]}}],"collection":[{"href":"https:\/\/dtr.ma\/fr\/wp-json\/wp\/v2\/product"}],"about":[{"href":"https:\/\/dtr.ma\/fr\/wp-json\/wp\/v2\/types\/product"}],"version-history":[{"count":0,"href":"https:\/\/dtr.ma\/fr\/wp-json\/wp\/v2\/product\/3544\/revisions"}],"wp:featuredmedia":[{"embeddable":true,"href":"https:\/\/dtr.ma\/fr\/wp-json\/wp\/v2\/media\/2788"}],"wp:attachment":[{"href":"https:\/\/dtr.ma\/fr\/wp-json\/wp\/v2\/media?parent=3544"}],"wp:term":[{"taxonomy":"product_brand","embeddable":true,"href":"https:\/\/dtr.ma\/fr\/wp-json\/wp\/v2\/product_brand?post=3544"},{"taxonomy":"product_cat","embeddable":true,"href":"https:\/\/dtr.ma\/fr\/wp-json\/wp\/v2\/product_cat?post=3544"},{"taxonomy":"product_tag","embeddable":true,"href":"https:\/\/dtr.ma\/fr\/wp-json\/wp\/v2\/product_tag?post=3544"}],"curies":[{"name":"wp","href":"https:\/\/api.w.org\/{rel}","templated":true}]}}