{"id":3555,"date":"2022-12-11T16:01:31","date_gmt":"2022-12-11T16:01:31","guid":{"rendered":"https:\/\/dtr.ma\/product\/mise-en-place-dune-boutique-shopify\/"},"modified":"2022-12-11T16:01:31","modified_gmt":"2022-12-11T16:01:31","slug":"mise-en-place-dune-boutique-shopify","status":"publish","type":"product","link":"https:\/\/dtr.ma\/fr\/produit\/mise-en-place-dune-boutique-shopify\/","title":{"rendered":"Mise en place d&#8217;une boutique Shopify"},"content":{"rendered":"<p>DTR Marketing Agency est sp\u00e9cialis\u00e9e dans la mise en place et le d\u00e9veloppement de boutiques Shopify pour les entreprises de toutes tailles. En tant que partenaire exp\u00e9riment\u00e9 de Shopify, nous connaissons parfaitement la plateforme et savons comment utiliser au mieux ses fonctionnalit\u00e9s pour cr\u00e9er une solution eCommerce unique et efficace pour votre entreprise. Que vous partiez de z\u00e9ro ou que vous souhaitiez migrer votre boutique actuelle vers Shopify, nous vous proposons une gamme de services adapt\u00e9s \u00e0 vos besoins. De l&#8217;installation initiale \u00e0 la conception et au d\u00e9veloppement personnalis\u00e9s, nous cr\u00e9erons une exp\u00e9rience d&#8217;achat transparente et attrayante pour vos clients. <\/p>\n<h2>Notre processus<\/h2>\n<p>Notre processus commence par une compr\u00e9hension approfondie de votre activit\u00e9, de vos produits et de votre public cible. Nous \u00e9laborons ensuite une strat\u00e9gie et planifions la structure de votre boutique Shopify en cons\u00e9quence. La mise en page, la conception, la navigation et les fonctionnalit\u00e9s sont toutes d\u00e9velopp\u00e9es pour offrir une exp\u00e9rience d&#8217;achat intuitive et agr\u00e9able \u00e0 vos clients. Nous nous occupons de tout, de la configuration des cat\u00e9gories de produits et des param\u00e8tres d&#8217;exp\u00e9dition \u00e0 la personnalisation de l&#8217;esth\u00e9tique de votre boutique pour qu&#8217;elle corresponde \u00e0 votre image de marque. Notre \u00e9quipe configurera \u00e9galement les param\u00e8tres de r\u00e9f\u00e9rencement et int\u00e9grera les plugins n\u00e9cessaires et les outils d&#8217;analyse pour le suivi des performances.  <\/p>\n<h2>Produits \u00e0 livrer<\/h2>\n<p>Vous recevrez une boutique Shopify enti\u00e8rement fonctionnelle et bien con\u00e7ue, dot\u00e9e de toutes les fonctionnalit\u00e9s n\u00e9cessaires. En outre, nous vous proposons une session de formation pour vous guider dans la gestion de votre boutique. Vous apprendrez \u00e0 ajouter de nouveaux produits, \u00e0 g\u00e9rer l&#8217;inventaire, \u00e0 ex\u00e9cuter les commandes et \u00e0 comprendre les analyses de base de la boutique.  <\/p>\n<h2>Tarification<\/h2>\n<p>Nos services d&#8217;installation et de d\u00e9veloppement de boutiques Shopify commencent \u00e0 partir de 330 USD (environ 3 000 MAD). Il s&#8217;agit d&#8217;un co\u00fbt de d\u00e9part qui peut varier en fonction de la complexit\u00e9 du projet et des fonctionnalit\u00e9s suppl\u00e9mentaires dont vous pourriez avoir besoin. Pour initier le projet, le paiement complet est requis via notre plateforme s\u00e9curis\u00e9e.  <\/p>\n<h2>Commencez<\/h2>\n<p>Commencer votre voyage avec nous est facile. Visitez notre site web, s\u00e9lectionnez le service de cr\u00e9ation et de d\u00e9veloppement de boutique Shopify, ajoutez-le \u00e0 votre panier et proc\u00e9dez au paiement. Notre \u00e9quipe vous contactera rapidement pour discuter de votre projet en d\u00e9tail. Nous vous remercions de consid\u00e9rer DTR Marketing Agency comme votre partenaire de d\u00e9veloppement Shopify. Nous sommes ravis de pouvoir travailler avec vous et de vous aider \u00e0 cr\u00e9er une boutique en ligne qui refl\u00e8te votre marque et attire votre public cible. N&#8217;h\u00e9sitez pas \u00e0 nous contacter si vous avez des questions.  <\/p>\n","protected":false},"excerpt":{"rendered":"<p>Des sites professionnels Shopify pr\u00eats \u00e0 l&#8217;emploi pour lancer rapidement et facilement votre boutique en ligne. Contactez-nous d\u00e8s aujourd&#8217;hui et laissez-nous vous aider \u00e0 lancer votre boutique en ligne avec un site Shopify personnalisable et convivial. <\/p>\n","protected":false},"featured_media":2791,"template":"","meta":{"_mo_disable_npp":"","om_disable_all_campaigns":false,"inline_featured_image":false,"_monsterinsights_skip_tracking":false,"_monsterinsights_sitenote_active":false,"_monsterinsights_sitenote_note":"","_monsterinsights_sitenote_category":0,"_uf_show_specific_survey":0,"_uf_disable_surveys":false},"product_brand":[],"product_cat":[100,99,104,102],"product_tag":[],"class_list":{"0":"post-3555","1":"product","2":"type-product","3":"status-publish","4":"has-post-thumbnail","6":"product_cat-projets","7":"product_cat-services-fr","8":"product_cat-services-web","9":"product_cat-tous","11":"first","12":"instock","13":"virtual","14":"sold-individually","15":"purchasable","16":"product-type-simple"},"yoast_head":"<!-- This site is optimized with the Yoast SEO Premium plugin v20.13 (Yoast SEO v25.9) - https:\/\/yoast.com\/wordpress\/plugins\/seo\/ -->\n<title>Mise en place d&#039;une boutique Shopify - DTR<\/title>\n<meta name=\"robots\" content=\"index, follow, max-snippet:-1, max-image-preview:large, max-video-preview:-1\" \/>\n<link rel=\"canonical\" href=\"https:\/\/dtr.ma\/fr\/produit\/mise-en-place-dune-boutique-shopify\/\" \/>\n<meta property=\"og:locale\" content=\"fr_FR\" \/>\n<meta property=\"og:type\" content=\"article\" \/>\n<meta property=\"og:title\" content=\"Mise en place d&#039;une boutique Shopify\" \/>\n<meta property=\"og:description\" content=\"Des sites professionnels Shopify pr\u00eats \u00e0 l&#039;emploi pour lancer rapidement et facilement votre boutique en ligne. Contactez-nous d\u00e8s aujourd&#039;hui et laissez-nous vous aider \u00e0 lancer votre boutique en ligne avec un site Shopify personnalisable et convivial.\" \/>\n<meta property=\"og:url\" content=\"https:\/\/dtr.ma\/fr\/produit\/mise-en-place-dune-boutique-shopify\/\" \/>\n<meta property=\"og:site_name\" content=\"DTR\" \/>\n<meta property=\"og:image\" content=\"https:\/\/i0.wp.com\/dtr.ma\/wp-content\/uploads\/2022\/12\/DTR-SERVICES-ICONES-WEBSITE-ECOMMERCE-21.jpg?fit=1669%2C1123&ssl=1\" \/>\n\t<meta property=\"og:image:width\" content=\"1669\" \/>\n\t<meta property=\"og:image:height\" content=\"1123\" \/>\n\t<meta property=\"og:image:type\" content=\"image\/jpeg\" \/>\n<meta name=\"twitter:card\" content=\"summary_large_image\" \/>\n<meta name=\"twitter:label1\" content=\"Dur\u00e9e de lecture estim\u00e9e\" \/>\n\t<meta name=\"twitter:data1\" content=\"2 minutes\" \/>\n<script type=\"application\/ld+json\" class=\"yoast-schema-graph\">{\"@context\":\"https:\/\/schema.org\",\"@graph\":[{\"@type\":\"WebPage\",\"@id\":\"https:\/\/dtr.ma\/fr\/produit\/mise-en-place-dune-boutique-shopify\/\",\"url\":\"https:\/\/dtr.ma\/fr\/produit\/mise-en-place-dune-boutique-shopify\/\",\"name\":\"Mise en place d'une boutique Shopify - DTR\",\"isPartOf\":{\"@id\":\"https:\/\/dtr.ma\/fr\/#website\"},\"primaryImageOfPage\":{\"@id\":\"https:\/\/dtr.ma\/fr\/produit\/mise-en-place-dune-boutique-shopify\/#primaryimage\"},\"image\":{\"@id\":\"https:\/\/dtr.ma\/fr\/produit\/mise-en-place-dune-boutique-shopify\/#primaryimage\"},\"thumbnailUrl\":\"https:\/\/i0.wp.com\/dtr.ma\/wp-content\/uploads\/2022\/12\/DTR-SERVICES-ICONES-WEBSITE-ECOMMERCE-21.jpg?fit=1669%2C1123&ssl=1\",\"datePublished\":\"2022-12-11T16:01:31+00:00\",\"breadcrumb\":{\"@id\":\"https:\/\/dtr.ma\/fr\/produit\/mise-en-place-dune-boutique-shopify\/#breadcrumb\"},\"inLanguage\":\"fr-FR\",\"potentialAction\":[{\"@type\":\"ReadAction\",\"target\":[\"https:\/\/dtr.ma\/fr\/produit\/mise-en-place-dune-boutique-shopify\/\"]}]},{\"@type\":\"ImageObject\",\"inLanguage\":\"fr-FR\",\"@id\":\"https:\/\/dtr.ma\/fr\/produit\/mise-en-place-dune-boutique-shopify\/#primaryimage\",\"url\":\"https:\/\/i0.wp.com\/dtr.ma\/wp-content\/uploads\/2022\/12\/DTR-SERVICES-ICONES-WEBSITE-ECOMMERCE-21.jpg?fit=1669%2C1123&ssl=1\",\"contentUrl\":\"https:\/\/i0.wp.com\/dtr.ma\/wp-content\/uploads\/2022\/12\/DTR-SERVICES-ICONES-WEBSITE-ECOMMERCE-21.jpg?fit=1669%2C1123&ssl=1\",\"width\":1669,\"height\":1123},{\"@type\":\"BreadcrumbList\",\"@id\":\"https:\/\/dtr.ma\/fr\/produit\/mise-en-place-dune-boutique-shopify\/#breadcrumb\",\"itemListElement\":[{\"@type\":\"ListItem\",\"position\":1,\"name\":\"Home\",\"item\":\"https:\/\/dtr.ma\/fr\/\"},{\"@type\":\"ListItem\",\"position\":2,\"name\":\"Boutique\",\"item\":\"https:\/\/dtr.ma\/fr\/boutique\/\"},{\"@type\":\"ListItem\",\"position\":3,\"name\":\"Mise en place d&#8217;une boutique Shopify\"}]},{\"@type\":\"WebSite\",\"@id\":\"https:\/\/dtr.ma\/fr\/#website\",\"url\":\"https:\/\/dtr.ma\/fr\/\",\"name\":\"DTR\",\"description\":\"Smart Business Solutions\",\"publisher\":{\"@id\":\"https:\/\/dtr.ma\/fr\/#organization\"},\"potentialAction\":[{\"@type\":\"SearchAction\",\"target\":{\"@type\":\"EntryPoint\",\"urlTemplate\":\"https:\/\/dtr.ma\/fr\/?s={search_term_string}\"},\"query-input\":{\"@type\":\"PropertyValueSpecification\",\"valueRequired\":true,\"valueName\":\"search_term_string\"}}],\"inLanguage\":\"fr-FR\"},{\"@type\":\"Organization\",\"@id\":\"https:\/\/dtr.ma\/fr\/#organization\",\"name\":\"DTR\",\"url\":\"https:\/\/dtr.ma\/fr\/\",\"logo\":{\"@type\":\"ImageObject\",\"inLanguage\":\"fr-FR\",\"@id\":\"https:\/\/dtr.ma\/fr\/#\/schema\/logo\/image\/\",\"url\":\"https:\/\/dtr.ma\/wp-content\/uploads\/2024\/11\/DTR-LOGO.svg\",\"contentUrl\":\"https:\/\/dtr.ma\/wp-content\/uploads\/2024\/11\/DTR-LOGO.svg\",\"width\":1528,\"height\":697,\"caption\":\"DTR\"},\"image\":{\"@id\":\"https:\/\/dtr.ma\/fr\/#\/schema\/logo\/image\/\"}}]}<\/script>\n<!-- \/ Yoast SEO Premium plugin. -->","yoast_head_json":{"title":"Mise en place d'une boutique Shopify - DTR","robots":{"index":"index","follow":"follow","max-snippet":"max-snippet:-1","max-image-preview":"max-image-preview:large","max-video-preview":"max-video-preview:-1"},"canonical":"https:\/\/dtr.ma\/fr\/produit\/mise-en-place-dune-boutique-shopify\/","og_locale":"fr_FR","og_type":"article","og_title":"Mise en place d'une boutique Shopify","og_description":"Des sites professionnels Shopify pr\u00eats \u00e0 l'emploi pour lancer rapidement et facilement votre boutique en ligne. Contactez-nous d\u00e8s aujourd'hui et laissez-nous vous aider \u00e0 lancer votre boutique en ligne avec un site Shopify personnalisable et convivial.","og_url":"https:\/\/dtr.ma\/fr\/produit\/mise-en-place-dune-boutique-shopify\/","og_site_name":"DTR","og_image":[{"width":1669,"height":1123,"url":"https:\/\/i0.wp.com\/dtr.ma\/wp-content\/uploads\/2022\/12\/DTR-SERVICES-ICONES-WEBSITE-ECOMMERCE-21.jpg?fit=1669%2C1123&ssl=1","type":"image\/jpeg"}],"twitter_card":"summary_large_image","twitter_misc":{"Dur\u00e9e de lecture estim\u00e9e":"2 minutes"},"schema":{"@context":"https:\/\/schema.org","@graph":[{"@type":"WebPage","@id":"https:\/\/dtr.ma\/fr\/produit\/mise-en-place-dune-boutique-shopify\/","url":"https:\/\/dtr.ma\/fr\/produit\/mise-en-place-dune-boutique-shopify\/","name":"Mise en place d'une boutique Shopify - DTR","isPartOf":{"@id":"https:\/\/dtr.ma\/fr\/#website"},"primaryImageOfPage":{"@id":"https:\/\/dtr.ma\/fr\/produit\/mise-en-place-dune-boutique-shopify\/#primaryimage"},"image":{"@id":"https:\/\/dtr.ma\/fr\/produit\/mise-en-place-dune-boutique-shopify\/#primaryimage"},"thumbnailUrl":"https:\/\/i0.wp.com\/dtr.ma\/wp-content\/uploads\/2022\/12\/DTR-SERVICES-ICONES-WEBSITE-ECOMMERCE-21.jpg?fit=1669%2C1123&ssl=1","datePublished":"2022-12-11T16:01:31+00:00","breadcrumb":{"@id":"https:\/\/dtr.ma\/fr\/produit\/mise-en-place-dune-boutique-shopify\/#breadcrumb"},"inLanguage":"fr-FR","potentialAction":[{"@type":"ReadAction","target":["https:\/\/dtr.ma\/fr\/produit\/mise-en-place-dune-boutique-shopify\/"]}]},{"@type":"ImageObject","inLanguage":"fr-FR","@id":"https:\/\/dtr.ma\/fr\/produit\/mise-en-place-dune-boutique-shopify\/#primaryimage","url":"https:\/\/i0.wp.com\/dtr.ma\/wp-content\/uploads\/2022\/12\/DTR-SERVICES-ICONES-WEBSITE-ECOMMERCE-21.jpg?fit=1669%2C1123&ssl=1","contentUrl":"https:\/\/i0.wp.com\/dtr.ma\/wp-content\/uploads\/2022\/12\/DTR-SERVICES-ICONES-WEBSITE-ECOMMERCE-21.jpg?fit=1669%2C1123&ssl=1","width":1669,"height":1123},{"@type":"BreadcrumbList","@id":"https:\/\/dtr.ma\/fr\/produit\/mise-en-place-dune-boutique-shopify\/#breadcrumb","itemListElement":[{"@type":"ListItem","position":1,"name":"Home","item":"https:\/\/dtr.ma\/fr\/"},{"@type":"ListItem","position":2,"name":"Boutique","item":"https:\/\/dtr.ma\/fr\/boutique\/"},{"@type":"ListItem","position":3,"name":"Mise en place d&#8217;une boutique Shopify"}]},{"@type":"WebSite","@id":"https:\/\/dtr.ma\/fr\/#website","url":"https:\/\/dtr.ma\/fr\/","name":"DTR","description":"Smart Business Solutions","publisher":{"@id":"https:\/\/dtr.ma\/fr\/#organization"},"potentialAction":[{"@type":"SearchAction","target":{"@type":"EntryPoint","urlTemplate":"https:\/\/dtr.ma\/fr\/?s={search_term_string}"},"query-input":{"@type":"PropertyValueSpecification","valueRequired":true,"valueName":"search_term_string"}}],"inLanguage":"fr-FR"},{"@type":"Organization","@id":"https:\/\/dtr.ma\/fr\/#organization","name":"DTR","url":"https:\/\/dtr.ma\/fr\/","logo":{"@type":"ImageObject","inLanguage":"fr-FR","@id":"https:\/\/dtr.ma\/fr\/#\/schema\/logo\/image\/","url":"https:\/\/dtr.ma\/wp-content\/uploads\/2024\/11\/DTR-LOGO.svg","contentUrl":"https:\/\/dtr.ma\/wp-content\/uploads\/2024\/11\/DTR-LOGO.svg","width":1528,"height":697,"caption":"DTR"},"image":{"@id":"https:\/\/dtr.ma\/fr\/#\/schema\/logo\/image\/"}}]}},"jetpack_sharing_enabled":true,"_links":{"self":[{"href":"https:\/\/dtr.ma\/fr\/wp-json\/wp\/v2\/product\/3555","targetHints":{"allow":["GET"]}}],"collection":[{"href":"https:\/\/dtr.ma\/fr\/wp-json\/wp\/v2\/product"}],"about":[{"href":"https:\/\/dtr.ma\/fr\/wp-json\/wp\/v2\/types\/product"}],"version-history":[{"count":0,"href":"https:\/\/dtr.ma\/fr\/wp-json\/wp\/v2\/product\/3555\/revisions"}],"wp:featuredmedia":[{"embeddable":true,"href":"https:\/\/dtr.ma\/fr\/wp-json\/wp\/v2\/media\/2791"}],"wp:attachment":[{"href":"https:\/\/dtr.ma\/fr\/wp-json\/wp\/v2\/media?parent=3555"}],"wp:term":[{"taxonomy":"product_brand","embeddable":true,"href":"https:\/\/dtr.ma\/fr\/wp-json\/wp\/v2\/product_brand?post=3555"},{"taxonomy":"product_cat","embeddable":true,"href":"https:\/\/dtr.ma\/fr\/wp-json\/wp\/v2\/product_cat?post=3555"},{"taxonomy":"product_tag","embeddable":true,"href":"https:\/\/dtr.ma\/fr\/wp-json\/wp\/v2\/product_tag?post=3555"}],"curies":[{"name":"wp","href":"https:\/\/api.w.org\/{rel}","templated":true}]}}