{"id":3558,"date":"2025-01-14T15:49:27","date_gmt":"2025-01-14T15:49:27","guid":{"rendered":"https:\/\/dtr.ma\/product\/serveurs-pour-les-besoins-des-professionnels-et-des-entreprises\/"},"modified":"2025-01-14T15:49:27","modified_gmt":"2025-01-14T15:49:27","slug":"serveurs-pour-les-besoins-des-professionnels-et-des-entreprises","status":"publish","type":"product","link":"https:\/\/dtr.ma\/fr\/produit\/serveurs-pour-les-besoins-des-professionnels-et-des-entreprises\/","title":{"rendered":"Serveurs pour les besoins des professionnels et des entreprises"},"content":{"rendered":"<p>D\u00e9couvrez notre s\u00e9lection compl\u00e8te de <strong>serveurs<\/strong>, con\u00e7us pour offrir des performances, une fiabilit\u00e9 et une \u00e9volutivit\u00e9 exceptionnelles aux entreprises de toutes tailles. Nous proposons des produits de grandes marques telles que <strong>Dell, HPE, Lenovo, Cisco et Supermicro<\/strong>, garantissant ainsi une qualit\u00e9 irr\u00e9prochable et des performances fiables. Nos serveurs r\u00e9pondent \u00e0 une grande vari\u00e9t\u00e9 de besoins, que vous soyez \u00e0 la recherche de : <\/p>\n<ul>\n<li><strong>Serveurs en rack :<\/strong> Id\u00e9al pour les centres de donn\u00e9es dont l&#8217;utilisation de l&#8217;espace est optimis\u00e9e.<\/li>\n<li><strong>Serveurs en tour :<\/strong> Polyvalents et rentables pour les petites et moyennes entreprises.<\/li>\n<li><strong>Serveurs lames :<\/strong> Haute densit\u00e9 et efficacit\u00e9 \u00e9nerg\u00e9tique pour l&#8217;informatique avanc\u00e9e.<\/li>\n<li><strong>Serveurs haute performance :<\/strong> Con\u00e7us pour les charges de travail d&#8217;intelligence artificielle, la virtualisation et les applications \u00e0 grande \u00e9chelle.<\/li>\n<\/ul>\n<p><strong>Sp\u00e9cifications disponibles :<\/strong><\/p>\n<ul>\n<li>Options de processeurs, dont <strong>Intel Xeon<\/strong> et <strong>AMD EPYC<\/strong>, pour une puissance de calcul sup\u00e9rieure.<\/li>\n<li>Configurations de m\u00e9moire jusqu&#8217;\u00e0 <strong>2 To de RAM DDR4\/DDR5 ECC<\/strong> pour un multit\u00e2che transparent.<\/li>\n<li>Flexibilit\u00e9 du stockage avec des <strong>options SSD, NVMe et SAS<\/strong> prenant en charge les configurations RAID.<\/li>\n<li>Capacit\u00e9s de mise en r\u00e9seau avec une <strong>connectivit\u00e9 10GbE ou 25GbE<\/strong> pour un transfert de donn\u00e9es rapide.<\/li>\n<li>Blocs d&#8217;alimentation personnalisables (redondants et \u00e9conomes en \u00e9nergie).<\/li>\n<\/ul>\n<p>Nous vous conseillons \u00e9galement sur la taille des serveurs en fonction de votre infrastructure, depuis les <strong>unit\u00e9s de rack<\/strong> compactes <strong>1U et 2U<\/strong> jusqu&#8217;aux serveurs tour autonomes. Chaque produit est soumis \u00e0 des tests de qualit\u00e9 rigoureux afin de garantir sa durabilit\u00e9 et ses performances en cas de charges de travail critiques. <\/p>\n","protected":false},"excerpt":{"rendered":"<p class=\"p1\">D\u00e9couvrez une large gamme de serveurs de haute qualit\u00e9 con\u00e7us pour r\u00e9pondre aux divers besoins des entreprises. Nous proposons des options de grandes marques avec des configurations personnalisables en termes de performances, de stockage et de taille. Contactez-nous pour obtenir l&#8217;aide d&#8217;un expert dans le choix du serveur adapt\u00e9 \u00e0 vos besoins.  <\/p>\n<p>.<\/p>\n","protected":false},"featured_media":3230,"template":"","meta":{"_mo_disable_npp":"","om_disable_all_campaigns":false,"inline_featured_image":false,"_monsterinsights_skip_tracking":false,"_monsterinsights_sitenote_active":false,"_monsterinsights_sitenote_note":"","_monsterinsights_sitenote_category":0,"_uf_show_specific_survey":0,"_uf_disable_surveys":false},"product_brand":[],"product_cat":[110,109],"product_tag":[],"class_list":{"0":"post-3558","1":"product","2":"type-product","3":"status-publish","4":"has-post-thumbnail","6":"product_cat-produits","7":"product_cat-solutions-informatiques","9":"first","10":"instock","11":"shipping-taxable","12":"product-type-simple"},"yoast_head":"<!-- This site is optimized with the Yoast SEO Premium plugin v20.13 (Yoast SEO v25.9) - https:\/\/yoast.com\/wordpress\/plugins\/seo\/ -->\n<title>Serveurs pour les besoins des professionnels et des entreprises - DTR<\/title>\n<meta name=\"robots\" content=\"index, follow, max-snippet:-1, max-image-preview:large, max-video-preview:-1\" \/>\n<link rel=\"canonical\" href=\"https:\/\/dtr.ma\/fr\/produit\/serveurs-pour-les-besoins-des-professionnels-et-des-entreprises\/\" \/>\n<meta property=\"og:locale\" content=\"fr_FR\" \/>\n<meta property=\"og:type\" content=\"article\" \/>\n<meta property=\"og:title\" content=\"Serveurs pour les besoins des professionnels et des entreprises\" \/>\n<meta property=\"og:description\" content=\"D\u00e9couvrez une large gamme de serveurs de haute qualit\u00e9 con\u00e7us pour r\u00e9pondre aux divers besoins des entreprises. Nous proposons des options de grandes marques avec des configurations personnalisables en termes de performances, de stockage et de taille. Contactez-nous pour obtenir l&#039;aide d&#039;un expert dans le choix du serveur adapt\u00e9 \u00e0 vos besoins.  .\" \/>\n<meta property=\"og:url\" content=\"https:\/\/dtr.ma\/fr\/produit\/serveurs-pour-les-besoins-des-professionnels-et-des-entreprises\/\" \/>\n<meta property=\"og:site_name\" content=\"DTR\" \/>\n<meta property=\"og:image\" content=\"https:\/\/i0.wp.com\/dtr.ma\/wp-content\/uploads\/2025\/01\/serveur-Artboard-2-copy-2-100.jpg?fit=2001%2C1348&ssl=1\" \/>\n\t<meta property=\"og:image:width\" content=\"2001\" \/>\n\t<meta property=\"og:image:height\" content=\"1348\" \/>\n\t<meta property=\"og:image:type\" content=\"image\/jpeg\" \/>\n<meta name=\"twitter:card\" content=\"summary_large_image\" \/>\n<meta name=\"twitter:label1\" content=\"Dur\u00e9e de lecture estim\u00e9e\" \/>\n\t<meta name=\"twitter:data1\" content=\"1 minute\" \/>\n<script type=\"application\/ld+json\" class=\"yoast-schema-graph\">{\"@context\":\"https:\/\/schema.org\",\"@graph\":[{\"@type\":\"WebPage\",\"@id\":\"https:\/\/dtr.ma\/fr\/produit\/serveurs-pour-les-besoins-des-professionnels-et-des-entreprises\/\",\"url\":\"https:\/\/dtr.ma\/fr\/produit\/serveurs-pour-les-besoins-des-professionnels-et-des-entreprises\/\",\"name\":\"Serveurs pour les besoins des professionnels et des entreprises - DTR\",\"isPartOf\":{\"@id\":\"https:\/\/dtr.ma\/fr\/#website\"},\"primaryImageOfPage\":{\"@id\":\"https:\/\/dtr.ma\/fr\/produit\/serveurs-pour-les-besoins-des-professionnels-et-des-entreprises\/#primaryimage\"},\"image\":{\"@id\":\"https:\/\/dtr.ma\/fr\/produit\/serveurs-pour-les-besoins-des-professionnels-et-des-entreprises\/#primaryimage\"},\"thumbnailUrl\":\"https:\/\/i0.wp.com\/dtr.ma\/wp-content\/uploads\/2025\/01\/serveur-Artboard-2-copy-2-100.jpg?fit=2001%2C1348&ssl=1\",\"datePublished\":\"2025-01-14T15:49:27+00:00\",\"breadcrumb\":{\"@id\":\"https:\/\/dtr.ma\/fr\/produit\/serveurs-pour-les-besoins-des-professionnels-et-des-entreprises\/#breadcrumb\"},\"inLanguage\":\"fr-FR\",\"potentialAction\":[{\"@type\":\"ReadAction\",\"target\":[\"https:\/\/dtr.ma\/fr\/produit\/serveurs-pour-les-besoins-des-professionnels-et-des-entreprises\/\"]}]},{\"@type\":\"ImageObject\",\"inLanguage\":\"fr-FR\",\"@id\":\"https:\/\/dtr.ma\/fr\/produit\/serveurs-pour-les-besoins-des-professionnels-et-des-entreprises\/#primaryimage\",\"url\":\"https:\/\/i0.wp.com\/dtr.ma\/wp-content\/uploads\/2025\/01\/serveur-Artboard-2-copy-2-100.jpg?fit=2001%2C1348&ssl=1\",\"contentUrl\":\"https:\/\/i0.wp.com\/dtr.ma\/wp-content\/uploads\/2025\/01\/serveur-Artboard-2-copy-2-100.jpg?fit=2001%2C1348&ssl=1\",\"width\":2001,\"height\":1348},{\"@type\":\"BreadcrumbList\",\"@id\":\"https:\/\/dtr.ma\/fr\/produit\/serveurs-pour-les-besoins-des-professionnels-et-des-entreprises\/#breadcrumb\",\"itemListElement\":[{\"@type\":\"ListItem\",\"position\":1,\"name\":\"Home\",\"item\":\"https:\/\/dtr.ma\/fr\/\"},{\"@type\":\"ListItem\",\"position\":2,\"name\":\"Boutique\",\"item\":\"https:\/\/dtr.ma\/fr\/boutique\/\"},{\"@type\":\"ListItem\",\"position\":3,\"name\":\"Serveurs pour les besoins des professionnels et des entreprises\"}]},{\"@type\":\"WebSite\",\"@id\":\"https:\/\/dtr.ma\/fr\/#website\",\"url\":\"https:\/\/dtr.ma\/fr\/\",\"name\":\"DTR\",\"description\":\"Smart Business Solutions\",\"publisher\":{\"@id\":\"https:\/\/dtr.ma\/fr\/#organization\"},\"potentialAction\":[{\"@type\":\"SearchAction\",\"target\":{\"@type\":\"EntryPoint\",\"urlTemplate\":\"https:\/\/dtr.ma\/fr\/?s={search_term_string}\"},\"query-input\":{\"@type\":\"PropertyValueSpecification\",\"valueRequired\":true,\"valueName\":\"search_term_string\"}}],\"inLanguage\":\"fr-FR\"},{\"@type\":\"Organization\",\"@id\":\"https:\/\/dtr.ma\/fr\/#organization\",\"name\":\"DTR\",\"url\":\"https:\/\/dtr.ma\/fr\/\",\"logo\":{\"@type\":\"ImageObject\",\"inLanguage\":\"fr-FR\",\"@id\":\"https:\/\/dtr.ma\/fr\/#\/schema\/logo\/image\/\",\"url\":\"https:\/\/dtr.ma\/wp-content\/uploads\/2024\/11\/DTR-LOGO.svg\",\"contentUrl\":\"https:\/\/dtr.ma\/wp-content\/uploads\/2024\/11\/DTR-LOGO.svg\",\"width\":1528,\"height\":697,\"caption\":\"DTR\"},\"image\":{\"@id\":\"https:\/\/dtr.ma\/fr\/#\/schema\/logo\/image\/\"}}]}<\/script>\n<!-- \/ Yoast SEO Premium plugin. -->","yoast_head_json":{"title":"Serveurs pour les besoins des professionnels et des entreprises - DTR","robots":{"index":"index","follow":"follow","max-snippet":"max-snippet:-1","max-image-preview":"max-image-preview:large","max-video-preview":"max-video-preview:-1"},"canonical":"https:\/\/dtr.ma\/fr\/produit\/serveurs-pour-les-besoins-des-professionnels-et-des-entreprises\/","og_locale":"fr_FR","og_type":"article","og_title":"Serveurs pour les besoins des professionnels et des entreprises","og_description":"D\u00e9couvrez une large gamme de serveurs de haute qualit\u00e9 con\u00e7us pour r\u00e9pondre aux divers besoins des entreprises. Nous proposons des options de grandes marques avec des configurations personnalisables en termes de performances, de stockage et de taille. Contactez-nous pour obtenir l'aide d'un expert dans le choix du serveur adapt\u00e9 \u00e0 vos besoins.  .","og_url":"https:\/\/dtr.ma\/fr\/produit\/serveurs-pour-les-besoins-des-professionnels-et-des-entreprises\/","og_site_name":"DTR","og_image":[{"width":2001,"height":1348,"url":"https:\/\/i0.wp.com\/dtr.ma\/wp-content\/uploads\/2025\/01\/serveur-Artboard-2-copy-2-100.jpg?fit=2001%2C1348&ssl=1","type":"image\/jpeg"}],"twitter_card":"summary_large_image","twitter_misc":{"Dur\u00e9e de lecture estim\u00e9e":"1 minute"},"schema":{"@context":"https:\/\/schema.org","@graph":[{"@type":"WebPage","@id":"https:\/\/dtr.ma\/fr\/produit\/serveurs-pour-les-besoins-des-professionnels-et-des-entreprises\/","url":"https:\/\/dtr.ma\/fr\/produit\/serveurs-pour-les-besoins-des-professionnels-et-des-entreprises\/","name":"Serveurs pour les besoins des professionnels et des entreprises - DTR","isPartOf":{"@id":"https:\/\/dtr.ma\/fr\/#website"},"primaryImageOfPage":{"@id":"https:\/\/dtr.ma\/fr\/produit\/serveurs-pour-les-besoins-des-professionnels-et-des-entreprises\/#primaryimage"},"image":{"@id":"https:\/\/dtr.ma\/fr\/produit\/serveurs-pour-les-besoins-des-professionnels-et-des-entreprises\/#primaryimage"},"thumbnailUrl":"https:\/\/i0.wp.com\/dtr.ma\/wp-content\/uploads\/2025\/01\/serveur-Artboard-2-copy-2-100.jpg?fit=2001%2C1348&ssl=1","datePublished":"2025-01-14T15:49:27+00:00","breadcrumb":{"@id":"https:\/\/dtr.ma\/fr\/produit\/serveurs-pour-les-besoins-des-professionnels-et-des-entreprises\/#breadcrumb"},"inLanguage":"fr-FR","potentialAction":[{"@type":"ReadAction","target":["https:\/\/dtr.ma\/fr\/produit\/serveurs-pour-les-besoins-des-professionnels-et-des-entreprises\/"]}]},{"@type":"ImageObject","inLanguage":"fr-FR","@id":"https:\/\/dtr.ma\/fr\/produit\/serveurs-pour-les-besoins-des-professionnels-et-des-entreprises\/#primaryimage","url":"https:\/\/i0.wp.com\/dtr.ma\/wp-content\/uploads\/2025\/01\/serveur-Artboard-2-copy-2-100.jpg?fit=2001%2C1348&ssl=1","contentUrl":"https:\/\/i0.wp.com\/dtr.ma\/wp-content\/uploads\/2025\/01\/serveur-Artboard-2-copy-2-100.jpg?fit=2001%2C1348&ssl=1","width":2001,"height":1348},{"@type":"BreadcrumbList","@id":"https:\/\/dtr.ma\/fr\/produit\/serveurs-pour-les-besoins-des-professionnels-et-des-entreprises\/#breadcrumb","itemListElement":[{"@type":"ListItem","position":1,"name":"Home","item":"https:\/\/dtr.ma\/fr\/"},{"@type":"ListItem","position":2,"name":"Boutique","item":"https:\/\/dtr.ma\/fr\/boutique\/"},{"@type":"ListItem","position":3,"name":"Serveurs pour les besoins des professionnels et des entreprises"}]},{"@type":"WebSite","@id":"https:\/\/dtr.ma\/fr\/#website","url":"https:\/\/dtr.ma\/fr\/","name":"DTR","description":"Smart Business Solutions","publisher":{"@id":"https:\/\/dtr.ma\/fr\/#organization"},"potentialAction":[{"@type":"SearchAction","target":{"@type":"EntryPoint","urlTemplate":"https:\/\/dtr.ma\/fr\/?s={search_term_string}"},"query-input":{"@type":"PropertyValueSpecification","valueRequired":true,"valueName":"search_term_string"}}],"inLanguage":"fr-FR"},{"@type":"Organization","@id":"https:\/\/dtr.ma\/fr\/#organization","name":"DTR","url":"https:\/\/dtr.ma\/fr\/","logo":{"@type":"ImageObject","inLanguage":"fr-FR","@id":"https:\/\/dtr.ma\/fr\/#\/schema\/logo\/image\/","url":"https:\/\/dtr.ma\/wp-content\/uploads\/2024\/11\/DTR-LOGO.svg","contentUrl":"https:\/\/dtr.ma\/wp-content\/uploads\/2024\/11\/DTR-LOGO.svg","width":1528,"height":697,"caption":"DTR"},"image":{"@id":"https:\/\/dtr.ma\/fr\/#\/schema\/logo\/image\/"}}]}},"jetpack_sharing_enabled":true,"_links":{"self":[{"href":"https:\/\/dtr.ma\/fr\/wp-json\/wp\/v2\/product\/3558","targetHints":{"allow":["GET"]}}],"collection":[{"href":"https:\/\/dtr.ma\/fr\/wp-json\/wp\/v2\/product"}],"about":[{"href":"https:\/\/dtr.ma\/fr\/wp-json\/wp\/v2\/types\/product"}],"version-history":[{"count":0,"href":"https:\/\/dtr.ma\/fr\/wp-json\/wp\/v2\/product\/3558\/revisions"}],"wp:featuredmedia":[{"embeddable":true,"href":"https:\/\/dtr.ma\/fr\/wp-json\/wp\/v2\/media\/3230"}],"wp:attachment":[{"href":"https:\/\/dtr.ma\/fr\/wp-json\/wp\/v2\/media?parent=3558"}],"wp:term":[{"taxonomy":"product_brand","embeddable":true,"href":"https:\/\/dtr.ma\/fr\/wp-json\/wp\/v2\/product_brand?post=3558"},{"taxonomy":"product_cat","embeddable":true,"href":"https:\/\/dtr.ma\/fr\/wp-json\/wp\/v2\/product_cat?post=3558"},{"taxonomy":"product_tag","embeddable":true,"href":"https:\/\/dtr.ma\/fr\/wp-json\/wp\/v2\/product_tag?post=3558"}],"curies":[{"name":"wp","href":"https:\/\/api.w.org\/{rel}","templated":true}]}}