{"id":3560,"date":"2025-01-14T23:20:37","date_gmt":"2025-01-14T23:20:37","guid":{"rendered":"https:\/\/dtr.ma\/product\/recherche-de-noms-et-de-domaines\/"},"modified":"2025-01-14T23:20:37","modified_gmt":"2025-01-14T23:20:37","slug":"recherche-de-noms-et-de-domaines","status":"publish","type":"product","link":"https:\/\/dtr.ma\/fr\/produit\/recherche-de-noms-et-de-domaines\/","title":{"rendered":"Recherche de noms et de domaines"},"content":{"rendered":"<p>Vous \u00eates \u00e0 la recherche d&#8217;un nom qui repr\u00e9sente v\u00e9ritablement votre marque et qui trouve un \u00e9cho aupr\u00e8s de votre public cible ? Notre service de <strong>recherche de noms et de noms de domaine<\/strong> est con\u00e7u pour vous offrir une flexibilit\u00e9 et une personnalisation optimales. Nous commen\u00e7ons par un <strong>brainstorming et nous affinons des<\/strong> id\u00e9es de noms percutants qui correspondent \u00e0 vos objectifs, \u00e0 votre style et \u00e0 votre march\u00e9. Ensuite, nous <strong>recherchons et s\u00e9curisons<\/strong> un nom de domaine disponible qui s&#8217;int\u00e8gre parfaitement \u00e0 l&#8217;identit\u00e9 de votre marque. Notre processus met l&#8217;accent sur des <strong>normes de haute qualit\u00e9<\/strong> \u00e0 chaque \u00e9tape, de l&#8217;analyse approfondie de l&#8217;audience et de la concurrence \u00e0 la v\u00e9rification minutieuse de la disponibilit\u00e9, afin de vous garantir un nom m\u00e9morable, conforme \u00e0 la marque et juridiquement viable. Que vous soyez une startup en train de cr\u00e9er votre premi\u00e8re identit\u00e9 de marque ou une entreprise \u00e9tablie \u00e0 la recherche d&#8217;un rafra\u00eechissement, nous sommes l\u00e0 pour rendre votre voyage vers le nom parfait simple, personnalisable et ax\u00e9 sur les r\u00e9sultats.   <\/p>\n<h4>Ce qui est inclus :<\/h4>\n<ul>\n<li><strong>Remue-m\u00e9ninges sur les noms de marque<\/strong><br \/>\nNous vous pr\u00e9sentons une liste de noms cr\u00e9atifs et significatifs, chacun \u00e9tant soigneusement analys\u00e9 en fonction de l&#8217;alignement de la marque et de l&#8217;originalit\u00e9.<\/li>\n<li><strong>Recherche de noms de domaine<\/strong><br \/>\nNous effectuons des recherches approfondies pour confirmer la disponibilit\u00e9 des domaines et sugg\u00e9rer des alternatives pertinentes afin de garantir une pr\u00e9sence num\u00e9rique parfaite.<\/li>\n<li><strong>Analyse des marques et des concurrents<\/strong> <em>(optionnel)<\/em><br \/>\nPour une plus grande tranquillit\u00e9 d&#8217;esprit, nous pouvons envisager des v\u00e9rifications des marques et des analyses des concurrents.<\/li>\n<\/ul>\n<h4>Pourquoi nous choisir ?<\/h4>\n<ul>\n<li><strong>Des choix flexibles :<\/strong> Collaborez \u00e9troitement avec nos experts pour affiner et finaliser le nom que vous aimez.<\/li>\n<li><strong>Personnalisation :<\/strong> Adaptez chaque aspect de la recherche de nom et de domaine \u00e0 l&#8217;image de votre marque.<\/li>\n<li><strong>Des normes de haute qualit\u00e9 :<\/strong> B\u00e9n\u00e9ficiez d&#8217;une recherche professionnelle, d&#8217;une connaissance du secteur et d&#8217;une attention m\u00e9ticuleuse aux d\u00e9tails.<\/li>\n<\/ul>\n","protected":false},"excerpt":{"rendered":"<p>D\u00e9couvrez l&#8217;identit\u00e9 de marque parfaite gr\u00e2ce \u00e0 notre service de d\u00e9couverte de noms et de noms de domaine. Nous r\u00e9fl\u00e9chissons \u00e0 des noms de marque accrocheurs et m\u00e9morables, adapt\u00e9s \u00e0 votre vision, puis nous s\u00e9curisons le domaine id\u00e9al pour aider votre entreprise \u00e0 se d\u00e9marquer en ligne. <\/p>\n","protected":false},"featured_media":2776,"template":"","meta":{"_mo_disable_npp":"","om_disable_all_campaigns":false,"inline_featured_image":false,"_monsterinsights_skip_tracking":false,"_monsterinsights_sitenote_active":false,"_monsterinsights_sitenote_note":"","_monsterinsights_sitenote_category":0,"_uf_show_specific_survey":0,"_uf_disable_surveys":false},"product_brand":[],"product_cat":[100,99,106,103],"product_tag":[],"class_list":{"0":"post-3560","1":"product","2":"type-product","3":"status-publish","4":"has-post-thumbnail","6":"product_cat-projets","7":"product_cat-services-fr","8":"product_cat-services-dimage-de-marque","9":"product_cat-taches","11":"first","12":"instock","13":"sold-individually","14":"shipping-taxable","15":"purchasable","16":"product-type-simple"},"yoast_head":"<!-- This site is optimized with the Yoast SEO Premium plugin v20.13 (Yoast SEO v25.9) - https:\/\/yoast.com\/wordpress\/plugins\/seo\/ -->\n<title>Recherche de noms et de domaines - DTR<\/title>\n<meta name=\"robots\" content=\"index, follow, max-snippet:-1, max-image-preview:large, max-video-preview:-1\" \/>\n<link rel=\"canonical\" href=\"https:\/\/dtr.ma\/fr\/produit\/recherche-de-noms-et-de-domaines\/\" \/>\n<meta property=\"og:locale\" content=\"fr_FR\" \/>\n<meta property=\"og:type\" content=\"article\" \/>\n<meta property=\"og:title\" content=\"Recherche de noms et de domaines\" \/>\n<meta property=\"og:description\" content=\"D\u00e9couvrez l&#039;identit\u00e9 de marque parfaite gr\u00e2ce \u00e0 notre service de d\u00e9couverte de noms et de noms de domaine. Nous r\u00e9fl\u00e9chissons \u00e0 des noms de marque accrocheurs et m\u00e9morables, adapt\u00e9s \u00e0 votre vision, puis nous s\u00e9curisons le domaine id\u00e9al pour aider votre entreprise \u00e0 se d\u00e9marquer en ligne.\" \/>\n<meta property=\"og:url\" content=\"https:\/\/dtr.ma\/fr\/produit\/recherche-de-noms-et-de-domaines\/\" \/>\n<meta property=\"og:site_name\" content=\"DTR\" \/>\n<meta property=\"og:image\" content=\"https:\/\/i0.wp.com\/dtr.ma\/wp-content\/uploads\/2025\/01\/Temp-images5.jpg?fit=2048%2C1479&ssl=1\" \/>\n\t<meta property=\"og:image:width\" content=\"2048\" \/>\n\t<meta property=\"og:image:height\" content=\"1479\" \/>\n\t<meta property=\"og:image:type\" content=\"image\/jpeg\" \/>\n<meta name=\"twitter:card\" content=\"summary_large_image\" \/>\n<meta name=\"twitter:label1\" content=\"Dur\u00e9e de lecture estim\u00e9e\" \/>\n\t<meta name=\"twitter:data1\" content=\"2 minutes\" \/>\n<script type=\"application\/ld+json\" class=\"yoast-schema-graph\">{\"@context\":\"https:\/\/schema.org\",\"@graph\":[{\"@type\":\"WebPage\",\"@id\":\"https:\/\/dtr.ma\/fr\/produit\/recherche-de-noms-et-de-domaines\/\",\"url\":\"https:\/\/dtr.ma\/fr\/produit\/recherche-de-noms-et-de-domaines\/\",\"name\":\"Recherche de noms et de domaines - DTR\",\"isPartOf\":{\"@id\":\"https:\/\/dtr.ma\/fr\/#website\"},\"primaryImageOfPage\":{\"@id\":\"https:\/\/dtr.ma\/fr\/produit\/recherche-de-noms-et-de-domaines\/#primaryimage\"},\"image\":{\"@id\":\"https:\/\/dtr.ma\/fr\/produit\/recherche-de-noms-et-de-domaines\/#primaryimage\"},\"thumbnailUrl\":\"https:\/\/i0.wp.com\/dtr.ma\/wp-content\/uploads\/2022\/12\/flat-12.jpg?fit=1669%2C1123&ssl=1\",\"datePublished\":\"2025-01-14T23:20:37+00:00\",\"breadcrumb\":{\"@id\":\"https:\/\/dtr.ma\/fr\/produit\/recherche-de-noms-et-de-domaines\/#breadcrumb\"},\"inLanguage\":\"fr-FR\",\"potentialAction\":[{\"@type\":\"ReadAction\",\"target\":[\"https:\/\/dtr.ma\/fr\/produit\/recherche-de-noms-et-de-domaines\/\"]}]},{\"@type\":\"ImageObject\",\"inLanguage\":\"fr-FR\",\"@id\":\"https:\/\/dtr.ma\/fr\/produit\/recherche-de-noms-et-de-domaines\/#primaryimage\",\"url\":\"https:\/\/i0.wp.com\/dtr.ma\/wp-content\/uploads\/2022\/12\/flat-12.jpg?fit=1669%2C1123&ssl=1\",\"contentUrl\":\"https:\/\/i0.wp.com\/dtr.ma\/wp-content\/uploads\/2022\/12\/flat-12.jpg?fit=1669%2C1123&ssl=1\",\"width\":1669,\"height\":1123},{\"@type\":\"BreadcrumbList\",\"@id\":\"https:\/\/dtr.ma\/fr\/produit\/recherche-de-noms-et-de-domaines\/#breadcrumb\",\"itemListElement\":[{\"@type\":\"ListItem\",\"position\":1,\"name\":\"Home\",\"item\":\"https:\/\/dtr.ma\/fr\/\"},{\"@type\":\"ListItem\",\"position\":2,\"name\":\"Boutique\",\"item\":\"https:\/\/dtr.ma\/fr\/boutique\/\"},{\"@type\":\"ListItem\",\"position\":3,\"name\":\"Recherche de noms et de domaines\"}]},{\"@type\":\"WebSite\",\"@id\":\"https:\/\/dtr.ma\/fr\/#website\",\"url\":\"https:\/\/dtr.ma\/fr\/\",\"name\":\"DTR\",\"description\":\"Smart Business Solutions\",\"publisher\":{\"@id\":\"https:\/\/dtr.ma\/fr\/#organization\"},\"potentialAction\":[{\"@type\":\"SearchAction\",\"target\":{\"@type\":\"EntryPoint\",\"urlTemplate\":\"https:\/\/dtr.ma\/fr\/?s={search_term_string}\"},\"query-input\":{\"@type\":\"PropertyValueSpecification\",\"valueRequired\":true,\"valueName\":\"search_term_string\"}}],\"inLanguage\":\"fr-FR\"},{\"@type\":\"Organization\",\"@id\":\"https:\/\/dtr.ma\/fr\/#organization\",\"name\":\"DTR\",\"url\":\"https:\/\/dtr.ma\/fr\/\",\"logo\":{\"@type\":\"ImageObject\",\"inLanguage\":\"fr-FR\",\"@id\":\"https:\/\/dtr.ma\/fr\/#\/schema\/logo\/image\/\",\"url\":\"https:\/\/dtr.ma\/wp-content\/uploads\/2024\/11\/DTR-LOGO.svg\",\"contentUrl\":\"https:\/\/dtr.ma\/wp-content\/uploads\/2024\/11\/DTR-LOGO.svg\",\"width\":1528,\"height\":697,\"caption\":\"DTR\"},\"image\":{\"@id\":\"https:\/\/dtr.ma\/fr\/#\/schema\/logo\/image\/\"}}]}<\/script>\n<!-- \/ Yoast SEO Premium plugin. -->","yoast_head_json":{"title":"Recherche de noms et de domaines - DTR","robots":{"index":"index","follow":"follow","max-snippet":"max-snippet:-1","max-image-preview":"max-image-preview:large","max-video-preview":"max-video-preview:-1"},"canonical":"https:\/\/dtr.ma\/fr\/produit\/recherche-de-noms-et-de-domaines\/","og_locale":"fr_FR","og_type":"article","og_title":"Recherche de noms et de domaines","og_description":"D\u00e9couvrez l'identit\u00e9 de marque parfaite gr\u00e2ce \u00e0 notre service de d\u00e9couverte de noms et de noms de domaine. Nous r\u00e9fl\u00e9chissons \u00e0 des noms de marque accrocheurs et m\u00e9morables, adapt\u00e9s \u00e0 votre vision, puis nous s\u00e9curisons le domaine id\u00e9al pour aider votre entreprise \u00e0 se d\u00e9marquer en ligne.","og_url":"https:\/\/dtr.ma\/fr\/produit\/recherche-de-noms-et-de-domaines\/","og_site_name":"DTR","og_image":[{"width":2048,"height":1479,"url":"https:\/\/i0.wp.com\/dtr.ma\/wp-content\/uploads\/2025\/01\/Temp-images5.jpg?fit=2048%2C1479&ssl=1","type":"image\/jpeg"}],"twitter_card":"summary_large_image","twitter_misc":{"Dur\u00e9e de lecture estim\u00e9e":"2 minutes"},"schema":{"@context":"https:\/\/schema.org","@graph":[{"@type":"WebPage","@id":"https:\/\/dtr.ma\/fr\/produit\/recherche-de-noms-et-de-domaines\/","url":"https:\/\/dtr.ma\/fr\/produit\/recherche-de-noms-et-de-domaines\/","name":"Recherche de noms et de domaines - DTR","isPartOf":{"@id":"https:\/\/dtr.ma\/fr\/#website"},"primaryImageOfPage":{"@id":"https:\/\/dtr.ma\/fr\/produit\/recherche-de-noms-et-de-domaines\/#primaryimage"},"image":{"@id":"https:\/\/dtr.ma\/fr\/produit\/recherche-de-noms-et-de-domaines\/#primaryimage"},"thumbnailUrl":"https:\/\/i0.wp.com\/dtr.ma\/wp-content\/uploads\/2022\/12\/flat-12.jpg?fit=1669%2C1123&ssl=1","datePublished":"2025-01-14T23:20:37+00:00","breadcrumb":{"@id":"https:\/\/dtr.ma\/fr\/produit\/recherche-de-noms-et-de-domaines\/#breadcrumb"},"inLanguage":"fr-FR","potentialAction":[{"@type":"ReadAction","target":["https:\/\/dtr.ma\/fr\/produit\/recherche-de-noms-et-de-domaines\/"]}]},{"@type":"ImageObject","inLanguage":"fr-FR","@id":"https:\/\/dtr.ma\/fr\/produit\/recherche-de-noms-et-de-domaines\/#primaryimage","url":"https:\/\/i0.wp.com\/dtr.ma\/wp-content\/uploads\/2022\/12\/flat-12.jpg?fit=1669%2C1123&ssl=1","contentUrl":"https:\/\/i0.wp.com\/dtr.ma\/wp-content\/uploads\/2022\/12\/flat-12.jpg?fit=1669%2C1123&ssl=1","width":1669,"height":1123},{"@type":"BreadcrumbList","@id":"https:\/\/dtr.ma\/fr\/produit\/recherche-de-noms-et-de-domaines\/#breadcrumb","itemListElement":[{"@type":"ListItem","position":1,"name":"Home","item":"https:\/\/dtr.ma\/fr\/"},{"@type":"ListItem","position":2,"name":"Boutique","item":"https:\/\/dtr.ma\/fr\/boutique\/"},{"@type":"ListItem","position":3,"name":"Recherche de noms et de domaines"}]},{"@type":"WebSite","@id":"https:\/\/dtr.ma\/fr\/#website","url":"https:\/\/dtr.ma\/fr\/","name":"DTR","description":"Smart Business Solutions","publisher":{"@id":"https:\/\/dtr.ma\/fr\/#organization"},"potentialAction":[{"@type":"SearchAction","target":{"@type":"EntryPoint","urlTemplate":"https:\/\/dtr.ma\/fr\/?s={search_term_string}"},"query-input":{"@type":"PropertyValueSpecification","valueRequired":true,"valueName":"search_term_string"}}],"inLanguage":"fr-FR"},{"@type":"Organization","@id":"https:\/\/dtr.ma\/fr\/#organization","name":"DTR","url":"https:\/\/dtr.ma\/fr\/","logo":{"@type":"ImageObject","inLanguage":"fr-FR","@id":"https:\/\/dtr.ma\/fr\/#\/schema\/logo\/image\/","url":"https:\/\/dtr.ma\/wp-content\/uploads\/2024\/11\/DTR-LOGO.svg","contentUrl":"https:\/\/dtr.ma\/wp-content\/uploads\/2024\/11\/DTR-LOGO.svg","width":1528,"height":697,"caption":"DTR"},"image":{"@id":"https:\/\/dtr.ma\/fr\/#\/schema\/logo\/image\/"}}]}},"jetpack_sharing_enabled":true,"_links":{"self":[{"href":"https:\/\/dtr.ma\/fr\/wp-json\/wp\/v2\/product\/3560","targetHints":{"allow":["GET"]}}],"collection":[{"href":"https:\/\/dtr.ma\/fr\/wp-json\/wp\/v2\/product"}],"about":[{"href":"https:\/\/dtr.ma\/fr\/wp-json\/wp\/v2\/types\/product"}],"version-history":[{"count":0,"href":"https:\/\/dtr.ma\/fr\/wp-json\/wp\/v2\/product\/3560\/revisions"}],"wp:featuredmedia":[{"embeddable":true,"href":"https:\/\/dtr.ma\/fr\/wp-json\/wp\/v2\/media\/2776"}],"wp:attachment":[{"href":"https:\/\/dtr.ma\/fr\/wp-json\/wp\/v2\/media?parent=3560"}],"wp:term":[{"taxonomy":"product_brand","embeddable":true,"href":"https:\/\/dtr.ma\/fr\/wp-json\/wp\/v2\/product_brand?post=3560"},{"taxonomy":"product_cat","embeddable":true,"href":"https:\/\/dtr.ma\/fr\/wp-json\/wp\/v2\/product_cat?post=3560"},{"taxonomy":"product_tag","embeddable":true,"href":"https:\/\/dtr.ma\/fr\/wp-json\/wp\/v2\/product_tag?post=3560"}],"curies":[{"name":"wp","href":"https:\/\/api.w.org\/{rel}","templated":true}]}}